{"id":1660,"date":"2021-02-17T01:36:25","date_gmt":"2021-02-16T23:36:25","guid":{"rendered":"https:\/\/sachviet.eu\/shop\/open-the-windows-eyes-closed\/"},"modified":"2021-05-28T01:03:28","modified_gmt":"2021-05-27T22:03:28","slug":"open-the-windows-eyes-closed","status":"publish","type":"product","link":"https:\/\/sachviet.eu\/en\/shop\/open-the-windows-eyes-closed\/","title":{"rendered":"Open The Windows, Eyes Closed"},"content":{"rendered":"<p>Open The Window, Eyes Closed (T\u00e1i B\u1ea3n 2017)<\/p>\n<p>L\u1ea7n \u0111\u1ea7u ti\u00ean , n\u1ed7i bu\u1ed3n, th\u1eadm ch\u00ed c\u00e1i ch\u1ebft \u0111\u01b0\u1ee3c m\u00f4 t\u1ea3 m\u1ed9t c\u00e1ch kh\u00f4ng khoang nh\u01b0\u1ee3ng trong v\u0103n h\u1ecdc thi\u1ebfu nhi Vi\u1ec7t Nam. \u0110\u1ed3ng th\u1eddi l\u1ea1i th\u1ea5m \u0111\u1eabm t\u00ecnh y\u00eau, s\u1ef1 c\u1ea3m th\u00f4ng v\u00e0 l\u00f2ng tr\u1eafc \u1ea9n. Cu\u1ed1n s\u00e1ch \u0111\u01b0\u1ee3c c\u00e1c nh\u00e0 v\u0103n trong n\u01b0\u1edbc m\u1ec7nh danh l\u00e0 \u201cHo\u00e0ng t\u1eed b\u00e9\u201d c\u1ee7a Vi\u1ec7t Nam.<\/p>\n<p>C\u00e2u chuy\u1ec7n \u0111\u01b0\u1ee3c b\u1eaft \u0111\u1ea7u b\u1eb1ng s\u1ef1 ra \u0111\u1eddi c\u1ee7a m\u1ed9t c\u00e1i t\u00ean &#8211; nh\u01b0 m\u1ed9t \u00e2m thanh \u0111\u1eb9p nh\u1ea5t &#8211; v\u00e0 k\u1ebft th\u00fac d\u01b0\u1edbi b\u1ea7u tr\u1eddi \u0111\u1ea7y sao. N\u00f3 l\u00fd gi\u1ea3i t\u1ea1i sao khi nh\u1eefng g\u00ec th\u00e2n y\u00eau c\u1ee7a ch\u00fang ta ra \u0111i th\u00ec c\u0169ng gi\u1ed1ng nh\u01b0 vi\u1ec7c ta c\u1eaft l\u00eca t\u1eebng kho\u1ea3ng tr\u1eddi trong tr\u00e1i tim m\u00ecnh.<\/p>\n<p>C\u00e1c ch\u01b0\u01a1ng s\u00e1ch l\u00e0 nh\u1eefng c\u00e2u chuy\u1ec7n \u1ea9n d\u1ee5 v\u1ec1 \u00e2m nh\u1ea1c &#8211; b\u00e0 m\u1eb9 v\u0129 \u0111\u1ea1i nh\u1ea5t, v\u1ec1 ng\u00f3n tay &#8211; b\u00e0i h\u1ecdc th\u00e2n th\u1ec3 v\u00e0 s\u1ef1 ki\u00eau h\u00e3nh, v\u1ec1 khu v\u01b0\u1eddn &#8211; m\u1ed9t \u0111\u1ee9a tr\u1ebb ch\u1ec9 th\u1eadt s\u1ef1 l\u1edbn l\u00ean khi ch\u00fang \u0111i xuy\u00ean qua khu v\u01b0\u1eddn, r\u1ed3i t\u1eeb \u0111\u00f3 nh\u1eadn ra th\u1ebf gi\u1edbi kh\u00f4ng b\u1eb1ng th\u1ecb gi\u00e1c m\u00e0 b\u1eb1ng s\u1ef1 tr\u1ea3i nghi\u1ec7m nh\u1eefng gi\u00e1c quan kh\u00e1c c\u00f3 t\u00ednh ch\u1ea5t r\u1ed9ng l\u1edbn h\u01a1n&#8230;<\/p>\n<p>Sau khi xu\u1ea5t b\u1ea3n, cu\u1ed1n s\u00e1ch \u0111\u00e3 nh\u1eadn \u0111\u01b0\u1ee3c v\u00f4 s\u1ed1 l\u1eddi khen ng\u1ee3i t\u1eeb nhi\u1ec1u ph\u00eda, \u0111\u00e3 \u0111\u01b0a t\u00e1c gi\u1ea3, t\u1eeb m\u1ed9t ho\u1ea1 s\u0129 tr\u1edf th\u00e0nh m\u1ed9t nh\u00e0 v\u0103n \u0111\u01b0\u1ee3c ch\u00fa \u00fd tr\u00ean v\u0103n \u0111\u00e0n. Kh\u00f4ng ch\u1ec9 cho tr\u1ebb con, n\u00f3 c\u00f2n l\u00e0 t\u00e1c ph\u1ea9m vi\u1ebft cho tr\u1ebb con nh\u01b0ng l\u1ea1i \u0111\u01b0\u1ee3c ng\u01b0\u1eddi l\u1edbn t\u00ecm \u0111\u1ecdc nhi\u1ec1u nh\u1ea5t.<\/p>\n","protected":false},"excerpt":{"rendered":"<p>L\u1ea7n \u0111\u1ea7u ti\u00ean, n\u1ed7i bu\u1ed3n, th\u1eadm ch\u00ed c\u00e1i ch\u1ebft \u0111\u01b0\u1ee3c m\u00f4 t\u1ea3 m\u1ed9t c\u00e1ch kh\u00f4ng khoang nh\u01b0\u1ee3ng trong v\u0103n h\u1ecdc thi\u1ebfu nhi Vi\u1ec7t Nam. \u0110\u1ed3ng th\u1eddi l\u1ea1i th\u1ea5m \u0111\u1eabm t\u00ecnh y\u00eau, s\u1ef1 c\u1ea3m th\u00f4ng v\u00e0 l\u00f2ng tr\u1eafc \u1ea9n. Cu\u1ed1n s\u00e1ch \u0111\u01b0\u1ee3c c\u00e1c nh\u00e0 v\u0103n trong n\u01b0\u1edbc m\u1ec7nh danh l\u00e0 \u201cHo\u00e0ng t\u1eed b\u00e9\u201d c\u1ee7a Vi\u1ec7t Nam.<\/p>\n<p>C\u00e2u chuy\u1ec7n \u0111\u01b0\u1ee3c b\u1eaft \u0111\u1ea7u b\u1eb1ng s\u1ef1 ra \u0111\u1eddi c\u1ee7a m\u1ed9t c\u00e1i t\u00ean &#8211; nh\u01b0 m\u1ed9t \u00e2m thanh \u0111\u1eb9p nh\u1ea5t &#8211; v\u00e0 k\u1ebft th\u00fac d\u01b0\u1edbi b\u1ea7u tr\u1eddi \u0111\u1ea7y sao. N\u00f3 l\u00fd gi\u1ea3i t\u1ea1i sao khi nh\u1eefng g\u00ec th\u00e2n y\u00eau c\u1ee7a ch\u00fang ta ra \u0111i th\u00ec c\u0169ng gi\u1ed1ng nh\u01b0 vi\u1ec7c ta c\u1eaft l\u00eca t\u1eebng kho\u1ea3ng tr\u1eddi trong tr\u00e1i tim m\u00ecnh.<\/p>\n<p>C\u00e1c ch\u01b0\u01a1ng s\u00e1ch l\u00e0 nh\u1eefng c\u00e2u chuy\u1ec7n \u1ea9n d\u1ee5 v\u1ec1 \u00e2m nh\u1ea1c &#8211; b\u00e0 m\u1eb9 v\u0129 \u0111\u1ea1i nh\u1ea5t, v\u1ec1 ng\u00f3n tay &#8211; b\u00e0i h\u1ecdc th\u00e2n th\u1ec3 v\u00e0 s\u1ef1 ki\u00eau h\u00e3nh, v\u1ec1 khu v\u01b0\u1eddn &#8211; m\u1ed9t \u0111\u1ee9a tr\u1ebb ch\u1ec9 th\u1eadt s\u1ef1 l\u1edbn l\u00ean khi ch\u00fang \u0111i xuy\u00ean qua khu v\u01b0\u1eddn, r\u1ed3i t\u1eeb \u0111\u00f3 nh\u1eadn ra th\u1ebf gi\u1edbi kh\u00f4ng b\u1eb1ng th\u1ecb gi\u00e1c m\u00e0 b\u1eb1ng s\u1ef1 tr\u1ea3i nghi\u1ec7m nh\u1eefng gi\u00e1c quan kh\u00e1c c\u00f3 t\u00ednh ch\u1ea5t r\u1ed9ng l\u1edbn h\u01a1n&#8230;<\/p>\n<p>Sau khi xu\u1ea5t b\u1ea3n, cu\u1ed1n s\u00e1ch \u0111\u00e3 nh\u1eadn \u0111\u01b0\u1ee3c v\u00f4 s\u1ed1 l\u1eddi khen ng\u1ee3i t\u1eeb nhi\u1ec1u ph\u00eda, \u0111\u00e3 \u0111\u01b0a t\u00e1c gi\u1ea3, t\u1eeb m\u1ed9t ho\u1ea1 s\u0129 tr\u1edf th\u00e0nh m\u1ed9t nh\u00e0 v\u0103n \u0111\u01b0\u1ee3c ch\u00fa \u00fd tr\u00ean v\u0103n \u0111\u00e0n. Kh\u00f4ng ch\u1ec9 cho tr\u1ebb con, n\u00f3 c\u00f2n l\u00e0 t\u00e1c ph\u1ea9m vi\u1ebft cho tr\u1ebb con nh\u01b0ng l\u1ea1i \u0111\u01b0\u1ee3c ng\u01b0\u1eddi l\u1edbn t\u00ecm \u0111\u1ecdc nhi\u1ec1u nh\u1ea5t.<\/p>\n<p>\u0110\u00e2y l\u00e0 b\u1ea3n ti\u1ebfng anh, b\u1ea3n ti\u1ebfng vi\u1ec7t l\u00e0 :<strong> &#8220;V\u1eeba nh\u1eafm m\u1eaft v\u1eeba m\u1edf c\u1eeda s\u1ed5&#8221;<\/strong><\/p>\n","protected":false},"featured_media":1659,"template":"","meta":{"_acf_changed":false},"product_brand":[],"product_cat":[15,45],"product_tag":[],"class_list":{"0":"post-1660","1":"product","2":"type-product","3":"status-publish","4":"has-post-thumbnail","6":"product_cat-sach-danh-cho-nguoi-lon","7":"product_cat-tieu-thuyet","9":"first","10":"outofstock","11":"taxable","12":"shipping-taxable","13":"purchasable","14":"product-type-simple"},"supplier_id":null,"supplier_sku":"","barcode":null,"atum_controlled":true,"out_stock_date":"2021-05-27 22:03:28","out_stock_threshold":null,"inheritable":false,"inbound_stock":0,"stock_on_hold":0,"sold_today":0,"sales_last_days":0,"reserved_stock":0,"customer_returns":0,"warehouse_damage":0,"lost_in_post":0,"other_logs":0,"out_stock_days":1707,"lost_sales":1948,"has_location":false,"update_date":"2026-01-28T23:10:30","atum_locations":[],"atum_stock_status":"outofstock","restock_status":false,"low_stock_amount":"","sales_update_date":"2026-01-28T23:10:30","calc_backorders":null,"acf":{"publisher":{"ID":1517,"post_author":"1","post_date":"2021-02-17 01:14:41","post_date_gmt":"2021-02-16 23:14:41","post_content":"","post_title":"NXB Tr\u1ebb","post_excerpt":"","post_status":"publish","comment_status":"closed","ping_status":"closed","post_password":"","post_name":"nxb-tre","to_ping":"","pinged":"","post_modified":"2021-02-17 01:14:41","post_modified_gmt":"2021-02-16 23:14:41","post_content_filtered":"","post_parent":0,"guid":"https:\/\/sachviet.eu\/nha-phat-hanh\/nxb-tre\/","menu_order":0,"post_type":"publisher","post_mime_type":"","comment_count":"0","filter":"raw"}},"_links":{"self":[{"href":"https:\/\/sachviet.eu\/en\/wp-json\/wp\/v2\/product\/1660","targetHints":{"allow":["GET"]}}],"collection":[{"href":"https:\/\/sachviet.eu\/en\/wp-json\/wp\/v2\/product"}],"about":[{"href":"https:\/\/sachviet.eu\/en\/wp-json\/wp\/v2\/types\/product"}],"wp:featuredmedia":[{"embeddable":true,"href":"https:\/\/sachviet.eu\/en\/wp-json\/wp\/v2\/media\/1659"}],"wp:attachment":[{"href":"https:\/\/sachviet.eu\/en\/wp-json\/wp\/v2\/media?parent=1660"}],"wp:term":[{"taxonomy":"product_brand","embeddable":true,"href":"https:\/\/sachviet.eu\/en\/wp-json\/wp\/v2\/product_brand?post=1660"},{"taxonomy":"product_cat","embeddable":true,"href":"https:\/\/sachviet.eu\/en\/wp-json\/wp\/v2\/product_cat?post=1660"},{"taxonomy":"product_tag","embeddable":true,"href":"https:\/\/sachviet.eu\/en\/wp-json\/wp\/v2\/product_tag?post=1660"}],"curies":[{"name":"wp","href":"https:\/\/api.w.org\/{rel}","templated":true}]}}