{"id":1658,"date":"2021-02-17T01:36:21","date_gmt":"2021-02-16T23:36:21","guid":{"rendered":"https:\/\/sachviet.eu\/shop\/nang-bach-tuyet-va-bay-chu-lun\/"},"modified":"2021-04-28T13:57:20","modified_gmt":"2021-04-28T10:57:20","slug":"nang-bach-tuyet-va-bay-chu-lun","status":"publish","type":"product","link":"https:\/\/sachviet.eu\/en\/shop\/nang-bach-tuyet-va-bay-chu-lun\/","title":{"rendered":"N\u00e0ng b\u1ea1ch tuy\u1ebft v\u00e0 b\u1ea3y ch\u00fa l\u00f9n"},"content":{"rendered":"<p>\u1ede hi\u1ec1n g\u1eb7p l\u00e0nh, \u1edf \u00e1c g\u1eb7p \u00e1c, \u0111\u00f3 l\u00e0 quan ni\u1ec7m kh\u00e1 ph\u1ed5 bi\u1ebfn trong d\u00e2n gian v\u00e0 c\u0169ng l\u00e0 \u0111i\u1ec1u m\u01a1 \u01b0\u1edbc thi\u1ebft tha v\u1ec1 l\u00f2ng c\u00f4ng b\u1eb1ng c\u1ee7a nh\u00e2n d\u00e2n lao \u0111\u1ed9ng t\u1eeb x\u01b0a t\u1edbi nay. Quan ni\u1ec7m v\u00e0 \u01b0\u1edbc m\u01a1 \u0111\u00f3 th\u01b0\u1eddng \u0111\u01b0\u1ee3c ph\u1ea3n \u00e1nh s\u00e2u s\u1eafc trong nhi\u1ec1u truy\u1ec7n c\u1ed5 t\u00edch \u1edf n\u01b0\u1edbc ta c\u0169ng nh\u01b0 tr\u00ean th\u1ebf gi\u1edbi. N\u00e0ng B\u1ea1ch Tuy\u1ebft v\u00e0 b\u1ea3y ch\u00fa l\u00f9n l\u00e0 m\u1ed9t v\u00ed d\u1ee5 \u0111i\u1ec3n h\u00ecnh v\u1ec1 ch\u1ee7 \u0111\u1ec1 \u0111\u00f3. C\u00e2u chuy\u1ec7n n\u00e0y \u0111\u01b0\u1ee3c anh em nh\u00e0 Grimm gi\u1edbi thi\u1ec7u l\u1ea7n \u0111\u1ea7u v\u00e0o n\u0103m 1812, v\u00e0 nhanh ch\u00f3ng tr\u1edf th\u00e0nh m\u1ed9t trong nh\u1eefng truy\u1ec7n c\u1ed5 Grimm \u0111\u01b0\u1ee3c y\u00eau th\u00edch nh\u1ea5t tr\u00ean kh\u1eafp th\u1ebf gi\u1edbi.<\/p>\n<p>Truy\u1ec7n c\u1ed5 t\u00edch n\u00e0ng B\u1ea1ch Tuy\u1ebft v\u00e0 b\u1ea3y ch\u00fa l\u00f9n h\u00e0m ch\u1ee9a nhi\u1ec1u b\u00e0i h\u1ecdc c\u00f3 gi\u00e1 tr\u1ecb trong cu\u1ed9c s\u1ed1ng. \u0110\u1ec3 t\u1ef1 b\u1ea3o v\u1ec7 m\u00ecnh, c\u00e1c b\u00e9 h\u00e3y th\u1eadn tr\u1ecdng v\u1edbi nh\u1eefng ng\u01b0\u1eddi xa l\u1ea1, kh\u00f4ng \u0111\u1ec3 h\u1ecd v\u00e0o nh\u00e0 v\u00e0 ph\u1ea3i bi\u1ebft l\u1eafng nghe nh\u1eefng l\u1eddi khuy\u00ean ch\u00e2n th\u00e0nh t\u1eeb nh\u1eefng ng\u01b0\u1eddi y\u00eau th\u01b0\u01a1ng m\u00ecnh.<\/p>\n<p>Truy\u1ec7n c\u0169ng cho th\u1ea5y s\u1ef1 ghen tu\u00f4ng s\u1ebd ch\u1ec9 khi\u1ebfn cho con ng\u01b0\u1eddi ta tr\u1edf n\u00ean x\u1ea5u xa, nguy hi\u1ec3m v\u00e0 cu\u1ed1i c\u00f9ng s\u1ebd l\u00e0m h\u1ea1i ch\u00ednh m\u00ecnh.  <div class=\"banner-grid-wrapper\">\n  <div id=\"banner-grid-414364499\" class=\"banner-grid row row-grid row-small\" data-packery-options=\"\">\n                      <div class=\"col grid-col large-12 grid-col-1\" ><div class=\"col-inner\">\t<div class=\"img has-hover x md-x lg-x y md-y lg-y\" id=\"image_1531656170\">\n\t\t\t\t\t\t\t\t<div class=\"img-inner dark\" >\n\t\t\t<img loading=\"lazy\" decoding=\"async\" width=\"1000\" height=\"563\" src=\"https:\/\/sachviet.eu\/wp-content\/uploads\/2021\/02\/bach-tuye-va-bay-chu-lun.jpg\" class=\"attachment-large size-large\" alt=\"\" srcset=\"https:\/\/sachviet.eu\/wp-content\/uploads\/2021\/02\/bach-tuye-va-bay-chu-lun.jpg 1000w, https:\/\/sachviet.eu\/wp-content\/uploads\/2021\/02\/bach-tuye-va-bay-chu-lun-300x169.jpg 300w, https:\/\/sachviet.eu\/wp-content\/uploads\/2021\/02\/bach-tuye-va-bay-chu-lun-768x432.jpg 768w, https:\/\/sachviet.eu\/wp-content\/uploads\/2021\/02\/bach-tuye-va-bay-chu-lun-600x338.jpg 600w\" sizes=\"auto, (max-width: 1000px) 100vw, 1000px\" \/>\t\t\t\t\t\t\n\t\t\t\t\t<\/div>\n\t\t\t\t\t\t\t\t\n<style>\n#image_1531656170 {\n  width: 100%;\n}\n<\/style>\n\t<\/div>\n\t<\/div><\/div>            <\/div>\n    <style>\n    #banner-grid-414364499 .grid-col-1{height: 600px}\n    #banner-grid-414364499 .grid-col-1-2{height: 300px}\n    #banner-grid-414364499 .grid-col-1-3{height:200px}\n    #banner-grid-414364499 .grid-col-2-3{height: 400px}\n    #banner-grid-414364499 .grid-col-1-4{height: 150px}\n    #banner-grid-414364499 .grid-col-3-4{height: 450px}\n\n\n    \n    \n\n  <\/style>\n    <\/div>\n  \n","protected":false},"excerpt":{"rendered":"<p>N\u00e0ng B\u1ea1ch Tuy\u1ebft V\u00e0 B\u1ea3y Ch\u00fa L\u00f9n<\/p>\n<p>\u0110\u00e2y l\u00e0 m\u1ed9t c\u00e2u chuy\u1ec7n c\u00f3 ngu\u1ed3n g\u1ed1c r\u1ea5t xa x\u01b0a, k\u1ec3 v\u1ec1 ho\u00e0ng h\u1eadu m\u1eb9 k\u1ebf lu\u00f4n ganh gh\u00e9t v\u00e0 tranh gi\u00e0nh ng\u00f4i v\u1ecb s\u1eafc \u0111\u1eb9p v\u1edbi n\u00e0ng B\u1ea1ch Tuy\u1ebft. Th\u00e1nh thi\u1ec7n v\u00e0 y\u00eau th\u01b0\u01a1ng t\u1eebng b\u01b0\u1edbc \u0111\u01b0\u01a1ng \u0111\u1ea7u v\u1edbi gian t\u00e0. C\u00f3 h\u00e0ng ch\u1ee5c phi\u00ean b\u1ea3n truy\u1ec7n n\u00e0y l\u01b0u h\u00e0nh kh\u1eafp th\u1ebf gi\u1edbi, v\u00e0 m\u1ecdi tr\u1ebb em lu\u00f4n y\u00eau th\u00edch nh\u1eefng t\u00ecnh ti\u1ebft th\u00fa v\u1ecb v\u00e0 sinh \u0111\u1ed9ng c\u1ee7a n\u00f3.<\/p>\n<p>\u201cG\u01b0\u01a1ng kia ng\u1ef1 \u1edf tr\u00ean t\u01b0\u1eddng\u2026\u201d c\u00f9ng \u0111\u1ecdc l\u1ea1i c\u00e2u chuy\u1ec7n h\u1ed3i h\u1ed9p qua n\u00e9t v\u1ebd g\u1ee3i m\u1edf c\u1ee7a h\u1ecda s\u0129 s\u00e1ch tranh hi\u1ec7n \u0111\u1ea1i Quentin Gr\u00e9ban.<\/p>\n","protected":false},"featured_media":1646,"template":"","meta":{"_acf_changed":false},"product_brand":[],"product_cat":[17,26],"product_tag":[],"class_list":{"0":"post-1658","1":"product","2":"type-product","3":"status-publish","4":"has-post-thumbnail","6":"product_cat-sach-danh-cho-cac-be","7":"product_cat-thieu-nien-11-tuoi-18-tuoi","9":"first","10":"outofstock","11":"taxable","12":"shipping-taxable","13":"purchasable","14":"product-type-simple"},"supplier_id":null,"supplier_sku":"","barcode":null,"atum_controlled":true,"out_stock_date":"2021-03-13 20:18:00","out_stock_threshold":null,"inheritable":false,"inbound_stock":0,"stock_on_hold":0,"sold_today":0,"sales_last_days":0,"reserved_stock":0,"customer_returns":0,"warehouse_damage":0,"lost_in_post":0,"other_logs":0,"out_stock_days":1782,"lost_sales":0,"has_location":false,"update_date":"2026-01-28T23:10:30","atum_locations":[],"atum_stock_status":"outofstock","restock_status":false,"low_stock_amount":"","sales_update_date":"2026-01-28T23:10:30","calc_backorders":null,"acf":{"publisher":{"ID":1424,"post_author":"1","post_date":"2021-02-17 00:02:29","post_date_gmt":"2021-02-16 22:02:29","post_content":"<!-- wp:flatsome\/uxbuilder -->\n<h1 style=\"text-align: center\"><strong>Nh\u00e3 Nam<\/strong><\/h1>\n[row]\n\n[col span=\"6\" span__sm=\"12\"]\n\n[ux_image id=\"1438\" image_size=\"medium\"]\n\n\n[\/col]\n[col span=\"6\" span__sm=\"12\"]\n\n<p><strong>C\u00f4ng ty c\u1ed5 ph\u1ea7n V\u0103n h\u00f3a v\u00e0 Truy\u1ec1n th\u00f4ng Nh\u00e3 Nam<\/strong><\/p>\n<p>Th\u00e1ng 2 n\u0103m 2005, Nh\u00e3 Nam, t\u00ean \u0111\u1ea7y \u0111\u1ee7 l\u00e0 C\u00f4ng ty C\u1ed5 ph\u1ea7n V\u0103n h\u00f3a v\u00e0 Truy\u1ec1n th\u00f4ng Nh\u00e3 Nam \u0111\u00e3 gia nh\u1eadp th\u1ecb tr\u01b0\u1eddng s\u00e1ch. T\u00e1c ph\u1ea9m \"Balzac v\u00e0 c\u00f4 b\u00e9 th\u1ee3 may Trung hoa\" c\u1ee7a \u0110\u1edbi T\u01b0 Ki\u1ec7t l\u00e0 cu\u1ed1n s\u00e1ch \u0111\u1ea7u ti\u00ean \u0111\u01b0\u1ee3c nh\u1eefng ng\u01b0\u1eddi s\u00e1ng l\u1eadp Nh\u00e3 Nam xu\u1ea5t b\u1ea3n c\u1ea3 tr\u01b0\u1edbc khi c\u00f4ng ty ra \u0111\u1eddi. Ngay l\u1eadp t\u1ee9c t\u1eeb cu\u1ed1n s\u00e1ch \u0111\u1ea7u ti\u00ean, \u0111\u1ed9c gi\u1ea3 \u0111\u00e3 d\u00e0nh s\u1ef1 quan t\u00e2m v\u00e0 y\u00eau m\u1ebfn cho m\u1ed9t th\u01b0\u01a1ng hi\u1ec7u s\u00e1ch m\u1edbi m\u1ebb mang trong m\u00ecnh kh\u00e1t v\u1ecdng g\u00f3p ph\u1ea7n t\u1ea1o l\u1eadp di\u1ec7n m\u1ea1o m\u1edbi cho xu\u1ea5t b\u1ea3n v\u0103n h\u1ecdc t\u1ea1i Vi\u1ec7t Nam.<\/p>\n<p>L\u00f2ng say m\u00ea c\u1ee7a \u0111\u1ed9i ng\u0169 l\u00e0 vi\u00ean \u0111\u00e1 \u0111\u1ea7u ti\u00ean. Tr\u1ea3i qua m\u1ea5y n\u0103m ph\u00e1t tri\u1ec3n, Nh\u00e3 Nam \u0111\u00e3 \u0111\u01b0\u1ee3c x\u00e2y d\u1ef1ng d\u1ea7n l\u00ean trong di\u1ec7n m\u1ea1o m\u1ed9t nh\u00e0 xu\u1ea5t b\u1ea3n v\u1eefng ch\u00e3i v\u00e0 chuy\u00ean nghi\u1ec7p. S\u00e1u th\u00e1ng sau khi th\u00e0nh l\u1eadp c\u00f4ng ty, Nh\u1eadt k\u00fd \u0110\u1eb7ng Th\u00f9y Tr\u00e2m ra \u0111\u1eddi, t\u1ea1o n\u00ean m\u1ed9t c\u01a1n s\u1ed1t trong x\u00e3 h\u1ed9i, v\u1edbi g\u1ea7n 500,000 b\u1ea3n s\u00e1ch \u0111\u01b0\u1ee3c ph\u00e1t h\u00e0nh, ph\u00e1 m\u1ecdi k\u1ef7 l\u1ee5c v\u1ec1 xu\u1ea5t b\u1ea3n tr\u01b0\u1edbc \u0111\u00f3, k\u00e9o theo m\u1ed9t lo\u1ea1t nh\u1eefng hi\u1ec7u \u1ee9ng x\u00e3 h\u1ed9i v\u00e0 d\u01b0 lu\u1eadn c\u00f3 \u00fd ngh\u0129a. T\u1eeb \u0111\u00f3 tr\u1edf \u0111i, th\u00f4ng qua Nh\u00e3 Nam, c\u00e1c cu\u1ed1n s\u00e1ch v\u0103n h\u1ecdc n\u01b0\u1edbc ngo\u00e0i c\u00f3 gi\u00e1 tr\u1ecb \u0111\u01b0\u1ee3c li\u00ean t\u1ee5c mua b\u1ea3n quy\u1ec1n v\u00e0 xu\u1ea5t b\u1ea3n t\u1ea1i Vi\u1ec7t Nam, thu h\u00fat nhi\u1ec1u t\u1ea7ng l\u1edbp \u0111\u1ed9c gi\u1ea3. S\u00e1ch c\u1ee7a Nh\u00e3 Nam n\u1ed5i b\u1eadt b\u1edfi n\u1ed9i dung v\u0103n h\u1ecdc tinh t\u1ebf, b\u1edfi v\u1ebb \u0111\u1eb9p c\u1ee7a thi\u1ebft k\u1ebf hi\u1ec7n \u0111\u1ea1i \u1edf h\u00ecnh th\u1ee9c, b\u1edfi s\u1ef1 ch\u0103m ch\u00fat k\u1ef9 l\u01b0\u1ee1ng cho m\u1ed7i cu\u1ed1n s\u00e1ch nh\u01b0 m\u1ed9t con thuy\u1ec1n mang t\u1edbi ni\u1ec1m vui, tri th\u1ee9c, ng\u1ea1c nhi\u00ean, v\u00e0 \u0111\u1ed3ng c\u1ea3m.<\/p>\n\n[\/col]\n\n[\/row]\n<p style=\"text-align: left\">Hi\u1ec3u th\u1eddi \u0111\u1ea1i \u0111ang s\u1ed1ng th\u00f4ng qua s\u00e1ch, song h\u00e0nh v\u1edbi nh\u1eefng bi\u1ebfn chuy\u1ec3n s\u00e2u s\u1eafc trong l\u00f2ng x\u00e3 h\u1ed9i b\u1eb1ng nh\u1eefng ho\u1ea1t \u0111\u1ed9ng xu\u1ea5t b\u1ea3n mi\u1ec7t m\u00e0i v\u00e0 qu\u1ea3 c\u1ea3m, con \u0111\u01b0\u1eddng Nh\u00e3 Nam \u0111\u00e3 ch\u1ecdn \u0111\u1ec3 \u0111i s\u1ebd c\u00f2n d\u00e0i. Nhi\u1ec1u kh\u00f3 kh\u0103n, th\u1eed th\u00e1ch \u0111ang \u1edf ph\u00eda tr\u01b0\u1edbc. B\u01b0\u1edbc qua th\u1eddi k\u1ef3 s\u01a1 khai v\u1edbi nh\u1eefng b\u00e0i h\u1ecdc v\u00e0 nh\u1eefng kinh nghi\u1ec7m \u0111\u1ea7u ti\u00ean, Nh\u00e3 Nam gi\u1edd \u0111\u00e3 s\u1eb5n s\u00e0ng cho m\u1ed9t ch\u1eb7ng \u0111\u01b0\u1eddng ph\u00e1t tri\u1ec3n m\u1edbi. V\u00e0 ch\u00fang t\u00f4i mu\u1ed1n ho\u00e0n thi\u1ec7n m\u00ecnh trong s\u1ef1 c\u1ea7u th\u1ecb v\u00e0 c\u1ea9n tr\u1ecdng. T\u1ea5t c\u1ea3 v\u00ec m\u1ed9t gia s\u1ea3n s\u00e1ch to l\u1edbn, c\u00f3 s\u1ee9c s\u1ed1ng d\u00e0i l\u00e2u, c\u00f3 \u00fd ngh\u0129a v\u1edbi nhi\u1ec1u th\u1ebf h\u1ec7 b\u1ea1n \u0111\u1ecdc.<br \/>B\u1edfi v\u00ec s\u00e1ch l\u00e0 th\u1ebf gi\u1edbi.<\/p>\n<p><strong>\u0110\u00e2y l\u00e0 m\u1ed9t nh\u00e0 ph\u00e1t h\u00e0nh s\u00e1ch m\u00e0 SACHVIET.EU r\u1ea5t y\u00eau th\u00edch v\u00e0 tin t\u01b0\u1edfng. Nh\u00ecn \u0111\u01b0\u1ee3c t\u1ea7m \u1ea3nh h\u01b0\u1edfng c\u1ee7a Nh\u00e3 Nam qua t\u1eebng cu\u1ed1n s\u00e1ch, SACHVIET.EU li\u00ean h\u1ec7 h\u1ee3p t\u00e1c ngay v\u1edbi Nh\u00e3 Nam \u0111\u1ec3 \u0111em to\u00e0n b\u1ed9 nh\u1eefng t\u00e1c ph\u1ea9m m\u1edbi, hay nh\u1ea5t m\u00e0 Nh\u00e3 Nam c\u00f3 sang Ch\u00e2u \u00c2u, \u0111\u01b0a \u0111\u1ebfn cho \u0111\u1ed9c gi\u1ea3 c\u00f3 nhi\u1ec1u s\u1ef1 l\u1ef1a ch\u1ecdn phong ph\u00fa h\u01a1n c\u1ea3 s\u00e1ch cho tr\u1ebb em l\u1eabn ng\u01b0\u1eddi l\u1edbn.\u00a0<\/strong><\/p>\n\n<!-- \/wp:flatsome\/uxbuilder -->","post_title":"Nh\u00e3 Nam","post_excerpt":"","post_status":"publish","comment_status":"closed","ping_status":"closed","post_password":"","post_name":"nha-nam","to_ping":"","pinged":"","post_modified":"2022-12-19 23:15:33","post_modified_gmt":"2022-12-19 21:15:33","post_content_filtered":"","post_parent":0,"guid":"https:\/\/sachviet.eu\/?post_type=publisher&#038;p=1424","menu_order":0,"post_type":"publisher","post_mime_type":"","comment_count":"0","filter":"raw"}},"_links":{"self":[{"href":"https:\/\/sachviet.eu\/en\/wp-json\/wp\/v2\/product\/1658","targetHints":{"allow":["GET"]}}],"collection":[{"href":"https:\/\/sachviet.eu\/en\/wp-json\/wp\/v2\/product"}],"about":[{"href":"https:\/\/sachviet.eu\/en\/wp-json\/wp\/v2\/types\/product"}],"wp:featuredmedia":[{"embeddable":true,"href":"https:\/\/sachviet.eu\/en\/wp-json\/wp\/v2\/media\/1646"}],"wp:attachment":[{"href":"https:\/\/sachviet.eu\/en\/wp-json\/wp\/v2\/media?parent=1658"}],"wp:term":[{"taxonomy":"product_brand","embeddable":true,"href":"https:\/\/sachviet.eu\/en\/wp-json\/wp\/v2\/product_brand?post=1658"},{"taxonomy":"product_cat","embeddable":true,"href":"https:\/\/sachviet.eu\/en\/wp-json\/wp\/v2\/product_cat?post=1658"},{"taxonomy":"product_tag","embeddable":true,"href":"https:\/\/sachviet.eu\/en\/wp-json\/wp\/v2\/product_tag?post=1658"}],"curies":[{"name":"wp","href":"https:\/\/api.w.org\/{rel}","templated":true}]}}