{"id":16551,"date":"2022-01-06T15:20:57","date_gmt":"2022-01-06T13:20:57","guid":{"rendered":"https:\/\/sachviet.eu\/shop\/nhat-dinh-phai-noi-yeu-anh\/"},"modified":"2023-05-22T13:42:21","modified_gmt":"2023-05-22T10:42:21","slug":"nhat-dinh-phai-noi-yeu-anh","status":"publish","type":"product","link":"https:\/\/sachviet.eu\/en\/shop\/nhat-dinh-phai-noi-yeu-anh\/","title":{"rendered":"Nh\u1ea5t \u0111\u1ecbnh ph\u1ea3i n\u00f3i y\u00eau Anh"},"content":{"rendered":"<p>Tr\u00ean b\u00e3i c\u00e1t tr\u1eafng, khung c\u1ea3nh thi\u00ean nhi\u00ean hoang s\u01a1 kh\u00f4ng m\u1ed9t b\u00f3ng ng\u01b0\u1eddi, anh d\u1ed3n nh\u1eefng c\u1ea3m x\u00fac \u0111ang m\u00e3nh li\u1ec7t x\u00e2m chi\u1ebfm b\u1ea3n th\u00e2n v\u00e0o n\u1ee5 h\u00f4n qu\u1ea5n qu\u00fdt. M\u00f4i c\u00f4 ng\u1ecdt nh\u01b0 m\u1eadt, tan ch\u1ea3y d\u01b0\u1edbi s\u1ef1 \u00e1p b\u1ee9c c\u1ee7a anh. T\u1edbi khi Mai Vy kh\u00f4ng th\u1edf n\u1ed5i, h\u1ed5n h\u1ec3n d\u00f9ng b\u00e0n tay nh\u1ecf b\u1ea5u ch\u1eb7t l\u1ea5y vai Song V\u0169, anh bu\u00f4ng ra, c\u00f4 \u0111\u00e3 kh\u00f4ng c\u00f2n s\u1ee9c, d\u1ef1a v\u00e0o anh run r\u1ea9y.<\/p>\n<p>Anh nh\u1eadn ra m\u00ecnh c\u0169ng run l\u00ean khi \u00f4m \u0111\u1ea7u c\u00f4 trong ng\u1ef1c, c\u1ee9 \u0111\u1ee9ng im nh\u01b0 v\u1eady m\u1ed9t l\u00fac l\u00e2u m\u1edbi l\u1ea5y l\u1ea1i b\u00ecnh t\u0129nh.<\/p>\n<p>Th\u00ec ra- t\u00ecnh y\u00eau l\u00e0 nh\u01b0 v\u1eady, r\u1ea5t m\u1ea5t ki\u1ec3m so\u00e1t, c\u0169ng r\u1ea5t k\u00edch th\u00edch.<\/p>\n<p>(Nh\u1ea5t \u0111\u1ecbnh ph\u1ea3i n\u00f3i y\u00eau Anh &#8211; An Xinh Tr\u01b0\u01a1ng)<\/p>\n","protected":false},"excerpt":{"rendered":"<p>Tr\u00ean b\u00e3i c\u00e1t tr\u1eafng, khung c\u1ea3nh thi\u00ean nhi\u00ean hoang s\u01a1 kh\u00f4ng m\u1ed9t b\u00f3ng ng\u01b0\u1eddi, anh d\u1ed3n nh\u1eefng c\u1ea3m x\u00fac \u0111ang m\u00e3nh li\u1ec7t x\u00e2m chi\u1ebfm b\u1ea3n th\u00e2n v\u00e0o n\u1ee5 h\u00f4n qu\u1ea5n qu\u00fdt. M\u00f4i c\u00f4 ng\u1ecdt nh\u01b0 m\u1eadt, tan ch\u1ea3y d\u01b0\u1edbi s\u1ef1 \u00e1p b\u1ee9c c\u1ee7a anh. T\u1edbi khi Mai Vy kh\u00f4ng th\u1edf n\u1ed5i, h\u1ed5n h\u1ec3n d\u00f9ng b\u00e0n tay nh\u1ecf b\u1ea5u ch\u1eb7t l\u1ea5y vai Song V\u0169, anh bu\u00f4ng ra, c\u00f4 \u0111\u00e3 kh\u00f4ng c\u00f2n s\u1ee9c, d\u1ef1a v\u00e0o anh run r\u1ea9y.<\/p>\n<p>Anh nh\u1eadn ra m\u00ecnh c\u0169ng run l\u00ean khi \u00f4m \u0111\u1ea7u c\u00f4 trong ng\u1ef1c, c\u1ee9 \u0111\u1ee9ng im nh\u01b0 v\u1eady m\u1ed9t l\u00fac l\u00e2u m\u1edbi l\u1ea5y l\u1ea1i b\u00ecnh t\u0129nh.<\/p>\n<p>Th\u00ec ra- t\u00ecnh y\u00eau l\u00e0 nh\u01b0 v\u1eady, r\u1ea5t m\u1ea5t ki\u1ec3m so\u00e1t, c\u0169ng r\u1ea5t k\u00edch th\u00edch.<\/p>\n<p>(Nh\u1ea5t \u0111\u1ecbnh ph\u1ea3i n\u00f3i y\u00eau Anh &#8211; An Xinh Tr\u01b0\u01a1ng)<\/p>\n","protected":false},"featured_media":16549,"template":"","meta":{"_acf_changed":false},"product_brand":[],"product_cat":[15,45],"product_tag":[],"class_list":{"0":"post-16551","1":"product","2":"type-product","3":"status-publish","4":"has-post-thumbnail","6":"product_cat-sach-danh-cho-nguoi-lon","7":"product_cat-tieu-thuyet","9":"first","10":"instock","11":"taxable","12":"shipping-taxable","13":"purchasable","14":"product-type-simple"},"supplier_id":null,"supplier_sku":"","barcode":null,"atum_controlled":true,"out_stock_date":null,"out_stock_threshold":null,"inheritable":false,"inbound_stock":0,"stock_on_hold":0,"sold_today":0,"sales_last_days":0,"reserved_stock":0,"customer_returns":0,"warehouse_damage":0,"lost_in_post":0,"other_logs":0,"out_stock_days":0,"lost_sales":0,"has_location":false,"update_date":"2026-01-28T23:10:57","atum_locations":[],"atum_stock_status":"instock","restock_status":false,"low_stock_amount":"","sales_update_date":"2026-01-28T23:10:57","calc_backorders":null,"acf":{"publisher":{"ID":16548,"post_author":"1","post_date":"2022-01-06 15:20:47","post_date_gmt":"2022-01-06 13:20:47","post_content":"","post_title":"Xinh Truong An","post_excerpt":"","post_status":"publish","comment_status":"closed","ping_status":"closed","post_password":"","post_name":"xinh-truong-an","to_ping":"","pinged":"","post_modified":"2022-01-06 15:20:47","post_modified_gmt":"2022-01-06 13:20:47","post_content_filtered":"","post_parent":0,"guid":"https:\/\/sachviet.eu\/nha-phat-hanh\/xinh-truong-an\/","menu_order":0,"post_type":"publisher","post_mime_type":"","comment_count":"0","filter":"raw"}},"_links":{"self":[{"href":"https:\/\/sachviet.eu\/en\/wp-json\/wp\/v2\/product\/16551","targetHints":{"allow":["GET"]}}],"collection":[{"href":"https:\/\/sachviet.eu\/en\/wp-json\/wp\/v2\/product"}],"about":[{"href":"https:\/\/sachviet.eu\/en\/wp-json\/wp\/v2\/types\/product"}],"wp:featuredmedia":[{"embeddable":true,"href":"https:\/\/sachviet.eu\/en\/wp-json\/wp\/v2\/media\/16549"}],"wp:attachment":[{"href":"https:\/\/sachviet.eu\/en\/wp-json\/wp\/v2\/media?parent=16551"}],"wp:term":[{"taxonomy":"product_brand","embeddable":true,"href":"https:\/\/sachviet.eu\/en\/wp-json\/wp\/v2\/product_brand?post=16551"},{"taxonomy":"product_cat","embeddable":true,"href":"https:\/\/sachviet.eu\/en\/wp-json\/wp\/v2\/product_cat?post=16551"},{"taxonomy":"product_tag","embeddable":true,"href":"https:\/\/sachviet.eu\/en\/wp-json\/wp\/v2\/product_tag?post=16551"}],"curies":[{"name":"wp","href":"https:\/\/api.w.org\/{rel}","templated":true}]}}