{"id":16545,"date":"2022-01-06T15:20:41","date_gmt":"2022-01-06T13:20:41","guid":{"rendered":"https:\/\/sachviet.eu\/shop\/san-khau-kich-trong-sach-kamishibai-co-be-quang-khan-do\/"},"modified":"2022-01-09T15:43:46","modified_gmt":"2022-01-09T13:43:46","slug":"san-khau-kich-trong-sach-kamishibai-co-be-quang-khan-do","status":"publish","type":"product","link":"https:\/\/sachviet.eu\/en\/shop\/san-khau-kich-trong-sach-kamishibai-co-be-quang-khan-do\/","title":{"rendered":"S\u00e2n Kh\u1ea5u K\u1ecbch Trong S\u00e1ch &#8211; Kamishibai &#8211; C\u00f4 B\u00e9 Qu\u00e0ng Kh\u0103n \u0110\u1ecf"},"content":{"rendered":"<p>M\u1ed9t b\u1ed9 s\u00e1ch l\u1ea5y c\u1ea3m h\u1ee9ng t\u1eeb ngh\u1ec7 thu\u1eadt k\u1ecbch gi\u1ea5y c\u1ee7a Nh\u1eadt B\u1ea3n<\/p>\n<p>Ai y\u00eau th\u00edch v\u0103n h\u00f3a Nh\u1eadt B\u1ea3n h\u1eb3n s\u1ebd nghe n\u00f3i t\u1edbi ngh\u1ec7 thu\u1eadt k\u1ecbch gi\u1ea5y r\u1ea5t n\u1ed5i ti\u1ebfng c\u1ee7a \u0111\u1ea5t n\u01b0\u1edbc n\u00e0y mang t\u00ean Kamishibai. Kamishibai l\u00e0 m\u1ed9t t\u00e0i s\u1ea3n v\u0103n h\u00f3a \u0111\u1ed9c \u0111\u00e1o c\u1ee7a ng\u01b0\u1eddi Nh\u1eadt B\u1ea3n. Trong ti\u1ebfng Nh\u1eadt, Kami c\u00f3 ngh\u0129a l\u00e0 \u201cgi\u1ea5y\u201d, c\u00f2n Shibai l\u00e0 \u201cdi\u1ec5n k\u1ecbch ho\u1eb7c k\u1ec3 chuy\u1ec7n\u201d. Ng\u01b0\u1eddi ngh\u1ec7 s\u0129 s\u1ebd \u0111\u1eb7t t\u1eebng b\u1ee9c tranh \u1edf ph\u00eda sau m\u1ed9t khung h\u00ecnh tr\u1ed1ng v\u00e0 thay \u0111\u1ed5i ch\u00fang d\u1ef1a theo di\u1ec5n bi\u1ebfn c\u00e2u chuy\u1ec7n m\u00e0 m\u00ecnh \u0111ang k\u1ec3. Th\u00f4ng qua l\u1eddi n\u00f3i v\u00e0 \u0111\u1ed9ng t\u00e1c c\u1ee7a ng\u01b0\u1eddi d\u1eabn truy\u1ec7n, c\u00e2u chuy\u1ec7n s\u1ebd tr\u1edf n\u00ean s\u1ed1ng \u0111\u1ed9ng h\u01a1n, nhi\u1ec1u m\u00e0u s\u1eafc h\u01a1n t\u1ef1a nh\u01b0 \u0111ang trong m\u1ed9t bu\u1ed5i di\u1ec5n k\u1ecbch.<\/p>\n<p>L\u1ea5y c\u1ea3m h\u1ee9ng t\u1eeb lo\u1ea1i h\u00ecnh ngh\u1ec7 thu\u1eadt v\u0103n h\u00f3a d\u00e2n gian truy\u1ec1n th\u1ed1ng \u1ea5y, b\u1ed9 S\u00e2n kh\u1ea5u k\u1ecbch trong s\u00e1ch Kamishibai ra \u0111\u1eddi mang \u0111\u1ebfn c\u00e1ch k\u1ec3 chuy\u1ec7n m\u1edbi l\u1ea1 v\u00e0 \u0111\u1ea7y th\u00fa v\u1ecb cho c\u00e1c b\u1ea1n nh\u1ecf. B\u1ed9 s\u00e1ch g\u1ed3m hai b\u1ed9 truy\u1ec7n c\u1ed5 t\u00edch kinh \u0111i\u1ec3n v\u1ed1n r\u1ea5t quen thu\u1ed9c v\u1edbi h\u00e0ng tri\u1ec7u \u0111\u1ed9c gi\u1ea3 nh\u1ecf tu\u1ed5i tr\u00ean to\u00e0n th\u1ebf gi\u1edbi mang t\u00ean: C\u00f4 b\u00e9 qu\u00e0ng kh\u0103n \u0111\u1ecf v\u00e0 Ba ch\u00fa Heo con.<\/p>\n<p>Nh\u1eefng c\u00e2u chuy\u1ec7n c\u1ed5 t\u00edch v\u1ed1n quen thu\u1ed9c \u0111\u01b0\u1ee3c k\u1ec3 l\u1ea1i b\u1eb1ng h\u00ecnh th\u1ee9c m\u1edbi tr\u1edf n\u00ean \u0111\u1ea7y h\u1ea5p d\u1eabn. Khi \u201ct\u1ea5m m\u00e0n\u201d m\u1edf ra c\u0169ng l\u00e0 l\u00fac v\u1edf k\u1ecbch gi\u1ea5y \u0111\u01b0\u1ee3c b\u1eaft \u0111\u1ea7u. M\u1ed7i t\u1eadp truy\u1ec7n g\u1ed3m m\u01b0\u1eddi t\u1ea5m th\u1ebb r\u1eddi, trong \u0111\u00f3 th\u1ebb \u0111\u1ea7u l\u00e0 th\u1ebb gi\u1edbi thi\u1ec7u truy\u1ec7n, th\u1ebb cu\u1ed1i l\u00e0 h\u01b0\u1edbng d\u1eabn c\u00e1ch s\u1eed d\u1ee5ng s\u00e1ch. T\u00e1m th\u1ebb c\u00f2n l\u1ea1i m\u1ed9t m\u1eb7t l\u00e0 h\u00ecnh \u1ea3nh, m\u1eb7t sau l\u00e0 l\u1eddi k\u1ec3 chuy\u1ec7n v\u00e0 l\u1eddi tho\u1ea1i c\u1ee7a nh\u00e2n v\u1eadt \u0111\u1ec3 ng\u01b0\u1eddi bi\u1ec3u di\u1ec5n c\u00f3 th\u1ec3 d\u1ec5 d\u00e0ng \u0111\u1ecdc l\u00ean.<\/p>\n<p>B\u1ed9 s\u00e1ch S\u00e2n kh\u1ea5u k\u1ecbch trong s\u00e1ch Kamishibai kh\u00f4ng ch\u1ec9 thu h\u00fat tr\u1ebb \u1edf c\u1ed1t truy\u1ec7n ng\u1eafn g\u1ecdn, s\u00fac t\u00edch, h\u00ecnh \u1ea3nh minh h\u1ecda \u0111\u1eb9p m\u1eaft, m\u00e0 th\u00f4ng qua l\u1eddi n\u00f3i v\u00e0 \u0111\u1ed9ng t\u00e1c c\u1ee7a ng\u01b0\u1eddi d\u1eabn truy\u1ec7n, hi\u1ec7u qu\u1ea3 c\u1ee7a \u201cv\u1edf k\u1ecbch m\u1ed9t ng\u01b0\u1eddi di\u1ec5n\u201d \u0111\u01b0\u1ee3c ph\u00e1t huy, l\u00e0m cho c\u00e2u chuy\u1ec7n tr\u1edf n\u00ean v\u00f4 c\u00f9ng s\u1ed1ng \u0111\u1ed9ng.<\/p>\n<p>B\u1edfi v\u1eady kh\u00e1c v\u1edbi ch\u1ec9 nghe k\u1ec3 chuy\u1ec7n \u0111\u01a1n thu\u1ea7n, tr\u1ebb s\u1ebd th\u1ea5y d\u1ec5 hi\u1ec3u h\u01a1n, d\u1ec5 c\u1ea3m nh\u1eadn \u0111\u01b0\u1ee3c ni\u1ec1m vui v\u00e0 c\u00e2u chuy\u1ec7n t\u1eeb c\u00e1ch k\u1ec3 \u0111\u1ed9c \u0111\u00e1o n\u00e0y. Tai v\u00e0 m\u1eaft \u0111\u1ec1u ph\u1ea3i c\u00f9ng l\u00e0m vi\u1ec7c, tr\u1ebb nh\u01b0 \u0111\u01b0\u1ee3c b\u01b0\u1edbc ch\u00e2n v\u00e0o m\u1ed9t th\u1ebf gi\u1edbi c\u1ed5 t\u00edch, c\u1ea3m nh\u1eadn ni\u1ec1m vui khi \u0111\u01b0\u1ee3c kh\u00e1m ph\u00e1 c\u00e2u chuy\u1ec7n.<\/p>\n<p>C\u00f3 l\u1ebd b\u1edfi th\u1ebf m\u00e0 ngh\u1ec7 thu\u1eadt k\u1ecbch gi\u1ea5y Kamishibai v\u00e0 b\u1ed9 s\u00e1ch \u0111\u01b0\u1ee3c y\u00eau th\u00edch \u0111\u1ebfn v\u1eady. Th\u1eadm ch\u00ed nhi\u1ec1u ng\u01b0\u1eddi c\u00f2n v\u00ed von r\u1eb1ng chi\u1ebfc h\u1ed9p k\u1ec3 chuy\u1ec7n Kamishibai \u0111\u1ed1i v\u1edbi tr\u1ebb em Nh\u1eadt c\u0169ng th\u00e2n thu\u1ed9c nh\u01b0 t\u1ea5m b\u1ea3ng tr\u1eafng c\u1ee7a c\u00e1c h\u1ecdc sinh Vi\u1ec7t Nam v\u1eady.<\/p>\n<p>Gi\u00e1o s\u01b0 Yamashita Toshio &#8211; t\u00e1c gi\u1ea3 c\u1ee7a cu\u1ed1n s\u00e1ch \u201cKamishibai &#8211; S\u00e1ng t\u1ea1o v\u00e0 t\u00ednh gi\u00e1o d\u1ee5c\u201d t\u1eebng n\u00f3i: \u201cM\u1ed9t th\u1ebf gi\u1edbi lung linh m\u00e0u s\u1eafc \u0111\u01b0\u1ee3c th\u1ec3 hi\u1ec7n qua nh\u1eefng b\u1ee9c tranh, m\u1ed9t th\u1ebf gi\u1edbi ng\u1ecdt ng\u00e0o trong s\u00e1ng \u0111\u01b0\u1ee3c t\u1ea1o ra b\u1eb1ng l\u1eddi k\u1ec3 chuy\u1ec7n c\u1ee7a ng\u01b0\u1eddi bi\u1ec3u di\u1ec5n, c\u00e1i th\u1ebf gi\u1edbi ch\u1ec9 c\u00f3 th\u1ec3 hi\u1ec3n hi\u1ec7n v\u00e0 ph\u00e1t tri\u1ec3n trong s\u1ef1 giao l\u01b0u gi\u1eefa ng\u01b0\u1eddi d\u1eabn truy\u1ec7n (b\u1ed1 m\u1eb9, c\u00f4 gi\u00e1o) v\u00e0 c\u00e1c kh\u00e1n gi\u1ea3 nh\u1ecf tu\u1ed5i &#8211; \u0111\u00f3 ch\u00ednh l\u00e0 b\u1ea3n ch\u1ea5t c\u1ee7a Kamishibai.\u201d<\/p>\n<p>Hai ch\u1ee7 \u0111\u1ec1 \u0111\u1ea7u ti\u00ean c\u1ee7a b\u1ed9 s\u00e1ch<\/p>\n<p>C\u00f4 b\u00e9 qu\u00e0ng kh\u0103n \u0111\u1ecf<\/p>\n<p>Ba ch\u00fa heo con<\/p>\n","protected":false},"excerpt":{"rendered":"<p>M\u1ed9t b\u1ed9 s\u00e1ch l\u1ea5y c\u1ea3m h\u1ee9ng t\u1eeb ngh\u1ec7 thu\u1eadt k\u1ecbch gi\u1ea5y c\u1ee7a Nh\u1eadt B\u1ea3n<\/p>\n<p>Ai y\u00eau th\u00edch v\u0103n h\u00f3a Nh\u1eadt B\u1ea3n h\u1eb3n s\u1ebd nghe n\u00f3i t\u1edbi ngh\u1ec7 thu\u1eadt k\u1ecbch gi\u1ea5y r\u1ea5t n\u1ed5i ti\u1ebfng c\u1ee7a \u0111\u1ea5t n\u01b0\u1edbc n\u00e0y mang t\u00ean Kamishibai. Kamishibai l\u00e0 m\u1ed9t t\u00e0i s\u1ea3n v\u0103n h\u00f3a \u0111\u1ed9c \u0111\u00e1o c\u1ee7a ng\u01b0\u1eddi Nh\u1eadt B\u1ea3n. Trong ti\u1ebfng Nh\u1eadt, Kami c\u00f3 ngh\u0129a l\u00e0 \u201cgi\u1ea5y\u201d, c\u00f2n Shibai l\u00e0 \u201cdi\u1ec5n k\u1ecbch ho\u1eb7c k\u1ec3 chuy\u1ec7n\u201d. Ng\u01b0\u1eddi ngh\u1ec7 s\u0129 s\u1ebd \u0111\u1eb7t t\u1eebng b\u1ee9c tranh \u1edf ph\u00eda sau m\u1ed9t khung h\u00ecnh tr\u1ed1ng v\u00e0 thay \u0111\u1ed5i ch\u00fang d\u1ef1a theo di\u1ec5n bi\u1ebfn c\u00e2u chuy\u1ec7n m\u00e0 m\u00ecnh \u0111ang k\u1ec3. Th\u00f4ng qua l\u1eddi n\u00f3i v\u00e0 \u0111\u1ed9ng t\u00e1c c\u1ee7a ng\u01b0\u1eddi d\u1eabn truy\u1ec7n, c\u00e2u chuy\u1ec7n s\u1ebd tr\u1edf n\u00ean s\u1ed1ng \u0111\u1ed9ng h\u01a1n, nhi\u1ec1u m\u00e0u s\u1eafc h\u01a1n t\u1ef1a nh\u01b0 \u0111ang trong m\u1ed9t bu\u1ed5i di\u1ec5n k\u1ecbch.<\/p>\n<p>L\u1ea5y c\u1ea3m h\u1ee9ng t\u1eeb lo\u1ea1i h\u00ecnh ngh\u1ec7 thu\u1eadt v\u0103n h\u00f3a d\u00e2n gian truy\u1ec1n th\u1ed1ng \u1ea5y, b\u1ed9 S\u00e2n kh\u1ea5u k\u1ecbch trong s\u00e1ch Kamishibai ra \u0111\u1eddi mang \u0111\u1ebfn c\u00e1ch k\u1ec3 chuy\u1ec7n m\u1edbi l\u1ea1 v\u00e0 \u0111\u1ea7y th\u00fa v\u1ecb cho c\u00e1c b\u1ea1n nh\u1ecf. B\u1ed9 s\u00e1ch g\u1ed3m hai b\u1ed9 truy\u1ec7n c\u1ed5 t\u00edch kinh \u0111i\u1ec3n v\u1ed1n r\u1ea5t quen thu\u1ed9c v\u1edbi h\u00e0ng tri\u1ec7u \u0111\u1ed9c gi\u1ea3 nh\u1ecf tu\u1ed5i tr\u00ean to\u00e0n th\u1ebf gi\u1edbi mang t\u00ean: C\u00f4 b\u00e9 qu\u00e0ng kh\u0103n \u0111\u1ecf v\u00e0 Ba ch\u00fa Heo con.<\/p>\n<p>Nh\u1eefng c\u00e2u chuy\u1ec7n c\u1ed5 t\u00edch v\u1ed1n quen thu\u1ed9c \u0111\u01b0\u1ee3c k\u1ec3 l\u1ea1i b\u1eb1ng h\u00ecnh th\u1ee9c m\u1edbi tr\u1edf n\u00ean \u0111\u1ea7y h\u1ea5p d\u1eabn. Khi \u201ct\u1ea5m m\u00e0n\u201d m\u1edf ra c\u0169ng l\u00e0 l\u00fac v\u1edf k\u1ecbch gi\u1ea5y \u0111\u01b0\u1ee3c b\u1eaft \u0111\u1ea7u. M\u1ed7i t\u1eadp truy\u1ec7n g\u1ed3m m\u01b0\u1eddi t\u1ea5m th\u1ebb r\u1eddi, trong \u0111\u00f3 th\u1ebb \u0111\u1ea7u l\u00e0 th\u1ebb gi\u1edbi thi\u1ec7u truy\u1ec7n, th\u1ebb cu\u1ed1i l\u00e0 h\u01b0\u1edbng d\u1eabn c\u00e1ch s\u1eed d\u1ee5ng s\u00e1ch. T\u00e1m th\u1ebb c\u00f2n l\u1ea1i m\u1ed9t m\u1eb7t l\u00e0 h\u00ecnh \u1ea3nh, m\u1eb7t sau l\u00e0 l\u1eddi k\u1ec3 chuy\u1ec7n v\u00e0 l\u1eddi tho\u1ea1i c\u1ee7a nh\u00e2n v\u1eadt \u0111\u1ec3 ng\u01b0\u1eddi bi\u1ec3u di\u1ec5n c\u00f3 th\u1ec3 d\u1ec5 d\u00e0ng \u0111\u1ecdc l\u00ean.<\/p>\n<p>B\u1ed9 s\u00e1ch S\u00e2n kh\u1ea5u k\u1ecbch trong s\u00e1ch Kamishibai kh\u00f4ng ch\u1ec9 thu h\u00fat tr\u1ebb \u1edf c\u1ed1t truy\u1ec7n ng\u1eafn g\u1ecdn, s\u00fac t\u00edch, h\u00ecnh \u1ea3nh minh h\u1ecda \u0111\u1eb9p m\u1eaft, m\u00e0 th\u00f4ng qua l\u1eddi n\u00f3i v\u00e0 \u0111\u1ed9ng t\u00e1c c\u1ee7a ng\u01b0\u1eddi d\u1eabn truy\u1ec7n, hi\u1ec7u qu\u1ea3 c\u1ee7a \u201cv\u1edf k\u1ecbch m\u1ed9t ng\u01b0\u1eddi di\u1ec5n\u201d \u0111\u01b0\u1ee3c ph\u00e1t huy, l\u00e0m cho c\u00e2u chuy\u1ec7n tr\u1edf n\u00ean v\u00f4 c\u00f9ng s\u1ed1ng \u0111\u1ed9ng.<\/p>\n<p>B\u1edfi v\u1eady kh\u00e1c v\u1edbi ch\u1ec9 nghe k\u1ec3 chuy\u1ec7n \u0111\u01a1n thu\u1ea7n, tr\u1ebb s\u1ebd th\u1ea5y d\u1ec5 hi\u1ec3u h\u01a1n, d\u1ec5 c\u1ea3m nh\u1eadn \u0111\u01b0\u1ee3c ni\u1ec1m vui v\u00e0 c\u00e2u chuy\u1ec7n t\u1eeb c\u00e1ch k\u1ec3 \u0111\u1ed9c \u0111\u00e1o n\u00e0y. Tai v\u00e0 m\u1eaft \u0111\u1ec1u ph\u1ea3i c\u00f9ng l\u00e0m vi\u1ec7c, tr\u1ebb nh\u01b0 \u0111\u01b0\u1ee3c b\u01b0\u1edbc ch\u00e2n v\u00e0o m\u1ed9t th\u1ebf gi\u1edbi c\u1ed5 t\u00edch, c\u1ea3m nh\u1eadn ni\u1ec1m vui khi \u0111\u01b0\u1ee3c kh\u00e1m ph\u00e1 c\u00e2u chuy\u1ec7n.<\/p>\n<p>C\u00f3 l\u1ebd b\u1edfi th\u1ebf m\u00e0 ngh\u1ec7 thu\u1eadt k\u1ecbch gi\u1ea5y Kamishibai v\u00e0 b\u1ed9 s\u00e1ch \u0111\u01b0\u1ee3c y\u00eau th\u00edch \u0111\u1ebfn v\u1eady. Th\u1eadm ch\u00ed nhi\u1ec1u ng\u01b0\u1eddi c\u00f2n v\u00ed von r\u1eb1ng chi\u1ebfc h\u1ed9p k\u1ec3 chuy\u1ec7n Kamishibai \u0111\u1ed1i v\u1edbi tr\u1ebb em Nh\u1eadt c\u0169ng th\u00e2n thu\u1ed9c nh\u01b0 t\u1ea5m b\u1ea3ng tr\u1eafng c\u1ee7a c\u00e1c h\u1ecdc sinh Vi\u1ec7t Nam v\u1eady.<\/p>\n<p>Gi\u00e1o s\u01b0 Yamashita Toshio &#8211; t\u00e1c gi\u1ea3 c\u1ee7a cu\u1ed1n s\u00e1ch \u201cKamishibai &#8211; S\u00e1ng t\u1ea1o v\u00e0 t\u00ednh gi\u00e1o d\u1ee5c\u201d t\u1eebng n\u00f3i: \u201cM\u1ed9t th\u1ebf gi\u1edbi lung linh m\u00e0u s\u1eafc \u0111\u01b0\u1ee3c th\u1ec3 hi\u1ec7n qua nh\u1eefng b\u1ee9c tranh, m\u1ed9t th\u1ebf gi\u1edbi ng\u1ecdt ng\u00e0o trong s\u00e1ng \u0111\u01b0\u1ee3c t\u1ea1o ra b\u1eb1ng l\u1eddi k\u1ec3 chuy\u1ec7n c\u1ee7a ng\u01b0\u1eddi bi\u1ec3u di\u1ec5n, c\u00e1i th\u1ebf gi\u1edbi ch\u1ec9 c\u00f3 th\u1ec3 hi\u1ec3n hi\u1ec7n v\u00e0 ph\u00e1t tri\u1ec3n trong s\u1ef1 giao l\u01b0u gi\u1eefa ng\u01b0\u1eddi d\u1eabn truy\u1ec7n (b\u1ed1 m\u1eb9, c\u00f4 gi\u00e1o) v\u00e0 c\u00e1c kh\u00e1n gi\u1ea3 nh\u1ecf tu\u1ed5i &#8211; \u0111\u00f3 ch\u00ednh l\u00e0 b\u1ea3n ch\u1ea5t c\u1ee7a Kamishibai.\u201d<\/p>\n<p>Hai ch\u1ee7 \u0111\u1ec1 \u0111\u1ea7u ti\u00ean c\u1ee7a b\u1ed9 s\u00e1ch<\/p>\n<p>C\u00f4 b\u00e9 qu\u00e0ng kh\u0103n \u0111\u1ecf<\/p>\n<p>Ba ch\u00fa heo con<\/p>\n","protected":false},"featured_media":16544,"template":"","meta":{"_acf_changed":false},"product_brand":[],"product_cat":[24,25,17,26],"product_tag":[],"class_list":{"0":"post-16545","1":"product","2":"type-product","3":"status-publish","4":"has-post-thumbnail","6":"product_cat-nha-tre-mau-giao-0-tuoi-6-tuoi","7":"product_cat-nhi-dong-6-tuoi-12-tuoi","8":"product_cat-sach-danh-cho-cac-be","9":"product_cat-thieu-nien-11-tuoi-18-tuoi","11":"first","12":"outofstock","13":"taxable","14":"shipping-taxable","15":"purchasable","16":"product-type-simple"},"supplier_id":null,"supplier_sku":"","barcode":null,"atum_controlled":true,"out_stock_date":"2022-01-09 13:43:47","out_stock_threshold":null,"inheritable":false,"inbound_stock":0,"stock_on_hold":0,"sold_today":0,"sales_last_days":0,"reserved_stock":0,"customer_returns":0,"warehouse_damage":0,"lost_in_post":0,"other_logs":0,"out_stock_days":1480,"lost_sales":0,"has_location":false,"update_date":"2026-01-28T23:10:57","atum_locations":[],"atum_stock_status":"outofstock","restock_status":false,"low_stock_amount":"","sales_update_date":"2026-01-28T23:10:57","calc_backorders":null,"acf":{"publisher":{"ID":1470,"post_author":"2","post_date":"2021-02-17 01:12:47","post_date_gmt":"2021-02-16 23:12:47","post_content":"<!-- wp:flatsome\/uxbuilder -->\n<h1 style=\"text-align: center\"><strong>\u0110inh T\u1ecb<\/strong><\/h1>\n[row]\n\n[col span=\"4\" span__sm=\"12\"]\n\n[ux_image id=\"1831\" image_size=\"medium\"]\n\n\n[\/col]\n[col span=\"8\" span__sm=\"12\"]\n\n<p><strong>\u0110inh T\u1ecb Books - Ti\u00ean phong s\u00e1ng t\u1ea1o<\/strong><\/p>\n<p>Th\u00e0nh l\u1eadp n\u0103m 2006, t\u1edbi nay \u0110inh T\u1ecb Books \u0111\u01b0\u1ee3c \u0111\u00e1nh gi\u1ea3 l\u00e0 \u0111\u01a1n v\u1ecb xu\u1ea5t b\u1ea3n uy t\u00edn c\u00f3 t\u1ed1c \u0111\u1ed9 ph\u00e1t tri\u1ec3n nhanh nh\u1ea5t g\u1eafn v\u1edbi th\u00e0nh c\u00f4ng c\u1ee7a hai t\u1ee7 s\u00e1ch l\u1edbn: T\u1ee7 s\u00e1ch Thi\u1ebfu nhi - T\u1ee7 s\u00e1ch V\u0103n h\u1ecdc. Trong \u0111\u00f3 ph\u1ea3i k\u1ec3 t\u1edbi b\u01b0\u1edbc chuy\u1ec3n m\u00ecnh \u0111\u1ea7y \u1ea5n t\u01b0\u1ee3ng, tr\u1edf th\u00e0nh \u0111\u01a1n v\u1ecb ti\u00ean phong s\u00e1ng t\u1ea1o d\u00f2ng S\u00c1CH T\u01af\u01a0NG T\u00c1C thi\u1ebfu nhi. V\u1edbi h\u01a1n 300 t\u1ef1a s\u00e1ch t\u01b0\u01a1ng t\u00e1c \u0111ang l\u01b0u h\u00e0nh, \u0110inh T\u1ecb Books \u0111\u00e3 mang \u0111\u1ebfn nh\u1eefng gi\u00e1 tr\u1ecb tr\u1ea3i nghi\u1ec7m tuy\u1ec7t v\u1eddi, \u0111\u01b0a vi\u1ec7c h\u1ecdc v\u00e0 ch\u01a1i c\u00f9ng s\u00e1ch tr\u1edf n\u00ean hi\u1ec7u qu\u1ea3 h\u01a1n, gi\u00fap tr\u1ebb th\u00f4ng minh, t\u0103ng tr\u01b0\u1edfng c\u00e1c ch\u1ec9 s\u1ed1 IQ, EQ.<\/p>\n<p><strong>Th\u1ebf m\u1ea1nh c\u1ee7a \u0110inh T\u1ecb Books<\/strong><\/p>\n<p>V\u1edbi kinh nghi\u1ec7m nhi\u1ec1u n\u0103m trong ng\u00e0nh xu\u1ea5t b\u1ea3n, \u0110inh T\u1ecb Books tin r\u1eb1ng c\u00e1c b\u1eadc cha m\u1eb9 lu\u00f4n d\u00e0nh nh\u1eefng \u0111i\u1ec1u t\u1ed1t \u0111\u1eb9p nh\u1ea5t cho c\u00e1c con c\u1ee7a m\u00ecnh. \u0110\u1ecdc s\u00e1ch c\u00f9ng con lu\u00f4n l\u00e0 l\u1ef1a ch\u1ecdn h\u00e0ng \u0111\u1ea7u gi\u00fap g\u1eafn k\u1ebft t\u00ecnh y\u00eau th\u01b0\u01a1ng \u0111\u1ed3ng th\u1eddi gi\u00fap con nu\u00f4i d\u01b0\u1ee1ng ni\u1ec1m \u0111am m\u00ea v\u1edbi s\u00e1ch.<\/p>\n\n[\/col]\n\n[\/row]\n<p><strong>T\u00ecnh y\u00eau l\u1edbn d\u00e0nh cho nh\u1eefng cu\u1ed1n s\u00e1ch.<\/strong><\/p>\n<p>Xu\u1ea5t ph\u00e1t t\u1eeb t\u00ecnh y\u00eau v\u1edbi nh\u1eefng cu\u1ed1n s\u00e1ch, l\u00f2ng t\u1eadn t\u00e2m mu\u1ed1n g\u00ecn gi\u1eef nh\u1eefng gi\u00e1 tr\u1ecb v\u0103n h\u00f3a truy\u1ec1n th\u1ed1ng c\u1ee7a Vi\u1ec7t Nam, mong mu\u1ed1n \u0111\u01b0a nh\u1eefng gi\u00e1 tr\u1ecb \u0111\u1eadm ch\u1ea5t Vi\u1ec7t Nam \u0111\u1ebfn v\u1edbi tr\u1ebb em Vi\u1ec7t, c\u00e1c th\u00e0nh vi\u00ean s\u00e1ng t\u1ea1o c\u1ee7a \u0110inh T\u1ecb Books \u0111\u00e3 kh\u00f4ng ng\u1eebng n\u1ed7 l\u1ef1c, t\u00ecm t\u00f2i v\u00e0 h\u1ecdc h\u1ecfi, \u0111\u1ec3 \u0111\u01b0a nh\u1eefng cu\u1ed1n s\u00e1ch \u201c100% made in Vietnam\u201d \u0111\u1ebfn v\u1edbi tr\u1ebb em Vi\u1ec7t. C\u00e1c ki\u1ebfn th\u1ee9c b\u1ed5 \u00edch \u0111\u01b0\u1ee3c truy\u1ec1n t\u1ea3i th\u00f4ng qua nh\u1eefng t\u01b0\u01a1ng t\u00e1c th\u00fa v\u1ecb gi\u00fap tr\u1ebb nh\u1edb l\u00e2u h\u01a1n, h\u1ecdc t\u1ed1t h\u01a1n.<\/p>\n<p>Nh\u1eadn ra \u0111\u01b0\u1ee3c s\u1ee9 m\u1ec7nh v\u00e0 t\u1ea7m nh\u00ecn c\u1ee7a \u0110inh T\u1ecb, <strong>SACHVIET.EU<\/strong> \u0111\u00e3 li\u00ean l\u1ea1c v\u1edbi \u0110inh T\u1ecb \u0111\u1ec3 \u0111\u01b0\u1ee3c h\u1ed7 tr\u1ee3 \u0111\u01b0a nh\u1eefng cu\u1ed1n s\u00e1ch mang gi\u00e1 tr\u1ecb \u0111\u1eadm ch\u1ea5t Vi\u1ec7t Nam \u0111\u1ebfn v\u1edbi tr\u1ebb em Vi\u1ec7t v\u00e0 c\u1ed9ng \u0111\u1ed3ng Vi\u1ec7t s\u1ed1ng t\u1ea1i Ch\u00e2u \u00c2u. SACHVIET.EU \u0111\u1eb7t l\u00f2ng tin \u1edf \u0110inh T\u1ecb s\u1ebd lu\u00f4n \u0111em \u0111\u1ebfn nh\u1eefng gi\u00e1 tr\u1ecb cao qua t\u1eebng trang s\u00e1ch v\u00e0 hy v\u1ecdng \u0111\u1ed9c gi\u1ea3 s\u1ebd lu\u00f4n h\u00e0i l\u00f2ng v\u1edbi ch\u1ea5t l\u01b0\u1ee3ng m\u00e0 \u0110inh T\u1ecb theo \u0111u\u1ed5i bao n\u0103m qua.<\/p>\n\n<!-- \/wp:flatsome\/uxbuilder -->","post_title":"\u0110inh T\u1ecb","post_excerpt":"","post_status":"publish","comment_status":"closed","ping_status":"closed","post_password":"","post_name":"dinh-ti","to_ping":"","pinged":"","post_modified":"2022-12-19 23:15:43","post_modified_gmt":"2022-12-19 21:15:43","post_content_filtered":"","post_parent":0,"guid":"https:\/\/sachviet.eu\/nha-phat-hanh\/dinh-ti\/","menu_order":0,"post_type":"publisher","post_mime_type":"","comment_count":"0","filter":"raw"}},"_links":{"self":[{"href":"https:\/\/sachviet.eu\/en\/wp-json\/wp\/v2\/product\/16545","targetHints":{"allow":["GET"]}}],"collection":[{"href":"https:\/\/sachviet.eu\/en\/wp-json\/wp\/v2\/product"}],"about":[{"href":"https:\/\/sachviet.eu\/en\/wp-json\/wp\/v2\/types\/product"}],"wp:featuredmedia":[{"embeddable":true,"href":"https:\/\/sachviet.eu\/en\/wp-json\/wp\/v2\/media\/16544"}],"wp:attachment":[{"href":"https:\/\/sachviet.eu\/en\/wp-json\/wp\/v2\/media?parent=16545"}],"wp:term":[{"taxonomy":"product_brand","embeddable":true,"href":"https:\/\/sachviet.eu\/en\/wp-json\/wp\/v2\/product_brand?post=16545"},{"taxonomy":"product_cat","embeddable":true,"href":"https:\/\/sachviet.eu\/en\/wp-json\/wp\/v2\/product_cat?post=16545"},{"taxonomy":"product_tag","embeddable":true,"href":"https:\/\/sachviet.eu\/en\/wp-json\/wp\/v2\/product_tag?post=16545"}],"curies":[{"name":"wp","href":"https:\/\/api.w.org\/{rel}","templated":true}]}}