{"id":16540,"date":"2022-01-06T15:20:29","date_gmt":"2022-01-06T13:20:29","guid":{"rendered":"https:\/\/sachviet.eu\/shop\/sach-tet-nham-dan-2022-hop-tuyen-van-tho-nhac-hoa-chu-de-mua-xuan-va-ngay-tet\/"},"modified":"2022-01-09T11:52:05","modified_gmt":"2022-01-09T09:52:05","slug":"sach-tet-nham-dan-2022-hop-tuyen-van-tho-nhac-hoa-chu-de-mua-xuan-va-ngay-tet","status":"publish","type":"product","link":"https:\/\/sachviet.eu\/en\/shop\/sach-tet-nham-dan-2022-hop-tuyen-van-tho-nhac-hoa-chu-de-mua-xuan-va-ngay-tet\/","title":{"rendered":"S\u00e1ch T\u1ebft Nh\u00e2m D\u1ea7n 2022 &#8211; H\u1ee3p Tuy\u1ec3n V\u0103n Th\u01a1 Nh\u1ea1c H\u1ecda Ch\u1ee7 \u0110\u1ec1 M\u00f9a Xu\u00e2n V\u00e0 Ng\u00e0y T\u1ebft"},"content":{"rendered":"<p>S\u00e1ch T\u1ebft Nh\u00e2m D\u1ea7n 2022 l\u00e0 cu\u1ed1n s\u00e1ch th\u1ee9 t\u01b0 trong d\u1ef1 \u00e1n S\u00e1ch T\u1ebft c\u1ee7a \u0110\u00f4ng A, kh\u1edfi \u0111\u1ea7u v\u1edbi S\u00e1ch T\u1ebft K\u1ef7 H\u1ee3i 2019. Nh\u00e0 v\u0103n H\u1ed3 Anh Th\u00e1i ti\u1ebfp t\u1ee5c l\u00e0 ng\u01b0\u1eddi tuy\u1ec3n ch\u1ecdn c\u00e1c t\u00e1c ph\u1ea9m v\u0103n th\u01a1 nh\u1ea1c h\u1ecda ch\u1ee7 \u0111\u1ec1 m\u00f9a xu\u00e2n v\u00e0 ng\u00e0y t\u1ebft trong giai ph\u1ea9m n\u00e0y. Cu\u1ed1n s\u00e1ch \u0111\u01b0\u1ee3c chia l\u00e0m 6 ph\u1ea7n: K\u00fd \u1ee9c m\u00f9a xu\u00e2n, V\u0103n, Th\u01a1, Nh\u1ea1c, Ho\u1ea1, V\u0129 thanh \u0111\u01b0a ng\u01b0\u1eddi \u0111\u1ecdc tr\u1ea3i qua nhi\u1ec1u cung b\u1eadc c\u1ea3m x\u00fac kh\u00e1c nhau.<\/p>\n<p>M\u1edf \u0111\u1ea7u s\u00e1ch, b\u1ea1n \u0111\u1ecdc \u0111\u01b0\u1ee3c quay v\u1ec1 nh\u1eefng ng\u00e0y x\u01b0a c\u0169, nh\u00ecn l\u1ea1i nh\u1eefng ng\u00e0y t\u1ebft \u0111\u1ea7y lo toan b\u1eadn r\u1ed9n khi \u0111\u1eddi s\u1ed1ng c\u00f2n nhi\u1ec1u kh\u00f3 kh\u0103n v\u1ea5t v\u1ea3 trong C\u00e0nh \u0111\u00e0o, c\u00e2u \u0111\u1ed1i v\u00e0 ph\u00e1o c\u1ee7a Trung S\u1ef9, D\u01b0 \u00e2m x\u00f3m C\u00e2y G\u00f5 c\u1ee7a Ph\u1ea1m C\u00f4ng Lu\u1eadn hay Nh\u1edb m\u1ee1 c\u1ee7a \u0110\u1ed7 Ti\u1ebfn Thu\u1ef5&#8230; \u201cC\u00f3 nh\u1eefng ni\u1ec1m vui ch\u1ec9 xu\u1ea5t hi\u1ec7n khi m\u00ecnh th\u1ef1c s\u1ef1 ngh\u00e8o kh\u00f3, thi\u1ebfu th\u1ed1n. Gi\u1edd \u1ea5m \u00e1p, no \u0111\u1ee7 h\u01a1n c\u00f3 l\u1ebd c\u1ea7n ngh\u0129 nh\u1eefng c\u00e1ch l\u00e0m m\u1edbi, \u0111\u1ed5i thay \u0111\u1ec3 t\u1ebft kh\u1ecfi nh\u00e0m ch\u00e1n ho\u1eb7c m\u1ec7t m\u1ecfi. Nh\u1eefng c\u00e1i t\u1ebft c\u1ee7a th\u1eddi gian kh\u00f3 \u0111\u1ea7y h\u1ed3i h\u1ed9p v\u00e0 ph\u1ea5n kh\u00edch \u0111\u00e3 qua m\u1ea5t r\u1ed3i, c\u00f3 ai c\u00f2n nh\u1edb n\u1eefa kh\u00f4ng?\u201d (C\u00f3 ai c\u00f2n nh\u1edb c\u1ee7a U\u00f4ng Tri\u1ec1u).<\/p>\n<p>Ti\u1ebfp n\u1ed1i ph\u1ea7n K\u00fd \u1ee9c m\u00f9a xu\u00e2n, ph\u1ea7n V\u0103n s\u1ebd g\u1eedi \u0111\u1ebfn b\u1ea1n \u0111\u1ecdc s\u00e1ng t\u00e1c c\u1ee7a nhi\u1ec1u c\u00e2y b\u00fat t\u00ean tu\u1ed5i: Cao Huy Thu\u1ea7n, Ma V\u0103n Kh\u00e1ng, Nguy\u1ec5n Qu\u1ed1c Trung, Phan Th\u1ecb V\u00e0ng Anh\u2026 Nh\u1eefng c\u1ea3m x\u00fac m\u00f9a xu\u00e2n ti\u1ebfp t\u1ee5c \u0111\u01b0\u1ee3c kh\u01a1i g\u1ee3i trong nh\u1eefng v\u1ea7n th\u01a1 c\u1ee7a H\u1eefu Vi\u1ec7t, V\u00e2n Long, Ho\u00e0ng \u0110\u0103ng Khoa, Ph\u1ea1m Anh Xu\u00e2n\u2026 Ph\u1ea7n Th\u01a1 k\u1ebft th\u00fac v\u1edbi b\u00e0i b\u00ecnh c\u1ee7a t\u00e1c gi\u1ea3 Ho\u00e0i Nam v\u1ec1 b\u00e0i th\u01a1 Chi\u1ec1u xu\u00e2n c\u1ee7a n\u1eef s\u0129 Anh Th\u01a1.<\/p>\n<p>Giai ph\u1ea9m xu\u00e2n ti\u1ebfp t\u1ee5c n\u1ed1i d\u00e0i v\u1edbi ph\u1ea7n Nh\u1ea1c l\u00e0 c\u00e1c b\u00e0i c\u1ea3m nh\u1eadn tinh t\u1ebf c\u1ee7a Nguy\u1ec5n Th\u1ecb Minh Ch\u00e2u v\u1ec1 c\u00e1c nh\u1ea1c ph\u1ea9m: Kh\u00e1t v\u1ecdng m\u00f9a xu\u00e2n (Huy Du &#8211; Huy C\u1eeb), M\u00f9a xu\u00e2n b\u00ean c\u1eeda s\u1ed5 (Xu\u00e2n H\u1ed3ng &#8211; Song H\u1ea3o), T\u1eedu ca (Ph\u00f3 \u0110\u1ee9c Ph\u01b0\u01a1ng).<\/p>\n<p>\u1ede ph\u1ea7n Ho\u1ea1, chuy\u00ean m\u1ee5c M\u1ed7i n\u0103m m\u1ed9t ho\u1ea1 s\u0129 n\u0103m nay gi\u1edbi thi\u1ec7u ho\u1ea1 s\u0129 T\u1ea1 Huy Long qua b\u00e0i vi\u1ebft c\u1ee7a Gi\u00e1ng Ng\u1ecdc: Ch\u00e0ng Gi\u00e1p D\u1ea7n v\u1ebd ch\u00fa D\u1ebf M\u00e8n. Ch\u00e2n dung \u201cho\u1ea1 s\u0129 c\u00f4ng ch\u1ee9c\u201d (nh\u01b0 T\u1ea1 Huy Long t\u1ef1 nh\u1eadn) \u0111\u01b0\u1ee3c hi\u1ec7n l\u00ean t\u1eeb nh\u1eefng ng\u00e0y \u1ea5u th\u01a1 trong c\u0103n ph\u00f2ng s\u1ed1 72 H\u00e0ng B\u1ed3 r\u1ed3i \u0111\u1ebfn giai \u0111o\u1ea1n \u0111\u1ea7u c\u1ee7a s\u1ef1 nghi\u1ec7p v\u1edbi Tranh truy\u1ec7n l\u1ecbch s\u1eed Vi\u1ec7t Nam; cho t\u1edbi nh\u1eefng t\u00ecm t\u00f2i m\u1edf l\u1ed1i sau n\u00e0y v\u1edbi minh ho\u1ea1 c\u00e1c cu\u1ed1n L\u0129nh Nam ch\u00edch qu\u00e1i, D\u1ebf M\u00e8n phi\u00eau l\u01b0u k\u00fd\u2026<\/p>\n<p>Ph\u1ea7n V\u0129 thanh cu\u1ed1i s\u00e1ch gi\u1edbi thi\u1ec7u hai b\u00e0i vi\u1ebft: M\u1ed9t t\u1edd b\u00e1o t\u1ebft n\u0103m con h\u1ed5 c\u1ee7a Y\u00ean Ba v\u00e0 M\u1ed9t \u201ckho\u1ea3ng tr\u1ed1ng\u201d c\u1ee7a T\u1ef1 l\u1ef1c v\u0103n \u0111o\u00e0n c\u1ee7a Nguy\u1ec5n Ng\u1ecdc Ho\u00e0i Nam. Hai nh\u00e0 s\u01b0u t\u1ea7m s\u00e1ch n\u1ed5i ti\u1ebfng \u0111\u00e3 cung c\u1ea5p nhi\u1ec1u th\u00f4ng tin th\u00fa v\u1ecb v\u1ec1 nh\u00f3m T\u1ef1 L\u1ef1c v\u0103n \u0111o\u00e0n.<\/p>\n<p>M\u1ed9t \u0111i\u1ec3m h\u1ea5p d\u1eabn c\u1ee7a S\u00e1ch T\u1ebft qua c\u00e1c n\u0103m l\u00e0 cu\u1ed1n s\u00e1ch c\u00f3 s\u1ef1 tham gia minh h\u1ecda c\u1ee7a nhi\u1ec1u th\u1ebf h\u1ec7 h\u1ecda s\u0129: t\u1eeb c\u00e1c ho\u1ea1 s\u0129 \u0111\u00e3 th\u00e0nh danh nh\u01b0 Th\u00e0nh Ch\u01b0\u01a1ng, L\u00ea Tr\u00ed D\u0169ng, \u0110\u1ed7 Ho\u00e0ng T\u01b0\u1eddng, \u0110\u00e0o H\u1ea3i Phong\u2026 \u0111\u1ebfn c\u00e1c ho\u1ea1 s\u0129 tr\u1ebb nh\u01b0 Kim Du\u1ea9n, Do\u00e3n Ho\u00e0ng Ki\u00ean, Nguy\u1ec5n Vi\u1ec7t C\u01b0\u1eddng\u2026 Nh\u1edd c\u00e1c minh ho\u1ea1 n\u00e0y, s\u1eafc xu\u00e2n c\u00e0ng th\u00eam r\u1ea1ng r\u1ee1, sinh \u0111\u1ed9ng tr\u00ean t\u1eebng trang s\u00e1ch.<\/p>\n<p>S\u00e1ch T\u1ebft Nh\u00e2m D\u1ea7n 2022 \u0111\u01b0\u1ee3c in m\u00e0u b\u1eb1ng c\u00f4ng ngh\u1ec7 m\u1ef1c vi sinh, tr\u00ean gi\u1ea5y Ford 120 gsm, c\u00f3 thi\u1ebft k\u1ebf \u0111\u1ed3ng b\u1ed9 v\u1edbi c\u00e1c cu\u1ed1n S\u00e1ch T\u1ebft \u0111\u00e3 xu\u1ea5t b\u1ea3n. M\u1ed7i cu\u1ed1n \u0111\u1ec1u \u0111\u01b0\u1ee3c \u0111\u00e1nh s\u1ed1 th\u1ee9 t\u1ef1 ri\u00eang.<\/p>\n","protected":false},"excerpt":{"rendered":"<p>S\u00e1ch T\u1ebft Nh\u00e2m D\u1ea7n 2022 l\u00e0 cu\u1ed1n s\u00e1ch th\u1ee9 t\u01b0 trong d\u1ef1 \u00e1n S\u00e1ch T\u1ebft c\u1ee7a \u0110\u00f4ng A, kh\u1edfi \u0111\u1ea7u v\u1edbi S\u00e1ch T\u1ebft K\u1ef7 H\u1ee3i 2019. Nh\u00e0 v\u0103n H\u1ed3 Anh Th\u00e1i ti\u1ebfp t\u1ee5c l\u00e0 ng\u01b0\u1eddi tuy\u1ec3n ch\u1ecdn c\u00e1c t\u00e1c ph\u1ea9m v\u0103n th\u01a1 nh\u1ea1c h\u1ecda ch\u1ee7 \u0111\u1ec1 m\u00f9a xu\u00e2n v\u00e0 ng\u00e0y t\u1ebft trong giai ph\u1ea9m n\u00e0y. Cu\u1ed1n s\u00e1ch \u0111\u01b0\u1ee3c chia l\u00e0m 6 ph\u1ea7n: K\u00fd \u1ee9c m\u00f9a xu\u00e2n, V\u0103n, Th\u01a1, Nh\u1ea1c, Ho\u1ea1, V\u0129 thanh \u0111\u01b0a ng\u01b0\u1eddi \u0111\u1ecdc tr\u1ea3i qua nhi\u1ec1u cung b\u1eadc c\u1ea3m x\u00fac kh\u00e1c nhau.<\/p>\n<p>M\u1edf \u0111\u1ea7u s\u00e1ch, b\u1ea1n \u0111\u1ecdc \u0111\u01b0\u1ee3c quay v\u1ec1 nh\u1eefng ng\u00e0y x\u01b0a c\u0169, nh\u00ecn l\u1ea1i nh\u1eefng ng\u00e0y t\u1ebft \u0111\u1ea7y lo toan b\u1eadn r\u1ed9n khi \u0111\u1eddi s\u1ed1ng c\u00f2n nhi\u1ec1u kh\u00f3 kh\u0103n v\u1ea5t v\u1ea3 trong C\u00e0nh \u0111\u00e0o, c\u00e2u \u0111\u1ed1i v\u00e0 ph\u00e1o c\u1ee7a Trung S\u1ef9, D\u01b0 \u00e2m x\u00f3m C\u00e2y G\u00f5 c\u1ee7a Ph\u1ea1m C\u00f4ng Lu\u1eadn hay Nh\u1edb m\u1ee1 c\u1ee7a \u0110\u1ed7 Ti\u1ebfn Thu\u1ef5&#8230; \u201cC\u00f3 nh\u1eefng ni\u1ec1m vui ch\u1ec9 xu\u1ea5t hi\u1ec7n khi m\u00ecnh th\u1ef1c s\u1ef1 ngh\u00e8o kh\u00f3, thi\u1ebfu th\u1ed1n. Gi\u1edd \u1ea5m \u00e1p, no \u0111\u1ee7 h\u01a1n c\u00f3 l\u1ebd c\u1ea7n ngh\u0129 nh\u1eefng c\u00e1ch l\u00e0m m\u1edbi, \u0111\u1ed5i thay \u0111\u1ec3 t\u1ebft kh\u1ecfi nh\u00e0m ch\u00e1n ho\u1eb7c m\u1ec7t m\u1ecfi. Nh\u1eefng c\u00e1i t\u1ebft c\u1ee7a th\u1eddi gian kh\u00f3 \u0111\u1ea7y h\u1ed3i h\u1ed9p v\u00e0 ph\u1ea5n kh\u00edch \u0111\u00e3 qua m\u1ea5t r\u1ed3i, c\u00f3 ai c\u00f2n nh\u1edb n\u1eefa kh\u00f4ng?\u201d (C\u00f3 ai c\u00f2n nh\u1edb c\u1ee7a U\u00f4ng Tri\u1ec1u).<\/p>\n<p>Ti\u1ebfp n\u1ed1i ph\u1ea7n K\u00fd \u1ee9c m\u00f9a xu\u00e2n, ph\u1ea7n V\u0103n s\u1ebd g\u1eedi \u0111\u1ebfn b\u1ea1n \u0111\u1ecdc s\u00e1ng t\u00e1c c\u1ee7a nhi\u1ec1u c\u00e2y b\u00fat t\u00ean tu\u1ed5i: Cao Huy Thu\u1ea7n, Ma V\u0103n Kh\u00e1ng, Nguy\u1ec5n Qu\u1ed1c Trung, Phan Th\u1ecb V\u00e0ng Anh\u2026 Nh\u1eefng c\u1ea3m x\u00fac m\u00f9a xu\u00e2n ti\u1ebfp t\u1ee5c \u0111\u01b0\u1ee3c kh\u01a1i g\u1ee3i trong nh\u1eefng v\u1ea7n th\u01a1 c\u1ee7a H\u1eefu Vi\u1ec7t, V\u00e2n Long, Ho\u00e0ng \u0110\u0103ng Khoa, Ph\u1ea1m Anh Xu\u00e2n\u2026 Ph\u1ea7n Th\u01a1 k\u1ebft th\u00fac v\u1edbi b\u00e0i b\u00ecnh c\u1ee7a t\u00e1c gi\u1ea3 Ho\u00e0i Nam v\u1ec1 b\u00e0i th\u01a1 Chi\u1ec1u xu\u00e2n c\u1ee7a n\u1eef s\u0129 Anh Th\u01a1.<\/p>\n<p>Giai ph\u1ea9m xu\u00e2n ti\u1ebfp t\u1ee5c n\u1ed1i d\u00e0i v\u1edbi ph\u1ea7n Nh\u1ea1c l\u00e0 c\u00e1c b\u00e0i c\u1ea3m nh\u1eadn tinh t\u1ebf c\u1ee7a Nguy\u1ec5n Th\u1ecb Minh Ch\u00e2u v\u1ec1 c\u00e1c nh\u1ea1c ph\u1ea9m: Kh\u00e1t v\u1ecdng m\u00f9a xu\u00e2n (Huy Du &#8211; Huy C\u1eeb), M\u00f9a xu\u00e2n b\u00ean c\u1eeda s\u1ed5 (Xu\u00e2n H\u1ed3ng &#8211; Song H\u1ea3o), T\u1eedu ca (Ph\u00f3 \u0110\u1ee9c Ph\u01b0\u01a1ng).<\/p>\n<p>\u1ede ph\u1ea7n Ho\u1ea1, chuy\u00ean m\u1ee5c M\u1ed7i n\u0103m m\u1ed9t ho\u1ea1 s\u0129 n\u0103m nay gi\u1edbi thi\u1ec7u ho\u1ea1 s\u0129 T\u1ea1 Huy Long qua b\u00e0i vi\u1ebft c\u1ee7a Gi\u00e1ng Ng\u1ecdc: Ch\u00e0ng Gi\u00e1p D\u1ea7n v\u1ebd ch\u00fa D\u1ebf M\u00e8n. Ch\u00e2n dung \u201cho\u1ea1 s\u0129 c\u00f4ng ch\u1ee9c\u201d (nh\u01b0 T\u1ea1 Huy Long t\u1ef1 nh\u1eadn) \u0111\u01b0\u1ee3c hi\u1ec7n l\u00ean t\u1eeb nh\u1eefng ng\u00e0y \u1ea5u th\u01a1 trong c\u0103n ph\u00f2ng s\u1ed1 72 H\u00e0ng B\u1ed3 r\u1ed3i \u0111\u1ebfn giai \u0111o\u1ea1n \u0111\u1ea7u c\u1ee7a s\u1ef1 nghi\u1ec7p v\u1edbi Tranh truy\u1ec7n l\u1ecbch s\u1eed Vi\u1ec7t Nam; cho t\u1edbi nh\u1eefng t\u00ecm t\u00f2i m\u1edf l\u1ed1i sau n\u00e0y v\u1edbi minh ho\u1ea1 c\u00e1c cu\u1ed1n L\u0129nh Nam ch\u00edch qu\u00e1i, D\u1ebf M\u00e8n phi\u00eau l\u01b0u k\u00fd\u2026<\/p>\n<p>Ph\u1ea7n V\u0129 thanh cu\u1ed1i s\u00e1ch gi\u1edbi thi\u1ec7u hai b\u00e0i vi\u1ebft: M\u1ed9t t\u1edd b\u00e1o t\u1ebft n\u0103m con h\u1ed5 c\u1ee7a Y\u00ean Ba v\u00e0 M\u1ed9t \u201ckho\u1ea3ng tr\u1ed1ng\u201d c\u1ee7a T\u1ef1 l\u1ef1c v\u0103n \u0111o\u00e0n c\u1ee7a Nguy\u1ec5n Ng\u1ecdc Ho\u00e0i Nam. Hai nh\u00e0 s\u01b0u t\u1ea7m s\u00e1ch n\u1ed5i ti\u1ebfng \u0111\u00e3 cung c\u1ea5p nhi\u1ec1u th\u00f4ng tin th\u00fa v\u1ecb v\u1ec1 nh\u00f3m T\u1ef1 L\u1ef1c v\u0103n \u0111o\u00e0n.<\/p>\n<p>M\u1ed9t \u0111i\u1ec3m h\u1ea5p d\u1eabn c\u1ee7a S\u00e1ch T\u1ebft qua c\u00e1c n\u0103m l\u00e0 cu\u1ed1n s\u00e1ch c\u00f3 s\u1ef1 tham gia minh h\u1ecda c\u1ee7a nhi\u1ec1u th\u1ebf h\u1ec7 h\u1ecda s\u0129: t\u1eeb c\u00e1c ho\u1ea1 s\u0129 \u0111\u00e3 th\u00e0nh danh nh\u01b0 Th\u00e0nh Ch\u01b0\u01a1ng, L\u00ea Tr\u00ed D\u0169ng, \u0110\u1ed7 Ho\u00e0ng T\u01b0\u1eddng, \u0110\u00e0o H\u1ea3i Phong\u2026 \u0111\u1ebfn c\u00e1c ho\u1ea1 s\u0129 tr\u1ebb nh\u01b0 Kim Du\u1ea9n, Do\u00e3n Ho\u00e0ng Ki\u00ean, Nguy\u1ec5n Vi\u1ec7t C\u01b0\u1eddng\u2026 Nh\u1edd c\u00e1c minh ho\u1ea1 n\u00e0y, s\u1eafc xu\u00e2n c\u00e0ng th\u00eam r\u1ea1ng r\u1ee1, sinh \u0111\u1ed9ng tr\u00ean t\u1eebng trang s\u00e1ch.<\/p>\n<p>S\u00e1ch T\u1ebft Nh\u00e2m D\u1ea7n 2022 \u0111\u01b0\u1ee3c in m\u00e0u b\u1eb1ng c\u00f4ng ngh\u1ec7 m\u1ef1c vi sinh, tr\u00ean gi\u1ea5y Ford 120 gsm, c\u00f3 thi\u1ebft k\u1ebf \u0111\u1ed3ng b\u1ed9 v\u1edbi c\u00e1c cu\u1ed1n S\u00e1ch T\u1ebft \u0111\u00e3 xu\u1ea5t b\u1ea3n. M\u1ed7i cu\u1ed1n \u0111\u1ec1u \u0111\u01b0\u1ee3c \u0111\u00e1nh s\u1ed1 th\u1ee9 t\u1ef1 ri\u00eang.<\/p>\n","protected":false},"featured_media":16534,"template":"","meta":{"_acf_changed":false},"product_brand":[],"product_cat":[18,17,15,71,26,46],"product_tag":[],"class_list":{"0":"post-16540","1":"product","2":"type-product","3":"status-publish","4":"has-post-thumbnail","6":"product_cat-kinh-te","7":"product_cat-sach-danh-cho-cac-be","8":"product_cat-sach-danh-cho-nguoi-lon","9":"product_cat-sach-tre-em-thuan-viet","10":"product_cat-thieu-nien-11-tuoi-18-tuoi","11":"product_cat-ky-nang-song","13":"first","14":"outofstock","15":"taxable","16":"shipping-taxable","17":"purchasable","18":"product-type-simple"},"supplier_id":null,"supplier_sku":"","barcode":null,"atum_controlled":true,"out_stock_date":"2022-01-09 09:52:05","out_stock_threshold":null,"inheritable":false,"inbound_stock":0,"stock_on_hold":0,"sold_today":0,"sales_last_days":0,"reserved_stock":0,"customer_returns":0,"warehouse_damage":0,"lost_in_post":0,"other_logs":0,"out_stock_days":1480,"lost_sales":0,"has_location":false,"update_date":"2026-01-28T23:10:57","atum_locations":[],"atum_stock_status":"outofstock","restock_status":false,"low_stock_amount":"","sales_update_date":"2026-01-28T23:10:57","calc_backorders":null,"acf":{"publisher":{"ID":1544,"post_author":"1","post_date":"2021-02-17 01:24:05","post_date_gmt":"2021-02-16 23:24:05","post_content":"","post_title":"\u0110\u00f4ng A","post_excerpt":"","post_status":"publish","comment_status":"closed","ping_status":"closed","post_password":"","post_name":"dong-a","to_ping":"","pinged":"","post_modified":"2021-02-17 01:24:05","post_modified_gmt":"2021-02-16 23:24:05","post_content_filtered":"","post_parent":0,"guid":"https:\/\/sachviet.eu\/nha-phat-hanh\/dong-a\/","menu_order":0,"post_type":"publisher","post_mime_type":"","comment_count":"0","filter":"raw"}},"_links":{"self":[{"href":"https:\/\/sachviet.eu\/en\/wp-json\/wp\/v2\/product\/16540","targetHints":{"allow":["GET"]}}],"collection":[{"href":"https:\/\/sachviet.eu\/en\/wp-json\/wp\/v2\/product"}],"about":[{"href":"https:\/\/sachviet.eu\/en\/wp-json\/wp\/v2\/types\/product"}],"wp:featuredmedia":[{"embeddable":true,"href":"https:\/\/sachviet.eu\/en\/wp-json\/wp\/v2\/media\/16534"}],"wp:attachment":[{"href":"https:\/\/sachviet.eu\/en\/wp-json\/wp\/v2\/media?parent=16540"}],"wp:term":[{"taxonomy":"product_brand","embeddable":true,"href":"https:\/\/sachviet.eu\/en\/wp-json\/wp\/v2\/product_brand?post=16540"},{"taxonomy":"product_cat","embeddable":true,"href":"https:\/\/sachviet.eu\/en\/wp-json\/wp\/v2\/product_cat?post=16540"},{"taxonomy":"product_tag","embeddable":true,"href":"https:\/\/sachviet.eu\/en\/wp-json\/wp\/v2\/product_tag?post=16540"}],"curies":[{"name":"wp","href":"https:\/\/api.w.org\/{rel}","templated":true}]}}