{"id":16531,"date":"2022-01-06T15:20:07","date_gmt":"2022-01-06T13:20:07","guid":{"rendered":"https:\/\/sachviet.eu\/shop\/chuyen-xom-ga-phan-2-bo-6-cuon\/"},"modified":"2024-08-25T22:41:47","modified_gmt":"2024-08-25T19:41:47","slug":"chuyen-xom-ga-phan-2-bo-6-cuon","status":"publish","type":"product","link":"https:\/\/sachviet.eu\/en\/shop\/chuyen-xom-ga-phan-2-bo-6-cuon\/","title":{"rendered":"Chuy\u1ec7n x\u00f3m g\u00e0 &#8211; Ph\u1ea7n 2 &#8211; B\u1ed9 6 cu\u1ed1n"},"content":{"rendered":"<p>B\u1ed9 X\u00f3m g\u00e0 ph\u1ea7n 2 g\u1ed3m 6 cu\u1ed1n:<\/p>\n<p>1. Ch\u1eb3ng ai nh\u00e1t nh\u01b0 c\u00e1y \u1edf x\u00f3m g\u00e0!<\/p>\n<p>2. Chi\u1ebfc n\u1ed3i l\u1edbn xui x\u1ebbo k\u1ef3 l\u1ea1<\/p>\n<p>3. N\u00e0ng g\u00e0 ng\u1ee7 trong r\u1eebng<\/p>\n<p>4. \u00d4ng Ba B\u1ecb tr\u00ean \u0111\u1ea3o Thi\u00ean \u0110\u01b0\u1eddng Mi\u1ec5n Ph\u00ed<\/p>\n<p>5. C\u0103n l\u1ec1u ma qu\u00e1i t\u1ea5n c\u00f4ng x\u00f3m g\u00e0<\/p>\n<p>6. Gia \u0111\u00ecnh c\u00fa tung ho\u00e0nh x\u00f3m g\u00e0<\/p>\n","protected":false},"excerpt":{"rendered":"<p>B\u1ecdn g\u00e0 nh\u00e0 qu\u00ea n\u00e0y n\u00f3 th\u1ef1c s\u1ef1 b\u1ef1a v\u00e0 \u0111\u00e1ng y\u00eau h\u1ebft ch\u1ed7 n\u00f3i. M\u00ecnh kh\u00f4ng bi\u1ebft \u1edf Ph\u00e1p tr\u1ecdn b\u1ed9 g\u1ed1c th\u00ec c\u00f3 bao nhi\u00eau t\u1eadp nh\u01b0ng Nh\u00e3 Nam \u0111\u00e3 t\u00e1i b\u1ea3n 16 cu\u1ed1n r\u1ed3i \u0111\u1ea5y. M\u1ed7i t\u1eadp truy\u1ec7n l\u00e0 m\u1ed7i b\u1ee9c tranh s\u1ed1ng \u0111\u1ed9ng v\u00e0 gi\u00e0u c\u1ea3m h\u1ee9ng v\u1ec1 gia \u0111\u00ecnh, t\u00ecnh c\u1ea3m, t\u00ecnh y\u00eau&#8230;c\u1ee7a c\u1ed9ng \u0111\u1ed3ng x\u00f3m g\u00e0 n\u01a1i v\u00f9ng n\u00f4ng th\u00f4n n\u01b0\u1edbc Ph\u00e1p. Kh\u00f4ng ch\u1ec9 th\u1ebf, b\u1ecdn g\u00e0 qu\u00e9 h\u00e2m h\u1ea5p nh\u1eafng nh\u00edt \u1ea5y c\u00f2n kh\u01a1i g\u1ee3i cho c\u00e1c con \u01b0\u1edbc m\u01a1 kh\u00e1m ph\u00e1 ngu\u1ed3n tri th\u1ee9c b\u1ea5t t\u1eadn v\u1ec1 khoa h\u1ecdc, l\u1ecbch s\u1eed&#8230; k\u00edch th\u00edch tr\u00ed t\u01b0\u1edfng t\u01b0\u1ee3ng v\u00e0 \u0111\u1ec3 l\u1ea1i nhi\u1ec1u b\u00e0i h\u1ecdc \u00fd ngh\u0129a, vun \u0111\u1eafp v\u00e0 n\u00e2ng niu t\u00e2m h\u1ed3n th\u01a1 tr\u1ebb v\u1edbi nh\u1eefng gi\u00e1 tr\u1ecb cu\u1ed9c s\u1ed1ng \u0111\u1ea7y nh\u00e2n v\u0103n n\u1eefa \u00fd.<br \/>\nChuy\u1ec7n x\u00f3m g\u00e0 r\u1ea5t \u0111\u1ed9c \u0111\u00e1o, h\u1ea5p d\u1eabn, m\u1edbi m\u1ebb, v\u1eeba ng\u1ed9 ngh\u0129nh v\u1eeba l\u1ea1 l\u00f9ng v\u00e0 n\u00f3 \u0111\u1eb7c bi\u1ec7t \u1edf ch\u1ed7 truy\u1ec7n v\u00e0 tranh k\u1ebft h\u1ee3p v\u1edbi nhau h\u1ebft s\u1ee9c \u0103n \u00fd, h\u1ebft s\u1ee9c tuy\u1ec7t v\u1eddi, kh\u00f4ng th\u1ec3 t\u01b0\u1edfng t\u01b0\u1ee3ng \u0111\u01b0\u1ee3c n\u1ebfu Chuy\u1ec7n X\u00f3m G\u00e0 m\u00e0 thi\u1ebfu \u0111i nh\u1eefng b\u1ee9c v\u1ebd minh ho\u1ea1 t\u1ebfu t\u00e1o sinh \u0111\u1ed9ng vui m\u1eaft \u1ea5y th\u00ec c\u00f3 c\u00f2n l\u00e0 Chuy\u1ec7n X\u00f3m G\u00e0 kh\u00f4ng n\u1eefa.<br \/>\nT\u00e1c gi\u1ea3 Christian Jolibois sinh n\u0103m 1948 t\u1ea1i Yveslines, Ph\u00e1p. B\u1ed9 Chuy\u1ec7n X\u00f3m G\u00e0 \u0111\u00e3 h\u00f3m h\u1ec9nh gi\u1edbi thi\u1ec7u v\u1ec1 \u00f4ng th\u1ebf n\u00e0y: l\u00e0 con trai b\u00ed m\u1eadt c\u1ee7a m\u1ed9t n\u00e0ng ti\u00ean c\u00e1 Ai Len tr\u1ee9 danh v\u00e0 m\u1ed9t ch\u00fa c\u00f3c \u00dd, nay Christian Jolibois \u0111\u00e3 \u0111\u01b0\u1ee3c 352 tu\u1ed5i. V\u1ed1n l\u00e0 ng\u01b0\u1eddi ph\u00e1t minh kh\u00f4ng bi\u1ebft m\u1ec7t m\u1ecfi ra nh\u1eefng c\u00e2u chuy\u1ec7n, nh\u1eefng \u0111i\u1ec1u ba x\u1ea1o v\u00e0 nh\u1eefng th\u1ee9 k\u1ef3 d\u1ecb, \u00f4ng n\u00f3i th\u00f4ng th\u1ea1o ti\u1ebfng l\u1ee3n, ti\u1ebfng c\u00e2y, ti\u1ebfng hoa h\u1ed3ng v\u00e0 ti\u1ebfng g\u00e0 gi\u00f2 =))), m\u00ecnh \u0111\u1ecdc \u0111\u1ebfn \u0111\u00e2y m\u00e0 c\u1ee9 c\u01b0\u1eddi nh\u01b0 m\u1ea5t tr\u00ed, eo \u00f4i c\u01b0ng ch\u1ebft \u0111i \u0111\u01b0\u1ee3c \u1ea5y!<br \/>\nHo\u1ea1 s\u0129 minh ho\u1ea1 Christian Heinrich sinh n\u0103m 1965 t\u1ea1i S\u00e9lestat, Ph\u00e1p. \u00d4ng t\u1ed1t nghi\u1ec7p ng\u00e0nh M\u1ef9 thu\u1eadt t\u1ea1i Strasbourg. \u00d4ng l\u00e0 ch\u00fa chim bay kh\u00f4ng bi\u1ebft m\u1ecfi, k\u1ebb n\u1ea1o m\u00e0u n\u01b0\u1edbc v\u00e0 l\u00e0m r\u1ed1i b\u00fat l\u00f4ng \u0111\u00e1ng g\u1eddm. Heinrich lu\u00f4n s\u1eb5n s\u00e0ng s\u1ea3i b\u01b0\u1edbc qua nh\u1eefng mi\u1ec1n l\u00e3nh th\u1ed5 hoang v\u1eafng m\u00eanh m\u00f4ng b\u1eb1ng trang gi\u1ea5y tr\u1eafng b\u00e9 nh\u1ecf c\u1ee7a m\u00ecnh. C\u00e1c b\u1ea1n h\u00e3y ng\u1eafm nh\u1eefng b\u1ee9c tranh \u00f4ng v\u1ebd, nh\u1ea5t l\u00e0 t\u1eebng n\u00e9t m\u1eb7t c\u1eed ch\u1ec9 \u0111i\u1ec7u b\u1ed9 c\u1ee7a b\u1ecdn g\u00e0, c\u00e1c b\u1ea1n s\u1ebd th\u1ea5y y\u00eau s\u1ef1 h\u00e0i h\u01b0\u1edbc v\u00e0 t\u00e0i n\u0103ng minh ho\u1ea1 c\u1ee7a \u00f4ng nhi\u1ec1u c\u1ee1 n\u00e0o.<\/p>\n","protected":false},"featured_media":16525,"template":"","meta":{"_acf_changed":false},"product_brand":[],"product_cat":[25,17,26],"product_tag":[],"class_list":{"0":"post-16531","1":"product","2":"type-product","3":"status-publish","4":"has-post-thumbnail","6":"product_cat-nhi-dong-6-tuoi-12-tuoi","7":"product_cat-sach-danh-cho-cac-be","8":"product_cat-thieu-nien-11-tuoi-18-tuoi","10":"first","11":"instock","12":"taxable","13":"shipping-taxable","14":"purchasable","15":"product-type-simple"},"supplier_id":null,"supplier_sku":"","barcode":null,"atum_controlled":true,"out_stock_date":null,"out_stock_threshold":null,"inheritable":false,"inbound_stock":0,"stock_on_hold":0,"sold_today":0,"sales_last_days":0,"reserved_stock":0,"customer_returns":0,"warehouse_damage":0,"lost_in_post":0,"other_logs":0,"out_stock_days":0,"lost_sales":0,"has_location":false,"update_date":"2026-01-28T23:11:24","atum_locations":[],"atum_stock_status":"instock","restock_status":false,"low_stock_amount":"","sales_update_date":"2026-01-28T23:11:24","calc_backorders":null,"acf":{"publisher":{"ID":1424,"post_author":"1","post_date":"2021-02-17 00:02:29","post_date_gmt":"2021-02-16 22:02:29","post_content":"<!-- wp:flatsome\/uxbuilder -->\n<h1 style=\"text-align: center\"><strong>Nh\u00e3 Nam<\/strong><\/h1>\n[row]\n\n[col span=\"6\" span__sm=\"12\"]\n\n[ux_image id=\"1438\" image_size=\"medium\"]\n\n\n[\/col]\n[col span=\"6\" span__sm=\"12\"]\n\n<p><strong>C\u00f4ng ty c\u1ed5 ph\u1ea7n V\u0103n h\u00f3a v\u00e0 Truy\u1ec1n th\u00f4ng Nh\u00e3 Nam<\/strong><\/p>\n<p>Th\u00e1ng 2 n\u0103m 2005, Nh\u00e3 Nam, t\u00ean \u0111\u1ea7y \u0111\u1ee7 l\u00e0 C\u00f4ng ty C\u1ed5 ph\u1ea7n V\u0103n h\u00f3a v\u00e0 Truy\u1ec1n th\u00f4ng Nh\u00e3 Nam \u0111\u00e3 gia nh\u1eadp th\u1ecb tr\u01b0\u1eddng s\u00e1ch. T\u00e1c ph\u1ea9m \"Balzac v\u00e0 c\u00f4 b\u00e9 th\u1ee3 may Trung hoa\" c\u1ee7a \u0110\u1edbi T\u01b0 Ki\u1ec7t l\u00e0 cu\u1ed1n s\u00e1ch \u0111\u1ea7u ti\u00ean \u0111\u01b0\u1ee3c nh\u1eefng ng\u01b0\u1eddi s\u00e1ng l\u1eadp Nh\u00e3 Nam xu\u1ea5t b\u1ea3n c\u1ea3 tr\u01b0\u1edbc khi c\u00f4ng ty ra \u0111\u1eddi. Ngay l\u1eadp t\u1ee9c t\u1eeb cu\u1ed1n s\u00e1ch \u0111\u1ea7u ti\u00ean, \u0111\u1ed9c gi\u1ea3 \u0111\u00e3 d\u00e0nh s\u1ef1 quan t\u00e2m v\u00e0 y\u00eau m\u1ebfn cho m\u1ed9t th\u01b0\u01a1ng hi\u1ec7u s\u00e1ch m\u1edbi m\u1ebb mang trong m\u00ecnh kh\u00e1t v\u1ecdng g\u00f3p ph\u1ea7n t\u1ea1o l\u1eadp di\u1ec7n m\u1ea1o m\u1edbi cho xu\u1ea5t b\u1ea3n v\u0103n h\u1ecdc t\u1ea1i Vi\u1ec7t Nam.<\/p>\n<p>L\u00f2ng say m\u00ea c\u1ee7a \u0111\u1ed9i ng\u0169 l\u00e0 vi\u00ean \u0111\u00e1 \u0111\u1ea7u ti\u00ean. Tr\u1ea3i qua m\u1ea5y n\u0103m ph\u00e1t tri\u1ec3n, Nh\u00e3 Nam \u0111\u00e3 \u0111\u01b0\u1ee3c x\u00e2y d\u1ef1ng d\u1ea7n l\u00ean trong di\u1ec7n m\u1ea1o m\u1ed9t nh\u00e0 xu\u1ea5t b\u1ea3n v\u1eefng ch\u00e3i v\u00e0 chuy\u00ean nghi\u1ec7p. S\u00e1u th\u00e1ng sau khi th\u00e0nh l\u1eadp c\u00f4ng ty, Nh\u1eadt k\u00fd \u0110\u1eb7ng Th\u00f9y Tr\u00e2m ra \u0111\u1eddi, t\u1ea1o n\u00ean m\u1ed9t c\u01a1n s\u1ed1t trong x\u00e3 h\u1ed9i, v\u1edbi g\u1ea7n 500,000 b\u1ea3n s\u00e1ch \u0111\u01b0\u1ee3c ph\u00e1t h\u00e0nh, ph\u00e1 m\u1ecdi k\u1ef7 l\u1ee5c v\u1ec1 xu\u1ea5t b\u1ea3n tr\u01b0\u1edbc \u0111\u00f3, k\u00e9o theo m\u1ed9t lo\u1ea1t nh\u1eefng hi\u1ec7u \u1ee9ng x\u00e3 h\u1ed9i v\u00e0 d\u01b0 lu\u1eadn c\u00f3 \u00fd ngh\u0129a. T\u1eeb \u0111\u00f3 tr\u1edf \u0111i, th\u00f4ng qua Nh\u00e3 Nam, c\u00e1c cu\u1ed1n s\u00e1ch v\u0103n h\u1ecdc n\u01b0\u1edbc ngo\u00e0i c\u00f3 gi\u00e1 tr\u1ecb \u0111\u01b0\u1ee3c li\u00ean t\u1ee5c mua b\u1ea3n quy\u1ec1n v\u00e0 xu\u1ea5t b\u1ea3n t\u1ea1i Vi\u1ec7t Nam, thu h\u00fat nhi\u1ec1u t\u1ea7ng l\u1edbp \u0111\u1ed9c gi\u1ea3. S\u00e1ch c\u1ee7a Nh\u00e3 Nam n\u1ed5i b\u1eadt b\u1edfi n\u1ed9i dung v\u0103n h\u1ecdc tinh t\u1ebf, b\u1edfi v\u1ebb \u0111\u1eb9p c\u1ee7a thi\u1ebft k\u1ebf hi\u1ec7n \u0111\u1ea1i \u1edf h\u00ecnh th\u1ee9c, b\u1edfi s\u1ef1 ch\u0103m ch\u00fat k\u1ef9 l\u01b0\u1ee1ng cho m\u1ed7i cu\u1ed1n s\u00e1ch nh\u01b0 m\u1ed9t con thuy\u1ec1n mang t\u1edbi ni\u1ec1m vui, tri th\u1ee9c, ng\u1ea1c nhi\u00ean, v\u00e0 \u0111\u1ed3ng c\u1ea3m.<\/p>\n\n[\/col]\n\n[\/row]\n<p style=\"text-align: left\">Hi\u1ec3u th\u1eddi \u0111\u1ea1i \u0111ang s\u1ed1ng th\u00f4ng qua s\u00e1ch, song h\u00e0nh v\u1edbi nh\u1eefng bi\u1ebfn chuy\u1ec3n s\u00e2u s\u1eafc trong l\u00f2ng x\u00e3 h\u1ed9i b\u1eb1ng nh\u1eefng ho\u1ea1t \u0111\u1ed9ng xu\u1ea5t b\u1ea3n mi\u1ec7t m\u00e0i v\u00e0 qu\u1ea3 c\u1ea3m, con \u0111\u01b0\u1eddng Nh\u00e3 Nam \u0111\u00e3 ch\u1ecdn \u0111\u1ec3 \u0111i s\u1ebd c\u00f2n d\u00e0i. Nhi\u1ec1u kh\u00f3 kh\u0103n, th\u1eed th\u00e1ch \u0111ang \u1edf ph\u00eda tr\u01b0\u1edbc. B\u01b0\u1edbc qua th\u1eddi k\u1ef3 s\u01a1 khai v\u1edbi nh\u1eefng b\u00e0i h\u1ecdc v\u00e0 nh\u1eefng kinh nghi\u1ec7m \u0111\u1ea7u ti\u00ean, Nh\u00e3 Nam gi\u1edd \u0111\u00e3 s\u1eb5n s\u00e0ng cho m\u1ed9t ch\u1eb7ng \u0111\u01b0\u1eddng ph\u00e1t tri\u1ec3n m\u1edbi. V\u00e0 ch\u00fang t\u00f4i mu\u1ed1n ho\u00e0n thi\u1ec7n m\u00ecnh trong s\u1ef1 c\u1ea7u th\u1ecb v\u00e0 c\u1ea9n tr\u1ecdng. T\u1ea5t c\u1ea3 v\u00ec m\u1ed9t gia s\u1ea3n s\u00e1ch to l\u1edbn, c\u00f3 s\u1ee9c s\u1ed1ng d\u00e0i l\u00e2u, c\u00f3 \u00fd ngh\u0129a v\u1edbi nhi\u1ec1u th\u1ebf h\u1ec7 b\u1ea1n \u0111\u1ecdc.<br \/>B\u1edfi v\u00ec s\u00e1ch l\u00e0 th\u1ebf gi\u1edbi.<\/p>\n<p><strong>\u0110\u00e2y l\u00e0 m\u1ed9t nh\u00e0 ph\u00e1t h\u00e0nh s\u00e1ch m\u00e0 SACHVIET.EU r\u1ea5t y\u00eau th\u00edch v\u00e0 tin t\u01b0\u1edfng. Nh\u00ecn \u0111\u01b0\u1ee3c t\u1ea7m \u1ea3nh h\u01b0\u1edfng c\u1ee7a Nh\u00e3 Nam qua t\u1eebng cu\u1ed1n s\u00e1ch, SACHVIET.EU li\u00ean h\u1ec7 h\u1ee3p t\u00e1c ngay v\u1edbi Nh\u00e3 Nam \u0111\u1ec3 \u0111em to\u00e0n b\u1ed9 nh\u1eefng t\u00e1c ph\u1ea9m m\u1edbi, hay nh\u1ea5t m\u00e0 Nh\u00e3 Nam c\u00f3 sang Ch\u00e2u \u00c2u, \u0111\u01b0a \u0111\u1ebfn cho \u0111\u1ed9c gi\u1ea3 c\u00f3 nhi\u1ec1u s\u1ef1 l\u1ef1a ch\u1ecdn phong ph\u00fa h\u01a1n c\u1ea3 s\u00e1ch cho tr\u1ebb em l\u1eabn ng\u01b0\u1eddi l\u1edbn.\u00a0<\/strong><\/p>\n\n<!-- \/wp:flatsome\/uxbuilder -->","post_title":"Nh\u00e3 Nam","post_excerpt":"","post_status":"publish","comment_status":"closed","ping_status":"closed","post_password":"","post_name":"nha-nam","to_ping":"","pinged":"","post_modified":"2022-12-19 23:15:33","post_modified_gmt":"2022-12-19 21:15:33","post_content_filtered":"","post_parent":0,"guid":"https:\/\/sachviet.eu\/?post_type=publisher&#038;p=1424","menu_order":0,"post_type":"publisher","post_mime_type":"","comment_count":"0","filter":"raw"}},"_links":{"self":[{"href":"https:\/\/sachviet.eu\/en\/wp-json\/wp\/v2\/product\/16531","targetHints":{"allow":["GET"]}}],"collection":[{"href":"https:\/\/sachviet.eu\/en\/wp-json\/wp\/v2\/product"}],"about":[{"href":"https:\/\/sachviet.eu\/en\/wp-json\/wp\/v2\/types\/product"}],"wp:featuredmedia":[{"embeddable":true,"href":"https:\/\/sachviet.eu\/en\/wp-json\/wp\/v2\/media\/16525"}],"wp:attachment":[{"href":"https:\/\/sachviet.eu\/en\/wp-json\/wp\/v2\/media?parent=16531"}],"wp:term":[{"taxonomy":"product_brand","embeddable":true,"href":"https:\/\/sachviet.eu\/en\/wp-json\/wp\/v2\/product_brand?post=16531"},{"taxonomy":"product_cat","embeddable":true,"href":"https:\/\/sachviet.eu\/en\/wp-json\/wp\/v2\/product_cat?post=16531"},{"taxonomy":"product_tag","embeddable":true,"href":"https:\/\/sachviet.eu\/en\/wp-json\/wp\/v2\/product_tag?post=16531"}],"curies":[{"name":"wp","href":"https:\/\/api.w.org\/{rel}","templated":true}]}}