{"id":16524,"date":"2022-01-06T15:19:51","date_gmt":"2022-01-06T13:19:51","guid":{"rendered":"https:\/\/sachviet.eu\/shop\/moi-tuoi-moi-tai-12-con-giap\/"},"modified":"2026-02-19T13:12:30","modified_gmt":"2026-02-19T11:12:30","slug":"moi-tuoi-moi-tai-12-con-giap","status":"publish","type":"product","link":"https:\/\/sachviet.eu\/en\/shop\/moi-tuoi-moi-tai-12-con-giap\/","title":{"rendered":"M\u1ed7i Tu\u1ed5i M\u1ed7i T\u00e0i &#8211; 12 Con Gi\u00e1p"},"content":{"rendered":"<p>\u201cCon gi\u00e1p\u201d l\u00e0 nh\u1eefng con v\u1eadt \u0111\u01b0\u1ee3c m\u1ed9t s\u1ed1 qu\u1ed1c gia ch\u00e2u \u00c1 d\u00f9ng \u0111\u1ec3 ch\u1ec9 c\u00e1c m\u1ed1c th\u1eddi gian. Ng\u00e0y nay, nhi\u1ec1u ng\u01b0\u1eddi v\u1eabn c\u00f2n th\u1eafc m\u1eafc ngu\u1ed3n g\u1ed1c c\u1ee7a 12 con gi\u00e1p. T\u1ea1i sao l\u1ea1i l\u00e0 T\u00ed, S\u1eedu, D\u1ea7n, M\u00e3o, Th\u00ecn, T\u1ecb, Ng\u1ecd, M\u00f9i, Th\u00e2n, D\u1eadu, Tu\u1ea5t, H\u1ee3i v\u00e0 \u0111\u01b0\u1ee3c x\u1ebfp theo th\u1ee9 t\u1ef1 nh\u01b0 v\u1eady nh\u1ec9?<\/p>\n<p>C\u00f9ng kh\u00e1m ph\u00e1 nh\u1eefng b\u00ed m\u1eadt si\u00eau th\u00fa v\u1ecb v\u1ec1 12 con gi\u00e1p, t\u00ednh c\u00e1ch c\u1ee7a 12 con gi\u00e1p c\u00f9ng nh\u1eefng phong t\u1ee5c T\u1ebft Nguy\u00ean \u0111\u00e1n \u0111\u1eb7c bi\u1ec7t kh\u00e1c trong cu\u1ed1n s\u00e1ch tranh xinh x\u1eafn, ng\u1ed9 ngh\u0129nh n\u00e0y nh\u00e9!<\/p>\n","protected":false},"excerpt":{"rendered":"<p>\u201cCon gi\u00e1p\u201d l\u00e0 nh\u1eefng con v\u1eadt \u0111\u01b0\u1ee3c m\u1ed9t s\u1ed1 qu\u1ed1c gia ch\u00e2u \u00c1 d\u00f9ng \u0111\u1ec3 ch\u1ec9 c\u00e1c m\u1ed1c th\u1eddi gian. Ng\u00e0y nay, nhi\u1ec1u ng\u01b0\u1eddi v\u1eabn c\u00f2n th\u1eafc m\u1eafc ngu\u1ed3n g\u1ed1c c\u1ee7a 12 con gi\u00e1p. T\u1ea1i sao l\u1ea1i l\u00e0 T\u00ed, S\u1eedu, D\u1ea7n, M\u00e3o, Th\u00ecn, T\u1ecb, Ng\u1ecd, M\u00f9i, Th\u00e2n, D\u1eadu, Tu\u1ea5t, H\u1ee3i v\u00e0 \u0111\u01b0\u1ee3c x\u1ebfp theo th\u1ee9 t\u1ef1 nh\u01b0 v\u1eady nh\u1ec9?<\/p>\n<p>C\u00f9ng kh\u00e1m ph\u00e1 nh\u1eefng b\u00ed m\u1eadt si\u00eau th\u00fa v\u1ecb v\u1ec1 12 con gi\u00e1p, t\u00ednh c\u00e1ch c\u1ee7a 12 con gi\u00e1p c\u00f9ng nh\u1eefng phong t\u1ee5c T\u1ebft Nguy\u00ean \u0111\u00e1n \u0111\u1eb7c bi\u1ec7t kh\u00e1c trong cu\u1ed1n s\u00e1ch tranh xinh x\u1eafn, ng\u1ed9 ngh\u0129nh n\u00e0y nh\u00e9!<\/p>\n","protected":false},"featured_media":16523,"template":"","meta":{"_acf_changed":false},"product_brand":[],"product_cat":[24,25,17,71,26],"product_tag":[],"class_list":{"0":"post-16524","1":"product","2":"type-product","3":"status-publish","4":"has-post-thumbnail","6":"product_cat-nha-tre-mau-giao-0-tuoi-6-tuoi","7":"product_cat-nhi-dong-6-tuoi-12-tuoi","8":"product_cat-sach-danh-cho-cac-be","9":"product_cat-sach-tre-em-thuan-viet","10":"product_cat-thieu-nien-11-tuoi-18-tuoi","12":"first","13":"instock","14":"featured","15":"taxable","16":"shipping-taxable","17":"purchasable","18":"product-type-simple"},"supplier_id":null,"supplier_sku":"","barcode":null,"atum_controlled":true,"out_stock_date":null,"out_stock_threshold":null,"inheritable":false,"inbound_stock":0,"stock_on_hold":0,"sold_today":0,"sales_last_days":0,"reserved_stock":0,"customer_returns":0,"warehouse_damage":0,"lost_in_post":0,"other_logs":0,"out_stock_days":0,"lost_sales":0,"has_location":false,"update_date":"2026-03-15T22:56:15","atum_locations":[],"atum_stock_status":"instock","restock_status":false,"low_stock_amount":"","sales_update_date":"2026-03-15T22:56:15","calc_backorders":null,"acf":{"publisher":{"ID":1454,"post_author":"1","post_date":"2021-02-17 01:11:34","post_date_gmt":"2021-02-16 23:11:34","post_content":"<!-- wp:flatsome\/uxbuilder -->\n<h1 style=\"text-align: center;\"><strong>Kim \u0110\u1ed3ng<\/strong><\/h1>\n[row]\n\n[col span=\"3\" span__sm=\"12\"]\n\n[ux_image id=\"1534\" image_size=\"medium\"]\n\n\n[\/col]\n[col span=\"9\" span__sm=\"12\"]\n\n<p>Nh\u00e0 xu\u1ea5t b\u1ea3n Kim \u0110\u1ed3ng tr\u1ef1c thu\u1ed9c Trung \u01b0\u01a1ng \u0110o\u00e0n TNCS H\u1ed3 Ch\u00ed Minh l\u00e0 Nh\u00e0 xu\u1ea5t b\u1ea3n t\u1ed5ng h\u1ee3p c\u00f3 ch\u1ee9c n\u0103ng xu\u1ea5t b\u1ea3n s\u00e1ch v\u00e0 v\u0103n h\u00f3a ph\u1ea9m ph\u1ee5c v\u1ee5 thi\u1ebfu nhi v\u00e0 c\u00e1c b\u1eadc ph\u1ee5 huynh trong c\u1ea3 n\u01b0\u1edbc, qu\u1ea3ng b\u00e1 v\u00e0 gi\u1edbi thi\u1ec7u v\u0103n h\u00f3a Vi\u1ec7t Nam ra th\u1ebf gi\u1edbi.<br \/>Nh\u00e0 xu\u1ea5t b\u1ea3n c\u00f3 nhi\u1ec7m v\u1ee5 t\u1ed5 ch\u1ee9c b\u1ea3n th\u1ea3o, bi\u00ean so\u1ea1n, bi\u00ean d\u1ecbch, xu\u1ea5t b\u1ea3n v\u00e0 ph\u00e1t h\u00e0nh c\u00e1c xu\u1ea5t b\u1ea3n ph\u1ea9m c\u00f3 n\u1ed9i dung: gi\u00e1o d\u1ee5c truy\u1ec1n th\u1ed1ng d\u00e2n t\u1ed9c, gi\u00e1o d\u1ee5c v\u1ec1 tri th\u1ee9c, ki\u1ebfn th\u1ee9c\u2026 tr\u00ean c\u00e1c l\u0129nh v\u1ef1c v\u0103n h\u1ecdc, ngh\u1ec7 thu\u1eadt, khoa h\u1ecdc k\u1ef9 thu\u1eadt nh\u1eb1m cung c\u1ea5p cho c\u00e1c em thi\u1ebfu nhi c\u0169ng nh\u01b0 c\u00e1c b\u1eadc ph\u1ee5 huynh c\u00e1c ki\u1ebfn th\u1ee9c c\u1ea7n thi\u1ebft trong cu\u1ed9c s\u1ed1ng, nh\u1eefng tinh hoa c\u1ee7a tri th\u1ee9c nh\u00e2n lo\u1ea1i nh\u1eb1m g\u00f3p ph\u1ea7n gi\u00e1o d\u1ee5c v\u00e0 h\u00ecnh th\u00e0nh nh\u00e2n c\u00e1ch th\u1ebf h\u1ec7 tr\u1ebb.<br \/>\u0110\u1ed1i t\u01b0\u1ee3ng ph\u1ee5c v\u1ee5 c\u1ee7a Nh\u00e0 xu\u1ea5t b\u1ea3n l\u00e0 c\u00e1c em t\u1eeb tu\u1ed5i nh\u00e0 tr\u1ebb m\u1eabu gi\u00e1o (1 \u0111\u1ebfn 5 tu\u1ed5i), nhi \u0111\u1ed3ng (6 \u0111\u1ebfn 9 tu\u1ed5i), thi\u1ebfu ni\u00ean (10 \u0111\u1ebfn 15 tu\u1ed5i) \u0111\u1ebfn c\u00e1c em tu\u1ed5i m\u1edbi l\u1edbn (16 \u0111\u1ebfn 18 tu\u1ed5i) v\u00e0 c\u00e1c b\u1eadc ph\u1ee5 huynh.<\/p>\n\n[\/col]\n\n[\/row]\n\n<!-- \/wp:flatsome\/uxbuilder -->","post_title":"Kim \u0110\u1ed3ng","post_excerpt":"","post_status":"publish","comment_status":"closed","ping_status":"closed","post_password":"","post_name":"kim-dong","to_ping":"","pinged":"","post_modified":"2021-02-17 01:31:56","post_modified_gmt":"2021-02-16 23:31:56","post_content_filtered":"","post_parent":0,"guid":"https:\/\/sachviet.eu\/nha-phat-hanh\/kim-dong\/","menu_order":0,"post_type":"publisher","post_mime_type":"","comment_count":"0","filter":"raw"}},"_links":{"self":[{"href":"https:\/\/sachviet.eu\/en\/wp-json\/wp\/v2\/product\/16524","targetHints":{"allow":["GET"]}}],"collection":[{"href":"https:\/\/sachviet.eu\/en\/wp-json\/wp\/v2\/product"}],"about":[{"href":"https:\/\/sachviet.eu\/en\/wp-json\/wp\/v2\/types\/product"}],"wp:featuredmedia":[{"embeddable":true,"href":"https:\/\/sachviet.eu\/en\/wp-json\/wp\/v2\/media\/16523"}],"wp:attachment":[{"href":"https:\/\/sachviet.eu\/en\/wp-json\/wp\/v2\/media?parent=16524"}],"wp:term":[{"taxonomy":"product_brand","embeddable":true,"href":"https:\/\/sachviet.eu\/en\/wp-json\/wp\/v2\/product_brand?post=16524"},{"taxonomy":"product_cat","embeddable":true,"href":"https:\/\/sachviet.eu\/en\/wp-json\/wp\/v2\/product_cat?post=16524"},{"taxonomy":"product_tag","embeddable":true,"href":"https:\/\/sachviet.eu\/en\/wp-json\/wp\/v2\/product_tag?post=16524"}],"curies":[{"name":"wp","href":"https:\/\/api.w.org\/{rel}","templated":true}]}}