{"id":16516,"date":"2022-01-04T23:32:24","date_gmt":"2022-01-04T21:32:24","guid":{"rendered":"https:\/\/sachviet.eu\/shop\/xu-cat-dune-tai-ban-2021\/"},"modified":"2024-04-18T14:29:39","modified_gmt":"2024-04-18T11:29:39","slug":"xu-cat-dune-tai-ban-2021","status":"publish","type":"product","link":"https:\/\/sachviet.eu\/en\/shop\/xu-cat-dune-tai-ban-2021\/","title":{"rendered":"X\u1ee9 c\u00e1t &#8211; Dune"},"content":{"rendered":"<p>S\u01a1 l\u01b0\u1ee3c v\u1ec1 t\u00e1c ph\u1ea9m<\/p>\n<p>M\u1ed9t th\u1eddi \u0111i\u1ec3m r\u1ea5t xa trong t\u01b0\u01a1ng lai\u2026<\/p>\n<p>T\u1eeb \u0111\u1eddi n\u00e0y sang \u0111\u1eddi kh\u00e1c, ng\u01b0\u1eddi Fremen tr\u00ean h\u00e0nh tinh sa m\u1ea1c l\u01b0u truy\u1ec1n l\u1eddi ti\u00ean tri v\u1ec1 m\u1ed9t \u0111\u1ea5ng c\u1ee9u tinh s\u1ebd d\u1eabn d\u1eaft h\u1ecd gi\u00e0nh l\u1ea5y t\u1ef1 do \u0111\u00edch th\u1ef1c\u2026<\/p>\n<p>T\u1eeb th\u1ebf h\u1ec7 n\u00e0y sang th\u1ebf h\u1ec7 kh\u00e1c, nh\u1eefng n\u1eef ph\u00f9 th\u1ee7y Bene Gesserit m\u1ecfi m\u00f2n ch\u1edd \u0111\u1ee3i s\u1ef1 xu\u1ea5t hi\u1ec7n c\u1ee7a m\u1ed9t B.G. nam gi\u1edbi duy nh\u1ea5t, ng\u01b0\u1eddi c\u00f3 th\u1ec3 v\u01b0\u1ee3t qua m\u1ecdi gi\u1edbi h\u1ea1n kh\u00f4ng gian &#8211; th\u1eddi gian\u2026<\/p>\n<p>L\u00e0 Lisal al-Gaib c\u1ee7a ng\u01b0\u1eddi Fremen, l\u00e0 Kwisatz Haderach c\u1ee7a h\u1ecdc vi\u1ec7n Bene Gesserit, ch\u00e0ng c\u00f4ng t\u01b0\u1edbc tr\u1ebb tu\u1ed5i Paul Atreides \u0111\u00e3 l\u00e0m t\u1ea5t c\u1ea3 nh\u1eefng g\u00ec c\u00f3 th\u1ec3 \u0111\u1ec3 thay \u0111\u1ed5i \u0111\u1ecbnh m\u1ec7nh \u0111\u00f3. Cha b\u1ecb gi\u1ebft ch\u1ebft, m\u1eb9 b\u1ecb cho l\u00e0 k\u1ebb ph\u1ea3n b\u1ed9i, gia t\u1ed9c b\u1ecb t\u00e0n s\u00e1t, b\u1ea3n th\u00e2n b\u1ecb s\u0103n \u0111u\u1ed5i \u0111\u1ebfn \u0111\u01b0\u1eddng c\u00f9ng, Paul \u0111\u01a1n \u0111\u1ed9c d\u1ea5n th\u00e2n v\u00e0o m\u1ed9t cu\u1ed9c phi\u00eau l\u01b0u sinh t\u1eed, kh\u00f4ng h\u1ec1 bi\u1ebft r\u1eb1ng m\u1ed7i h\u00e0nh \u0111\u1ed9ng c\u1ee7a m\u00ecnh s\u1ebd g\u00f3p ph\u1ea7n quy\u1ebft \u0111\u1ecbnh v\u1eadn m\u1ec7nh c\u1ee7a c\u1ea3 thi\u00ean h\u00e0. Sa m\u1ea1c Arrakis kh\u1eafc nghi\u1ec7t t\u01b0\u1edfng nh\u01b0 s\u1ebd l\u00e0 n\u01a1i ch\u00f4n v\u00f9i v\u0129nh vi\u1ec5n vinh quang c\u1ee7a gia t\u1ed9c Atreides, nh\u01b0ng h\u00f3a ra l\u1ea1i th\u00e0nh \u0111i\u1ec3m kh\u1edfi \u0111\u1ea7u cho m\u1ed9t huy\u1ec1n tho\u1ea1i m\u1edbi\u2026<\/p>\n<p>L\u00e0 m\u1ed9t trong nh\u1eefng cu\u1ed1n ti\u1ec3u thuy\u1ebft khoa h\u1ecdc gi\u1ea3 t\u01b0\u1edfng b\u00e1n ch\u1ea1y nh\u1ea5t m\u1ecdi th\u1eddi \u0111\u1ea1i, X\u1ee9 C\u00e1t kh\u00f4ng ch\u1ec9 l\u00e0 l\u1ef1a ch\u1ecdn \u0111\u1ed1i v\u1edbi nh\u1eefng t\u00edn \u0111\u1ed3 c\u1ee7a Ch\u00faa nh\u1eabn, Chi\u1ebfn tranh gi\u1eefa c\u00e1c v\u00ec sao\u2026 m\u00e0 c\u00f2n chinh ph\u1ee5c \u0111\u1ed9c gi\u1ea3 \u0111\u1ee7 m\u1ecdi l\u1ee9a tu\u1ed5i, m\u1ecdi t\u1ea7ng l\u1edbp v\u00e0 s\u1edf th\u00edch b\u1edfi s\u1ef1 \u0111a d\u1ea1ng v\u00e0 ph\u1ee9c t\u1ea1p c\u1ee7a con ng\u01b0\u1eddi v\u00e0 kh\u00f4ng gian trong truy\u1ec7n, b\u1edfi s\u1ef1 tinh t\u1ebf trong x\u00e2y d\u1ef1ng t\u00e2m l\u00fd, b\u1edfi s\u1ef1 h\u1ea5p d\u1eabn, c\u0103ng th\u1eb3ng v\u00e0 b\u1ea5t ng\u1edd c\u1ee7a c\u1ed1t truy\u1ec7n, b\u1edfi s\u1ef1 \u0111\u1ed9c \u0111\u00e1o v\u00e0 th\u00fa v\u1ecb c\u1ee7a kh\u1ed1i l\u01b0\u1ee3ng ki\u1ebfn th\u1ee9c kh\u1ed5ng l\u1ed3 c\u0169ng nh\u01b0 b\u1edfi s\u1ef1 h\u1ea5p d\u1eabn trong nh\u1eefng t\u01b0 t\u01b0\u1edfng v\u1ec1 t\u00f4n gi\u00e1o, v\u1ec1 t\u1ef1 do, v\u1ec1 t\u00ecnh y\u00eau, v\u1ec1 s\u1ef1 s\u1ed1ng v\u00e0 c\u00e1i ch\u1ebft\u2026<\/p>\n<p>Nh\u1eadn \u0111\u1ecbnh<\/p>\n<p>\u0110\u1ed9c nh\u1ea5t v\u00f4 nh\u1ecb\u2026 Kh\u00f4ng g\u00ec c\u00f3 th\u1ec3 s\u00e1nh n\u1ed5i, ngo\u1ea1i tr\u1eeb Ch\u00faa nh\u1eabn.<\/p>\n<p>Arthur C. Clarke<\/p>\n<p>C\u00f3 l\u1ebd kh\u00f3 kh\u0103n l\u1edbn nh\u1ea5t khi \u0111\u1ecdc quy\u1ec3n s\u00e1ch n\u00e0y ch\u00ednh l\u00e0 ph\u1ea3i \u0111\u1eb7t n\u00f3 xu\u1ed1ng.<\/p>\n<p>Classic Sci-Fi<\/p>\n<p>\u201cB\u1ee9c tranh to\u00e0n c\u1ea3nh v\u1ec1 m\u1ed9t x\u00e3 h\u1ed9i ngo\u00e0i h\u00e0nh tinh ho\u00e0n thi\u1ec7n v\u00e0 chi ti\u1ebft h\u01a1n b\u1ea5t k\u1ef3 t\u00e1c gi\u1ea3 n\u00e0o trong l\u0129nh v\u1ef1c n\u00e0y t\u1eebng d\u1ef1ng \u0111\u01b0\u1ee3c\u2026 M\u1ed9t c\u00e2u chuy\u1ec7n l\u00f4i cu\u1ed1n v\u1eeba b\u1edfi h\u00e0nh \u0111\u1ed9ng v\u1eeba b\u1edfi t\u1ea7m nh\u00ecn tri\u1ebft h\u1ecdc.\u201d<\/p>\n<p>Washington Post Book World<\/p>\n","protected":false},"excerpt":{"rendered":"<p>M\u1ed9t ti\u1ec3u thuy\u1ebft khoa h\u1ecdc gi\u1ea3 t\u01b0\u1edfng b\u00e1n ch\u1ea1y nh\u1ea5t.<\/p>\n<p>X\u1ee9 c\u00e1t \u0111\u01b0\u1ee3c xu\u1ea5t b\u1ea3n l\u1ea7n \u0111\u1ea7u n\u0103m 1965, v\u00e0 Frank Herbert, t\u00e1c gi\u1ea3, \u0111\u00e3 thu ph\u1ee5c \u0111\u01b0\u1ee3c m\u1ed9t l\u01b0\u1ee3ng ng\u01b0\u1eddi \u0111\u1ecdc kh\u1ed5ng l\u1ed3 tr\u00ean Tr\u00e1i \u0110\u1ea5t, k\u00e8m theo \u0111\u00f3 l\u00e0 nh\u1eefng gi\u1ea3i th\u01b0\u1edfng ph\u1ea3i c\u00f3 nh\u01b0 gi\u1ea3i th\u01b0\u1edfng Nebula d\u00e0nh cho Ti\u1ec3u thuy\u1ebft Khoa h\u1ecdc gi\u1ea3 t\u01b0\u1edfng hay nh\u1ea5t v\u00e0 gi\u1ea3i Hugo v\u00e0o c\u00f9ng n\u0103m \u0111\u00f3 (1965). Nh\u1eefng \u00fd t\u01b0\u1edfng \u0111\u1ea7u ti\u00ean v\u1ec1 X\u1ee9 c\u00e1t xu\u1ea5t hi\u1ec7n khi \u00f4ng vi\u1ebft b\u00e0i cho m\u1ed9t t\u1eadp san v\u1ec1 v\u1ea5n \u0111\u1ec1 sa m\u1ea1c h\u00f3a \u1edf Oregon, M\u1ef9, v\u00e0o n\u0103m 1956. X\u1ee9 c\u00e1t ban \u0111\u1ea7u b\u1ecb 23 nh\u00e0 xu\u1ea5t b\u1ea3n t\u1eeb ch\u1ed1i b\u1ea3n th\u1ea3o, tr\u01b0\u1edbc khi Chilton Books, m\u1ed9t nh\u00e0 xu\u1ea5t b\u1ea3n nh\u1ecf v\u00e0 n\u1ed5i ti\u1ebfng v\u1ec1 s\u00e1ch s\u1eeda ch\u1eefa \u00f4 t\u00f4, \u0111\u1ed3ng \u00fd xu\u1ea5t b\u1ea3n.<\/p>\n<p>Th\u1eadt kh\u00f4ng ngoa khi n\u00f3i \u0111\u00e2y l\u00e0 m\u1ed9t cu\u1ed1n ti\u1ec3u thuy\u1ebft khoa h\u1ecdc gi\u1ea3 t\u01b0\u1edfng b\u00e1n ch\u1ea1y nh\u1ea5t m\u1ecdi th\u1eddi \u0111\u1ea1i, kh\u00f4ng m\u1ed9t t\u00e1c gi\u1ea3 n\u00e0o kh\u00e1c l\u1ea1i c\u00f3 th\u1ec3 vi\u1ebft \u0111\u01b0\u1ee3c m\u1ed9t cu\u1ed1n s\u00e1ch v\u01b0\u1ee3t qua \u0111\u01b0\u1ee3c X\u1ee9 c\u00e1t. Ch\u1ec9 h\u01a1n 600 trang nh\u01b0ng X\u1ee9 c\u00e1t ch\u1ee9a \u0111\u1ef1ng trong \u0111\u00f3 c\u1ea3 m\u1ed9t v\u0169 tr\u1ee5 r\u1ed9ng l\u1edbn, m\u1ed9t h\u1ec7 sinh th\u00e1i, ch\u00ednh tr\u1ecb, t\u00f4n gi\u00e1o v\u00e0 tri\u1ebft l\u00fd khi\u1ebfn ng\u01b0\u1eddi \u0111\u1ecdc n\u00f3 ph\u1ea3i cho\u00e1ng ng\u1ee3p, ph\u1ea3i n\u1ec3 ph\u1ee5c n\u01a1i t\u00e1c gi\u1ea3 v\u00e0 10 n\u0103m \u00f4ng d\u00e0nh cho X\u1ee9 c\u00e1t. V\u00e0 t\u1ea5t nhi\u00ean, nhi\u1ec1u ng\u01b0\u1eddi th\u00edch X\u1ee9 c\u00e1t nh\u01b0ng c\u0169ng kh\u00f4ng \u00edt \u0111\u1ecdc gi\u1ea3 l\u1ea1i c\u1ea3m th\u1ea5y kh\u00f3 h\u1ea5p thu \u0111\u01b0\u1ee3c cu\u1ed1n ti\u1ec3u thuy\u1ebft t\u01b0\u1edfng ch\u1eebng nh\u01b0 d\u1ec5 d\u00e3i n\u00e0y. V\u00e0o 28 th\u00e1ng 9 n\u0103m 2007, k\u1ec3 t\u1eeb khi ra m\u1eaft l\u1ea7n \u0111\u1ea7u ti\u00ean v\u00e0o n\u0103m 1965, X\u1ee9 c\u00e1t \u0111\u00e3 b\u00e1n \u0111\u01b0\u1ee3c h\u01a1n 12 tri\u1ec7u b\u1ea3n tr\u00ean to\u00e0n th\u1ebf gi\u1edbi, tr\u1edf th\u00e0nh ti\u1ec3u thuy\u1ebft khoa h\u1ecdc vi\u1ec5n t\u01b0\u1edfng b\u00e1n ch\u1ea1y nh\u1ea5t m\u1ecdi th\u1eddi \u0111\u1ea1i, v\u00e0 X\u1ee9 c\u00e1t c\u1ee7a Frank Herbert l\u00e0 m\u1ed9t trong nh\u1eefng \u0111\u00f3ng g\u00f3p v\u0129 \u0111\u1ea1i nh\u1ea5t c\u1ee7a th\u1ebf k\u1ef7 20 cho v\u0103n h\u1ecdc.<\/p>\n<p>N\u1ebfu b\u1ea1n th\u00edch m\u1ed9t t\u01b0\u01a1ng lai xa x\u00f4i c\u1ee7a con ng\u01b0\u1eddi, m\u1ed9t ti\u1ec3u thuy\u1ebft \u0111\u1ec3 b\u1ea1n t\u00e2m \u0111\u1eafc v\u00e0 th\u1eed th\u00e1ch ch\u00ednh m\u00ecnh, h\u00e3y \u0111\u1ecdc X\u1ee9 c\u00e1t v\u00e0 t\u1ef1 m\u00ecnh c\u1ea3m nh\u1eadn.<\/p>\n","protected":false},"featured_media":16514,"template":"","meta":{"_acf_changed":false},"product_brand":[],"product_cat":[15,45],"product_tag":[81],"class_list":{"0":"post-16516","1":"product","2":"type-product","3":"status-publish","4":"has-post-thumbnail","6":"product_cat-sach-danh-cho-nguoi-lon","7":"product_cat-tieu-thuyet","8":"product_tag-sach-gia-uu-dai","10":"first","11":"outofstock","12":"sale","13":"taxable","14":"shipping-taxable","15":"purchasable","16":"product-type-simple"},"supplier_id":null,"supplier_sku":"","barcode":null,"atum_controlled":true,"out_stock_date":"2024-04-18 11:29:39","out_stock_threshold":null,"inheritable":false,"inbound_stock":0,"stock_on_hold":0,"sold_today":0,"sales_last_days":0,"reserved_stock":0,"customer_returns":0,"warehouse_damage":0,"lost_in_post":0,"other_logs":0,"out_stock_days":650,"lost_sales":0,"has_location":false,"update_date":"2026-01-28T23:10:57","atum_locations":[],"atum_stock_status":"outofstock","restock_status":false,"low_stock_amount":"","sales_update_date":"2026-01-28T23:10:57","calc_backorders":null,"acf":{"publisher":{"ID":1424,"post_author":"1","post_date":"2021-02-17 00:02:29","post_date_gmt":"2021-02-16 22:02:29","post_content":"<!-- wp:flatsome\/uxbuilder -->\n<h1 style=\"text-align: center\"><strong>Nh\u00e3 Nam<\/strong><\/h1>\n[row]\n\n[col span=\"6\" span__sm=\"12\"]\n\n[ux_image id=\"1438\" image_size=\"medium\"]\n\n\n[\/col]\n[col span=\"6\" span__sm=\"12\"]\n\n<p><strong>C\u00f4ng ty c\u1ed5 ph\u1ea7n V\u0103n h\u00f3a v\u00e0 Truy\u1ec1n th\u00f4ng Nh\u00e3 Nam<\/strong><\/p>\n<p>Th\u00e1ng 2 n\u0103m 2005, Nh\u00e3 Nam, t\u00ean \u0111\u1ea7y \u0111\u1ee7 l\u00e0 C\u00f4ng ty C\u1ed5 ph\u1ea7n V\u0103n h\u00f3a v\u00e0 Truy\u1ec1n th\u00f4ng Nh\u00e3 Nam \u0111\u00e3 gia nh\u1eadp th\u1ecb tr\u01b0\u1eddng s\u00e1ch. T\u00e1c ph\u1ea9m \"Balzac v\u00e0 c\u00f4 b\u00e9 th\u1ee3 may Trung hoa\" c\u1ee7a \u0110\u1edbi T\u01b0 Ki\u1ec7t l\u00e0 cu\u1ed1n s\u00e1ch \u0111\u1ea7u ti\u00ean \u0111\u01b0\u1ee3c nh\u1eefng ng\u01b0\u1eddi s\u00e1ng l\u1eadp Nh\u00e3 Nam xu\u1ea5t b\u1ea3n c\u1ea3 tr\u01b0\u1edbc khi c\u00f4ng ty ra \u0111\u1eddi. Ngay l\u1eadp t\u1ee9c t\u1eeb cu\u1ed1n s\u00e1ch \u0111\u1ea7u ti\u00ean, \u0111\u1ed9c gi\u1ea3 \u0111\u00e3 d\u00e0nh s\u1ef1 quan t\u00e2m v\u00e0 y\u00eau m\u1ebfn cho m\u1ed9t th\u01b0\u01a1ng hi\u1ec7u s\u00e1ch m\u1edbi m\u1ebb mang trong m\u00ecnh kh\u00e1t v\u1ecdng g\u00f3p ph\u1ea7n t\u1ea1o l\u1eadp di\u1ec7n m\u1ea1o m\u1edbi cho xu\u1ea5t b\u1ea3n v\u0103n h\u1ecdc t\u1ea1i Vi\u1ec7t Nam.<\/p>\n<p>L\u00f2ng say m\u00ea c\u1ee7a \u0111\u1ed9i ng\u0169 l\u00e0 vi\u00ean \u0111\u00e1 \u0111\u1ea7u ti\u00ean. Tr\u1ea3i qua m\u1ea5y n\u0103m ph\u00e1t tri\u1ec3n, Nh\u00e3 Nam \u0111\u00e3 \u0111\u01b0\u1ee3c x\u00e2y d\u1ef1ng d\u1ea7n l\u00ean trong di\u1ec7n m\u1ea1o m\u1ed9t nh\u00e0 xu\u1ea5t b\u1ea3n v\u1eefng ch\u00e3i v\u00e0 chuy\u00ean nghi\u1ec7p. S\u00e1u th\u00e1ng sau khi th\u00e0nh l\u1eadp c\u00f4ng ty, Nh\u1eadt k\u00fd \u0110\u1eb7ng Th\u00f9y Tr\u00e2m ra \u0111\u1eddi, t\u1ea1o n\u00ean m\u1ed9t c\u01a1n s\u1ed1t trong x\u00e3 h\u1ed9i, v\u1edbi g\u1ea7n 500,000 b\u1ea3n s\u00e1ch \u0111\u01b0\u1ee3c ph\u00e1t h\u00e0nh, ph\u00e1 m\u1ecdi k\u1ef7 l\u1ee5c v\u1ec1 xu\u1ea5t b\u1ea3n tr\u01b0\u1edbc \u0111\u00f3, k\u00e9o theo m\u1ed9t lo\u1ea1t nh\u1eefng hi\u1ec7u \u1ee9ng x\u00e3 h\u1ed9i v\u00e0 d\u01b0 lu\u1eadn c\u00f3 \u00fd ngh\u0129a. T\u1eeb \u0111\u00f3 tr\u1edf \u0111i, th\u00f4ng qua Nh\u00e3 Nam, c\u00e1c cu\u1ed1n s\u00e1ch v\u0103n h\u1ecdc n\u01b0\u1edbc ngo\u00e0i c\u00f3 gi\u00e1 tr\u1ecb \u0111\u01b0\u1ee3c li\u00ean t\u1ee5c mua b\u1ea3n quy\u1ec1n v\u00e0 xu\u1ea5t b\u1ea3n t\u1ea1i Vi\u1ec7t Nam, thu h\u00fat nhi\u1ec1u t\u1ea7ng l\u1edbp \u0111\u1ed9c gi\u1ea3. S\u00e1ch c\u1ee7a Nh\u00e3 Nam n\u1ed5i b\u1eadt b\u1edfi n\u1ed9i dung v\u0103n h\u1ecdc tinh t\u1ebf, b\u1edfi v\u1ebb \u0111\u1eb9p c\u1ee7a thi\u1ebft k\u1ebf hi\u1ec7n \u0111\u1ea1i \u1edf h\u00ecnh th\u1ee9c, b\u1edfi s\u1ef1 ch\u0103m ch\u00fat k\u1ef9 l\u01b0\u1ee1ng cho m\u1ed7i cu\u1ed1n s\u00e1ch nh\u01b0 m\u1ed9t con thuy\u1ec1n mang t\u1edbi ni\u1ec1m vui, tri th\u1ee9c, ng\u1ea1c nhi\u00ean, v\u00e0 \u0111\u1ed3ng c\u1ea3m.<\/p>\n\n[\/col]\n\n[\/row]\n<p style=\"text-align: left\">Hi\u1ec3u th\u1eddi \u0111\u1ea1i \u0111ang s\u1ed1ng th\u00f4ng qua s\u00e1ch, song h\u00e0nh v\u1edbi nh\u1eefng bi\u1ebfn chuy\u1ec3n s\u00e2u s\u1eafc trong l\u00f2ng x\u00e3 h\u1ed9i b\u1eb1ng nh\u1eefng ho\u1ea1t \u0111\u1ed9ng xu\u1ea5t b\u1ea3n mi\u1ec7t m\u00e0i v\u00e0 qu\u1ea3 c\u1ea3m, con \u0111\u01b0\u1eddng Nh\u00e3 Nam \u0111\u00e3 ch\u1ecdn \u0111\u1ec3 \u0111i s\u1ebd c\u00f2n d\u00e0i. Nhi\u1ec1u kh\u00f3 kh\u0103n, th\u1eed th\u00e1ch \u0111ang \u1edf ph\u00eda tr\u01b0\u1edbc. B\u01b0\u1edbc qua th\u1eddi k\u1ef3 s\u01a1 khai v\u1edbi nh\u1eefng b\u00e0i h\u1ecdc v\u00e0 nh\u1eefng kinh nghi\u1ec7m \u0111\u1ea7u ti\u00ean, Nh\u00e3 Nam gi\u1edd \u0111\u00e3 s\u1eb5n s\u00e0ng cho m\u1ed9t ch\u1eb7ng \u0111\u01b0\u1eddng ph\u00e1t tri\u1ec3n m\u1edbi. V\u00e0 ch\u00fang t\u00f4i mu\u1ed1n ho\u00e0n thi\u1ec7n m\u00ecnh trong s\u1ef1 c\u1ea7u th\u1ecb v\u00e0 c\u1ea9n tr\u1ecdng. T\u1ea5t c\u1ea3 v\u00ec m\u1ed9t gia s\u1ea3n s\u00e1ch to l\u1edbn, c\u00f3 s\u1ee9c s\u1ed1ng d\u00e0i l\u00e2u, c\u00f3 \u00fd ngh\u0129a v\u1edbi nhi\u1ec1u th\u1ebf h\u1ec7 b\u1ea1n \u0111\u1ecdc.<br \/>B\u1edfi v\u00ec s\u00e1ch l\u00e0 th\u1ebf gi\u1edbi.<\/p>\n<p><strong>\u0110\u00e2y l\u00e0 m\u1ed9t nh\u00e0 ph\u00e1t h\u00e0nh s\u00e1ch m\u00e0 SACHVIET.EU r\u1ea5t y\u00eau th\u00edch v\u00e0 tin t\u01b0\u1edfng. Nh\u00ecn \u0111\u01b0\u1ee3c t\u1ea7m \u1ea3nh h\u01b0\u1edfng c\u1ee7a Nh\u00e3 Nam qua t\u1eebng cu\u1ed1n s\u00e1ch, SACHVIET.EU li\u00ean h\u1ec7 h\u1ee3p t\u00e1c ngay v\u1edbi Nh\u00e3 Nam \u0111\u1ec3 \u0111em to\u00e0n b\u1ed9 nh\u1eefng t\u00e1c ph\u1ea9m m\u1edbi, hay nh\u1ea5t m\u00e0 Nh\u00e3 Nam c\u00f3 sang Ch\u00e2u \u00c2u, \u0111\u01b0a \u0111\u1ebfn cho \u0111\u1ed9c gi\u1ea3 c\u00f3 nhi\u1ec1u s\u1ef1 l\u1ef1a ch\u1ecdn phong ph\u00fa h\u01a1n c\u1ea3 s\u00e1ch cho tr\u1ebb em l\u1eabn ng\u01b0\u1eddi l\u1edbn.\u00a0<\/strong><\/p>\n\n<!-- \/wp:flatsome\/uxbuilder -->","post_title":"Nh\u00e3 Nam","post_excerpt":"","post_status":"publish","comment_status":"closed","ping_status":"closed","post_password":"","post_name":"nha-nam","to_ping":"","pinged":"","post_modified":"2022-12-19 23:15:33","post_modified_gmt":"2022-12-19 21:15:33","post_content_filtered":"","post_parent":0,"guid":"https:\/\/sachviet.eu\/?post_type=publisher&#038;p=1424","menu_order":0,"post_type":"publisher","post_mime_type":"","comment_count":"0","filter":"raw"}},"_links":{"self":[{"href":"https:\/\/sachviet.eu\/en\/wp-json\/wp\/v2\/product\/16516","targetHints":{"allow":["GET"]}}],"collection":[{"href":"https:\/\/sachviet.eu\/en\/wp-json\/wp\/v2\/product"}],"about":[{"href":"https:\/\/sachviet.eu\/en\/wp-json\/wp\/v2\/types\/product"}],"wp:featuredmedia":[{"embeddable":true,"href":"https:\/\/sachviet.eu\/en\/wp-json\/wp\/v2\/media\/16514"}],"wp:attachment":[{"href":"https:\/\/sachviet.eu\/en\/wp-json\/wp\/v2\/media?parent=16516"}],"wp:term":[{"taxonomy":"product_brand","embeddable":true,"href":"https:\/\/sachviet.eu\/en\/wp-json\/wp\/v2\/product_brand?post=16516"},{"taxonomy":"product_cat","embeddable":true,"href":"https:\/\/sachviet.eu\/en\/wp-json\/wp\/v2\/product_cat?post=16516"},{"taxonomy":"product_tag","embeddable":true,"href":"https:\/\/sachviet.eu\/en\/wp-json\/wp\/v2\/product_tag?post=16516"}],"curies":[{"name":"wp","href":"https:\/\/api.w.org\/{rel}","templated":true}]}}