{"id":16471,"date":"2021-12-27T19:19:01","date_gmt":"2021-12-27T17:19:01","guid":{"rendered":"https:\/\/sachviet.eu\/?post_type=product&#038;p=16471"},"modified":"2023-11-26T22:28:36","modified_gmt":"2023-11-26T20:28:36","slug":"combo-don-tet-ve-nha-song-ngu-xin-chao-tet-oi-qua-tang-kem","status":"publish","type":"product","link":"https:\/\/sachviet.eu\/en\/shop\/combo-don-tet-ve-nha-song-ngu-xin-chao-tet-oi-qua-tang-kem\/","title":{"rendered":"Combo \u0110\u00f3n T\u1ebft V\u1ec1 Nh\u00e0 (song ng\u1eef) &amp; Xin Ch\u00e0o, T\u1ebft \u01a0i! + Qu\u00e0 t\u1eb7ng k\u00e8m"},"content":{"rendered":"<p><span class=\"s2\"><strong>\u0110\u00d3N T\u1ebeT V\u1ec0 NH\u00c0!<\/strong>\u00a0l\u00e0 m\u1ed9t cu\u1ed1n th\u01a1 k\u1ec3 v\u1ec1 c\u00e2u chuy\u1ec7n c\u1ee7a c\u1ea3 gia \u0111\u00ecnh b\u00e9 con trong d\u1ecbp T\u1ebft \u0111\u1ebfn xu\u00e2n v\u1ec1. T\u1ea5t c\u1ea3 \u0111\u1ec1u \u0111\u01b0\u1ee3c g\u00f3i gh\u00e9m v\u1edbi nh\u1eefng h\u01b0\u01a1ng v\u1ecb \u0111\u1eb7c tr\u01b0ng c\u1ee7a ng\u00e0y T\u1ebft Nguy\u00ean \u0110\u00e1n.\u00a0<\/span>V\u1edbi th\u1ec3 th\u01a1 b\u1ed1n ch\u1eef d\u1ec5 \u0111\u1ecdc d\u1ec5 thu\u1ed9c, cu\u1ed1n s\u00e1ch s\u1ebd mang \u0111\u1ebfn nh\u1eefng h\u01b0\u01a1ng v\u1ecb, kh\u00f4ng kh\u00ed \u0111\u1eb7c tr\u01b0ng c\u1ee7a ng\u00e0y T\u1ebft, th\u1eadt g\u1ea7n g\u0169i v\u00e0 th\u00e2n quen<\/p>\n<p><span class=\"s2\"><strong>XIN CH\u00c0O T\u1ebeT \u01a0I!<\/strong>\u00a0g\u1ed3m 12 b\u00e0i th\u01a1, m\u1ed7i b\u00e0i th\u01a1 l\u00e0 m\u1ed9t ch\u1ee7 \u0111\u1ec1 kh\u00e1c nhau v\u1ec1 c\u00e1c \u0111\u1eb7c tr\u01b0ng v\u0103n h\u00f3a, phong t\u1ee5c t\u1eadp qu\u00e1n c\u1ee7a n\u01b0\u1edbc ta trong nh\u1eefng ng\u00e0y T\u1ebft v\u1ec1.\u00a0<\/span>B\u1ea1n nh\u1ecf s\u1ebd \u0111\u01b0\u1ee3c tham gia v\u00e0o c\u00e1c ho\u1ea1t \u0111\u1ed9ng si\u00eau th\u00fa v\u1ecb nh\u01b0 ti\u1ec5n \u00f4ng C\u00f4ng &#8211; \u00f4ng T\u00e1o v\u1ec1 tr\u1eddi, h\u00e1i l\u1ed9c \u0111\u00eam giao th\u1eeba, tham gia h\u1ed9i l\u00e0ng \u0111\u1ea7u n\u0103m, t\u00ecm hi\u1ec3u ch\u1ee3 T\u1ebft v\u00f9ng cao, b\u00e1nh T\u1ebft c\u00e1c mi\u1ec1n,\u2026 H\u00ecnh minh h\u1ecda \u0111\u00e1ng y\u00eau, s\u1eafc m\u00e0u thu h\u00fat, \u0111\u1ea3m b\u1ea3o t\u1eebng trang s\u00e1ch \u0111\u01b0\u1ee3c m\u1edf ra \u0111\u1ec1u tr\u00e0n ng\u1eadp thanh \u00e2m, h\u00ecnh \u1ea3nh r\u1ed9n r\u00e0ng ng\u00e0y \u0111\u1ea7u xu\u00e2n n\u0103m m\u1edbi.<\/p>\n<ul class=\"ul1\">\n<li class=\"li1\">Ch\u1ec9 c\u00f2n \u00edt th\u00e1ng n\u1eefa l\u00e0 c\u00e1c em b\u00e9 l\u1ea1i h\u00e2n hoan \u0111\u00f3n n\u0103m m\u1edbi v\u1edbi b\u00e1nh ch\u01b0ng, b\u00e1nh t\u00e9t, v\u1edbi qu\u1ea7n \u00e1o x\u00fang x\u00ednh \u0111i ch\u01a1i\u2026 \u0110\u1ec3 c\u00e1c b\u1ea1n nh\u1ecf \u201ck\u00e9o d\u00e0i\u201d h\u01a1n ni\u1ec1m vui ng\u00e0y T\u1ebft, ngay t\u1eeb B\u00c2Y GI\u1edc, ch\u00fang m\u00ecnh xin ph\u00e9p gi\u1edbi thi\u1ec7u set s\u00e1ch \u201cXIN CH\u00c0O T\u1ebeT \u01a0I!\u201d d\u00e0nh ri\u00eang cho T\u1ebft 2022 t\u1edbi ba m\u1eb9 v\u00e0 c\u00e1c \u0111\u1ed9c gi\u1ea3 nh\u00ed, bao g\u1ed3m:<br \/>\n01 cu\u1ed1n s\u00e1ch th\u01a1 XIN CH\u00c0O T\u1ebeT \u01a0I! v\u1edbi 12 ch\u1ee7 \u0111\u1ec1 T\u1ebft h\u1ea5p d\u1eabn<br \/>\n\ufe0f01 TR\u00d2 CH\u01a0I D\u00c2N GIAN \u0110\u00f4ng \u2013 T\u00e2y \u2013 Nam \u2013 B\u1eafc th\u00fa v\u1ecb \u0111\u1ec3 em b\u00e9 v\u00e0 t\u1ea5t c\u1ea3 m\u1ecdi ng\u01b0\u1eddi trong gia \u0111\u00ecnh \u0111\u1ec1u c\u00f3 th\u1ec3 tham gia;<br \/>\n\ufe0f01 BAO \u0110\u1ef0NG S\u00c1CH \u201cM\u1edf ra l\u00e0 th\u1ea5y T\u1ebft!\u201d;<br \/>\n03 L\u00cc X\u00cc may m\u1eafn k\u00e8m c\u00e2u \u0111\u1ed1i.<\/li>\n<\/ul>\n","protected":false},"excerpt":{"rendered":"<ul class=\"ul1\">\n<li class=\"li1\"><span class=\"s2\"><strong>\u0110\u00d3N T\u1ebeT V\u1ec0 NH\u00c0!<\/strong>\u00a0l\u00e0 m\u1ed9t cu\u1ed1n th\u01a1 k\u1ec3 v\u1ec1 c\u00e2u chuy\u1ec7n c\u1ee7a c\u1ea3 gia \u0111\u00ecnh b\u00e9 con trong d\u1ecbp T\u1ebft \u0111\u1ebfn xu\u00e2n v\u1ec1. T\u1ea5t c\u1ea3 \u0111\u1ec1u \u0111\u01b0\u1ee3c g\u00f3i gh\u00e9m v\u1edbi nh\u1eefng h\u01b0\u01a1ng v\u1ecb \u0111\u1eb7c tr\u01b0ng c\u1ee7a ng\u00e0y T\u1ebft Nguy\u00ean \u0110\u00e1n.\u00a0<\/span>V\u1edbi th\u1ec3 th\u01a1 b\u1ed1n ch\u1eef d\u1ec5 \u0111\u1ecdc d\u1ec5 thu\u1ed9c, cu\u1ed1n s\u00e1ch s\u1ebd mang \u0111\u1ebfn nh\u1eefng h\u01b0\u01a1ng v\u1ecb, kh\u00f4ng kh\u00ed \u0111\u1eb7c tr\u01b0ng c\u1ee7a ng\u00e0y T\u1ebft, th\u1eadt g\u1ea7n g\u0169i v\u00e0 th\u00e2n quen<\/li>\n<li class=\"li1\"><span class=\"s2\"><strong>XIN CH\u00c0O T\u1ebeT \u01a0I!<\/strong>\u00a0g\u1ed3m 12 b\u00e0i th\u01a1, m\u1ed7i b\u00e0i th\u01a1 l\u00e0 m\u1ed9t ch\u1ee7 \u0111\u1ec1 kh\u00e1c nhau v\u1ec1 c\u00e1c \u0111\u1eb7c tr\u01b0ng v\u0103n h\u00f3a, phong t\u1ee5c t\u1eadp qu\u00e1n c\u1ee7a n\u01b0\u1edbc ta trong nh\u1eefng ng\u00e0y T\u1ebft v\u1ec1.\u00a0<\/span>B\u1ea1n nh\u1ecf s\u1ebd \u0111\u01b0\u1ee3c tham gia v\u00e0o c\u00e1c ho\u1ea1t \u0111\u1ed9ng si\u00eau th\u00fa v\u1ecb nh\u01b0 ti\u1ec5n \u00f4ng C\u00f4ng &#8211; \u00f4ng T\u00e1o v\u1ec1 tr\u1eddi, h\u00e1i l\u1ed9c \u0111\u00eam giao th\u1eeba, tham gia h\u1ed9i l\u00e0ng \u0111\u1ea7u n\u0103m, t\u00ecm hi\u1ec3u ch\u1ee3 T\u1ebft v\u00f9ng cao, b\u00e1nh T\u1ebft c\u00e1c mi\u1ec1n,\u2026 H\u00ecnh minh h\u1ecda \u0111\u00e1ng y\u00eau, s\u1eafc m\u00e0u thu h\u00fat, \u0111\u1ea3m b\u1ea3o t\u1eebng trang s\u00e1ch \u0111\u01b0\u1ee3c m\u1edf ra \u0111\u1ec1u tr\u00e0n ng\u1eadp thanh \u00e2m, h\u00ecnh \u1ea3nh r\u1ed9n r\u00e0ng ng\u00e0y \u0111\u1ea7u xu\u00e2n n\u0103m m\u1edbi.<\/li>\n<\/ul>\n","protected":false},"featured_media":16472,"template":"","meta":{"_acf_changed":false},"product_brand":[],"product_cat":[17,24,25,39,71,26],"product_tag":[81],"class_list":{"0":"post-16471","1":"product","2":"type-product","3":"status-publish","4":"has-post-thumbnail","6":"product_cat-sach-danh-cho-cac-be","7":"product_cat-nha-tre-mau-giao-0-tuoi-6-tuoi","8":"product_cat-nhi-dong-6-tuoi-12-tuoi","9":"product_cat-sach-song-ngu-anh-viet","10":"product_cat-sach-tre-em-thuan-viet","11":"product_cat-thieu-nien-11-tuoi-18-tuoi","12":"product_tag-sach-gia-uu-dai","14":"first","15":"outofstock","16":"sale","17":"taxable","18":"shipping-taxable","19":"purchasable","20":"product-type-woosb"},"supplier_id":null,"supplier_sku":"","barcode":null,"atum_controlled":true,"out_stock_date":null,"out_stock_threshold":null,"inheritable":false,"inbound_stock":null,"stock_on_hold":0,"sold_today":0,"sales_last_days":0,"reserved_stock":null,"customer_returns":null,"warehouse_damage":null,"lost_in_post":null,"other_logs":null,"out_stock_days":0,"lost_sales":0,"has_location":false,"update_date":"2026-01-28T23:10:57","atum_locations":[],"atum_stock_status":"instock","restock_status":false,"low_stock_amount":"","sales_update_date":"2026-01-28T23:10:57","calc_backorders":null,"acf":{"publisher":false},"_links":{"self":[{"href":"https:\/\/sachviet.eu\/en\/wp-json\/wp\/v2\/product\/16471","targetHints":{"allow":["GET"]}}],"collection":[{"href":"https:\/\/sachviet.eu\/en\/wp-json\/wp\/v2\/product"}],"about":[{"href":"https:\/\/sachviet.eu\/en\/wp-json\/wp\/v2\/types\/product"}],"wp:featuredmedia":[{"embeddable":true,"href":"https:\/\/sachviet.eu\/en\/wp-json\/wp\/v2\/media\/16472"}],"wp:attachment":[{"href":"https:\/\/sachviet.eu\/en\/wp-json\/wp\/v2\/media?parent=16471"}],"wp:term":[{"taxonomy":"product_brand","embeddable":true,"href":"https:\/\/sachviet.eu\/en\/wp-json\/wp\/v2\/product_brand?post=16471"},{"taxonomy":"product_cat","embeddable":true,"href":"https:\/\/sachviet.eu\/en\/wp-json\/wp\/v2\/product_cat?post=16471"},{"taxonomy":"product_tag","embeddable":true,"href":"https:\/\/sachviet.eu\/en\/wp-json\/wp\/v2\/product_tag?post=16471"}],"curies":[{"name":"wp","href":"https:\/\/api.w.org\/{rel}","templated":true}]}}