{"id":16453,"date":"2021-12-27T16:11:43","date_gmt":"2021-12-27T14:11:43","guid":{"rendered":"https:\/\/sachviet.eu\/shop\/cambridge-vocabulary-for-ielts-moi-nhat\/"},"modified":"2021-12-27T22:23:25","modified_gmt":"2021-12-27T20:23:25","slug":"cambridge-vocabulary-for-ielts-moi-nhat","status":"publish","type":"product","link":"https:\/\/sachviet.eu\/en\/shop\/cambridge-vocabulary-for-ielts-moi-nhat\/","title":{"rendered":"Cambridge Vocabulary For IELTS (M\u1edbi Nh\u1ea5t)"},"content":{"rendered":"<p>\u0110\u01b0\u1ee3c vi\u1ebft b\u1edfi \u0111\u1ed9i ng\u0169 t\u00e1c gi\u1ea3 \u0111\u1ebfn t\u1eeb \u0111\u1ea1i h\u1ecdc Cambridge, cu\u1ed1n s\u00e1ch t\u1eeb v\u1ef1ng n\u00e0y l\u00e0 m\u1ed9t trong nh\u1eefng t\u00e0i li\u1ec7u luy\u1ec7n thi IELTS ch\u1ea5t l\u01b0\u1ee3ng nh\u1ea5t m\u00e0 c\u00e1c m\u00f4n sinh IELTS \u0111\u1ec1u ph\u1ea3i c\u00f3.<\/p>\n<p>S\u00e1ch cung c\u1ea5p cho b\u1ea1n t\u1ea5t c\u1ea3 nh\u1eefng g\u00ec c\u1ea7n \u0111\u1ec3 h\u1ecdc t\u1eeb v\u1ef1ng, \u00f4n luy\u1ec7n c\u0169ng nh\u01b0 m\u1eb9o \u0111\u1ec3 v\u01b0\u1ee3t qua k\u1ef3 thi d\u1ec5 d\u00e0ng h\u01a1n v\u1edbi h\u1ec7 th\u1ed1ng b\u00e0i h\u1ecdc, b\u00e0i t\u1eadp \u0111\u01a1n gi\u1ea3n, d\u1ec5 h\u1ecdc.<\/p>\n<p>Cu\u1ed1n s\u00e1ch bao g\u1ed3m:<\/p>\n<p>\u27a4 C\u00f3 25 b\u00e0i h\u1ecdc \u0111\u01b0\u1ee3c ph\u00e2n theo nhi\u1ec1u ch\u1ee7 \u0111\u1ec1.<\/p>\n<p>\u27a4 M\u1ed7i ch\u1ee7 \u0111\u1ec1 s\u1ebd bao g\u1ed3m nh\u1eefng t\u1eeb v\u1ef1ng c\u01a1 b\u1ea3n theo c\u00e1c k\u1ef9 n\u0103ng c\u1ee5 th\u1ec3 nh\u01b0 Reading ho\u1eb7c Listening, Speaking v\u00e0 Writing n\u00ean c\u00e1c b\u1ea1n d\u1ec5 d\u00e0ng \u00e1p d\u1ee5ng t\u1eeb v\u1ef1ng cho sau n\u00e0y.<\/p>\n<p>Nh\u01b0 b\u1ea1n th\u1ea5y, m\u1ed7i Unit c\u00f3 ph\u1ea7n luy\u1ec7n t\u1eadp d\u00e0nh cho t\u1eebng k\u1ef9 n\u0103ng. Ph\u1ea7n Listening c\u00f3 Audio \u0111i k\u00e8m nh\u00e9! Unit 21-22 l\u00e0 chia s\u1ebb tips h\u1eefu \u00edch \u0111\u1ec3 h\u1ecdc hi\u1ec7u qu\u1ea3 t\u1eeb v\u1ef1ng.<\/p>\n<p>\u27a4 Nh\u1eefng ch\u1ee7 \u0111\u1ec1 xu\u1ea5t hi\u1ec7n trong s\u00e1ch l\u00e0: Relationships, Families and early learning, Health, body, Tourism, Language, Space, Bulding, Telecommunications, Globalisation, Study, Life,\u2026.<\/p>\n<p>M\u1edf \u0111\u1ea7u s\u00e1ch v\u1edbi c\u00e1c b\u00e0i h\u1ecdc \u0111\u01b0\u1ee3c gi\u1edbi thi\u1ec7u chi ti\u1ebft<\/p>\n<p>\u27a4 \u1ede m\u1ed7i b\u00e0i h\u1ecdc, b\u1ea1n s\u1ebd \u0111\u01b0\u1ee3c h\u1ecdc t\u1eeb v\u1ef1ng theo c\u00e2u, \u0111o\u1ea1n v\u0103n, h\u1ed9i tho\u1ea1i \u0111\u1ed3ng th\u1eddi th\u1ef1c h\u00e0nh luy\u1ec7n t\u1eadp lu\u00f4n n\u00ean r\u1ea5t d\u1ec5 nh\u1edb. <\/p>\n<p>\u27a4 B\u00ean c\u1ea1nh \u0111\u00f3, th\u00f4ng qua c\u00e1c b\u00e0i h\u1ecdc t\u1eeb v\u1ef1ng, b\u1ea1n \u0111\u01b0\u1ee3c c\u00e1c chuy\u00ean gia chia s\u1ebb th\u00eam v\u1ec1 c\u00e1c l\u1ed7i th\u01b0\u1eddng g\u1eb7p, l\u00e0m th\u1ebf n\u00e0o \u0111\u1ec3 h\u1ecdc \u0111\u01b0\u1ee3c t\u1ed1t nh\u1ea5t! \u0110\u00e2y l\u00e0 \u0111i\u1ec3m \u0111\u1eb7c bi\u1ec7t th\u00fa v\u1ecb.<\/p>\n<p>\u27a4 Ph\u1ea7n Test c\u0169ng \u0111\u01b0\u1ee3c cung c\u1ea5p tips, nh\u1edd th\u1ebf m\u00e0 c\u00e1c b\u1ea1n d\u1ec5 d\u00e0ng t\u0103ng th\u00eam kinh nghi\u1ec7m l\u00e0m b\u00e0i.<\/p>\n<p>\u27a4 Cu\u1ed1i s\u00e1ch b\u1ea1n s\u1ebd th\u1ea5y ph\u1ea7n ph\u1ee5 l\u1ee5c ghi l\u1ea1i c\u00e1c t\u1eeb v\u1ef1ng ch\u1ee7 ch\u1ed1t \u0111\u1ec3 ki\u1ec3m tra l\u1ea1i, h\u1ec7 th\u1ed1ng t\u1eeb nh\u1edb l\u00e2u h\u01a1n, \u0111\u1ea7y \u0111\u1ee7.<\/p>\n","protected":false},"excerpt":{"rendered":"<p>Trong s\u1ed1 nh\u1eefng cu\u1ed1n s\u00e1ch \u0111\u01b0\u1ee3c xu\u1ea5t b\u1ea3n b\u01a1i Cambridge, cu\u1ed1n Vocabulary For IELTS l\u00e0 n\u1ed5i b\u1eadt nh\u1ea5t. \u0110\u00e2y c\u0169ng l\u00e0 m\u1ed9t trong nh\u1eefng cu\u1ed1n s\u00e1ch r\u1ea5t ph\u00f9 h\u1ee3p v\u1edbi nh\u1eefng b\u1ea1n b\u1eaft \u0111\u1ea7u \u00f4n luy\u1ec7n ielts<\/p>\n","protected":false},"featured_media":16452,"template":"","meta":{"_acf_changed":false},"product_brand":[],"product_cat":[18],"product_tag":[],"class_list":{"0":"post-16453","1":"product","2":"type-product","3":"status-publish","4":"has-post-thumbnail","6":"product_cat-kinh-te","8":"first","9":"outofstock","10":"taxable","11":"shipping-taxable","12":"purchasable","13":"product-type-simple"},"supplier_id":null,"supplier_sku":"","barcode":null,"atum_controlled":true,"out_stock_date":"2021-12-27 20:23:25","out_stock_threshold":null,"inheritable":false,"inbound_stock":0,"stock_on_hold":0,"sold_today":0,"sales_last_days":0,"reserved_stock":0,"customer_returns":0,"warehouse_damage":0,"lost_in_post":0,"other_logs":0,"out_stock_days":1493,"lost_sales":0,"has_location":false,"update_date":"2026-01-28T23:10:57","atum_locations":[],"atum_stock_status":"outofstock","restock_status":false,"low_stock_amount":"","sales_update_date":"2026-01-28T23:10:57","calc_backorders":null,"acf":{"publisher":{"ID":16449,"post_author":"1","post_date":"2021-12-27 16:11:37","post_date_gmt":"2021-12-27 14:11:37","post_content":"","post_title":"Cambridge University Press","post_excerpt":"","post_status":"publish","comment_status":"closed","ping_status":"closed","post_password":"","post_name":"cambridge-university-press","to_ping":"","pinged":"","post_modified":"2021-12-27 16:11:37","post_modified_gmt":"2021-12-27 14:11:37","post_content_filtered":"","post_parent":0,"guid":"https:\/\/sachviet.eu\/nha-phat-hanh\/cambridge-university-press\/","menu_order":0,"post_type":"publisher","post_mime_type":"","comment_count":"0","filter":"raw"}},"_links":{"self":[{"href":"https:\/\/sachviet.eu\/en\/wp-json\/wp\/v2\/product\/16453","targetHints":{"allow":["GET"]}}],"collection":[{"href":"https:\/\/sachviet.eu\/en\/wp-json\/wp\/v2\/product"}],"about":[{"href":"https:\/\/sachviet.eu\/en\/wp-json\/wp\/v2\/types\/product"}],"wp:featuredmedia":[{"embeddable":true,"href":"https:\/\/sachviet.eu\/en\/wp-json\/wp\/v2\/media\/16452"}],"wp:attachment":[{"href":"https:\/\/sachviet.eu\/en\/wp-json\/wp\/v2\/media?parent=16453"}],"wp:term":[{"taxonomy":"product_brand","embeddable":true,"href":"https:\/\/sachviet.eu\/en\/wp-json\/wp\/v2\/product_brand?post=16453"},{"taxonomy":"product_cat","embeddable":true,"href":"https:\/\/sachviet.eu\/en\/wp-json\/wp\/v2\/product_cat?post=16453"},{"taxonomy":"product_tag","embeddable":true,"href":"https:\/\/sachviet.eu\/en\/wp-json\/wp\/v2\/product_tag?post=16453"}],"curies":[{"name":"wp","href":"https:\/\/api.w.org\/{rel}","templated":true}]}}