{"id":16451,"date":"2021-12-27T16:11:40","date_gmt":"2021-12-27T14:11:40","guid":{"rendered":"https:\/\/sachviet.eu\/shop\/cambridge-grammar-for-ielts-moi-nhat\/"},"modified":"2021-12-27T22:23:25","modified_gmt":"2021-12-27T20:23:25","slug":"cambridge-grammar-for-ielts-moi-nhat","status":"publish","type":"product","link":"https:\/\/sachviet.eu\/en\/shop\/cambridge-grammar-for-ielts-moi-nhat\/","title":{"rendered":"Cambridge Grammar For Ielts (M\u1edbi Nh\u1ea5t)"},"content":{"rendered":"<p>Cu\u1ed1n Cambridge Grammar for IELTS l\u00e0 cu\u1ed1n s\u00e1ch ng\u1eef ph\u00e1p do Cambridge xu\u1ea5t b\u1ea3n cho n\u00ean c\u00e1c b\u1ea1n ho\u00e0n to\u00e0n c\u00f3 th\u1ec3 y\u00ean t\u00e2m v\u1ec1 ch\u1ea5t l\u01b0\u1ee3ng n\u1ed9i dung s\u00e1ch n\u00e0y.<\/p>\n<p>S\u00e1ch ph\u00f9 h\u1ee3p v\u1edbi c\u00e1c b\u1ea1n m\u1edbi b\u1eaft \u0111\u1ea7u h\u1ecdc t\u1eadp. S\u00e1ch l\u00e0 t\u1ed5ng h\u1ee3p t\u1ea5t c\u1ea3 ch\u1ee7 \u0111i\u1ec3m ng\u1eef ph\u00e1p ti\u1ebfng Anh quan tr\u1ecdng \u0111\u01b0\u1ee3c d\u00f9ng \u0111\u1ebfn trong k\u1ef3 thi thi IELTS, ph\u1ee5c v\u1ee5 cho b\u1ea1n n\u00e0o \u0111ang h\u1ecdc IELTS c\u00f3 th\u1ec3 bi\u1ebft \u0111\u01b0\u1ee3c ki\u1ebfn th\u1ee9c m\u00ecnh c\u1ea7n h\u1ecdc.  Grammar for IELTS ph\u00f9 h\u1ee3p cho t\u1ea5t c\u1ea3 c\u00e1c b\u1ea1n \u1edf m\u1ecdi tr\u00ecnh \u0111\u1ed9 \u0111ang \u00f4n thi chu\u1ea9n b\u1ecb cho k\u1ef3 thi IELTS c\u1ee7a b\u1ea3n th\u00e2n t\u1ed1t nh\u1ea5t. M\u1eb7c d\u00f9 v\u1eady, cu\u1ed1n s\u00e1ch vi\u1ebft b\u1eb1ng ti\u1ebfng Anh n\u00ean n\u1ebfu l\u00e0 ng\u01b0\u1eddi m\u1edbi b\u1eaft \u0111\u1ea7u, m\u1ea5t g\u1ed1c, c\u00e1c b\u1ea1n c\u1ea7n ki\u00ean tr\u00ec \u0111\u1ecdc \u2013 hi\u1ec3u. Vi\u1ec7c \u0111\u1ecdc \u2013 hi\u1ec3u ng\u1eef ph\u00e1p \u0111\u01a1n gi\u1ea3n gi\u00fap c\u00e1c b\u1ea1n h\u1ecdc th\u00eam \u0111\u01b0\u1ee3c nhi\u1ec1u t\u1eeb m\u1edbi v\u00e0 l\u00e0m quen ti\u1ebfng Anh t\u1ed1t nh\u1ea5t!<\/p>\n<p>N\u1ed9i dung v\u00e0 h\u01b0\u1edbng d\u1eabn s\u1eed d\u1ee5ng s\u00e1ch hi\u1ec7u qu\u1ea3:<br \/>\nCu\u1ed1n Cambridge grammar for IELTS chia th\u00e0nh 25 ch\u1ee7 \u0111i\u1ec3m ng\u1eef ph\u00e1p tr\u1ecdng t\u00e2m t\u01b0\u01a1ng \u1ee9ng v\u1edbi 25 unit. Trong \u0111\u00f3, m\u1ed7i unit g\u1ed3m 4 ph\u1ea7n:<\/p>\n<p>A: Context listening: Trong ph\u1ea7n n\u00e0y b\u1ea1n s\u1ebd \u0111\u01b0\u1ee3c Nghe v\u00e0 l\u00e0m c\u00e1c b\u00e0i t\u1eadp \u0111a d\u1ea1ng nh\u01b0: Tr\u1ea3 l\u1eddi c\u00e2u h\u1ecfi, ho\u00e0n th\u00e0nh c\u00e2u,\u2026<br \/>\nB: Grammar: Sang ph\u1ea7n 2, b\u1ea1n s\u1ebd \u0111\u01b0\u1ee3c h\u1ecdc l\u00fd thuy\u1ebft c\u1ee5 th\u1ec3 v\u1ec1 ch\u1ee7 \u0111i\u1ec3m ng\u1eef ph\u00e1p trong b\u00e0i. Ph\u1ea7n n\u00e0y \u0111\u01b0\u1ee3c t\u00e1c gi\u1ea3 vi\u1ebft kh\u00e1 chi ti\u1ebft, b\u1ea1n c\u00f3 th\u1ec3 song song \u00f4n t\u1eadp l\u1ea1i ki\u1ebfn th\u1ee9c c\u0169 v\u00e0 h\u1ecdc ki\u1ebfn th\u1ee9c m\u1edbi d\u1ec5 d\u00e0ng.<br \/>\nC: Grammar exercises: H\u1ecdc xong l\u00fd thuy\u1ebft r\u1ed3i th\u00ec l\u00e0m b\u00e0i t\u1eadp th\u00f4i =D, \u00e1p d\u1ee5ng th\u1ef1c t\u1ebf ki\u1ebfn th\u1ee9c v\u1eeba h\u1ecdc v\u00e0o b\u00e0i t\u1eadp: ho\u00e0n th\u00e0nh c\u00e2u, \u0111i\u1ec1n v\u00e0o ch\u1ed7 tr\u1ed1ng, ch\u1ecdn \u0110\u00fang\/ Sai\u2026<br \/>\nD: Test practice: M\u1ed7i unit c\u00f3 1 b\u00e0i Task ki\u1ec3m tra gi\u00fap b\u1ea1n luy\u1ec7n t\u1eadp c\u00e1c ph\u1ea7n kh\u00e1c nhau c\u1ee7a b\u00e0i ki\u1ec3m tra.<br \/>\nB\u00ean c\u1ea1nh \u0111\u00f3, c\u00f3 m\u1ed9t ph\u1ea7n quan tr\u1ecdng kh\u00f4ng th\u1ec3 thi\u1ebfu, \u0111\u00f3 l\u00e0 \u0110\u00e1p \u00e1n. Ph\u1ea7n n\u00e0y g\u1ed3m:<\/p>\n<p>\u0110\u00e1p \u00e1n cho ph\u1ea7n b\u00e0i t\u1eadp. B\u1ea1n c\u00f3 th\u1ec3 so \u0111\u00e1p \u00e1n \u1edf cu\u1ed1i m\u1ed7i b\u00e0i t\u1eadp, t\u1eeb \u0111\u00e2y b\u1ea1n c\u00f3 th\u1ec3 t\u00ecm ra c\u00e1c l\u1ed7i v\u00e0 v\u1ea5n \u0111\u1ec1 ng\u1eef ph\u00e1p m\u00ecnh g\u1eb7p ph\u1ea3i.<br \/>\nC\u00e2u tr\u1ea3 l\u1eddi m\u1eabu. B\u1ea1n c\u00f3 th\u1ec3 s\u1eed d\u1ee5ng ch\u00ednh \u00fd t\u01b0\u1edfng c\u1ee7a m\u00ecnh<br \/>\nTips l\u00e0m b\u00e0i ki\u1ec3m tra cho m\u1ed7i ph\u1ea7n luy\u1ec7n t\u1eadp Test<\/p>\n","protected":false},"excerpt":{"rendered":"<p>Cu\u1ed1n Cambridge Grammar for IELTS l\u00e0 cu\u1ed1n s\u00e1ch ng\u1eef ph\u00e1p do Cambridge xu\u1ea5t b\u1ea3n cho n\u00ean c\u00e1c b\u1ea1n ho\u00e0n to\u00e0n c\u00f3 th\u1ec3 y\u00ean t\u00e2m v\u1ec1 ch\u1ea5t l\u01b0\u1ee3ng n\u1ed9i dung s\u00e1ch n\u00e0y.<\/p>\n<p>S\u00e1ch ph\u00f9 h\u1ee3p v\u1edbi c\u00e1c b\u1ea1n m\u1edbi b\u1eaft \u0111\u1ea7u h\u1ecdc t\u1eadp. S\u00e1ch l\u00e0 t\u1ed5ng h\u1ee3p t\u1ea5t c\u1ea3 ch\u1ee7 \u0111i\u1ec3m ng\u1eef ph\u00e1p ti\u1ebfng Anh quan tr\u1ecdng \u0111\u01b0\u1ee3c d\u00f9ng \u0111\u1ebfn trong k\u1ef3 thi thi IELTS, ph\u1ee5c v\u1ee5 cho b\u1ea1n n\u00e0o \u0111ang h\u1ecdc IELTS c\u00f3 th\u1ec3 bi\u1ebft \u0111\u01b0\u1ee3c ki\u1ebfn th\u1ee9c m\u00ecnh c\u1ea7n h\u1ecdc.  Grammar for IELTS ph\u00f9 h\u1ee3p cho t\u1ea5t c\u1ea3 c\u00e1c b\u1ea1n \u1edf m\u1ecdi tr\u00ecnh \u0111\u1ed9 \u0111ang \u00f4n thi chu\u1ea9n b\u1ecb cho k\u1ef3 thi IELTS c\u1ee7a b\u1ea3n th\u00e2n t\u1ed1t nh\u1ea5t. M\u1eb7c d\u00f9 v\u1eady, cu\u1ed1n s\u00e1ch vi\u1ebft b\u1eb1ng ti\u1ebfng Anh n\u00ean n\u1ebfu l\u00e0 ng\u01b0\u1eddi m\u1edbi b\u1eaft \u0111\u1ea7u, m\u1ea5t g\u1ed1c, c\u00e1c b\u1ea1n c\u1ea7n ki\u00ean tr\u00ec \u0111\u1ecdc \u2013 hi\u1ec3u. Vi\u1ec7c \u0111\u1ecdc \u2013 hi\u1ec3u ng\u1eef ph\u00e1p \u0111\u01a1n gi\u1ea3n gi\u00fap c\u00e1c b\u1ea1n h\u1ecdc th\u00eam \u0111\u01b0\u1ee3c nhi\u1ec1u t\u1eeb m\u1edbi v\u00e0 l\u00e0m quen ti\u1ebfng Anh t\u1ed1t nh\u1ea5t!<\/p>\n","protected":false},"featured_media":16450,"template":"","meta":{"_acf_changed":false},"product_brand":[],"product_cat":[18],"product_tag":[],"class_list":{"0":"post-16451","1":"product","2":"type-product","3":"status-publish","4":"has-post-thumbnail","6":"product_cat-kinh-te","8":"first","9":"outofstock","10":"taxable","11":"shipping-taxable","12":"purchasable","13":"product-type-simple"},"supplier_id":null,"supplier_sku":"","barcode":null,"atum_controlled":true,"out_stock_date":"2021-12-27 20:23:25","out_stock_threshold":null,"inheritable":false,"inbound_stock":0,"stock_on_hold":0,"sold_today":0,"sales_last_days":0,"reserved_stock":0,"customer_returns":0,"warehouse_damage":0,"lost_in_post":0,"other_logs":0,"out_stock_days":1493,"lost_sales":0,"has_location":false,"update_date":"2026-01-28T23:10:57","atum_locations":[],"atum_stock_status":"outofstock","restock_status":false,"low_stock_amount":"","sales_update_date":"2026-01-28T23:10:57","calc_backorders":null,"acf":{"publisher":{"ID":16449,"post_author":"1","post_date":"2021-12-27 16:11:37","post_date_gmt":"2021-12-27 14:11:37","post_content":"","post_title":"Cambridge University Press","post_excerpt":"","post_status":"publish","comment_status":"closed","ping_status":"closed","post_password":"","post_name":"cambridge-university-press","to_ping":"","pinged":"","post_modified":"2021-12-27 16:11:37","post_modified_gmt":"2021-12-27 14:11:37","post_content_filtered":"","post_parent":0,"guid":"https:\/\/sachviet.eu\/nha-phat-hanh\/cambridge-university-press\/","menu_order":0,"post_type":"publisher","post_mime_type":"","comment_count":"0","filter":"raw"}},"_links":{"self":[{"href":"https:\/\/sachviet.eu\/en\/wp-json\/wp\/v2\/product\/16451","targetHints":{"allow":["GET"]}}],"collection":[{"href":"https:\/\/sachviet.eu\/en\/wp-json\/wp\/v2\/product"}],"about":[{"href":"https:\/\/sachviet.eu\/en\/wp-json\/wp\/v2\/types\/product"}],"wp:featuredmedia":[{"embeddable":true,"href":"https:\/\/sachviet.eu\/en\/wp-json\/wp\/v2\/media\/16450"}],"wp:attachment":[{"href":"https:\/\/sachviet.eu\/en\/wp-json\/wp\/v2\/media?parent=16451"}],"wp:term":[{"taxonomy":"product_brand","embeddable":true,"href":"https:\/\/sachviet.eu\/en\/wp-json\/wp\/v2\/product_brand?post=16451"},{"taxonomy":"product_cat","embeddable":true,"href":"https:\/\/sachviet.eu\/en\/wp-json\/wp\/v2\/product_cat?post=16451"},{"taxonomy":"product_tag","embeddable":true,"href":"https:\/\/sachviet.eu\/en\/wp-json\/wp\/v2\/product_tag?post=16451"}],"curies":[{"name":"wp","href":"https:\/\/api.w.org\/{rel}","templated":true}]}}