{"id":16444,"date":"2021-12-27T16:11:18","date_gmt":"2021-12-27T14:11:18","guid":{"rendered":"https:\/\/sachviet.eu\/shop\/bo-sach-thanh-cong-ki-su-cua-kira\/"},"modified":"2022-02-10T23:20:29","modified_gmt":"2022-02-10T21:20:29","slug":"bo-sach-thanh-cong-ki-su-cua-kira","status":"publish","type":"product","link":"https:\/\/sachviet.eu\/en\/shop\/bo-sach-thanh-cong-ki-su-cua-kira\/","title":{"rendered":"B\u1ed9 s\u00e1ch Th\u00e0nh c\u00f4ng k\u00ed s\u1ef1 c\u1ee7a Kira"},"content":{"rendered":"<p>1\/Khi nh\u1eadn nu\u00f4i ch\u00fa ch\u00f3 gi\u1ed1ng Labrador l\u00f4ng tr\u1eafng \u0111\u1ed9t nhi\u00ean xu\u1ea5t hi\u1ec7n tr\u01b0\u1edbc c\u1eeda nh\u00e0, ch\u1eafc h\u1eb3n c\u00f4 b\u00e9 Kira kh\u00f4ng th\u1ec3 l\u01b0\u1eddng \u0111\u01b0\u1ee3c cu\u1ed9c phi\u00eau l\u01b0u \u0111ang ch\u1edd \u0111\u1ee3i tr\u01b0\u1edbc m\u1eaft. B\u1edfi kh\u00f4ng nh\u1eefng ch\u00fa ch\u00f3 n\u00e0y bi\u1ebft n\u00f3i, ch\u00fa c\u00f2n l\u00e0 m\u1ed9t chuy\u00ean gia th\u1ee9 thi\u1ec7t v\u1ec1 l\u0129nh v\u1ef1c t\u00e0i ch\u00ednh v\u00e0 qu\u1ea3n l\u00ed ti\u1ec1n b\u1ea1c. Nghe theo l\u1eddi ch\u1ec9 d\u1eabn c\u1ee7a Money, Kira \u0111\u00e3 c\u00f3 cho m\u00ecnh nh\u1eefng ng\u01b0\u1eddi b\u1ea1n m\u1edbi, m\u1ed9t v\u00e0i c\u00f4ng vi\u1ec7c y\u00eau th\u00edch v\u00e0 th\u1eadm ch\u00ed c\u00f2n c\u00f3 th\u1ec3 gi\u00fap b\u1ed1 m\u1eb9 m\u00ecnh tho\u00e1t c\u1ea3nh n\u1ee3 n\u1ea7n.<\/p>\n<p>V\u1eady Kira \u0111\u00e3 l\u00e0m nh\u1eefng \u0111i\u1ec1u \u0111\u00f3 nh\u01b0 th\u1ebf n\u00e0o? M\u1eddi c\u00e1c b\u1ea1n t\u00ecm ki\u1ebfm c\u00e2u tr\u1ea3 l\u1eddi trong Th\u00e0nh c\u00f4ng k\u00ed s\u1ef1 c\u1ee7a KIRA.<\/p>\n<p>2\/Cu\u1ed1i c\u00f9ng gi\u1ea5c m\u01a1 \u0111\u01b0\u1ee3c \u0111\u1ebfn California c\u1ee7a Kira \u0111\u00e3 tr\u1edf th\u00e0nh hi\u1ec7n th\u1ef1c, nh\u01b0ng trong chuy\u1ebfn \u0111i \u0111\u1ea7y h\u1ee9a h\u1eb9n n\u00e0y, em s\u1ebd ph\u1ea3i \u0111\u1ed1i m\u1eb7t v\u1edbi bi\u1ebft bao th\u1eed th\u00e1ch v\u00e0 th\u1eadm ch\u00ed c\u1ea3 nh\u1eefng hi\u1ec3m nguy r\u00ecnh r\u1eadp.<\/p>\n<p>M\u1ed1i b\u1eadn t\u00e2m c\u1ee7a c\u00f4 b\u00e9 b\u00e2y gi\u1edd c\u0169ng \u0111\u00e3 kh\u00e1c tr\u01b0\u1edbc: ngo\u00e0i vi\u1ec7c qu\u1ea3n l\u00ed ti\u1ec1n b\u1ea1c v\u00e0 chi ti\u00eau sao cho th\u1eadt h\u1ee3p l\u00ed, em c\u00f2n ph\u1ea3i h\u1ecdc \u0111\u01b0\u1ee3c c\u00e1ch ph\u00e1t tri\u1ec3n nh\u1eefng t\u00ednh c\u00e1ch t\u1ed1t c\u1ee7a b\u1ea3n th\u00e2n. May m\u1eafn l\u00e0 \u0111\u1ed3ng h\u00e0nh v\u1edbi em lu\u00f4n c\u00f3 s\u1ef1 th\u00f4ng th\u00e1i c\u1ee7a \u00f4ng Goldstern v\u00e0 b\u00e0 Weiss; t\u00ecnh b\u1ea1n c\u1ee7a Monika, Marcel; s\u1ef1 quan t\u00e2m gi\u00fap \u0111\u1ee1 c\u1ee7a nh\u1eefng ng\u01b0\u1eddi b\u1ea1n m\u1edbi \u1edf California; v\u00e0 kh\u00f4ng th\u1ec3 thi\u1ebfu, t\u1ea5t nhi\u00ean r\u1ed3i, l\u00e0 s\u1ef1 trung th\u00e0nh tuy\u1ec7t \u0111\u1ed1i c\u1ee7a ch\u00fa ch\u00f3 Money.<\/p>\n<p>BODO SCHAFER<\/p>\n<p>Bodo Sch\u00e4fer l\u00e0 m\u1ed9t t\u00e1c gi\u1ea3 c\u1ef1c k\u00ec th\u00e0nh c\u00f4ng trong vi\u1ec7c vi\u1ebft v\u1ec1 ti\u1ec1n b\u1ea1c v\u00e0 g\u00e2y d\u1ef1ng c\u01a1 nghi\u1ec7p cho c\u1ea3 ng\u01b0\u1eddi l\u1edbn l\u1eabn thi\u1ebfu nhi. S\u00e1ch c\u1ee7a \u00f4ng \u0111\u01b0\u1ee3c d\u1ecbch ra h\u01a1n 30 th\u1ee9 ti\u1ebfng.<\/p>\n<p>Th\u00e0nh c\u00f4ng k\u00ed s\u1ef1 c\u1ee7a Kira \u0111\u1ebfn nay \u0111\u00e3 b\u00e1n \u0111\u01b0\u1ee3c 3 tri\u1ec7u b\u1ea3n tr\u00ean kh\u1eafp th\u1ebf gi\u1edbi. \u1ede ch\u00e2u \u00c1, truy\u1ec7n \u0111\u01b0\u1ee3c d\u1ef1ng th\u00e0nh nh\u1ea1c k\u1ecbch cho tr\u1ebb em, chuy\u1ec3n th\u1ec3 th\u00e0nh phim v\u00e0 truy\u1ec7n tranh d\u00e0i t\u1eadp.<\/p>\n","protected":false},"excerpt":{"rendered":"<p>1\/Khi nh\u1eadn nu\u00f4i ch\u00fa ch\u00f3 gi\u1ed1ng Labrador l\u00f4ng tr\u1eafng \u0111\u1ed9t nhi\u00ean xu\u1ea5t hi\u1ec7n tr\u01b0\u1edbc c\u1eeda nh\u00e0, ch\u1eafc h\u1eb3n c\u00f4 b\u00e9 Kira kh\u00f4ng th\u1ec3 l\u01b0\u1eddng \u0111\u01b0\u1ee3c cu\u1ed9c phi\u00eau l\u01b0u \u0111ang ch\u1edd \u0111\u1ee3i tr\u01b0\u1edbc m\u1eaft. B\u1edfi kh\u00f4ng nh\u1eefng ch\u00fa ch\u00f3 n\u00e0y bi\u1ebft n\u00f3i, ch\u00fa c\u00f2n l\u00e0 m\u1ed9t chuy\u00ean gia th\u1ee9 thi\u1ec7t v\u1ec1 l\u0129nh v\u1ef1c t\u00e0i ch\u00ednh v\u00e0 qu\u1ea3n l\u00ed ti\u1ec1n b\u1ea1c. Nghe theo l\u1eddi ch\u1ec9 d\u1eabn c\u1ee7a Money, Kira \u0111\u00e3 c\u00f3 cho m\u00ecnh nh\u1eefng ng\u01b0\u1eddi b\u1ea1n m\u1edbi, m\u1ed9t v\u00e0i c\u00f4ng vi\u1ec7c y\u00eau th\u00edch v\u00e0 th\u1eadm ch\u00ed c\u00f2n c\u00f3 th\u1ec3 gi\u00fap b\u1ed1 m\u1eb9 m\u00ecnh tho\u00e1t c\u1ea3nh n\u1ee3 n\u1ea7n.<\/p>\n<p>V\u1eady Kira \u0111\u00e3 l\u00e0m nh\u1eefng \u0111i\u1ec1u \u0111\u00f3 nh\u01b0 th\u1ebf n\u00e0o? M\u1eddi c\u00e1c b\u1ea1n t\u00ecm ki\u1ebfm c\u00e2u tr\u1ea3 l\u1eddi trong Th\u00e0nh c\u00f4ng k\u00ed s\u1ef1 c\u1ee7a KIRA.<\/p>\n<p>2\/Cu\u1ed1i c\u00f9ng gi\u1ea5c m\u01a1 \u0111\u01b0\u1ee3c \u0111\u1ebfn California c\u1ee7a Kira \u0111\u00e3 tr\u1edf th\u00e0nh hi\u1ec7n th\u1ef1c, nh\u01b0ng trong chuy\u1ebfn \u0111i \u0111\u1ea7y h\u1ee9a h\u1eb9n n\u00e0y, em s\u1ebd ph\u1ea3i \u0111\u1ed1i m\u1eb7t v\u1edbi bi\u1ebft bao th\u1eed th\u00e1ch v\u00e0 th\u1eadm ch\u00ed c\u1ea3 nh\u1eefng hi\u1ec3m nguy r\u00ecnh r\u1eadp.<\/p>\n<p>M\u1ed1i b\u1eadn t\u00e2m c\u1ee7a c\u00f4 b\u00e9 b\u00e2y gi\u1edd c\u0169ng \u0111\u00e3 kh\u00e1c tr\u01b0\u1edbc: ngo\u00e0i vi\u1ec7c qu\u1ea3n l\u00ed ti\u1ec1n b\u1ea1c v\u00e0 chi ti\u00eau sao cho th\u1eadt h\u1ee3p l\u00ed, em c\u00f2n ph\u1ea3i h\u1ecdc \u0111\u01b0\u1ee3c c\u00e1ch ph\u00e1t tri\u1ec3n nh\u1eefng t\u00ednh c\u00e1ch t\u1ed1t c\u1ee7a b\u1ea3n th\u00e2n. May m\u1eafn l\u00e0 \u0111\u1ed3ng h\u00e0nh v\u1edbi em lu\u00f4n c\u00f3 s\u1ef1 th\u00f4ng th\u00e1i c\u1ee7a \u00f4ng Goldstern v\u00e0 b\u00e0 Weiss; t\u00ecnh b\u1ea1n c\u1ee7a Monika, Marcel; s\u1ef1 quan t\u00e2m gi\u00fap \u0111\u1ee1 c\u1ee7a nh\u1eefng ng\u01b0\u1eddi b\u1ea1n m\u1edbi \u1edf California; v\u00e0 kh\u00f4ng th\u1ec3 thi\u1ebfu, t\u1ea5t nhi\u00ean r\u1ed3i, l\u00e0 s\u1ef1 trung th\u00e0nh tuy\u1ec7t \u0111\u1ed1i c\u1ee7a ch\u00fa ch\u00f3 Money.<\/p>\n","protected":false},"featured_media":16443,"template":"","meta":{"_acf_changed":false},"product_brand":[],"product_cat":[25,17,26],"product_tag":[],"class_list":{"0":"post-16444","1":"product","2":"type-product","3":"status-publish","4":"has-post-thumbnail","6":"product_cat-nhi-dong-6-tuoi-12-tuoi","7":"product_cat-sach-danh-cho-cac-be","8":"product_cat-thieu-nien-11-tuoi-18-tuoi","10":"first","11":"outofstock","12":"taxable","13":"shipping-taxable","14":"purchasable","15":"product-type-simple"},"supplier_id":null,"supplier_sku":"","barcode":null,"atum_controlled":true,"out_stock_date":"2022-02-10 19:20:29","out_stock_threshold":null,"inheritable":false,"inbound_stock":0,"stock_on_hold":0,"sold_today":0,"sales_last_days":0,"reserved_stock":0,"customer_returns":0,"warehouse_damage":0,"lost_in_post":0,"other_logs":0,"out_stock_days":1448,"lost_sales":0,"has_location":false,"update_date":"2026-01-28T23:10:57","atum_locations":[],"atum_stock_status":"outofstock","restock_status":false,"low_stock_amount":"","sales_update_date":"2026-01-28T23:10:57","calc_backorders":null,"acf":{"publisher":{"ID":1454,"post_author":"1","post_date":"2021-02-17 01:11:34","post_date_gmt":"2021-02-16 23:11:34","post_content":"<!-- wp:flatsome\/uxbuilder -->\n<h1 style=\"text-align: center;\"><strong>Kim \u0110\u1ed3ng<\/strong><\/h1>\n[row]\n\n[col span=\"3\" span__sm=\"12\"]\n\n[ux_image id=\"1534\" image_size=\"medium\"]\n\n\n[\/col]\n[col span=\"9\" span__sm=\"12\"]\n\n<p>Nh\u00e0 xu\u1ea5t b\u1ea3n Kim \u0110\u1ed3ng tr\u1ef1c thu\u1ed9c Trung \u01b0\u01a1ng \u0110o\u00e0n TNCS H\u1ed3 Ch\u00ed Minh l\u00e0 Nh\u00e0 xu\u1ea5t b\u1ea3n t\u1ed5ng h\u1ee3p c\u00f3 ch\u1ee9c n\u0103ng xu\u1ea5t b\u1ea3n s\u00e1ch v\u00e0 v\u0103n h\u00f3a ph\u1ea9m ph\u1ee5c v\u1ee5 thi\u1ebfu nhi v\u00e0 c\u00e1c b\u1eadc ph\u1ee5 huynh trong c\u1ea3 n\u01b0\u1edbc, qu\u1ea3ng b\u00e1 v\u00e0 gi\u1edbi thi\u1ec7u v\u0103n h\u00f3a Vi\u1ec7t Nam ra th\u1ebf gi\u1edbi.<br \/>Nh\u00e0 xu\u1ea5t b\u1ea3n c\u00f3 nhi\u1ec7m v\u1ee5 t\u1ed5 ch\u1ee9c b\u1ea3n th\u1ea3o, bi\u00ean so\u1ea1n, bi\u00ean d\u1ecbch, xu\u1ea5t b\u1ea3n v\u00e0 ph\u00e1t h\u00e0nh c\u00e1c xu\u1ea5t b\u1ea3n ph\u1ea9m c\u00f3 n\u1ed9i dung: gi\u00e1o d\u1ee5c truy\u1ec1n th\u1ed1ng d\u00e2n t\u1ed9c, gi\u00e1o d\u1ee5c v\u1ec1 tri th\u1ee9c, ki\u1ebfn th\u1ee9c\u2026 tr\u00ean c\u00e1c l\u0129nh v\u1ef1c v\u0103n h\u1ecdc, ngh\u1ec7 thu\u1eadt, khoa h\u1ecdc k\u1ef9 thu\u1eadt nh\u1eb1m cung c\u1ea5p cho c\u00e1c em thi\u1ebfu nhi c\u0169ng nh\u01b0 c\u00e1c b\u1eadc ph\u1ee5 huynh c\u00e1c ki\u1ebfn th\u1ee9c c\u1ea7n thi\u1ebft trong cu\u1ed9c s\u1ed1ng, nh\u1eefng tinh hoa c\u1ee7a tri th\u1ee9c nh\u00e2n lo\u1ea1i nh\u1eb1m g\u00f3p ph\u1ea7n gi\u00e1o d\u1ee5c v\u00e0 h\u00ecnh th\u00e0nh nh\u00e2n c\u00e1ch th\u1ebf h\u1ec7 tr\u1ebb.<br \/>\u0110\u1ed1i t\u01b0\u1ee3ng ph\u1ee5c v\u1ee5 c\u1ee7a Nh\u00e0 xu\u1ea5t b\u1ea3n l\u00e0 c\u00e1c em t\u1eeb tu\u1ed5i nh\u00e0 tr\u1ebb m\u1eabu gi\u00e1o (1 \u0111\u1ebfn 5 tu\u1ed5i), nhi \u0111\u1ed3ng (6 \u0111\u1ebfn 9 tu\u1ed5i), thi\u1ebfu ni\u00ean (10 \u0111\u1ebfn 15 tu\u1ed5i) \u0111\u1ebfn c\u00e1c em tu\u1ed5i m\u1edbi l\u1edbn (16 \u0111\u1ebfn 18 tu\u1ed5i) v\u00e0 c\u00e1c b\u1eadc ph\u1ee5 huynh.<\/p>\n\n[\/col]\n\n[\/row]\n\n<!-- \/wp:flatsome\/uxbuilder -->","post_title":"Kim \u0110\u1ed3ng","post_excerpt":"","post_status":"publish","comment_status":"closed","ping_status":"closed","post_password":"","post_name":"kim-dong","to_ping":"","pinged":"","post_modified":"2021-02-17 01:31:56","post_modified_gmt":"2021-02-16 23:31:56","post_content_filtered":"","post_parent":0,"guid":"https:\/\/sachviet.eu\/nha-phat-hanh\/kim-dong\/","menu_order":0,"post_type":"publisher","post_mime_type":"","comment_count":"0","filter":"raw"}},"_links":{"self":[{"href":"https:\/\/sachviet.eu\/en\/wp-json\/wp\/v2\/product\/16444","targetHints":{"allow":["GET"]}}],"collection":[{"href":"https:\/\/sachviet.eu\/en\/wp-json\/wp\/v2\/product"}],"about":[{"href":"https:\/\/sachviet.eu\/en\/wp-json\/wp\/v2\/types\/product"}],"wp:featuredmedia":[{"embeddable":true,"href":"https:\/\/sachviet.eu\/en\/wp-json\/wp\/v2\/media\/16443"}],"wp:attachment":[{"href":"https:\/\/sachviet.eu\/en\/wp-json\/wp\/v2\/media?parent=16444"}],"wp:term":[{"taxonomy":"product_brand","embeddable":true,"href":"https:\/\/sachviet.eu\/en\/wp-json\/wp\/v2\/product_brand?post=16444"},{"taxonomy":"product_cat","embeddable":true,"href":"https:\/\/sachviet.eu\/en\/wp-json\/wp\/v2\/product_cat?post=16444"},{"taxonomy":"product_tag","embeddable":true,"href":"https:\/\/sachviet.eu\/en\/wp-json\/wp\/v2\/product_tag?post=16444"}],"curies":[{"name":"wp","href":"https:\/\/api.w.org\/{rel}","templated":true}]}}