{"id":16442,"date":"2021-12-27T16:11:12","date_gmt":"2021-12-27T14:11:12","guid":{"rendered":"https:\/\/sachviet.eu\/shop\/ung-thu-khong-phai-la-benh-ma-la-co-che-chua-lanh\/"},"modified":"2022-12-19T15:10:44","modified_gmt":"2022-12-19T13:10:44","slug":"ung-thu-khong-phai-la-benh-ma-la-co-che-chua-lanh","status":"publish","type":"product","link":"https:\/\/sachviet.eu\/en\/shop\/ung-thu-khong-phai-la-benh-ma-la-co-che-chua-lanh\/","title":{"rendered":"Ung Th\u01b0 Kh\u00f4ng Ph\u1ea3i L\u00e0 B\u1ec7nh, M\u00e0 L\u00e0 C\u01a1 Ch\u1ebf Ch\u1eefa L\u00e0nh"},"content":{"rendered":"<p>Nh\u1eefng g\u00ec b\u1ea1n s\u1eafp \u0111\u1ecdc c\u00f3 th\u1ec3 s\u1ebd l\u00e0m lung lay, th\u1eadm ch\u00ed l\u00e0m s\u1ee5p \u0111\u1ed5, n\u1ec1n t\u1ea3ng ni\u1ec1m tin c\u1ee7a b\u1ea1n v\u1ec1 c\u01a1 th\u1ec3, s\u1ee9c kh\u1ecfe v\u00e0 vi\u1ec7c ch\u1eefa b\u1ec7nh. Nhan \u0111\u1ec1 Ung th\u01b0 kh\u00f4ng ph\u1ea3i l\u00e0 b\u1ec7nh c\u00f3 th\u1ec3 g\u00e2y b\u1ea5t an cho nhi\u1ec1u ng\u01b0\u1eddi, khi\u00eau kh\u00edch m\u1ed9t s\u1ed1 ng\u01b0\u1eddi, nh\u01b0ng c\u1ed5 v\u0169 t\u1ea5t c\u1ea3 m\u1ecdi ng\u01b0\u1eddi. Cu\u1ed1n s\u00e1ch n\u00e0y c\u00f3 th\u1ec3 gi\u00fap b\u1ea1n l\u0129nh h\u1ed9i \u0111\u01b0\u1ee3c m\u1ed9t ph\u00e1t ki\u1ebfn s\u1ebd thay \u0111\u1ed5i cu\u1ed9c s\u1ed1ng c\u1ee7a b\u1ea1n m\u1ed9t c\u00e1ch s\u00e2u s\u1eafc n\u1ebfu b\u1ea1n s\u1eb5n s\u00e0ng \u0111\u00f3n nh\u1eadn kh\u1ea3 n\u0103ng ung th\u01b0 kh\u00f4ng ph\u1ea3i l\u00e0 m\u1ed9t c\u0103n b\u1ec7nh th\u1ef1c s\u1ef1. N\u00f3i \u0111\u00fang ra, b\u1ea1n c\u00f3 th\u1ec3 \u0111i t\u1edbi k\u1ebft lu\u1eadn r\u1eb1ng ung th\u01b0 l\u00e0 m\u1ed9t n\u1ed7 l\u1ef1c t\u1ef1 ch\u1eefa l\u00e0nh tinh vi cu\u1ed1i c\u00f9ng c\u1ee7a c\u01a1 th\u1ec3 \u0111\u1ec3 s\u1ed1ng s\u00f3t l\u00e2u nh\u1ea5t trong ho\u00e0n c\u1ea3nh cho ph\u00e9p; v\u00e0 nh\u01b0 b\u1ea1n s\u1ebd ph\u00e1t hi\u1ec7n ra, nh\u1eefng ho\u00e0n c\u1ea3nh \u1ea5y h\u1ea7u h\u1ebft l\u00e0 \u1edf trong t\u1ea7m ki\u1ec3m so\u00e1t c\u1ee7a b\u1ea1n.<br \/>\nC\u00f3 l\u1ebd b\u1ea1n s\u1ebd r\u1ea5t ng\u1ea1c nhi\u00ean khi bi\u1ebft r\u1eb1ng n\u1ebfu b\u1ea1n kh\u1ed5 s\u1edf v\u00ec b\u1ea5t c\u1ee9 c\u0103n nguy\u00ean s\u00e2u xa n\u00e0o c\u1ee7a ung th\u01b0 (n\u00f3 g\u00e2y n\u00ean \u0111au \u1ed1m th\u1ef1c s\u1ef1), b\u1ea1n ch\u1eafc s\u1ebd ch\u1ebft nhanh ch\u00f3ng n\u1ebfu c\u01a1 th\u1ec3 b\u1ea1n kh\u00f4ng sinh ra nh\u1eefng t\u1ebf b\u00e0o ung th\u01b0. Trong cu\u1ed1n s\u00e1ch n\u00e0y, t\u00e1c gi\u1ea3 cung c\u1ea5p l\u00fd l\u1ebd gi\u1ea3i th\u00edch ung th\u01b0 l\u00e0 m\u1ed9t qu\u00e1 tr\u00ecnh ch\u1eefa l\u00e0nh m\u00e0 ch\u00fang ta n\u00ean \u1ee7ng h\u1ed9 ch\u1ee9 kh\u00f4ng ph\u1ea3i tr\u1ea5n \u00e1p ho\u1eb7c ch\u1ed1ng l\u1ea1i n\u00f3. T\u00e1c gi\u1ea3 c\u0169ng \u0111\u01b0a th\u00eam b\u1eb1ng ch\u1ee9ng cho th\u1ea5y ph\u01b0\u01a1ng ph\u00e1p ch\u1eefa ung th\u01b0 kh\u00f4ng ch\u00ednh th\u1ed1ng n\u00e0y hi\u1ec7u qu\u1ea3 h\u01a1n nhi\u1ec1u so v\u1edbi c\u00e1c ph\u01b0\u01a1ng ph\u00e1p ti\u00eau di\u1ec7t n\u00f3.<br \/>\nS\u1ef1 th\u00f4ng tu\u1ec7 v\u00e0 nh\u1eefng hi\u1ec3u bi\u1ebft \u0111\u1ed9t ph\u00e1 c\u1ee7a Andreas v\u1ec1 s\u1ee9ckh\u1ecfe t\u1ef1 nhi\u00ean \u2013 c\u1ea3 tr\u00ean ph\u01b0\u01a1ng di\u1ec7n th\u1ec3 x\u00e1c, tr\u00ed tu\u1ec7 v\u00e0 tinh th\u1ea7n \u2013 l\u00e0 m\u1ed9t m\u00f3n qu\u00e0 hi\u1ebfm c\u00f3 v\u00e0 ph\u01b0\u1edbc l\u00e0nh cho t\u1ea5t c\u1ea3 ch\u00fang ta. R\u1ea1ng danh v\u1edbi th\u1eddi gian, nh\u1eefng hi\u1ec3u bi\u1ebft \u1ea5y ti\u1ebfp t\u1ee5c l\u00e0m phong ph\u00fa cho cu\u1ed9c s\u1ed1ng ch\u00fang ta b\u1eb1ng c\u00e1ch m\u1edf r\u1ed9ng suy ngh\u0129, c\u1edfi m\u1edf tr\u00e1i tim v\u00e0 h\u01b0\u1edbng ch\u00fang ta \u0111i theo nh\u1eefng l\u1ed1i m\u1edbi m\u1ebb, th\u01b0\u1eddng l\u00e0 b\u1ea5t ng\u1edd. H\u00e0ng ch\u1ee5c n\u0103m nghi\u00ean c\u1ee9u t\u00e2m huy\u1ebft c\u1ee7a \u00f4ng \u0111\u00e3 t\u00e1c \u0111\u1ed9ng t\u1edbi h\u1ea1nh ph\u00fac c\u1ee7a h\u00e0ng ngh\u00ecn cu\u1ed9c \u0111\u1eddi theo v\u00f4 s\u1ed1 c\u00e1ch kh\u00e1c nhau, v\u00e0 th\u1eadt c\u1ea3m k\u00edch l\u00e0m sao, n\u00f3 ti\u1ebfp t\u1ee5c l\u00e0m ch\u00fang ta c\u1ea3m \u0111\u1ed9ng m\u1ed9t c\u00e1ch s\u00e2u s\u0103c.<br \/>\nAndreas lu\u00f4n b\u00ean c\u1ea1nh ch\u00fang ta, b\u1eb1ng ki\u1ebfn th\u1ee9c uy\u00ean b\u00e1c, kinh nghi\u1ec7m v\u00e0 tr\u01b0\u1edbc t\u00e1c c\u1ee7a m\u00ecnh, b\u1eb1ng ngh\u1ec7 thu\u1eadt ch\u1eefa l\u00e0nh tuy\u1ec7t v\u1eddi, nh\u1eefng th\u00f4ng \u0111i\u1ec7p \u0111\u1ea7y c\u1ea3m h\u1ee9ng, th\u1ef1c t\u00e2m v\u00e0 t\u1ea5t c\u1ea3 nh\u1eefng th\u00f4ng tin m\u00e0 \u00f4ng \u0111\u00e3 h\u00e0o ph\u00f3ng chia s\u1ebb, \u0111\u1ec3 gi\u00fap ch\u00fang ta s\u1ed1ng kh\u1ecfe m\u1ea1nh, vui v\u1ebb v\u00e0 h\u1ea1nh ph\u00fac h\u01a1n. \u00dd th\u1ee9c v\u1ec1 tinh th\u1ea7n v\u00e0 l\u00f2ng tr\u1eafc \u1ea9n s\u00e2u s\u1eafc, k\u1ebft h\u1ee3p v\u1edbi hi\u1ec3u bi\u1ebft th\u1ea5u \u0111\u00e1o v\u1ec1 c\u01a1 th\u1ec3 con ng\u01b0\u1eddi c\u1ee7a \u00f4ng \u0111\u00e3 truy\u1ec1n c\u1ea3m h\u1ee9ng cho m\u1ecdi ng\u01b0\u1eddi tr\u00ean kh\u1eafp th\u1ebf gi\u1edbi \u0111\u1ec3 s\u1ed1ng m\u1ed9t cu\u1ed9c s\u1ed1ng s\u00f4i n\u1ed5i, ph\u1ea5n ch\u1ea5n v\u00e0 c\u00e2n b\u1eb1ng h\u01a1n.<br \/>\nH\u00e3y \u0111\u1ec3 cho ki\u1ebfn th\u1ee9c s\u00e2u s\u1eafc v\u00e0 nh\u1eefng ch\u1ec9 d\u1eabn th\u1ea5m \u0111\u01b0\u1ee3m t\u00ecnh th\u01b0\u01a1ng c\u1ee7a Andreas ti\u1ebfp t\u1ee5c \u0111em l\u1ea1i s\u1ef1 tho\u1ea3i m\u00e1i v\u00e0 \u1ea5m \u00e1p,\u0111\u01b0\u1ee3c g\u00f3i b\u1ecdc trong s\u1ef1 h\u1ed7 tr\u1ee3 v\u00e0 ch\u1eefa l\u00e0nh t\u1eeb \u0111\u00e1y l\u00f2ng.<\/p>\n","protected":false},"excerpt":{"rendered":"<p>Nh\u1eefng g\u00ec b\u1ea1n s\u1eafp \u0111\u1ecdc c\u00f3 th\u1ec3 s\u1ebd l\u00e0m lung lay, th\u1eadm ch\u00ed l\u00e0m s\u1ee5p \u0111\u1ed5, n\u1ec1n t\u1ea3ng ni\u1ec1m tin c\u1ee7a b\u1ea1n v\u1ec1 c\u01a1 th\u1ec3, s\u1ee9c kh\u1ecfe v\u00e0 vi\u1ec7c ch\u1eefa b\u1ec7nh. Nhan \u0111\u1ec1 Ung th\u01b0 kh\u00f4ng ph\u1ea3i l\u00e0 b\u1ec7nh c\u00f3 th\u1ec3 g\u00e2y b\u1ea5t an cho nhi\u1ec1u ng\u01b0\u1eddi, khi\u00eau kh\u00edch m\u1ed9t s\u1ed1 ng\u01b0\u1eddi, nh\u01b0ng c\u1ed5 v\u0169 t\u1ea5t c\u1ea3 m\u1ecdi ng\u01b0\u1eddi. Cu\u1ed1n s\u00e1ch n\u00e0y c\u00f3 th\u1ec3 gi\u00fap b\u1ea1n l\u0129nh h\u1ed9i \u0111\u01b0\u1ee3c m\u1ed9t ph\u00e1t ki\u1ebfn s\u1ebd thay \u0111\u1ed5i cu\u1ed9c s\u1ed1ng c\u1ee7a b\u1ea1n m\u1ed9t c\u00e1ch s\u00e2u s\u1eafc n\u1ebfu b\u1ea1n s\u1eb5n s\u00e0ng \u0111\u00f3n nh\u1eadn kh\u1ea3 n\u0103ng ung th\u01b0 kh\u00f4ng ph\u1ea3i l\u00e0 m\u1ed9t c\u0103n b\u1ec7nh th\u1ef1c s\u1ef1. N\u00f3i \u0111\u00fang ra, b\u1ea1n c\u00f3 th\u1ec3 \u0111i t\u1edbi k\u1ebft lu\u1eadn r\u1eb1ng ung th\u01b0 l\u00e0 m\u1ed9t n\u1ed7 l\u1ef1c t\u1ef1 ch\u1eefa l\u00e0nh tinh vi cu\u1ed1i c\u00f9ng c\u1ee7a c\u01a1 th\u1ec3 \u0111\u1ec3 s\u1ed1ng s\u00f3t l\u00e2u nh\u1ea5t trong ho\u00e0n c\u1ea3nh cho ph\u00e9p; v\u00e0 nh\u01b0 b\u1ea1n s\u1ebd ph\u00e1t hi\u1ec7n ra, nh\u1eefng ho\u00e0n c\u1ea3nh \u1ea5y h\u1ea7u h\u1ebft l\u00e0 \u1edf trong t\u1ea7m ki\u1ec3m so\u00e1t c\u1ee7a b\u1ea1n.<br \/>\nC\u00f3 l\u1ebd b\u1ea1n s\u1ebd r\u1ea5t ng\u1ea1c nhi\u00ean khi bi\u1ebft r\u1eb1ng n\u1ebfu b\u1ea1n kh\u1ed5 s\u1edf v\u00ec b\u1ea5t c\u1ee9 c\u0103n nguy\u00ean s\u00e2u xa n\u00e0o c\u1ee7a ung th\u01b0 (n\u00f3 g\u00e2y n\u00ean \u0111au \u1ed1m th\u1ef1c s\u1ef1), b\u1ea1n ch\u1eafc s\u1ebd ch\u1ebft nhanh ch\u00f3ng n\u1ebfu c\u01a1 th\u1ec3 b\u1ea1n kh\u00f4ng sinh ra nh\u1eefng t\u1ebf b\u00e0o ung th\u01b0. Trong cu\u1ed1n s\u00e1ch n\u00e0y, t\u00e1c gi\u1ea3 cung c\u1ea5p l\u00fd l\u1ebd gi\u1ea3i th\u00edch ung th\u01b0 l\u00e0 m\u1ed9t qu\u00e1 tr\u00ecnh ch\u1eefa l\u00e0nh m\u00e0 ch\u00fang ta n\u00ean \u1ee7ng h\u1ed9 ch\u1ee9 kh\u00f4ng ph\u1ea3i tr\u1ea5n \u00e1p ho\u1eb7c ch\u1ed1ng l\u1ea1i n\u00f3. T\u00e1c gi\u1ea3 c\u0169ng \u0111\u01b0a th\u00eam b\u1eb1ng ch\u1ee9ng cho th\u1ea5y ph\u01b0\u01a1ng ph\u00e1p ch\u1eefa ung th\u01b0 kh\u00f4ng ch\u00ednh th\u1ed1ng n\u00e0y hi\u1ec7u qu\u1ea3 h\u01a1n nhi\u1ec1u so v\u1edbi c\u00e1c ph\u01b0\u01a1ng ph\u00e1p ti\u00eau di\u1ec7t n\u00f3.<br \/>\nS\u1ef1 th\u00f4ng tu\u1ec7 v\u00e0 nh\u1eefng hi\u1ec3u bi\u1ebft \u0111\u1ed9t ph\u00e1 c\u1ee7a Andreas v\u1ec1 s\u1ee9ckh\u1ecfe t\u1ef1 nhi\u00ean \u2013 c\u1ea3 tr\u00ean ph\u01b0\u01a1ng di\u1ec7n th\u1ec3 x\u00e1c, tr\u00ed tu\u1ec7 v\u00e0 tinh th\u1ea7n \u2013 l\u00e0 m\u1ed9t m\u00f3n qu\u00e0 hi\u1ebfm c\u00f3 v\u00e0 ph\u01b0\u1edbc l\u00e0nh cho t\u1ea5t c\u1ea3 ch\u00fang ta. R\u1ea1ng danh v\u1edbi th\u1eddi gian, nh\u1eefng hi\u1ec3u bi\u1ebft \u1ea5y ti\u1ebfp t\u1ee5c l\u00e0m phong ph\u00fa cho cu\u1ed9c s\u1ed1ng ch\u00fang ta b\u1eb1ng c\u00e1ch m\u1edf r\u1ed9ng suy ngh\u0129, c\u1edfi m\u1edf tr\u00e1i tim v\u00e0 h\u01b0\u1edbng ch\u00fang ta \u0111i theo nh\u1eefng l\u1ed1i m\u1edbi m\u1ebb, th\u01b0\u1eddng l\u00e0 b\u1ea5t ng\u1edd. H\u00e0ng ch\u1ee5c n\u0103m nghi\u00ean c\u1ee9u t\u00e2m huy\u1ebft c\u1ee7a \u00f4ng \u0111\u00e3 t\u00e1c \u0111\u1ed9ng t\u1edbi h\u1ea1nh ph\u00fac c\u1ee7a h\u00e0ng ngh\u00ecn cu\u1ed9c \u0111\u1eddi theo v\u00f4 s\u1ed1 c\u00e1ch kh\u00e1c nhau, v\u00e0 th\u1eadt c\u1ea3m k\u00edch l\u00e0m sao, n\u00f3 ti\u1ebfp t\u1ee5c l\u00e0m ch\u00fang ta c\u1ea3m \u0111\u1ed9ng m\u1ed9t c\u00e1ch s\u00e2u s\u0103c.<br \/>\nAndreas lu\u00f4n b\u00ean c\u1ea1nh ch\u00fang ta, b\u1eb1ng ki\u1ebfn th\u1ee9c uy\u00ean b\u00e1c, kinh nghi\u1ec7m v\u00e0 tr\u01b0\u1edbc t\u00e1c c\u1ee7a m\u00ecnh, b\u1eb1ng ngh\u1ec7 thu\u1eadt ch\u1eefa l\u00e0nh tuy\u1ec7t v\u1eddi, nh\u1eefng th\u00f4ng \u0111i\u1ec7p \u0111\u1ea7y c\u1ea3m h\u1ee9ng, th\u1ef1c t\u00e2m v\u00e0 t\u1ea5t c\u1ea3 nh\u1eefng th\u00f4ng tin m\u00e0 \u00f4ng \u0111\u00e3 h\u00e0o ph\u00f3ng chia s\u1ebb, \u0111\u1ec3 gi\u00fap ch\u00fang ta s\u1ed1ng kh\u1ecfe m\u1ea1nh, vui v\u1ebb v\u00e0 h\u1ea1nh ph\u00fac h\u01a1n. \u00dd th\u1ee9c v\u1ec1 tinh th\u1ea7n v\u00e0 l\u00f2ng tr\u1eafc \u1ea9n s\u00e2u s\u1eafc, k\u1ebft h\u1ee3p v\u1edbi hi\u1ec3u bi\u1ebft th\u1ea5u \u0111\u00e1o v\u1ec1 c\u01a1 th\u1ec3 con ng\u01b0\u1eddi c\u1ee7a \u00f4ng \u0111\u00e3 truy\u1ec1n c\u1ea3m h\u1ee9ng cho m\u1ecdi ng\u01b0\u1eddi tr\u00ean kh\u1eafp th\u1ebf gi\u1edbi \u0111\u1ec3 s\u1ed1ng m\u1ed9t cu\u1ed9c s\u1ed1ng s\u00f4i n\u1ed5i, ph\u1ea5n ch\u1ea5n v\u00e0 c\u00e2n b\u1eb1ng h\u01a1n.<br \/>\nH\u00e3y \u0111\u1ec3 cho ki\u1ebfn th\u1ee9c s\u00e2u s\u1eafc v\u00e0 nh\u1eefng ch\u1ec9 d\u1eabn th\u1ea5m \u0111\u01b0\u1ee3m t\u00ecnh th\u01b0\u01a1ng c\u1ee7a Andreas ti\u1ebfp t\u1ee5c \u0111em l\u1ea1i s\u1ef1 tho\u1ea3i m\u00e1i v\u00e0 \u1ea5m \u00e1p,\u0111\u01b0\u1ee3c g\u00f3i b\u1ecdc trong s\u1ef1 h\u1ed7 tr\u1ee3 v\u00e0 ch\u1eefa l\u00e0nh t\u1eeb \u0111\u00e1y l\u00f2ng.<\/p>\n","protected":false},"featured_media":16440,"template":"","meta":{"_acf_changed":false},"product_brand":[],"product_cat":[18],"product_tag":[81],"class_list":{"0":"post-16442","1":"product","2":"type-product","3":"status-publish","4":"has-post-thumbnail","6":"product_cat-kinh-te","7":"product_tag-sach-gia-uu-dai","9":"first","10":"outofstock","11":"sale","12":"taxable","13":"shipping-taxable","14":"purchasable","15":"product-type-simple"},"supplier_id":null,"supplier_sku":"","barcode":null,"atum_controlled":true,"out_stock_date":"2021-12-30 13:44:09","out_stock_threshold":null,"inheritable":false,"inbound_stock":0,"stock_on_hold":0,"sold_today":0,"sales_last_days":0,"reserved_stock":0,"customer_returns":0,"warehouse_damage":0,"lost_in_post":0,"other_logs":0,"out_stock_days":1490,"lost_sales":0,"has_location":false,"update_date":"2026-01-28T23:10:57","atum_locations":[],"atum_stock_status":"outofstock","restock_status":false,"low_stock_amount":"","sales_update_date":"2026-01-28T23:10:57","calc_backorders":null,"acf":{"publisher":{"ID":1474,"post_author":"1","post_date":"2021-02-17 01:12:51","post_date_gmt":"2021-02-16 23:12:51","post_content":"","post_title":"Th\u00e1i H\u00e0","post_excerpt":"","post_status":"publish","comment_status":"closed","ping_status":"closed","post_password":"","post_name":"thai-ha","to_ping":"","pinged":"","post_modified":"2021-02-17 01:12:51","post_modified_gmt":"2021-02-16 23:12:51","post_content_filtered":"","post_parent":0,"guid":"https:\/\/sachviet.eu\/nha-phat-hanh\/thai-ha\/","menu_order":0,"post_type":"publisher","post_mime_type":"","comment_count":"0","filter":"raw"}},"_links":{"self":[{"href":"https:\/\/sachviet.eu\/en\/wp-json\/wp\/v2\/product\/16442","targetHints":{"allow":["GET"]}}],"collection":[{"href":"https:\/\/sachviet.eu\/en\/wp-json\/wp\/v2\/product"}],"about":[{"href":"https:\/\/sachviet.eu\/en\/wp-json\/wp\/v2\/types\/product"}],"wp:featuredmedia":[{"embeddable":true,"href":"https:\/\/sachviet.eu\/en\/wp-json\/wp\/v2\/media\/16440"}],"wp:attachment":[{"href":"https:\/\/sachviet.eu\/en\/wp-json\/wp\/v2\/media?parent=16442"}],"wp:term":[{"taxonomy":"product_brand","embeddable":true,"href":"https:\/\/sachviet.eu\/en\/wp-json\/wp\/v2\/product_brand?post=16442"},{"taxonomy":"product_cat","embeddable":true,"href":"https:\/\/sachviet.eu\/en\/wp-json\/wp\/v2\/product_cat?post=16442"},{"taxonomy":"product_tag","embeddable":true,"href":"https:\/\/sachviet.eu\/en\/wp-json\/wp\/v2\/product_tag?post=16442"}],"curies":[{"name":"wp","href":"https:\/\/api.w.org\/{rel}","templated":true}]}}