{"id":16407,"date":"2021-12-26T17:33:43","date_gmt":"2021-12-26T15:33:43","guid":{"rendered":"https:\/\/sachviet.eu\/shop\/lich-de-ban-tre-em-vung-cao-2022-lich-com-co-thit\/"},"modified":"2022-01-30T13:38:32","modified_gmt":"2022-01-30T11:38:32","slug":"lich-de-ban-tre-em-vung-cao-2022-lich-com-co-thit","status":"publish","type":"product","link":"https:\/\/sachviet.eu\/en\/shop\/lich-de-ban-tre-em-vung-cao-2022-lich-com-co-thit\/","title":{"rendered":"L\u1ecaCH \u0110\u1ec2 B\u00c0N Tr\u1ebb em V\u00f9ng cao 2022 &#8211; L\u1ecbch C\u01a1m C\u00f3 Th\u1ecbt"},"content":{"rendered":"<p>L\u1ecbch \u0111\u1ec3 b\u00e0n ch\u1eef A, g\u1ed3m 13 t\u1edd In m\u00e0u 2 m\u1eb7t tr\u00ean gi\u1ea5y Couches \u0111\u1ecbnh l\u01b0\u1ee3ng 00gms<br \/>\nK\u00edch th\u01b0\u1edbc 210mmx 230mm.<br \/>\nGi\u00e1 mua \u1ee7ng h\u1ed9 50.000 \u0111\/ quy\u1ec3n. Trong \u0111\u00f3 gi\u00e1 l\u1ecbch: 22.000\u0111\/quy\u1ec3n; \u1ee7ng h\u1ed9 CCT: 28.000 \u0111\/ quy\u1ec3n<\/p>\n<p>D\u1ef1 \u00e1n l\u1ecbch 2022 c\u1ee7a Ch\u01b0\u01a1ng tr\u00ecnh C\u01a1m C\u00f3 Th\u1ecbt &#8211; Qu\u1ef9 Tr\u00f2 ngh\u00e8o V\u00f9ng cao, g\u00e2y qu\u1ef9 \u1ee7ng h\u1ed9 tr\u1ebb em mi\u1ec1n n\u00fai.<br \/>\nL\u1ecbch \u0111\u1ec3 b\u00e0n v\u1edbi thi\u1ebft k\u1ebf tinh t\u1ebf, g\u1ed3m 13 t\u1edd, 26 m\u1eb7t in m\u00e0u.<br \/>\nM\u1ed7i th\u00e1ng c\u00f3 hai t\u1edd l\u1ecbch, m\u1eb7t tr\u01b0\u1edbc v\u1edbi h\u00ecnh \u1ea3nh l\u1edbn v\u00e0 m\u1eb7t sau l\u00e0 ng\u00e0y th\u00e1ng, c\u00f3 \u00f4 tr\u1ed1ng \u0111\u1ec3 ghi ch\u00fa.<br \/>\nV\u00f9ng cao trong tr\u1ebbo hi\u1ec7n l\u00ean qua nh\u1eefng n\u1ee5 c\u01b0\u1eddi, \u00e1nh m\u1eaft tr\u1ebb th\u01a1, nh\u1eefng b\u1ed9 trang ph\u1ee5c d\u00e2n t\u1ed9c r\u1ef1c r\u1ee1, cu\u1ed9c s\u1ed1ng b\u00ecnh d\u1ecb v\u1edbi c\u1ecf c\u00e2y thi\u00ean nhi\u00ean m\u1ed9c m\u1ea1c, mang s\u1ee9c h\u00fat k\u1ef3 l\u1ea1.<br \/>\nC\u00f9ng C\u01a1m C\u00f3 Th\u1ecbt th\u1eafp l\u1eeda y\u00eau th\u01b0\u01a1ng &#8211; \u00edt th\u00f4i nh\u01b0ng \u0111\u1ec1u \u0111\u1eb7n &#8211; v\u00ec m\u1ed9t v\u00f9ng cao \u1ea5m no h\u01a1n<\/p>\n<p>D\u1ef1 \u00e1n L\u1ecbch C\u01a1m C\u00f3 Th\u1ecbt h\u00e0ng n\u0103m l\u00e0 \u0111i\u1ec3m g\u1eb7p g\u1ee1, chung tay c\u1ee7a c\u00e1c nhi\u1ebfp \u1ea3nh gia &#8211; nh\u1eefng ng\u01b0\u1eddi c\u00f3 chung m\u1ed9t t\u00ecnh y\u00eau \u0111\u1eb7c bi\u1ec7t v\u1edbi c\u1ea3nh s\u1eafc v\u00e0 con ng\u01b0\u1eddi v\u00f9ng cao &#8211; v\u1edbi C\u01a1m C\u00f3 Th\u1ecbt. To\u00e0n b\u1ed9 s\u1ed1 ti\u1ec1n thu \u0111\u01b0\u1ee3c t\u1eeb vi\u1ec7c ph\u00e1t h\u00e0nh b\u1ed9 l\u1ecbch s\u1ebd \u0111\u01b0\u1ee3c d\u00e0nh cho c\u00e1c ho\u1ea1t \u0111\u1ed9ng gi\u00fap \u0111\u1ee1 tr\u1ebb em v\u00f9ng cao.<\/p>\n","protected":false},"excerpt":{"rendered":"<p>L\u1ecbch \u0111\u1ec3 b\u00e0n ch\u1eef A, g\u1ed3m 13 t\u1edd In m\u00e0u 2 m\u1eb7t tr\u00ean gi\u1ea5y Couches \u0111\u1ecbnh l\u01b0\u1ee3ng 00gms<br \/>\nK\u00edch th\u01b0\u1edbc 210mmx 230mm.<br \/>\nGi\u00e1 mua \u1ee7ng h\u1ed9 50.000 \u0111\/ quy\u1ec3n. Trong \u0111\u00f3 gi\u00e1 l\u1ecbch: 22.000\u0111\/quy\u1ec3n; \u1ee7ng h\u1ed9 CCT: 28.000 \u0111\/ quy\u1ec3n<\/p>\n<p>D\u1ef1 \u00e1n l\u1ecbch 2022 c\u1ee7a Ch\u01b0\u01a1ng tr\u00ecnh C\u01a1m C\u00f3 Th\u1ecbt &#8211; Qu\u1ef9 Tr\u00f2 ngh\u00e8o V\u00f9ng cao, g\u00e2y qu\u1ef9 \u1ee7ng h\u1ed9 tr\u1ebb em mi\u1ec1n n\u00fai.<br \/>\nL\u1ecbch \u0111\u1ec3 b\u00e0n v\u1edbi thi\u1ebft k\u1ebf tinh t\u1ebf, g\u1ed3m 13 t\u1edd, 26 m\u1eb7t in m\u00e0u.<br \/>\nM\u1ed7i th\u00e1ng c\u00f3 hai t\u1edd l\u1ecbch, m\u1eb7t tr\u01b0\u1edbc v\u1edbi h\u00ecnh \u1ea3nh l\u1edbn v\u00e0 m\u1eb7t sau l\u00e0 ng\u00e0y th\u00e1ng, c\u00f3 \u00f4 tr\u1ed1ng \u0111\u1ec3 ghi ch\u00fa.<br \/>\nV\u00f9ng cao trong tr\u1ebbo hi\u1ec7n l\u00ean qua nh\u1eefng n\u1ee5 c\u01b0\u1eddi, \u00e1nh m\u1eaft tr\u1ebb th\u01a1, nh\u1eefng b\u1ed9 trang ph\u1ee5c d\u00e2n t\u1ed9c r\u1ef1c r\u1ee1, cu\u1ed9c s\u1ed1ng b\u00ecnh d\u1ecb v\u1edbi c\u1ecf c\u00e2y thi\u00ean nhi\u00ean m\u1ed9c m\u1ea1c, mang s\u1ee9c h\u00fat k\u1ef3 l\u1ea1.<br \/>\nC\u00f9ng C\u01a1m C\u00f3 Th\u1ecbt th\u1eafp l\u1eeda y\u00eau th\u01b0\u01a1ng &#8211; \u00edt th\u00f4i nh\u01b0ng \u0111\u1ec1u \u0111\u1eb7n &#8211; v\u00ec m\u1ed9t v\u00f9ng cao \u1ea5m no h\u01a1n<\/p>\n<p>D\u1ef1 \u00e1n L\u1ecbch C\u01a1m C\u00f3 Th\u1ecbt h\u00e0ng n\u0103m l\u00e0 \u0111i\u1ec3m g\u1eb7p g\u1ee1, chung tay c\u1ee7a c\u00e1c nhi\u1ebfp \u1ea3nh gia &#8211; nh\u1eefng ng\u01b0\u1eddi c\u00f3 chung m\u1ed9t t\u00ecnh y\u00eau \u0111\u1eb7c bi\u1ec7t v\u1edbi c\u1ea3nh s\u1eafc v\u00e0 con ng\u01b0\u1eddi v\u00f9ng cao &#8211; v\u1edbi C\u01a1m C\u00f3 Th\u1ecbt. To\u00e0n b\u1ed9 s\u1ed1 ti\u1ec1n thu \u0111\u01b0\u1ee3c t\u1eeb vi\u1ec7c ph\u00e1t h\u00e0nh b\u1ed9 l\u1ecbch s\u1ebd \u0111\u01b0\u1ee3c d\u00e0nh cho c\u00e1c ho\u1ea1t \u0111\u1ed9ng gi\u00fap \u0111\u1ee1 tr\u1ebb em v\u00f9ng cao.<\/p>\n","protected":false},"featured_media":16410,"template":"","meta":{"_acf_changed":false},"product_brand":[],"product_cat":[70],"product_tag":[],"class_list":{"0":"post-16407","1":"product","2":"type-product","3":"status-publish","4":"has-post-thumbnail","6":"product_cat-qua-tang","8":"first","9":"outofstock","10":"featured","11":"taxable","12":"shipping-taxable","13":"purchasable","14":"product-type-simple"},"supplier_id":null,"supplier_sku":"","barcode":null,"atum_controlled":true,"out_stock_date":"2022-01-30 11:38:32","out_stock_threshold":null,"inheritable":false,"inbound_stock":0,"stock_on_hold":0,"sold_today":0,"sales_last_days":0,"reserved_stock":0,"customer_returns":0,"warehouse_damage":0,"lost_in_post":0,"other_logs":0,"out_stock_days":1459,"lost_sales":0,"has_location":false,"update_date":"2026-01-28T23:10:57","atum_locations":[],"atum_stock_status":"outofstock","restock_status":false,"low_stock_amount":"","sales_update_date":"2026-01-28T23:10:57","calc_backorders":null,"acf":{"publisher":false},"_links":{"self":[{"href":"https:\/\/sachviet.eu\/en\/wp-json\/wp\/v2\/product\/16407","targetHints":{"allow":["GET"]}}],"collection":[{"href":"https:\/\/sachviet.eu\/en\/wp-json\/wp\/v2\/product"}],"about":[{"href":"https:\/\/sachviet.eu\/en\/wp-json\/wp\/v2\/types\/product"}],"wp:featuredmedia":[{"embeddable":true,"href":"https:\/\/sachviet.eu\/en\/wp-json\/wp\/v2\/media\/16410"}],"wp:attachment":[{"href":"https:\/\/sachviet.eu\/en\/wp-json\/wp\/v2\/media?parent=16407"}],"wp:term":[{"taxonomy":"product_brand","embeddable":true,"href":"https:\/\/sachviet.eu\/en\/wp-json\/wp\/v2\/product_brand?post=16407"},{"taxonomy":"product_cat","embeddable":true,"href":"https:\/\/sachviet.eu\/en\/wp-json\/wp\/v2\/product_cat?post=16407"},{"taxonomy":"product_tag","embeddable":true,"href":"https:\/\/sachviet.eu\/en\/wp-json\/wp\/v2\/product_tag?post=16407"}],"curies":[{"name":"wp","href":"https:\/\/api.w.org\/{rel}","templated":true}]}}