{"id":16405,"date":"2021-12-26T17:33:38","date_gmt":"2021-12-26T15:33:38","guid":{"rendered":"https:\/\/sachviet.eu\/shop\/lich-treo-tuong-tre-em-vung-cao-2022-lich-com-co-thit\/"},"modified":"2022-05-04T12:51:48","modified_gmt":"2022-05-04T09:51:48","slug":"lich-treo-tuong-tre-em-vung-cao-2022-lich-com-co-thit","status":"publish","type":"product","link":"https:\/\/sachviet.eu\/en\/shop\/lich-treo-tuong-tre-em-vung-cao-2022-lich-com-co-thit\/","title":{"rendered":"L\u1ecaCH TREO T\u01af\u1edcNG Tr\u1ebb em V\u00f9ng cao 2022 &#8211; L\u1ecbch C\u01a1m C\u00f3 Th\u1ecbt"},"content":{"rendered":"<p>Cu\u1ed1n l\u1ecbch ghi l\u1ea1i nh\u1eefng kho\u1ea3nh kh\u1eafc h\u1ed3n nhi\u00ean, \u0111\u00e1ng y\u00eau v\u00e0 xinh \u0111\u1eb9p c\u1ee7a nh\u1eefng em b\u00e9 v\u00f9ng cao, do c\u00e1c nhi\u1ebfp \u1ea3nh gia chuy\u00ean ho\u1eb7c kh\u00f4ng chuy\u00ean g\u1eedi t\u1eb7ng C\u01a1m C\u00f3 Th\u1ecbt.<br \/>\nL\u1ecbch g\u1ed3m 7 t\u1edd, in m\u00e0u 2 m\u1eb7t tr\u00ean gi\u1ea5y Couches \u0111\u1ecbnh l\u01b0\u1ee3ng 200gms, gia c\u00f4ng g\u00e1y l\u00f2 xo tr\u1eafng.<br \/>\nK\u00edch th\u01b0\u1edbc 420mmx 520mm<br \/>\nGi\u00e1 mua \u1ee7ng h\u1ed9 50.000 \u0111\/ quy\u1ec3n. Trong \u0111\u00f3 gi\u00e1 l\u1ecbch: 22.000\u0111\/quy\u1ec3n; \u1ee7ng h\u1ed9 CCT: 28.000 \u0111\/ quy\u1ec3n<\/p>\n<p>D\u1ef1 \u00e1n l\u1ecbch 2022 c\u1ee7a Ch\u01b0\u01a1ng tr\u00ecnh C\u01a1m C\u00f3 Th\u1ecbt &#8211; Qu\u1ef9 Tr\u00f2 ngh\u00e8o V\u00f9ng cao, g\u00e2y qu\u1ef9 \u1ee7ng h\u1ed9 tr\u1ebb em mi\u1ec1n n\u00fai.<br \/>\nL\u1ecbch treo t\u01b0\u1eddng v\u1edbi thi\u1ebft k\u1ebf tinh t\u1ebf, khung \u1ea3nh l\u1edbn.<br \/>\nV\u00f9ng cao trong tr\u1ebbo hi\u1ec7n l\u00ean qua nh\u1eefng n\u1ee5 c\u01b0\u1eddi, \u00e1nh m\u1eaft tr\u1ebb th\u01a1, nh\u1eefng b\u1ed9 trang ph\u1ee5c d\u00e2n t\u1ed9c r\u1ef1c r\u1ee1, cu\u1ed9c s\u1ed1ng b\u00ecnh d\u1ecb v\u1edbi c\u1ecf c\u00e2y thi\u00ean nhi\u00ean m\u1ed9c m\u1ea1c, mang s\u1ee9c h\u00fat k\u1ef3 l\u1ea1.<br \/>\nC\u01a1m C\u00f3 Th\u1ecbt th\u1eafp l\u1eeda y\u00eau th\u01b0\u01a1ng &#8211; \u00edt th\u00f4i nh\u01b0ng \u0111\u1ec1u \u0111\u1eb7n &#8211; v\u00ec m\u1ed9t v\u00f9ng cao \u1ea5m no h\u01a1n<\/p>\n<p>D\u1ef1 \u00e1n L\u1ecbch C\u01a1m C\u00f3 Th\u1ecbt h\u00e0ng n\u0103m l\u00e0 \u0111i\u1ec3m g\u1eb7p g\u1ee1, chung tay c\u1ee7a c\u00e1c nhi\u1ebfp \u1ea3nh gia &#8211; nh\u1eefng ng\u01b0\u1eddi c\u00f3 chung m\u1ed9t t\u00ecnh y\u00eau \u0111\u1eb7c bi\u1ec7t v\u1edbi c\u1ea3nh s\u1eafc v\u00e0 con ng\u01b0\u1eddi v\u00f9ng cao &#8211; v\u1edbi C\u01a1m C\u00f3 Th\u1ecbt. To\u00e0n b\u1ed9 l\u1ee3i nhu\u1eadn thu \u0111\u01b0\u1ee3c t\u1eeb vi\u1ec7c ph\u00e1t h\u00e0nh b\u1ed9 l\u1ecbch s\u1ebd \u0111\u01b0\u1ee3c d\u00e0nh cho c\u00e1c ho\u1ea1t \u0111\u1ed9ng gi\u00fap \u0111\u1ee1 tr\u1ebb em v\u00f9ng cao.<\/p>\n","protected":false},"excerpt":{"rendered":"<p>Cu\u1ed1n l\u1ecbch ghi l\u1ea1i nh\u1eefng kho\u1ea3nh kh\u1eafc h\u1ed3n nhi\u00ean, \u0111\u00e1ng y\u00eau v\u00e0 xinh \u0111\u1eb9p c\u1ee7a nh\u1eefng em b\u00e9 v\u00f9ng cao, do c\u00e1c nhi\u1ebfp \u1ea3nh gia chuy\u00ean ho\u1eb7c kh\u00f4ng chuy\u00ean g\u1eedi t\u1eb7ng C\u01a1m C\u00f3 Th\u1ecbt.<br \/>\nL\u1ecbch g\u1ed3m 7 t\u1edd, in m\u00e0u 2 m\u1eb7t tr\u00ean gi\u1ea5y Couches \u0111\u1ecbnh l\u01b0\u1ee3ng 200gms, gia c\u00f4ng g\u00e1y l\u00f2 xo tr\u1eafng.<br \/>\nK\u00edch th\u01b0\u1edbc 420mmx 520mm<br \/>\nGi\u00e1 mua \u1ee7ng h\u1ed9 50.000 \u0111\/ quy\u1ec3n. Trong \u0111\u00f3 gi\u00e1 l\u1ecbch: 22.000\u0111\/quy\u1ec3n; \u1ee7ng h\u1ed9 CCT: 28.000 \u0111\/ quy\u1ec3n<\/p>\n<p>D\u1ef1 \u00e1n l\u1ecbch 2022 c\u1ee7a Ch\u01b0\u01a1ng tr\u00ecnh C\u01a1m C\u00f3 Th\u1ecbt &#8211; Qu\u1ef9 Tr\u00f2 ngh\u00e8o V\u00f9ng cao, g\u00e2y qu\u1ef9 \u1ee7ng h\u1ed9 tr\u1ebb em mi\u1ec1n n\u00fai.<br \/>\nL\u1ecbch treo t\u01b0\u1eddng v\u1edbi thi\u1ebft k\u1ebf tinh t\u1ebf, khung \u1ea3nh l\u1edbn.<br \/>\nV\u00f9ng cao trong tr\u1ebbo hi\u1ec7n l\u00ean qua nh\u1eefng n\u1ee5 c\u01b0\u1eddi, \u00e1nh m\u1eaft tr\u1ebb th\u01a1, nh\u1eefng b\u1ed9 trang ph\u1ee5c d\u00e2n t\u1ed9c r\u1ef1c r\u1ee1, cu\u1ed9c s\u1ed1ng b\u00ecnh d\u1ecb v\u1edbi c\u1ecf c\u00e2y thi\u00ean nhi\u00ean m\u1ed9c m\u1ea1c, mang s\u1ee9c h\u00fat k\u1ef3 l\u1ea1.<br \/>\nC\u01a1m C\u00f3 Th\u1ecbt th\u1eafp l\u1eeda y\u00eau th\u01b0\u01a1ng &#8211; \u00edt th\u00f4i nh\u01b0ng \u0111\u1ec1u \u0111\u1eb7n &#8211; v\u00ec m\u1ed9t v\u00f9ng cao \u1ea5m no h\u01a1n<\/p>\n<p>D\u1ef1 \u00e1n L\u1ecbch C\u01a1m C\u00f3 Th\u1ecbt h\u00e0ng n\u0103m l\u00e0 \u0111i\u1ec3m g\u1eb7p g\u1ee1, chung tay c\u1ee7a c\u00e1c nhi\u1ebfp \u1ea3nh gia &#8211; nh\u1eefng ng\u01b0\u1eddi c\u00f3 chung m\u1ed9t t\u00ecnh y\u00eau \u0111\u1eb7c bi\u1ec7t v\u1edbi c\u1ea3nh s\u1eafc v\u00e0 con ng\u01b0\u1eddi v\u00f9ng cao &#8211; v\u1edbi C\u01a1m C\u00f3 Th\u1ecbt. To\u00e0n b\u1ed9 l\u1ee3i nhu\u1eadn thu \u0111\u01b0\u1ee3c t\u1eeb vi\u1ec7c ph\u00e1t h\u00e0nh b\u1ed9 l\u1ecbch s\u1ebd \u0111\u01b0\u1ee3c d\u00e0nh cho c\u00e1c ho\u1ea1t \u0111\u1ed9ng gi\u00fap \u0111\u1ee1 tr\u1ebb em v\u00f9ng cao.<\/p>\n","protected":false},"featured_media":16409,"template":"","meta":{"_acf_changed":false},"product_brand":[],"product_cat":[70],"product_tag":[],"class_list":{"0":"post-16405","1":"product","2":"type-product","3":"status-publish","4":"has-post-thumbnail","6":"product_cat-qua-tang","8":"first","9":"outofstock","10":"taxable","11":"shipping-taxable","12":"purchasable","13":"product-type-simple"},"supplier_id":null,"supplier_sku":"","barcode":null,"atum_controlled":true,"out_stock_date":"2022-05-04 06:51:48","out_stock_threshold":null,"inheritable":false,"inbound_stock":0,"stock_on_hold":0,"sold_today":0,"sales_last_days":0,"reserved_stock":0,"customer_returns":0,"warehouse_damage":0,"lost_in_post":0,"other_logs":0,"out_stock_days":1365,"lost_sales":0,"has_location":false,"update_date":"2026-01-28T23:10:57","atum_locations":[],"atum_stock_status":"outofstock","restock_status":false,"low_stock_amount":"","sales_update_date":"2026-01-28T23:10:57","calc_backorders":null,"acf":{"publisher":false},"_links":{"self":[{"href":"https:\/\/sachviet.eu\/en\/wp-json\/wp\/v2\/product\/16405","targetHints":{"allow":["GET"]}}],"collection":[{"href":"https:\/\/sachviet.eu\/en\/wp-json\/wp\/v2\/product"}],"about":[{"href":"https:\/\/sachviet.eu\/en\/wp-json\/wp\/v2\/types\/product"}],"wp:featuredmedia":[{"embeddable":true,"href":"https:\/\/sachviet.eu\/en\/wp-json\/wp\/v2\/media\/16409"}],"wp:attachment":[{"href":"https:\/\/sachviet.eu\/en\/wp-json\/wp\/v2\/media?parent=16405"}],"wp:term":[{"taxonomy":"product_brand","embeddable":true,"href":"https:\/\/sachviet.eu\/en\/wp-json\/wp\/v2\/product_brand?post=16405"},{"taxonomy":"product_cat","embeddable":true,"href":"https:\/\/sachviet.eu\/en\/wp-json\/wp\/v2\/product_cat?post=16405"},{"taxonomy":"product_tag","embeddable":true,"href":"https:\/\/sachviet.eu\/en\/wp-json\/wp\/v2\/product_tag?post=16405"}],"curies":[{"name":"wp","href":"https:\/\/api.w.org\/{rel}","templated":true}]}}