{"id":16403,"date":"2021-12-26T17:33:34","date_gmt":"2021-12-26T15:33:34","guid":{"rendered":"https:\/\/sachviet.eu\/shop\/lich-nam-moi-2022-lich-xe-kho-a5-loai-dep-kem-hop-tang-va-bia-cung-kem-theo-treo-tuong\/"},"modified":"2022-01-17T11:50:55","modified_gmt":"2022-01-17T09:50:55","slug":"lich-nam-moi-2022-lich-xe-kho-a5-loai-dep-kem-hop-tang-va-bia-cung-kem-theo-treo-tuong","status":"publish","type":"product","link":"https:\/\/sachviet.eu\/en\/shop\/lich-nam-moi-2022-lich-xe-kho-a5-loai-dep-kem-hop-tang-va-bia-cung-kem-theo-treo-tuong\/","title":{"rendered":"L\u1ecbch n\u0103m m\u1edbi 2022 &#8211; L\u1ecbch x\u00e9 kh\u1ed5 A5 lo\u1ea1i \u0111\u1eb9p k\u00e8m h\u1ed9p t\u1eb7ng v\u00e0 b\u00eca c\u1ee9ng k\u00e8m theo treo t\u01b0\u1eddng"},"content":{"rendered":"<p>L\u1ecbch x\u00e9 \u0111\u01b0\u1ee3c ch\u1ecdn l\u1ecdc t\u1eeb ch\u1ea5t li\u1ec7u gi\u1ea5y \u0111\u1ebfn n\u1ed9i dung. Kh\u1ed5 A5 chu\u1ea9n \u0111\u1eb9p v\u1eeba v\u1eb7n nh\u1ea5t \u0111\u1ec3 treo t\u01b0\u1eddng. B\u00eca treo Metalize Hologam 7 m\u00e0u th\u1ef1c hi\u1ec7n theo c\u00f4ng ngh\u1ec7 m\u1edbi, \u00e9p n\u1ed5i 3D.Tr\u00ean b\u00eca c\u00f3 g\u1eafn ch\u1eef L\u1ed9c c\u1ea9m th\u1ea1ch ho\u1eb7c ch\u1eef Ph\u00fac.<\/p>\n","protected":false},"excerpt":{"rendered":"<p>L\u1ecbch x\u00e9 \u0111\u01b0\u1ee3c ch\u1ecdn l\u1ecdc t\u1eeb ch\u1ea5t li\u1ec7u gi\u1ea5y \u0111\u1ebfn n\u1ed9i dung. Kh\u1ed5 A5 chu\u1ea9n \u0111\u1eb9p v\u1eeba v\u1eb7n nh\u1ea5t \u0111\u1ec3 treo t\u01b0\u1eddng. B\u00eca treo Metalize Hologam 7 m\u00e0u th\u1ef1c hi\u1ec7n theo c\u00f4ng ngh\u1ec7 m\u1edbi, \u00e9p n\u1ed5i 3D.Tr\u00ean b\u00eca c\u00f3 g\u1eafn ch\u1eef L\u1ed9c c\u1ea9m th\u1ea1ch ho\u1eb7c ch\u1eef Ph\u00fac.<\/p>\n","protected":false},"featured_media":16415,"template":"","meta":{"_acf_changed":false},"product_brand":[],"product_cat":[70],"product_tag":[],"class_list":{"0":"post-16403","1":"product","2":"type-product","3":"status-publish","4":"has-post-thumbnail","6":"product_cat-qua-tang","8":"first","9":"outofstock","10":"featured","11":"taxable","12":"shipping-taxable","13":"purchasable","14":"product-type-simple"},"supplier_id":null,"supplier_sku":"","barcode":null,"atum_controlled":true,"out_stock_date":"2022-01-17 09:50:55","out_stock_threshold":null,"inheritable":false,"inbound_stock":0,"stock_on_hold":0,"sold_today":0,"sales_last_days":0,"reserved_stock":0,"customer_returns":0,"warehouse_damage":0,"lost_in_post":0,"other_logs":0,"out_stock_days":1472,"lost_sales":34686,"has_location":false,"update_date":"2026-01-28T23:10:57","atum_locations":[],"atum_stock_status":"outofstock","restock_status":false,"low_stock_amount":"","sales_update_date":"2026-01-28T23:10:57","calc_backorders":null,"acf":{"publisher":false},"_links":{"self":[{"href":"https:\/\/sachviet.eu\/en\/wp-json\/wp\/v2\/product\/16403","targetHints":{"allow":["GET"]}}],"collection":[{"href":"https:\/\/sachviet.eu\/en\/wp-json\/wp\/v2\/product"}],"about":[{"href":"https:\/\/sachviet.eu\/en\/wp-json\/wp\/v2\/types\/product"}],"wp:featuredmedia":[{"embeddable":true,"href":"https:\/\/sachviet.eu\/en\/wp-json\/wp\/v2\/media\/16415"}],"wp:attachment":[{"href":"https:\/\/sachviet.eu\/en\/wp-json\/wp\/v2\/media?parent=16403"}],"wp:term":[{"taxonomy":"product_brand","embeddable":true,"href":"https:\/\/sachviet.eu\/en\/wp-json\/wp\/v2\/product_brand?post=16403"},{"taxonomy":"product_cat","embeddable":true,"href":"https:\/\/sachviet.eu\/en\/wp-json\/wp\/v2\/product_cat?post=16403"},{"taxonomy":"product_tag","embeddable":true,"href":"https:\/\/sachviet.eu\/en\/wp-json\/wp\/v2\/product_tag?post=16403"}],"curies":[{"name":"wp","href":"https:\/\/api.w.org\/{rel}","templated":true}]}}