{"id":16397,"date":"2021-12-26T17:28:35","date_gmt":"2021-12-26T15:28:35","guid":{"rendered":"https:\/\/sachviet.eu\/shop\/doc-vi-cam-xuc-cua-tre-day-con-khong-cau-gat\/"},"modified":"2023-05-15T16:01:34","modified_gmt":"2023-05-15T13:01:34","slug":"doc-vi-cam-xuc-cua-tre-day-con-khong-cau-gat","status":"publish","type":"product","link":"https:\/\/sachviet.eu\/en\/shop\/doc-vi-cam-xuc-cua-tre-day-con-khong-cau-gat\/","title":{"rendered":"\u0110\u1ecdc v\u1ecb c\u1ea3m x\u00fac c\u1ee7a tr\u1ebb &#8211; D\u1ea1y con kh\u00f4ng c\u00e1u g\u1eaft"},"content":{"rendered":"<p>\u201c\u0110\u1eccC V\u1eca C\u1ea2M X\u00daC C\u1ee6A TR\u1eba &#8211; D\u1ea1y con kh\u00f4ng c\u00e1u g\u1eaft\u201d<\/p>\n<p>V\u1edbi mong mu\u1ed1n truy\u1ec1n \u0111\u1ea1t m\u1ecdi th\u1ee9 \u0111\u1ec3 nu\u00f4i d\u01b0\u1ee1ng m\u1ed9t m\u1ed1i quan h\u1ec7 t\u1ed1t \u0111\u1eb9p gi\u1eefa cha m\u1eb9, th\u1ea7y c\u00f4 v\u1edbi con tr\u1ebb, \u201c\u0110\u1eccC V\u1eca C\u1ea2M X\u00daC C\u1ee6A TR\u1eba &#8211; D\u1ea1y con kh\u00f4ng c\u00e1u g\u1eaft\u201d \u2013 cu\u1ed1n s\u00e1ch \u0111\u01b0\u1ee3c t\u00e1c gi\u1ea3 k\u1ec3 l\u1ea1i m\u1ed9t c\u00e1ch chi ti\u1ebft v\u1edbi c\u00e1c b\u01b0\u1edbc h\u01b0\u1edbng d\u1eabn c\u1ee5 th\u1ec3 trong m\u1ecdi t\u00ecnh hu\u1ed1ng t\u1eeb l\u1edbn \u0111\u1ebfn nh\u1ecf, kh\u00f4ng b\u1ecf s\u00f3t b\u1ea5t c\u1ee9 \u0111i\u1ec1u g\u00ec, \u0111\u00fac r\u00fat t\u1eeb nh\u1eefng kinh nghi\u1ec7m th\u1ef1c t\u1ebf l\u1eafng \u0111\u1ecdng trong su\u1ed1t nh\u1eefng n\u0103m th\u00e1ng d\u1ea1y d\u1ed7 tr\u1ebb \u1edf tr\u01b0\u1eddng m\u1ea7m non.<\/p>\n<p>Th\u00f4ng qua cu\u1ed1n s\u00e1ch \u201c\u0110\u1eccC V\u1eca C\u1ea2M X\u00daC C\u1ee6A TR\u1eba &#8211; D\u1ea1y con kh\u00f4ng c\u00e1u g\u1eaft\u201d Teacher Grace \u0111\u00e3 g\u1eedi th\u00f4ng \u0111i\u1ec7p \u0111\u1ebfn c\u00e1c b\u1eadc l\u00e0m cha m\u1eb9, c\u00e1c th\u1ea7y c\u00f4 gi\u00e1o: Khi giao ti\u1ebfp v\u1edbi con h\u00e3y \u0111\u1eb7t m\u00ecnh v\u00e0o v\u1ecb tr\u00ed c\u1ee7a tr\u1ebb, d\u00f9ng t\u01b0 duy logic c\u1ee7a tr\u1ebb \u0111\u1ec3 h\u00f3a gi\u1ea3i c\u1ea3m x\u00fac c\u1ee7a ch\u00fang, d\u00f9ng l\u1eddi n\u00f3i v\u00e0 c\u00e1ch \u1ee9ng x\u1eed ph\u00f9 h\u1ee3p v\u1edbi con trong c\u00e1c t\u00ecnh hu\u1ed1ng h\u00e0ng ng\u00e0y.<\/p>\n<p>Cu\u1ed1n s\u00e1ch c\u00f3 r\u1ea5t nhi\u1ec1u tips hay, c\u00e1c ph\u01b0\u01a1ng ph\u00e1p gi\u00e1o d\u1ee5c th\u1ef1c t\u1ebf h\u1eefu d\u1ee5ng, t\u1eeb vi\u1ec7c d\u00f9ng logic c\u1ee7a tr\u1ebb \u0111\u1ec3 h\u00f3a gi\u1ea3i c\u1ea3m x\u00fac c\u1ee7a ch\u00fang, t\u00ecm hi\u1ec3u tr\u1ebb c\u0169ng l\u00e0 c\u00e1ch \u0111\u1ec3 cha m\u1eb9 th\u1ea5u hi\u1ec3u con c\u00e1i m\u00ecnh h\u01a1n.<\/p>\n<p>H\u00e3y \u0111\u1eb7t m\u00ecnh v\u00e0o v\u1ecb tr\u00ed ng\u01b0\u1eddi d\u1eabn d\u1eaft cu\u1ed9c \u0111\u1eddi c\u1ee7a tr\u1ebb, l\u00e0 ng\u01b0\u1eddi d\u1eabn \u0111\u01b0\u1eddng quan tr\u1ecdng gi\u00fap tr\u1ebb x\u00e2y d\u1ef1ng, quy t\u1eafc, th\u00e1i \u0111\u1ed9 trong cu\u1ed9c s\u1ed1ng c\u1ee7a ch\u00fang.<\/p>\n<p>\u0110\u00e2y l\u00e0 cu\u1ed1n s\u00e1ch kh\u00f4ng ch\u1ec9 d\u00e0nh cho c\u00e1c b\u1eadc ph\u1ee5 huynh m\u00e0 c\u00e1c th\u1ea7y c\u00f4 gi\u00e1o c\u0169ng n\u00ean \u0111\u1ecdc \u0111\u1ec3 c\u00f3 th\u00e1i \u0111\u1ed9 c\u01b0 x\u1eed \u0111\u00fang \u0111\u1eafn, \u0111\u1ec3 h\u1ecdc \u0111\u01b0\u1ee3c c\u00e1ch l\u00e0m th\u1ebf n\u00e0o \u0111\u1ee9ng \u1edf g\u00f3c \u0111\u1ed9 c\u1ee7a con tr\u1ebb gi\u00fap con x\u00e2y d\u1ef1ng v\u00e0 ph\u00e1t tri\u1ec3n \u00fd th\u1ee9c c\u00e1 nh\u00e2n, ti\u1ebfp \u0111\u00f3 x\u00e2y d\u1ef1ng s\u1ef1 t\u1ef1 tin, gi\u00fap con tr\u1edf th\u00e0nh m\u1ed9t em b\u00e9 c\u00f3 tr\u00e1ch nhi\u1ec7m, c\u00f3 c\u00e1 t\u00ednh.<\/p>\n<p>S\u00e1ch c\u00f3 3 ch\u01b0\u01a1ng v\u1edbi 23 ph\u1ea7n:<\/p>\n<p>Ch\u01b0\u01a1ng 1: L\u00e0m m\u1ed9t ng\u01b0\u1eddi l\u1edbn thanh l\u1ecbch<\/p>\n<p>Ch\u01b0\u01a1ng 2:  D\u00f9ng logic c\u1ee7a tr\u1ebb h\u00f3a gi\u1ea3i c\u1ea3m x\u00fac c\u1ee7a ch\u00fang<\/p>\n<p>Ch\u01b0\u01a1ng 3: Thay \u0111\u1ed5i c\u00e1ch n\u00f3i, \u0111\u1ec3 tr\u1ebb tin ph\u1ee5c v\u00e0 b\u1ea1n c\u0169ng d\u1ec5 ch\u1ecbu.<\/p>\n","protected":false},"excerpt":{"rendered":"<p>\u201c\u0110\u1eccC V\u1eca C\u1ea2M X\u00daC C\u1ee6A TR\u1eba &#8211; D\u1ea1y con kh\u00f4ng c\u00e1u g\u1eaft\u201d<\/p>\n<p>V\u1edbi mong mu\u1ed1n truy\u1ec1n \u0111\u1ea1t m\u1ecdi th\u1ee9 \u0111\u1ec3 nu\u00f4i d\u01b0\u1ee1ng m\u1ed9t m\u1ed1i quan h\u1ec7 t\u1ed1t \u0111\u1eb9p gi\u1eefa cha m\u1eb9, th\u1ea7y c\u00f4 v\u1edbi con tr\u1ebb, \u201c\u0110\u1eccC V\u1eca C\u1ea2M X\u00daC C\u1ee6A TR\u1eba &#8211; D\u1ea1y con kh\u00f4ng c\u00e1u g\u1eaft\u201d \u2013 cu\u1ed1n s\u00e1ch \u0111\u01b0\u1ee3c t\u00e1c gi\u1ea3 k\u1ec3 l\u1ea1i m\u1ed9t c\u00e1ch chi ti\u1ebft v\u1edbi c\u00e1c b\u01b0\u1edbc h\u01b0\u1edbng d\u1eabn c\u1ee5 th\u1ec3 trong m\u1ecdi t\u00ecnh hu\u1ed1ng t\u1eeb l\u1edbn \u0111\u1ebfn nh\u1ecf, kh\u00f4ng b\u1ecf s\u00f3t b\u1ea5t c\u1ee9 \u0111i\u1ec1u g\u00ec, \u0111\u00fac r\u00fat t\u1eeb nh\u1eefng kinh nghi\u1ec7m th\u1ef1c t\u1ebf l\u1eafng \u0111\u1ecdng trong su\u1ed1t nh\u1eefng n\u0103m th\u00e1ng d\u1ea1y d\u1ed7 tr\u1ebb \u1edf tr\u01b0\u1eddng m\u1ea7m non.<\/p>\n<p>Th\u00f4ng qua cu\u1ed1n s\u00e1ch \u201c\u0110\u1eccC V\u1eca C\u1ea2M X\u00daC C\u1ee6A TR\u1eba &#8211; D\u1ea1y con kh\u00f4ng c\u00e1u g\u1eaft\u201d Teacher Grace \u0111\u00e3 g\u1eedi th\u00f4ng \u0111i\u1ec7p \u0111\u1ebfn c\u00e1c b\u1eadc l\u00e0m cha m\u1eb9, c\u00e1c th\u1ea7y c\u00f4 gi\u00e1o: Khi giao ti\u1ebfp v\u1edbi con h\u00e3y \u0111\u1eb7t m\u00ecnh v\u00e0o v\u1ecb tr\u00ed c\u1ee7a tr\u1ebb, d\u00f9ng t\u01b0 duy logic c\u1ee7a tr\u1ebb \u0111\u1ec3 h\u00f3a gi\u1ea3i c\u1ea3m x\u00fac c\u1ee7a ch\u00fang, d\u00f9ng l\u1eddi n\u00f3i v\u00e0 c\u00e1ch \u1ee9ng x\u1eed ph\u00f9 h\u1ee3p v\u1edbi con trong c\u00e1c t\u00ecnh hu\u1ed1ng h\u00e0ng ng\u00e0y.<\/p>\n<p>Cu\u1ed1n s\u00e1ch c\u00f3 r\u1ea5t nhi\u1ec1u tips hay, c\u00e1c ph\u01b0\u01a1ng ph\u00e1p gi\u00e1o d\u1ee5c th\u1ef1c t\u1ebf h\u1eefu d\u1ee5ng, t\u1eeb vi\u1ec7c d\u00f9ng logic c\u1ee7a tr\u1ebb \u0111\u1ec3 h\u00f3a gi\u1ea3i c\u1ea3m x\u00fac c\u1ee7a ch\u00fang, t\u00ecm hi\u1ec3u tr\u1ebb c\u0169ng l\u00e0 c\u00e1ch \u0111\u1ec3 cha m\u1eb9 th\u1ea5u hi\u1ec3u con c\u00e1i m\u00ecnh h\u01a1n.<\/p>\n<p>H\u00e3y \u0111\u1eb7t m\u00ecnh v\u00e0o v\u1ecb tr\u00ed ng\u01b0\u1eddi d\u1eabn d\u1eaft cu\u1ed9c \u0111\u1eddi c\u1ee7a tr\u1ebb, l\u00e0 ng\u01b0\u1eddi d\u1eabn \u0111\u01b0\u1eddng quan tr\u1ecdng gi\u00fap tr\u1ebb x\u00e2y d\u1ef1ng, quy t\u1eafc, th\u00e1i \u0111\u1ed9 trong cu\u1ed9c s\u1ed1ng c\u1ee7a ch\u00fang.<\/p>\n<p>\u0110\u00e2y l\u00e0 cu\u1ed1n s\u00e1ch kh\u00f4ng ch\u1ec9 d\u00e0nh cho c\u00e1c b\u1eadc ph\u1ee5 huynh m\u00e0 c\u00e1c th\u1ea7y c\u00f4 gi\u00e1o c\u0169ng n\u00ean \u0111\u1ecdc \u0111\u1ec3 c\u00f3 th\u00e1i \u0111\u1ed9 c\u01b0 x\u1eed \u0111\u00fang \u0111\u1eafn, \u0111\u1ec3 h\u1ecdc \u0111\u01b0\u1ee3c c\u00e1ch l\u00e0m th\u1ebf n\u00e0o \u0111\u1ee9ng \u1edf g\u00f3c \u0111\u1ed9 c\u1ee7a con tr\u1ebb gi\u00fap con x\u00e2y d\u1ef1ng v\u00e0 ph\u00e1t tri\u1ec3n \u00fd th\u1ee9c c\u00e1 nh\u00e2n, ti\u1ebfp \u0111\u00f3 x\u00e2y d\u1ef1ng s\u1ef1 t\u1ef1 tin, gi\u00fap con tr\u1edf th\u00e0nh m\u1ed9t em b\u00e9 c\u00f3 tr\u00e1ch nhi\u1ec7m, c\u00f3 c\u00e1 t\u00ednh.<\/p>\n<p>S\u00e1ch c\u00f3 3 ch\u01b0\u01a1ng v\u1edbi 23 ph\u1ea7n:<\/p>\n<p>Ch\u01b0\u01a1ng 1: L\u00e0m m\u1ed9t ng\u01b0\u1eddi l\u1edbn thanh l\u1ecbch<\/p>\n<p>Ch\u01b0\u01a1ng 2:  D\u00f9ng logic c\u1ee7a tr\u1ebb h\u00f3a gi\u1ea3i c\u1ea3m x\u00fac c\u1ee7a ch\u00fang<\/p>\n<p>Ch\u01b0\u01a1ng 3: Thay \u0111\u1ed5i c\u00e1ch n\u00f3i, \u0111\u1ec3 tr\u1ebb tin ph\u1ee5c v\u00e0 b\u1ea1n c\u0169ng d\u1ec5 ch\u1ecbu.<\/p>\n","protected":false},"featured_media":16395,"template":"","meta":{"_acf_changed":false},"product_brand":[],"product_cat":[19],"product_tag":[],"class_list":{"0":"post-16397","1":"product","2":"type-product","3":"status-publish","4":"has-post-thumbnail","6":"product_cat-nuoi-day-con","8":"first","9":"instock","10":"taxable","11":"shipping-taxable","12":"purchasable","13":"product-type-simple"},"supplier_id":null,"supplier_sku":"","barcode":null,"atum_controlled":true,"out_stock_date":null,"out_stock_threshold":null,"inheritable":false,"inbound_stock":0,"stock_on_hold":0,"sold_today":0,"sales_last_days":0,"reserved_stock":0,"customer_returns":0,"warehouse_damage":0,"lost_in_post":0,"other_logs":0,"out_stock_days":0,"lost_sales":0,"has_location":false,"update_date":"2026-01-28T23:10:57","atum_locations":[],"atum_stock_status":"instock","restock_status":false,"low_stock_amount":"","sales_update_date":"2026-01-28T23:10:57","calc_backorders":null,"acf":{"publisher":{"ID":16394,"post_author":"1","post_date":"2021-12-26 17:28:32","post_date_gmt":"2021-12-26 15:28:32","post_content":"","post_title":"Pingbooks","post_excerpt":"","post_status":"publish","comment_status":"closed","ping_status":"closed","post_password":"","post_name":"pingbooks","to_ping":"","pinged":"","post_modified":"2021-12-26 17:28:32","post_modified_gmt":"2021-12-26 15:28:32","post_content_filtered":"","post_parent":0,"guid":"https:\/\/sachviet.eu\/nha-phat-hanh\/pingbooks\/","menu_order":0,"post_type":"publisher","post_mime_type":"","comment_count":"0","filter":"raw"}},"_links":{"self":[{"href":"https:\/\/sachviet.eu\/en\/wp-json\/wp\/v2\/product\/16397","targetHints":{"allow":["GET"]}}],"collection":[{"href":"https:\/\/sachviet.eu\/en\/wp-json\/wp\/v2\/product"}],"about":[{"href":"https:\/\/sachviet.eu\/en\/wp-json\/wp\/v2\/types\/product"}],"wp:featuredmedia":[{"embeddable":true,"href":"https:\/\/sachviet.eu\/en\/wp-json\/wp\/v2\/media\/16395"}],"wp:attachment":[{"href":"https:\/\/sachviet.eu\/en\/wp-json\/wp\/v2\/media?parent=16397"}],"wp:term":[{"taxonomy":"product_brand","embeddable":true,"href":"https:\/\/sachviet.eu\/en\/wp-json\/wp\/v2\/product_brand?post=16397"},{"taxonomy":"product_cat","embeddable":true,"href":"https:\/\/sachviet.eu\/en\/wp-json\/wp\/v2\/product_cat?post=16397"},{"taxonomy":"product_tag","embeddable":true,"href":"https:\/\/sachviet.eu\/en\/wp-json\/wp\/v2\/product_tag?post=16397"}],"curies":[{"name":"wp","href":"https:\/\/api.w.org\/{rel}","templated":true}]}}