{"id":16393,"date":"2021-12-26T17:28:28","date_gmt":"2021-12-26T15:28:28","guid":{"rendered":"https:\/\/sachviet.eu\/shop\/don-tet-ve-nha\/"},"modified":"2025-04-20T10:34:30","modified_gmt":"2025-04-20T07:34:30","slug":"don-tet-ve-nha","status":"publish","type":"product","link":"https:\/\/sachviet.eu\/en\/shop\/don-tet-ve-nha\/","title":{"rendered":"\u0110\u00f3n t\u1ebft v\u1ec1 nh\u00e0"},"content":{"rendered":"<p>T\u1ebft Nguy\u00ean \u0110\u00e1n l\u00e0 ng\u00e0y l\u1ec5 l\u1edbn nh\u1ea5t trong n\u0103m c\u1ee7a ng\u01b0\u1eddi Vi\u1ec7t Nam m\u00ecnh, l\u00e0 kho\u1ea3ng th\u1eddi gian gia \u0111\u00ecnh c\u00f9ng nhau \u0111o\u00e0n t\u1ee5, ngh\u1ec9 ng\u01a1i v\u00e0 ch\u00e0o \u0111\u00f3n n\u0103m m\u1edbi trong kh\u00f4ng kh\u00ed m\u00f9a xu\u00e2n \u0111ang v\u1ec1.<\/p>\n<p>\u0110\u00f3n T\u1ebft V\u1ec1 Nh\u00e0! l\u00e0 m\u1ed9t cu\u1ed1n th\u01a1 k\u1ec3 v\u1ec1 c\u00e2u chuy\u1ec7n c\u1ee7a c\u1ea3 gia \u0111\u00ecnh b\u00e9 con trong d\u1ecbp T\u1ebft \u0111\u1ebfn xu\u00e2n v\u1ec1. T\u1ea5t c\u1ea3 \u0111\u1ec1u \u0111\u01b0\u1ee3c g\u00f3i gh\u00e9m v\u1edbi nh\u1eefng h\u01b0\u01a1ng v\u1ecb \u0111\u1eb7c tr\u01b0ng c\u1ee7a ng\u00e0y T\u1ebft Nguy\u00ean \u0110\u00e1n.<\/p>\n<p>V\u1edbi th\u1ec3 th\u01a1 b\u1ed1n ch\u1eef d\u1ec5 \u0111\u1ecdc d\u1ec5 thu\u1ed9c, cu\u1ed1n s\u00e1ch s\u1ebd mang \u0111\u1ebfn nh\u1eefng h\u01b0\u01a1ng v\u1ecb, kh\u00f4ng kh\u00ed \u0111\u1eb7c tr\u01b0ng c\u1ee7a ng\u00e0y T\u1ebft, th\u1eadt g\u1ea7n g\u0169i v\u00e0 th\u00e2n quen<\/p>\n","protected":false},"excerpt":{"rendered":"<p>T\u1ebft Nguy\u00ean \u0110\u00e1n l\u00e0 ng\u00e0y l\u1ec5 l\u1edbn nh\u1ea5t trong n\u0103m c\u1ee7a ng\u01b0\u1eddi Vi\u1ec7t Nam m\u00ecnh, l\u00e0 kho\u1ea3ng th\u1eddi gian gia \u0111\u00ecnh c\u00f9ng nhau \u0111o\u00e0n t\u1ee5, ngh\u1ec9 ng\u01a1i v\u00e0 ch\u00e0o \u0111\u00f3n n\u0103m m\u1edbi trong kh\u00f4ng kh\u00ed m\u00f9a xu\u00e2n \u0111ang v\u1ec1.<\/p>\n<p>\u0110\u00f3n T\u1ebft V\u1ec1 Nh\u00e0! l\u00e0 m\u1ed9t cu\u1ed1n th\u01a1 k\u1ec3 v\u1ec1 c\u00e2u chuy\u1ec7n c\u1ee7a c\u1ea3 gia \u0111\u00ecnh b\u00e9 con trong d\u1ecbp T\u1ebft \u0111\u1ebfn xu\u00e2n v\u1ec1. T\u1ea5t c\u1ea3 \u0111\u1ec1u \u0111\u01b0\u1ee3c g\u00f3i gh\u00e9m v\u1edbi nh\u1eefng h\u01b0\u01a1ng v\u1ecb \u0111\u1eb7c tr\u01b0ng c\u1ee7a ng\u00e0y T\u1ebft Nguy\u00ean \u0110\u00e1n.<\/p>\n<p>V\u1edbi th\u1ec3 th\u01a1 b\u1ed1n ch\u1eef d\u1ec5 \u0111\u1ecdc d\u1ec5 thu\u1ed9c, cu\u1ed1n s\u00e1ch s\u1ebd mang \u0111\u1ebfn nh\u1eefng h\u01b0\u01a1ng v\u1ecb, kh\u00f4ng kh\u00ed \u0111\u1eb7c tr\u01b0ng c\u1ee7a ng\u00e0y T\u1ebft, th\u1eadt g\u1ea7n g\u0169i v\u00e0 th\u00e2n quen<\/p>\n","protected":false},"featured_media":16392,"template":"","meta":{"_acf_changed":false},"product_brand":[],"product_cat":[17,24,25,71,26],"product_tag":[81],"class_list":{"0":"post-16393","1":"product","2":"type-product","3":"status-publish","4":"has-post-thumbnail","6":"product_cat-sach-danh-cho-cac-be","7":"product_cat-nha-tre-mau-giao-0-tuoi-6-tuoi","8":"product_cat-nhi-dong-6-tuoi-12-tuoi","9":"product_cat-sach-tre-em-thuan-viet","10":"product_cat-thieu-nien-11-tuoi-18-tuoi","11":"product_tag-sach-gia-uu-dai","13":"first","14":"instock","15":"sale","16":"featured","17":"taxable","18":"shipping-taxable","19":"purchasable","20":"product-type-simple"},"supplier_id":null,"supplier_sku":"","barcode":null,"atum_controlled":true,"out_stock_date":null,"out_stock_threshold":null,"inheritable":false,"inbound_stock":0,"stock_on_hold":0,"sold_today":0,"sales_last_days":0,"reserved_stock":0,"customer_returns":0,"warehouse_damage":0,"lost_in_post":0,"other_logs":0,"out_stock_days":0,"lost_sales":0,"has_location":false,"update_date":"2026-01-28T23:11:28","atum_locations":[],"atum_stock_status":"instock","restock_status":false,"low_stock_amount":"","sales_update_date":"2026-01-28T23:11:28","calc_backorders":null,"acf":{"publisher":{"ID":15270,"post_author":"1","post_date":"2021-08-04 15:01:56","post_date_gmt":"2021-08-04 12:01:56","post_content":"","post_title":"Lionbooks","post_excerpt":"","post_status":"publish","comment_status":"closed","ping_status":"closed","post_password":"","post_name":"lionbooks","to_ping":"","pinged":"","post_modified":"2021-08-04 15:01:56","post_modified_gmt":"2021-08-04 12:01:56","post_content_filtered":"","post_parent":0,"guid":"https:\/\/sachviet.eu\/nha-phat-hanh\/lionbooks\/","menu_order":0,"post_type":"publisher","post_mime_type":"","comment_count":"0","filter":"raw"}},"_links":{"self":[{"href":"https:\/\/sachviet.eu\/en\/wp-json\/wp\/v2\/product\/16393","targetHints":{"allow":["GET"]}}],"collection":[{"href":"https:\/\/sachviet.eu\/en\/wp-json\/wp\/v2\/product"}],"about":[{"href":"https:\/\/sachviet.eu\/en\/wp-json\/wp\/v2\/types\/product"}],"wp:featuredmedia":[{"embeddable":true,"href":"https:\/\/sachviet.eu\/en\/wp-json\/wp\/v2\/media\/16392"}],"wp:attachment":[{"href":"https:\/\/sachviet.eu\/en\/wp-json\/wp\/v2\/media?parent=16393"}],"wp:term":[{"taxonomy":"product_brand","embeddable":true,"href":"https:\/\/sachviet.eu\/en\/wp-json\/wp\/v2\/product_brand?post=16393"},{"taxonomy":"product_cat","embeddable":true,"href":"https:\/\/sachviet.eu\/en\/wp-json\/wp\/v2\/product_cat?post=16393"},{"taxonomy":"product_tag","embeddable":true,"href":"https:\/\/sachviet.eu\/en\/wp-json\/wp\/v2\/product_tag?post=16393"}],"curies":[{"name":"wp","href":"https:\/\/api.w.org\/{rel}","templated":true}]}}