{"id":1612,"date":"2021-02-17T01:34:14","date_gmt":"2021-02-16T23:34:14","guid":{"rendered":"https:\/\/sachviet.eu\/shop\/tuoi-tre-dang-bao-nhieu\/"},"modified":"2021-06-22T00:05:58","modified_gmt":"2021-06-21T21:05:58","slug":"tuoi-tre-dang-bao-nhieu","status":"publish","type":"product","link":"https:\/\/sachviet.eu\/en\/shop\/tuoi-tre-dang-bao-nhieu\/","title":{"rendered":"Tu\u1ed5i tr\u1ebb \u0111\u00e1ng gi\u00e1 bao nhi\u00eau"},"content":{"rendered":"<p>Th\u1ef1c ra m\u00e0 n\u00f3i, t\u00f4i r\u1ea5t hi\u1ebfm khi \u0111\u1ecdc c\u00e1c th\u1ec3 lo\u1ea1i s\u00e1ch do t\u00e1c g\u1ec9a ng\u01b0\u1eddi Vi\u1ec7t vi\u1ebft, kh\u00f4ng ph\u1ea3i do ch\u00ea bai hay coi th\u01b0\u1eddng g\u00ec m\u00e0 ch\u1ec9 \u0111\u01a1n gi\u1ea3n l\u00e0 mu\u1ed1n m\u1edf mang \u0111\u1ea7u \u00f3c, t\u01b0 duy sang c\u00e1c n\u01b0\u1edbc ph\u01b0\u01a1ng T\u00e2y \u0111\u1ec3 xem h\u1ecd ngh\u0129 g\u00ec, l\u00e0m g\u00ec, kh\u00e1c g\u00ec so v\u1edbi ng\u01b0\u1eddi ph\u01b0\u01a1ng \u0110\u00f4ng ch\u00fang ta m\u00e0 h\u1ecdc h\u1ecfi, c\u1ea3i thi\u1ec7n b\u1ea3n th\u00e2n.<\/p>\n<p>Th\u1ebf m\u00e0 c\u01a1 duy\u00ean n\u00e0o, l\u1ea1i cu\u1ed1n t\u00f4i t\u1edbi cu\u1ed1n s\u00e1ch n\u00e0y, c\u1ee7a m\u1ed9t t\u00e1c gi\u1ea3 ng\u01b0\u1eddi Vi\u1ec7t t\u00f4i ch\u01b0a h\u1ec1 bi\u1ebft \u0111\u1ebfn, tuy nhi\u00ean \u0111\u1ea7u s\u00e1ch n\u00e0y l\u1ea1i l\u00e0 m\u1ed9t trong nh\u1eefng cu\u1ed1n s\u00e1ch best seller, \u0111\u01b0\u1ee3c khuy\u00ean \u0111\u1ecdc v\u00e0 n\u00ean th\u00eam v\u00e0o t\u1ee7 s\u00e1ch, \u0111\u1eb7c bi\u1ec7t cho nh\u1eefng b\u1ea1n tr\u1ebb Vi\u1ec7t Nam.<\/p>\n<p>\u0110\u1ecdc r\u1ed3i m\u1edbi bi\u1ebft, t\u00e1c gi\u1ea3 Vi\u1ec7t Nam c\u0169ng \u0111\u00e2u c\u00f3 thua k\u00e9m g\u00ec nh\u1eefng t\u00e1c gi\u1ea3 n\u01b0\u1edbc ngo\u00e0i, h\u1ecd s\u1edf h\u1eefa m\u1ed9t l\u01b0\u1ee3ng ki\u1ebfn th\u1ee9c l\u1edbn v\u1ec1 v\u0103n h\u1ecdc, khoa h\u1ecdc, t\u00e2m l\u00ed h\u1ecdc\u2026 \u0111\u1ec3 cho ra \u0111\u1eddi nh\u1eefng c\u00e2u tri\u1ebft l\u00ed hay, nh\u1eefng c\u00e2u chuy\u1ec7n truy\u1ec1n c\u1ea3m h\u1ee9ng ch\u00e2n th\u00e0nh, t\u1ea1c d\u1ea1 c\u00f3 s\u1ee9c lay \u0111\u1ed9ng l\u1edbn cho \u0111\u1ed9c gi\u1ea3, nh\u1eefng tr\u00edch d\u1eabn \u0111\u00e1ng tin c\u1eady v\u00e0 ngu\u1ed3n t\u00e0i li\u1ec7u d\u1ed3i d\u00e0o m\u00e0 tr\u01b0\u1edbc \u0111\u00e2y ch\u00ednh t\u00e1c gi\u1ea3 \u0111\u00e3 s\u1eed d\u1ee5ng trong qu\u00e1 tr\u00ecnh t\u1ef1 h\u1ecdc, r\u00e8n d\u0169a ki\u1ebfn th\u1ee9c cho b\u1ea3n th\u00e2n.<\/p>\n<p>\u201cTu\u1ed5i tr\u1ebb \u0111\u00e1ng gi\u00e1 bao nhi\u00eau?\u201d v\u1edbi l\u1ed1i h\u00e0nh v\u0103n gi\u1ea3n d\u1ecb, d\u1ec5 \u0111\u1ecdc, nh\u01b0ng kh\u00f4ng ph\u1ea3i l\u00e0 s\u1ef1 \u0111\u01a1n \u0111i\u1ec7u, s\u00e1o r\u1ed7ng m\u00e0 l\u00e0 s\u1ef1 \u0111\u01a1n gi\u1ea3n thanh tao xu\u1ea5t ph\u00e1t t\u1eeb kinh nghi\u1ec7m t\u00edch l\u0169y, t\u1eeb ch\u00ednh cu\u1ed9c \u0111\u1eddi c\u1ee7a t\u00e1c gi\u1ea3 \u2013 m\u1ed9t ng\u01b0\u1eddi xu\u1ea5t th\u00e2n b\u00ecnh th\u01b0\u1eddng nh\u01b0ng b\u1eb1ng n\u1ed7 l\u1ef1c b\u1ec1n b\u1ec9 theo \u0111u\u1ed5i m\u1ee5c ti\u00eau \u0111\u00e3 t\u1ea1o n\u00ean nh\u1eefng \u0111i\u1ec1u phi th\u01b0\u1eddng trong cu\u1ed9c s\u1ed1ng c\u1ee7a ch\u1ecb. \u0110i\u1ec1u \u0111\u00f3 th\u00f4i th\u00fac ch\u1ecb ph\u1ea3i l\u00e0m m\u1ed9t \u0111i\u1ec1u g\u00ec \u0111\u00f3 \u0111\u1ec3 truy\u1ec1n c\u1ea3m h\u1ee9ng, ni\u1ec1m tin v\u00e0 \u0111\u1ed9ng l\u1ef1c cho c\u00e1c b\u1ea1n tr\u1ebb Vi\u1ec7t Nam. C\u00e1c b\u1ea1n sinh ra \u0111\u00e3 l\u00e0 m\u1ed9t ng\u00f4i sao v\u00e0 r\u1ed3i \u0111\u1ebfn m\u1ed9t th\u1eddi \u0111i\u1ec3m th\u00edch h\u1ee3p ng\u00f4i sao \u0111\u00f3 s\u1ebd t\u1ecfa s\u00e1ng l\u1ea5p l\u00e1nh tr\u00ean b\u1ea7u tr\u1eddi.<\/p>\n<p>\u201cTu\u1ed5i tr\u1ebb \u0111\u00e1ng gi\u00e1 bao nhi\u00eau?\u201d l\u00e0 t\u1ef1a s\u00e1ch nh\u1eefng c\u0169ng l\u00e0 c\u00e2u h\u1ecfi tr\u0103n tr\u1edf c\u1ee7a t\u00e1c gi\u1ea3 v\u00e0 c\u1ee7a r\u1ea5t nhi\u1ec1u b\u1ea1n tr\u1ebb hi\u1ec7n nay, nh\u1eefng n\u0103m th\u00e1ng c\u1ee7a tu\u1ed5i 20 \u0111\u1ecbnh h\u00ecnh c\u1ea3 m\u1ed9t cu\u1ed9c \u0111\u1eddi, m\u1ed9t t\u01b0\u01a1ng lai sau n\u00e0y c\u1ee7a ch\u00fang ta. C\u00f3 qu\u00e1 nhi\u1ec1u \u0111i\u1ec1u ta mu\u1ed1n c\u00f3, mu\u1ed1n l\u00e0m, c\u00f3 qu\u00e1 nhi\u1ec1u tr\u0103n tr\u1edf: Ta n\u00ean b\u1eaft \u0111\u1ea7u t\u1eeb \u0111\u1ea7u? Li\u1ec7u con \u0111\u01b0\u1eddng n\u00e0y c\u00f3 \u0111\u00fang? Th\u00e0nh c\u00f4ng n\u00e0y c\u00f3 x\u1ee9ng \u0111\u00e1ng \u0111\u1ec3 ta ch\u1ea5p nh\u1eadn \u0111\u00e1nh \u0111\u1ed5i? V\u00e0 n\u1ed7 l\u1ef1c n\u00e0y c\u00f3 \u0111\u01b0\u1ee3c \u0111\u1ec1n \u0111\u00e1p x\u1ee9ng \u0111\u00e1ng? C\u1ed1 th\u1ee7 t\u01b0\u1edbng L\u00fd Quang Di\u1ec7u t\u1eebng c\u00f3 m\u1ed9t c\u00e2u n\u00f3i n\u1ed5i ti\u1ebfng: \u201dH\u1ee1i thanh ni\u00ean, h\u00e3y b\u00e1n cho t\u00f4i m\u1ed9t n\u0103m tu\u1ed5i tr\u1ebb, t\u00f4i s\u1ebd tr\u1ea3 b\u1ea1n m\u1ed9t t\u1ec9 \u0111\u00f4 xanh\u201d. V\u1eady b\u1ea1n th\u00e2n m\u1ebfn, n\u1ebfu nh\u01b0 \u0111\u01b0\u1ee3c l\u1ef1a ch\u1ecdn th\u00ec b\u1ea1n c\u00f3 b\u00e1n \u0111i m\u1ed9t n\u0103m tu\u1ed5i tr\u1ebb c\u1ee7a m\u00ecnh kh\u00f4ng? V\u00e0 n\u1ebfu kh\u00f4ng, b\u1ea1n s\u1ebd l\u00e0m g\u00ec \u0111\u1ec3 nh\u1eefng n\u0103m th\u00e1ng tu\u1ed5i tr\u1ebb tr\u00f4i qu\u00e1 th\u1eadt \u0111\u00e1ng gi\u00e1?<\/p>\n<p>Cu\u1ed1n s\u00e1ch s\u1ebd \u0111\u1ed3ng h\u00e0nh chia s\u1ebb n\u1ed7i ni\u1ec1m v\u1edbi nh\u1eefng ng\u01b0\u1eddi \u0111ang b\u0103n kho\u0103n l\u1ea1c l\u1ed1i v\u00e0 c\u1ed5 v\u0169 nh\u1eefng ai \u0111ang \u1ea5p \u1ee7 gi\u1ea5c m\u01a1.<\/p>\n<p>\u201cD\u00f9 l\u00e0 ng\u00e0y tr\u1eddi xanh n\u1eafng \u0111\u1eb9p hay ng\u00e0y m\u00e2y m\u00f9 \u00e2m u, th\u00ec b\u1ea1n c\u0169ng s\u1ebd kh\u00f4ng c\u00f3 c\u01a1 h\u1ed9i nh\u00ecn th\u1ea5y b\u1ea7u tr\u1eddi ch\u00ednh x\u00e1c nh\u01b0 th\u1ebf n\u00e0y l\u1ea7n n\u1eefa. Ng\u00e0y h\u00f4m nay tr\u00f4i qua s\u1ebd l\u00e0 m\u00e3i m\u00e3i kh\u00f4ng quay tr\u1edf l\u1ea1i. V\u1eady n\u00ean n\u1ebfu b\u1ea1n c\u00f2n tr\u1ebb, h\u00e3y h\u1ecdc c\u00e1ch \u0111\u1ec3 bi\u1ebfn tu\u1ed5i tr\u1ebb c\u1ee7a b\u1ea1n tr\u1edf n\u00ean v\u00f4 gi\u00e1.\u201d<\/p>\n<p>Ch\u00fac b\u1ea1n n\u1ed7 l\u1ef1c b\u1ec1n b\u1ec9 !  <div class=\"banner-grid-wrapper\">\n  <div id=\"banner-grid-864339005\" class=\"banner-grid row row-grid row-small\" data-packery-options=\"\">\n                      <div class=\"col grid-col large-6 grid-col-1\" ><div class=\"col-inner\">\t<div class=\"img has-hover x md-x lg-x y md-y lg-y\" id=\"image_1246298544\">\n\t\t\t\t\t\t\t\t<div class=\"img-inner dark\" >\n\t\t\t<img loading=\"lazy\" decoding=\"async\" width=\"800\" height=\"800\" src=\"https:\/\/sachviet.eu\/wp-content\/uploads\/2021\/02\/16-2.jpg\" class=\"attachment-large size-large\" alt=\"\" srcset=\"https:\/\/sachviet.eu\/wp-content\/uploads\/2021\/02\/16-2.jpg 800w, https:\/\/sachviet.eu\/wp-content\/uploads\/2021\/02\/16-2-300x300.jpg 300w, https:\/\/sachviet.eu\/wp-content\/uploads\/2021\/02\/16-2-150x150.jpg 150w, https:\/\/sachviet.eu\/wp-content\/uploads\/2021\/02\/16-2-768x768.jpg 768w, https:\/\/sachviet.eu\/wp-content\/uploads\/2021\/02\/16-2-600x600.jpg 600w, https:\/\/sachviet.eu\/wp-content\/uploads\/2021\/02\/16-2-100x100.jpg 100w\" sizes=\"auto, (max-width: 800px) 100vw, 800px\" \/>\t\t\t\t\t\t\n\t\t\t\t\t<\/div>\n\t\t\t\t\t\t\t\t\n<style>\n#image_1246298544 {\n  width: 100%;\n}\n<\/style>\n\t<\/div>\n\t<\/div><\/div><div class=\"col grid-col large-6 grid-col-1-2\" ><div class=\"col-inner\">\t<div class=\"img has-hover x md-x lg-x y md-y lg-y\" id=\"image_992671549\">\n\t\t\t\t\t\t\t\t<div class=\"img-inner dark\" >\n\t\t\t<img loading=\"lazy\" decoding=\"async\" width=\"660\" height=\"470\" src=\"https:\/\/sachviet.eu\/wp-content\/uploads\/2021\/02\/tuoi-tre-dang-gia-bao-nhieu-review-sach.jpg\" class=\"attachment-large size-large\" alt=\"\" srcset=\"https:\/\/sachviet.eu\/wp-content\/uploads\/2021\/02\/tuoi-tre-dang-gia-bao-nhieu-review-sach.jpg 660w, https:\/\/sachviet.eu\/wp-content\/uploads\/2021\/02\/tuoi-tre-dang-gia-bao-nhieu-review-sach-300x214.jpg 300w, https:\/\/sachviet.eu\/wp-content\/uploads\/2021\/02\/tuoi-tre-dang-gia-bao-nhieu-review-sach-600x427.jpg 600w\" sizes=\"auto, (max-width: 660px) 100vw, 660px\" \/>\t\t\t\t\t\t\n\t\t\t\t\t<\/div>\n\t\t\t\t\t\t\t\t\n<style>\n#image_992671549 {\n  width: 100%;\n}\n<\/style>\n\t<\/div>\n\t<\/div><\/div><div class=\"col grid-col large-6 grid-col-1-2\" ><div class=\"col-inner\">\t<div class=\"img has-hover x md-x lg-x y md-y lg-y\" id=\"image_770686036\">\n\t\t\t\t\t\t\t\t<div class=\"img-inner dark\" >\n\t\t\t<img loading=\"lazy\" decoding=\"async\" width=\"690\" height=\"460\" src=\"https:\/\/sachviet.eu\/wp-content\/uploads\/2021\/02\/18485878_656665167857221_5997885916907106471_n.jpg\" class=\"attachment-large size-large\" alt=\"\" srcset=\"https:\/\/sachviet.eu\/wp-content\/uploads\/2021\/02\/18485878_656665167857221_5997885916907106471_n.jpg 690w, https:\/\/sachviet.eu\/wp-content\/uploads\/2021\/02\/18485878_656665167857221_5997885916907106471_n-300x200.jpg 300w, https:\/\/sachviet.eu\/wp-content\/uploads\/2021\/02\/18485878_656665167857221_5997885916907106471_n-600x400.jpg 600w\" sizes=\"auto, (max-width: 690px) 100vw, 690px\" \/>\t\t\t\t\t\t\n\t\t\t\t\t<\/div>\n\t\t\t\t\t\t\t\t\n<style>\n#image_770686036 {\n  width: 100%;\n}\n<\/style>\n\t<\/div>\n\t<\/div><\/div>            <\/div>\n    <style>\n    #banner-grid-864339005 .grid-col-1{height: 600px}\n    #banner-grid-864339005 .grid-col-1-2{height: 300px}\n    #banner-grid-864339005 .grid-col-1-3{height:200px}\n    #banner-grid-864339005 .grid-col-2-3{height: 400px}\n    #banner-grid-864339005 .grid-col-1-4{height: 150px}\n    #banner-grid-864339005 .grid-col-3-4{height: 450px}\n\n\n    \n    \n\n  <\/style>\n    <\/div>\n  \n","protected":false},"excerpt":{"rendered":"<p>\u201cB\u1ea1n h\u1ed1i ti\u1ebfc v\u00ec kh\u00f4ng n\u1eafm b\u1eaft l\u1ea5y m\u1ed9t c\u01a1 h\u1ed9i n\u00e0o \u0111\u00f3, ch\u1eb3ng c\u00f3 ai ph\u1ea3i m\u1ea5t ng\u1ee7.<\/p>\n<p>B\u1ea1n tr\u1ea3i qua nh\u1eefng ng\u00e0y th\u00e1ng nh\u1ea1t nh\u1ebdo v\u1edbi c\u00f4ng vi\u1ec7c b\u1ea1n c\u0103m gh\u00e9t, ng\u01b0\u1eddi ta ch\u1eb3ng h\u1ec1 b\u1eadn l\u00f2ng.<\/p>\n<p>B\u1ea1n c\u00f3 ch\u1ebft m\u00f2n n\u01a1i x\u00f3 t\u01b0\u1eddng v\u1edbi nh\u1eefng \u01b0\u1edbc m\u01a1 dang d\u1edf, \u0111\u00f3 kh\u00f4ng ph\u1ea3i l\u00e0 vi\u1ec7c c\u1ee7a h\u1ecd.<\/p>\n<p>Suy cho c\u00f9ng, quy\u1ebft \u0111\u1ecbnh l\u00e0 \u1edf b\u1ea1n. Mu\u1ed1n c\u00f3 \u0111i\u1ec1u g\u00ec hay kh\u00f4ng l\u00e0 t\u00f9y b\u1ea1n.<\/p>\n<p>N\u00ean h\u00e3y l\u00e0m nh\u1eefng \u0111i\u1ec1u b\u1ea1n th\u00edch. H\u00e3y \u0111i theo ti\u1ebfng n\u00f3i tr\u00e1i tim. H\u00e3y s\u1ed1ng theo c\u00e1ch b\u1ea1n cho l\u00e0 m\u00ecnh n\u00ean s\u1ed1ng.<\/p>\n<p>V\u00ec sau t\u1ea5t c\u1ea3, ch\u1eb3ng ai quan t\u00e2m.\u201d<\/p>\n<p>\u201cT\u00f4i \u0111\u00e3 \u0111\u1ecdc quy\u1ec3n s\u00e1ch n\u00e0y m\u1ed9t c\u00e1ch th\u00edch th\u00fa. C\u00f3 nhi\u1ec1u ki\u1ebfn th\u1ee9c v\u00e0 kinh nghi\u1ec7m h\u1eefu \u00edch, nh\u1eefng \u0111i\u1ec1u m\u1edbi m\u1ebb ngay c\u1ea3 v\u1edbi ng\u01b0\u1eddi g\u1ea7n trung ni\u00ean nh\u01b0 t\u00f4i.<\/p>\n<p>Tu\u1ed5i tr\u1ebb \u0111\u00e1ng gi\u00e1 bao nhi\u00eau? \u0111\u01b0\u1ee3c t\u00e1c gi\u1ea3 chia l\u00e0m 3 ph\u1ea7n: H\u1eccC, L\u00c0M, \u0110I.<\/p>\n<p>Nh\u01b0ng t\u00f4i th\u1ea5y cu\u1ed1n s\u00e1ch c\u00f2n th\u1ec3 hi\u1ec7n m\u1ed9t ph\u1ea7n th\u1ee9 t\u01b0 n\u1eefa, \u0111\u00f3 l\u00e0 \u0110\u1eccC.<\/p>\n<p>H\u00e3y \u0111\u1ecdc s\u00e1ch, n\u1ebfu b\u1ea1n \u0111\u1ecdc s\u00e1ch m\u1ed9t c\u00e1ch b\u1ec1n b\u1ec9, s\u1ebd \u0111\u1ebfn l\u00fac b\u1ea1n b\u1ecb th\u00f4i th\u00fac kh\u00f4ng ng\u1eebng b\u1edfi \u00fd mu\u1ed1n vi\u1ebft n\u00ean cu\u1ed1n s\u00e1ch c\u1ee7a ri\u00eang m\u00ecnh.<\/p>\n<p>N\u1ebfu t\u00f4i c\u00f2n \u1edf tu\u1ed5i \u0111\u00f4i m\u01b0\u01a1i, h\u1eb3n l\u00e0 t\u00f4i s\u1ebd \u0111\u1ecdc Tu\u1ed5i tr\u1ebb \u0111\u00e1ng gi\u00e1 bao nhi\u00eau? nhi\u1ec1u h\u01a1n m\u1ed9t l\u1ea7n.\u201d<\/p>\n<p>&#8211; \u0110\u1eb7ng Nguy\u1ec5n \u0110\u00f4ng Vy, t\u00e1c gi\u1ea3, nh\u00e0 b\u00e1o<\/p>\n","protected":false},"featured_media":1598,"template":"","meta":{"_acf_changed":false},"product_brand":[],"product_cat":[15,47],"product_tag":[],"class_list":{"0":"post-1612","1":"product","2":"type-product","3":"status-publish","4":"has-post-thumbnail","6":"product_cat-sach-danh-cho-nguoi-lon","7":"product_cat-truyen-ngan-tan-van","9":"first","10":"outofstock","11":"taxable","12":"shipping-taxable","13":"purchasable","14":"product-type-simple"},"supplier_id":null,"supplier_sku":"","barcode":null,"atum_controlled":true,"out_stock_date":"2021-06-21 21:05:58","out_stock_threshold":null,"inheritable":false,"inbound_stock":0,"stock_on_hold":0,"sold_today":0,"sales_last_days":0,"reserved_stock":0,"customer_returns":0,"warehouse_damage":0,"lost_in_post":0,"other_logs":0,"out_stock_days":1682,"lost_sales":0,"has_location":false,"update_date":"2026-01-28T23:10:30","atum_locations":[],"atum_stock_status":"outofstock","restock_status":false,"low_stock_amount":"","sales_update_date":"2026-01-28T23:10:30","calc_backorders":null,"acf":{"publisher":{"ID":1424,"post_author":"1","post_date":"2021-02-17 00:02:29","post_date_gmt":"2021-02-16 22:02:29","post_content":"<!-- wp:flatsome\/uxbuilder -->\n<h1 style=\"text-align: center\"><strong>Nh\u00e3 Nam<\/strong><\/h1>\n[row]\n\n[col span=\"6\" span__sm=\"12\"]\n\n[ux_image id=\"1438\" image_size=\"medium\"]\n\n\n[\/col]\n[col span=\"6\" span__sm=\"12\"]\n\n<p><strong>C\u00f4ng ty c\u1ed5 ph\u1ea7n V\u0103n h\u00f3a v\u00e0 Truy\u1ec1n th\u00f4ng Nh\u00e3 Nam<\/strong><\/p>\n<p>Th\u00e1ng 2 n\u0103m 2005, Nh\u00e3 Nam, t\u00ean \u0111\u1ea7y \u0111\u1ee7 l\u00e0 C\u00f4ng ty C\u1ed5 ph\u1ea7n V\u0103n h\u00f3a v\u00e0 Truy\u1ec1n th\u00f4ng Nh\u00e3 Nam \u0111\u00e3 gia nh\u1eadp th\u1ecb tr\u01b0\u1eddng s\u00e1ch. T\u00e1c ph\u1ea9m \"Balzac v\u00e0 c\u00f4 b\u00e9 th\u1ee3 may Trung hoa\" c\u1ee7a \u0110\u1edbi T\u01b0 Ki\u1ec7t l\u00e0 cu\u1ed1n s\u00e1ch \u0111\u1ea7u ti\u00ean \u0111\u01b0\u1ee3c nh\u1eefng ng\u01b0\u1eddi s\u00e1ng l\u1eadp Nh\u00e3 Nam xu\u1ea5t b\u1ea3n c\u1ea3 tr\u01b0\u1edbc khi c\u00f4ng ty ra \u0111\u1eddi. Ngay l\u1eadp t\u1ee9c t\u1eeb cu\u1ed1n s\u00e1ch \u0111\u1ea7u ti\u00ean, \u0111\u1ed9c gi\u1ea3 \u0111\u00e3 d\u00e0nh s\u1ef1 quan t\u00e2m v\u00e0 y\u00eau m\u1ebfn cho m\u1ed9t th\u01b0\u01a1ng hi\u1ec7u s\u00e1ch m\u1edbi m\u1ebb mang trong m\u00ecnh kh\u00e1t v\u1ecdng g\u00f3p ph\u1ea7n t\u1ea1o l\u1eadp di\u1ec7n m\u1ea1o m\u1edbi cho xu\u1ea5t b\u1ea3n v\u0103n h\u1ecdc t\u1ea1i Vi\u1ec7t Nam.<\/p>\n<p>L\u00f2ng say m\u00ea c\u1ee7a \u0111\u1ed9i ng\u0169 l\u00e0 vi\u00ean \u0111\u00e1 \u0111\u1ea7u ti\u00ean. Tr\u1ea3i qua m\u1ea5y n\u0103m ph\u00e1t tri\u1ec3n, Nh\u00e3 Nam \u0111\u00e3 \u0111\u01b0\u1ee3c x\u00e2y d\u1ef1ng d\u1ea7n l\u00ean trong di\u1ec7n m\u1ea1o m\u1ed9t nh\u00e0 xu\u1ea5t b\u1ea3n v\u1eefng ch\u00e3i v\u00e0 chuy\u00ean nghi\u1ec7p. S\u00e1u th\u00e1ng sau khi th\u00e0nh l\u1eadp c\u00f4ng ty, Nh\u1eadt k\u00fd \u0110\u1eb7ng Th\u00f9y Tr\u00e2m ra \u0111\u1eddi, t\u1ea1o n\u00ean m\u1ed9t c\u01a1n s\u1ed1t trong x\u00e3 h\u1ed9i, v\u1edbi g\u1ea7n 500,000 b\u1ea3n s\u00e1ch \u0111\u01b0\u1ee3c ph\u00e1t h\u00e0nh, ph\u00e1 m\u1ecdi k\u1ef7 l\u1ee5c v\u1ec1 xu\u1ea5t b\u1ea3n tr\u01b0\u1edbc \u0111\u00f3, k\u00e9o theo m\u1ed9t lo\u1ea1t nh\u1eefng hi\u1ec7u \u1ee9ng x\u00e3 h\u1ed9i v\u00e0 d\u01b0 lu\u1eadn c\u00f3 \u00fd ngh\u0129a. T\u1eeb \u0111\u00f3 tr\u1edf \u0111i, th\u00f4ng qua Nh\u00e3 Nam, c\u00e1c cu\u1ed1n s\u00e1ch v\u0103n h\u1ecdc n\u01b0\u1edbc ngo\u00e0i c\u00f3 gi\u00e1 tr\u1ecb \u0111\u01b0\u1ee3c li\u00ean t\u1ee5c mua b\u1ea3n quy\u1ec1n v\u00e0 xu\u1ea5t b\u1ea3n t\u1ea1i Vi\u1ec7t Nam, thu h\u00fat nhi\u1ec1u t\u1ea7ng l\u1edbp \u0111\u1ed9c gi\u1ea3. S\u00e1ch c\u1ee7a Nh\u00e3 Nam n\u1ed5i b\u1eadt b\u1edfi n\u1ed9i dung v\u0103n h\u1ecdc tinh t\u1ebf, b\u1edfi v\u1ebb \u0111\u1eb9p c\u1ee7a thi\u1ebft k\u1ebf hi\u1ec7n \u0111\u1ea1i \u1edf h\u00ecnh th\u1ee9c, b\u1edfi s\u1ef1 ch\u0103m ch\u00fat k\u1ef9 l\u01b0\u1ee1ng cho m\u1ed7i cu\u1ed1n s\u00e1ch nh\u01b0 m\u1ed9t con thuy\u1ec1n mang t\u1edbi ni\u1ec1m vui, tri th\u1ee9c, ng\u1ea1c nhi\u00ean, v\u00e0 \u0111\u1ed3ng c\u1ea3m.<\/p>\n\n[\/col]\n\n[\/row]\n<p style=\"text-align: left\">Hi\u1ec3u th\u1eddi \u0111\u1ea1i \u0111ang s\u1ed1ng th\u00f4ng qua s\u00e1ch, song h\u00e0nh v\u1edbi nh\u1eefng bi\u1ebfn chuy\u1ec3n s\u00e2u s\u1eafc trong l\u00f2ng x\u00e3 h\u1ed9i b\u1eb1ng nh\u1eefng ho\u1ea1t \u0111\u1ed9ng xu\u1ea5t b\u1ea3n mi\u1ec7t m\u00e0i v\u00e0 qu\u1ea3 c\u1ea3m, con \u0111\u01b0\u1eddng Nh\u00e3 Nam \u0111\u00e3 ch\u1ecdn \u0111\u1ec3 \u0111i s\u1ebd c\u00f2n d\u00e0i. Nhi\u1ec1u kh\u00f3 kh\u0103n, th\u1eed th\u00e1ch \u0111ang \u1edf ph\u00eda tr\u01b0\u1edbc. B\u01b0\u1edbc qua th\u1eddi k\u1ef3 s\u01a1 khai v\u1edbi nh\u1eefng b\u00e0i h\u1ecdc v\u00e0 nh\u1eefng kinh nghi\u1ec7m \u0111\u1ea7u ti\u00ean, Nh\u00e3 Nam gi\u1edd \u0111\u00e3 s\u1eb5n s\u00e0ng cho m\u1ed9t ch\u1eb7ng \u0111\u01b0\u1eddng ph\u00e1t tri\u1ec3n m\u1edbi. V\u00e0 ch\u00fang t\u00f4i mu\u1ed1n ho\u00e0n thi\u1ec7n m\u00ecnh trong s\u1ef1 c\u1ea7u th\u1ecb v\u00e0 c\u1ea9n tr\u1ecdng. T\u1ea5t c\u1ea3 v\u00ec m\u1ed9t gia s\u1ea3n s\u00e1ch to l\u1edbn, c\u00f3 s\u1ee9c s\u1ed1ng d\u00e0i l\u00e2u, c\u00f3 \u00fd ngh\u0129a v\u1edbi nhi\u1ec1u th\u1ebf h\u1ec7 b\u1ea1n \u0111\u1ecdc.<br \/>B\u1edfi v\u00ec s\u00e1ch l\u00e0 th\u1ebf gi\u1edbi.<\/p>\n<p><strong>\u0110\u00e2y l\u00e0 m\u1ed9t nh\u00e0 ph\u00e1t h\u00e0nh s\u00e1ch m\u00e0 SACHVIET.EU r\u1ea5t y\u00eau th\u00edch v\u00e0 tin t\u01b0\u1edfng. Nh\u00ecn \u0111\u01b0\u1ee3c t\u1ea7m \u1ea3nh h\u01b0\u1edfng c\u1ee7a Nh\u00e3 Nam qua t\u1eebng cu\u1ed1n s\u00e1ch, SACHVIET.EU li\u00ean h\u1ec7 h\u1ee3p t\u00e1c ngay v\u1edbi Nh\u00e3 Nam \u0111\u1ec3 \u0111em to\u00e0n b\u1ed9 nh\u1eefng t\u00e1c ph\u1ea9m m\u1edbi, hay nh\u1ea5t m\u00e0 Nh\u00e3 Nam c\u00f3 sang Ch\u00e2u \u00c2u, \u0111\u01b0a \u0111\u1ebfn cho \u0111\u1ed9c gi\u1ea3 c\u00f3 nhi\u1ec1u s\u1ef1 l\u1ef1a ch\u1ecdn phong ph\u00fa h\u01a1n c\u1ea3 s\u00e1ch cho tr\u1ebb em l\u1eabn ng\u01b0\u1eddi l\u1edbn.\u00a0<\/strong><\/p>\n\n<!-- \/wp:flatsome\/uxbuilder -->","post_title":"Nh\u00e3 Nam","post_excerpt":"","post_status":"publish","comment_status":"closed","ping_status":"closed","post_password":"","post_name":"nha-nam","to_ping":"","pinged":"","post_modified":"2022-12-19 23:15:33","post_modified_gmt":"2022-12-19 21:15:33","post_content_filtered":"","post_parent":0,"guid":"https:\/\/sachviet.eu\/?post_type=publisher&#038;p=1424","menu_order":0,"post_type":"publisher","post_mime_type":"","comment_count":"0","filter":"raw"}},"_links":{"self":[{"href":"https:\/\/sachviet.eu\/en\/wp-json\/wp\/v2\/product\/1612","targetHints":{"allow":["GET"]}}],"collection":[{"href":"https:\/\/sachviet.eu\/en\/wp-json\/wp\/v2\/product"}],"about":[{"href":"https:\/\/sachviet.eu\/en\/wp-json\/wp\/v2\/types\/product"}],"wp:featuredmedia":[{"embeddable":true,"href":"https:\/\/sachviet.eu\/en\/wp-json\/wp\/v2\/media\/1598"}],"wp:attachment":[{"href":"https:\/\/sachviet.eu\/en\/wp-json\/wp\/v2\/media?parent=1612"}],"wp:term":[{"taxonomy":"product_brand","embeddable":true,"href":"https:\/\/sachviet.eu\/en\/wp-json\/wp\/v2\/product_brand?post=1612"},{"taxonomy":"product_cat","embeddable":true,"href":"https:\/\/sachviet.eu\/en\/wp-json\/wp\/v2\/product_cat?post=1612"},{"taxonomy":"product_tag","embeddable":true,"href":"https:\/\/sachviet.eu\/en\/wp-json\/wp\/v2\/product_tag?post=1612"}],"curies":[{"name":"wp","href":"https:\/\/api.w.org\/{rel}","templated":true}]}}