{"id":1597,"date":"2021-02-17T01:33:35","date_gmt":"2021-02-16T23:33:35","guid":{"rendered":"https:\/\/sachviet.eu\/shop\/lam-ban-voi-bau-troi\/"},"modified":"2021-05-13T01:03:58","modified_gmt":"2021-05-12T22:03:58","slug":"lam-ban-voi-bau-troi","status":"publish","type":"product","link":"https:\/\/sachviet.eu\/en\/shop\/lam-ban-voi-bau-troi\/","title":{"rendered":"L\u00e0m B\u1ea1n V\u1edbi B\u1ea7u Tr\u1eddi"},"content":{"rendered":"<p>Cu\u1ed9c s\u1ed1ng ng\u00e0y nay lu\u00f4n g\u1eafn li\u1ec1n v\u1edbi nh\u1eefng \u00e1p l\u1ef1c, lo toan khi\u1ebfn ch\u00fang ta m\u1ea3i m\u00ea ch\u1ea1y theo nh\u1eefng k\u1ef3 v\u1ecdng, \u01b0\u1edbc mu\u1ed1n c\u1ee7a b\u1ea3n th\u00e2n m\u00e0 d\u01b0\u1eddng nh\u01b0 qu\u00ean m\u1ea5t nh\u1eefng k\u1ec9 ni\u1ec7m t\u01b0\u01a1i \u0111\u1eb9p g\u1eafn li\u1ec1n v\u1edbi tu\u1ed5i th\u01a1 c\u1ee7a m\u1ed7i ng\u01b0\u1eddi. \u0110\u1ec3 r\u1ed3i b\u1ea5t ch\u1ee3t trong m\u1ed9t tho\u00e1ng n\u00e0o \u0111\u00f3, ta nh\u1eadn ra m\u00ecnh \u0111\u00e3 b\u1ecf l\u1ee1 qu\u00e1 nhi\u1ec1u th\u1ee9 \u1edf kho\u1ea3ng s\u00e2n tu\u1ed5i th\u01a1, n\u01a1i ta \u0111\u01b0\u1ee3c l\u00e0 ch\u00ednh m\u00ecnh, v\u00f4 \u00e2u, v\u00f4 lo c\u00f9ng s\u1ef1 h\u1ed3n nhi\u00ean, ch\u00e2n th\u1eadt c\u1ee7a m\u00ecnh. Trong t\u00e1c ph\u1ea9m m\u1edbi nh\u1ea5t c\u1ee7a m\u00ecnh: L\u00e0m b\u1ea1n v\u1edbi b\u1ea7u tr\u1eddi, nh\u00e0 v\u0103n Nguy\u1ec5n Nh\u1eadt \u00c1nh s\u1ebd cho b\u1ea1n m\u1ed9t v\u00e9 v\u1ec1 tu\u1ed5i th\u01a1 \u0111\u1ec3 s\u1ed1ng l\u1ea1i nh\u1eefng n\u0103m th\u00e1ng h\u1ed3n nhi\u00ean \u0111\u00f3, \u0111\u1ec3 ngh\u1ec9 ng\u01a1i v\u00e0 th\u01b0 gi\u00e3n gi\u1eefa nh\u1eefng t\u1ea1p \u00e2m c\u1ee7a cu\u1ed9c s\u1ed1ng xung quanh.<\/p>\n<p>Ch\u00fang ta \u0111\u1ec1u bi\u1ebft b\u1ea7u tr\u1eddi t\u01b0\u1ee3ng tr\u01b0ng cho s\u1ef1 r\u1ed9ng m\u1edf, kho\u00e1ng \u0111\u1ea1t. C\u0169ng ch\u00ednh t\u1eeb h\u00ecnh \u1ea3nh \u0111\u00f3, nh\u00e0 v\u0103n Nguy\u1ec5n Nh\u1eadt \u00c1nh \u0111\u00e3 cho ch\u00fang ta s\u1ed1ng l\u1ea1i m\u1ed9t kho\u1ea3ng th\u1eddi gian c\u1ee7a tu\u1ed5i th\u01a1 \u0111\u1ec3 \u00f4n l\u1ea1i nh\u1eefng k\u1ec9 ni\u1ec7m v\u00f4 c\u00f9ng \u0111\u1eb9p \u0111\u1ebd. Cu\u1ed1n s\u00e1ch l\u00e0 truy\u1ec7n d\u00e0i \u0111\u01b0\u1ee3c chia ra l\u00e0m nhi\u1ec1u ch\u01b0\u01a1ng v\u1edbi \u0111\u1ea7y \u1eafp ni\u1ec1m vui, ni\u1ec1m hy v\u1ecdng v\u00e0 s\u1ef1 h\u1ea1nh ph\u00fac \u0111\u1ec3 d\u00e0nh t\u1eb7ng cho c\u00e1c b\u1ea1n tr\u1ebb v\u00e0 nh\u1eefng ai t\u1eebng c\u00f3 tu\u1ed5i th\u01a1 h\u1ed3n nhi\u00ean, trong tr\u1ebbo.<\/p>\n<p>L\u00e0m b\u1ea1n v\u1edbi b\u1ea7u tr\u1eddi th\u1eadt s\u1ef1 l\u00e0 m\u1ed9t cu\u1ed1n s\u00e1ch \u0111\u00e1ng \u0111\u1ecdc. B\u1ea1n s\u1ebd th\u1ea5y \u0111\u01b0\u1ee3c c\u00e1i c\u00e1ch ng\u01b0\u1eddi ta y\u00eau th\u01b0\u01a1ng nhau th\u1eadt b\u00ecnh d\u1ecb, th\u1eadt d\u1ec5 th\u01b0\u01a1ng, t\u1eeb nh\u1eefng c\u00f4 c\u1eadu b\u00e9 Lam, Ngh\u1ecb, H\u1eb1ng \u0111\u1ebfn nh\u1eefng ng\u01b0\u1eddi l\u1edbn nh\u01b0 ch\u00fa V\u1ecbnh, ch\u00fa To\u00e0n. D\u01b0\u1eddng nh\u01b0 m\u1ed7i cu\u1ed1n s\u00e1ch c\u1ee7a b\u00e1c \u00c1nh l\u00e0 m\u1ed9t ng\u00f4i nh\u00e0 \u0111\u1ea7y s\u1ef1 nh\u00e2n v\u0103n v\u00e0 m\u1ed7i nh\u00e2n v\u1eadt l\u00e0 m\u1ed9t con ng\u01b0\u1eddi nh\u00e2n h\u1eadu. Y\u00eau l\u00e0m sao c\u00e1i c\u00e1ch m\u00e0 H\u1eb1ng t\u1eb7ng cho T\u00e8o con chu\u1ed9t \u0111\u1ed3 ch\u01a1i, T\u00e8o n\u00f3i s\u1ebd \u0111em t\u1eb7ng l\u1ea1i cho anh T\u00ed, nh\u01b0ng em s\u1ebd lu\u00f4n nh\u1edb v\u1ec1 m\u00f3n \u0111\u1ed3 ch\u01a1i m\u00e0 ch\u1ecb \u0111\u00e3 t\u1eb7ng cho em. C\u0169ng gi\u1ed1ng nh\u01b0 m\u1ed9t m\u00f3n qu\u00e0, m\u1ed9t con ng\u01b0\u1eddi tuy gi\u1edd kh\u00f4ng c\u00f2n n\u1eefa, nh\u01b0ng v\u1eabn in s\u00e2u trong t\u00e2m tr\u00ed ch\u00fang ta.<\/p>\n<p>M\u1ed9t c\u00e2u chuy\u1ec7n gi\u1ea3n d\u1ecb, ch\u1ee9a \u0111\u1ea7y b\u1ea5t ng\u1edd cho t\u1edbi trang cu\u1ed1i c\u00f9ng. V\u1ebb \u0111\u1eb9p l\u1ed9ng l\u1eaby, v\u00ec l\u00f2ng v\u1ecb tha v\u00e0 t\u00ecnh y\u00eau th\u01b0\u01a1ng, khi\u1ebfn m\u1eaft r\u01b0ng r\u01b0ng v\u00ec m\u1ed9t n\u1ed7i m\u1eebng vui h\u00e2n hoan. Cu\u1ed1n s\u00e1ch nh\u01b0 m\u1ed9t \u0111\u1ed1m l\u1eeda th\u1eafp l\u00ean l\u00f2ng kh\u00e1t khao s\u1ed1ng t\u1ed1t tr\u00ean \u0111\u1eddi.<\/p>\n<p>Vi\u1ebft v\u1ec1 \u0111i\u1ec1u t\u1ed1t \u0111\u00e3 kh\u00f4ng d\u1ec5, vi\u1ebft sao cho ng\u01b0\u1eddi \u0111\u1ecdc c\u00f3 th\u1ec3 \u0111\u00f3n nh\u1eadn \u0111\u1ea7y c\u1ea3m x\u00fac t\u00edch c\u1ef1c, v\u00e0 mu\u1ed1n \u0111\u01b0\u1ee3c h\u01b0\u1edfng, \u0111\u01b0\u1ee3c l\u00e0m nh\u1eefng \u0111i\u1ec1u t\u1ed1t d\u00f9 nh\u1ecf b\u00e9 m\u1edbi th\u1eadt l\u00e0 kh\u00f3. L\u00e0m b\u1ea1n v\u1edbi b\u1ea7u tr\u1eddi c\u1ee7a Nguy\u1ec5n Nh\u1eadt \u00c1nh \u0111\u00e3 l\u00e0m \u0111\u01b0\u1ee3c \u0111i\u1ec1u n\u00e0y.<\/p>\n<p>Sau t\u1ea5t c\u1ea3, t\u00e1c gi\u1ea3 \u0111\u00e3 kh\u00e9p l\u1ea1i cu\u1ed1n s\u00e1ch, l\u1ea1i l\u00e0 nh\u1eefng \u0111i\u1ec1u b\u1ecf l\u1eedng. B\u1ea7u tr\u1eddi tu\u1ed5i th\u01a1, c\u1ee7a k\u1ec9 ni\u1ec7m v\u1eabn c\u00f2n \u0111\u00f3. Ch\u1ec9 c\u00f3 th\u1eb1ng T\u00e8o, Ngh\u1ecb, Lam v\u00e0 nh\u1eefng \u0111\u1ee9a tr\u1ebb \u0111\u1ec1u ph\u1ea3i l\u1edbn l\u00ean. Nh\u01b0ng d\u00f9 c\u00f3 nh\u01b0 th\u1ebf n\u00e0o, th\u00ec k\u1ec9 ni\u1ec7m v\u1eabn \u1edf \u0111\u1ea5y, b\u1ea7u tr\u1eddi v\u1eabn xanh v\u00e0 \u0111\u1eb9p \u0111\u1ebd \u0111\u1ec3 nh\u1eefng \u0111\u1ee9a tr\u1ebb ng\u00e0y \u1ea5y khi m\u1ec7t m\u1ecfi s\u1ebd c\u00f3 th\u1ec3 nh\u1edb v\u1ec1. N\u1ebfu nh\u01b0 m\u1ed7i ng\u01b0\u1eddi ch\u00fang ta \u0111ang c\u1ea3m th\u1ea5y ch\u01a1i v\u01a1i, m\u1ec7t m\u1ecfi trong qu\u00e1 tr\u00ecnh tr\u01b0\u1edfng th\u00e0nh c\u1ee7a ch\u00ednh b\u1ea3n th\u00e2n m\u00ecnh, b\u1ea1n mu\u1ed1n quay v\u1ec1 th\u1eddi th\u01a1 \u1ea5u, cu\u1ed1n s\u00e1ch L\u00e0m b\u1ea1n v\u1edbi b\u1ea7u tr\u1eddi s\u1ebd gi\u00fap b\u1ea1n r\u1ea5t nhi\u1ec1u. V\u00e0 bi\u1ebft \u0111\u00e2u qua nh\u1eefng trang s\u00e1ch b\u1ea1n c\u00f3 th\u1ec3 b\u1eaft g\u1eb7p h\u00ecnh \u1ea3nh c\u1ee7a ch\u00ednh b\u1ea3n th\u00e2n m\u00ecnh trong \u0111\u00f3.<\/p>\n  <div class=\"banner-grid-wrapper\">\n  <div id=\"banner-grid-1749909189\" class=\"banner-grid row row-grid row-small\" data-packery-options=\"\">\n                      \n<div class=\"col grid-col large-12 grid-col-1\" ><div class=\"col-inner\">\n\t<div class=\"img has-hover x md-x lg-x y md-y lg-y\" id=\"image_765954604\">\n\t\t\t\t\t\t\t\t<div class=\"img-inner dark\" >\n\t\t\t<img loading=\"lazy\" decoding=\"async\" width=\"800\" height=\"638\" src=\"https:\/\/sachviet.eu\/wp-content\/uploads\/2021\/02\/lC3A0m-bE1BAA1n-vE1BB9Bi-bau-trE1BB9Di-3.jpg\" class=\"attachment-large size-large\" alt=\"\" srcset=\"https:\/\/sachviet.eu\/wp-content\/uploads\/2021\/02\/lC3A0m-bE1BAA1n-vE1BB9Bi-bau-trE1BB9Di-3.jpg 800w, https:\/\/sachviet.eu\/wp-content\/uploads\/2021\/02\/lC3A0m-bE1BAA1n-vE1BB9Bi-bau-trE1BB9Di-3-300x239.jpg 300w, https:\/\/sachviet.eu\/wp-content\/uploads\/2021\/02\/lC3A0m-bE1BAA1n-vE1BB9Bi-bau-trE1BB9Di-3-768x612.jpg 768w, https:\/\/sachviet.eu\/wp-content\/uploads\/2021\/02\/lC3A0m-bE1BAA1n-vE1BB9Bi-bau-trE1BB9Di-3-600x479.jpg 600w\" sizes=\"auto, (max-width: 800px) 100vw, 800px\" \/>\t\t\t\t\t\t\n\t\t\t\t\t<\/div>\n\t\t\t\t\t\t\t\t\n<style>\n#image_765954604 {\n  width: 100%;\n}\n<\/style>\n\t<\/div>\n\t\n<\/div><\/div>\n<div class=\"col grid-col large-6 grid-col-3-4\" ><div class=\"col-inner\">\n\t<div class=\"img has-hover x md-x lg-x y md-y lg-y\" id=\"image_1922658680\">\n\t\t\t\t\t\t\t\t<div class=\"img-inner dark\" >\n\t\t\t<img loading=\"lazy\" decoding=\"async\" width=\"800\" height=\"800\" src=\"https:\/\/sachviet.eu\/wp-content\/uploads\/2021\/02\/lam-ban-voi-bau-troi-sach-den-roi-3.jpg\" class=\"attachment-large size-large\" alt=\"\" srcset=\"https:\/\/sachviet.eu\/wp-content\/uploads\/2021\/02\/lam-ban-voi-bau-troi-sach-den-roi-3.jpg 800w, https:\/\/sachviet.eu\/wp-content\/uploads\/2021\/02\/lam-ban-voi-bau-troi-sach-den-roi-3-300x300.jpg 300w, https:\/\/sachviet.eu\/wp-content\/uploads\/2021\/02\/lam-ban-voi-bau-troi-sach-den-roi-3-150x150.jpg 150w, https:\/\/sachviet.eu\/wp-content\/uploads\/2021\/02\/lam-ban-voi-bau-troi-sach-den-roi-3-768x768.jpg 768w, https:\/\/sachviet.eu\/wp-content\/uploads\/2021\/02\/lam-ban-voi-bau-troi-sach-den-roi-3-600x600.jpg 600w, https:\/\/sachviet.eu\/wp-content\/uploads\/2021\/02\/lam-ban-voi-bau-troi-sach-den-roi-3-100x100.jpg 100w\" sizes=\"auto, (max-width: 800px) 100vw, 800px\" \/>\t\t\t\t\t\t\n\t\t\t\t\t<\/div>\n\t\t\t\t\t\t\t\t\n<style>\n#image_1922658680 {\n  width: 100%;\n}\n<\/style>\n\t<\/div>\n\t\n<\/div><\/div>\n<div class=\"col grid-col large-6 grid-col-3-4\" ><div class=\"col-inner\">\n\t<div class=\"img has-hover x md-x lg-x y md-y lg-y\" id=\"image_1262702673\">\n\t\t\t\t\t\t\t\t<div class=\"img-inner dark\" >\n\t\t\t<img loading=\"lazy\" decoding=\"async\" width=\"1020\" height=\"1020\" src=\"https:\/\/sachviet.eu\/wp-content\/uploads\/2021\/02\/E1BAA2nh-bookforlife.hn-LC3A0m-bE1BAA1n-vE1BB9Bi-bE1BAA7u-trE1BB9Di-reviewsachonly-1024x1024.jpg\" class=\"attachment-large size-large\" alt=\"\" srcset=\"https:\/\/sachviet.eu\/wp-content\/uploads\/2021\/02\/E1BAA2nh-bookforlife.hn-LC3A0m-bE1BAA1n-vE1BB9Bi-bE1BAA7u-trE1BB9Di-reviewsachonly-1024x1024.jpg 1024w, https:\/\/sachviet.eu\/wp-content\/uploads\/2021\/02\/E1BAA2nh-bookforlife.hn-LC3A0m-bE1BAA1n-vE1BB9Bi-bE1BAA7u-trE1BB9Di-reviewsachonly-300x300.jpg 300w, https:\/\/sachviet.eu\/wp-content\/uploads\/2021\/02\/E1BAA2nh-bookforlife.hn-LC3A0m-bE1BAA1n-vE1BB9Bi-bE1BAA7u-trE1BB9Di-reviewsachonly-150x150.jpg 150w, https:\/\/sachviet.eu\/wp-content\/uploads\/2021\/02\/E1BAA2nh-bookforlife.hn-LC3A0m-bE1BAA1n-vE1BB9Bi-bE1BAA7u-trE1BB9Di-reviewsachonly-768x768.jpg 768w, https:\/\/sachviet.eu\/wp-content\/uploads\/2021\/02\/E1BAA2nh-bookforlife.hn-LC3A0m-bE1BAA1n-vE1BB9Bi-bE1BAA7u-trE1BB9Di-reviewsachonly-600x600.jpg 600w, https:\/\/sachviet.eu\/wp-content\/uploads\/2021\/02\/E1BAA2nh-bookforlife.hn-LC3A0m-bE1BAA1n-vE1BB9Bi-bE1BAA7u-trE1BB9Di-reviewsachonly-100x100.jpg 100w, https:\/\/sachviet.eu\/wp-content\/uploads\/2021\/02\/E1BAA2nh-bookforlife.hn-LC3A0m-bE1BAA1n-vE1BB9Bi-bE1BAA7u-trE1BB9Di-reviewsachonly.jpg 1080w\" sizes=\"auto, (max-width: 1020px) 100vw, 1020px\" \/>\t\t\t\t\t\t\n\t\t\t\t\t<\/div>\n\t\t\t\t\t\t\t\t\n<style>\n#image_1262702673 {\n  width: 100%;\n}\n<\/style>\n\t<\/div>\n\t\n<\/div><\/div>\n            <\/div>\n    <style>\n    #banner-grid-1749909189 .grid-col-1{height: 600px}\n    #banner-grid-1749909189 .grid-col-1-2{height: 300px}\n    #banner-grid-1749909189 .grid-col-1-3{height:200px}\n    #banner-grid-1749909189 .grid-col-2-3{height: 400px}\n    #banner-grid-1749909189 .grid-col-1-4{height: 150px}\n    #banner-grid-1749909189 .grid-col-3-4{height: 450px}\n\n\n    \n    \n\n  <\/style>\n    <\/div>\n  \n","protected":false},"excerpt":{"rendered":"<p>M\u1ed9t c\u00e2u chuy\u1ec7n gi\u1ea3n d\u1ecb, ch\u1ee9a \u0111\u1ea7y b\u1ea5t ng\u1edd cho t\u1edbi trang cu\u1ed1i c\u00f9ng. V\u00e0 \u0111\u1eb9p l\u1ed9ng l\u1eaby, v\u00ec l\u00f2ng v\u1ecb tha v\u00e0 t\u00ecnh y\u00eau th\u01b0\u01a1ng, khi\u1ebfn m\u1eaft r\u01b0ng r\u01b0ng v\u00ec m\u1ed9t n\u1ed7i m\u1eebng vui h\u00e2n hoan. Cu\u1ed1n s\u00e1ch nh\u01b0 m\u1ed9t \u0111\u1ed1m l\u1eeda th\u1eafp l\u00ean l\u00f2ng kh\u00e1t khao s\u1ed1ng t\u1ed1t tr\u00ean \u0111\u1eddi.<\/p>\n<p>Vi\u1ebft v\u1ec1 \u0111i\u1ec1u t\u1ed1t \u0111\u00e3 kh\u00f4ng d\u1ec5, vi\u1ebft sao cho ng\u01b0\u1eddi \u0111\u1ecdc c\u00f3 th\u1ec3 \u0111\u00f3n nh\u1eadn \u0111\u1ea7y c\u1ea3m x\u00fac t\u00edch c\u1ef1c, v\u00e0 mu\u1ed1n \u0111\u01b0\u1ee3c h\u01b0\u1edfng, \u0111\u01b0\u1ee3c l\u00e0m nh\u1eefng \u0111i\u1ec1u t\u1ed1t d\u00f9 nh\u1ecf b\u00e9&#8230; m\u1edbi th\u1eadt l\u00e0 kh\u00f3. L\u00e0m b\u1ea1n v\u1edbi b\u1ea7u tr\u1eddi c\u1ee7a Nguy\u1ec5n Nh\u1eadt \u00c1nh \u0111\u00e3 l\u00e0m \u0111\u01b0\u1ee3c \u0111i\u1ec1u n\u00e0y.<\/p>\n<p>Nh\u01b0 nh\u00e0 v\u0103n t\u1eebng ph\u00e1t bi\u1ec3u \u201c&#8230;\u0111i\u1ec3m m\u1ea1nh c\u1ee7a v\u0103n ch\u01b0\u01a1ng n\u1eb1m \u1edf kh\u1ea3 n\u0103ng th\u1ea9m th\u1ea5u. B\u1eb1ng h\u00ecnh th\u1ee9c \u0111\u1eb7c th\u00f9 c\u1ee7a m\u00ecnh, v\u0103n ch\u01b0\u01a1ng g\u00f3p ph\u1ea7n m\u00e0i s\u1eafc c\u00e1c \u00fd ni\u1ec7m \u0111\u1ea1o \u0111\u1ee9c n\u01a1i ng\u01b0\u1eddi \u0111\u1ecdc m\u1ed9t c\u00e1ch v\u00f4 h\u00ecnh. B\u1ed3i \u0111\u1eafp t\u00e2m h\u1ed3n v\u00e0 nh\u00e2n c\u00e1ch m\u1ed9t c\u00e1ch \u00e2m th\u1ea7m v\u00e0 b\u1ec1n b\u1ec9, \u0111\u00f3 l\u00e0 ch\u1ee9c n\u0103ng g\u1ed1c r\u1ec5 c\u1ee7a v\u0103n ch\u01b0\u01a1ng, \u0111\u1eb7c bi\u1ec7t l\u00e0 v\u0103n ch\u01b0\u01a1ng vi\u1ebft cho thanh thi\u1ebfu ni\u00ean.\u201d<\/p>\n","protected":false},"featured_media":1581,"template":"","meta":{"_acf_changed":false},"product_brand":[],"product_cat":[15,45],"product_tag":[],"class_list":{"0":"post-1597","1":"product","2":"type-product","3":"status-publish","4":"has-post-thumbnail","6":"product_cat-sach-danh-cho-nguoi-lon","7":"product_cat-tieu-thuyet","9":"first","10":"outofstock","11":"taxable","12":"shipping-taxable","13":"purchasable","14":"product-type-simple"},"supplier_id":null,"supplier_sku":"","barcode":null,"atum_controlled":true,"out_stock_date":"2021-05-12 22:03:58","out_stock_threshold":null,"inheritable":false,"inbound_stock":0,"stock_on_hold":0,"sold_today":0,"sales_last_days":0,"reserved_stock":0,"customer_returns":0,"warehouse_damage":0,"lost_in_post":0,"other_logs":0,"out_stock_days":1722,"lost_sales":0,"has_location":false,"update_date":"2026-01-28T23:10:30","atum_locations":[],"atum_stock_status":"outofstock","restock_status":false,"low_stock_amount":"","sales_update_date":"2026-01-28T23:10:30","calc_backorders":null,"acf":{"publisher":{"ID":1517,"post_author":"1","post_date":"2021-02-17 01:14:41","post_date_gmt":"2021-02-16 23:14:41","post_content":"","post_title":"NXB Tr\u1ebb","post_excerpt":"","post_status":"publish","comment_status":"closed","ping_status":"closed","post_password":"","post_name":"nxb-tre","to_ping":"","pinged":"","post_modified":"2021-02-17 01:14:41","post_modified_gmt":"2021-02-16 23:14:41","post_content_filtered":"","post_parent":0,"guid":"https:\/\/sachviet.eu\/nha-phat-hanh\/nxb-tre\/","menu_order":0,"post_type":"publisher","post_mime_type":"","comment_count":"0","filter":"raw"}},"_links":{"self":[{"href":"https:\/\/sachviet.eu\/en\/wp-json\/wp\/v2\/product\/1597","targetHints":{"allow":["GET"]}}],"collection":[{"href":"https:\/\/sachviet.eu\/en\/wp-json\/wp\/v2\/product"}],"about":[{"href":"https:\/\/sachviet.eu\/en\/wp-json\/wp\/v2\/types\/product"}],"wp:featuredmedia":[{"embeddable":true,"href":"https:\/\/sachviet.eu\/en\/wp-json\/wp\/v2\/media\/1581"}],"wp:attachment":[{"href":"https:\/\/sachviet.eu\/en\/wp-json\/wp\/v2\/media?parent=1597"}],"wp:term":[{"taxonomy":"product_brand","embeddable":true,"href":"https:\/\/sachviet.eu\/en\/wp-json\/wp\/v2\/product_brand?post=1597"},{"taxonomy":"product_cat","embeddable":true,"href":"https:\/\/sachviet.eu\/en\/wp-json\/wp\/v2\/product_cat?post=1597"},{"taxonomy":"product_tag","embeddable":true,"href":"https:\/\/sachviet.eu\/en\/wp-json\/wp\/v2\/product_tag?post=1597"}],"curies":[{"name":"wp","href":"https:\/\/api.w.org\/{rel}","templated":true}]}}