{"id":159,"date":"2021-02-11T20:14:25","date_gmt":"2021-02-11T18:14:25","guid":{"rendered":"https:\/\/sachviet.eu\/?post_type=product&#038;p=159"},"modified":"2021-06-16T11:02:09","modified_gmt":"2021-06-16T08:02:09","slug":"ngoi-nha-yeu-thuong-set-6-quyen","status":"publish","type":"product","link":"https:\/\/sachviet.eu\/en\/shop\/ngoi-nha-yeu-thuong-set-6-quyen\/","title":{"rendered":"Ng\u00f4i nh\u00e0 y\u00eau th\u01b0\u01a1ng &#8211; set 6 quy\u1ec3n"},"content":{"rendered":"<p><strong>B\u1ed9 truy\u1ec7n g\u1ed3m 6 cu\u1ed1n, n\u00f3i v\u1ec1 t\u00ecnh c\u1ea3m m\u1ebfn y\u00eau c\u1ee7a nh\u1eefng th\u00e0nh vi\u00ean trong gia \u0111\u00ecnh. \u201cNg\u00f4i nh\u00e0 y\u00eau th\u01b0\u01a1ng\u201d truy\u1ec1n t\u1ea3i t\u00ecnh y\u00eau th\u01b0\u01a1ng qua nh\u1eefng v\u1ea7n th\u01a1 c\u1ee7a c\u00e1c t\u00e1c gi\u1ea3 kh\u00e1c nhau mang l\u1ea1i nh\u1eefng c\u00e2u chuy\u1ec7n g\u1ea7n g\u0169i, s\u00e2u s\u1eafc.<\/strong><\/p>\n<p>Combo g\u1ed3m c\u00f3:<\/p>\n<p>NG\u00d4I NH\u00c0 Y\u00caU TH\u01af\u01a0NG: Ch\u00e1u Y\u00eau B\u00e0<\/p>\n<p>NG\u00d4I NH\u00c0 Y\u00caU TH\u01af\u01a0NG: Ch\u00e1u Y\u00eau \u00d4ng<\/p>\n<p>NG\u00d4I NH\u00c0 Y\u00caU TH\u01af\u01a0NG: Con Y\u00eau M\u1eb9<\/p>\n<p>NG\u00d4I NH\u00c0 Y\u00caU TH\u01af\u01a0NG: Ch\u00e1u Y\u00eau B\u1ed1<\/p>\n<p>NG\u00d4I NH\u00c0 Y\u00caU TH\u01af\u01a0NG: Con Y\u00eau T\u1ea5t C\u1ea3<\/p>\n<p>NG\u00d4I NH\u00c0 Y\u00caU TH\u01af\u01a0NG: Con L\u00e0 B\u00e9 Ngoan<\/p>\n\t<div class=\"img has-hover x md-x lg-x y md-y lg-y\" id=\"image_1910804669\">\n\t\t\t\t\t\t\t\t<div class=\"img-inner dark\" >\n\t\t\t<img loading=\"lazy\" decoding=\"async\" width=\"960\" height=\"960\" src=\"https:\/\/sachviet.eu\/wp-content\/uploads\/2021\/02\/fea5b748a3dbb506bd5b010ddb8ea00d.jpg\" class=\"attachment-large size-large\" alt=\"\" srcset=\"https:\/\/sachviet.eu\/wp-content\/uploads\/2021\/02\/fea5b748a3dbb506bd5b010ddb8ea00d.jpg 960w, https:\/\/sachviet.eu\/wp-content\/uploads\/2021\/02\/fea5b748a3dbb506bd5b010ddb8ea00d-300x300.jpg 300w, https:\/\/sachviet.eu\/wp-content\/uploads\/2021\/02\/fea5b748a3dbb506bd5b010ddb8ea00d-150x150.jpg 150w, https:\/\/sachviet.eu\/wp-content\/uploads\/2021\/02\/fea5b748a3dbb506bd5b010ddb8ea00d-768x768.jpg 768w, https:\/\/sachviet.eu\/wp-content\/uploads\/2021\/02\/fea5b748a3dbb506bd5b010ddb8ea00d-600x600.jpg 600w, https:\/\/sachviet.eu\/wp-content\/uploads\/2021\/02\/fea5b748a3dbb506bd5b010ddb8ea00d-100x100.jpg 100w\" sizes=\"auto, (max-width: 960px) 100vw, 960px\" \/>\t\t\t\t\t\t\n\t\t\t\t\t<\/div>\n\t\t\t\t\t\t\t\t\n<style>\n#image_1910804669 {\n  width: 100%;\n}\n<\/style>\n\t<\/div>\n\t\n","protected":false},"excerpt":{"rendered":"<p>B\u1ed9 truy\u1ec7n g\u1ed3m 6 cu\u1ed1n, n\u00f3i v\u1ec1 t\u00ecnh c\u1ea3m m\u1ebfn y\u00eau c\u1ee7a nh\u1eefng th\u00e0nh vi\u00ean trong gia \u0111\u00ecnh. \u201cNg\u00f4i nh\u00e0 y\u00eau th\u01b0\u01a1ng\u201d truy\u1ec1n t\u1ea3i t\u00ecnh y\u00eau th\u01b0\u01a1ng qua nh\u1eefng v\u1ea7n th\u01a1 c\u1ee7a c\u00e1c t\u00e1c gi\u1ea3 kh\u00e1c nhau mang l\u1ea1i nh\u1eefng c\u00e2u chuy\u1ec7n g\u1ea7n g\u0169i, s\u00e2u s\u1eafc.<\/p>\n<p><strong>T\u00e1c gi\u1ea3: Nhi\u1ec1u t\u00e1c gi\u1ea3<\/strong><\/p>\n<p>Nh\u00e0 xu\u1ea5t b\u1ea3n: NXB Kim \u0110\u1ed3ng<\/p>\n","protected":false},"featured_media":377,"template":"","meta":{"_acf_changed":false},"product_brand":[],"product_cat":[24,25,17],"product_tag":[],"class_list":{"0":"post-159","1":"product","2":"type-product","3":"status-publish","4":"has-post-thumbnail","6":"product_cat-nha-tre-mau-giao-0-tuoi-6-tuoi","7":"product_cat-nhi-dong-6-tuoi-12-tuoi","8":"product_cat-sach-danh-cho-cac-be","10":"first","11":"outofstock","12":"taxable","13":"shipping-taxable","14":"purchasable","15":"product-type-simple"},"supplier_id":null,"supplier_sku":"","barcode":null,"atum_controlled":true,"out_stock_date":"2021-06-16 08:02:09","out_stock_threshold":null,"inheritable":false,"inbound_stock":0,"stock_on_hold":0,"sold_today":0,"sales_last_days":0,"reserved_stock":0,"customer_returns":0,"warehouse_damage":0,"lost_in_post":0,"other_logs":0,"out_stock_days":1687,"lost_sales":0,"has_location":false,"update_date":"2026-01-28T23:10:29","atum_locations":[],"atum_stock_status":"outofstock","restock_status":false,"low_stock_amount":"","sales_update_date":"2026-01-28T23:10:29","calc_backorders":null,"acf":{"publisher":{"ID":1454,"post_author":"1","post_date":"2021-02-17 01:11:34","post_date_gmt":"2021-02-16 23:11:34","post_content":"<!-- wp:flatsome\/uxbuilder -->\n<h1 style=\"text-align: center;\"><strong>Kim \u0110\u1ed3ng<\/strong><\/h1>\n[row]\n\n[col span=\"3\" span__sm=\"12\"]\n\n[ux_image id=\"1534\" image_size=\"medium\"]\n\n\n[\/col]\n[col span=\"9\" span__sm=\"12\"]\n\n<p>Nh\u00e0 xu\u1ea5t b\u1ea3n Kim \u0110\u1ed3ng tr\u1ef1c thu\u1ed9c Trung \u01b0\u01a1ng \u0110o\u00e0n TNCS H\u1ed3 Ch\u00ed Minh l\u00e0 Nh\u00e0 xu\u1ea5t b\u1ea3n t\u1ed5ng h\u1ee3p c\u00f3 ch\u1ee9c n\u0103ng xu\u1ea5t b\u1ea3n s\u00e1ch v\u00e0 v\u0103n h\u00f3a ph\u1ea9m ph\u1ee5c v\u1ee5 thi\u1ebfu nhi v\u00e0 c\u00e1c b\u1eadc ph\u1ee5 huynh trong c\u1ea3 n\u01b0\u1edbc, qu\u1ea3ng b\u00e1 v\u00e0 gi\u1edbi thi\u1ec7u v\u0103n h\u00f3a Vi\u1ec7t Nam ra th\u1ebf gi\u1edbi.<br \/>Nh\u00e0 xu\u1ea5t b\u1ea3n c\u00f3 nhi\u1ec7m v\u1ee5 t\u1ed5 ch\u1ee9c b\u1ea3n th\u1ea3o, bi\u00ean so\u1ea1n, bi\u00ean d\u1ecbch, xu\u1ea5t b\u1ea3n v\u00e0 ph\u00e1t h\u00e0nh c\u00e1c xu\u1ea5t b\u1ea3n ph\u1ea9m c\u00f3 n\u1ed9i dung: gi\u00e1o d\u1ee5c truy\u1ec1n th\u1ed1ng d\u00e2n t\u1ed9c, gi\u00e1o d\u1ee5c v\u1ec1 tri th\u1ee9c, ki\u1ebfn th\u1ee9c\u2026 tr\u00ean c\u00e1c l\u0129nh v\u1ef1c v\u0103n h\u1ecdc, ngh\u1ec7 thu\u1eadt, khoa h\u1ecdc k\u1ef9 thu\u1eadt nh\u1eb1m cung c\u1ea5p cho c\u00e1c em thi\u1ebfu nhi c\u0169ng nh\u01b0 c\u00e1c b\u1eadc ph\u1ee5 huynh c\u00e1c ki\u1ebfn th\u1ee9c c\u1ea7n thi\u1ebft trong cu\u1ed9c s\u1ed1ng, nh\u1eefng tinh hoa c\u1ee7a tri th\u1ee9c nh\u00e2n lo\u1ea1i nh\u1eb1m g\u00f3p ph\u1ea7n gi\u00e1o d\u1ee5c v\u00e0 h\u00ecnh th\u00e0nh nh\u00e2n c\u00e1ch th\u1ebf h\u1ec7 tr\u1ebb.<br \/>\u0110\u1ed1i t\u01b0\u1ee3ng ph\u1ee5c v\u1ee5 c\u1ee7a Nh\u00e0 xu\u1ea5t b\u1ea3n l\u00e0 c\u00e1c em t\u1eeb tu\u1ed5i nh\u00e0 tr\u1ebb m\u1eabu gi\u00e1o (1 \u0111\u1ebfn 5 tu\u1ed5i), nhi \u0111\u1ed3ng (6 \u0111\u1ebfn 9 tu\u1ed5i), thi\u1ebfu ni\u00ean (10 \u0111\u1ebfn 15 tu\u1ed5i) \u0111\u1ebfn c\u00e1c em tu\u1ed5i m\u1edbi l\u1edbn (16 \u0111\u1ebfn 18 tu\u1ed5i) v\u00e0 c\u00e1c b\u1eadc ph\u1ee5 huynh.<\/p>\n\n[\/col]\n\n[\/row]\n\n<!-- \/wp:flatsome\/uxbuilder -->","post_title":"Kim \u0110\u1ed3ng","post_excerpt":"","post_status":"publish","comment_status":"closed","ping_status":"closed","post_password":"","post_name":"kim-dong","to_ping":"","pinged":"","post_modified":"2021-02-17 01:31:56","post_modified_gmt":"2021-02-16 23:31:56","post_content_filtered":"","post_parent":0,"guid":"https:\/\/sachviet.eu\/nha-phat-hanh\/kim-dong\/","menu_order":0,"post_type":"publisher","post_mime_type":"","comment_count":"0","filter":"raw"}},"_links":{"self":[{"href":"https:\/\/sachviet.eu\/en\/wp-json\/wp\/v2\/product\/159","targetHints":{"allow":["GET"]}}],"collection":[{"href":"https:\/\/sachviet.eu\/en\/wp-json\/wp\/v2\/product"}],"about":[{"href":"https:\/\/sachviet.eu\/en\/wp-json\/wp\/v2\/types\/product"}],"wp:featuredmedia":[{"embeddable":true,"href":"https:\/\/sachviet.eu\/en\/wp-json\/wp\/v2\/media\/377"}],"wp:attachment":[{"href":"https:\/\/sachviet.eu\/en\/wp-json\/wp\/v2\/media?parent=159"}],"wp:term":[{"taxonomy":"product_brand","embeddable":true,"href":"https:\/\/sachviet.eu\/en\/wp-json\/wp\/v2\/product_brand?post=159"},{"taxonomy":"product_cat","embeddable":true,"href":"https:\/\/sachviet.eu\/en\/wp-json\/wp\/v2\/product_cat?post=159"},{"taxonomy":"product_tag","embeddable":true,"href":"https:\/\/sachviet.eu\/en\/wp-json\/wp\/v2\/product_tag?post=159"}],"curies":[{"name":"wp","href":"https:\/\/api.w.org\/{rel}","templated":true}]}}