{"id":1580,"date":"2021-02-17T01:32:38","date_gmt":"2021-02-16T23:32:38","guid":{"rendered":"https:\/\/sachviet.eu\/shop\/con-chim-xanh-biec-bay-ve\/"},"modified":"2023-05-22T13:42:21","modified_gmt":"2023-05-22T10:42:21","slug":"con-chim-xanh-biec-bay-ve","status":"publish","type":"product","link":"https:\/\/sachviet.eu\/en\/shop\/con-chim-xanh-biec-bay-ve\/","title":{"rendered":"Con Chim Xanh Bi\u1ebfc Bay V\u1ec1"},"content":{"rendered":"<p>Con chim xanh bi\u1ebfc<\/p>\n<p>\u0110\u1eadu h\u1edd tr\u00ean tay<\/p>\n<p>Y\u00eau anh \u0111\u1ebfn th\u1ebf<\/p>\n<p>M\u00e0 th\u00e0nh m\u00e2y bay\u2026<\/p>\n<p>Tr\u01b0\u1edbc khi ph\u00e1t h\u00e0nh, nh\u00e0 xu\u1ea5t b\u1ea3n Tr\u1ebb c\u00f3 spoil m\u1ed9t ch\u00fat v\u1ec1 b\u1ed1i c\u1ea3nh c\u1ee7a Con chim xanh bi\u1ebfc bay v\u1ec1 l\u00e0 th\u00e0nh ph\u1ed1, n\u00f3 kh\u00e1c v\u1edbi nh\u1eefng c\u00e2u chuy\u1ec7n th\u01b0\u1eddng th\u1ea5y \u1edf nh\u1eefng v\u00f9ng qu\u00ea trong trang s\u00e1ch Nguy\u1ec5n Nh\u1eadt \u00c1nh. V\u00e0 c\u0169ng kh\u00e1c v\u1edbi c\u00e2u chuy\u1ec7n c\u1ee7a tu\u1ed5i m\u1edbi l\u1edbn ng\u00e2y ng\u00f4 v\u00e0 nh\u1eefng \u01b0\u1edbc m\u01a1 n\u1ed3ng nhi\u1ec7t, Con chim xanh bi\u1ebfc bay v\u1ec1 l\u1ea1i m\u1edf \u0111\u1ea7u b\u1eb1ng c\u00e2u chuy\u1ec7n m\u01b0u sinh gi\u1eefa l\u00f2ng th\u00e0nh ph\u1ed1 c\u1ee7a nh\u1eefng ng\u01b0\u1eddi tr\u01b0\u1edfng th\u00e0nh.<\/p>\n<p>Nh\u1eefng qu\u00e1n ch\u1ee3 S\u00e0i G\u00f2n t\u1ea5p n\u1eadp \u0111\u1ea7y \u0111\u1ee7 h\u00e0ng h\u00f3a nh\u01b0ng S\u00e2m \u2013 ch\u1ee7 m\u1ed9t nh\u00e0 h\u00e0ng kh\u0103ng kh\u0103ng h\u01b0\u1edbng d\u1eabn nh\u00e2n vi\u00ean c\u1ee7a m\u00ecnh l\u00e0 Khu\u00ea nh\u1ea5t \u0111\u1ecbnh ph\u1ea3i mua g\u00e0 \u1edf qu\u00e1n ch\u1ee3 Nguy\u1ec5n Tri Ph\u01b0\u01a1ng, mua th\u1ecbt heo \u1edf ch\u1ee3 B\u1ebfn Th\u00e0nh, mua c\u00e1 \u1edf ch\u1ee3 H\u00f2a B\u00ecnh\u2026 d\u00f9 m\u1ea5t c\u00f4ng \u0111i l\u1ea1i, th\u1eadm ch\u00ed ph\u1ea3i mua gi\u00e1 cao nh\u01b0ng y\u00eau c\u1ea7u c\u1ee7a S\u00e2m \u0111\u1ec1u c\u00f3 l\u00ed do ch\u00ednh \u0111\u00e1ng m\u00e0 Khu\u00ea kh\u00f4ng th\u1ec3 n\u00e0o tranh lu\u1eadn n\u1ed5i. C\u0169ng v\u00ec th\u1ebf m\u00e0 trong m\u1eaft Khu\u00ea, S\u00e2m l\u00e0 m\u1ed9t ng\u01b0\u1eddi kh\u00f4 khan v\u00e0 c\u1ee9ng nh\u1eafc, nh\u01b0ng c\u0169ng kh\u00f4ng th\u1ec3 ph\u1ee7 nh\u1eadn vi\u1ec7c c\u00f4 h\u1ecdc \u0111\u01b0\u1ee3c r\u1ea5t nhi\u1ec1u t\u1eeb c\u00e1i t\u00e2m \u0111\u1ebfn c\u00e1i t\u00e0i c\u1ee7a m\u1ed9t ng\u01b0\u1eddi l\u00e0m b\u1ebfp nh\u01b0 S\u00e2m.<\/p>\n<p>Tuy ph\u1ea3i \u0111ang v\u1eadt l\u1ed9n v\u1edbi m\u01b0u sinh, nh\u01b0ng gi\u1ed1ng nh\u01b0 bao c\u00f4 g\u00e1i tr\u1ebb kh\u00e1c, Khu\u00ea c\u0169ng mu\u1ed1n y\u00eau v\u00e0 \u0111\u01b0\u1ee3c y\u00eau, h\u1ecdc y\u00eau b\u1ea3n th\u00e2n m\u00ecnh t\u1eeb \u0111\u00f4i gi\u00e0y m\u1edbi \u0111\u1ebfn ch\u00fat son h\u1ed3ng, r\u1ed3i h\u1ecdc \u0111\u1ebfn c\u00e1ch y\u00eau ng\u01b0\u1eddi kh\u00e1c. V\u00e0 kh\u00f4ng bi\u1ebft t\u1eeb l\u00fac n\u00e0o c\u00f4 \u0111em l\u00f2ng y\u00eau S\u00e2m. Nh\u01b0ng t\u00ecnh y\u00eau c\u1ee7a c\u00f4 v\u00e0 nh\u1eefng nh\u00e2n v\u1eadt trong truy\u1ec7n \u0111\u1ec1u \u00edt nhi\u1ec1u tr\u1eafc tr\u1edf g\u1eadp gh\u1ec1nh: c\u1eb7p kh\u00e1ch t\u00ecnh c\u1edd quen nhau trong qu\u00e1n \u0103n t\u1eebng chia tay r\u1ed3i h\u1ed9i ng\u1ed9; c\u00f4 \u0111\u1ed3ng nghi\u1ec7p y\u00eau v\u0103n th\u01a1 v\u00e0 c\u0169ng l\u00e0 ng\u01b0\u1eddi b\u1ea1n th\u00e2n nh\u1ea5t c\u1ee7a Khu\u00ea t\u1eebng tan n\u00e1t c\u00f5i l\u00f2ng tr\u00ean b\u00e0n nh\u1eadu nh\u01b0ng cu\u1ed1i c\u00f9ng v\u1eabn tr\u1edf v\u1ec1 v\u1edbi anh ch\u00e0ng \u201c\u00e1o pull xanh\u201d. C\u00f2n t\u00ecnh y\u00eau c\u1ee7a Khu\u00ea sau c\u00f9ng c\u0169ng \u0111\u01b0\u1ee3c h\u1ed3i \u0111\u00e1p b\u1eb1ng m\u1ed9t c\u00e1i k\u1ebft c\u00f3 h\u1eadu nh\u01b0ng h\u00e0nh tr\u00ecnh t\u00ecm l\u1ea1i t\u00ecnh y\u00eau gi\u1eefa hi\u1ec7n t\u1ea1i v\u00e0 qu\u00e1 kh\u1ee9 c\u1ee7a Khu\u00ea v\u00e0 S\u00e2m l\u1ea1i \u0111\u1ea7y b\u1ea5t ng\u1edd v\u00e0 bi\u1ebfn c\u1ed1.<\/p>\n<p>Kh\u00f4ng ch\u1ec9 Khu\u00ea m\u00e0 m\u1ecdi ng\u01b0\u1eddi trong qu\u00e1n \u0103n lu\u00f4n c\u1ea3m th\u1ea5y s\u1ef1 quan t\u00e2m c\u00f3 ph\u1ea7n \u0111\u1eb7c bi\u1ec7t c\u1ee7a S\u00e2m d\u00e0nh cho Khu\u00ea, m\u1ecdi ng\u01b0\u1eddi h\u00f9a theo g\u00e1n gh\u00e9p nh\u01b0ng S\u00e2m tuy\u1ec7t nhi\u00ean kh\u00f4ng b\u1ed9c l\u1ed9 \u0111i\u1ec1u g\u00ec. Nh\u01b0ng ch\u1eb3ng ai bi\u1ebft r\u1eb1ng ph\u00eda sau con ng\u01b0\u1eddi \u0111\u01b0\u1ee3c g\u1ecdi l\u00e0 \u201cng\u01b0\u1eddi \u0111\u00e0n \u00f4ng kh\u00f4ng bi\u1ebft c\u01b0\u1eddi\u201d \u0111\u00f3 l\u1ea1i l\u00e0 m\u1ed9t qu\u00e1 kh\u1ee9 \u0111au bu\u1ed3n. Nh\u01b0ng \u0111i\u1ec1u \u0111\u00f3 ph\u1ea3i m\u00e3i sau n\u00e0y Khu\u00ea m\u1edbi bi\u1ebft. C\u00f4 ch\u1ec9 bi\u1ebft r\u1eb1ng khi S\u00e2m t\u00ecnh c\u1edd g\u1eb7p T\u1ecbnh \u2013 ng\u01b0\u1eddi b\u1ea1n c\u00f9ng ph\u00f2ng nh\u1ecf h\u01a1n Khu\u00ea hai tu\u1ed5i th\u00ec S\u00e2m b\u1ed7ng d\u01b0ng kh\u00e1c l\u1ea1: anh g\u1ecdi \u0111i\u1ec7n, anh h\u1eb9n T\u1ecbnh \u0111i \u0103n, r\u1ed3i anh l\u1eb7n l\u1ed9i v\u1ec1 qu\u00ea th\u0103m m\u1eb9 T\u1ecbnh khi bi\u1ebft m\u1eb9 c\u1ee7a c\u00f4 b\u1ecb \u1ed1m. \u0110i\u1ec1u \u0111\u00f3 \u0111\u00e3 ch\u1ea5m d\u1ee9t m\u1ecdi t\u01a1 t\u01b0\u1edfng v\u1ec1 t\u00ecnh y\u00eau c\u1ee7a Khu\u00ea. C\u00f4 \u0111au l\u00f2ng nh\u1eadn ra m\u00ecnh ch\u1ec9 l\u00e0 ng\u01b0\u1eddi th\u1eeba trong c\u00e2u chuy\u1ec7n t\u00ecnh y\u00eau c\u1ee7a S\u00e2m v\u00e0 T\u1ecbnh r\u1ed3i c\u00f4 \u0111\u01b0a ra m\u1ed9t quy\u1ebft \u0111\u1ecbnh quan tr\u1ecdng c\u1ee7a cu\u1ed9c \u0111\u1eddi m\u00ecnh: v\u1ec1 qu\u00ea xem m\u1eaft ng\u01b0\u1eddi b\u1ea1n t\u1eebng h\u1ecdc c\u00f9ng c\u1ea5p m\u1ed9t v\u00e0 r\u1ea5t c\u00f3 th\u1ec3 c\u00f4 s\u1ebd l\u1ea5y ng\u01b0\u1eddi \u0111\u00f3 l\u00e0m ch\u1ed3ng.<\/p>\n<p>Con chim xanh bi\u1ebfc bay v\u1ec1 s\u1ebd d\u1eabn d\u1eaft \u0111\u1ed9c gi\u1ea3 v\u00e0 ngay c\u1ea3 ch\u00ednh nh\u1eefng nh\u00e2n v\u1eadt trong truy\u1ec7n \u0111i t\u1eeb b\u1ea5t ng\u1edd n\u00e0y \u0111\u1ebfn b\u1ea5t ng\u1edd kh\u00e1c. Nh\u01b0ng c\u00e1i k\u1ebft cu\u1ed1i c\u00f9ng s\u1ebd khi\u1ebfn c\u00e1c nh\u00e2n v\u1eadt kh\u00f4ng th\u1ec3 h\u00e0i l\u00f2ng v\u00e0 h\u1ea1nh ph\u00fac h\u01a1n.<\/p>\n<p>Kh\u00e1c v\u1edbi gi\u1ecdng v\u0103n vui t\u01b0\u01a1i v\u00e0 h\u00e0i h\u01b0\u1edbc th\u01b0\u1eddng th\u1ea5y c\u1ee7a Nguy\u1ec5n Nh\u1eadt \u00c1nh khi vi\u1ebft nh\u1eefng c\u00e2u chuy\u1ec7n cho thi\u1ebfu nhi, th\u00ec trong Con chim xanh bi\u1ebfc bay v\u1ec1 l\u1ea1i c\u00f3 nh\u1eefng cao tr\u00e0o khi\u1ebfn ng\u01b0\u1eddi ta th\u1eaft l\u1ea1i. C\u00f3 l\u1ebd v\u00ec t\u00e1c gi\u1ea3 \u0111ang vi\u1ebft v\u1ec1 nh\u1eefng ng\u01b0\u1eddi tr\u01b0\u1edfng th\u00e0nh, h\u1ecd ch\u1ec9 h\u1ed3i t\u01b0\u1edfng l\u1ea1i nh\u1eefng k\u00ed \u1ee9c tu\u1ed5i th\u01a1: c\u00f3 hi\u1ec3u l\u1ea7m, c\u00f3 day d\u1ee9t m\u00e0 m\u00e3i sau n\u00e0y khi tr\u01b0\u1edfng th\u00e0nh h\u1ecd m\u1edbi h\u00f3a gi\u1ea3i \u0111\u01b0\u1ee3c b\u1eb1ng m\u1ed9t li\u1ec1u thu\u1ed1c t\u00ean l\u00e0 t\u00ecnh y\u00eau. Kh\u00f4ng ch\u1ec9 l\u00e0 t\u00ecnh y\u00eau \u0111\u00f4i l\u1ee9a m\u00e0 c\u00f2n l\u00e0 t\u00ecnh c\u1ea3m gia \u0111\u00ecnh, t\u00ecnh anh em\u2026 Nh\u1eefng t\u00ecnh y\u00eau bu\u1ed9c ph\u1ea3i c\u00e2m l\u1eb7ng qu\u00e1 l\u00e2u tr\u01b0\u1edbc khi h\u00f3a th\u00e0nh con chim xanh bi\u1ebfc bay v\u1ec1.  <div class=\"banner-grid-wrapper\">\n  <div id=\"banner-grid-1908355572\" class=\"banner-grid row row-grid row-small\" data-packery-options=\"\">\n                      <div class=\"col grid-col large-12 grid-col-1\" ><div class=\"col-inner\">\t<div class=\"img has-hover x md-x lg-x y md-y lg-y\" id=\"image_1670745514\">\n\t\t\t\t\t\t\t\t<div class=\"img-inner dark\" >\n\t\t\t<img loading=\"lazy\" decoding=\"async\" width=\"555\" height=\"416\" src=\"https:\/\/sachviet.eu\/wp-content\/uploads\/2021\/02\/con-chim-xanh-biec-bay-ve-cau-chuyen-co-tich-danh-cho-nguoi-lon-2.jpg\" class=\"attachment-large size-large\" alt=\"\" srcset=\"https:\/\/sachviet.eu\/wp-content\/uploads\/2021\/02\/con-chim-xanh-biec-bay-ve-cau-chuyen-co-tich-danh-cho-nguoi-lon-2.jpg 555w, https:\/\/sachviet.eu\/wp-content\/uploads\/2021\/02\/con-chim-xanh-biec-bay-ve-cau-chuyen-co-tich-danh-cho-nguoi-lon-2-300x225.jpg 300w\" sizes=\"auto, (max-width: 555px) 100vw, 555px\" \/>\t\t\t\t\t\t\n\t\t\t\t\t<\/div>\n\t\t\t\t\t\t\t\t\n<style>\n#image_1670745514 {\n  width: 100%;\n}\n<\/style>\n\t<\/div>\n\t<\/div><\/div>            <\/div>\n    <style>\n    #banner-grid-1908355572 .grid-col-1{height: 600px}\n    #banner-grid-1908355572 .grid-col-1-2{height: 300px}\n    #banner-grid-1908355572 .grid-col-1-3{height:200px}\n    #banner-grid-1908355572 .grid-col-2-3{height: 400px}\n    #banner-grid-1908355572 .grid-col-1-4{height: 150px}\n    #banner-grid-1908355572 .grid-col-3-4{height: 450px}\n\n\n    \n    \n\n  <\/style>\n    <\/div>\n  \n","protected":false},"excerpt":{"rendered":"<p>Kh\u00f4ng gi\u1ed1ng nh\u01b0 nh\u1eefng t\u00e1c ph\u1ea9m tr\u01b0\u1edbc \u0111\u00e2y l\u1ea5y b\u1ed1i c\u1ea3nh v\u00f9ng qu\u00ea mi\u1ec1n Trung \u0111\u1ea7y \u1eafp nh\u1eefng ho\u00e0i ni\u1ec7m tu\u1ed5i th\u01a1 dung d\u1ecb, trong tr\u1ebbo v\u1edbi c\u00e1c nh\u00e2n v\u1eadt \u1edf \u0111\u1ed9 tu\u1ed5i d\u1eady th\u00ec, trong quy\u1ec3n s\u00e1ch m\u1edbi l\u1ea7n n\u00e0y nh\u00e0 v\u0103n Nguy\u1ec5n Nh\u1eadt \u00c1nh l\u1ea5y b\u1ed1i c\u1ea3nh ch\u00ednh l\u00e0 S\u00e0i G\u00f2n \u2013 Th\u00e0nh ph\u1ed1 H\u1ed3 Ch\u00ed Minh n\u01a1i t\u00e1c gi\u1ea3 sinh s\u1ed1ng (nh\u01b0 l\u00e0 m\u1ed9t s\u1ef1 \u0111\u1ec1n \u0111\u00e1p \u00e2n t\u00ecnh v\u1edbi m\u1ea3nh \u0111\u1ea5t mi\u1ec1n Nam). C\u00e1c nh\u00e2n v\u1eadt ch\u00ednh trong truy\u1ec7n c\u0169ng \u201cl\u1edbn\u201d h\u01a1n, v\u1edbi nh\u1eefng c\u00e2u chuy\u1ec7n m\u01b0u sinh l\u1eadp nghi\u1ec7p l\u1eafm gian nan th\u1eed th\u00e1ch c\u1ee7a c\u00e1c sinh vi\u00ean tr\u1ebb \u0111\u1ea7y ho\u00e0i b\u00e3o. T\u1ea5t nhi\u00ean kh\u00f4ng th\u1ec3 thi\u1ebfu nh\u1eefng c\u00e2u chuy\u1ec7n t\u00ecnh c\u1ea3m \u0111\u1ed9ng, k\u1ecbch t\u00ednh v\u00e0 b\u1ea5t ng\u1edd khi\u1ebfn b\u1ea1n \u0111\u1ecdc ng\u1ea9n ng\u01a1, c\u01b0\u1eddi ra n\u01b0\u1edbc m\u1eaft. V\u00e0 nh\u01b0 trong m\u1ecdi t\u00e1c ph\u1ea9m Nguy\u1ec5n Nh\u1eadt \u00c1nh, s\u1ef1 t\u1eed t\u1ebf v\u00e0 tinh th\u1ea7n h\u01b0\u1edbng th\u01b0\u1ee3ng v\u1eabn l\u00e0 \u0111i\u1ec3m nh\u1ea5n quan tr\u1ecdng trong quy\u1ec3n s\u00e1ch m\u1edbi n\u00e0y.<\/p>\n","protected":false},"featured_media":1566,"template":"","meta":{"_acf_changed":false},"product_brand":[],"product_cat":[15,45],"product_tag":[],"class_list":{"0":"post-1580","1":"product","2":"type-product","3":"status-publish","4":"has-post-thumbnail","6":"product_cat-sach-danh-cho-nguoi-lon","7":"product_cat-tieu-thuyet","9":"first","10":"outofstock","11":"taxable","12":"shipping-taxable","13":"purchasable","14":"product-type-simple"},"supplier_id":null,"supplier_sku":"","barcode":null,"atum_controlled":true,"out_stock_date":"2023-05-22 10:42:21","out_stock_threshold":null,"inheritable":false,"inbound_stock":0,"stock_on_hold":0,"sold_today":0,"sales_last_days":0,"reserved_stock":0,"customer_returns":0,"warehouse_damage":0,"lost_in_post":0,"other_logs":0,"out_stock_days":982,"lost_sales":0,"has_location":false,"update_date":"2026-01-28T23:10:30","atum_locations":[],"atum_stock_status":"outofstock","restock_status":false,"low_stock_amount":"","sales_update_date":"2026-01-28T23:10:29","calc_backorders":null,"acf":{"publisher":{"ID":1517,"post_author":"1","post_date":"2021-02-17 01:14:41","post_date_gmt":"2021-02-16 23:14:41","post_content":"","post_title":"NXB Tr\u1ebb","post_excerpt":"","post_status":"publish","comment_status":"closed","ping_status":"closed","post_password":"","post_name":"nxb-tre","to_ping":"","pinged":"","post_modified":"2021-02-17 01:14:41","post_modified_gmt":"2021-02-16 23:14:41","post_content_filtered":"","post_parent":0,"guid":"https:\/\/sachviet.eu\/nha-phat-hanh\/nxb-tre\/","menu_order":0,"post_type":"publisher","post_mime_type":"","comment_count":"0","filter":"raw"}},"_links":{"self":[{"href":"https:\/\/sachviet.eu\/en\/wp-json\/wp\/v2\/product\/1580","targetHints":{"allow":["GET"]}}],"collection":[{"href":"https:\/\/sachviet.eu\/en\/wp-json\/wp\/v2\/product"}],"about":[{"href":"https:\/\/sachviet.eu\/en\/wp-json\/wp\/v2\/types\/product"}],"wp:featuredmedia":[{"embeddable":true,"href":"https:\/\/sachviet.eu\/en\/wp-json\/wp\/v2\/media\/1566"}],"wp:attachment":[{"href":"https:\/\/sachviet.eu\/en\/wp-json\/wp\/v2\/media?parent=1580"}],"wp:term":[{"taxonomy":"product_brand","embeddable":true,"href":"https:\/\/sachviet.eu\/en\/wp-json\/wp\/v2\/product_brand?post=1580"},{"taxonomy":"product_cat","embeddable":true,"href":"https:\/\/sachviet.eu\/en\/wp-json\/wp\/v2\/product_cat?post=1580"},{"taxonomy":"product_tag","embeddable":true,"href":"https:\/\/sachviet.eu\/en\/wp-json\/wp\/v2\/product_tag?post=1580"}],"curies":[{"name":"wp","href":"https:\/\/api.w.org\/{rel}","templated":true}]}}