{"id":156,"date":"2021-02-11T20:14:25","date_gmt":"2021-02-11T18:14:25","guid":{"rendered":"https:\/\/sachviet.eu\/?post_type=product&#038;p=156"},"modified":"2025-03-01T16:34:05","modified_gmt":"2025-03-01T14:34:05","slug":"ehon-dieu-ki-dieu-cua-hinh-khoi-set-3-quyen","status":"publish","type":"product","link":"https:\/\/sachviet.eu\/en\/shop\/ehon-dieu-ki-dieu-cua-hinh-khoi-set-3-quyen\/","title":{"rendered":"Ehon \u0111i\u1ec1u k\u00ec di\u1ec7u c\u1ee7a h\u00ecnh kh\u1ed1i &#8211; set 3 quy\u1ec3n"},"content":{"rendered":"<h3 style=\"text-align: center\"><strong>C\u1ea3 th\u1ebf gi\u1edbi \u201cbi\u1ebfn h\u00ecnh\u201d nh\u1edd t\u01b0 duy logic \u0111\u1ebfn t\u1eeb s\u00e1ch Ehon \u0110i\u1ec1u k\u1ef3 di\u1ec7u c\u1ee7a h\u00ecnh kh\u1ed1i<\/strong><\/h3>\n<h1><\/h1>\n<p>H\u00ecnh tr\u00f2n l\u00e0 g\u00ec h\u1ea3 m\u1eb9? T\u1ea1i sao chi\u1ebfc h\u1ed9p vu\u00f4ng l\u1ea1i \u0111\u1ef1ng \u0111\u01b0\u1ee3c qu\u1ea3 b\u00f3ng tr\u00f2n? Ng\u00f4i nh\u00e0 kia l\u1eafp gh\u00e9p t\u1eeb th\u1eadt nhi\u1ec1u h\u00ecnh ch\u1eef nh\u1eadt ph\u1ea3i kh\u00f4ng m\u1eb9?<\/p>\n<p>Tr\u1ebb c\u00f3 h\u00e0ng v\u1ea1n c\u00e2u h\u1ecfi c\u1ea7n l\u1eddi gi\u1ea3i th\u00edch, m\u00e0 b\u1ed1 m\u1eb9 kh\u00f4ng ph\u1ea3i l\u00fac n\u00e0o c\u0169ng c\u00f3 th\u1eddi gian tr\u00f2 chuy\u1ec7n v\u1edbi con v\u1ec1 nh\u1eefng \u0111i\u1ec1u l\u00fd th\u00fa \u0111\u00f3. V\u1eady c\u00e1ch hay nh\u1ea5t \u0111\u1ec3 con ph\u00e1t tri\u1ec3n tr\u00ed th\u00f4ng minh qua nh\u1eefng c\u00e2u h\u1ecfi ch\u1eb3ng ph\u1ea3i ch\u00ednh l\u00e0 vi\u1ec7c con t\u1ef1 m\u00ecnh kh\u00e1m ph\u00e1, t\u00ecm ra nh\u1eefng quy lu\u1eadt c\u00f3 th\u1ec3 tr\u1ea3 l\u1eddi h\u1ea7u h\u1ebft nh\u1eefng th\u1eafc m\u1eafc c\u1ee7a ch\u00ednh m\u00ecnh?<\/p>\n<p>Tr\u1ebb c\u1ef1c k\u1ef3 t\u00f2 m\u00f2 v\u1ec1 th\u1ebf gi\u1edbi v\u1edbi \u0111\u1ee7 c\u00e1c lo\u1ea1i \u0111\u1ed3 v\u1eadt, h\u00ecnh kh\u1ed1i m\u00e0 v\u1edbi hi\u1ec3u bi\u1ebft non n\u1edbt c\u1ee7a tr\u1ebb, con ch\u01b0a th\u1ec3 bi\u1ebft h\u1ebft t\u00ean g\u1ecdi v\u00e0 ch\u1ee9c n\u0103ng c\u1ee7a ch\u00fang. Trong giai \u0111o\u1ea1n n\u00e0y, b\u1ed1 m\u1eb9 c\u00f2n \u0111\u01b0\u1ee3c khuy\u00ean n\u00ean cho con \u0111\u1ecdc s\u00e1ch s\u1edbm \u0111\u1ec3 sau n\u00e0y con ham m\u00ea h\u1ecdc h\u1ecfi. L\u00e0m sao \u0111\u1ec3 cung c\u1ea5p cho tr\u1ebb r\u1ea5t nhi\u1ec1u ki\u1ebfn th\u1ee9c m\u00e0 tr\u1ebb \u0111ang h\u00e1o h\u1ee9c t\u00ecm hi\u1ec3u, \u0111\u1ed3ng th\u1eddi t\u1ea1o l\u1eadp th\u00f3i quen \u0111\u1ecdc s\u1edbm cho tr\u1ebb.<\/p>\n<p>B\u1ed9 s\u00e1ch Ehon &#8220;\u0110i\u1ec1u k\u1ef3 di\u1ec7u c\u1ee7a nh\u1eefng h\u00ecnh kh\u1ed1i&#8221; bao g\u1ed3m c\u00f3 3 cu\u1ed1n: \u201cCh\u1ea5m tr\u00f2n \u01a1i \u0111i \u0111\u00e2u th\u1ebf?\u201d, \u201cC\u00f3 ph\u1ea3i h\u00ecnh tr\u00f2n l\u00e0 \u0111\u1eb9p nh\u1ea5t?\u201d, \u201cGh\u00e9p h\u00ecnh c\u00f9ng Ryo v\u00e0 Kaku\u201d \u0111em \u0111\u1ebfn s\u1ef1 l\u1ef1a ch\u1ecdn ho\u00e0n h\u1ea3o cho b\u1ed1 m\u1eb9 khi v\u1eeba cho con c\u01a1 h\u1ed9i ti\u1ebfp x\u00fac v\u1edbi s\u00e1ch ngay trong \u0111\u1ed9 tu\u1ed5i t\u1eeb 0-6, n\u1ed9i dung ch\u1ee9a \u0111\u1ef1ng c\u00e2u chuy\u1ec7n v\u1ec1 c\u00e1c h\u00ecnh kh\u1ed1i \u0111\u1ec3 tr\u1ebb nh\u1eadn bi\u1ebft th\u1ebf gi\u1edbi xung quanh, nh\u1eb1m ph\u00e1t tri\u1ec3n tr\u00ed th\u00f4ng minh cho tr\u1ebb.<\/p>\n\t<div class=\"img has-hover x md-x lg-x y md-y lg-y\" id=\"image_1776290845\">\n\t\t\t\t\t\t\t\t<div class=\"img-inner dark\" >\n\t\t\t<img loading=\"lazy\" decoding=\"async\" width=\"960\" height=\"960\" src=\"https:\/\/sachviet.eu\/wp-content\/uploads\/2021\/02\/6e9bd33dfd922a552848207a7e4158d4.jpg\" class=\"attachment-large size-large\" alt=\"\" srcset=\"https:\/\/sachviet.eu\/wp-content\/uploads\/2021\/02\/6e9bd33dfd922a552848207a7e4158d4.jpg 960w, https:\/\/sachviet.eu\/wp-content\/uploads\/2021\/02\/6e9bd33dfd922a552848207a7e4158d4-300x300.jpg 300w, https:\/\/sachviet.eu\/wp-content\/uploads\/2021\/02\/6e9bd33dfd922a552848207a7e4158d4-150x150.jpg 150w, https:\/\/sachviet.eu\/wp-content\/uploads\/2021\/02\/6e9bd33dfd922a552848207a7e4158d4-768x768.jpg 768w, https:\/\/sachviet.eu\/wp-content\/uploads\/2021\/02\/6e9bd33dfd922a552848207a7e4158d4-600x600.jpg 600w, https:\/\/sachviet.eu\/wp-content\/uploads\/2021\/02\/6e9bd33dfd922a552848207a7e4158d4-100x100.jpg 100w\" sizes=\"auto, (max-width: 960px) 100vw, 960px\" \/>\t\t\t\t\t\t\n\t\t\t\t\t<\/div>\n\t\t\t\t\t\t\t\t\n<style>\n#image_1776290845 {\n  width: 100%;\n}\n<\/style>\n\t<\/div>\n\t\n\t<div id=\"gap-667151095\" class=\"gap-element clearfix\" style=\"display:block; height:auto;\">\n\t\t\n<style>\n#gap-667151095 {\n  padding-top: 30px;\n}\n<\/style>\n\t<\/div>\n\t\n<p>\u201c<strong>Ch\u1ea5m tr\u00f2n \u01a1i \u0111i \u0111\u00e2u th\u1ebf?<\/strong>\u201d k\u1ec3 v\u1ec1 cu\u1ed9c phi\u00eau l\u01b0u c\u1ee7a b\u1ea1n ch\u1ea5m tr\u00f2n v\u1ed1n n\u1eb1m tr\u00ean b\u1ed9 \u00e1o c\u1ee7a b\u1ea1n C\u00e1nh Cam, nh\u01b0ng nh\u1ee1 b\u1ecb \u201cl\u1ea1c\u201d m\u1ea5t. Tr\u00ean h\u00e0nh tr\u00ecnh \u0111i t\u00ecm l\u1ea1i C\u00e1nh Cam, Ch\u1ea5m tr\u00f2n g\u1eb7p bi\u1ebft bao nhi\u00eau \u0111i\u1ec1u b\u1ea5t ng\u1edd, k\u1ebft h\u1ee3p c\u00f9ng c\u00e1c \u0111\u1ed3 v\u1eadt kh\u00e1c \u0111\u1ec3 th\u1eed l\u00e0m chi\u1ebfc \u0111\u00e8n giao th\u00f4ng, l\u00e0m chi\u1ebfc k\u1eb9o xinh x\u1eafn, l\u00e0m khinh kh\u00ed c\u1ea7u, l\u00e0m chi\u1ebfc \u0111\u1ed1m tr\u00ean l\u01b0ng c\u00fan,\u2026 Nh\u1eefng \u0111i\u1ec1u m\u1edbi l\u1ea1 l\u00e0m Ch\u1ea5m tr\u00f2n r\u1ea5t th\u00edch th\u00fa v\u1ec1 th\u1ebf gi\u1edbi b\u00ean ngo\u00e0i, nh\u01b0ng cu\u1ed1i c\u00f9ng b\u1ea1n \u1ea5y v\u1eabn mu\u1ed1n tr\u1edf v\u1ec1 n\u01a1i th\u00e2n thu\u1ed9c nh\u1ea5t v\u1edbi b\u1ea3n th\u00e2n m\u00ecnh \u2013 ch\u00ednh l\u00e0 tr\u00ean l\u01b0ng C\u00e1nh Cam.<\/p>\n<p>\u201c<strong>C\u00f3 ph\u1ea3i h\u00ecnh tr\u00f2n l\u00e0 \u0111\u1eb9p nh\u1ea5t?<\/strong>\u201d l\u00e0 c\u00e2u chuy\u1ec7n v\u1ec1 c\u00e1c b\u1ea1n h\u00ecnh kh\u1ed1i v\u1ed1n c\u00f9ng chung s\u1ed1ng \u1edf m\u1ed9t h\u00e0nh tinh, m\u00e0 trong \u0111\u00f3 H\u00ecnh tr\u00f2n cho r\u1eb1ng m\u00ecnh l\u00e0 ng\u01b0\u1eddi \u0111\u1eb9p nh\u1ea5t, v\u00ec b\u1ea1n \u1ea5y l\u00e0 hi\u1ec7n th\u00e2n c\u1ee7a \u00e1nh m\u1eb7t tr\u1eddi m\u1ed7i s\u1edbm mai, c\u1ee7a \u00e1nh tr\u0103ng s\u00e1ng d\u00ecu d\u1ecbu l\u00fac v\u1ec1 \u0111\u00eam. Tuy nhi\u00ean, c\u00e1c b\u1ea1n h\u00ecnh kh\u1ed1i kh\u00f4ng \u0111\u1ed3ng t\u00ecnh v\u1edbi \u0111i\u1ec1u \u0111\u00f3 n\u00ean \u0111\u00e3 t\u1ed5 ch\u1ee9c ra cu\u1ed9c thi xem ai l\u00e0 ng\u01b0\u1eddi \u0111\u1eb9p nh\u1ea5t. Cu\u1ed1i c\u00f9ng, v\u1edbi nh\u1eefng l\u00fd l\u1ebd ch\u1eb3ng ai k\u00e9m ai, c\u00e1c h\u00ecnh kh\u1ed1i nh\u1eadn ra r\u1eb1ng ai c\u0169ng c\u00f3 vai tr\u00f2 c\u1ee7a ri\u00eang m\u00ecnh, kh\u00f4ng ai thay th\u1ebf \u0111\u01b0\u1ee3c ai. Cu\u1ed1n s\u00e1ch d\u1ea1y con v\u1ec1 s\u1ef1 y\u00eau th\u01b0\u01a1ng, \u0111o\u00e0n k\u1ebft c\u1ee7a m\u1ed9t t\u1eadp th\u1ec3.<\/p>\n<p>B\u1ea1n c\u00e1 s\u1ea5u v\u00e0 b\u1ea1n chim h\u1ed3ng trong Cu\u1ed1n s\u00e1ch Ehon \u201c<strong>Gh\u00e9p h\u00ecnh c\u00f9ng Ryo v\u00e0 Kaku<\/strong>\u201d \u0111\u01b0a c\u00e1c b\u1ea1n nh\u1ecf \u0111\u1ebfn v\u1edbi chuy\u1ebfn d\u1ea1o ch\u01a1i nhi\u1ec1u m\u00e0u s\u1eafc, v\u00ec \u0111\u00e2u ai bi\u1ebft \u0111\u01b0\u1ee3c trong h\u00e0nh tr\u00ecnh \u0111\u00f3, Ryo v\u00e0 Kaku s\u1ebd g\u1eb7p nh\u1eefng \u0111i\u1ec1u g\u00ec. V\u00e0 th\u1ebf l\u00e0 khi g\u1eb7p h\u00ecnh ch\u1eef nh\u1eadt, h\u00ecnh tr\u00f2n, h\u00ecnh vu\u00f4ng, h\u00ecnh tam gi\u00e1c,\u2026ch\u1ec9 c\u1ea7n nhanh tr\u00ed s\u00e1ng t\u1ea1o m\u1ed9t ch\u00fat, hai b\u1ea1n \u1ea5y \u0111\u00e3 c\u00f3 th\u1ec3 t\u1ef1 t\u1ea1o ra r\u1ea5t nhi\u1ec1u \u0111\u1ed3 v\u1eadt c\u00f3 \u00edch, nh\u01b0 c\u00e2y k\u1eb9o m\u00fat gh\u00e9p t\u1eeb h\u00ecnh tr\u00f2n v\u00e0 h\u00ecnh ch\u1eef nh\u1eadt, ng\u00f4i nh\u00e0 l\u00e0 k\u1ebft qu\u1ea3 c\u1ee7a h\u00ecnh vu\u00f4ng v\u00e0 h\u00ecnh tam gi\u00e1c, h\u00ecnh tam gi\u00e1c v\u00e0 h\u00ecnh tr\u00f2n c\u00f3 th\u1ec3 t\u1ea1o ra chi\u1ebfc m\u0169 sinh nh\u1eadt,\u2026 Tr\u00ed t\u01b0\u1edfng t\u01b0\u1ee3ng c\u1ee7a con s\u1ebd \u0111\u01b0\u1ee3c v\u1eadn d\u1ee5ng t\u1ed1i \u0111a khi \u0111\u1ecdc cu\u1ed1n s\u00e1ch n\u00e0y.<\/p>\n<p>N\u1ec1n t\u1ea3ng ki\u1ebfn th\u1ee9c v\u1ec1 h\u00ecnh kh\u1ed1i c\u1ee7a b\u00e9 \u0111\u01b0\u1ee3c t\u1ea1o l\u1eadp v\u00e0 ph\u00e1t tri\u1ec3n m\u1ed9t c\u00e1ch khoa h\u1ecdc, c\u00f3 h\u1ec7 th\u1ed1ng nh\u1edd nh\u1eefng b\u1ed9 s\u00e1ch Ehon &#8220;\u0110i\u1ec1u k\u1ef3 di\u1ec7u c\u1ee7a nh\u1eefng h\u00ecnh kh\u1ed1i&#8221;. V\u1edbi c\u00e1c \u0111\u1ed3 v\u1eadt tr\u1ebb g\u1eb7p, con s\u1ebd ghi nh\u1eadn h\u00ecnh d\u00e1ng c\u1ee7a m\u00f3n \u0111\u1ed3 \u0111\u00f3, sau \u0111\u00f3 ph\u00e2n t\u00edch xem \u0111\u1ed3 v\u1eadt \u0111\u00f3 c\u00f3 c\u1ea5u t\u1ea1o nh\u01b0 th\u1ebf n\u00e0o, c\u00f3 th\u1ec3 t\u1eeb gh\u00e9p t\u1eeb c\u00e1c h\u00ecnh d\u00e1ng c\u01a1 b\u1ea3n n\u00e0o,\u2026 Vi\u1ec7c \u0111\u01b0a nh\u1eefng b\u00e0i h\u1ecdc \u0111\u01a1n gi\u1ea3n m\u00e0 logic \u0111\u1ebfn v\u1edbi tr\u1ebb gi\u00fap cho con nh\u1eadn bi\u1ebft, ph\u00e2n bi\u1ec7t \u0111\u1eb7c t\u00ednh c\u1ee7a \u0111\u1ed3 v\u1eadt, h\u01a1n th\u1ebf n\u1eefa gi\u00fap t\u01b0 duy, kh\u1ea3 n\u0103ng ph\u00e2n t\u00edch c\u1ee7a b\u00e9 d\u1ea7n d\u1ea7n \u0111\u01b0\u1ee3c ph\u00e1t tri\u1ec3n th\u00f4ng qua nh\u1eefng cu\u1ed1n Ehon vui nh\u1ed9n \u0111\u00e1ng y\u00eau.<\/p>\n<p>B\u00ean c\u1ea1nh nh\u1eefng gi\u00e1 tr\u1ecb v\u1ec1 t\u01b0 duy m\u00e0 cu\u1ed1n s\u00e1ch mang l\u1ea1i, b\u1ed9 s\u00e1ch c\u00f2n cung c\u1ea5p cho con nh\u1eefng gi\u00e1 tr\u1ecb tuy\u1ec7t v\u1eddi v\u1ec1 t\u00e2m h\u1ed3n khi \u1ea9n ch\u1ee9a sau nh\u1eefng c\u00e2u t\u1eeb \u0111\u01a1n gi\u1ea3n, nh\u1eefng h\u00ecnh v\u1ebd s\u1ed1ng \u0111\u1ed9ng ch\u00ednh l\u00e0 nh\u1eefng b\u00e0i h\u1ecdc d\u1ea1y con v\u1ec1 t\u00ecnh b\u1ea1n, s\u1ef1 th\u01b0\u01a1ng y\u00eau v\u00e0 \u0111o\u00e0n k\u1ebft.<\/p>\n<p>B\u1ed9 s\u00e1ch Ehon \u201c\u0110i\u1ec1u k\u1ef3 di\u1ec7u c\u1ee7a h\u00ecnh kh\u1ed1i\u201d \u0111\u00f3ng vai tr\u00f2 ph\u00e1t tri\u1ec3n ph\u1ea7n th\u00f9y \u0110\u1ec9nh c\u1ee7a n\u00e3o b\u1ed9. \u0110\u00e2y l\u00e0 thu\u1ef3 x\u1eed l\u00fd th\u00f4ng tin gi\u00e1c quan t\u1eeb nh\u1eefng ph\u1ea7n kh\u00e1c nhau c\u1ee7a c\u01a1 th\u1ec3, gi\u00fap h\u00ecnh th\u00e0nh kh\u1ea3 n\u0103ng t\u1ed5ng h\u1ee3p ph\u00e2n t\u00edch v\u1ec1 gi\u00e1c quan, nh\u1eadn d\u1ea1ng c\u00e1c v\u1eadt th\u1ec3 v\u00e0 h\u00ecnh h\u1ecdc kh\u00f4ng gian. B\u00ean c\u1ea1nh \u0111\u00f3, th\u00f9y \u0110\u1ec9nh c\u0169ng s\u1ebd x\u1eed l\u00fd th\u00f4ng tin x\u00fac gi\u00e1c, ph\u1ee5 tr\u00e1ch kh\u1ea3 n\u0103ng to\u00e1n h\u1ecdc v\u00e0 gi\u00fap con nh\u1eadn bi\u1ebft c\u1ea3m x\u00fac th\u00f4ng qua bi\u1ec3u c\u1ea3m khu\u00f4n m\u1eb7t. L\u1edbn l\u00ean con s\u1ebd c\u00f3 ch\u1ec9 s\u1ed1 EQ cao, th\u1ebf gi\u1edbi n\u1ed9i t\u00e2m phong ph\u00fa v\u00e0 t\u01b0 duy th\u1ea9m m\u1ef9 \u0111\u1ed9c \u0111\u00e1o.<\/p>\n<p>Nh\u1eefng vi\u00ean g\u1ea1ch \u0111\u1ea7u ti\u00ean x\u00e2y n\u00ean nh\u1eadn th\u1ee9c c\u1ee7a con ch\u00ednh l\u00e0 nh\u1eefng cu\u1ed1n s\u00e1ch b\u1ed1 m\u1eb9 cho con \u0111\u1ecdc ng\u00e0y h\u00f4m nay, b\u01b0\u1edbc ch\u00e2n c\u1ee7a con s\u1ebd v\u1eefng ch\u1eafc h\u01a1n tr\u00ean h\u00e0nh tr\u00ecnh kh\u00e1m ph\u00e1 th\u1ebf gi\u1edbi. V\u00e0 nhi\u1ec7m v\u1ee5 \u201cth\u1ecfa m\u00e3n\u201d khao kh\u00e1t h\u1ecdc h\u1ecfi c\u1ee7a con tr\u1ebb kh\u00f4ng ai kh\u00e1c ch\u00ednh l\u00e0 nh\u1edd c\u00f4ng s\u1ee9c c\u1ee7a b\u1ed1 m\u1eb9 \u0111\u01b0a nh\u1eefng b\u00e0i h\u1ecdc v\u1ec1 h\u00ecnh kh\u1ed1i, m\u00e0u s\u1eafc v\u00e0o giai \u0111o\u1ea1n \u0111\u1ea7u \u0111\u1eddi c\u1ee7a con.<\/p>\n<p>H\u00e3y c\u00f9ng chu\u1ea9n b\u1ecb cho con nh\u1eefng n\u1ec1n t\u1ea3ng v\u1eefng ch\u1eafc nh\u1ea5t \u0111\u1ec3 con c\u00f3 th\u1ec3 t\u1ef1 tin b\u01b0\u1edbc v\u00e0o \u0111\u1eddi ngay h\u00f4m nay v\u1edbi nh\u1eefng b\u1ed9 s\u00e1ch Ehon ph\u00e1t tri\u1ec3n ch\u1ee9c n\u0103ng n\u00e3o b\u1ed9 \u0111\u1ebfn t\u1eeb Wabooks nh\u00e9!<\/p>\n","protected":false},"excerpt":{"rendered":"<p>C\u1ea3 th\u1ebf gi\u1edbi \u201cbi\u1ebfn h\u00ecnh\u201d nh\u1edd t\u01b0 duy logic \u0111\u1ebfn t\u1eeb s\u00e1ch Ehon \u0110i\u1ec1u k\u1ef3 di\u1ec7u c\u1ee7a h\u00ecnh kh\u1ed1i<\/p>\n<p>B\u1ed9 s\u00e1ch Ehon &#8220;\u0110i\u1ec1u k\u1ef3 di\u1ec7u c\u1ee7a nh\u1eefng h\u00ecnh kh\u1ed1i&#8221; bao g\u1ed3m c\u00f3 3 cu\u1ed1n: \u201cCh\u1ea5m tr\u00f2n \u01a1i \u0111i \u0111\u00e2u th\u1ebf?\u201d, \u201cC\u00f3 ph\u1ea3i h\u00ecnh tr\u00f2n l\u00e0 \u0111\u1eb9p nh\u1ea5t?\u201d, \u201cGh\u00e9p h\u00ecnh c\u00f9ng Ryo v\u00e0 Kaku\u201d \u0111em \u0111\u1ebfn s\u1ef1 l\u1ef1a ch\u1ecdn ho\u00e0n h\u1ea3o cho b\u1ed1 m\u1eb9 khi v\u1eeba cho con c\u01a1 h\u1ed9i ti\u1ebfp x\u00fac v\u1edbi s\u00e1ch ngay trong \u0111\u1ed9 tu\u1ed5i t\u1eeb 0-6, n\u1ed9i dung ch\u1ee9a \u0111\u1ef1ng c\u00e2u chuy\u1ec7n v\u1ec1 c\u00e1c h\u00ecnh kh\u1ed1i \u0111\u1ec3 tr\u1ebb nh\u1eadn bi\u1ebft th\u1ebf gi\u1edbi xung quanh, nh\u1eb1m ph\u00e1t tri\u1ec3n tr\u00ed th\u00f4ng minh cho tr\u1ebb.<\/p>\n<p><strong>T\u00e1c gi\u1ea3: Fuku Mitsu<\/strong><\/p>\n<p>C\u00f4ng ty ph\u00e1t h\u00e0nh: Wabooks<\/p>\n","protected":false},"featured_media":338,"template":"","meta":{"_acf_changed":false},"product_brand":[],"product_cat":[24,17],"product_tag":[],"class_list":{"0":"post-156","1":"product","2":"type-product","3":"status-publish","4":"has-post-thumbnail","6":"product_cat-nha-tre-mau-giao-0-tuoi-6-tuoi","7":"product_cat-sach-danh-cho-cac-be","9":"first","10":"instock","11":"taxable","12":"shipping-taxable","13":"purchasable","14":"product-type-simple"},"supplier_id":null,"supplier_sku":"","barcode":null,"atum_controlled":true,"out_stock_date":null,"out_stock_threshold":null,"inheritable":false,"inbound_stock":0,"stock_on_hold":0,"sold_today":0,"sales_last_days":0,"reserved_stock":0,"customer_returns":0,"warehouse_damage":0,"lost_in_post":0,"other_logs":0,"out_stock_days":0,"lost_sales":0,"has_location":false,"update_date":"2026-01-28T23:11:29","atum_locations":[],"atum_stock_status":"instock","restock_status":false,"low_stock_amount":"","sales_update_date":"2026-01-28T23:11:29","calc_backorders":null,"acf":{"publisher":{"ID":1420,"post_author":"1","post_date":"2021-02-16 23:03:17","post_date_gmt":"2021-02-16 21:03:17","post_content":"<!-- wp:flatsome\/uxbuilder -->\n<h1 style=\"text-align: center\"><strong>WABOOKS<\/strong><\/h1>\n[ux_image id=\"1430\"]\n\n[gap]\n\n<p style=\"text-align: left\">Wabooks l\u00e0 c\u00f4ng ty s\u00e1ch ho\u1ea1t \u0111\u1ed9ng chuy\u00ean nghi\u1ec7p trong l\u0129nh v\u1ef1c xu\u1ea5t b\u1ea3n s\u00e1ch. Ph\u1ea7n l\u1edbn ngu\u1ed3n l\u1ef1c c\u1ee7a c\u00f4ng ty \u0111\u1ea7u t\u01b0 v\u00e0o nghi\u00ean c\u1ee9u, mua b\u1ea3n quy\u1ec1n, d\u1ecbch v\u00e0 xu\u1ea5t b\u1ea3n c\u00e1c \u1ea5n ph\u1ea9m v\u0103n h\u00f3a, tri th\u1ee9c c\u1ee7a Nh\u1eadt B\u1ea3n t\u1ea1i Vi\u1ec7t Nam. Wabooks lu\u00f4n kh\u00f4ng ng\u1eebng n\u1ed7 l\u1ef1c mang \u0111\u1ebfn nh\u1eefng s\u1ea3n ph\u1ea9m c\u00f3 ch\u1ea5t l\u01b0\u1ee3ng v\u00e0 d\u1ecbch v\u1ee5 ho\u00e0n h\u1ea3o, mang \u0111\u1ebfn s\u1ef1 h\u00e0i l\u00f2ng cho kh\u00e1ch h\u00e0ng c\u0169ng nh\u01b0 \u0111\u00f3ng g\u00f3p cho \u0111\u1ea5t n\u01b0\u1edbc t\u1ed1t \u0111\u1eb9p h\u01a1n th\u00f4ng qua nh\u1eefng gi\u00e1 tr\u1ecb m\u00e0 c\u00f4ng ty \u0111ang kh\u00f4ng ng\u1eebng theo \u0111u\u1ed5i.<\/p>\n[row]\n\n[col span=\"6\" span__sm=\"12\"]\n\n[ux_image id=\"2068\"]\n\n\n[\/col]\n[col span=\"6\" span__sm=\"12\"]\n\n<p>Anh Goto Daishi th\u00ec tin r\u1eb1ng ch\u1ec9 c\u00f3 s\u00e1ch m\u1edbi khi\u1ebfn con ng\u01b0\u1eddi ta tr\u1edf n\u00ean v\u0103n minh v\u00e0 ti\u1ebfn b\u1ed9, c\u00f2n anh Nguy\u1ec5n Tu\u1ea5n Anh th\u00ec cho r\u1eb1ng ch\u00fang ta ph\u1ea3i mang s\u00e1ch \u0111\u1ebfn n\u01a1i m\u00e0 ng\u01b0\u1eddi ta th\u1ef1c s\u1ef1 c\u1ea7n, chia s\u1ebb nh\u1eefng gi\u00e1 tr\u1ecb m\u00e0 ng\u01b0\u1eddi kh\u00e1c \u0111ang thi\u1ebfu, \u0111\u00f3 l\u00e0 c\u00e1ch \u0111\u1ec3 ch\u00fang ta ho\u00e0n thi\u1ec7n con ng\u01b0\u1eddi v\u00e0 g\u00f3p ph\u1ea7n l\u00e0m cho x\u00e3 h\u1ed9i ho\u00e0n thi\u1ec7n h\u01a1n.\u00a0<\/p>\n<p>May m\u1eafn r\u1eb1ng<strong> SACHVIET.EU\u00a0<\/strong>\u0111\u00e3 c\u00f3 c\u01a1 h\u1ed9i \u0111\u01b0\u1ee3c anh Nguy\u1ec5n Tu\u1ea5n Anh h\u1ee3p t\u00e1c gi\u00fap \u0111\u1ee1 h\u1ebft m\u00ecnh \u0111\u1ec3 The Stations c\u00f3 th\u1ec3 d\u1ec5 d\u00e0ng \u0111\u01b0a nh\u1eefng cu\u1ed1n s\u00e1ch ehon sang ph\u1ee5c v\u1ee5 nhu c\u1ea7u c\u1ee7a ng\u01b0\u1eddi Vi\u1ec7t t\u1ea1i Ch\u00e2u \u00c2u. V\u00e0 kh\u00f4ng g\u00ec vui m\u1eebng h\u01a1n l\u00e0 nh\u1eefng b\u1ea1n \u0111\u1ed9c gi\u1ea3 nh\u00ed c\u00f3 th\u1ec3 ti\u1ebfp c\u1eadn v\u00e0 c\u1ea7m tr\u00ean tay nh\u1eefng cu\u1ed1n s\u00e1ch ch\u1ea5t l\u01b0\u1ee3ng \u0111\u01b0\u1ee3c \u0111\u1ea7u t\u01b0 t\u1ec9 m\u1ec9, k\u1ef9 c\u00e0ng ch\u1ec9n chu v\u1ec1 c\u1ea3 n\u1ed9i dung l\u1eabn h\u00ecnh th\u1ee9c b\u1eb1ng ti\u1ebfng Vi\u1ec7t.<\/p>\n<p><strong>SACHVIET.EU<\/strong> lu\u00f4n tin t\u01b0\u1edfng r\u1eb1ng ng\u00f4n ng\u1eef m\u1eb9 \u0111\u1ebb lu\u00f4n l\u00e0 th\u1ee9 ng\u00f4n ng\u1eef thi\u00eang li\u00eang nh\u1ea5t v\u00e0 lu\u00f4n mong mu\u1ed1n c\u00e1c \u0111\u1ed9c gi\u1ea3 Vi\u1ec7t c\u00f3 c\u01a1 h\u1ed9i \u0111\u01b0\u1ee3c s\u1edf h\u1eefu nh\u1eefng cu\u1ed1n s\u00e1ch b\u1ea3n quy\u1ec1n \u0111\u1ea7y ch\u1ea5t l\u01b0\u1ee3ng b\u00e1n s\u1eb5n t\u1ea1i Ch\u00e2u \u00c2u<\/p>\n<p>\u00a0<\/p>\n\n[\/col]\n\n[\/row]\n\n<!-- \/wp:flatsome\/uxbuilder -->","post_title":"Wabooks","post_excerpt":"","post_status":"publish","comment_status":"closed","ping_status":"closed","post_password":"","post_name":"wabooks","to_ping":"","pinged":"","post_modified":"2022-12-19 22:37:02","post_modified_gmt":"2022-12-19 20:37:02","post_content_filtered":"","post_parent":0,"guid":"https:\/\/sachviet.eu\/?post_type=publisher&#038;p=1420","menu_order":0,"post_type":"publisher","post_mime_type":"","comment_count":"0","filter":"raw"}},"_links":{"self":[{"href":"https:\/\/sachviet.eu\/en\/wp-json\/wp\/v2\/product\/156","targetHints":{"allow":["GET"]}}],"collection":[{"href":"https:\/\/sachviet.eu\/en\/wp-json\/wp\/v2\/product"}],"about":[{"href":"https:\/\/sachviet.eu\/en\/wp-json\/wp\/v2\/types\/product"}],"wp:featuredmedia":[{"embeddable":true,"href":"https:\/\/sachviet.eu\/en\/wp-json\/wp\/v2\/media\/338"}],"wp:attachment":[{"href":"https:\/\/sachviet.eu\/en\/wp-json\/wp\/v2\/media?parent=156"}],"wp:term":[{"taxonomy":"product_brand","embeddable":true,"href":"https:\/\/sachviet.eu\/en\/wp-json\/wp\/v2\/product_brand?post=156"},{"taxonomy":"product_cat","embeddable":true,"href":"https:\/\/sachviet.eu\/en\/wp-json\/wp\/v2\/product_cat?post=156"},{"taxonomy":"product_tag","embeddable":true,"href":"https:\/\/sachviet.eu\/en\/wp-json\/wp\/v2\/product_tag?post=156"}],"curies":[{"name":"wp","href":"https:\/\/api.w.org\/{rel}","templated":true}]}}