{"id":155,"date":"2021-02-11T20:14:25","date_gmt":"2021-02-11T18:14:25","guid":{"rendered":"https:\/\/sachviet.eu\/?post_type=product&#038;p=155"},"modified":"2024-04-02T21:37:28","modified_gmt":"2024-04-02T18:37:28","slug":"charlotte-va-wilbur","status":"publish","type":"product","link":"https:\/\/sachviet.eu\/en\/shop\/charlotte-va-wilbur\/","title":{"rendered":"Charlotte v\u00e0 Wilbur"},"content":{"rendered":"<div class=\"row align-equal row-box-shadow-2 row-box-shadow-5-hover\"  id=\"row-1615560376\">\n\n\t<div id=\"col-1929770164\" class=\"col medium-4 small-12 large-4\"  >\n\t\t<div class=\"col-inner\"  >\n\t\t\t\n\t\t\t\n  <div class=\"icon-box testimonial-box icon-box-center text-center\">\n                <div class=\"icon-box-img testimonial-image circle\" style=\"width: 121px\">\n                      <\/div>\n                <div class=\"icon-box-text p-last-0\">\n            \t\t\t\t<div class=\"testimonial-text line-height-small italic test_text first-reset last-reset is-italic\">\n            \n<p>M\u1ed9t cu\u1ed1n s\u00e1ch xu\u1ea5t ch\u00fang d\u00e0nh cho thi\u1ebfu nhi.<\/p>\n          <\/div>\n          <div class=\"testimonial-meta pt-half\">\n             <strong class=\"testimonial-name test_name\">The Times Literary Supplement<\/strong>\n                          <span class=\"testimonial-company test_company\"><\/span>\n          <\/div>\n        <\/div>\n  <\/div>\n\n  \n\t\t<\/div>\n\t\t\t<\/div>\n\n\t\n\n\t<div id=\"col-143830616\" class=\"col medium-8 small-12 large-8\"  >\n\t\t<div class=\"col-inner\"  >\n\t\t\t\n\t\t\t\n  <div class=\"icon-box testimonial-box icon-box-center text-center\">\n                <div class=\"icon-box-img testimonial-image circle\" style=\"width: 121px\">\n                      <\/div>\n                <div class=\"icon-box-text p-last-0\">\n            \t\t\t\t<div class=\"testimonial-text line-height-small italic test_text first-reset last-reset is-italic\">\n            \n<p>\u0110i\u1ec1u cu\u1ed1n s\u00e1ch k\u1ec3 ch\u00ednh l\u00e0 t\u00ecnh b\u1ea1n \u1edf tr\u00ean \u0111\u1eddi, y\u00eau m\u1ebfn v\u00e0 b\u1ea3o v\u1ec7, phi\u00eau l\u01b0u v\u00e0 ph\u00e9p l\u1ea1, s\u1ed1ng v\u00e0 ch\u1ebft, l\u00f2ng tin v\u00e0 b\u1ed9i ph\u1ea3n, sung s\u01b0\u1edbng v\u00e0 \u0111au kh\u1ed5, v\u00e0 s\u1ef1 tr\u00f4i \u0111i c\u1ee7a th\u1eddi gian. L\u00e0 m\u1ed9t t\u00e1c ph\u1ea9m th\u00ec n\u00f3 g\u1ea7n nh\u01b0 ho\u00e0n h\u1ea3o, v\u00e0 g\u1ea7n nh\u01b0 k\u1ef3 di\u1ec7u trong c\u00e1i c\u00e1ch n\u00f3 t\u1ef1u th\u00e0nh.<\/p>\n          <\/div>\n          <div class=\"testimonial-meta pt-half\">\n             <strong class=\"testimonial-name test_name\">Eudora Welty<\/strong>\n             <span class=\"testimonial-name-divider\"> \/ <\/span>             <span class=\"testimonial-company test_company\">The New York Times Book Review<\/span>\n          <\/div>\n        <\/div>\n  <\/div>\n\n  \n\t\t<\/div>\n\t\t\t<\/div>\n\n\t\n\n<style>\n#row-1615560376 > .col > .col-inner {\n  padding: 30px 30px 30px 30px;\n}\n<\/style>\n<\/div>\n  <div class=\"banner-grid-wrapper\">\n  <div id=\"banner-grid-492590579\" class=\"banner-grid row row-grid row-small\" data-packery-options=\"\">\n                      \n<div class=\"col grid-col large-7 grid-col-1\" ><div class=\"col-inner\">\n\t<div class=\"img has-hover x md-x lg-x y md-y lg-y\" id=\"image_814732701\">\n\t\t\t\t\t\t\t\t<div class=\"img-inner dark\" >\n\t\t\t<img loading=\"lazy\" decoding=\"async\" width=\"960\" height=\"639\" src=\"https:\/\/sachviet.eu\/wp-content\/uploads\/2021\/02\/charlottevawilbur.jpg\" class=\"attachment-large size-large\" alt=\"\" srcset=\"https:\/\/sachviet.eu\/wp-content\/uploads\/2021\/02\/charlottevawilbur.jpg 960w, https:\/\/sachviet.eu\/wp-content\/uploads\/2021\/02\/charlottevawilbur-300x200.jpg 300w, https:\/\/sachviet.eu\/wp-content\/uploads\/2021\/02\/charlottevawilbur-768x511.jpg 768w, https:\/\/sachviet.eu\/wp-content\/uploads\/2021\/02\/charlottevawilbur-600x399.jpg 600w\" sizes=\"auto, (max-width: 960px) 100vw, 960px\" \/>\t\t\t\t\t\t\n\t\t\t\t\t<\/div>\n\t\t\t\t\t\t\t\t\n<style>\n#image_814732701 {\n  width: 100%;\n}\n<\/style>\n\t<\/div>\n\t\n<\/div><\/div>\n<div class=\"col grid-col large-5 grid-col-1-2\" ><div class=\"col-inner\">\n\t<div class=\"img has-hover x md-x lg-x y md-y lg-y\" id=\"image_1434583882\">\n\t\t\t\t\t\t\t\t<div class=\"img-inner dark\" >\n\t\t\t<img loading=\"lazy\" decoding=\"async\" width=\"660\" height=\"512\" src=\"https:\/\/sachviet.eu\/wp-content\/uploads\/2021\/02\/FZbWEvh.jpg\" class=\"attachment-large size-large\" alt=\"\" srcset=\"https:\/\/sachviet.eu\/wp-content\/uploads\/2021\/02\/FZbWEvh.jpg 660w, https:\/\/sachviet.eu\/wp-content\/uploads\/2021\/02\/FZbWEvh-300x233.jpg 300w, https:\/\/sachviet.eu\/wp-content\/uploads\/2021\/02\/FZbWEvh-600x465.jpg 600w\" sizes=\"auto, (max-width: 660px) 100vw, 660px\" \/>\t\t\t\t\t\t\n\t\t\t\t\t<\/div>\n\t\t\t\t\t\t\t\t\n<style>\n#image_1434583882 {\n  width: 100%;\n}\n<\/style>\n\t<\/div>\n\t\n<\/div><\/div>\n<div class=\"col grid-col large-5 grid-col-1-2\" ><div class=\"col-inner\">\n\t<div class=\"img has-hover x md-x lg-x y md-y lg-y\" id=\"image_1690912453\">\n\t\t\t\t\t\t\t\t<div class=\"img-inner dark\" >\n\t\t\t<img loading=\"lazy\" decoding=\"async\" width=\"819\" height=\"1024\" src=\"https:\/\/sachviet.eu\/wp-content\/uploads\/2021\/02\/Uvj0EdF-819x1024.jpg\" class=\"attachment-large size-large\" alt=\"\" srcset=\"https:\/\/sachviet.eu\/wp-content\/uploads\/2021\/02\/Uvj0EdF-819x1024.jpg 819w, https:\/\/sachviet.eu\/wp-content\/uploads\/2021\/02\/Uvj0EdF-240x300.jpg 240w, https:\/\/sachviet.eu\/wp-content\/uploads\/2021\/02\/Uvj0EdF-768x960.jpg 768w, https:\/\/sachviet.eu\/wp-content\/uploads\/2021\/02\/Uvj0EdF-600x750.jpg 600w, https:\/\/sachviet.eu\/wp-content\/uploads\/2021\/02\/Uvj0EdF.jpg 1080w\" sizes=\"auto, (max-width: 819px) 100vw, 819px\" \/>\t\t\t\t\t\t\n\t\t\t\t\t<\/div>\n\t\t\t\t\t\t\t\t\n<style>\n#image_1690912453 {\n  width: 100%;\n}\n<\/style>\n\t<\/div>\n\t\n<\/div><\/div>\n            <\/div>\n    <style>\n    #banner-grid-492590579 .grid-col-1{height: 600px}\n    #banner-grid-492590579 .grid-col-1-2{height: 300px}\n    #banner-grid-492590579 .grid-col-1-3{height:200px}\n    #banner-grid-492590579 .grid-col-2-3{height: 400px}\n    #banner-grid-492590579 .grid-col-1-4{height: 150px}\n    #banner-grid-492590579 .grid-col-3-4{height: 450px}\n\n\n    \n    \n\n  <\/style>\n    <\/div>\n  \n","protected":false},"excerpt":{"rendered":"<p>Wilbur, ch\u00fa l\u1ee3n xu\u00e2n c\u1ee9 \u0111inh ninh m\u00ecnh s\u1ebd vui h\u01b0\u1edfng th\u00e1i b\u00ecnh m\u00e3i trong trang tr\u1ea1i nh\u00e0 Zuckerman, th\u1ebf n\u00ean, ch\u00fa t\u01b0\u1edfng nh\u01b0 ph\u00e1t cu\u1ed3ng l\u00ean \u0111\u01b0\u1ee3c khi bi\u1ebft r\u1eb1ng ng\u01b0\u1eddi ta s\u1ebd gi\u1ebft th\u1ecbt ch\u00fa khi m\u00f9a \u0111\u00f4ng t\u1edbi&#8230; M\u1ecdi hy v\u1ecdng c\u1ee7a ch\u00fa, gi\u1edd \u0111\u00e2y, ch\u1ec9 c\u00f2n bi\u1ebft \u0111\u1ed5 d\u1ed3n l\u1ea1i v\u00e0o Charlotte, ch\u1ecb nh\u1ec7n x\u00e1m v\u1eabn t\u0129nh t\u1ea1i gi\u0103ng m\u1eafc \u1edf tr\u00ean chu\u1ed3ng l\u1ee3n&#8230;<\/p>\n<p>Charlotte v\u00e0 Wilbur, c\u00e2u chuy\u1ec7n k\u1ec3 v\u1ec1 vi\u1ec7c m\u1ed9t con nh\u1ec7n \u0111\u00e3 c\u1ee9u s\u1ed1ng con l\u1ee3n b\u1ea1n m\u00ecnh nh\u01b0 th\u1ebf n\u00e0o, l\u00e0 t\u00e1c ph\u1ea9m kinh \u0111i\u1ec3n c\u1ee7a v\u0103n h\u1ecdc thi\u1ebfu nhi M\u1ef9; v\u00e0 t\u00ecnh b\u1ea1n c\u1ee7a ch\u00fang \u0111\u00e3 \u0111\u01b0\u1ee3c h\u00e0ng tri\u1ec7u \u0111\u1ed9c gi\u1ea3 tr\u00ean th\u1ebf gi\u1edbi c\u00f9ng chia s\u1ebb.<\/p>\n<p>Charlotte v\u00e0 Wilbur l\u00e0 cu\u1ed1n s\u00e1ch g\u00f5 v\u00e0o c\u00e1nh c\u1eeda t\u01b0\u1edfng t\u01b0\u1ee3ng c\u1ee7a tu\u1ed5i th\u01a1, v\u1edbi t\u1ea5t c\u1ea3 nh\u1eefng ai \u0111ang l\u00e0 tr\u1ebb nh\u1ecf v\u00e0 t\u1eebng l\u00e0 tr\u1ebb nh\u1ecf. N\u00f3 mang \u0111\u1ebfn th\u1ebf gi\u1edbi k\u1ef3 di\u1ec7u m\u00e0 ch\u1ec9 nh\u1eefng c\u00f4 b\u00e9 bi\u1ebft kh\u00f3c v\u00ec ch\u00fa l\u1ee3n k\u1eb9 s\u1eafp b\u1ecb gi\u1ebft nh\u01b0 Fern m\u1edbi th\u1ea5u hi\u1ec3u. L\u1eafng \u0111\u1ecdng v\u1edbi nhi\u1ec1u t\u00ecnh ti\u1ebft c\u1ea3m \u0111\u1ed9ng, nh\u01b0 chuy\u1ec7n Fern \u0111\u00e3 ch\u0103m s\u00f3c l\u1ee3n Wilbur h\u1ed3i nh\u1ecf, cu\u1ed9c chia tay cu\u1ed1i c\u00f9ng gi\u1eefa Charlotte v\u00e0 Wilbur, v\u00e0 t\u00ecnh b\u1ea1n n\u1ed1i ti\u1ebfp v\u1edbi nh\u1eefng \u0111\u1ee9a con, ch\u00e1u, ch\u1eaft c\u1ee7a Charlotte sau n\u00e0y\u2026<\/p>\n<p>T\u00e1c ph\u1ea9m l\u00e0 th\u00f4ng \u0111i\u1ec7p c\u1ee7a l\u00f2ng y\u00eau th\u01b0\u01a1ng, s\u1ef1 th\u1ee7y chung son s\u1eaft. \u0110i\u1ec1u \u0111\u00f3 mang l\u1ea1i s\u1ef1 t\u01b0\u01a1i m\u1edbi cho Charlotte v\u00e0 Wilbur v\u00e0 \u0111\u01b0\u1ee3c h\u00e0ng tri\u1ec7u \u0111\u1ed9c gi\u1ea3 tr\u00ean th\u1ebf gi\u1edbi chia s\u1ebb.<\/p>\n<p><strong>T\u00e1c gi\u1ea3: E.B.White<\/strong><\/p>\n<p>T\u00ean Nh\u00e0 Cung C\u1ea5p: Nh\u00e3 Nam<\/p>\n<p>&nbsp;<\/p>\n","protected":false},"featured_media":362,"template":"","meta":{"_acf_changed":false},"product_brand":[],"product_cat":[17,15,26,45],"product_tag":[],"class_list":{"0":"post-155","1":"product","2":"type-product","3":"status-publish","4":"has-post-thumbnail","6":"product_cat-sach-danh-cho-cac-be","7":"product_cat-sach-danh-cho-nguoi-lon","8":"product_cat-thieu-nien-11-tuoi-18-tuoi","9":"product_cat-tieu-thuyet","11":"first","12":"instock","13":"taxable","14":"shipping-taxable","15":"purchasable","16":"product-type-simple"},"supplier_id":null,"supplier_sku":"","barcode":null,"atum_controlled":true,"out_stock_date":null,"out_stock_threshold":null,"inheritable":false,"inbound_stock":0,"stock_on_hold":0,"sold_today":0,"sales_last_days":0,"reserved_stock":0,"customer_returns":0,"warehouse_damage":0,"lost_in_post":0,"other_logs":0,"out_stock_days":0,"lost_sales":0,"has_location":false,"update_date":"2026-01-28T23:10:29","atum_locations":[],"atum_stock_status":"instock","restock_status":false,"low_stock_amount":"","sales_update_date":"2026-01-28T23:10:29","calc_backorders":null,"acf":{"publisher":{"ID":1424,"post_author":"1","post_date":"2021-02-17 00:02:29","post_date_gmt":"2021-02-16 22:02:29","post_content":"<!-- wp:flatsome\/uxbuilder -->\n<h1 style=\"text-align: center\"><strong>Nh\u00e3 Nam<\/strong><\/h1>\n[row]\n\n[col span=\"6\" span__sm=\"12\"]\n\n[ux_image id=\"1438\" image_size=\"medium\"]\n\n\n[\/col]\n[col span=\"6\" span__sm=\"12\"]\n\n<p><strong>C\u00f4ng ty c\u1ed5 ph\u1ea7n V\u0103n h\u00f3a v\u00e0 Truy\u1ec1n th\u00f4ng Nh\u00e3 Nam<\/strong><\/p>\n<p>Th\u00e1ng 2 n\u0103m 2005, Nh\u00e3 Nam, t\u00ean \u0111\u1ea7y \u0111\u1ee7 l\u00e0 C\u00f4ng ty C\u1ed5 ph\u1ea7n V\u0103n h\u00f3a v\u00e0 Truy\u1ec1n th\u00f4ng Nh\u00e3 Nam \u0111\u00e3 gia nh\u1eadp th\u1ecb tr\u01b0\u1eddng s\u00e1ch. T\u00e1c ph\u1ea9m \"Balzac v\u00e0 c\u00f4 b\u00e9 th\u1ee3 may Trung hoa\" c\u1ee7a \u0110\u1edbi T\u01b0 Ki\u1ec7t l\u00e0 cu\u1ed1n s\u00e1ch \u0111\u1ea7u ti\u00ean \u0111\u01b0\u1ee3c nh\u1eefng ng\u01b0\u1eddi s\u00e1ng l\u1eadp Nh\u00e3 Nam xu\u1ea5t b\u1ea3n c\u1ea3 tr\u01b0\u1edbc khi c\u00f4ng ty ra \u0111\u1eddi. Ngay l\u1eadp t\u1ee9c t\u1eeb cu\u1ed1n s\u00e1ch \u0111\u1ea7u ti\u00ean, \u0111\u1ed9c gi\u1ea3 \u0111\u00e3 d\u00e0nh s\u1ef1 quan t\u00e2m v\u00e0 y\u00eau m\u1ebfn cho m\u1ed9t th\u01b0\u01a1ng hi\u1ec7u s\u00e1ch m\u1edbi m\u1ebb mang trong m\u00ecnh kh\u00e1t v\u1ecdng g\u00f3p ph\u1ea7n t\u1ea1o l\u1eadp di\u1ec7n m\u1ea1o m\u1edbi cho xu\u1ea5t b\u1ea3n v\u0103n h\u1ecdc t\u1ea1i Vi\u1ec7t Nam.<\/p>\n<p>L\u00f2ng say m\u00ea c\u1ee7a \u0111\u1ed9i ng\u0169 l\u00e0 vi\u00ean \u0111\u00e1 \u0111\u1ea7u ti\u00ean. Tr\u1ea3i qua m\u1ea5y n\u0103m ph\u00e1t tri\u1ec3n, Nh\u00e3 Nam \u0111\u00e3 \u0111\u01b0\u1ee3c x\u00e2y d\u1ef1ng d\u1ea7n l\u00ean trong di\u1ec7n m\u1ea1o m\u1ed9t nh\u00e0 xu\u1ea5t b\u1ea3n v\u1eefng ch\u00e3i v\u00e0 chuy\u00ean nghi\u1ec7p. S\u00e1u th\u00e1ng sau khi th\u00e0nh l\u1eadp c\u00f4ng ty, Nh\u1eadt k\u00fd \u0110\u1eb7ng Th\u00f9y Tr\u00e2m ra \u0111\u1eddi, t\u1ea1o n\u00ean m\u1ed9t c\u01a1n s\u1ed1t trong x\u00e3 h\u1ed9i, v\u1edbi g\u1ea7n 500,000 b\u1ea3n s\u00e1ch \u0111\u01b0\u1ee3c ph\u00e1t h\u00e0nh, ph\u00e1 m\u1ecdi k\u1ef7 l\u1ee5c v\u1ec1 xu\u1ea5t b\u1ea3n tr\u01b0\u1edbc \u0111\u00f3, k\u00e9o theo m\u1ed9t lo\u1ea1t nh\u1eefng hi\u1ec7u \u1ee9ng x\u00e3 h\u1ed9i v\u00e0 d\u01b0 lu\u1eadn c\u00f3 \u00fd ngh\u0129a. T\u1eeb \u0111\u00f3 tr\u1edf \u0111i, th\u00f4ng qua Nh\u00e3 Nam, c\u00e1c cu\u1ed1n s\u00e1ch v\u0103n h\u1ecdc n\u01b0\u1edbc ngo\u00e0i c\u00f3 gi\u00e1 tr\u1ecb \u0111\u01b0\u1ee3c li\u00ean t\u1ee5c mua b\u1ea3n quy\u1ec1n v\u00e0 xu\u1ea5t b\u1ea3n t\u1ea1i Vi\u1ec7t Nam, thu h\u00fat nhi\u1ec1u t\u1ea7ng l\u1edbp \u0111\u1ed9c gi\u1ea3. S\u00e1ch c\u1ee7a Nh\u00e3 Nam n\u1ed5i b\u1eadt b\u1edfi n\u1ed9i dung v\u0103n h\u1ecdc tinh t\u1ebf, b\u1edfi v\u1ebb \u0111\u1eb9p c\u1ee7a thi\u1ebft k\u1ebf hi\u1ec7n \u0111\u1ea1i \u1edf h\u00ecnh th\u1ee9c, b\u1edfi s\u1ef1 ch\u0103m ch\u00fat k\u1ef9 l\u01b0\u1ee1ng cho m\u1ed7i cu\u1ed1n s\u00e1ch nh\u01b0 m\u1ed9t con thuy\u1ec1n mang t\u1edbi ni\u1ec1m vui, tri th\u1ee9c, ng\u1ea1c nhi\u00ean, v\u00e0 \u0111\u1ed3ng c\u1ea3m.<\/p>\n\n[\/col]\n\n[\/row]\n<p style=\"text-align: left\">Hi\u1ec3u th\u1eddi \u0111\u1ea1i \u0111ang s\u1ed1ng th\u00f4ng qua s\u00e1ch, song h\u00e0nh v\u1edbi nh\u1eefng bi\u1ebfn chuy\u1ec3n s\u00e2u s\u1eafc trong l\u00f2ng x\u00e3 h\u1ed9i b\u1eb1ng nh\u1eefng ho\u1ea1t \u0111\u1ed9ng xu\u1ea5t b\u1ea3n mi\u1ec7t m\u00e0i v\u00e0 qu\u1ea3 c\u1ea3m, con \u0111\u01b0\u1eddng Nh\u00e3 Nam \u0111\u00e3 ch\u1ecdn \u0111\u1ec3 \u0111i s\u1ebd c\u00f2n d\u00e0i. Nhi\u1ec1u kh\u00f3 kh\u0103n, th\u1eed th\u00e1ch \u0111ang \u1edf ph\u00eda tr\u01b0\u1edbc. B\u01b0\u1edbc qua th\u1eddi k\u1ef3 s\u01a1 khai v\u1edbi nh\u1eefng b\u00e0i h\u1ecdc v\u00e0 nh\u1eefng kinh nghi\u1ec7m \u0111\u1ea7u ti\u00ean, Nh\u00e3 Nam gi\u1edd \u0111\u00e3 s\u1eb5n s\u00e0ng cho m\u1ed9t ch\u1eb7ng \u0111\u01b0\u1eddng ph\u00e1t tri\u1ec3n m\u1edbi. V\u00e0 ch\u00fang t\u00f4i mu\u1ed1n ho\u00e0n thi\u1ec7n m\u00ecnh trong s\u1ef1 c\u1ea7u th\u1ecb v\u00e0 c\u1ea9n tr\u1ecdng. T\u1ea5t c\u1ea3 v\u00ec m\u1ed9t gia s\u1ea3n s\u00e1ch to l\u1edbn, c\u00f3 s\u1ee9c s\u1ed1ng d\u00e0i l\u00e2u, c\u00f3 \u00fd ngh\u0129a v\u1edbi nhi\u1ec1u th\u1ebf h\u1ec7 b\u1ea1n \u0111\u1ecdc.<br \/>B\u1edfi v\u00ec s\u00e1ch l\u00e0 th\u1ebf gi\u1edbi.<\/p>\n<p><strong>\u0110\u00e2y l\u00e0 m\u1ed9t nh\u00e0 ph\u00e1t h\u00e0nh s\u00e1ch m\u00e0 SACHVIET.EU r\u1ea5t y\u00eau th\u00edch v\u00e0 tin t\u01b0\u1edfng. Nh\u00ecn \u0111\u01b0\u1ee3c t\u1ea7m \u1ea3nh h\u01b0\u1edfng c\u1ee7a Nh\u00e3 Nam qua t\u1eebng cu\u1ed1n s\u00e1ch, SACHVIET.EU li\u00ean h\u1ec7 h\u1ee3p t\u00e1c ngay v\u1edbi Nh\u00e3 Nam \u0111\u1ec3 \u0111em to\u00e0n b\u1ed9 nh\u1eefng t\u00e1c ph\u1ea9m m\u1edbi, hay nh\u1ea5t m\u00e0 Nh\u00e3 Nam c\u00f3 sang Ch\u00e2u \u00c2u, \u0111\u01b0a \u0111\u1ebfn cho \u0111\u1ed9c gi\u1ea3 c\u00f3 nhi\u1ec1u s\u1ef1 l\u1ef1a ch\u1ecdn phong ph\u00fa h\u01a1n c\u1ea3 s\u00e1ch cho tr\u1ebb em l\u1eabn ng\u01b0\u1eddi l\u1edbn.\u00a0<\/strong><\/p>\n\n<!-- \/wp:flatsome\/uxbuilder -->","post_title":"Nh\u00e3 Nam","post_excerpt":"","post_status":"publish","comment_status":"closed","ping_status":"closed","post_password":"","post_name":"nha-nam","to_ping":"","pinged":"","post_modified":"2022-12-19 23:15:33","post_modified_gmt":"2022-12-19 21:15:33","post_content_filtered":"","post_parent":0,"guid":"https:\/\/sachviet.eu\/?post_type=publisher&#038;p=1424","menu_order":0,"post_type":"publisher","post_mime_type":"","comment_count":"0","filter":"raw"}},"_links":{"self":[{"href":"https:\/\/sachviet.eu\/en\/wp-json\/wp\/v2\/product\/155","targetHints":{"allow":["GET"]}}],"collection":[{"href":"https:\/\/sachviet.eu\/en\/wp-json\/wp\/v2\/product"}],"about":[{"href":"https:\/\/sachviet.eu\/en\/wp-json\/wp\/v2\/types\/product"}],"wp:featuredmedia":[{"embeddable":true,"href":"https:\/\/sachviet.eu\/en\/wp-json\/wp\/v2\/media\/362"}],"wp:attachment":[{"href":"https:\/\/sachviet.eu\/en\/wp-json\/wp\/v2\/media?parent=155"}],"wp:term":[{"taxonomy":"product_brand","embeddable":true,"href":"https:\/\/sachviet.eu\/en\/wp-json\/wp\/v2\/product_brand?post=155"},{"taxonomy":"product_cat","embeddable":true,"href":"https:\/\/sachviet.eu\/en\/wp-json\/wp\/v2\/product_cat?post=155"},{"taxonomy":"product_tag","embeddable":true,"href":"https:\/\/sachviet.eu\/en\/wp-json\/wp\/v2\/product_tag?post=155"}],"curies":[{"name":"wp","href":"https:\/\/api.w.org\/{rel}","templated":true}]}}