{"id":15368,"date":"2021-08-04T15:13:02","date_gmt":"2021-08-04T12:13:02","guid":{"rendered":"https:\/\/sachviet.eu\/shop\/binh-phap-ton-tu-danh-cho-phai-dep\/"},"modified":"2021-12-21T15:54:02","modified_gmt":"2021-12-21T13:54:02","slug":"binh-phap-ton-tu-danh-cho-phai-dep","status":"publish","type":"product","link":"https:\/\/sachviet.eu\/en\/shop\/binh-phap-ton-tu-danh-cho-phai-dep\/","title":{"rendered":"Binh Ph\u00e1p T\u00f4n T\u1eed D\u00e0nh Cho Ph\u00e1i \u0110\u1eb9p"},"content":{"rendered":"<p>Binh ph\u00e1p t\u00f4n t\u1eed d\u00e0nh cho ph\u00e1i \u0111\u1eb9p kh\u00f4ng ph\u1ea3i l\u00e0 m\u1ed9t quy\u1ec3n s\u00e1ch \u0111\u01b0\u1ee3c vi\u1ebft ra nh\u1eb1m kh\u00edch l\u1ec7 ng\u01b0\u1eddi \u0111\u1ecdc. (Nh\u01b0ng t\u00f4i ch\u1eafc ch\u1eafn b\u1ea1n s\u1ebd c\u1ea3m th\u1ea5y r\u1ea5t tuy\u1ec7t sau khi \u0111\u1ecdc n\u00f3.) \u0110\u00e2y kh\u00f4ng ph\u1ea3i l\u00e0 lo\u1ea1i s\u00e1ch th\u00fac \u0111\u1ea9y t\u00ednh ph\u1ea5n \u0111\u1ea5u. (Nh\u01b0ng t\u00f4i h\u1ee9a m\u1ed9t khi \u0111\u00e3 \u0111\u1ecdc xong, b\u1ea1n s\u1ebd \u0111\u01b0\u1ee3c th\u00fac \u0111\u1ea9y \u0111\u1ec3 \u0111\u1ea1t \u0111\u01b0\u1ee3c \u0111i\u1ec1u b\u1ea1n mu\u1ed1n.) M\u1ee5c \u0111\u00edch cu\u1ed1i c\u00f9ng c\u1ee7a quy\u1ec3n s\u00e1ch l\u00e0 cung c\u1ea5p cho ph\u1ee5 n\u1eef nh\u1eefng chi\u1ebfn thu\u1eadt m\u00e0 t\u1ea5t c\u1ea3 ch\u00fang ta \u0111\u1ec1u c\u1ea7n \u0111\u1ebfn \u0111\u1ec3 v\u01b0\u1ee3t qua nh\u1eefng tr\u1edf ng\u1ea1i tr\u00ean con \u0111\u01b0\u1eddng gi\u00e0nh l\u1ea5y nh\u1eefng g\u00ec m\u00ecnh mong mu\u1ed1n.<\/p>\n<p>B\u1eb1ng c\u00e1ch n\u1eafm v\u1eefng nh\u1eefng chi\u1ebfn thu\u1eadt c\u1ee7a T\u00f4n T\u1eed, b\u1ea1n s\u1ebd nh\u00ecn th\u1ea5y \u0111\u01b0\u1ee3c nh\u1eefng g\u00ec m\u00e0 ng\u01b0\u1eddi kh\u00e1c kh\u00f4ng th\u1ea5y, v\u00e0 nghe \u0111\u01b0\u1ee3c nh\u1eefng th\u00f4ng \u0111i\u1ec7p th\u1ea7m l\u1eb7ng m\u00e0 h\u1ecd kh\u00f4ng th\u1ec3 nghe.<\/p>\n","protected":false},"excerpt":{"rendered":"<p>Binh ph\u00e1p t\u00f4n t\u1eed d\u00e0nh cho ph\u00e1i \u0111\u1eb9p kh\u00f4ng ph\u1ea3i l\u00e0 m\u1ed9t quy\u1ec3n s\u00e1ch \u0111\u01b0\u1ee3c vi\u1ebft ra nh\u1eb1m kh\u00edch l\u1ec7 ng\u01b0\u1eddi \u0111\u1ecdc. (Nh\u01b0ng t\u00f4i ch\u1eafc ch\u1eafn b\u1ea1n s\u1ebd c\u1ea3m th\u1ea5y r\u1ea5t tuy\u1ec7t sau khi \u0111\u1ecdc n\u00f3.) \u0110\u00e2y kh\u00f4ng ph\u1ea3i l\u00e0 lo\u1ea1i s\u00e1ch th\u00fac \u0111\u1ea9y t\u00ednh ph\u1ea5n \u0111\u1ea5u. (Nh\u01b0ng t\u00f4i h\u1ee9a m\u1ed9t khi \u0111\u00e3 \u0111\u1ecdc xong, b\u1ea1n s\u1ebd \u0111\u01b0\u1ee3c th\u00fac \u0111\u1ea9y \u0111\u1ec3 \u0111\u1ea1t \u0111\u01b0\u1ee3c \u0111i\u1ec1u b\u1ea1n mu\u1ed1n.) M\u1ee5c \u0111\u00edch cu\u1ed1i c\u00f9ng c\u1ee7a quy\u1ec3n s\u00e1ch l\u00e0 cung c\u1ea5p cho ph\u1ee5 n\u1eef nh\u1eefng chi\u1ebfn thu\u1eadt m\u00e0 t\u1ea5t c\u1ea3 ch\u00fang ta \u0111\u1ec1u c\u1ea7n \u0111\u1ebfn \u0111\u1ec3 v\u01b0\u1ee3t qua nh\u1eefng tr\u1edf ng\u1ea1i tr\u00ean con \u0111\u01b0\u1eddng gi\u00e0nh l\u1ea5y nh\u1eefng g\u00ec m\u00ecnh mong mu\u1ed1n.<\/p>\n<p>B\u1eb1ng c\u00e1ch n\u1eafm v\u1eefng nh\u1eefng chi\u1ebfn thu\u1eadt c\u1ee7a T\u00f4n T\u1eed, b\u1ea1n s\u1ebd nh\u00ecn th\u1ea5y \u0111\u01b0\u1ee3c nh\u1eefng g\u00ec m\u00e0 ng\u01b0\u1eddi kh\u00e1c kh\u00f4ng th\u1ea5y, v\u00e0 nghe \u0111\u01b0\u1ee3c nh\u1eefng th\u00f4ng \u0111i\u1ec7p th\u1ea7m l\u1eb7ng m\u00e0 h\u1ecd kh\u00f4ng th\u1ec3 nghe.<\/p>\n","protected":false},"featured_media":15357,"template":"","meta":{"_acf_changed":false},"product_brand":[],"product_cat":[15,46],"product_tag":[],"class_list":{"0":"post-15368","1":"product","2":"type-product","3":"status-publish","4":"has-post-thumbnail","6":"product_cat-sach-danh-cho-nguoi-lon","7":"product_cat-ky-nang-song","9":"first","10":"outofstock","11":"taxable","12":"shipping-taxable","13":"purchasable","14":"product-type-simple"},"supplier_id":null,"supplier_sku":"","barcode":null,"atum_controlled":true,"out_stock_date":"2021-12-21 13:54:02","out_stock_threshold":null,"inheritable":false,"inbound_stock":0,"stock_on_hold":0,"sold_today":0,"sales_last_days":0,"reserved_stock":0,"customer_returns":0,"warehouse_damage":0,"lost_in_post":0,"other_logs":0,"out_stock_days":1499,"lost_sales":0,"has_location":false,"update_date":"2026-01-28T23:10:57","atum_locations":[],"atum_stock_status":"outofstock","restock_status":false,"low_stock_amount":"","sales_update_date":"2026-01-28T23:10:57","calc_backorders":null,"acf":{"publisher":{"ID":9147,"post_author":"2","post_date":"2021-05-20 21:06:21","post_date_gmt":"2021-05-20 18:06:21","post_content":"<!-- wp:html \/-->\n\n<!-- wp:image {\"align\":\"center\",\"id\":9152,\"sizeSlug\":\"large\",\"linkDestination\":\"media\"} -->\n<div class=\"wp-block-image\"><figure class=\"aligncenter size-large\"><a href=\"https:\/\/sachviet.eu\/wp-content\/uploads\/2021\/05\/logo.png\"><img src=\"https:\/\/sachviet.eu\/wp-content\/uploads\/2021\/05\/logo.png\" alt=\"\" class=\"wp-image-9152\" \/><\/a><\/figure><\/div>\n<!-- \/wp:image -->\n\n<!-- wp:paragraph -->\n<p>\u0110\u01b0\u1ee3c th\u00e0nh l\u1eadp n\u0103m 2015 b\u1edfi nh\u1eefng c\u1ed5 \u0111\u00f4ng \u0111\u00e3 c\u00f3 nhi\u1ec1u n\u0103m kinh nghi\u1ec7m trong ng\u00e0nh s\u00e1ch \u1edf Vi\u1ec7t Nam, ZENBOOKS h\u01b0\u1edbng \u0111\u1ebfn m\u1ee5c ti\u00eau \u0111\u1ea7y tham v\u1ecdng l\u00e0 tr\u1edf th\u00e0nh m\u1ed9t trong 10 c\u00f4ng ty s\u00e1ch h\u00e0ng \u0111\u1ea7u t\u1ea1i Vi\u1ec7t Nam sau 10 n\u0103m ho\u1ea1t \u0111\u1ed9ng.<\/p>\n<!-- \/wp:paragraph -->\n\n<!-- wp:paragraph -->\n<p>ZENBOOKS t\u1eadp trung v\u00e0o c\u00e1c d\u00f2ng s\u00e1ch gi\u00fap cho ng\u01b0\u1eddi \u0111\u1ecdc t\u00ecm \u0111\u01b0\u1ee3c nh\u1eefng g\u1ee3i \u00fd v\u00e0 h\u01b0\u1edbng d\u1eabn \u0111\u1ec3 c\u00f3 m\u1ed9t cu\u1ed9c s\u1ed1ng c\u00e2n b\u1eb1ng th\u00f4ng qua vi\u1ec7c \u0111i\u1ec1u ch\u1ec9nh h\u00e0nh vi v\u00e0 th\u00e1i \u0111\u1ed9 c\u1ee7a h\u1ecd.<\/p>\n<!-- \/wp:paragraph -->\n\n<!-- wp:paragraph -->\n<p>C\u00e1c d\u00f2ng s\u00e1ch c\u1ee7a ZENBOOKS:<\/p>\n<!-- \/wp:paragraph -->\n\n<!-- wp:paragraph -->\n<p>&nbsp;- T\u00e2m l\u00fd &amp; K\u1ef9 n\u0103ng (Self-help &amp; Life Skills)<\/p>\n<!-- \/wp:paragraph -->\n\n<!-- wp:paragraph -->\n<p>&nbsp;- V\u0103n h\u1ecdc (Literature)<\/p>\n<!-- \/wp:paragraph -->\n\n<!-- wp:paragraph -->\n<p>\u00a0- H\u1ed7 tr\u1ee3 h\u1ecdc t\u1eadp (Textbook Companions)<\/p>\n<!-- \/wp:paragraph -->\n\n<!-- wp:paragraph -->\n<p><\/p>\n<!-- \/wp:paragraph -->","post_title":"Zenbooks","post_excerpt":"","post_status":"publish","comment_status":"closed","ping_status":"closed","post_password":"","post_name":"zenbooks","to_ping":"","pinged":"","post_modified":"2021-05-22 01:04:48","post_modified_gmt":"2021-05-21 22:04:48","post_content_filtered":"","post_parent":0,"guid":"https:\/\/sachviet.eu\/?post_type=publisher&#038;p=9147","menu_order":0,"post_type":"publisher","post_mime_type":"","comment_count":"0","filter":"raw"}},"_links":{"self":[{"href":"https:\/\/sachviet.eu\/en\/wp-json\/wp\/v2\/product\/15368","targetHints":{"allow":["GET"]}}],"collection":[{"href":"https:\/\/sachviet.eu\/en\/wp-json\/wp\/v2\/product"}],"about":[{"href":"https:\/\/sachviet.eu\/en\/wp-json\/wp\/v2\/types\/product"}],"wp:featuredmedia":[{"embeddable":true,"href":"https:\/\/sachviet.eu\/en\/wp-json\/wp\/v2\/media\/15357"}],"wp:attachment":[{"href":"https:\/\/sachviet.eu\/en\/wp-json\/wp\/v2\/media?parent=15368"}],"wp:term":[{"taxonomy":"product_brand","embeddable":true,"href":"https:\/\/sachviet.eu\/en\/wp-json\/wp\/v2\/product_brand?post=15368"},{"taxonomy":"product_cat","embeddable":true,"href":"https:\/\/sachviet.eu\/en\/wp-json\/wp\/v2\/product_cat?post=15368"},{"taxonomy":"product_tag","embeddable":true,"href":"https:\/\/sachviet.eu\/en\/wp-json\/wp\/v2\/product_tag?post=15368"}],"curies":[{"name":"wp","href":"https:\/\/api.w.org\/{rel}","templated":true}]}}