{"id":15356,"date":"2021-08-04T15:11:51","date_gmt":"2021-08-04T12:11:51","guid":{"rendered":"https:\/\/sachviet.eu\/shop\/mot-cuoc-doi-bat-tan\/"},"modified":"2021-08-04T16:17:06","modified_gmt":"2021-08-04T13:17:06","slug":"mot-cuoc-doi-bat-tan","status":"publish","type":"product","link":"https:\/\/sachviet.eu\/en\/shop\/mot-cuoc-doi-bat-tan\/","title":{"rendered":"M\u1ed9t Cu\u1ed9c \u0110\u1eddi B\u1ea5t T\u1eadn"},"content":{"rendered":"<p>\u201cCu\u1ed9c \u0111i\u1ec1u tra b\u1ea5t t\u1eed trong M\u1ed9t cu\u1ed9c \u0111\u1eddi b\u1ea5t t\u1eadn \u0111\u01b0\u1ee3c ti\u1ebfn h\u00e0nh h\u1ebft s\u1ee9c ng\u00f4ng cu\u1ed3ng m\u00e0 v\u1eabn kh\u00f4ng thi\u1ebfu \u0111i s\u1ef1 duy\u00ean d\u00e1ng. N\u00f3 v\u1eeba gi\u00fap c\u00e1c t\u00edn \u0111\u1ed3 khoa h\u1ecdc h\u00f2a h\u1ee3p v\u1edbi nh\u1eefng k\u1ebb ch\u1eb3ng m\u1ea5y khi c\u1eadp nh\u1eadt th\u00f4ng tin, v\u1eeba ch\u00e2n th\u00e0nh kh\u1eb3ng \u0111\u1ecbnh v\u1edbi m\u1ecdi \u0111\u1ed9c gi\u1ea3: ch\u00fang ta ai r\u1ed3i c\u0169ng ch\u1ebft.\u201d<br \/>\n&#8211; actualitte.com<\/p>\n<p>\u201cN\u1ebfu T\u00ecnh y\u00eau k\u00e9o d\u00e0i ba n\u0103m v\u00e0 14,99 euros hay l\u1eddi t\u1ef1 th\u00fa c\u1ee7a m\u1ed9t copywriter \u0111\u01b0a ra c\u00e1i nh\u00ecn u \u00e1m v\u00e0 \u0111\u1ea7y khi\u00eau kh\u00edch v\u1edbi cu\u1ed9c s\u1ed1ng l\u1ee9a \u0111\u00f4i c\u0169ng nh\u01b0 x\u00e3 h\u1ed9i th\u00ec M\u1ed9t cu\u1ed9c \u0111\u1eddi b\u1ea5t t\u1eadn l\u1ea1i l\u00e0 cu\u1ed1n s\u00e1ch t\u01b0\u01a1ng \u0111\u1ed1i s\u1ed1ng \u0111\u1ed9ng v\u1ec1 c\u00e1i ch\u1ebft. K\u1ebft c\u1ee5c m\u00e0u h\u1ed3ng ng\u1ecdt ng\u00e0o c\u1ee7a cu\u1ed9c h\u00e0nh tr\u00ecnh ki\u1ebfm t\u00ecm s\u1ef1 b\u1ea5t t\u1eed th\u1ef1c s\u1ef1 khi\u1ebfn ng\u01b0\u1eddi \u0111\u1ecdc v\u1eeba c\u1ea3m \u0111\u1ed9ng v\u1eeba kh\u00f4ng kh\u1ecfi b\u1eadt c\u01b0\u1eddi.\u201d<\/p>\n<p>&#8211; lacauselitteraire.fr<\/p>\n<p>GI\u1edaI THI\u1ec6U S\u00c1CH:<br \/>\n\u201c\u0110\u1eddi l\u00e0 m\u1ed9t cu\u1ed9c t\u00e0n s\u00e1t. M\u1ed9t mass murder 59 tri\u1ec7u ng\u01b0\u1eddi ch\u1ebft m\u1ed7i n\u0103m. 1,9 ng\u01b0\u1eddi ch\u1ebft m\u1ed7i gi\u00e2y. 158857 ng\u01b0\u1eddi ch\u1ebft m\u1ed7i ng\u00e0y. T\u1eeb \u0111\u1ea7u kh\u1ed5 n\u00e0y \u0111\u1ebfn \u0111\u00e2y \u0111\u00e3 th\u00eam kho\u1ea3ng hai ch\u1ee5c ng\u01b0\u1eddi ch\u1ebft tr\u00ean th\u1ebf gi\u1edbi &#8211; c\u00f2n nhi\u1ec1u h\u01a1n n\u1ebfu b\u1ea1n \u0111\u1ecdc ch\u1eadm. Tr\u01b0\u1edbc \u0111\u00e2y t\u00f4i ngh\u0129 v\u1ec1 c\u00e1i ch\u1ebft m\u1ed7i ng\u00e0y m\u1ed9t l\u1ea7n. B\u01b0\u1edbc sang tu\u1ed5i n\u0103m m\u01b0\u01a1i, t\u00f4i ngh\u0129 v\u1ec1 n\u00f3 m\u1ed7i kh\u1eafc.<br \/>\nC\u00e2u chuy\u1ec7n n\u00e0y k\u1ec3 l\u1ea1i t\u00f4i \u0111\u00e3 v\u00e0o cu\u1ed9c th\u1ebf n\u00e0o \u0111\u1ec3 kh\u1ecfi ph\u1ea3i ch\u1ebft m\u1ed9t c\u00e1ch xu\u1ea9n ng\u1ed1c nh\u01b0 bao ng\u01b0\u1eddi. Kh\u00f4ng \u0111\u1eddi n\u00e0o c\u00f3 chuy\u1ec7n ch\u1ecbu ch\u1ebft m\u00e0 kh\u00f4ng ph\u1ea3n kh\u00e1ng.\u201d<\/p>\n<p>M\u1ed9t cu\u1ed9c \u0111\u1eddi b\u1ea5t t\u1eadn tho\u1ea1t \u0111\u1ea7u c\u00f3 v\u1ebb gi\u1ed1ng nh\u01b0 h\u00e0nh tr\u00ecnh nghi\u00ean c\u1ee9u c\u00e1 nh\u00e2n kh\u00e1 k\u1ef3 c\u00f4ng v\u1ec1 c\u00e1c ti\u1ebfn b\u1ed9 khoa h\u1ecdc c\u00f3 th\u1ec3 cho ph\u00e9p k\u00e9o d\u00e0i tu\u1ed5i th\u1ecd con ng\u01b0\u1eddi trong t\u01b0\u01a1ng lai \u0111\u1ec3 t\u1eeb \u0111\u00f3 c\u00f4ng khai th\u00e1i \u0111\u1ed9 c\u1ee7a nh\u00e2n v\u1eadt k\u1ec3 chuy\u1ec7n v\u1edbi c\u00e1i ch\u1ebft. Nh\u01b0ng \u0111\u1eb1ng sau nh\u1eefng th\u00f4ng tin khoa h\u1ecdc hay di truy\u1ec1n h\u1ecdc ph\u1ee9c t\u1ea1p ho\u1eb7c th\u00fa v\u1ecb \u1ea5y l\u1ea1i l\u00e0 m\u00e0n l\u1ed9t x\u00e1c b\u1ea5t ng\u1edd v\u00e0 ho\u00e0n h\u1ea3o c\u1ee7a \u201ck\u1ebb \u00edch k\u1ef7 l\u00e3ng m\u1ea1n\u201d Fr\u00e9d\u00e9ric Beigbeder: g\u00e3 ch\u01a1i \u0111\u00eam v\u00e0 \u0111am m\u00ea ti\u1ec7c t\u00f9ng ng\u00e0y n\u00e0o cu\u1ed1i c\u00f9ng c\u0169ng th\u1eeba nh\u1eadn m\u00ecnh \u0111ang gi\u00e0 \u0111i v\u00e0 ngoan ngo\u00e3n v\u00e0o vai ng\u01b0\u1eddi ch\u1ed3ng, ng\u01b0\u1eddi cha tuy\u1ec7t v\u1eddi. M\u1ecdi ki\u1ebfm t\u00ecm b\u1ea5t t\u1eed r\u1ed1t cu\u1ed9c \u0111\u1ec1u ch\u1ec9 \u0111\u1ec3 \u0111\u01b0\u1ee3c \u1edf g\u1ea7n nh\u1eefng ng\u01b0\u1eddi y\u00eau th\u01b0\u01a1ng c\u00e0ng l\u00e2u c\u00e0ng t\u1ed1t.<\/p>\n<p>T\u00c1C GI\u1ea2:<br \/>\nSinh n\u0103m 1965 trong m\u1ed9t gia \u0111\u00ecnh kh\u00e1 gi\u1ea3, n\u0103m 24 tu\u1ed5i, Fr\u00e9d\u00e9ric Beigbeder t\u1ed1t nghi\u1ec7p v\u1edbi t\u1ea5m b\u1eb1ng cao h\u1ecdc v\u1ec1 marketing \u2013 qu\u1ea3ng c\u00e1o v\u00e0 b\u1eaft \u0111\u1ea7u m\u1ed9t s\u1ef1 nghi\u1ec7p kh\u00e1 l\u1eebng l\u1eaby c\u1ee7a m\u1ed9t ng\u01b0\u1eddi \u0111a t\u00e0i: l\u00e0m qu\u1ea3ng c\u00e1o, nh\u00e0 v\u0103n, ph\u00ea b\u00ecnh v\u0103n h\u1ecdc, l\u00e0m ch\u01b0\u01a1ng tr\u00ecnh th\u1eddi lu\u1eadn\u2026<br \/>\nL\u00e0 m\u1ed9t ng\u01b0\u1eddi \u0111am m\u00ea v\u0103n h\u1ecdc th\u1ef1c s\u1ef1, song song v\u1edbi nh\u1eefng c\u00f4ng vi\u1ec7c tr\u00ean, Fr\u00e9d\u00e9ric Beigbeder c\u00f2n vi\u1ebft s\u00e1ch. Ti\u1ec3u thuy\u1ebft c\u1ee7a Fr\u00e9d\u00e9ric Beigbeder \u0111\u1ec1u gi\u00e0nh \u0111\u01b0\u1ee3c th\u00e0nh c\u00f4ng vang d\u1ed9i, nh\u01b0 14,99 euros hay l\u1eddi t\u1ef1 th\u00fa c\u1ee7a m\u1ed9t copywriter \u2013 b\u00e1n \u0111\u01b0\u1ee3c 380 000 b\u1ea3n, \u0111\u01b0\u1ee3c chuy\u1ec3n th\u1ec3 th\u00e0nh phim; hay Windows on the world \u2013 b\u00e1n \u0111\u01b0\u1ee3c 100 000 b\u1ea3n, gi\u00e0nh gi\u1ea3i Prix Interalli\u00e9, b\u1ea3n d\u1ecbch ti\u1ebfng Anh \u0111\u01b0\u1ee3c nh\u1eadn gi\u1ea3i Independent Foreign Fiction Award, M\u1ed9t ti\u1ec3u thuy\u1ebft Ph\u00e1p gi\u00e0nh gi\u1ea3i Renaudot. Ngo\u00e0i ti\u1ec3u thuy\u1ebft, \u00f4ng c\u00f2n vi\u1ebft truy\u1ec7n ng\u1eafn, ti\u1ec3u lu\u1eadn, truy\u1ec7n tranh.<br \/>\nFr\u00e9d\u00e9ric Beigbeder l\u00e0 ng\u01b0\u1eddi s\u00e1ng l\u1eadp ra gi\u1ea3i th\u01b0\u1edfng v\u0103n h\u1ecdc Flore, gi\u1ea3i th\u01b0\u1edfng v\u0103n h\u1ecdc Sade v\u00e0 l\u00e0 gi\u00e1m kh\u1ea3o c\u1ee7a nhi\u1ec1u gi\u1ea3i th\u01b0\u1edfng v\u0103n h\u1ecdc kh\u00e1c.<br \/>\nC\u00e1c t\u00e1c ph\u1ea9m c\u1ee7a Fr\u00e9d\u00e9ric Beigbeder do Nh\u00e3 Nam xu\u1ea5t b\u1ea3n:<br \/>\n1. T\u00ecnh y\u00eau k\u00e9o d\u00e0i ba n\u0103m<br \/>\n2. M\u1ed9t ti\u1ec3u thuy\u1ebft Ph\u00e1p<br \/>\n3. K\u1ebb \u00edch k\u1ef7 l\u00e3ng m\u1ea1n<br \/>\n4. C\u1ee9u v\u1edbi, xin tha th\u1ee9<br \/>\n5. 14,99 euros hay l\u1eddi t\u1ef1 th\u00fa c\u1ee7a m\u1ed9t copywriter<\/p>\n","protected":false},"excerpt":{"rendered":"<p>\u201c\u0110\u1eddi l\u00e0 m\u1ed9t cu\u1ed9c t\u00e0n s\u00e1t. M\u1ed9t mass murder 59 tri\u1ec7u ng\u01b0\u1eddi ch\u1ebft m\u1ed7i n\u0103m. 1,9 ng\u01b0\u1eddi ch\u1ebft m\u1ed7i gi\u00e2y. 158857 ng\u01b0\u1eddi ch\u1ebft m\u1ed7i ng\u00e0y. T\u1eeb \u0111\u1ea7u kh\u1ed5 n\u00e0y \u0111\u1ebfn \u0111\u00e2y \u0111\u00e3 th\u00eam kho\u1ea3ng hai ch\u1ee5c ng\u01b0\u1eddi ch\u1ebft tr\u00ean th\u1ebf gi\u1edbi &#8211; c\u00f2n nhi\u1ec1u h\u01a1n n\u1ebfu b\u1ea1n \u0111\u1ecdc ch\u1eadm. Tr\u01b0\u1edbc \u0111\u00e2y t\u00f4i ngh\u0129 v\u1ec1 c\u00e1i ch\u1ebft m\u1ed7i ng\u00e0y m\u1ed9t l\u1ea7n. B\u01b0\u1edbc sang tu\u1ed5i n\u0103m m\u01b0\u01a1i, t\u00f4i ngh\u0129 v\u1ec1 n\u00f3 m\u1ed7i kh\u1eafc.<br \/>\nC\u00e2u chuy\u1ec7n n\u00e0y k\u1ec3 l\u1ea1i t\u00f4i \u0111\u00e3 v\u00e0o cu\u1ed9c th\u1ebf n\u00e0o \u0111\u1ec3 kh\u1ecfi ph\u1ea3i ch\u1ebft m\u1ed9t c\u00e1ch xu\u1ea9n ng\u1ed1c nh\u01b0 bao ng\u01b0\u1eddi. Kh\u00f4ng \u0111\u1eddi n\u00e0o c\u00f3 chuy\u1ec7n ch\u1ecbu ch\u1ebft m\u00e0 kh\u00f4ng ph\u1ea3n kh\u00e1ng.\u201d<\/p>\n<p>M\u1ed9t cu\u1ed9c \u0111\u1eddi b\u1ea5t t\u1eadn tho\u1ea1t \u0111\u1ea7u c\u00f3 v\u1ebb gi\u1ed1ng nh\u01b0 h\u00e0nh tr\u00ecnh nghi\u00ean c\u1ee9u c\u00e1 nh\u00e2n kh\u00e1 k\u1ef3 c\u00f4ng v\u1ec1 c\u00e1c ti\u1ebfn b\u1ed9 khoa h\u1ecdc c\u00f3 th\u1ec3 cho ph\u00e9p k\u00e9o d\u00e0i tu\u1ed5i th\u1ecd con ng\u01b0\u1eddi trong t\u01b0\u01a1ng lai \u0111\u1ec3 t\u1eeb \u0111\u00f3 c\u00f4ng khai th\u00e1i \u0111\u1ed9 c\u1ee7a nh\u00e2n v\u1eadt k\u1ec3 chuy\u1ec7n v\u1edbi c\u00e1i ch\u1ebft. Nh\u01b0ng \u0111\u1eb1ng sau nh\u1eefng th\u00f4ng tin khoa h\u1ecdc hay di truy\u1ec1n h\u1ecdc ph\u1ee9c t\u1ea1p ho\u1eb7c th\u00fa v\u1ecb \u1ea5y l\u1ea1i l\u00e0 m\u00e0n l\u1ed9t x\u00e1c b\u1ea5t ng\u1edd v\u00e0 ho\u00e0n h\u1ea3o c\u1ee7a \u201ck\u1ebb \u00edch k\u1ef7 l\u00e3ng m\u1ea1n\u201d Fr\u00e9d\u00e9ric Beigbeder: g\u00e3 ch\u01a1i \u0111\u00eam v\u00e0 \u0111am m\u00ea ti\u1ec7c t\u00f9ng ng\u00e0y n\u00e0o cu\u1ed1i c\u00f9ng c\u0169ng th\u1eeba nh\u1eadn m\u00ecnh \u0111ang gi\u00e0 \u0111i v\u00e0 ngoan ngo\u00e3n v\u00e0o vai ng\u01b0\u1eddi ch\u1ed3ng, ng\u01b0\u1eddi cha tuy\u1ec7t v\u1eddi. M\u1ecdi ki\u1ebfm t\u00ecm b\u1ea5t t\u1eed r\u1ed1t cu\u1ed9c \u0111\u1ec1u ch\u1ec9 \u0111\u1ec3 \u0111\u01b0\u1ee3c \u1edf g\u1ea7n nh\u1eefng ng\u01b0\u1eddi y\u00eau th\u01b0\u01a1ng c\u00e0ng l\u00e2u c\u00e0ng t\u1ed1t.<\/p>\n","protected":false},"featured_media":15355,"template":"","meta":{"_acf_changed":false},"product_brand":[],"product_cat":[15,47],"product_tag":[],"class_list":{"0":"post-15356","1":"product","2":"type-product","3":"status-publish","4":"has-post-thumbnail","6":"product_cat-sach-danh-cho-nguoi-lon","7":"product_cat-truyen-ngan-tan-van","9":"first","10":"instock","11":"taxable","12":"shipping-taxable","13":"purchasable","14":"product-type-simple"},"supplier_id":null,"supplier_sku":"","barcode":null,"atum_controlled":true,"out_stock_date":null,"out_stock_threshold":null,"inheritable":false,"inbound_stock":0,"stock_on_hold":0,"sold_today":0,"sales_last_days":0,"reserved_stock":0,"customer_returns":0,"warehouse_damage":0,"lost_in_post":0,"other_logs":0,"out_stock_days":0,"lost_sales":0,"has_location":false,"update_date":"2026-01-28T23:10:57","atum_locations":[],"atum_stock_status":"instock","restock_status":false,"low_stock_amount":"","sales_update_date":"2026-01-28T23:10:57","calc_backorders":null,"acf":{"publisher":{"ID":1424,"post_author":"1","post_date":"2021-02-17 00:02:29","post_date_gmt":"2021-02-16 22:02:29","post_content":"<!-- wp:flatsome\/uxbuilder -->\n<h1 style=\"text-align: center\"><strong>Nh\u00e3 Nam<\/strong><\/h1>\n[row]\n\n[col span=\"6\" span__sm=\"12\"]\n\n[ux_image id=\"1438\" image_size=\"medium\"]\n\n\n[\/col]\n[col span=\"6\" span__sm=\"12\"]\n\n<p><strong>C\u00f4ng ty c\u1ed5 ph\u1ea7n V\u0103n h\u00f3a v\u00e0 Truy\u1ec1n th\u00f4ng Nh\u00e3 Nam<\/strong><\/p>\n<p>Th\u00e1ng 2 n\u0103m 2005, Nh\u00e3 Nam, t\u00ean \u0111\u1ea7y \u0111\u1ee7 l\u00e0 C\u00f4ng ty C\u1ed5 ph\u1ea7n V\u0103n h\u00f3a v\u00e0 Truy\u1ec1n th\u00f4ng Nh\u00e3 Nam \u0111\u00e3 gia nh\u1eadp th\u1ecb tr\u01b0\u1eddng s\u00e1ch. T\u00e1c ph\u1ea9m \"Balzac v\u00e0 c\u00f4 b\u00e9 th\u1ee3 may Trung hoa\" c\u1ee7a \u0110\u1edbi T\u01b0 Ki\u1ec7t l\u00e0 cu\u1ed1n s\u00e1ch \u0111\u1ea7u ti\u00ean \u0111\u01b0\u1ee3c nh\u1eefng ng\u01b0\u1eddi s\u00e1ng l\u1eadp Nh\u00e3 Nam xu\u1ea5t b\u1ea3n c\u1ea3 tr\u01b0\u1edbc khi c\u00f4ng ty ra \u0111\u1eddi. Ngay l\u1eadp t\u1ee9c t\u1eeb cu\u1ed1n s\u00e1ch \u0111\u1ea7u ti\u00ean, \u0111\u1ed9c gi\u1ea3 \u0111\u00e3 d\u00e0nh s\u1ef1 quan t\u00e2m v\u00e0 y\u00eau m\u1ebfn cho m\u1ed9t th\u01b0\u01a1ng hi\u1ec7u s\u00e1ch m\u1edbi m\u1ebb mang trong m\u00ecnh kh\u00e1t v\u1ecdng g\u00f3p ph\u1ea7n t\u1ea1o l\u1eadp di\u1ec7n m\u1ea1o m\u1edbi cho xu\u1ea5t b\u1ea3n v\u0103n h\u1ecdc t\u1ea1i Vi\u1ec7t Nam.<\/p>\n<p>L\u00f2ng say m\u00ea c\u1ee7a \u0111\u1ed9i ng\u0169 l\u00e0 vi\u00ean \u0111\u00e1 \u0111\u1ea7u ti\u00ean. Tr\u1ea3i qua m\u1ea5y n\u0103m ph\u00e1t tri\u1ec3n, Nh\u00e3 Nam \u0111\u00e3 \u0111\u01b0\u1ee3c x\u00e2y d\u1ef1ng d\u1ea7n l\u00ean trong di\u1ec7n m\u1ea1o m\u1ed9t nh\u00e0 xu\u1ea5t b\u1ea3n v\u1eefng ch\u00e3i v\u00e0 chuy\u00ean nghi\u1ec7p. S\u00e1u th\u00e1ng sau khi th\u00e0nh l\u1eadp c\u00f4ng ty, Nh\u1eadt k\u00fd \u0110\u1eb7ng Th\u00f9y Tr\u00e2m ra \u0111\u1eddi, t\u1ea1o n\u00ean m\u1ed9t c\u01a1n s\u1ed1t trong x\u00e3 h\u1ed9i, v\u1edbi g\u1ea7n 500,000 b\u1ea3n s\u00e1ch \u0111\u01b0\u1ee3c ph\u00e1t h\u00e0nh, ph\u00e1 m\u1ecdi k\u1ef7 l\u1ee5c v\u1ec1 xu\u1ea5t b\u1ea3n tr\u01b0\u1edbc \u0111\u00f3, k\u00e9o theo m\u1ed9t lo\u1ea1t nh\u1eefng hi\u1ec7u \u1ee9ng x\u00e3 h\u1ed9i v\u00e0 d\u01b0 lu\u1eadn c\u00f3 \u00fd ngh\u0129a. T\u1eeb \u0111\u00f3 tr\u1edf \u0111i, th\u00f4ng qua Nh\u00e3 Nam, c\u00e1c cu\u1ed1n s\u00e1ch v\u0103n h\u1ecdc n\u01b0\u1edbc ngo\u00e0i c\u00f3 gi\u00e1 tr\u1ecb \u0111\u01b0\u1ee3c li\u00ean t\u1ee5c mua b\u1ea3n quy\u1ec1n v\u00e0 xu\u1ea5t b\u1ea3n t\u1ea1i Vi\u1ec7t Nam, thu h\u00fat nhi\u1ec1u t\u1ea7ng l\u1edbp \u0111\u1ed9c gi\u1ea3. S\u00e1ch c\u1ee7a Nh\u00e3 Nam n\u1ed5i b\u1eadt b\u1edfi n\u1ed9i dung v\u0103n h\u1ecdc tinh t\u1ebf, b\u1edfi v\u1ebb \u0111\u1eb9p c\u1ee7a thi\u1ebft k\u1ebf hi\u1ec7n \u0111\u1ea1i \u1edf h\u00ecnh th\u1ee9c, b\u1edfi s\u1ef1 ch\u0103m ch\u00fat k\u1ef9 l\u01b0\u1ee1ng cho m\u1ed7i cu\u1ed1n s\u00e1ch nh\u01b0 m\u1ed9t con thuy\u1ec1n mang t\u1edbi ni\u1ec1m vui, tri th\u1ee9c, ng\u1ea1c nhi\u00ean, v\u00e0 \u0111\u1ed3ng c\u1ea3m.<\/p>\n\n[\/col]\n\n[\/row]\n<p style=\"text-align: left\">Hi\u1ec3u th\u1eddi \u0111\u1ea1i \u0111ang s\u1ed1ng th\u00f4ng qua s\u00e1ch, song h\u00e0nh v\u1edbi nh\u1eefng bi\u1ebfn chuy\u1ec3n s\u00e2u s\u1eafc trong l\u00f2ng x\u00e3 h\u1ed9i b\u1eb1ng nh\u1eefng ho\u1ea1t \u0111\u1ed9ng xu\u1ea5t b\u1ea3n mi\u1ec7t m\u00e0i v\u00e0 qu\u1ea3 c\u1ea3m, con \u0111\u01b0\u1eddng Nh\u00e3 Nam \u0111\u00e3 ch\u1ecdn \u0111\u1ec3 \u0111i s\u1ebd c\u00f2n d\u00e0i. Nhi\u1ec1u kh\u00f3 kh\u0103n, th\u1eed th\u00e1ch \u0111ang \u1edf ph\u00eda tr\u01b0\u1edbc. B\u01b0\u1edbc qua th\u1eddi k\u1ef3 s\u01a1 khai v\u1edbi nh\u1eefng b\u00e0i h\u1ecdc v\u00e0 nh\u1eefng kinh nghi\u1ec7m \u0111\u1ea7u ti\u00ean, Nh\u00e3 Nam gi\u1edd \u0111\u00e3 s\u1eb5n s\u00e0ng cho m\u1ed9t ch\u1eb7ng \u0111\u01b0\u1eddng ph\u00e1t tri\u1ec3n m\u1edbi. V\u00e0 ch\u00fang t\u00f4i mu\u1ed1n ho\u00e0n thi\u1ec7n m\u00ecnh trong s\u1ef1 c\u1ea7u th\u1ecb v\u00e0 c\u1ea9n tr\u1ecdng. T\u1ea5t c\u1ea3 v\u00ec m\u1ed9t gia s\u1ea3n s\u00e1ch to l\u1edbn, c\u00f3 s\u1ee9c s\u1ed1ng d\u00e0i l\u00e2u, c\u00f3 \u00fd ngh\u0129a v\u1edbi nhi\u1ec1u th\u1ebf h\u1ec7 b\u1ea1n \u0111\u1ecdc.<br \/>B\u1edfi v\u00ec s\u00e1ch l\u00e0 th\u1ebf gi\u1edbi.<\/p>\n<p><strong>\u0110\u00e2y l\u00e0 m\u1ed9t nh\u00e0 ph\u00e1t h\u00e0nh s\u00e1ch m\u00e0 SACHVIET.EU r\u1ea5t y\u00eau th\u00edch v\u00e0 tin t\u01b0\u1edfng. Nh\u00ecn \u0111\u01b0\u1ee3c t\u1ea7m \u1ea3nh h\u01b0\u1edfng c\u1ee7a Nh\u00e3 Nam qua t\u1eebng cu\u1ed1n s\u00e1ch, SACHVIET.EU li\u00ean h\u1ec7 h\u1ee3p t\u00e1c ngay v\u1edbi Nh\u00e3 Nam \u0111\u1ec3 \u0111em to\u00e0n b\u1ed9 nh\u1eefng t\u00e1c ph\u1ea9m m\u1edbi, hay nh\u1ea5t m\u00e0 Nh\u00e3 Nam c\u00f3 sang Ch\u00e2u \u00c2u, \u0111\u01b0a \u0111\u1ebfn cho \u0111\u1ed9c gi\u1ea3 c\u00f3 nhi\u1ec1u s\u1ef1 l\u1ef1a ch\u1ecdn phong ph\u00fa h\u01a1n c\u1ea3 s\u00e1ch cho tr\u1ebb em l\u1eabn ng\u01b0\u1eddi l\u1edbn.\u00a0<\/strong><\/p>\n\n<!-- \/wp:flatsome\/uxbuilder -->","post_title":"Nh\u00e3 Nam","post_excerpt":"","post_status":"publish","comment_status":"closed","ping_status":"closed","post_password":"","post_name":"nha-nam","to_ping":"","pinged":"","post_modified":"2022-12-19 23:15:33","post_modified_gmt":"2022-12-19 21:15:33","post_content_filtered":"","post_parent":0,"guid":"https:\/\/sachviet.eu\/?post_type=publisher&#038;p=1424","menu_order":0,"post_type":"publisher","post_mime_type":"","comment_count":"0","filter":"raw"}},"_links":{"self":[{"href":"https:\/\/sachviet.eu\/en\/wp-json\/wp\/v2\/product\/15356","targetHints":{"allow":["GET"]}}],"collection":[{"href":"https:\/\/sachviet.eu\/en\/wp-json\/wp\/v2\/product"}],"about":[{"href":"https:\/\/sachviet.eu\/en\/wp-json\/wp\/v2\/types\/product"}],"wp:featuredmedia":[{"embeddable":true,"href":"https:\/\/sachviet.eu\/en\/wp-json\/wp\/v2\/media\/15355"}],"wp:attachment":[{"href":"https:\/\/sachviet.eu\/en\/wp-json\/wp\/v2\/media?parent=15356"}],"wp:term":[{"taxonomy":"product_brand","embeddable":true,"href":"https:\/\/sachviet.eu\/en\/wp-json\/wp\/v2\/product_brand?post=15356"},{"taxonomy":"product_cat","embeddable":true,"href":"https:\/\/sachviet.eu\/en\/wp-json\/wp\/v2\/product_cat?post=15356"},{"taxonomy":"product_tag","embeddable":true,"href":"https:\/\/sachviet.eu\/en\/wp-json\/wp\/v2\/product_tag?post=15356"}],"curies":[{"name":"wp","href":"https:\/\/api.w.org\/{rel}","templated":true}]}}