{"id":15354,"date":"2021-08-04T15:11:46","date_gmt":"2021-08-04T12:11:46","guid":{"rendered":"https:\/\/sachviet.eu\/shop\/nhung-mien-linh-di-tron-bo-4-tap\/"},"modified":"2022-09-09T18:16:19","modified_gmt":"2022-09-09T15:16:19","slug":"nhung-mien-linh-di-tron-bo-4-tap","status":"publish","type":"product","link":"https:\/\/sachviet.eu\/en\/shop\/nhung-mien-linh-di-tron-bo-4-tap\/","title":{"rendered":"Nh\u1eefng Mi\u1ec1n Linh D\u1ecb &#8211; Tr\u1ecdn b\u1ed9 4 t\u1eadp"},"content":{"rendered":"<p>Hai ng\u01b0\u1eddi b\u1ea1n th\u00e2n b\u1ecb y\u1ec3m trong m\u00ecnh nh\u1eefng l\u1eddi nguy\u1ec1n b\u00ed \u1ea9n &#8211; l\u1eddi nguy\u1ec1n m\u1eaft \u0111\u1ecf v\u00e0 l\u1eddi nguy\u1ec1n ph\u01b0\u1ee3ng ho\u00e0ng.<br \/>\nHo\u1eb7c l\u00e0 \u0111\u1ecbnh m\u1ec7nh, ho\u1eb7c l\u00e0 v\u00f4 t\u00ecnh, h\u1ecd c\u00f9ng t\u1edbi \u0111\u1ea5t n\u01b0\u1edbc Th\u00e1i Lan xa x\u00f4i th\u1ea7n b\u00ed. B\u1edfi c\u1ed5 tr\u00f9ng t\u1eafc qu\u00e1i, h\u1ecd nh\u01b0 nh\u1eefng kh\u1ed1i nam ch\u00e2m thu h\u00fat v\u1ec1 m\u00ecnh v\u00f4 s\u1ed1 chuy\u1ec7n ma thi\u00eang<br \/>\nNg\u00f4i ch\u00f9a c\u1ed5 Wat Chiang Man v\u1edbi th\u1ebf tr\u1eadn nh\u1ed9ng ng\u01b0\u1eddi, r\u1eebng s\u00e2u V\u1ea1n \u0110\u1ed9c v\u1edbi ng\u00f4i l\u00e0ng r\u1eafn, v\u00e0 truy\u1ec1n thuy\u1ebft ma qu\u00e1i v\u1ec1 c\u00e1nh di\u1ec1u da ng\u01b0\u1eddi, ng\u01b0\u1eddi v\u1ee3 ma Mae Nak, qu\u1ef7 linh Kuman T<br \/>\nNguy hi\u1ec3m, \u00e2m m\u01b0u, ch\u1ebft ch\u00f3c r\u00ecnh r\u1eadp: \u0111\u1edbn \u0111au, m\u1ea5t m\u00e1t, gian tr\u00e1, s\u1ee3 h\u00e3i, tuy\u1ec7t v\u1ecdng che m\u1edd ch\u00e2n t\u01b0\u1edbng, h\u00e0nh tr\u00ecnh kh\u00e1m ph\u00e1 t\u01b0\u1edfng nh\u01b0 v\u00f4 v\u1ecdng.<\/p>\n","protected":false},"excerpt":{"rendered":"<p>Hai ng\u01b0\u1eddi b\u1ea1n th\u00e2n b\u1ecb y\u1ec3m trong m\u00ecnh nh\u1eefng l\u1eddi nguy\u1ec1n b\u00ed \u1ea9n &#8211; l\u1eddi nguy\u1ec1n m\u1eaft \u0111\u1ecf v\u00e0 l\u1eddi nguy\u1ec1n ph\u01b0\u1ee3ng ho\u00e0ng.<br \/>\nHo\u1eb7c l\u00e0 \u0111\u1ecbnh m\u1ec7nh, ho\u1eb7c l\u00e0 v\u00f4 t\u00ecnh, h\u1ecd c\u00f9ng t\u1edbi \u0111\u1ea5t n\u01b0\u1edbc Th\u00e1i Lan xa x\u00f4i th\u1ea7n b\u00ed. B\u1edfi c\u1ed5 tr\u00f9ng t\u1eafc qu\u00e1i, h\u1ecd nh\u01b0 nh\u1eefng kh\u1ed1i nam ch\u00e2m thu h\u00fat v\u1ec1 m\u00ecnh v\u00f4 s\u1ed1 chuy\u1ec7n ma thi\u00eang<br \/>\nNg\u00f4i ch\u00f9a c\u1ed5 Wat Chiang Man v\u1edbi th\u1ebf tr\u1eadn nh\u1ed9ng ng\u01b0\u1eddi, r\u1eebng s\u00e2u V\u1ea1n \u0110\u1ed9c v\u1edbi ng\u00f4i l\u00e0ng r\u1eafn, v\u00e0 truy\u1ec1n thuy\u1ebft ma qu\u00e1i v\u1ec1 c\u00e1nh di\u1ec1u da ng\u01b0\u1eddi, ng\u01b0\u1eddi v\u1ee3 ma Mae Nak, qu\u1ef7 linh Kuman T<br \/>\nNguy hi\u1ec3m, \u00e2m m\u01b0u, ch\u1ebft ch\u00f3c r\u00ecnh r\u1eadp: \u0111\u1edbn \u0111au, m\u1ea5t m\u00e1t, gian tr\u00e1, s\u1ee3 h\u00e3i, tuy\u1ec7t v\u1ecdng che m\u1edd ch\u00e2n t\u01b0\u1edbng, h\u00e0nh tr\u00ecnh kh\u00e1m ph\u00e1 t\u01b0\u1edfng nh\u01b0 v\u00f4 v\u1ecdng.<\/p>\n","protected":false},"featured_media":15349,"template":"","meta":{"_acf_changed":false},"product_brand":[],"product_cat":[15,72],"product_tag":[],"class_list":{"0":"post-15354","1":"product","2":"type-product","3":"status-publish","4":"has-post-thumbnail","6":"product_cat-sach-danh-cho-nguoi-lon","7":"product_cat-trinh-tham-kinh-di","9":"first","10":"outofstock","11":"taxable","12":"shipping-taxable","13":"purchasable","14":"product-type-simple"},"supplier_id":null,"supplier_sku":"","barcode":null,"atum_controlled":true,"out_stock_date":"2022-09-09 12:16:19","out_stock_threshold":null,"inheritable":false,"inbound_stock":0,"stock_on_hold":0,"sold_today":0,"sales_last_days":0,"reserved_stock":0,"customer_returns":0,"warehouse_damage":0,"lost_in_post":0,"other_logs":0,"out_stock_days":1237,"lost_sales":0,"has_location":false,"update_date":"2026-01-28T23:10:57","atum_locations":[],"atum_stock_status":"outofstock","restock_status":false,"low_stock_amount":"","sales_update_date":"2026-01-28T23:10:57","calc_backorders":null,"acf":{"publisher":{"ID":1472,"post_author":"1","post_date":"2021-02-17 01:12:50","post_date_gmt":"2021-02-16 23:12:50","post_content":"","post_title":"Huy Ho\u00e0ng Bookstore","post_excerpt":"","post_status":"publish","comment_status":"closed","ping_status":"closed","post_password":"","post_name":"huy-hoang-bookstore","to_ping":"","pinged":"","post_modified":"2021-02-17 01:12:50","post_modified_gmt":"2021-02-16 23:12:50","post_content_filtered":"","post_parent":0,"guid":"https:\/\/sachviet.eu\/nha-phat-hanh\/huy-hoang-bookstore\/","menu_order":0,"post_type":"publisher","post_mime_type":"","comment_count":"0","filter":"raw"}},"_links":{"self":[{"href":"https:\/\/sachviet.eu\/en\/wp-json\/wp\/v2\/product\/15354","targetHints":{"allow":["GET"]}}],"collection":[{"href":"https:\/\/sachviet.eu\/en\/wp-json\/wp\/v2\/product"}],"about":[{"href":"https:\/\/sachviet.eu\/en\/wp-json\/wp\/v2\/types\/product"}],"wp:featuredmedia":[{"embeddable":true,"href":"https:\/\/sachviet.eu\/en\/wp-json\/wp\/v2\/media\/15349"}],"wp:attachment":[{"href":"https:\/\/sachviet.eu\/en\/wp-json\/wp\/v2\/media?parent=15354"}],"wp:term":[{"taxonomy":"product_brand","embeddable":true,"href":"https:\/\/sachviet.eu\/en\/wp-json\/wp\/v2\/product_brand?post=15354"},{"taxonomy":"product_cat","embeddable":true,"href":"https:\/\/sachviet.eu\/en\/wp-json\/wp\/v2\/product_cat?post=15354"},{"taxonomy":"product_tag","embeddable":true,"href":"https:\/\/sachviet.eu\/en\/wp-json\/wp\/v2\/product_tag?post=15354"}],"curies":[{"name":"wp","href":"https:\/\/api.w.org\/{rel}","templated":true}]}}