{"id":15348,"date":"2021-08-04T15:11:26","date_gmt":"2021-08-04T12:11:26","guid":{"rendered":"https:\/\/sachviet.eu\/shop\/bong-toi-duoi-anh-den-bo-4-quyen\/"},"modified":"2022-03-20T17:41:07","modified_gmt":"2022-03-20T15:41:07","slug":"bong-toi-duoi-anh-den-bo-4-quyen","status":"publish","type":"product","link":"https:\/\/sachviet.eu\/en\/shop\/bong-toi-duoi-anh-den-bo-4-quyen\/","title":{"rendered":"B\u00f3ng T\u1ed1i D\u01b0\u1edbi \u00c1nh \u0110\u00e8n (B\u1ed9 4 quy\u1ec3n)"},"content":{"rendered":"<p>T\u1eeb khi c\u1ed5 thu\u1eadt xu\u1ea5t hi\u1ec7n t\u1edbi nay, b\u1ed9 t\u1ed9c v\u1eabn \u00e2m th\u1ea7m c\u1ea5t gi\u1ea5u m\u01b0\u1eddi hai th\u1ebb \u0111\u1ed3ng con gi\u00e1p. C\u00f3 m\u1ed9t truy\u1ec1n thuy\u1ebft v\u1eabn \u0111\u01b0\u1ee3c l\u01b0u truy\u1ec1n r\u1eb1ng khi nhi\u1ec1u c\u00f4 g\u00e1i trong t\u1ed9c \u0111\u01b0\u1ee3c l\u1ef1a ch\u1ecdn l\u00e0m c\u1ed5 n\u1eef, h\u1ecd nh\u1ea5t \u0111\u1ecbnh ph\u1ea3i xu\u1ed1ng n\u00fai t\u00ecm ng\u01b0\u1eddi \u1ee9ng v\u1edbi c\u1ed5, n\u1ebfu kh\u00f4ng c\u1ed5 thu\u1eadt s\u1ebd c\u1eafn ng\u01b0\u1ee3c l\u1ea1i. Khi \u0111\u00f3 c\u1ea3 t\u1ed9c g\u1eb7p h\u1ecda di\u1ec7t vong.<\/p>\n<p>S\u1ef1 vi\u1ec7c li\u00ean quan \u0111\u1ebfn an nguy c\u1ee7a t\u1ea5t c\u1ea3 m\u1ecdi ng\u01b0\u1eddi n\u00ean qu\u00e1 n\u1eeda con g\u00e1i trong t\u1ed9c \u0111\u00e3 r\u1eddi kh\u1ecfi n\u00fai, \u0111i kh\u1eafp n\u01a1i t\u00ecm ng\u01b0\u1eddi \u1ee9ng v\u1edbi m\u1ec7nh r\u1ed3ng. Tr\u01b0\u1edbc khi \u0111i, l\u00e3o c\u1ed5 n\u1eef h\u1ea1 cho m\u1ed7i ng\u01b0\u1eddi m\u1ed9t lo\u1ea1i c\u1ed5 t\u1ea7m tr\u00f9ng \u0111\u1ec3 khi h\u1ecd t\u00ecm th\u1ea5y \u0111\u00fang ng\u01b0\u1eddi c\u1ed5 s\u1ebd b\u00e1o.<\/p>\n<p>Xu\u1ea5t hi\u1ec7n r\u1ed3i.<\/p>\n<p>Xu\u1ea5t hi\u1ec7n c\u1ed5 t\u1ea7m tr\u00f9ng.<\/p>\n","protected":false},"excerpt":{"rendered":"<p>T\u1eeb khi c\u1ed5 thu\u1eadt xu\u1ea5t hi\u1ec7n t\u1edbi nay, b\u1ed9 t\u1ed9c v\u1eabn \u00e2m th\u1ea7m c\u1ea5t gi\u1ea5u m\u01b0\u1eddi hai th\u1ebb \u0111\u1ed3ng con gi\u00e1p. C\u00f3 m\u1ed9t truy\u1ec1n thuy\u1ebft v\u1eabn \u0111\u01b0\u1ee3c l\u01b0u truy\u1ec1n r\u1eb1ng khi nhi\u1ec1u c\u00f4 g\u00e1i trong t\u1ed9c \u0111\u01b0\u1ee3c l\u1ef1a ch\u1ecdn l\u00e0m c\u1ed5 n\u1eef, h\u1ecd nh\u1ea5t \u0111\u1ecbnh ph\u1ea3i xu\u1ed1ng n\u00fai t\u00ecm ng\u01b0\u1eddi \u1ee9ng v\u1edbi c\u1ed5, n\u1ebfu kh\u00f4ng c\u1ed5 thu\u1eadt s\u1ebd c\u1eafn ng\u01b0\u1ee3c l\u1ea1i. Khi \u0111\u00f3 c\u1ea3 t\u1ed9c g\u1eb7p h\u1ecda di\u1ec7t vong.<\/p>\n<p>S\u1ef1 vi\u1ec7c li\u00ean quan \u0111\u1ebfn an nguy c\u1ee7a t\u1ea5t c\u1ea3 m\u1ecdi ng\u01b0\u1eddi n\u00ean qu\u00e1 n\u1eeda con g\u00e1i trong t\u1ed9c \u0111\u00e3 r\u1eddi kh\u1ecfi n\u00fai, \u0111i kh\u1eafp n\u01a1i t\u00ecm ng\u01b0\u1eddi \u1ee9ng v\u1edbi m\u1ec7nh r\u1ed3ng. Tr\u01b0\u1edbc khi \u0111i, l\u00e3o c\u1ed5 n\u1eef h\u1ea1 cho m\u1ed7i ng\u01b0\u1eddi m\u1ed9t lo\u1ea1i c\u1ed5 t\u1ea7m tr\u00f9ng \u0111\u1ec3 khi h\u1ecd t\u00ecm th\u1ea5y \u0111\u00fang ng\u01b0\u1eddi c\u1ed5 s\u1ebd b\u00e1o.<\/p>\n<p>Xu\u1ea5t hi\u1ec7n r\u1ed3i.<\/p>\n<p>Xu\u1ea5t hi\u1ec7n c\u1ed5 t\u1ea7m tr\u00f9ng.<\/p>\n","protected":false},"featured_media":15343,"template":"","meta":{"_acf_changed":false},"product_brand":[],"product_cat":[15,72],"product_tag":[],"class_list":{"0":"post-15348","1":"product","2":"type-product","3":"status-publish","4":"has-post-thumbnail","6":"product_cat-sach-danh-cho-nguoi-lon","7":"product_cat-trinh-tham-kinh-di","9":"first","10":"outofstock","11":"taxable","12":"shipping-taxable","13":"purchasable","14":"product-type-simple"},"supplier_id":null,"supplier_sku":"","barcode":null,"atum_controlled":true,"out_stock_date":"2022-03-20 13:41:07","out_stock_threshold":null,"inheritable":false,"inbound_stock":0,"stock_on_hold":0,"sold_today":0,"sales_last_days":0,"reserved_stock":0,"customer_returns":0,"warehouse_damage":0,"lost_in_post":0,"other_logs":0,"out_stock_days":1410,"lost_sales":0,"has_location":false,"update_date":"2026-01-28T23:10:57","atum_locations":[],"atum_stock_status":"outofstock","restock_status":false,"low_stock_amount":"","sales_update_date":"2026-01-28T23:10:57","calc_backorders":null,"acf":{"publisher":{"ID":1785,"post_author":"1","post_date":"2021-02-17 01:54:46","post_date_gmt":"2021-02-16 23:54:46","post_content":"<!-- wp:flatsome\/uxbuilder -->\n<h1 style=\"text-align: center;\"><strong>AZ VIETNAM<\/strong><\/h1>\n[row]\n\n[col span=\"8\" span__sm=\"12\"]\n\n<p>Th\u00e0nh l\u1eadp n\u0103m: 2015<br \/>V\u1ed1n \u0111\u1ea7u t\u01b0: 4,000,000,000 \u0111\u1ed3ng<br \/><strong>L\u0129nh v\u1ef1c:<\/strong><br \/>- Xu\u1ea5t b\u1ea3n v\u00e0 ph\u00e1t h\u00e0nh v\u0103n h\u00f3a ph\u1ea9m<br \/>- Cung c\u1ea5p v\u0103n h\u00f3a ph\u1ea9m, c\u00e1c s\u1ea3n ph\u1ea9m cho in \u1ea5n, trang thi\u1ebft b\u1ecb cho c\u00e1c th\u01b0 vi\u1ec7n v\u00e0 trung t\u00e2m s\u00e1ch tr\u00ean c\u1ea3 n\u01b0\u1edbc.<br \/>- Th\u1eddi trang v\u00e0 c\u00e1c s\u1ea3n ph\u1ea9m li\u00ean quan \u0111\u1ebfn l\u0129nh v\u1ef1c th\u1eddi trang<br \/>- Xu\u1ea5t nh\u1eadp kh\u1ea9u c\u00e1c s\u1ea3n ph\u1ea9m v\u0103n h\u00f3a<\/p>\n<p><strong>Quy m\u00f4:<\/strong> 60 nh\u00e2n vi\u00ean<br \/>Kh\u1edfi ngu\u1ed3n c\u1ee7a AZ Vi\u1ec7t Nam ng\u00e0y nay l\u00e0 C\u00f4ng ty TNHH Trung t\u00e2m S\u00e1ch v\u00e0 Thi\u1ebft b\u1ecb Th\u01b0 vi\u1ec7n, v\u1edbi ho\u1ea1t \u0111\u1ed9ng \u0111\u1ea7u ti\u00ean l\u00e0 cung c\u1ea5p s\u00e1ch, trang thi\u1ebft b\u1ecb, v\u0103n h\u00f3a ph\u1ea9m cho c\u00e1c th\u01b0 vi\u1ec7n v\u00e0 trung t\u00e2m s\u00e1ch tr\u00ean c\u1ea3 n\u01b0\u1edbc. T\u1eeb cu\u1ed1i n\u0103m 2010 \u0111\u1ebfn nay, ch\u00fang t\u00f4i \u0111\u00e3 kh\u00f4ng ng\u1eebng n\u1ed7 l\u1ef1c khai ph\u00e1 v\u00e0 ph\u00e1t tri\u1ec3n c\u00e1c d\u00f2ng s\u1ea3n ph\u1ea9m m\u1edbi v\u1edbi 8 th\u01b0\u01a1ng hi\u1ec7u uy t\u00edn. \u0110\u1ec3 \u0111\u00e1p \u1ee9ng nhu c\u1ea7u ph\u00e1t tri\u1ec3n ng\u00e0y m\u1ed9t l\u1edbn m\u1ea1nh v\u00e0 t\u1eadp h\u1ee3p c\u00e1c th\u01b0\u01a1ng hi\u1ec7u \u0111\u00e3 \u0111\u01b0\u1ee3c ch\u00fang t\u00f4i x\u00e2y d\u1ef1ng, 2015 C\u00f4ng ty TNHH AZ Vi\u1ec7t Nam \u0111\u00e3 ra \u0111\u1eddi v\u1edbi s\u1ee9 m\u1ec7nh mang \u0111\u1ebfn nhi\u1ec1u h\u01a1n n\u1eefa nh\u1eefng gi\u00e1 tr\u1ecb tinh th\u1ea7n, tri th\u1ee9c ti\u00ean ti\u1ebfn cho ng\u01b0\u1eddi ti\u00eau d\u00f9ng b\u1eb1ng vi\u1ec7c cung c\u1ea5p nh\u1eefng s\u1ea3n ph\u1ea9m c\u00f3 ch\u1ea5t l\u01b0\u1ee3ng.<\/p>\n\n[\/col]\n[col span=\"4\" span__sm=\"12\"]\n\n[ux_image id=\"1836\" image_size=\"medium\"]\n\n\n[\/col]\n\n[\/row]\n\n<!-- \/wp:flatsome\/uxbuilder -->","post_title":"AZ Vi\u1ec7t Nam","post_excerpt":"","post_status":"publish","comment_status":"closed","ping_status":"closed","post_password":"","post_name":"az-viet-nam","to_ping":"","pinged":"","post_modified":"2021-02-17 22:07:10","post_modified_gmt":"2021-02-17 20:07:10","post_content_filtered":"","post_parent":0,"guid":"https:\/\/sachviet.eu\/nha-phat-hanh\/az-viet-nam\/","menu_order":0,"post_type":"publisher","post_mime_type":"","comment_count":"0","filter":"raw"}},"_links":{"self":[{"href":"https:\/\/sachviet.eu\/en\/wp-json\/wp\/v2\/product\/15348","targetHints":{"allow":["GET"]}}],"collection":[{"href":"https:\/\/sachviet.eu\/en\/wp-json\/wp\/v2\/product"}],"about":[{"href":"https:\/\/sachviet.eu\/en\/wp-json\/wp\/v2\/types\/product"}],"wp:featuredmedia":[{"embeddable":true,"href":"https:\/\/sachviet.eu\/en\/wp-json\/wp\/v2\/media\/15343"}],"wp:attachment":[{"href":"https:\/\/sachviet.eu\/en\/wp-json\/wp\/v2\/media?parent=15348"}],"wp:term":[{"taxonomy":"product_brand","embeddable":true,"href":"https:\/\/sachviet.eu\/en\/wp-json\/wp\/v2\/product_brand?post=15348"},{"taxonomy":"product_cat","embeddable":true,"href":"https:\/\/sachviet.eu\/en\/wp-json\/wp\/v2\/product_cat?post=15348"},{"taxonomy":"product_tag","embeddable":true,"href":"https:\/\/sachviet.eu\/en\/wp-json\/wp\/v2\/product_tag?post=15348"}],"curies":[{"name":"wp","href":"https:\/\/api.w.org\/{rel}","templated":true}]}}