{"id":15332,"date":"2021-08-04T15:05:51","date_gmt":"2021-08-04T12:05:51","guid":{"rendered":"https:\/\/sachviet.eu\/shop\/lang-nghe-tieng-nang-phan-2-boxset-tron-bo-3-tap-tang-kem-postcard-ivory\/"},"modified":"2021-09-03T01:29:24","modified_gmt":"2021-09-02T22:29:24","slug":"lang-nghe-tieng-nang-phan-2-boxset-tron-bo-3-tap-tang-kem-postcard-ivory","status":"publish","type":"product","link":"https:\/\/sachviet.eu\/en\/shop\/lang-nghe-tieng-nang-phan-2-boxset-tron-bo-3-tap-tang-kem-postcard-ivory\/","title":{"rendered":"L\u1eafng Nghe Ti\u1ebfng N\u1eafng &#8211; Ph\u1ea7n 2 (Boxset Tr\u1ecdn B\u1ed9 3 T\u1eadp) &#8211; T\u1eb7ng K\u00e8m Postcard Ivory"},"content":{"rendered":"<p>L\u1eafng Nghe Ti\u1ebfng N\u1eafng &#8211; Ph\u1ea7n 2 (Boxset Tr\u1ecdn B\u1ed9 3 T\u1eadp)<\/p>\n<p>Qu\u00e0 t\u1eb7ng B\u1ea3n th\u01b0\u1eddng:<\/p>\n<p>Tuy l\u00e0 b\u1ea3n th\u01b0\u1eddng nh\u01b0ng qu\u00e0 t\u1eb7ng kh\u00f4ng k\u00e9m ph\u1ea7n \u0111\u1eb7c bi\u1ec7t &#8211; Postcard Ivory \u2013 v\u1edbi h\u00ecnh \u1ea3nh minh h\u1ecda \u0111\u01b0\u1ee3c mua ri\u00eang l\u00e0 b\u00eca t\u1ea1p ch\u00ed xu\u1ea5t b\u1ea3n t\u1ea1i Nh\u1eadt (kh\u00f4ng xu\u1ea5t hi\u1ec7n trong s\u00e1ch g\u1ed1c). H\u00ecnh \u1ea3nh minh h\u1ecda c\u1ee7a Boxset l\u00e0 Art mua ri\u00eang c\u1ee7a phi\u00ean b\u1ea3n DVD (IPM m\u1ea5t 6 th\u00e1ng \u0111\u1ec3 \u0111\u00e0m ph\u00e1n mua nh\u1eefng art n\u00e0y).<\/p>\n","protected":false},"excerpt":{"rendered":"<p>L\u1eafng Nghe Ti\u1ebfng N\u1eafng &#8211; Ph\u1ea7n 2 (Boxset Tr\u1ecdn B\u1ed9 3 T\u1eadp)<\/p>\n<p>Qu\u00e0 t\u1eb7ng B\u1ea3n th\u01b0\u1eddng:<\/p>\n<p>Tuy l\u00e0 b\u1ea3n th\u01b0\u1eddng nh\u01b0ng qu\u00e0 t\u1eb7ng kh\u00f4ng k\u00e9m ph\u1ea7n \u0111\u1eb7c bi\u1ec7t &#8211; Postcard Ivory \u2013 v\u1edbi h\u00ecnh \u1ea3nh minh h\u1ecda \u0111\u01b0\u1ee3c mua ri\u00eang l\u00e0 b\u00eca t\u1ea1p ch\u00ed xu\u1ea5t b\u1ea3n t\u1ea1i Nh\u1eadt (kh\u00f4ng xu\u1ea5t hi\u1ec7n trong s\u00e1ch g\u1ed1c). H\u00ecnh \u1ea3nh minh h\u1ecda c\u1ee7a Boxset l\u00e0 Art mua ri\u00eang c\u1ee7a phi\u00ean b\u1ea3n DVD (IPM m\u1ea5t 6 th\u00e1ng \u0111\u1ec3 \u0111\u00e0m ph\u00e1n mua nh\u1eefng art n\u00e0y).<\/p>\n","protected":false},"featured_media":15330,"template":"","meta":{"_acf_changed":false},"product_brand":[],"product_cat":[73,29,15],"product_tag":[],"class_list":{"0":"post-15332","1":"product","2":"type-product","3":"status-publish","4":"has-post-thumbnail","6":"product_cat-dam-my-ngon-tinh","7":"product_cat-manga-comics","8":"product_cat-sach-danh-cho-nguoi-lon","10":"first","11":"outofstock","12":"taxable","13":"shipping-taxable","14":"purchasable","15":"product-type-simple"},"supplier_id":null,"supplier_sku":"","barcode":null,"atum_controlled":true,"out_stock_date":"2021-09-02 22:29:24","out_stock_threshold":null,"inheritable":false,"inbound_stock":0,"stock_on_hold":0,"sold_today":0,"sales_last_days":0,"reserved_stock":0,"customer_returns":0,"warehouse_damage":0,"lost_in_post":0,"other_logs":0,"out_stock_days":1609,"lost_sales":0,"has_location":false,"update_date":"2026-01-28T23:10:57","atum_locations":[],"atum_stock_status":"outofstock","restock_status":false,"low_stock_amount":"","sales_update_date":"2026-01-28T23:10:57","calc_backorders":null,"acf":{"publisher":{"ID":8612,"post_author":"1","post_date":"2021-04-28 14:27:30","post_date_gmt":"2021-04-28 11:27:30","post_content":"","post_title":"IPM","post_excerpt":"","post_status":"publish","comment_status":"closed","ping_status":"closed","post_password":"","post_name":"ipm","to_ping":"","pinged":"","post_modified":"2021-04-28 14:27:30","post_modified_gmt":"2021-04-28 11:27:30","post_content_filtered":"","post_parent":0,"guid":"https:\/\/sachviet.eu\/nha-phat-hanh\/ipm\/","menu_order":0,"post_type":"publisher","post_mime_type":"","comment_count":"0","filter":"raw"}},"_links":{"self":[{"href":"https:\/\/sachviet.eu\/en\/wp-json\/wp\/v2\/product\/15332","targetHints":{"allow":["GET"]}}],"collection":[{"href":"https:\/\/sachviet.eu\/en\/wp-json\/wp\/v2\/product"}],"about":[{"href":"https:\/\/sachviet.eu\/en\/wp-json\/wp\/v2\/types\/product"}],"wp:featuredmedia":[{"embeddable":true,"href":"https:\/\/sachviet.eu\/en\/wp-json\/wp\/v2\/media\/15330"}],"wp:attachment":[{"href":"https:\/\/sachviet.eu\/en\/wp-json\/wp\/v2\/media?parent=15332"}],"wp:term":[{"taxonomy":"product_brand","embeddable":true,"href":"https:\/\/sachviet.eu\/en\/wp-json\/wp\/v2\/product_brand?post=15332"},{"taxonomy":"product_cat","embeddable":true,"href":"https:\/\/sachviet.eu\/en\/wp-json\/wp\/v2\/product_cat?post=15332"},{"taxonomy":"product_tag","embeddable":true,"href":"https:\/\/sachviet.eu\/en\/wp-json\/wp\/v2\/product_tag?post=15332"}],"curies":[{"name":"wp","href":"https:\/\/api.w.org\/{rel}","templated":true}]}}