{"id":15329,"date":"2021-08-04T15:05:40","date_gmt":"2021-08-04T12:05:40","guid":{"rendered":"https:\/\/sachviet.eu\/shop\/vi-than-va-su-gia-khong-the-bay-ban-dac-biet-poster-bo-ong\/"},"modified":"2021-08-04T17:03:10","modified_gmt":"2021-08-04T14:03:10","slug":"vi-than-va-su-gia-khong-the-bay-ban-dac-biet-poster-bo-ong","status":"publish","type":"product","link":"https:\/\/sachviet.eu\/en\/shop\/vi-than-va-su-gia-khong-the-bay-ban-dac-biet-poster-bo-ong\/","title":{"rendered":"V\u1eca TH\u1ea6N V\u00c0 S\u1ee8 GI\u1ea2 KH\u00d4NG TH\u1ec2 BAY ( b\u1ea3n \u0111\u1eb7c bi\u1ec7t poster b\u1ecf \u1ed1ng)"},"content":{"rendered":"<p>V\u1ecb Th\u1ea7n V\u00e0 S\u1ee9 Gi\u1ea3 Kh\u00f4ng Th\u1ec3 Bay<\/p>\n<p>\u201cTh\u1ea7n \u2026 ng\u00e0i s\u1ebd \u1edf b\u00ean t\u00f4i ch\u1ee9?\u201d<\/p>\n<p>Tr\u00ean ng\u1ecdn n\u00fai n\u01a1i c\u00e1c v\u1ecb th\u1ea7n \u0111ang sinh s\u1ed1ng, c\u1eadu nh\u00f3c Shin l\u1edbn l\u00ean v\u00e0 \u0111\u01b0\u1ee3c d\u1ea1y d\u1ed7 \u0111\u1ec3 tr\u1edf th\u00e0nh m\u1ed9t s\u1ee9 gi\u1ea3 c\u1ee7a th\u1ea7n. C\u1eadu l\u00e0 m\u1ed9t \u0111\u1ee9a tr\u1ebb ng\u1ed7 ngh\u1ecbch v\u00e0 l\u00fac n\u00e0o c\u0169ng l\u1ee7i th\u1ee7i m\u1ed9t m\u00ecnh. R\u1ed3i m\u1ed9t ng\u00e0y n\u1ecd, c\u1eadu \u0111\u01b0\u1ee3c giao ph\u00f3 vi\u1ec7c ph\u1ee5ng s\u1ef1 m\u1ed9t v\u1ecb th\u1ea7n c\u00f3 h\u00ecnh d\u00e1ng gi\u1ed1ng h\u1ec7t m\u1ed9t c\u1ee5c b\u00f4ng kh\u1ed5ng l\u1ed3?! Tho\u1ea1t nh\u00ecn ng\u01b0\u1eddi n\u00e0y ch\u1eb3ng ra d\u00e1ng m\u1ed9t v\u1ecb th\u1ea7n oai nghi\u00eam ch\u00fat n\u00e0o, nh\u01b0ng t\u00ecnh c\u1edd ng\u00e0i \u0111\u00e3 dang tay \u0111\u1ee1 l\u1ea5y c\u1eadu kh\u1ecfi m\u1ed9t c\u00fa ng\u00e3 nguy hi\u1ec3m t\u1eeb tr\u00ean cao.<\/p>\n<p>Kho\u1ea3ng c\u00e1ch gi\u1eefa h\u1ecd \u0111ang ng\u00e0y m\u1ed9t thu h\u1eb9p, song kh\u00f4ng m\u1ed9t ai hay bi\u1ebft v\u1ec1 qu\u00e1 kh\u1ee9 \u0111\u1ea7y l\u01b0u luy\u1ebfn gi\u1eefa v\u1ecb th\u1ea7n v\u00e0 Shin. Thay v\u00ec l\u00e0 cu\u1ed9c g\u1eb7p g\u1ee1, \u0111\u00e2y l\u00e0 m\u1ed9t c\u00e2u chuy\u1ec7n v\u1ec1 cu\u1ed9c t\u00e1i ng\u1ed9 gi\u1eefa v\u1ecb th\u1ea7n \u201cc\u1ee5c b\u00f4ng\u201d c\u00f3 th\u1ec3 h\u00f3a th\u00e0nh ng\u01b0\u1eddi, v\u00e0 m\u1ed9t s\u1ee9 gi\u1ea3 n\u00f3ng t\u00ednh b\u1ed9p ch\u1ed9p nh\u01b0ng lu\u00f4n n\u1ed7 l\u1ef1c h\u1ebft m\u00ecnh trong cu\u1ed9c s\u1ed1ng.<\/p>\n","protected":false},"excerpt":{"rendered":"<p>V\u1ecb Th\u1ea7n V\u00e0 S\u1ee9 Gi\u1ea3 Kh\u00f4ng Th\u1ec3 Bay<\/p>\n<p>\u201cTh\u1ea7n \u2026 ng\u00e0i s\u1ebd \u1edf b\u00ean t\u00f4i ch\u1ee9?\u201d<\/p>\n<p>Tr\u00ean ng\u1ecdn n\u00fai n\u01a1i c\u00e1c v\u1ecb th\u1ea7n \u0111ang sinh s\u1ed1ng, c\u1eadu nh\u00f3c Shin l\u1edbn l\u00ean v\u00e0 \u0111\u01b0\u1ee3c d\u1ea1y d\u1ed7 \u0111\u1ec3 tr\u1edf th\u00e0nh m\u1ed9t s\u1ee9 gi\u1ea3 c\u1ee7a th\u1ea7n. C\u1eadu l\u00e0 m\u1ed9t \u0111\u1ee9a tr\u1ebb ng\u1ed7 ngh\u1ecbch v\u00e0 l\u00fac n\u00e0o c\u0169ng l\u1ee7i th\u1ee7i m\u1ed9t m\u00ecnh. R\u1ed3i m\u1ed9t ng\u00e0y n\u1ecd, c\u1eadu \u0111\u01b0\u1ee3c giao ph\u00f3 vi\u1ec7c ph\u1ee5ng s\u1ef1 m\u1ed9t v\u1ecb th\u1ea7n c\u00f3 h\u00ecnh d\u00e1ng gi\u1ed1ng h\u1ec7t m\u1ed9t c\u1ee5c b\u00f4ng kh\u1ed5ng l\u1ed3?! Tho\u1ea1t nh\u00ecn ng\u01b0\u1eddi n\u00e0y ch\u1eb3ng ra d\u00e1ng m\u1ed9t v\u1ecb th\u1ea7n oai nghi\u00eam ch\u00fat n\u00e0o, nh\u01b0ng t\u00ecnh c\u1edd ng\u00e0i \u0111\u00e3 dang tay \u0111\u1ee1 l\u1ea5y c\u1eadu kh\u1ecfi m\u1ed9t c\u00fa ng\u00e3 nguy hi\u1ec3m t\u1eeb tr\u00ean cao.<\/p>\n<p>Kho\u1ea3ng c\u00e1ch gi\u1eefa h\u1ecd \u0111ang ng\u00e0y m\u1ed9t thu h\u1eb9p, song kh\u00f4ng m\u1ed9t ai hay bi\u1ebft v\u1ec1 qu\u00e1 kh\u1ee9 \u0111\u1ea7y l\u01b0u luy\u1ebfn gi\u1eefa v\u1ecb th\u1ea7n v\u00e0 Shin. Thay v\u00ec l\u00e0 cu\u1ed9c g\u1eb7p g\u1ee1, \u0111\u00e2y l\u00e0 m\u1ed9t c\u00e2u chuy\u1ec7n v\u1ec1 cu\u1ed9c t\u00e1i ng\u1ed9 gi\u1eefa v\u1ecb th\u1ea7n \u201cc\u1ee5c b\u00f4ng\u201d c\u00f3 th\u1ec3 h\u00f3a th\u00e0nh ng\u01b0\u1eddi, v\u00e0 m\u1ed9t s\u1ee9 gi\u1ea3 n\u00f3ng t\u00ednh b\u1ed9p ch\u1ed9p nh\u01b0ng lu\u00f4n n\u1ed7 l\u1ef1c h\u1ebft m\u00ecnh trong cu\u1ed9c s\u1ed1ng.<\/p>\n","protected":false},"featured_media":15327,"template":"","meta":{"_acf_changed":false},"product_brand":[],"product_cat":[73,15],"product_tag":[],"class_list":{"0":"post-15329","1":"product","2":"type-product","3":"status-publish","4":"has-post-thumbnail","6":"product_cat-dam-my-ngon-tinh","7":"product_cat-sach-danh-cho-nguoi-lon","9":"first","10":"outofstock","11":"taxable","12":"shipping-taxable","13":"purchasable","14":"product-type-simple"},"supplier_id":null,"supplier_sku":"","barcode":null,"atum_controlled":true,"out_stock_date":"2021-08-04 14:03:10","out_stock_threshold":null,"inheritable":false,"inbound_stock":0,"stock_on_hold":0,"sold_today":0,"sales_last_days":0,"reserved_stock":0,"customer_returns":0,"warehouse_damage":0,"lost_in_post":0,"other_logs":0,"out_stock_days":1638,"lost_sales":0,"has_location":false,"update_date":"2026-01-28T23:10:57","atum_locations":[],"atum_stock_status":"outofstock","restock_status":false,"low_stock_amount":"","sales_update_date":"2026-01-28T23:10:57","calc_backorders":null,"acf":{"publisher":{"ID":15326,"post_author":"1","post_date":"2021-08-04 15:05:34","post_date_gmt":"2021-08-04 12:05:34","post_content":"","post_title":"Amak","post_excerpt":"","post_status":"publish","comment_status":"closed","ping_status":"closed","post_password":"","post_name":"amak","to_ping":"","pinged":"","post_modified":"2021-08-04 15:05:34","post_modified_gmt":"2021-08-04 12:05:34","post_content_filtered":"","post_parent":0,"guid":"https:\/\/sachviet.eu\/nha-phat-hanh\/amak\/","menu_order":0,"post_type":"publisher","post_mime_type":"","comment_count":"0","filter":"raw"}},"_links":{"self":[{"href":"https:\/\/sachviet.eu\/en\/wp-json\/wp\/v2\/product\/15329","targetHints":{"allow":["GET"]}}],"collection":[{"href":"https:\/\/sachviet.eu\/en\/wp-json\/wp\/v2\/product"}],"about":[{"href":"https:\/\/sachviet.eu\/en\/wp-json\/wp\/v2\/types\/product"}],"wp:featuredmedia":[{"embeddable":true,"href":"https:\/\/sachviet.eu\/en\/wp-json\/wp\/v2\/media\/15327"}],"wp:attachment":[{"href":"https:\/\/sachviet.eu\/en\/wp-json\/wp\/v2\/media?parent=15329"}],"wp:term":[{"taxonomy":"product_brand","embeddable":true,"href":"https:\/\/sachviet.eu\/en\/wp-json\/wp\/v2\/product_brand?post=15329"},{"taxonomy":"product_cat","embeddable":true,"href":"https:\/\/sachviet.eu\/en\/wp-json\/wp\/v2\/product_cat?post=15329"},{"taxonomy":"product_tag","embeddable":true,"href":"https:\/\/sachviet.eu\/en\/wp-json\/wp\/v2\/product_tag?post=15329"}],"curies":[{"name":"wp","href":"https:\/\/api.w.org\/{rel}","templated":true}]}}