{"id":15325,"date":"2021-08-04T15:05:30","date_gmt":"2021-08-04T12:05:30","guid":{"rendered":"https:\/\/sachviet.eu\/shop\/cach-de-dat-1-trieu-follow-chi-trong-30-ngay\/"},"modified":"2021-08-08T21:20:18","modified_gmt":"2021-08-08T18:20:18","slug":"cach-de-dat-1-trieu-follow-chi-trong-30-ngay","status":"publish","type":"product","link":"https:\/\/sachviet.eu\/en\/shop\/cach-de-dat-1-trieu-follow-chi-trong-30-ngay\/","title":{"rendered":"C\u00e1ch \u0110\u1ec3 \u0110\u1ea1t 1 Tri\u1ec7u Follow Ch\u1ec9 Trong 30 Ng\u00e0y"},"content":{"rendered":"<p>Trong 10 n\u0103m g\u1ea7n \u0111\u00e2y, c\u00e1c m\u1ea1ng x\u00e3 h\u1ed9i ph\u1ed5 bi\u1ebfn h\u01a1n tr\u00ean kh\u1eafp th\u1ebf gi\u1edbi, kh\u00f4ng ch\u1ec9 tr\u1edf th\u00e0nh m\u1ed9t ph\u1ea7n kh\u00f4ng th\u1ebf thi\u1ebfu trong cu\u1ed9c s\u1ed1ng, th\u00f3i quen h\u1eb1ng ng\u00e0y c\u1ee7a nhi\u1ec1u ng\u01b0\u1eddi m\u00e0 c\u00f2n l\u00e0 m\u1ed9t y\u1ebfu t\u1ed1 quan tr\u1ecdng trong n\u1ec1n kinh t\u1ebf hi\u1ec7n t\u1ea1i. L\u00e0m sao \u0111\u1ec3 b\u1ea1n c\u00f3 th\u1ec3 chinh ph\u1ee5c kh\u00e1n gi\u1ea3 th\u1eddi k\u1ef3 c\u00f4ng ngh\u1ec7 s\u1ed1 4.0 n\u00e0y, \u0111\u01a1n gi\u1ea3n l\u00e0 b\u1ea1n c\u1ea7n bi\u1ebft n\u1eafm b\u1eaft xu h\u01b0\u1edbng, n\u1eafm b\u1eaft c\u01a1 h\u1ed9i v\u00e0 t\u1eadn d\u1ee5ng s\u1ee9c m\u1ea1nh c\u1ee7a c\u00f4ng ngh\u1ec7. N\u1ebfu b\u1ea1n \u0111ang t\u00ecm ki\u1ebfm nh\u1eefng c\u00e1ch th\u1ee9c, chi\u1ebfn l\u1ef1c gi\u00fap b\u1ea1n t\u1ea1o n\u00ean t\u1ea7m \u1ea3nh h\u01b0\u1edfng x\u00e3 h\u1ed9i, l\u1ee3i \u00edch x\u00e3 h\u1ed9i hay l\u1ee3i nhu\u1eadn kinh t\u1ebf, marketing, gi\u1edbi thi\u1ec7u s\u1ea3n ph\u1ea9m m\u1edbi, qu\u1ea3ng b\u00e1 th\u01b0\u01a1ng hi\u1ec7u\u2026t\u1eeb vi\u1ec7c s\u1eed d\u1ee5ng m\u1ea1ng x\u00e3 h\u1ed9i th\u00ec cu\u1ed1n s\u00e1ch s\u1ebd ch\u1ec9 d\u1eabn b\u1ea1n c\u1eb7n k\u1ebd qua t\u1eebng trang, gi\u00fap b\u1ea1n \u0111\u1ea1t \u0111\u01b0\u1ee3c c\u00e1c m\u1ee5c ti\u00eau c\u1ee7a ri\u00eang m\u00ecnh.<br \/>\nC\u00f3 th\u1ec3 n\u00f3i, \u0111\u00e2y l\u00e0 cu\u1ed1n s\u00e1ch \u0111\u1ea7u ti\u00ean t\u1ea1i Vi\u1ec7t Nam h\u01b0\u1edbng d\u1eabn ng\u01b0\u1eddi \u0111\u1ecdc c\u00e1c c\u00e1ch b\u00e0i b\u1ea3n \u0111\u1ec3 x\u00e2y d\u1ef1ng v\u00e0 gia t\u0103ng s\u1ed1 l\u01b0\u1ee3ng ng\u01b0\u1eddi follow tr\u00ean m\u1ea1ng x\u00e3 h\u1ed9i. Cu\u1ed1n s\u00e1ch h\u01b0\u1edbng d\u1eabn chi ti\u1ebft c\u00e1ch t\u1eadn d\u1ee5ng nh\u1eefng n\u1ec1n t\u1ea3ng truy\u1ec1n th\u00f4ng x\u00e3 h\u1ed9i nh\u01b0 Facebook, Instagram, Youtube, Linkedin\u2026\u0111\u1ec3 t\u1ea1o ra \u1ea3nh h\u01b0\u1edfng, tr\u1edf th\u00e0nh ng\u01b0\u1eddi c\u1ee7a c\u00f4ng ch\u00fang v\u00e0 n\u1eafm trong tay quy\u1ec1n l\u1ef1c. Nh\u1eefng b\u00ed quy\u1ebft m\u00e0 t\u00e1c gi\u1ea3 Brendan Kane chia s\u1ebb trong cu\u1ed1n s\u00e1ch n\u00e0y tuy nh\u1ecf m\u00e0 c\u00f3 v\u00f5, \u0111\u1ecdc c\u00e1i hi\u1ec3u ngay nh\u01b0ng nhi\u1ec1u khi ta kh\u00f4ng nh\u1eadn ra.<br \/>\nHi v\u1ecdng cu\u1ed1n s\u00e1ch C\u00e1ch \u0110\u1ec3 \u0110\u1ea1t 1 Tri\u1ec7u Follow Ch\u1ec9 Trong 30 Ng\u00e0y s\u1ebd gi\u00fap b\u1ea1n ki\u1ec3m so\u00e1t \u0111\u01b0\u1ee3c m\u1ed9t b\u1ee9c tranh to\u00e0n c\u1ea3nh \u0111ang kh\u00f4ng ng\u1eebng thay \u0111\u1ed5i. Ng\u01b0\u1eddi bi\u1ebft t\u1ea1o ra v\u00e0 n\u1eafm gi\u1eef quy\u1ec1n l\u1ef1c l\u00e0 ng\u01b0\u1eddi hi\u1ec3u \u0111\u01b0\u1ee3c s\u1ee9c m\u1ea1nh c\u1ee7a m\u1ea1ng x\u00e3 h\u1ed9i v\u00e0 cu\u1ed1n s\u00e1ch n\u00e0y s\u1ebd gi\u00fap b\u1ea1n l\u00e0m \u0111\u01b0\u1ee3c \u0111i\u1ec1u \u0111\u00f3. Tuy l\u00e0 m\u1ed9t cu\u1ed1n s\u00e1ch r\u1ea5t TH\u1ef0C D\u1ee4NG v\u1ec1 marketing s\u1ed1, nh\u01b0ng cu\u1ed1n s\u00e1ch C\u00e1ch \u0110\u1ec3 \u0110\u1ea1t 1 Tri\u1ec7u Follow Ch\u1ec9 Trong 30 Ng\u00e0y v\u1eabn kh\u00f4ng qu\u00ean nh\u1eafc b\u1ea1n nh\u1eefng v\u1ea5n \u0111\u1ec1 tri\u1ebft l\u00fd. \u0110\u00f3 l\u00e0 suy cho c\u00f9ng, c\u00f3 nhi\u1ec1u ng\u01b0\u1eddi theo d\u00f5i \u0111\u1ec3 l\u00e0m g\u00ec? C\u00f3 quy\u1ec1n l\u1ef1c \u0111\u1ec3 l\u00e0m g\u00ec? \u0110\u1ec3 c\u1ea3i bi\u1ebfn th\u1ebf gi\u1edbi, thay v\u00ec than th\u1edf, ng\u01b0\u1eddi tr\u1ebb \u1ea1!<\/p>\n","protected":false},"excerpt":{"rendered":"<p>Trong 10 n\u0103m g\u1ea7n \u0111\u00e2y, c\u00e1c m\u1ea1ng x\u00e3 h\u1ed9i ph\u1ed5 bi\u1ebfn h\u01a1n tr\u00ean kh\u1eafp th\u1ebf gi\u1edbi, kh\u00f4ng ch\u1ec9 tr\u1edf th\u00e0nh m\u1ed9t ph\u1ea7n kh\u00f4ng th\u1ebf thi\u1ebfu trong cu\u1ed9c s\u1ed1ng, th\u00f3i quen h\u1eb1ng ng\u00e0y c\u1ee7a nhi\u1ec1u ng\u01b0\u1eddi m\u00e0 c\u00f2n l\u00e0 m\u1ed9t y\u1ebfu t\u1ed1 quan tr\u1ecdng trong n\u1ec1n kinh t\u1ebf hi\u1ec7n t\u1ea1i. L\u00e0m sao \u0111\u1ec3 b\u1ea1n c\u00f3 th\u1ec3 chinh ph\u1ee5c kh\u00e1n gi\u1ea3 th\u1eddi k\u1ef3 c\u00f4ng ngh\u1ec7 s\u1ed1 4.0 n\u00e0y, \u0111\u01a1n gi\u1ea3n l\u00e0 b\u1ea1n c\u1ea7n bi\u1ebft n\u1eafm b\u1eaft xu h\u01b0\u1edbng, n\u1eafm b\u1eaft c\u01a1 h\u1ed9i v\u00e0 t\u1eadn d\u1ee5ng s\u1ee9c m\u1ea1nh c\u1ee7a c\u00f4ng ngh\u1ec7. N\u1ebfu b\u1ea1n \u0111ang t\u00ecm ki\u1ebfm nh\u1eefng c\u00e1ch th\u1ee9c, chi\u1ebfn l\u1ef1c gi\u00fap b\u1ea1n t\u1ea1o n\u00ean t\u1ea7m \u1ea3nh h\u01b0\u1edfng x\u00e3 h\u1ed9i, l\u1ee3i \u00edch x\u00e3 h\u1ed9i hay l\u1ee3i nhu\u1eadn kinh t\u1ebf, marketing, gi\u1edbi thi\u1ec7u s\u1ea3n ph\u1ea9m m\u1edbi, qu\u1ea3ng b\u00e1 th\u01b0\u01a1ng hi\u1ec7u\u2026t\u1eeb vi\u1ec7c s\u1eed d\u1ee5ng m\u1ea1ng x\u00e3 h\u1ed9i th\u00ec cu\u1ed1n s\u00e1ch s\u1ebd ch\u1ec9 d\u1eabn b\u1ea1n c\u1eb7n k\u1ebd qua t\u1eebng trang, gi\u00fap b\u1ea1n \u0111\u1ea1t \u0111\u01b0\u1ee3c c\u00e1c m\u1ee5c ti\u00eau c\u1ee7a ri\u00eang m\u00ecnh.<\/p>\n<p>C\u00f3 th\u1ec3 n\u00f3i, \u0111\u00e2y l\u00e0 cu\u1ed1n s\u00e1ch \u0111\u1ea7u ti\u00ean t\u1ea1i Vi\u1ec7t Nam h\u01b0\u1edbng d\u1eabn ng\u01b0\u1eddi \u0111\u1ecdc c\u00e1c c\u00e1ch b\u00e0i b\u1ea3n \u0111\u1ec3 x\u00e2y d\u1ef1ng v\u00e0 gia t\u0103ng s\u1ed1 l\u01b0\u1ee3ng ng\u01b0\u1eddi follow tr\u00ean m\u1ea1ng x\u00e3 h\u1ed9i. Cu\u1ed1n s\u00e1ch h\u01b0\u1edbng d\u1eabn chi ti\u1ebft c\u00e1ch t\u1eadn d\u1ee5ng nh\u1eefng n\u1ec1n t\u1ea3ng truy\u1ec1n th\u00f4ng x\u00e3 h\u1ed9i nh\u01b0 Facebook, Instagram, Youtube, Linkedin\u2026\u0111\u1ec3 t\u1ea1o ra \u1ea3nh h\u01b0\u1edfng, tr\u1edf th\u00e0nh ng\u01b0\u1eddi c\u1ee7a c\u00f4ng ch\u00fang v\u00e0 n\u1eafm trong tay quy\u1ec1n l\u1ef1c. Nh\u1eefng b\u00ed quy\u1ebft m\u00e0 t\u00e1c gi\u1ea3 Brendan Kane chia s\u1ebb trong cu\u1ed1n s\u00e1ch n\u00e0y tuy nh\u1ecf m\u00e0 c\u00f3 v\u00f5, \u0111\u1ecdc c\u00e1i hi\u1ec3u ngay nh\u01b0ng nhi\u1ec1u khi ta kh\u00f4ng nh\u1eadn ra.<\/p>\n<p>Hi v\u1ecdng cu\u1ed1n s\u00e1ch C\u00e1ch \u0110\u1ec3 \u0110\u1ea1t 1 Tri\u1ec7u Follow Ch\u1ec9 Trong 30 Ng\u00e0y s\u1ebd gi\u00fap b\u1ea1n ki\u1ec3m so\u00e1t \u0111\u01b0\u1ee3c m\u1ed9t b\u1ee9c tranh to\u00e0n c\u1ea3nh \u0111ang kh\u00f4ng ng\u1eebng thay \u0111\u1ed5i. Ng\u01b0\u1eddi bi\u1ebft t\u1ea1o ra v\u00e0 n\u1eafm gi\u1eef quy\u1ec1n l\u1ef1c l\u00e0 ng\u01b0\u1eddi hi\u1ec3u \u0111\u01b0\u1ee3c s\u1ee9c m\u1ea1nh c\u1ee7a m\u1ea1ng x\u00e3 h\u1ed9i v\u00e0 cu\u1ed1n s\u00e1ch n\u00e0y s\u1ebd gi\u00fap b\u1ea1n l\u00e0m \u0111\u01b0\u1ee3c \u0111i\u1ec1u \u0111\u00f3. Tuy l\u00e0 m\u1ed9t cu\u1ed1n s\u00e1ch r\u1ea5t TH\u1ef0C D\u1ee4NG v\u1ec1 marketing s\u1ed1, nh\u01b0ng cu\u1ed1n s\u00e1ch C\u00e1ch \u0110\u1ec3 \u0110\u1ea1t 1 Tri\u1ec7u Follow Ch\u1ec9 Trong 30 Ng\u00e0y v\u1eabn kh\u00f4ng qu\u00ean nh\u1eafc b\u1ea1n nh\u1eefng v\u1ea5n \u0111\u1ec1 tri\u1ebft l\u00fd. \u0110\u00f3 l\u00e0 suy cho c\u00f9ng, c\u00f3 nhi\u1ec1u ng\u01b0\u1eddi theo d\u00f5i \u0111\u1ec3 l\u00e0m g\u00ec? C\u00f3 quy\u1ec1n l\u1ef1c \u0111\u1ec3 l\u00e0m g\u00ec? \u0110\u1ec3 c\u1ea3i bi\u1ebfn th\u1ebf gi\u1edbi, thay v\u00ec than th\u1edf, ng\u01b0\u1eddi tr\u1ebb \u1ea1!<\/p>\n","protected":false},"featured_media":15324,"template":"","meta":{"_acf_changed":false},"product_brand":[],"product_cat":[18],"product_tag":[],"class_list":{"0":"post-15325","1":"product","2":"type-product","3":"status-publish","4":"has-post-thumbnail","6":"product_cat-kinh-te","8":"first","9":"outofstock","10":"taxable","11":"shipping-taxable","12":"purchasable","13":"product-type-simple"},"supplier_id":null,"supplier_sku":"","barcode":null,"atum_controlled":true,"out_stock_date":"2021-08-08 18:20:19","out_stock_threshold":null,"inheritable":false,"inbound_stock":0,"stock_on_hold":0,"sold_today":0,"sales_last_days":0,"reserved_stock":0,"customer_returns":0,"warehouse_damage":0,"lost_in_post":0,"other_logs":0,"out_stock_days":1634,"lost_sales":2798,"has_location":false,"update_date":"2026-01-28T23:10:57","atum_locations":[],"atum_stock_status":"outofstock","restock_status":false,"low_stock_amount":"","sales_update_date":"2026-01-28T23:10:57","calc_backorders":null,"acf":{"publisher":{"ID":15323,"post_author":"1","post_date":"2021-08-04 15:05:28","post_date_gmt":"2021-08-04 12:05:28","post_content":"","post_title":"BIZBOOKS","post_excerpt":"","post_status":"publish","comment_status":"closed","ping_status":"closed","post_password":"","post_name":"bizbooks","to_ping":"","pinged":"","post_modified":"2021-08-04 15:05:28","post_modified_gmt":"2021-08-04 12:05:28","post_content_filtered":"","post_parent":0,"guid":"https:\/\/sachviet.eu\/nha-phat-hanh\/bizbooks\/","menu_order":0,"post_type":"publisher","post_mime_type":"","comment_count":"0","filter":"raw"}},"_links":{"self":[{"href":"https:\/\/sachviet.eu\/en\/wp-json\/wp\/v2\/product\/15325","targetHints":{"allow":["GET"]}}],"collection":[{"href":"https:\/\/sachviet.eu\/en\/wp-json\/wp\/v2\/product"}],"about":[{"href":"https:\/\/sachviet.eu\/en\/wp-json\/wp\/v2\/types\/product"}],"wp:featuredmedia":[{"embeddable":true,"href":"https:\/\/sachviet.eu\/en\/wp-json\/wp\/v2\/media\/15324"}],"wp:attachment":[{"href":"https:\/\/sachviet.eu\/en\/wp-json\/wp\/v2\/media?parent=15325"}],"wp:term":[{"taxonomy":"product_brand","embeddable":true,"href":"https:\/\/sachviet.eu\/en\/wp-json\/wp\/v2\/product_brand?post=15325"},{"taxonomy":"product_cat","embeddable":true,"href":"https:\/\/sachviet.eu\/en\/wp-json\/wp\/v2\/product_cat?post=15325"},{"taxonomy":"product_tag","embeddable":true,"href":"https:\/\/sachviet.eu\/en\/wp-json\/wp\/v2\/product_tag?post=15325"}],"curies":[{"name":"wp","href":"https:\/\/api.w.org\/{rel}","templated":true}]}}