{"id":15322,"date":"2021-08-04T15:05:25","date_gmt":"2021-08-04T12:05:25","guid":{"rendered":"https:\/\/sachviet.eu\/shop\/gia-trong-chien-luoc-kinh-doanh\/"},"modified":"2021-08-08T21:20:18","modified_gmt":"2021-08-08T18:20:18","slug":"gia-trong-chien-luoc-kinh-doanh","status":"publish","type":"product","link":"https:\/\/sachviet.eu\/en\/shop\/gia-trong-chien-luoc-kinh-doanh\/","title":{"rendered":"Gi\u00e1 Trong Chi\u1ebfn L\u01b0\u1ee3c Kinh Doanh"},"content":{"rendered":"<p>Khi \u0111i mua s\u1eafm, y\u1ebfu t\u1ed1 n\u00e0o c\u1ee7a s\u1ea3n ph\u1ea9m khi\u1ebfn b\u1ea1n quy\u1ebft \u0111\u1ecbnh mua n\u00f3 ngay l\u1eadp t\u1ee9c? Gi\u00e1 tr\u1ecb, thi\u1ebft k\u1ebf hay gi\u00e1 th\u00e0nh c\u1ee7a s\u1ea3n ph\u1ea9m \u0111\u00f3? Hay b\u1edfi nh\u1eefng l\u1eddi ch\u00e0o m\u1eddi c\u00f3 c\u00e1nh nh\u01b0: \u201cGi\u1ea3m gi\u00e1 to\u00e0n b\u1ed9 s\u1ea3n ph\u1ea9m\u201d, \u201cGi\u1ea3m gi\u00e1 50% khi mua s\u1ea3n ph\u1ea9m th\u1ee9 2\u201d, hay \u201cGi\u1ea3m 50% cho kh\u00e1ch h\u00e0ng \u0111\u1eb7t tr\u01b0\u1edbc m\u1ed9t th\u00e1ng\u201d. Ch\u00fang ta, \u1edf v\u1ecb tr\u00ed c\u1ee7a m\u1ed9t ng\u01b0\u1eddi t\u00eau d\u00f9ng, \u0111\u01b0\u01a1ng nhi\u00ean s\u1ebd r\u1ea5t vui s\u01b0\u1edbng khi mua \u0111\u01b0\u1ee3c m\u00f3n \u0111\u1ed3 t\u1ed1t m\u00e0 gi\u00e1 l\u1ea1i r\u1ebb. V\u1eady c\u00f2n ph\u00eda c\u1eeda h\u00e0ng th\u00ec sao? \u0110\u00e3 bao gi\u1edd b\u1ea1n ngh\u0129 r\u1eb1ng:<\/p>\n<p>\u201cB\u00e1n r\u1ebb nh\u01b0 th\u1ebf th\u00ec ng\u01b0\u1eddi ta l\u1ea5y l\u00e3i \u1edf \u0111\u00e2u?\u201d ch\u01b0a? C\u0169ng c\u00f3 ng\u01b0\u1eddi l\u1ea1i ngh\u0129 nh\u01b0 sau: \u201cTh\u00f4i th\u00ec \u0111\u1eaft m\u1ed9t ch\u00fat, mi\u1ec5n l\u00e0 mua \u0111\u01b0\u1ee3c th\u1ee9 m\u00e0 m\u00ecnh mu\u1ed1n\u201d. Ch\u00fang ta c\u00f9ng th\u1eed suy ngh\u0129 m\u1ed9t ch\u00fat v\u1ec1 gi\u00e1 c\u1ea3 nh\u01b0 th\u1ebf n\u00e0y. M\u1ed9t h\u1ed9p s\u1eefa chua \u1edf si\u00eau th\u1ecb c\u00f3 gi\u00e1 l\u00e0 100 y\u00ean, nh\u01b0ng \u1edf c\u1eeda h\u00e0ng t\u1ec7n l\u1ee3i, gi\u00e1 c\u1ee7a m\u1ed9t h\u1ed9p s\u1eefa chua c\u00f9ng lo\u1ea1i l\u1ea1i l\u00e0 150 y\u00ean.<\/p>\n<p>T\u01b0\u01a1ng t\u1ef1 nh\u01b0 v\u1eady, \u1edf m\u00e1y b\u00e1n n\u01b0\u1edbc t\u1ef1 \u0111\u1ed9ng, m\u1ed9t chai tr\u00e0 xanh c\u00f3 gi\u00e1 t\u1eeb 120 &#8211; 130 y\u00ean nh\u01b0ng khi \u0111\u01b0\u1ee3c b\u00e0y b\u00e1n \u1edf c\u00e1c c\u1eeda h\u00e0ng v\u00f9ng n\u00fai, gi\u00e1 c\u1ee7a n\u00f3 l\u00ean \u0111\u1ebfn 200 y\u00ean. Th\u1ef1c t\u1ebf l\u00e0, \u0111\u1eb1ng sau s\u1ef1 kh\u00e1c bi\u1ec7t v\u1ec1 gi\u00e1 c\u1ea3 l\u00e0 chi\u1ebfn l\u01b0\u1ee3c c\u1ee7a ng\u01b0\u1eddi kinh doanh. Ng\u01b0\u1ee3c l\u1ea1i, n\u1ebfu nh\u01b0 tinh \u00fd, ch\u00fang ta c\u0169ng c\u00f3 th\u1ec3 nh\u1eadn ra \u0111\u01b0\u1ee3c chi\u1ebfn l\u01b0\u1ee3c c\u1ee7a ng\u01b0\u1eddi kinh doanh khi nh\u00ecn v\u00e0o gi\u00e1 c\u1ea3 c\u1ee7a s\u1ea3n ph\u1ea9m.<\/p>\n","protected":false},"excerpt":{"rendered":"<p>Khi \u0111i mua s\u1eafm, y\u1ebfu t\u1ed1 n\u00e0o c\u1ee7a s\u1ea3n ph\u1ea9m khi\u1ebfn b\u1ea1n quy\u1ebft \u0111\u1ecbnh mua n\u00f3 ngay l\u1eadp t\u1ee9c? Gi\u00e1 tr\u1ecb, thi\u1ebft k\u1ebf hay gi\u00e1 th\u00e0nh c\u1ee7a s\u1ea3n ph\u1ea9m \u0111\u00f3? Hay b\u1edfi nh\u1eefng l\u1eddi ch\u00e0o m\u1eddi c\u00f3 c\u00e1nh nh\u01b0: \u201cGi\u1ea3m gi\u00e1 to\u00e0n b\u1ed9 s\u1ea3n ph\u1ea9m\u201d, \u201cGi\u1ea3m gi\u00e1 50% khi mua s\u1ea3n ph\u1ea9m th\u1ee9 2\u201d, hay \u201cGi\u1ea3m 50% cho kh\u00e1ch h\u00e0ng \u0111\u1eb7t tr\u01b0\u1edbc m\u1ed9t th\u00e1ng\u201d. Ch\u00fang ta, \u1edf v\u1ecb tr\u00ed c\u1ee7a m\u1ed9t ng\u01b0\u1eddi t\u00eau d\u00f9ng, \u0111\u01b0\u01a1ng nhi\u00ean s\u1ebd r\u1ea5t vui s\u01b0\u1edbng khi mua \u0111\u01b0\u1ee3c m\u00f3n \u0111\u1ed3 t\u1ed1t m\u00e0 gi\u00e1 l\u1ea1i r\u1ebb. V\u1eady c\u00f2n ph\u00eda c\u1eeda h\u00e0ng th\u00ec sao? \u0110\u00e3 bao gi\u1edd b\u1ea1n ngh\u0129 r\u1eb1ng:<\/p>\n<p>\u201cB\u00e1n r\u1ebb nh\u01b0 th\u1ebf th\u00ec ng\u01b0\u1eddi ta l\u1ea5y l\u00e3i \u1edf \u0111\u00e2u?\u201d ch\u01b0a? C\u0169ng c\u00f3 ng\u01b0\u1eddi l\u1ea1i ngh\u0129 nh\u01b0 sau: \u201cTh\u00f4i th\u00ec \u0111\u1eaft m\u1ed9t ch\u00fat, mi\u1ec5n l\u00e0 mua \u0111\u01b0\u1ee3c th\u1ee9 m\u00e0 m\u00ecnh mu\u1ed1n\u201d. Ch\u00fang ta c\u00f9ng th\u1eed suy ngh\u0129 m\u1ed9t ch\u00fat v\u1ec1 gi\u00e1 c\u1ea3 nh\u01b0 th\u1ebf n\u00e0y. M\u1ed9t h\u1ed9p s\u1eefa chua \u1edf si\u00eau th\u1ecb c\u00f3 gi\u00e1 l\u00e0 100 y\u00ean, nh\u01b0ng \u1edf c\u1eeda h\u00e0ng t\u1ec7n l\u1ee3i, gi\u00e1 c\u1ee7a m\u1ed9t h\u1ed9p s\u1eefa chua c\u00f9ng lo\u1ea1i l\u1ea1i l\u00e0 150 y\u00ean.<\/p>\n<p>T\u01b0\u01a1ng t\u1ef1 nh\u01b0 v\u1eady, \u1edf m\u00e1y b\u00e1n n\u01b0\u1edbc t\u1ef1 \u0111\u1ed9ng, m\u1ed9t chai tr\u00e0 xanh c\u00f3 gi\u00e1 t\u1eeb 120 &#8211; 130 y\u00ean nh\u01b0ng khi \u0111\u01b0\u1ee3c b\u00e0y b\u00e1n \u1edf c\u00e1c c\u1eeda h\u00e0ng v\u00f9ng n\u00fai, gi\u00e1 c\u1ee7a n\u00f3 l\u00ean \u0111\u1ebfn 200 y\u00ean. Th\u1ef1c t\u1ebf l\u00e0, \u0111\u1eb1ng sau s\u1ef1 kh\u00e1c bi\u1ec7t v\u1ec1 gi\u00e1 c\u1ea3 l\u00e0 chi\u1ebfn l\u01b0\u1ee3c c\u1ee7a ng\u01b0\u1eddi kinh doanh. Ng\u01b0\u1ee3c l\u1ea1i, n\u1ebfu nh\u01b0 tinh \u00fd, ch\u00fang ta c\u0169ng c\u00f3 th\u1ec3 nh\u1eadn ra \u0111\u01b0\u1ee3c chi\u1ebfn l\u01b0\u1ee3c c\u1ee7a ng\u01b0\u1eddi kinh doanh khi nh\u00ecn v\u00e0o gi\u00e1 c\u1ea3 c\u1ee7a s\u1ea3n ph\u1ea9m.<\/p>\n","protected":false},"featured_media":15321,"template":"","meta":{"_acf_changed":false},"product_brand":[],"product_cat":[18],"product_tag":[],"class_list":{"0":"post-15322","1":"product","2":"type-product","3":"status-publish","4":"has-post-thumbnail","6":"product_cat-kinh-te","8":"first","9":"outofstock","10":"taxable","11":"shipping-taxable","12":"purchasable","13":"product-type-simple"},"supplier_id":null,"supplier_sku":"","barcode":null,"atum_controlled":true,"out_stock_date":"2021-08-08 18:20:18","out_stock_threshold":null,"inheritable":false,"inbound_stock":0,"stock_on_hold":0,"sold_today":0,"sales_last_days":0,"reserved_stock":0,"customer_returns":0,"warehouse_damage":0,"lost_in_post":0,"other_logs":0,"out_stock_days":1634,"lost_sales":0,"has_location":false,"update_date":"2026-01-28T23:10:57","atum_locations":[],"atum_stock_status":"outofstock","restock_status":false,"low_stock_amount":"","sales_update_date":"2026-01-28T23:10:57","calc_backorders":null,"acf":{"publisher":{"ID":9667,"post_author":"1","post_date":"2021-06-02 01:30:53","post_date_gmt":"2021-06-01 22:30:53","post_content":"","post_title":"Minh Long","post_excerpt":"","post_status":"publish","comment_status":"closed","ping_status":"closed","post_password":"","post_name":"minh-long","to_ping":"","pinged":"","post_modified":"2021-06-02 01:30:53","post_modified_gmt":"2021-06-01 22:30:53","post_content_filtered":"","post_parent":0,"guid":"https:\/\/sachviet.eu\/nha-phat-hanh\/minh-long\/","menu_order":0,"post_type":"publisher","post_mime_type":"","comment_count":"0","filter":"raw"}},"_links":{"self":[{"href":"https:\/\/sachviet.eu\/en\/wp-json\/wp\/v2\/product\/15322","targetHints":{"allow":["GET"]}}],"collection":[{"href":"https:\/\/sachviet.eu\/en\/wp-json\/wp\/v2\/product"}],"about":[{"href":"https:\/\/sachviet.eu\/en\/wp-json\/wp\/v2\/types\/product"}],"wp:featuredmedia":[{"embeddable":true,"href":"https:\/\/sachviet.eu\/en\/wp-json\/wp\/v2\/media\/15321"}],"wp:attachment":[{"href":"https:\/\/sachviet.eu\/en\/wp-json\/wp\/v2\/media?parent=15322"}],"wp:term":[{"taxonomy":"product_brand","embeddable":true,"href":"https:\/\/sachviet.eu\/en\/wp-json\/wp\/v2\/product_brand?post=15322"},{"taxonomy":"product_cat","embeddable":true,"href":"https:\/\/sachviet.eu\/en\/wp-json\/wp\/v2\/product_cat?post=15322"},{"taxonomy":"product_tag","embeddable":true,"href":"https:\/\/sachviet.eu\/en\/wp-json\/wp\/v2\/product_tag?post=15322"}],"curies":[{"name":"wp","href":"https:\/\/api.w.org\/{rel}","templated":true}]}}