{"id":15311,"date":"2021-08-04T15:04:58","date_gmt":"2021-08-04T12:04:58","guid":{"rendered":"https:\/\/sachviet.eu\/shop\/nguoi-nam-cham\/"},"modified":"2021-09-02T17:00:24","modified_gmt":"2021-09-02T14:00:24","slug":"nguoi-nam-cham","status":"publish","type":"product","link":"https:\/\/sachviet.eu\/en\/shop\/nguoi-nam-cham\/","title":{"rendered":"Ng\u01b0\u1eddi Nam Ch\u00e2m"},"content":{"rendered":"<p>Cu\u1ed1n s\u00e1ch vi\u1ebft v\u1ec1 c\u00e1ch ho\u1ea1t \u0111\u1ed9ng c\u1ee7a Lu\u1eadt h\u1ea5p d\u1eabn trong cu\u1ed9c s\u1ed1ng c\u1ee7a b\u1ea1n, t\u1eeb \u0111\u00f3 b\u1ea1n c\u00f3 th\u1ec3 hi\u1ec3u nhi\u1ec1u h\u01a1n v\u1ec1 b\u1ea3n th\u00e2n m\u00ecnh &#8211; th\u1ef1c ra b\u1ea1n l\u00e0 ai v\u00e0 t\u1ea1i sao b\u1ea1n l\u1ea1i \u1edf \u0111\u00e2y. Cu\u1ed1n s\u00e1ch n\u00e0y ch\u00ednh l\u00e0 ch\u00eca kh\u00f3a c\u1ee7a b\u1ea1n. N\u00f3 c\u00f3 th\u1ec3 m\u1edf c\u00e1nh c\u1eeda t\u1edbi t\u01b0\u01a1ng lai nh\u01b0 b\u1ea1n mong \u01b0\u1edbc v\u00e0 \u0111\u01b0a b\u1ea1n t\u1edbi con \u0111\u01b0\u1eddng c\u00f3 nhi\u1ec1u ni\u1ec1m vui, sung t\u00fac v\u00e0 gi\u00e0u c\u00f3 h\u01a1n. Khi \u0111\u1ecdc cu\u1ed1n s\u00e1ch n\u00e0y, b\u1ea1n s\u1ebd th\u1ea5y m\u00ecnh \u0111\u01b0\u1ee3c truy\u1ec1n c\u1ea3m h\u1ee9ng v\u00ec b\u1ea1n nh\u1eadn ra r\u1eb1ng b\u1ea1n c\u00f3 th\u1ec3 t\u1ea1o ra cu\u1ed9c s\u1ed1ng m\u00e0 b\u1ea1n khao kh\u00e1t, v\u00e0 b\u1ea1n s\u1ebd \u0111\u01b0\u1ee3c trao quy\u1ec1n khi s\u1eed d\u1ee5ng nh\u1eefng c\u00f4ng c\u1ee5, nh\u1eefng chi\u1ebfn l\u01b0\u1ee3c v\u00e0 nh\u1eefng kh\u00e1i ni\u1ec7m c\u01a1 b\u1ea3n \u0111\u01b0\u1ee3c chuy\u1ec3n t\u1ea3i trong nh\u1eefng trang s\u00e1ch n\u00e0y.<\/p>\n","protected":false},"excerpt":{"rendered":"<p>Cu\u1ed1n s\u00e1ch vi\u1ebft v\u1ec1 c\u00e1ch ho\u1ea1t \u0111\u1ed9ng c\u1ee7a Lu\u1eadt h\u1ea5p d\u1eabn trong cu\u1ed9c s\u1ed1ng c\u1ee7a b\u1ea1n, t\u1eeb \u0111\u00f3 b\u1ea1n c\u00f3 th\u1ec3 hi\u1ec3u nhi\u1ec1u h\u01a1n v\u1ec1 b\u1ea3n th\u00e2n m\u00ecnh &#8211; th\u1ef1c ra b\u1ea1n l\u00e0 ai v\u00e0 t\u1ea1i sao b\u1ea1n l\u1ea1i \u1edf \u0111\u00e2y. Cu\u1ed1n s\u00e1ch n\u00e0y ch\u00ednh l\u00e0 ch\u00eca kh\u00f3a c\u1ee7a b\u1ea1n. N\u00f3 c\u00f3 th\u1ec3 m\u1edf c\u00e1nh c\u1eeda t\u1edbi t\u01b0\u01a1ng lai nh\u01b0 b\u1ea1n mong \u01b0\u1edbc v\u00e0 \u0111\u01b0a b\u1ea1n t\u1edbi con \u0111\u01b0\u1eddng c\u00f3 nhi\u1ec1u ni\u1ec1m vui, sung t\u00fac v\u00e0 gi\u00e0u c\u00f3 h\u01a1n. Khi \u0111\u1ecdc cu\u1ed1n s\u00e1ch n\u00e0y, b\u1ea1n s\u1ebd th\u1ea5y m\u00ecnh \u0111\u01b0\u1ee3c truy\u1ec1n c\u1ea3m h\u1ee9ng v\u00ec b\u1ea1n nh\u1eadn ra r\u1eb1ng b\u1ea1n c\u00f3 th\u1ec3 t\u1ea1o ra cu\u1ed9c s\u1ed1ng m\u00e0 b\u1ea1n khao kh\u00e1t, v\u00e0 b\u1ea1n s\u1ebd \u0111\u01b0\u1ee3c trao quy\u1ec1n khi s\u1eed d\u1ee5ng nh\u1eefng c\u00f4ng c\u1ee5, nh\u1eefng chi\u1ebfn l\u01b0\u1ee3c v\u00e0 nh\u1eefng kh\u00e1i ni\u1ec7m c\u01a1 b\u1ea3n \u0111\u01b0\u1ee3c chuy\u1ec3n t\u1ea3i trong nh\u1eefng trang s\u00e1ch n\u00e0y.<\/p>\n","protected":false},"featured_media":15310,"template":"","meta":{"_acf_changed":false},"product_brand":[],"product_cat":[15,46],"product_tag":[],"class_list":{"0":"post-15311","1":"product","2":"type-product","3":"status-publish","4":"has-post-thumbnail","6":"product_cat-sach-danh-cho-nguoi-lon","7":"product_cat-ky-nang-song","9":"first","10":"outofstock","11":"taxable","12":"shipping-taxable","13":"purchasable","14":"product-type-simple"},"supplier_id":null,"supplier_sku":"","barcode":null,"atum_controlled":true,"out_stock_date":"2021-09-02 14:00:24","out_stock_threshold":null,"inheritable":false,"inbound_stock":0,"stock_on_hold":0,"sold_today":0,"sales_last_days":0,"reserved_stock":0,"customer_returns":0,"warehouse_damage":0,"lost_in_post":0,"other_logs":0,"out_stock_days":1609,"lost_sales":0,"has_location":false,"update_date":"2026-01-28T23:10:57","atum_locations":[],"atum_stock_status":"outofstock","restock_status":false,"low_stock_amount":"","sales_update_date":"2026-01-28T23:10:57","calc_backorders":null,"acf":{"publisher":{"ID":1474,"post_author":"1","post_date":"2021-02-17 01:12:51","post_date_gmt":"2021-02-16 23:12:51","post_content":"","post_title":"Th\u00e1i H\u00e0","post_excerpt":"","post_status":"publish","comment_status":"closed","ping_status":"closed","post_password":"","post_name":"thai-ha","to_ping":"","pinged":"","post_modified":"2021-02-17 01:12:51","post_modified_gmt":"2021-02-16 23:12:51","post_content_filtered":"","post_parent":0,"guid":"https:\/\/sachviet.eu\/nha-phat-hanh\/thai-ha\/","menu_order":0,"post_type":"publisher","post_mime_type":"","comment_count":"0","filter":"raw"}},"_links":{"self":[{"href":"https:\/\/sachviet.eu\/en\/wp-json\/wp\/v2\/product\/15311","targetHints":{"allow":["GET"]}}],"collection":[{"href":"https:\/\/sachviet.eu\/en\/wp-json\/wp\/v2\/product"}],"about":[{"href":"https:\/\/sachviet.eu\/en\/wp-json\/wp\/v2\/types\/product"}],"wp:featuredmedia":[{"embeddable":true,"href":"https:\/\/sachviet.eu\/en\/wp-json\/wp\/v2\/media\/15310"}],"wp:attachment":[{"href":"https:\/\/sachviet.eu\/en\/wp-json\/wp\/v2\/media?parent=15311"}],"wp:term":[{"taxonomy":"product_brand","embeddable":true,"href":"https:\/\/sachviet.eu\/en\/wp-json\/wp\/v2\/product_brand?post=15311"},{"taxonomy":"product_cat","embeddable":true,"href":"https:\/\/sachviet.eu\/en\/wp-json\/wp\/v2\/product_cat?post=15311"},{"taxonomy":"product_tag","embeddable":true,"href":"https:\/\/sachviet.eu\/en\/wp-json\/wp\/v2\/product_tag?post=15311"}],"curies":[{"name":"wp","href":"https:\/\/api.w.org\/{rel}","templated":true}]}}