{"id":15309,"date":"2021-08-04T15:04:53","date_gmt":"2021-08-04T12:04:53","guid":{"rendered":"https:\/\/sachviet.eu\/shop\/xanh-nua-dem-tron-bo-2-tap\/"},"modified":"2021-09-03T01:29:24","modified_gmt":"2021-09-02T22:29:24","slug":"xanh-nua-dem-tron-bo-2-tap","status":"publish","type":"product","link":"https:\/\/sachviet.eu\/en\/shop\/xanh-nua-dem-tron-bo-2-tap\/","title":{"rendered":"Xanh N\u1eeda \u0110\u00eam (Tr\u1ecdn B\u1ed9 2 T\u1eadp)"},"content":{"rendered":"<p>Xanh N\u1eeda \u0110\u00eam<\/p>\n<p>T\u1ea5t c\u1ea3 b\u1eaft \u0111\u1ea7u b\u1eb1ng c\u00e2u chuy\u1ec7n v\u1ec1 c\u1eadu b\u00e9 b\u1ea5t ch\u1ea5p t\u1ea5t c\u1ea3 \u0111\u1ec3 \u0111\u01b0\u1ee3c m\u1eb7c v\u00e1y \u0111\u1ebfn tr\u01b0\u1eddng trong m\u1ed9t tu\u1ea7n.<\/p>\n<p>T\u1eeb \u0111\u00f3, b\u1ed1n \u0111\u1ee9a tr\u1ebb t\u00ecm \u0111\u1ebfn nhau qua s\u1ef1 \u0111\u1ed3ng c\u1ea3m, r\u1ed3i c\u00f9ng b\u01b0\u1edbc tr\u00ean m\u1ed9t \u0111o\u1ea1n \u0111\u01b0\u1eddng, c\u00f9ng vui bu\u1ed3n, c\u00f9ng y\u00eau th\u01b0\u01a1ng, m\u1eb7c trong l\u00f2ng lu\u00f4n mang nh\u1eefng t\u00e2m t\u01b0 kh\u00e1c bi\u1ec7t.<\/p>\n<p>Tuy v\u1eady, tr\u01b0\u1edfng th\u00e0nh, v\u1edbi b\u1ea5t k\u1ef3 ai, c\u00f3 bao gi\u1edd l\u00e0 tr\u1ea3i nghi\u1ec7m d\u1ec5 d\u00e0ng?<\/p>\n<p>Xanh N\u1eeda \u0110\u00eam l\u00e0 qu\u00e3ng th\u1eddi gian thanh xu\u00e2n \u0111\u1ee7 nh\u1eefng cung b\u1eadc c\u1ea3m x\u00fac c\u1ee7a D\u01b0\u01a1ng, Ng\u1ecdc, B\u1ea3o v\u00e0 Thanh, sau m\u01b0\u1eddi hai n\u0103m \u0111\u1eb1ng \u0111\u1eb5ng th\u00ec kh\u00e9p l\u1ea1i b\u1eb1ng c\u00e1i k\u1ebft b\u1ea5t ng\u1edd v\u1edbi t\u1ea5t c\u1ea3 nh\u1eefng ng\u01b0\u1eddi trong cu\u1ed9c. B\u1ea5t ng\u1edd l\u00e0 th\u1ebf, nh\u01b0ng n\u1ebfu b\u1ea1n tinh t\u01b0\u1eddng, h\u1eb3n s\u1ebd th\u1ea5y n\u00f3 \u0111\u00e3 hi\u1ec3n hi\u1ec7n ngay t\u1eeb khi m\u1edbi b\u1eaft \u0111\u1ea7u c\u00e2u chuy\u1ec7n\u2026<\/p>\n","protected":false},"excerpt":{"rendered":"<p>Xanh N\u1eeda \u0110\u00eam<\/p>\n<p>T\u1ea5t c\u1ea3 b\u1eaft \u0111\u1ea7u b\u1eb1ng c\u00e2u chuy\u1ec7n v\u1ec1 c\u1eadu b\u00e9 b\u1ea5t ch\u1ea5p t\u1ea5t c\u1ea3 \u0111\u1ec3 \u0111\u01b0\u1ee3c m\u1eb7c v\u00e1y \u0111\u1ebfn tr\u01b0\u1eddng trong m\u1ed9t tu\u1ea7n.<\/p>\n<p>T\u1eeb \u0111\u00f3, b\u1ed1n \u0111\u1ee9a tr\u1ebb t\u00ecm \u0111\u1ebfn nhau qua s\u1ef1 \u0111\u1ed3ng c\u1ea3m, r\u1ed3i c\u00f9ng b\u01b0\u1edbc tr\u00ean m\u1ed9t \u0111o\u1ea1n \u0111\u01b0\u1eddng, c\u00f9ng vui bu\u1ed3n, c\u00f9ng y\u00eau th\u01b0\u01a1ng, m\u1eb7c trong l\u00f2ng lu\u00f4n mang nh\u1eefng t\u00e2m t\u01b0 kh\u00e1c bi\u1ec7t.<\/p>\n<p>Tuy v\u1eady, tr\u01b0\u1edfng th\u00e0nh, v\u1edbi b\u1ea5t k\u1ef3 ai, c\u00f3 bao gi\u1edd l\u00e0 tr\u1ea3i nghi\u1ec7m d\u1ec5 d\u00e0ng?<\/p>\n<p>Xanh N\u1eeda \u0110\u00eam l\u00e0 qu\u00e3ng th\u1eddi gian thanh xu\u00e2n \u0111\u1ee7 nh\u1eefng cung b\u1eadc c\u1ea3m x\u00fac c\u1ee7a D\u01b0\u01a1ng, Ng\u1ecdc, B\u1ea3o v\u00e0 Thanh, sau m\u01b0\u1eddi hai n\u0103m \u0111\u1eb1ng \u0111\u1eb5ng th\u00ec kh\u00e9p l\u1ea1i b\u1eb1ng c\u00e1i k\u1ebft b\u1ea5t ng\u1edd v\u1edbi t\u1ea5t c\u1ea3 nh\u1eefng ng\u01b0\u1eddi trong cu\u1ed9c. B\u1ea5t ng\u1edd l\u00e0 th\u1ebf, nh\u01b0ng n\u1ebfu b\u1ea1n tinh t\u01b0\u1eddng, h\u1eb3n s\u1ebd th\u1ea5y n\u00f3 \u0111\u00e3 hi\u1ec3n hi\u1ec7n ngay t\u1eeb khi m\u1edbi b\u1eaft \u0111\u1ea7u c\u00e2u chuy\u1ec7n\u2026<\/p>\n","protected":false},"featured_media":15305,"template":"","meta":{"_acf_changed":false},"product_brand":[],"product_cat":[73,15],"product_tag":[],"class_list":{"0":"post-15309","1":"product","2":"type-product","3":"status-publish","4":"has-post-thumbnail","6":"product_cat-dam-my-ngon-tinh","7":"product_cat-sach-danh-cho-nguoi-lon","9":"first","10":"outofstock","11":"taxable","12":"shipping-taxable","13":"purchasable","14":"product-type-simple"},"supplier_id":null,"supplier_sku":"","barcode":null,"atum_controlled":true,"out_stock_date":"2021-09-02 22:29:24","out_stock_threshold":null,"inheritable":false,"inbound_stock":0,"stock_on_hold":0,"sold_today":0,"sales_last_days":0,"reserved_stock":0,"customer_returns":0,"warehouse_damage":0,"lost_in_post":0,"other_logs":0,"out_stock_days":1609,"lost_sales":0,"has_location":false,"update_date":"2026-01-28T23:10:57","atum_locations":[],"atum_stock_status":"outofstock","restock_status":false,"low_stock_amount":"","sales_update_date":"2026-01-28T23:10:57","calc_backorders":null,"acf":{"publisher":{"ID":8612,"post_author":"1","post_date":"2021-04-28 14:27:30","post_date_gmt":"2021-04-28 11:27:30","post_content":"","post_title":"IPM","post_excerpt":"","post_status":"publish","comment_status":"closed","ping_status":"closed","post_password":"","post_name":"ipm","to_ping":"","pinged":"","post_modified":"2021-04-28 14:27:30","post_modified_gmt":"2021-04-28 11:27:30","post_content_filtered":"","post_parent":0,"guid":"https:\/\/sachviet.eu\/nha-phat-hanh\/ipm\/","menu_order":0,"post_type":"publisher","post_mime_type":"","comment_count":"0","filter":"raw"}},"_links":{"self":[{"href":"https:\/\/sachviet.eu\/en\/wp-json\/wp\/v2\/product\/15309","targetHints":{"allow":["GET"]}}],"collection":[{"href":"https:\/\/sachviet.eu\/en\/wp-json\/wp\/v2\/product"}],"about":[{"href":"https:\/\/sachviet.eu\/en\/wp-json\/wp\/v2\/types\/product"}],"wp:featuredmedia":[{"embeddable":true,"href":"https:\/\/sachviet.eu\/en\/wp-json\/wp\/v2\/media\/15305"}],"wp:attachment":[{"href":"https:\/\/sachviet.eu\/en\/wp-json\/wp\/v2\/media?parent=15309"}],"wp:term":[{"taxonomy":"product_brand","embeddable":true,"href":"https:\/\/sachviet.eu\/en\/wp-json\/wp\/v2\/product_brand?post=15309"},{"taxonomy":"product_cat","embeddable":true,"href":"https:\/\/sachviet.eu\/en\/wp-json\/wp\/v2\/product_cat?post=15309"},{"taxonomy":"product_tag","embeddable":true,"href":"https:\/\/sachviet.eu\/en\/wp-json\/wp\/v2\/product_tag?post=15309"}],"curies":[{"name":"wp","href":"https:\/\/api.w.org\/{rel}","templated":true}]}}