{"id":15304,"date":"2021-08-04T15:04:31","date_gmt":"2021-08-04T12:04:31","guid":{"rendered":"https:\/\/sachviet.eu\/shop\/cuoc-song-thuong-luu-cua-hoang-de-meo-tap-2\/"},"modified":"2021-08-04T17:29:08","modified_gmt":"2021-08-04T14:29:08","slug":"cuoc-song-thuong-luu-cua-hoang-de-meo-tap-2","status":"publish","type":"product","link":"https:\/\/sachviet.eu\/en\/shop\/cuoc-song-thuong-luu-cua-hoang-de-meo-tap-2\/","title":{"rendered":"Cu\u1ed9c S\u1ed1ng Th\u01b0\u1ee3ng L\u01b0u C\u1ee7a Ho\u00e0ng \u0110\u1ebf M\u00e8o (T\u1eadp 2)"},"content":{"rendered":"<p>Trong t\u1eadp s\u00e1ch n\u00e0y<\/p>\n<p>t\u1eeb cu\u1ed9c chi\u1ebfn kh\u00f4ng c\u00e2n s\u1ee9c gi\u1eefa m\u1ed9t b\u00ean l\u00e0 anh con trai \u0111\u00e3 c\u1eadp k\u00ea &#8220;h\u1ebft \u0111\u00e1t&#8221; v\u1edbi \u00f4ng b\u1ed1 gi\u00e0 xung quanh ch\u1ee7 \u0111\u1ec1 xem m\u1eb7t, khi\u1ebfn t\u1ee5i cho m\u00e8o nhi\u1ec1u phen kinh s\u1ee3, cho t\u1edbi nh\u1eadt k\u00ed l\u1ea7n \u0111\u1ea7u gh\u1eb9o g\u00e1i c\u1ee7a \u1ea6u Mai G\u00f3<\/p>\n<p>t\u1eeb chuy\u1ec7n n\u1ee3 n\u1ea7n xuy\u00ean th\u1ebf k\u1ec9 c\u1ee7a B\u1ea1ch Tr\u00e0, cho t\u1edbi m\u1ea7m m\u1ed1ng c\u1ee7a m\u1ed9t chuy\u1ec7n t\u00ecnh thanh mai tr\u00fac m\u00e3 ng\u00f4n t\u00ecnh di\u1ec5m l\u1ec7<\/p>\n<p>cho t\u1edbi chuy\u1ec7n c\u1ea3 nh\u00e0 b\u1ed1n ng\u01b0\u1eddi \u0111ang y\u00ean \u1ea5m b\u1ed7ng t\u1eeb \u0111\u00e2u m\u1ecdc ra th\u00eam m\u1ed9t t\u00ean c\u1ea9u m\u1eb7t Husky ng\u01b0\u1eddi Corgi m\u1eb7t d\u00e0y l\u00e1o to\u00e9<\/p>\n<p>t\u1ea5t c\u1ea3 \u0111\u1ec1u khi\u1ebfn Ho\u00e0ng th\u01b0\u1ee3ng kh\u00f4ng vui!<\/p>\n<p>V\u1eady l\u00e0 ng\u00e0i quy\u1ebft \u0111\u1ecb b\u1ecf nh\u00e0 ra \u0111i. Ng\u00e0i d\u1ea5n th\u00e2n v\u00e0o m\u1ed9t chuy\u1ebfn phi\u00eau l\u01b0u tr\u1ea7n \u0111\u1eddi ai o\u00e1n c\u00f3 m\u1ed9t, v\u1eeba bu\u1ed3n c\u01b0\u1eddi l\u1ea1i v\u1eeba c\u1ea3m \u0111\u1ed9ng, v\u1eeba ng\u1edb ng\u1ea9n l\u1ea1i v\u1eeba l\u1eafng s\u00e2u. L\u1ea7n \u0111\u1ea7u ti\u00ean, nh\u1eefng t\u00e2m t\u01b0 c\u1ee7a v\u1ecb ho\u00e0ng \u0111\u1ebf m\u00e8o uy quy\u1ec1n \u0111\u01b0\u1ee3c ti\u1ebft l\u1ed9, h\u1ee9a h\u1eb9n s\u1ebd khi\u1ebfn lo\u00e0i ng\u01b0\u1eddi ch\u00fang ta ph\u1ea3i th\u1ea5u \u0111\u1ed9ng t\u00e2m<\/p>\n<p>Li\u1ec7u \u1ebf c\u00f3 ph\u1ea3i m\u1ed9t xu th\u1ebf?<\/p>\n<p>Li\u1ec7u &#8220;m\u1ed7i gia \u0111\u00ecnh h\u1ea1nh ph\u00fac \u0111\u1ec1u h\u1ea1nh ph\u00fac theo m\u1ed9t c\u00e1ch gi\u1ed1ng nhau, c\u00f2n m\u1ed7i gia \u0111\u00ecnh l\u1ea1c qu\u1ebb l\u1ea1i l\u1ea1c qu\u1ebb theo c\u00e1ch c\u1ee7a ri\u00eang h\u1ecd&#8221; c\u00f3 ph\u1ea3i ch\u00e2n l\u00ed?<\/p>\n<p>\u1ea6u Mai G\u00f3t l\u00e0 ch\u00f3 hay l\u00e0 l\u1ee3n?<\/p>\n<p>\u0110\u1ebfn bao gi\u1edd th\u00ec lo\u00e0i m\u00e8o th\u1ed1ng tr\u1ecb th\u1ebf gi\u1edbi?<\/p>\n<p>Ph\u1ea7n 2 c\u1ee7a b\u1ed9 s\u00e1ch l\u00e0m m\u01b0a l\u00e0m gi\u00f3 trong nh\u1eefng th\u00e1ng v\u1eeba qua &#8211; Cu\u1ed9c s\u1ed1ng th\u01b0\u1ee3ng l\u01b0u c\u1ee7a ho\u00e0ng \u0111\u1ebf m\u00e8o 2 \u0111\u00e3 ra m\u1eaft, v\u00e0 ch\u1edd \u0111\u1ee3i \u0111\u1ec3 ti\u1ebft l\u1ed9 v\u1edbi b\u1ea1n c\u00e2u tr\u1ea3 l\u1eddi cho nh\u1eefng th\u1eafc m\u1eafc mang t\u1ea7m v\u0169 tr\u1ee5 kia.<\/p>\n<p>\u0110\u1eb7c bi\u1ec7t, m\u1ed7i cu\u1ed1n s\u00e1ch c\u00f2n t\u1eb7ng k\u00e8m h\u00ecnh \u1ea3nh b\u1ed9 ba m\u00e8o &#8211; ch\u00f3 \u0111\u00e3 l\u00ean \u0111\u1ed3 l\u1ed3ng l\u1ed9n ch\u1ec9 ch\u1edd \u0111\u01b0\u1ee3c c\u00f9ng b\u1ea1n du xu\u00e2n!<\/p>\n<p>Xin m\u1eddi! Xin m\u1eddi!<\/p>\n<p>(\u0110\u1eebng \u0111\u1ec3 Ho\u00e0ng th\u01b0\u1ee3ng ch\u1edd l\u00e2u, ng\u00e0i l\u1ea1i ph\u1eadt l\u00f2ng, b\u1ecf \u0111i th\u00ec ch\u1ebft!)<\/p>\n","protected":false},"excerpt":{"rendered":"<p>Trong t\u1eadp s\u00e1ch n\u00e0y<\/p>\n<p>t\u1eeb cu\u1ed9c chi\u1ebfn kh\u00f4ng c\u00e2n s\u1ee9c gi\u1eefa m\u1ed9t b\u00ean l\u00e0 anh con trai \u0111\u00e3 c\u1eadp k\u00ea &#8220;h\u1ebft \u0111\u00e1t&#8221; v\u1edbi \u00f4ng b\u1ed1 gi\u00e0 xung quanh ch\u1ee7 \u0111\u1ec1 xem m\u1eb7t, khi\u1ebfn t\u1ee5i cho m\u00e8o nhi\u1ec1u phen kinh s\u1ee3, cho t\u1edbi nh\u1eadt k\u00ed l\u1ea7n \u0111\u1ea7u gh\u1eb9o g\u00e1i c\u1ee7a \u1ea6u Mai G\u00f3<\/p>\n<p>t\u1eeb chuy\u1ec7n n\u1ee3 n\u1ea7n xuy\u00ean th\u1ebf k\u1ec9 c\u1ee7a B\u1ea1ch Tr\u00e0, cho t\u1edbi m\u1ea7m m\u1ed1ng c\u1ee7a m\u1ed9t chuy\u1ec7n t\u00ecnh thanh mai tr\u00fac m\u00e3 ng\u00f4n t\u00ecnh di\u1ec5m l\u1ec7<\/p>\n<p>cho t\u1edbi chuy\u1ec7n c\u1ea3 nh\u00e0 b\u1ed1n ng\u01b0\u1eddi \u0111ang y\u00ean \u1ea5m b\u1ed7ng t\u1eeb \u0111\u00e2u m\u1ecdc ra th\u00eam m\u1ed9t t\u00ean c\u1ea9u m\u1eb7t Husky ng\u01b0\u1eddi Corgi m\u1eb7t d\u00e0y l\u00e1o to\u00e9<\/p>\n<p>t\u1ea5t c\u1ea3 \u0111\u1ec1u khi\u1ebfn Ho\u00e0ng th\u01b0\u1ee3ng kh\u00f4ng vui!<\/p>\n<p>V\u1eady l\u00e0 ng\u00e0i quy\u1ebft \u0111\u1ecb b\u1ecf nh\u00e0 ra \u0111i. Ng\u00e0i d\u1ea5n th\u00e2n v\u00e0o m\u1ed9t chuy\u1ebfn phi\u00eau l\u01b0u tr\u1ea7n \u0111\u1eddi ai o\u00e1n c\u00f3 m\u1ed9t, v\u1eeba bu\u1ed3n c\u01b0\u1eddi l\u1ea1i v\u1eeba c\u1ea3m \u0111\u1ed9ng, v\u1eeba ng\u1edb ng\u1ea9n l\u1ea1i v\u1eeba l\u1eafng s\u00e2u. L\u1ea7n \u0111\u1ea7u ti\u00ean, nh\u1eefng t\u00e2m t\u01b0 c\u1ee7a v\u1ecb ho\u00e0ng \u0111\u1ebf m\u00e8o uy quy\u1ec1n \u0111\u01b0\u1ee3c ti\u1ebft l\u1ed9, h\u1ee9a h\u1eb9n s\u1ebd khi\u1ebfn lo\u00e0i ng\u01b0\u1eddi ch\u00fang ta ph\u1ea3i th\u1ea5u \u0111\u1ed9ng t\u00e2m<\/p>\n<p>Li\u1ec7u \u1ebf c\u00f3 ph\u1ea3i m\u1ed9t xu th\u1ebf?<\/p>\n<p>Li\u1ec7u &#8220;m\u1ed7i gia \u0111\u00ecnh h\u1ea1nh ph\u00fac \u0111\u1ec1u h\u1ea1nh ph\u00fac theo m\u1ed9t c\u00e1ch gi\u1ed1ng nhau, c\u00f2n m\u1ed7i gia \u0111\u00ecnh l\u1ea1c qu\u1ebb l\u1ea1i l\u1ea1c qu\u1ebb theo c\u00e1ch c\u1ee7a ri\u00eang h\u1ecd&#8221; c\u00f3 ph\u1ea3i ch\u00e2n l\u00ed?<\/p>\n<p>\u1ea6u Mai G\u00f3t l\u00e0 ch\u00f3 hay l\u00e0 l\u1ee3n?<\/p>\n<p>\u0110\u1ebfn bao gi\u1edd th\u00ec lo\u00e0i m\u00e8o th\u1ed1ng tr\u1ecb th\u1ebf gi\u1edbi?<\/p>\n<p>Ph\u1ea7n 2 c\u1ee7a b\u1ed9 s\u00e1ch l\u00e0m m\u01b0a l\u00e0m gi\u00f3 trong nh\u1eefng th\u00e1ng v\u1eeba qua &#8211; Cu\u1ed9c s\u1ed1ng th\u01b0\u1ee3ng l\u01b0u c\u1ee7a ho\u00e0ng \u0111\u1ebf m\u00e8o 2 \u0111\u00e3 ra m\u1eaft, v\u00e0 ch\u1edd \u0111\u1ee3i \u0111\u1ec3 ti\u1ebft l\u1ed9 v\u1edbi b\u1ea1n c\u00e2u tr\u1ea3 l\u1eddi cho nh\u1eefng th\u1eafc m\u1eafc mang t\u1ea7m v\u0169 tr\u1ee5 kia.<\/p>\n<p>\u0110\u1eb7c bi\u1ec7t, m\u1ed7i cu\u1ed1n s\u00e1ch c\u00f2n t\u1eb7ng k\u00e8m h\u00ecnh \u1ea3nh b\u1ed9 ba m\u00e8o &#8211; ch\u00f3 \u0111\u00e3 l\u00ean \u0111\u1ed3 l\u1ed3ng l\u1ed9n ch\u1ec9 ch\u1edd \u0111\u01b0\u1ee3c c\u00f9ng b\u1ea1n du xu\u00e2n!<\/p>\n<p>Xin m\u1eddi! Xin m\u1eddi!<\/p>\n<p>(\u0110\u1eebng \u0111\u1ec3 Ho\u00e0ng th\u01b0\u1ee3ng ch\u1edd l\u00e2u, ng\u00e0i l\u1ea1i ph\u1eadt l\u00f2ng, b\u1ecf \u0111i th\u00ec ch\u1ebft!)<\/p>\n","protected":false},"featured_media":15302,"template":"","meta":{"_acf_changed":false},"product_brand":[],"product_cat":[29],"product_tag":[],"class_list":{"0":"post-15304","1":"product","2":"type-product","3":"status-publish","4":"has-post-thumbnail","6":"product_cat-manga-comics","8":"first","9":"outofstock","10":"taxable","11":"shipping-taxable","12":"purchasable","13":"product-type-simple"},"supplier_id":null,"supplier_sku":"","barcode":null,"atum_controlled":true,"out_stock_date":"2021-08-04 14:29:08","out_stock_threshold":null,"inheritable":false,"inbound_stock":0,"stock_on_hold":0,"sold_today":0,"sales_last_days":0,"reserved_stock":0,"customer_returns":0,"warehouse_damage":0,"lost_in_post":0,"other_logs":0,"out_stock_days":1638,"lost_sales":0,"has_location":false,"update_date":"2026-01-28T23:10:57","atum_locations":[],"atum_stock_status":"outofstock","restock_status":false,"low_stock_amount":"","sales_update_date":"2026-01-28T23:10:57","calc_backorders":null,"acf":{"publisher":{"ID":1460,"post_author":"1","post_date":"2021-02-17 01:12:24","post_date_gmt":"2021-02-16 23:12:24","post_content":"<!-- wp:flatsome\/uxbuilder -->\n<h1 style=\"text-align: center;\"><strong>Skybooks<\/strong><\/h1>\n[row]\n\n[col span=\"7\" span__sm=\"12\"]\n\n<p>C\u00f4ng ty ph\u00e1t h\u00e0nh s\u00e1ch Skybooks. \"T\u00f4i tr\u1ebb, t\u00f4i \u0111am m\u00ea\" v\u1edbi s\u1ee9 m\u1ec7nh lan to\u1ea3 c\u1ea3m x\u00fac v\u00e0 k\u1ebft n\u1ed1i t\u00e2m h\u1ed3n<\/p>\n<p><strong>Skybooks l\u00e0 c\u00e2u chuy\u1ec7n k\u1ec3 v\u1ec1:<\/strong><br \/>M\u1ed9t th\u1ebf h\u1ec7 ng\u01b0\u1eddi vi\u1ebft tr\u1ebb, \u0111am m\u00ea v\u0103n ch\u01b0\u01a1ng v\u00e0 t\u00f4n tr\u1ecdng, g\u00ecn gi\u1eef, s\u00e1ng t\u1ea1o Ti\u1ebfng Vi\u1ec7t. M\u1ed9t th\u1ebf h\u1ec7 \u0111\u1ed9c gi\u1ea3 tr\u1ebb, \u0111am m\u00ea kh\u00e1m ph\u00e1 ng\u00f4n ng\u1eef v\u00e0 say m\u00ea \u0111\u1ebfn v\u1edbi th\u1ebf gi\u1edbi c\u1ee7a nh\u1eefng quy\u1ec3n s\u00e1ch. M\u1ed9t th\u1ebf h\u1ec7 ng\u01b0\u1eddi l\u00e0m s\u00e1ch tr\u1ebb, \u0111am m\u00ea mang nh\u1eefng gi\u00e1 tr\u1ecb tinh th\u1ea7n l\u1ea1i g\u1ea7n ng\u01b0\u1eddi \u0111\u1ecdc.<br \/>Trong b\u1ed9 nh\u1eadn d\u1ea1ng th\u01b0\u01a1ng hi\u1ec7u:<br \/>Skybooks v\u1edbi ch\u1eef Sky m\u00e0u xanh da tr\u1eddi c\u00f3 \u00fd ngh\u0129a l\u00e0 c\u00f4ng ty B\u1ea7u Tr\u1eddi - n\u01a1i t\u1ea5t c\u1ea3 \u01b0\u1edbc m\u01a1 \u0111\u01b0\u1ee3c t\u1ef1 do tung c\u00e1nh.<br \/>V\u1edbi logo h\u00ecnh hoa b\u1ed3 c\u00f4ng anh \u0111ang bay t\u01b0\u1ee3ng tr\u01b0ng cho s\u1ef1 lan to\u1ea3 c\u1ea3m x\u00fac v\u00e0 kh\u00e1t v\u1ecdng bay cao.<br \/>K\u1ebb v\u1ea1ch logo c\u00f3 n\u1ec1n m\u00e0u ghi x\u00e1m xu\u1ea5t hi\u1ec7n tr\u00ean b\u00eca m\u1ecdi \u1ea5n ph\u1ea9m th\u1ec3 hi\u1ec7n con \u0111\u01b0\u1eddng b\u01b0\u1edbc v\u00e0o th\u1ecb tr\u01b0\u1eddng s\u00e1ch v\u00e0 chinh ph\u1ee5c \u0111\u1ed9c gi\u1ea3 l\u00e0 m\u1ed9t h\u00e0nh tr\u00ecnh d\u00e0i, \u0111\u1ea7y gian kh\u00f3, c\u00f3 nhi\u1ec1u b\u00e3o t\u1ed1, nh\u01b0ng ch\u1ec9 c\u1ea7n n\u1ed7 l\u1ef1c c\u1ed1 g\u1eafng nh\u1ea5t \u0111\u1ecbnh s\u1ebd ngo\u1ea1n m\u1ee5c v\u01b0\u1ee3t qua. \u0110\u1ec3 kh\u1eb3ng \u0111\u1ecbnh v\u00e0 ch\u1ee9ng minh ch\u00ednh m\u00ecnh!<\/p>\n\n[\/col]\n[col span=\"5\" span__sm=\"12\"]\n\n[ux_image id=\"1825\" image_size=\"medium\"]\n\n\n[\/col]\n\n[\/row]\n\n<!-- \/wp:flatsome\/uxbuilder -->","post_title":"Skybooks","post_excerpt":"","post_status":"publish","comment_status":"closed","ping_status":"closed","post_password":"","post_name":"skybooks","to_ping":"","pinged":"","post_modified":"2021-02-17 01:57:31","post_modified_gmt":"2021-02-16 23:57:31","post_content_filtered":"","post_parent":0,"guid":"https:\/\/sachviet.eu\/nha-phat-hanh\/skybooks\/","menu_order":0,"post_type":"publisher","post_mime_type":"","comment_count":"0","filter":"raw"}},"_links":{"self":[{"href":"https:\/\/sachviet.eu\/en\/wp-json\/wp\/v2\/product\/15304","targetHints":{"allow":["GET"]}}],"collection":[{"href":"https:\/\/sachviet.eu\/en\/wp-json\/wp\/v2\/product"}],"about":[{"href":"https:\/\/sachviet.eu\/en\/wp-json\/wp\/v2\/types\/product"}],"wp:featuredmedia":[{"embeddable":true,"href":"https:\/\/sachviet.eu\/en\/wp-json\/wp\/v2\/media\/15302"}],"wp:attachment":[{"href":"https:\/\/sachviet.eu\/en\/wp-json\/wp\/v2\/media?parent=15304"}],"wp:term":[{"taxonomy":"product_brand","embeddable":true,"href":"https:\/\/sachviet.eu\/en\/wp-json\/wp\/v2\/product_brand?post=15304"},{"taxonomy":"product_cat","embeddable":true,"href":"https:\/\/sachviet.eu\/en\/wp-json\/wp\/v2\/product_cat?post=15304"},{"taxonomy":"product_tag","embeddable":true,"href":"https:\/\/sachviet.eu\/en\/wp-json\/wp\/v2\/product_tag?post=15304"}],"curies":[{"name":"wp","href":"https:\/\/api.w.org\/{rel}","templated":true}]}}