{"id":15301,"date":"2021-08-04T15:04:19","date_gmt":"2021-08-04T12:04:19","guid":{"rendered":"https:\/\/sachviet.eu\/shop\/cuoc-song-thuong-luu-cua-hoang-de-meo\/"},"modified":"2021-08-04T17:29:08","modified_gmt":"2021-08-04T14:29:08","slug":"cuoc-song-thuong-luu-cua-hoang-de-meo","status":"publish","type":"product","link":"https:\/\/sachviet.eu\/en\/shop\/cuoc-song-thuong-luu-cua-hoang-de-meo\/","title":{"rendered":"Cu\u1ed9c S\u1ed1ng Th\u01b0\u1ee3ng L\u01b0u C\u1ee7a Ho\u00e0ng \u0110\u1ebf M\u00e8o"},"content":{"rendered":"<p>B\u1ea1n nu\u00f4i m\u00e8o \u0111\u1ec3 l\u00e0m g\u00ec? \u0110\u1ec3 n\u00f3 c\u01b0\u1ee1i l\u00ean \u0111\u1ea7u l\u00ean c\u1ed5 k\u1ec3 c\u1ea3 l\u00fac b\u1ea1n \u0103n, ng\u1ee7 hay \u1ecb\u2026<br \/>\nB\u1ea1n ch\u0103m b\u1eb5m th\u1ee9 con v\u1eadt ng\u1ea1o m\u1ea1n k\u00eanh ki\u1ec7u \u1ea5y \u0111\u1ec3 l\u00e0m g\u00ec? \u0110\u1ec3 n\u00f3 khinh kh\u1ec9nh xem b\u1ea1n l\u00e0 con Sen c\u1ee7a n\u00f3?<br \/>\nOk!! Th\u1ebf m\u00e0 b\u1ea1n kh\u00f4ng gh\u00e9t \u0111\u01b0\u1ee3c n\u00f3. B\u1ea1n v\u1eabn ph\u1ea3i c\u1ea7n m\u1eabn ch\u0103m s\u00f3c, y\u00eau th\u01b0\u01a1ng th\u1eadm ch\u00ed h\u1ed1t ph\u00e2n cho n\u00f3<br \/>\nNh\u1eefng c\u00e2u chuy\u1ec7n bi h\u00e0i trong cu\u1ed9c s\u1ed1ng c\u1ee7a con Sen v\u00e0 Ho\u00e0ng Th\u01b0\u1ee3ng khi\u1ebfn b\u1ea1n c\u01b0\u1eddi v\u1ee1 b\u1ee5ng nh\u01b0ng c\u01b0\u1eddi xong th\u00ec th\u1ea5y m\u00ecnh c\u0169ng th\u1ebf th\u00f4i. \u0110\u1eebng t\u01b0\u1edfng h\u01a1n:))<\/p>\n<p>Ho\u00e0ng \u0111\u1ebf m\u00e8o &#8211; cu\u1ed1n s\u00e1ch b\u00e1n 40 tri\u1ec7u b\u1ea3n trong 1 tu\u1ea7n \u0111\u00e3 c\u00f3 m\u1eb7t \u1edf Vi\u1ec7t Nam<\/p>\n<p>Ho\u00e0ng \u0111\u1ebf m\u00e8o &#8211; Con m\u00e8o b\u1ec9 b\u1ef1a, \u0111\u1ed9i l\u00ean \u0111\u1ea7u ch\u1ee7, r\u1ea5t l\u00e1o nh\u00e1o nh\u01b0ng kh\u00f4ng ai gh\u00e9t \u0111\u01b0\u1ee3c<\/p>\n<p>Tin kh\u00f4ng? B\u1ea1n s\u1ebd c\u01b0\u1eddi v\u1ee1 b\u1ee5ng cho m\u00e0 coi! Nh\u01b0ng n\u1ebfu b\u1ea1n nu\u00f4i m\u00e8o b\u1ea1n s\u1ebd th\u1ea5y \u0111\u00fang kh\u00f4ng \u0111\u1ec3 \u0111\u00e2u cho h\u1ebft<\/p>\n","protected":false},"excerpt":{"rendered":"<p>B\u1ea1n nu\u00f4i m\u00e8o \u0111\u1ec3 l\u00e0m g\u00ec? \u0110\u1ec3 n\u00f3 c\u01b0\u1ee1i l\u00ean \u0111\u1ea7u l\u00ean c\u1ed5 k\u1ec3 c\u1ea3 l\u00fac b\u1ea1n \u0103n, ng\u1ee7 hay \u1ecb\u2026<br \/>\nB\u1ea1n ch\u0103m b\u1eb5m th\u1ee9 con v\u1eadt ng\u1ea1o m\u1ea1n k\u00eanh ki\u1ec7u \u1ea5y \u0111\u1ec3 l\u00e0m g\u00ec? \u0110\u1ec3 n\u00f3 khinh kh\u1ec9nh xem b\u1ea1n l\u00e0 con Sen c\u1ee7a n\u00f3?<br \/>\nOk!! Th\u1ebf m\u00e0 b\u1ea1n kh\u00f4ng gh\u00e9t \u0111\u01b0\u1ee3c n\u00f3. B\u1ea1n v\u1eabn ph\u1ea3i c\u1ea7n m\u1eabn ch\u0103m s\u00f3c, y\u00eau th\u01b0\u01a1ng th\u1eadm ch\u00ed h\u1ed1t ph\u00e2n cho n\u00f3<br \/>\nNh\u1eefng c\u00e2u chuy\u1ec7n bi h\u00e0i trong cu\u1ed9c s\u1ed1ng c\u1ee7a con Sen v\u00e0 Ho\u00e0ng Th\u01b0\u1ee3ng khi\u1ebfn b\u1ea1n c\u01b0\u1eddi v\u1ee1 b\u1ee5ng nh\u01b0ng c\u01b0\u1eddi xong th\u00ec th\u1ea5y m\u00ecnh c\u0169ng th\u1ebf th\u00f4i. \u0110\u1eebng t\u01b0\u1edfng h\u01a1n:))<\/p>\n<p>Ho\u00e0ng \u0111\u1ebf m\u00e8o &#8211; cu\u1ed1n s\u00e1ch b\u00e1n 40 tri\u1ec7u b\u1ea3n trong 1 tu\u1ea7n \u0111\u00e3 c\u00f3 m\u1eb7t \u1edf Vi\u1ec7t Nam<\/p>\n<p>Ho\u00e0ng \u0111\u1ebf m\u00e8o &#8211; Con m\u00e8o b\u1ec9 b\u1ef1a, \u0111\u1ed9i l\u00ean \u0111\u1ea7u ch\u1ee7, r\u1ea5t l\u00e1o nh\u00e1o nh\u01b0ng kh\u00f4ng ai gh\u00e9t \u0111\u01b0\u1ee3c<\/p>\n<p>Tin kh\u00f4ng? B\u1ea1n s\u1ebd c\u01b0\u1eddi v\u1ee1 b\u1ee5ng cho m\u00e0 coi! Nh\u01b0ng n\u1ebfu b\u1ea1n nu\u00f4i m\u00e8o b\u1ea1n s\u1ebd th\u1ea5y \u0111\u00fang kh\u00f4ng \u0111\u1ec3 \u0111\u00e2u cho h\u1ebft<\/p>\n","protected":false},"featured_media":15299,"template":"","meta":{"_acf_changed":false},"product_brand":[],"product_cat":[29],"product_tag":[],"class_list":{"0":"post-15301","1":"product","2":"type-product","3":"status-publish","4":"has-post-thumbnail","6":"product_cat-manga-comics","8":"first","9":"outofstock","10":"taxable","11":"shipping-taxable","12":"purchasable","13":"product-type-simple"},"supplier_id":null,"supplier_sku":"","barcode":null,"atum_controlled":true,"out_stock_date":"2021-08-04 14:29:08","out_stock_threshold":null,"inheritable":false,"inbound_stock":0,"stock_on_hold":0,"sold_today":0,"sales_last_days":0,"reserved_stock":0,"customer_returns":0,"warehouse_damage":0,"lost_in_post":0,"other_logs":0,"out_stock_days":1638,"lost_sales":0,"has_location":false,"update_date":"2026-01-28T23:10:57","atum_locations":[],"atum_stock_status":"outofstock","restock_status":false,"low_stock_amount":"","sales_update_date":"2026-01-28T23:10:57","calc_backorders":null,"acf":{"publisher":{"ID":1460,"post_author":"1","post_date":"2021-02-17 01:12:24","post_date_gmt":"2021-02-16 23:12:24","post_content":"<!-- wp:flatsome\/uxbuilder -->\n<h1 style=\"text-align: center;\"><strong>Skybooks<\/strong><\/h1>\n[row]\n\n[col span=\"7\" span__sm=\"12\"]\n\n<p>C\u00f4ng ty ph\u00e1t h\u00e0nh s\u00e1ch Skybooks. \"T\u00f4i tr\u1ebb, t\u00f4i \u0111am m\u00ea\" v\u1edbi s\u1ee9 m\u1ec7nh lan to\u1ea3 c\u1ea3m x\u00fac v\u00e0 k\u1ebft n\u1ed1i t\u00e2m h\u1ed3n<\/p>\n<p><strong>Skybooks l\u00e0 c\u00e2u chuy\u1ec7n k\u1ec3 v\u1ec1:<\/strong><br \/>M\u1ed9t th\u1ebf h\u1ec7 ng\u01b0\u1eddi vi\u1ebft tr\u1ebb, \u0111am m\u00ea v\u0103n ch\u01b0\u01a1ng v\u00e0 t\u00f4n tr\u1ecdng, g\u00ecn gi\u1eef, s\u00e1ng t\u1ea1o Ti\u1ebfng Vi\u1ec7t. M\u1ed9t th\u1ebf h\u1ec7 \u0111\u1ed9c gi\u1ea3 tr\u1ebb, \u0111am m\u00ea kh\u00e1m ph\u00e1 ng\u00f4n ng\u1eef v\u00e0 say m\u00ea \u0111\u1ebfn v\u1edbi th\u1ebf gi\u1edbi c\u1ee7a nh\u1eefng quy\u1ec3n s\u00e1ch. M\u1ed9t th\u1ebf h\u1ec7 ng\u01b0\u1eddi l\u00e0m s\u00e1ch tr\u1ebb, \u0111am m\u00ea mang nh\u1eefng gi\u00e1 tr\u1ecb tinh th\u1ea7n l\u1ea1i g\u1ea7n ng\u01b0\u1eddi \u0111\u1ecdc.<br \/>Trong b\u1ed9 nh\u1eadn d\u1ea1ng th\u01b0\u01a1ng hi\u1ec7u:<br \/>Skybooks v\u1edbi ch\u1eef Sky m\u00e0u xanh da tr\u1eddi c\u00f3 \u00fd ngh\u0129a l\u00e0 c\u00f4ng ty B\u1ea7u Tr\u1eddi - n\u01a1i t\u1ea5t c\u1ea3 \u01b0\u1edbc m\u01a1 \u0111\u01b0\u1ee3c t\u1ef1 do tung c\u00e1nh.<br \/>V\u1edbi logo h\u00ecnh hoa b\u1ed3 c\u00f4ng anh \u0111ang bay t\u01b0\u1ee3ng tr\u01b0ng cho s\u1ef1 lan to\u1ea3 c\u1ea3m x\u00fac v\u00e0 kh\u00e1t v\u1ecdng bay cao.<br \/>K\u1ebb v\u1ea1ch logo c\u00f3 n\u1ec1n m\u00e0u ghi x\u00e1m xu\u1ea5t hi\u1ec7n tr\u00ean b\u00eca m\u1ecdi \u1ea5n ph\u1ea9m th\u1ec3 hi\u1ec7n con \u0111\u01b0\u1eddng b\u01b0\u1edbc v\u00e0o th\u1ecb tr\u01b0\u1eddng s\u00e1ch v\u00e0 chinh ph\u1ee5c \u0111\u1ed9c gi\u1ea3 l\u00e0 m\u1ed9t h\u00e0nh tr\u00ecnh d\u00e0i, \u0111\u1ea7y gian kh\u00f3, c\u00f3 nhi\u1ec1u b\u00e3o t\u1ed1, nh\u01b0ng ch\u1ec9 c\u1ea7n n\u1ed7 l\u1ef1c c\u1ed1 g\u1eafng nh\u1ea5t \u0111\u1ecbnh s\u1ebd ngo\u1ea1n m\u1ee5c v\u01b0\u1ee3t qua. \u0110\u1ec3 kh\u1eb3ng \u0111\u1ecbnh v\u00e0 ch\u1ee9ng minh ch\u00ednh m\u00ecnh!<\/p>\n\n[\/col]\n[col span=\"5\" span__sm=\"12\"]\n\n[ux_image id=\"1825\" image_size=\"medium\"]\n\n\n[\/col]\n\n[\/row]\n\n<!-- \/wp:flatsome\/uxbuilder -->","post_title":"Skybooks","post_excerpt":"","post_status":"publish","comment_status":"closed","ping_status":"closed","post_password":"","post_name":"skybooks","to_ping":"","pinged":"","post_modified":"2021-02-17 01:57:31","post_modified_gmt":"2021-02-16 23:57:31","post_content_filtered":"","post_parent":0,"guid":"https:\/\/sachviet.eu\/nha-phat-hanh\/skybooks\/","menu_order":0,"post_type":"publisher","post_mime_type":"","comment_count":"0","filter":"raw"}},"_links":{"self":[{"href":"https:\/\/sachviet.eu\/en\/wp-json\/wp\/v2\/product\/15301","targetHints":{"allow":["GET"]}}],"collection":[{"href":"https:\/\/sachviet.eu\/en\/wp-json\/wp\/v2\/product"}],"about":[{"href":"https:\/\/sachviet.eu\/en\/wp-json\/wp\/v2\/types\/product"}],"wp:featuredmedia":[{"embeddable":true,"href":"https:\/\/sachviet.eu\/en\/wp-json\/wp\/v2\/media\/15299"}],"wp:attachment":[{"href":"https:\/\/sachviet.eu\/en\/wp-json\/wp\/v2\/media?parent=15301"}],"wp:term":[{"taxonomy":"product_brand","embeddable":true,"href":"https:\/\/sachviet.eu\/en\/wp-json\/wp\/v2\/product_brand?post=15301"},{"taxonomy":"product_cat","embeddable":true,"href":"https:\/\/sachviet.eu\/en\/wp-json\/wp\/v2\/product_cat?post=15301"},{"taxonomy":"product_tag","embeddable":true,"href":"https:\/\/sachviet.eu\/en\/wp-json\/wp\/v2\/product_tag?post=15301"}],"curies":[{"name":"wp","href":"https:\/\/api.w.org\/{rel}","templated":true}]}}