{"id":15298,"date":"2021-08-04T15:03:45","date_gmt":"2021-08-04T12:03:45","guid":{"rendered":"https:\/\/sachviet.eu\/shop\/xu-nevermoor-dieu-ky-morrigan-va-benh-dich-trong-rong\/"},"modified":"2021-12-01T18:55:56","modified_gmt":"2021-12-01T16:55:56","slug":"xu-nevermoor-dieu-ky-morrigan-va-benh-dich-trong-rong","status":"publish","type":"product","link":"https:\/\/sachviet.eu\/en\/shop\/xu-nevermoor-dieu-ky-morrigan-va-benh-dich-trong-rong\/","title":{"rendered":"X\u1ee9 Nevermoor Di\u1ec7u K\u1ef3 &#8211; Morrigan V\u00e0 B\u1ec7nh D\u1ecbch Tr\u1ed1ng R\u1ed7ng"},"content":{"rendered":"<p>\u0110inh T\u1ecb Books tr\u00e2n tr\u1ecdng gi\u1edbi thi\u1ec7u t\u00e1c ph\u1ea9m:<\/p>\n<p>X\u1ee9 Nevermoor di\u1ec7u k\u1ef3: Morrigan v\u00e0 v\u00e0 B\u1ec7nh d\u1ecbch tr\u1ed1ng r\u1ed7ng<\/p>\n<p>S\u1ef1 tr\u1edf l\u1ea1i \u0111\u1ea7y h\u1ee9a h\u1eb9n c\u1ee7a X\u1ee9 Nevermoor Di\u1ec7u K\u1ef3<\/p>\n<p>\u201cX\u1ee9 Nevermoor di\u1ec7u k\u1ef3: Morrigan v\u00e0 B\u1ec7nh d\u1ecbch tr\u1ed1ng r\u1ed7ng\u201d l\u00e0 t\u1eadp th\u1ee9 3 trong b\u1ed9 s\u00e1ch nhi\u1ec1u t\u1eadp \u201cX\u1ee9 Nevermoor di\u1ec7u k\u1ef3\u201d c\u1ee7a t\u00e1c gi\u1ea3 Jessica Townsend.<\/p>\n<p>T\u1eadp 1 v\u00e0 t\u1eadp 2 c\u1ee7a b\u1ed9 s\u00e1ch c\u00f3 t\u00ean \u201cX\u1ee9 Nevermoor di\u1ec7u k\u1ef3: Morrigan v\u00e0 nh\u1eefng th\u1eed th\u00e1ch gay c\u1ea5n\u201d v\u00e0 \u201cMorrigan v\u00e0 L\u1eddi tri\u1ec7u h\u1ed3i c\u1ee7a Wundersmith\u201d \u0111\u00e3 \u0111\u01b0\u1ee3c chuy\u1ec3n ng\u1eef sang Ti\u1ebfng Vi\u1ec7t v\u00e0o n\u0103m 2019 v\u00e0 2020 v\u00e0 \u0111\u01b0\u1ee3c \u0111\u1ed9c gi\u1ea3 Vi\u1ec7t Nam \u0111\u00f3n nh\u1eadn n\u1ed3ng nhi\u1ec7t.<\/p>\n<p>\u1ede t\u1eadp 3 mang t\u00ean \u201cMorrigan v\u00e0 b\u1ec7nh d\u1ecbch tr\u1ed1ng r\u1ed7ng\u201d, \u0111\u1ed9c gi\u1ea3 s\u1ebd \u0111\u01b0\u1ee3c b\u01b0\u1edbc ch\u00e2n v\u00e0o cu\u1ed9c phi\u00eau l\u01b0u k\u1ecbch t\u00ednh, k\u00ec th\u00fa v\u00e0 b\u1ea5t ng\u1edd nh\u1ea5t trong series.<\/p>\n<p>Ch\u1ee7 \u0111\u1ec1 b\u1ec7nh d\u1ecbch l\u00e0 t\u00e2m \u0111i\u1ec3m c\u1ee7a t\u00e1c ph\u1ea9m: \u1edf Nevermoor, m\u1ed9t b\u1ec7nh d\u1ecbch \u0111\u00e1ng s\u1ee3 \u1eadp \u0111\u1ebfn, n\u00f3 kh\u00f4ng ng\u1eebng l\u00e2y nhi\u1ec5m gi\u1eefa nh\u1eefng ng\u01b0\u1eddi lai, bi\u1ebfn h\u1ecd th\u00e0nh \u0111\u1ed9ng v\u1eadt v\u00f4 tri v\u00f4 gi\u00e1c. C\u1ea3 th\u00e0nh ph\u1ed1 Nevermoor r\u01a1i v\u00e0o tr\u1ea1ng th\u00e1i hoang mang, ho\u1ea3ng lo\u1ea1n v\u00ec d\u1ecbch b\u1ec7nh Tr\u1ed1ng r\u1ed7ng k\u1ef3 qu\u00e1i, b\u00ed hi\u1ec3m m\u1ed7i l\u00fac m\u1ed9t lan r\u1ed9ng, \u0111e d\u1ecda s\u1ef1 s\u1ed1ng c\u1ee7a t\u1ea5t c\u1ea3 c\u01b0 d\u00e2n. Morrigan s\u1edbm nh\u1eadn ra ch\u00ednh c\u00f4 ph\u1ea3i d\u1ea5n th\u00e2n v\u00e0o cu\u1ed9c t\u00ecm ki\u1ebfm ph\u01b0\u01a1ng ph\u00e1p \u0111i\u1ec1u tr\u1ecb v\u00e0 ch\u1ea5m d\u1ee9t b\u1ec7nh d\u1ecbch Tr\u1ed1ng r\u1ed7ng, c\u1ee9u l\u1ea5y th\u00e0nh ph\u1ed1 m\u00e0 c\u00f4 v\u00f4 c\u00f9ng y\u00eau qu\u00fd.<\/p>\n<p>2 X\u1ee9 Nevermoor di\u1ec7u k\u1ef3 &#8211; b\u1ed9 s\u00e1ch thi\u1ebfu ni\u00ean \u0111\u01b0\u1ee3c y\u00eau th\u00edch tr\u00ean th\u1ebf gi\u1edbi<\/p>\n<p>K\u1ec3 t\u1eeb khi ra \u0111\u1eddi, b\u1ed9 s\u00e1ch X\u1ee9 Nevermoor di\u1ec7u k\u1ef3 \u0111\u00e3 \u0111\u01b0a t\u00ean tu\u1ed5i c\u1ee7a t\u00e1c gi\u1ea3 Jessica Townsend tr\u1edf th\u00e0nh m\u1ed9t th\u1ea7n t\u01b0\u1ee3ng c\u1ee7a c\u00e1c \u0111\u1ed9c gi\u1ea3 tr\u1ebb.<\/p>\n<p>B\u1ed9 s\u00e1ch \u0111\u00e3 nh\u1eadn \u0111\u01b0\u1ee3c h\u01a1n nhi\u1ec1u gi\u1ea3i th\u01b0\u1edfng l\u1edbn nh\u1ecf kh\u00e1c nhau, ti\u00eau bi\u1ec3u nh\u01b0:<\/p>\n<p>Chi\u1ebfn th\u1eafng h\u1ea1ng m\u1ee5c \u201cCu\u1ed1n s\u00e1ch c\u1ee7a n\u0103m\u201d t\u1ea1i Indie Book Awards 2018<\/p>\n<p>Chi\u1ebfn th\u1eafng h\u1ea1ng m\u1ee5c \u201cCu\u1ed1n s\u00e1ch c\u1ee7a n\u0103m\u201d t\u1ea1i Australian Book Industry Awards<\/p>\n<p>Chi\u1ebfn th\u1eafng h\u1ea1ng S\u00e1ch thi\u1ebfu nhi Waterstones trong Gi\u1ea3i th\u01b0\u1edfng ti\u1ec3u thuy\u1ebft tr\u1ebb<\/p>\n<p>Gi\u00e0nh gi\u1ea3i th\u01b0\u1edfng Aurealis 2017 cho ti\u1ec3u thuy\u1ebft thi\u1ebfu nhi hay nh\u1ea5t<\/p>\n<p># 1 Amazon S\u00e1ch thi\u1ebfu nhi hay nh\u1ea5t trong n\u0103m<\/p>\n<p>&#8220;M\u1ed9t ti\u1ec3u thuy\u1ebft gi\u1ea3 t\u01b0\u1edfng v\u00f4 c\u00f9ng th\u00fa v\u1ecb \u0111\u1ee9a con lai tinh th\u1ea7n gi\u1eefa c\u1ee7a Doctor Who v\u00e0 Harry Potter&#8221; &#8211; Nh\u1eadn x\u00e9t tr\u00ean blog Barnes &amp; Noble Kids<\/p>\n<p>&#8220;Jessica Townsend \u0111\u00e3 gi\u1eef l\u1eddi h\u1ee9a t\u00e1i xu\u1ea5t m\u1ed9t c\u00e1ch tuy\u1ec7t v\u1eddi trong cu\u1ed1n s\u00e1ch th\u1ee9 hai v\u1ec1 th\u1ebf gi\u1edbi t\u01b0\u1edfng t\u01b0\u1ee3ng r\u1ef1c r\u1ee1 c\u1ee7a N Nh\u00e2n v\u1eadt ch\u00ednh Morrigan l\u00e0 m\u1ed9t n\u1eef anh h\u00f9ng tuy\u1ec7t v\u1eddi &#8211; th\u00f4ng minh, trung th\u00e0nh, d\u0169ng c\u1ea3m, \u0111\u1ea7y m\u00e2u thu\u1eabn, \u0111\u1ea5u tranh \u0111\u1ebfn c\u00f9ng \u0111\u1ec3 l\u00e0m \u0111i\u1ec1u \u0111\u00fang \u0111\u1eafn trong m\u1ed9t th\u1ebf gi\u1edbi n\u01a1i kh\u00f4ng ph\u1ea3i l\u00fac n\u00e0o c\u0169ng r\u00f5 \u0111i\u1ec1u g\u00ec l\u00e0 \u0111\u00fang. Ng\u01b0\u1eddi \u0111\u1ecdc s\u1ebd th\u01b0\u1edfng th\u1ee9c cu\u1ed9c phi\u00eau l\u01b0u m\u1edbi nh\u1ea5t n\u00e0y v\u00e0 mong ch\u1edd nh\u1eefng t\u1eadp ti\u1ebfp theo&#8221;- The Buffalo News n\u00f3i v\u1ec1 \u201cX\u1ee9 Nevermoor di\u1ec7u k\u1ef3\u201d.<\/p>\n","protected":false},"excerpt":{"rendered":"<p>\u0110inh T\u1ecb Books tr\u00e2n tr\u1ecdng gi\u1edbi thi\u1ec7u t\u00e1c ph\u1ea9m:<\/p>\n<p>X\u1ee9 Nevermoor di\u1ec7u k\u1ef3: Morrigan v\u00e0 v\u00e0 B\u1ec7nh d\u1ecbch tr\u1ed1ng r\u1ed7ng<\/p>\n<p>S\u1ef1 tr\u1edf l\u1ea1i \u0111\u1ea7y h\u1ee9a h\u1eb9n c\u1ee7a X\u1ee9 Nevermoor Di\u1ec7u K\u1ef3<\/p>\n<p>\u201cX\u1ee9 Nevermoor di\u1ec7u k\u1ef3: Morrigan v\u00e0 B\u1ec7nh d\u1ecbch tr\u1ed1ng r\u1ed7ng\u201d l\u00e0 t\u1eadp th\u1ee9 3 trong b\u1ed9 s\u00e1ch nhi\u1ec1u t\u1eadp \u201cX\u1ee9 Nevermoor di\u1ec7u k\u1ef3\u201d c\u1ee7a t\u00e1c gi\u1ea3 Jessica Townsend.<\/p>\n<p>T\u1eadp 1 v\u00e0 t\u1eadp 2 c\u1ee7a b\u1ed9 s\u00e1ch c\u00f3 t\u00ean \u201cX\u1ee9 Nevermoor di\u1ec7u k\u1ef3: Morrigan v\u00e0 nh\u1eefng th\u1eed th\u00e1ch gay c\u1ea5n\u201d v\u00e0 \u201cMorrigan v\u00e0 L\u1eddi tri\u1ec7u h\u1ed3i c\u1ee7a Wundersmith\u201d \u0111\u00e3 \u0111\u01b0\u1ee3c chuy\u1ec3n ng\u1eef sang Ti\u1ebfng Vi\u1ec7t v\u00e0o n\u0103m 2019 v\u00e0 2020 v\u00e0 \u0111\u01b0\u1ee3c \u0111\u1ed9c gi\u1ea3 Vi\u1ec7t Nam \u0111\u00f3n nh\u1eadn n\u1ed3ng nhi\u1ec7t.<\/p>\n<p>\u1ede t\u1eadp 3 mang t\u00ean \u201cMorrigan v\u00e0 b\u1ec7nh d\u1ecbch tr\u1ed1ng r\u1ed7ng\u201d, \u0111\u1ed9c gi\u1ea3 s\u1ebd \u0111\u01b0\u1ee3c b\u01b0\u1edbc ch\u00e2n v\u00e0o cu\u1ed9c phi\u00eau l\u01b0u k\u1ecbch t\u00ednh, k\u00ec th\u00fa v\u00e0 b\u1ea5t ng\u1edd nh\u1ea5t trong series.<\/p>\n<p>Ch\u1ee7 \u0111\u1ec1 b\u1ec7nh d\u1ecbch l\u00e0 t\u00e2m \u0111i\u1ec3m c\u1ee7a t\u00e1c ph\u1ea9m: \u1edf Nevermoor, m\u1ed9t b\u1ec7nh d\u1ecbch \u0111\u00e1ng s\u1ee3 \u1eadp \u0111\u1ebfn, n\u00f3 kh\u00f4ng ng\u1eebng l\u00e2y nhi\u1ec5m gi\u1eefa nh\u1eefng ng\u01b0\u1eddi lai, bi\u1ebfn h\u1ecd th\u00e0nh \u0111\u1ed9ng v\u1eadt v\u00f4 tri v\u00f4 gi\u00e1c. C\u1ea3 th\u00e0nh ph\u1ed1 Nevermoor r\u01a1i v\u00e0o tr\u1ea1ng th\u00e1i hoang mang, ho\u1ea3ng lo\u1ea1n v\u00ec d\u1ecbch b\u1ec7nh Tr\u1ed1ng r\u1ed7ng k\u1ef3 qu\u00e1i, b\u00ed hi\u1ec3m m\u1ed7i l\u00fac m\u1ed9t lan r\u1ed9ng, \u0111e d\u1ecda s\u1ef1 s\u1ed1ng c\u1ee7a t\u1ea5t c\u1ea3 c\u01b0 d\u00e2n. Morrigan s\u1edbm nh\u1eadn ra ch\u00ednh c\u00f4 ph\u1ea3i d\u1ea5n th\u00e2n v\u00e0o cu\u1ed9c t\u00ecm ki\u1ebfm ph\u01b0\u01a1ng ph\u00e1p \u0111i\u1ec1u tr\u1ecb v\u00e0 ch\u1ea5m d\u1ee9t b\u1ec7nh d\u1ecbch Tr\u1ed1ng r\u1ed7ng, c\u1ee9u l\u1ea5y th\u00e0nh ph\u1ed1 m\u00e0 c\u00f4 v\u00f4 c\u00f9ng y\u00eau qu\u00fd.<\/p>\n<p>2 X\u1ee9 Nevermoor di\u1ec7u k\u1ef3 &#8211; b\u1ed9 s\u00e1ch thi\u1ebfu ni\u00ean \u0111\u01b0\u1ee3c y\u00eau th\u00edch tr\u00ean th\u1ebf gi\u1edbi<\/p>\n<p>K\u1ec3 t\u1eeb khi ra \u0111\u1eddi, b\u1ed9 s\u00e1ch X\u1ee9 Nevermoor di\u1ec7u k\u1ef3 \u0111\u00e3 \u0111\u01b0a t\u00ean tu\u1ed5i c\u1ee7a t\u00e1c gi\u1ea3 Jessica Townsend tr\u1edf th\u00e0nh m\u1ed9t th\u1ea7n t\u01b0\u1ee3ng c\u1ee7a c\u00e1c \u0111\u1ed9c gi\u1ea3 tr\u1ebb.<\/p>\n<p>B\u1ed9 s\u00e1ch \u0111\u00e3 nh\u1eadn \u0111\u01b0\u1ee3c h\u01a1n nhi\u1ec1u gi\u1ea3i th\u01b0\u1edfng l\u1edbn nh\u1ecf kh\u00e1c nhau, ti\u00eau bi\u1ec3u nh\u01b0:<\/p>\n<p>Chi\u1ebfn th\u1eafng h\u1ea1ng m\u1ee5c \u201cCu\u1ed1n s\u00e1ch c\u1ee7a n\u0103m\u201d t\u1ea1i Indie Book Awards 2018<\/p>\n<p>Chi\u1ebfn th\u1eafng h\u1ea1ng m\u1ee5c \u201cCu\u1ed1n s\u00e1ch c\u1ee7a n\u0103m\u201d t\u1ea1i Australian Book Industry Awards<\/p>\n<p>Chi\u1ebfn th\u1eafng h\u1ea1ng S\u00e1ch thi\u1ebfu nhi Waterstones trong Gi\u1ea3i th\u01b0\u1edfng ti\u1ec3u thuy\u1ebft tr\u1ebb<\/p>\n<p>Gi\u00e0nh gi\u1ea3i th\u01b0\u1edfng Aurealis 2017 cho ti\u1ec3u thuy\u1ebft thi\u1ebfu nhi hay nh\u1ea5t<\/p>\n<p># 1 Amazon S\u00e1ch thi\u1ebfu nhi hay nh\u1ea5t trong n\u0103m<\/p>\n<p>&#8220;M\u1ed9t ti\u1ec3u thuy\u1ebft gi\u1ea3 t\u01b0\u1edfng v\u00f4 c\u00f9ng th\u00fa v\u1ecb \u0111\u1ee9a con lai tinh th\u1ea7n gi\u1eefa c\u1ee7a Doctor Who v\u00e0 Harry Potter&#8221; &#8211; Nh\u1eadn x\u00e9t tr\u00ean blog Barnes &amp; Noble Kids<\/p>\n<p>&#8220;Jessica Townsend \u0111\u00e3 gi\u1eef l\u1eddi h\u1ee9a t\u00e1i xu\u1ea5t m\u1ed9t c\u00e1ch tuy\u1ec7t v\u1eddi trong cu\u1ed1n s\u00e1ch th\u1ee9 hai v\u1ec1 th\u1ebf gi\u1edbi t\u01b0\u1edfng t\u01b0\u1ee3ng r\u1ef1c r\u1ee1 c\u1ee7a N Nh\u00e2n v\u1eadt ch\u00ednh Morrigan l\u00e0 m\u1ed9t n\u1eef anh h\u00f9ng tuy\u1ec7t v\u1eddi &#8211; th\u00f4ng minh, trung th\u00e0nh, d\u0169ng c\u1ea3m, \u0111\u1ea7y m\u00e2u thu\u1eabn, \u0111\u1ea5u tranh \u0111\u1ebfn c\u00f9ng \u0111\u1ec3 l\u00e0m \u0111i\u1ec1u \u0111\u00fang \u0111\u1eafn trong m\u1ed9t th\u1ebf gi\u1edbi n\u01a1i kh\u00f4ng ph\u1ea3i l\u00fac n\u00e0o c\u0169ng r\u00f5 \u0111i\u1ec1u g\u00ec l\u00e0 \u0111\u00fang. Ng\u01b0\u1eddi \u0111\u1ecdc s\u1ebd th\u01b0\u1edfng th\u1ee9c cu\u1ed9c phi\u00eau l\u01b0u m\u1edbi nh\u1ea5t n\u00e0y v\u00e0 mong ch\u1edd nh\u1eefng t\u1eadp ti\u1ebfp theo&#8221;- The Buffalo News n\u00f3i v\u1ec1 \u201cX\u1ee9 Nevermoor di\u1ec7u k\u1ef3\u201d.<\/p>\n","protected":false},"featured_media":15294,"template":"","meta":{"_acf_changed":false},"product_brand":[],"product_cat":[17,15,26,74],"product_tag":[],"class_list":{"0":"post-15298","1":"product","2":"type-product","3":"status-publish","4":"has-post-thumbnail","6":"product_cat-sach-danh-cho-cac-be","7":"product_cat-sach-danh-cho-nguoi-lon","8":"product_cat-thieu-nien-11-tuoi-18-tuoi","9":"product_cat-vien-tuong-kiem-hiep","11":"first","12":"outofstock","13":"taxable","14":"shipping-taxable","15":"purchasable","16":"product-type-simple"},"supplier_id":null,"supplier_sku":"","barcode":null,"atum_controlled":true,"out_stock_date":"2021-12-01 16:55:56","out_stock_threshold":null,"inheritable":false,"inbound_stock":0,"stock_on_hold":0,"sold_today":0,"sales_last_days":0,"reserved_stock":0,"customer_returns":0,"warehouse_damage":0,"lost_in_post":0,"other_logs":0,"out_stock_days":1519,"lost_sales":0,"has_location":false,"update_date":"2026-01-28T23:10:57","atum_locations":[],"atum_stock_status":"outofstock","restock_status":false,"low_stock_amount":"","sales_update_date":"2026-01-28T23:10:57","calc_backorders":null,"acf":{"publisher":{"ID":1470,"post_author":"2","post_date":"2021-02-17 01:12:47","post_date_gmt":"2021-02-16 23:12:47","post_content":"<!-- wp:flatsome\/uxbuilder -->\n<h1 style=\"text-align: center\"><strong>\u0110inh T\u1ecb<\/strong><\/h1>\n[row]\n\n[col span=\"4\" span__sm=\"12\"]\n\n[ux_image id=\"1831\" image_size=\"medium\"]\n\n\n[\/col]\n[col span=\"8\" span__sm=\"12\"]\n\n<p><strong>\u0110inh T\u1ecb Books - Ti\u00ean phong s\u00e1ng t\u1ea1o<\/strong><\/p>\n<p>Th\u00e0nh l\u1eadp n\u0103m 2006, t\u1edbi nay \u0110inh T\u1ecb Books \u0111\u01b0\u1ee3c \u0111\u00e1nh gi\u1ea3 l\u00e0 \u0111\u01a1n v\u1ecb xu\u1ea5t b\u1ea3n uy t\u00edn c\u00f3 t\u1ed1c \u0111\u1ed9 ph\u00e1t tri\u1ec3n nhanh nh\u1ea5t g\u1eafn v\u1edbi th\u00e0nh c\u00f4ng c\u1ee7a hai t\u1ee7 s\u00e1ch l\u1edbn: T\u1ee7 s\u00e1ch Thi\u1ebfu nhi - T\u1ee7 s\u00e1ch V\u0103n h\u1ecdc. Trong \u0111\u00f3 ph\u1ea3i k\u1ec3 t\u1edbi b\u01b0\u1edbc chuy\u1ec3n m\u00ecnh \u0111\u1ea7y \u1ea5n t\u01b0\u1ee3ng, tr\u1edf th\u00e0nh \u0111\u01a1n v\u1ecb ti\u00ean phong s\u00e1ng t\u1ea1o d\u00f2ng S\u00c1CH T\u01af\u01a0NG T\u00c1C thi\u1ebfu nhi. V\u1edbi h\u01a1n 300 t\u1ef1a s\u00e1ch t\u01b0\u01a1ng t\u00e1c \u0111ang l\u01b0u h\u00e0nh, \u0110inh T\u1ecb Books \u0111\u00e3 mang \u0111\u1ebfn nh\u1eefng gi\u00e1 tr\u1ecb tr\u1ea3i nghi\u1ec7m tuy\u1ec7t v\u1eddi, \u0111\u01b0a vi\u1ec7c h\u1ecdc v\u00e0 ch\u01a1i c\u00f9ng s\u00e1ch tr\u1edf n\u00ean hi\u1ec7u qu\u1ea3 h\u01a1n, gi\u00fap tr\u1ebb th\u00f4ng minh, t\u0103ng tr\u01b0\u1edfng c\u00e1c ch\u1ec9 s\u1ed1 IQ, EQ.<\/p>\n<p><strong>Th\u1ebf m\u1ea1nh c\u1ee7a \u0110inh T\u1ecb Books<\/strong><\/p>\n<p>V\u1edbi kinh nghi\u1ec7m nhi\u1ec1u n\u0103m trong ng\u00e0nh xu\u1ea5t b\u1ea3n, \u0110inh T\u1ecb Books tin r\u1eb1ng c\u00e1c b\u1eadc cha m\u1eb9 lu\u00f4n d\u00e0nh nh\u1eefng \u0111i\u1ec1u t\u1ed1t \u0111\u1eb9p nh\u1ea5t cho c\u00e1c con c\u1ee7a m\u00ecnh. \u0110\u1ecdc s\u00e1ch c\u00f9ng con lu\u00f4n l\u00e0 l\u1ef1a ch\u1ecdn h\u00e0ng \u0111\u1ea7u gi\u00fap g\u1eafn k\u1ebft t\u00ecnh y\u00eau th\u01b0\u01a1ng \u0111\u1ed3ng th\u1eddi gi\u00fap con nu\u00f4i d\u01b0\u1ee1ng ni\u1ec1m \u0111am m\u00ea v\u1edbi s\u00e1ch.<\/p>\n\n[\/col]\n\n[\/row]\n<p><strong>T\u00ecnh y\u00eau l\u1edbn d\u00e0nh cho nh\u1eefng cu\u1ed1n s\u00e1ch.<\/strong><\/p>\n<p>Xu\u1ea5t ph\u00e1t t\u1eeb t\u00ecnh y\u00eau v\u1edbi nh\u1eefng cu\u1ed1n s\u00e1ch, l\u00f2ng t\u1eadn t\u00e2m mu\u1ed1n g\u00ecn gi\u1eef nh\u1eefng gi\u00e1 tr\u1ecb v\u0103n h\u00f3a truy\u1ec1n th\u1ed1ng c\u1ee7a Vi\u1ec7t Nam, mong mu\u1ed1n \u0111\u01b0a nh\u1eefng gi\u00e1 tr\u1ecb \u0111\u1eadm ch\u1ea5t Vi\u1ec7t Nam \u0111\u1ebfn v\u1edbi tr\u1ebb em Vi\u1ec7t, c\u00e1c th\u00e0nh vi\u00ean s\u00e1ng t\u1ea1o c\u1ee7a \u0110inh T\u1ecb Books \u0111\u00e3 kh\u00f4ng ng\u1eebng n\u1ed7 l\u1ef1c, t\u00ecm t\u00f2i v\u00e0 h\u1ecdc h\u1ecfi, \u0111\u1ec3 \u0111\u01b0a nh\u1eefng cu\u1ed1n s\u00e1ch \u201c100% made in Vietnam\u201d \u0111\u1ebfn v\u1edbi tr\u1ebb em Vi\u1ec7t. C\u00e1c ki\u1ebfn th\u1ee9c b\u1ed5 \u00edch \u0111\u01b0\u1ee3c truy\u1ec1n t\u1ea3i th\u00f4ng qua nh\u1eefng t\u01b0\u01a1ng t\u00e1c th\u00fa v\u1ecb gi\u00fap tr\u1ebb nh\u1edb l\u00e2u h\u01a1n, h\u1ecdc t\u1ed1t h\u01a1n.<\/p>\n<p>Nh\u1eadn ra \u0111\u01b0\u1ee3c s\u1ee9 m\u1ec7nh v\u00e0 t\u1ea7m nh\u00ecn c\u1ee7a \u0110inh T\u1ecb, <strong>SACHVIET.EU<\/strong> \u0111\u00e3 li\u00ean l\u1ea1c v\u1edbi \u0110inh T\u1ecb \u0111\u1ec3 \u0111\u01b0\u1ee3c h\u1ed7 tr\u1ee3 \u0111\u01b0a nh\u1eefng cu\u1ed1n s\u00e1ch mang gi\u00e1 tr\u1ecb \u0111\u1eadm ch\u1ea5t Vi\u1ec7t Nam \u0111\u1ebfn v\u1edbi tr\u1ebb em Vi\u1ec7t v\u00e0 c\u1ed9ng \u0111\u1ed3ng Vi\u1ec7t s\u1ed1ng t\u1ea1i Ch\u00e2u \u00c2u. SACHVIET.EU \u0111\u1eb7t l\u00f2ng tin \u1edf \u0110inh T\u1ecb s\u1ebd lu\u00f4n \u0111em \u0111\u1ebfn nh\u1eefng gi\u00e1 tr\u1ecb cao qua t\u1eebng trang s\u00e1ch v\u00e0 hy v\u1ecdng \u0111\u1ed9c gi\u1ea3 s\u1ebd lu\u00f4n h\u00e0i l\u00f2ng v\u1edbi ch\u1ea5t l\u01b0\u1ee3ng m\u00e0 \u0110inh T\u1ecb theo \u0111u\u1ed5i bao n\u0103m qua.<\/p>\n\n<!-- \/wp:flatsome\/uxbuilder -->","post_title":"\u0110inh T\u1ecb","post_excerpt":"","post_status":"publish","comment_status":"closed","ping_status":"closed","post_password":"","post_name":"dinh-ti","to_ping":"","pinged":"","post_modified":"2022-12-19 23:15:43","post_modified_gmt":"2022-12-19 21:15:43","post_content_filtered":"","post_parent":0,"guid":"https:\/\/sachviet.eu\/nha-phat-hanh\/dinh-ti\/","menu_order":0,"post_type":"publisher","post_mime_type":"","comment_count":"0","filter":"raw"}},"_links":{"self":[{"href":"https:\/\/sachviet.eu\/en\/wp-json\/wp\/v2\/product\/15298","targetHints":{"allow":["GET"]}}],"collection":[{"href":"https:\/\/sachviet.eu\/en\/wp-json\/wp\/v2\/product"}],"about":[{"href":"https:\/\/sachviet.eu\/en\/wp-json\/wp\/v2\/types\/product"}],"wp:featuredmedia":[{"embeddable":true,"href":"https:\/\/sachviet.eu\/en\/wp-json\/wp\/v2\/media\/15294"}],"wp:attachment":[{"href":"https:\/\/sachviet.eu\/en\/wp-json\/wp\/v2\/media?parent=15298"}],"wp:term":[{"taxonomy":"product_brand","embeddable":true,"href":"https:\/\/sachviet.eu\/en\/wp-json\/wp\/v2\/product_brand?post=15298"},{"taxonomy":"product_cat","embeddable":true,"href":"https:\/\/sachviet.eu\/en\/wp-json\/wp\/v2\/product_cat?post=15298"},{"taxonomy":"product_tag","embeddable":true,"href":"https:\/\/sachviet.eu\/en\/wp-json\/wp\/v2\/product_tag?post=15298"}],"curies":[{"name":"wp","href":"https:\/\/api.w.org\/{rel}","templated":true}]}}