{"id":15293,"date":"2021-08-04T15:03:01","date_gmt":"2021-08-04T12:03:01","guid":{"rendered":"https:\/\/sachviet.eu\/shop\/yeu-quai-nho-van-ao-tac-xanh\/"},"modified":"2021-08-04T17:03:10","modified_gmt":"2021-08-04T14:03:10","slug":"yeu-quai-nho-van-ao-tac-xanh","status":"publish","type":"product","link":"https:\/\/sachviet.eu\/en\/shop\/yeu-quai-nho-van-ao-tac-xanh\/","title":{"rendered":"Y\u00eau Qu\u00e1i Nh\u1ecf V\u1eadn \u00c1o T\u1ea5c Xanh"},"content":{"rendered":"<p>Y\u00eau qu\u00e1i nh\u1ecf v\u1eadn \u00e1o t\u1ea5c xanh \u2013 Nh\u1eefng v\u1ecb kh\u00e1ch nh\u1ecf v\u00f4 h\u00ecnh<\/p>\n<p>N\u1ebfu m\u1ed9t ng\u00e0y, b\u1ed7ng nhi\u00ean b\u1ea1n c\u1ea3m th\u1ea5y \u0111\u00f4i ch\u00fat m\u1ec7t m\u1ecfi m\u00e0 kh\u00f4ng bi\u1ebft t\u1ea1i sao, \u0111\u1eebng lo l\u1eafng nh\u00e9! C\u00f3 th\u1ec3 c\u00f3 m\u1ed9t y\u00eau qu\u00e1i nh\u1ecf \u0111\u00e1ng y\u00eau \u0111ang \u1edf b\u00ean b\u1ea1n \u0111\u1ea5y!<\/p>\n<p>&#8220;Y\u00eau qu\u00e1i nh\u1ecf v\u1eadn \u00e1o t\u1ea5c xanh&#8221; di\u1ec5n ra trong th\u1ebf gi\u1edbi m\u00e0 nh\u1eefng linh h\u1ed3n tr\u1ebb em \u0111\u01b0\u1ee3c \u0110\u1ea1i Th\u00e1nh M\u1eabu b\u1ea3o h\u1ed9, tr\u1edf th\u00e0nh nh\u1eefng y\u00eau qu\u00e1i nh\u1ecf v\u00f4 h\u1ea1i, ng\u00e0y ng\u00e0y vui \u0111\u00f9a c\u00f9ng nhau v\u00e0 d\u00f9ng n\u0103ng l\u01b0\u1ee3ng c\u1ee7a con ng\u01b0\u1eddi \u0111\u1ec3 t\u1ed3n t\u1ea1i.<\/p>\n<p>C\u00f3 m\u1ed9t c\u1eadu y\u00eau qu\u00e1i nh\u1ecf v\u00f4 t\u00ecnh g\u1eb7p \u0111\u01b0\u1ee3c ch\u00e0ng trai t\u1ed1t b\u1ee5ng t\u00ean Duy, th\u1ea5y c\u1eadu c\u1ee9u b\u00e9 c\u00fan nh\u1ecf \u0111ang m\u1eafc m\u01b0a, li\u1ec1n l\u1ebdo \u0111\u1ebdo b\u00e1m theo sau t\u1eeb \u1ea5y. Duy c\u00f3 m\u1ed9t ng\u01b0\u1eddi anh sinh \u0111\u00f4i l\u00e0 Tr\u00ed, tuy sinh \u0111\u00f4i nh\u01b0ng m\u1ed7i ng\u01b0\u1eddi m\u1ed9t t\u00ednh c\u00e1ch. Duy th\u00ec kh\u1edd kh\u1ea1o, hay n\u00f3i hay c\u01b0\u1eddi, c\u00f2n Tr\u00ed th\u00ec th\u00f4ng minh v\u00e0 tr\u1ea7m t\u00ednh nh\u01b0ng h\u1ebft m\u1ef1c b\u1ea3o v\u1ec7 Duy. Duy v\u00f4 t\u01b0 v\u00f4 lo l\u00e0 v\u1eady n\u00ean hay \u0111\u00e2m \u0111\u1ea7u r\u1eafc r\u1ed1i, khi\u1ebfn c\u1ea3 Tr\u00ed v\u00e0 ba m\u1eb9 nhi\u1ec1u phen n\u00e1o lo\u1ea1n. Gia \u0111\u00ecnh b\u1ed1n ng\u01b0\u1eddi nay c\u00f3 th\u00eam th\u00e0nh vi\u00ean m\u1edbi l\u00e0 ch\u00fa ch\u00f3 Chanh, l\u1ea1i th\u00eam c\u00e1c v\u1ecb kh\u00e1ch nh\u1ecf v\u00f4 h\u00ecnh gh\u00e9 th\u0103m, m\u1ed7i ng\u00e0y c\u1ea3 nh\u00e0 \u0111\u1ec1u vui v\u1ebb v\u00e0 \u0111\u1ea7y \u1eafp ti\u1ebfng c\u01b0\u1eddi.<\/p>\n<p>\u0110\u00e2y l\u00e0 t\u1eadp truy\u1ec7n m\u1edf \u0111\u1ea7u cho m\u1ed9t c\u00e2u chuy\u1ec7n \u0111\u1eddi th\u01b0\u1eddng, nh\u1eb9 nh\u00e0ng v\u1ec1 m\u1ed9t c\u1eadu h\u1ecdc sinh ng\u00e2y ng\u00f4 kh\u1edd kh\u1ea1o v\u00e0 m\u1ed9t y\u00eau qu\u00e1i nh\u1ecf tinh ngh\u1ecbch th\u00edch rong ch\u01a1i. Skycomics mong r\u1eb1ng cu\u1ed1n truy\u1ec7n n\u00e0y s\u1ebd \u0111em l\u1ea1i cho b\u1ea1n nh\u1eefng gi\u00e2y ph\u00fat ng\u1eadp tr\u00e0n n\u0103ng l\u01b0\u1ee3ng v\u00e0 th\u01b0 gi\u00e3n!<\/p>\n","protected":false},"excerpt":{"rendered":"<p>Y\u00eau qu\u00e1i nh\u1ecf v\u1eadn \u00e1o t\u1ea5c xanh \u2013 Nh\u1eefng v\u1ecb kh\u00e1ch nh\u1ecf v\u00f4 h\u00ecnh<\/p>\n<p>N\u1ebfu m\u1ed9t ng\u00e0y, b\u1ed7ng nhi\u00ean b\u1ea1n c\u1ea3m th\u1ea5y \u0111\u00f4i ch\u00fat m\u1ec7t m\u1ecfi m\u00e0 kh\u00f4ng bi\u1ebft t\u1ea1i sao, \u0111\u1eebng lo l\u1eafng nh\u00e9! C\u00f3 th\u1ec3 c\u00f3 m\u1ed9t y\u00eau qu\u00e1i nh\u1ecf \u0111\u00e1ng y\u00eau \u0111ang \u1edf b\u00ean b\u1ea1n \u0111\u1ea5y!<\/p>\n<p>&#8220;Y\u00eau qu\u00e1i nh\u1ecf v\u1eadn \u00e1o t\u1ea5c xanh&#8221; di\u1ec5n ra trong th\u1ebf gi\u1edbi m\u00e0 nh\u1eefng linh h\u1ed3n tr\u1ebb em \u0111\u01b0\u1ee3c \u0110\u1ea1i Th\u00e1nh M\u1eabu b\u1ea3o h\u1ed9, tr\u1edf th\u00e0nh nh\u1eefng y\u00eau qu\u00e1i nh\u1ecf v\u00f4 h\u1ea1i, ng\u00e0y ng\u00e0y vui \u0111\u00f9a c\u00f9ng nhau v\u00e0 d\u00f9ng n\u0103ng l\u01b0\u1ee3ng c\u1ee7a con ng\u01b0\u1eddi \u0111\u1ec3 t\u1ed3n t\u1ea1i.<\/p>\n<p>C\u00f3 m\u1ed9t c\u1eadu y\u00eau qu\u00e1i nh\u1ecf v\u00f4 t\u00ecnh g\u1eb7p \u0111\u01b0\u1ee3c ch\u00e0ng trai t\u1ed1t b\u1ee5ng t\u00ean Duy, th\u1ea5y c\u1eadu c\u1ee9u b\u00e9 c\u00fan nh\u1ecf \u0111ang m\u1eafc m\u01b0a, li\u1ec1n l\u1ebdo \u0111\u1ebdo b\u00e1m theo sau t\u1eeb \u1ea5y. Duy c\u00f3 m\u1ed9t ng\u01b0\u1eddi anh sinh \u0111\u00f4i l\u00e0 Tr\u00ed, tuy sinh \u0111\u00f4i nh\u01b0ng m\u1ed7i ng\u01b0\u1eddi m\u1ed9t t\u00ednh c\u00e1ch. Duy th\u00ec kh\u1edd kh\u1ea1o, hay n\u00f3i hay c\u01b0\u1eddi, c\u00f2n Tr\u00ed th\u00ec th\u00f4ng minh v\u00e0 tr\u1ea7m t\u00ednh nh\u01b0ng h\u1ebft m\u1ef1c b\u1ea3o v\u1ec7 Duy. Duy v\u00f4 t\u01b0 v\u00f4 lo l\u00e0 v\u1eady n\u00ean hay \u0111\u00e2m \u0111\u1ea7u r\u1eafc r\u1ed1i, khi\u1ebfn c\u1ea3 Tr\u00ed v\u00e0 ba m\u1eb9 nhi\u1ec1u phen n\u00e1o lo\u1ea1n. Gia \u0111\u00ecnh b\u1ed1n ng\u01b0\u1eddi nay c\u00f3 th\u00eam th\u00e0nh vi\u00ean m\u1edbi l\u00e0 ch\u00fa ch\u00f3 Chanh, l\u1ea1i th\u00eam c\u00e1c v\u1ecb kh\u00e1ch nh\u1ecf v\u00f4 h\u00ecnh gh\u00e9 th\u0103m, m\u1ed7i ng\u00e0y c\u1ea3 nh\u00e0 \u0111\u1ec1u vui v\u1ebb v\u00e0 \u0111\u1ea7y \u1eafp ti\u1ebfng c\u01b0\u1eddi.<\/p>\n<p>\u0110\u00e2y l\u00e0 t\u1eadp truy\u1ec7n m\u1edf \u0111\u1ea7u cho m\u1ed9t c\u00e2u chuy\u1ec7n \u0111\u1eddi th\u01b0\u1eddng, nh\u1eb9 nh\u00e0ng v\u1ec1 m\u1ed9t c\u1eadu h\u1ecdc sinh ng\u00e2y ng\u00f4 kh\u1edd kh\u1ea1o v\u00e0 m\u1ed9t y\u00eau qu\u00e1i nh\u1ecf tinh ngh\u1ecbch th\u00edch rong ch\u01a1i. Skycomics mong r\u1eb1ng cu\u1ed1n truy\u1ec7n n\u00e0y s\u1ebd \u0111em l\u1ea1i cho b\u1ea1n nh\u1eefng gi\u00e2y ph\u00fat ng\u1eadp tr\u00e0n n\u0103ng l\u01b0\u1ee3ng v\u00e0 th\u01b0 gi\u00e3n!<\/p>\n","protected":false},"featured_media":15292,"template":"","meta":{"_acf_changed":false},"product_brand":[],"product_cat":[73,15],"product_tag":[],"class_list":{"0":"post-15293","1":"product","2":"type-product","3":"status-publish","4":"has-post-thumbnail","6":"product_cat-dam-my-ngon-tinh","7":"product_cat-sach-danh-cho-nguoi-lon","9":"first","10":"outofstock","11":"taxable","12":"shipping-taxable","13":"purchasable","14":"product-type-simple"},"supplier_id":null,"supplier_sku":"","barcode":null,"atum_controlled":true,"out_stock_date":"2021-08-04 14:03:10","out_stock_threshold":null,"inheritable":false,"inbound_stock":0,"stock_on_hold":0,"sold_today":0,"sales_last_days":0,"reserved_stock":0,"customer_returns":0,"warehouse_damage":0,"lost_in_post":0,"other_logs":0,"out_stock_days":1638,"lost_sales":0,"has_location":false,"update_date":"2026-01-28T23:10:57","atum_locations":[],"atum_stock_status":"outofstock","restock_status":false,"low_stock_amount":"","sales_update_date":"2026-01-28T23:10:57","calc_backorders":null,"acf":{"publisher":{"ID":1460,"post_author":"1","post_date":"2021-02-17 01:12:24","post_date_gmt":"2021-02-16 23:12:24","post_content":"<!-- wp:flatsome\/uxbuilder -->\n<h1 style=\"text-align: center;\"><strong>Skybooks<\/strong><\/h1>\n[row]\n\n[col span=\"7\" span__sm=\"12\"]\n\n<p>C\u00f4ng ty ph\u00e1t h\u00e0nh s\u00e1ch Skybooks. \"T\u00f4i tr\u1ebb, t\u00f4i \u0111am m\u00ea\" v\u1edbi s\u1ee9 m\u1ec7nh lan to\u1ea3 c\u1ea3m x\u00fac v\u00e0 k\u1ebft n\u1ed1i t\u00e2m h\u1ed3n<\/p>\n<p><strong>Skybooks l\u00e0 c\u00e2u chuy\u1ec7n k\u1ec3 v\u1ec1:<\/strong><br \/>M\u1ed9t th\u1ebf h\u1ec7 ng\u01b0\u1eddi vi\u1ebft tr\u1ebb, \u0111am m\u00ea v\u0103n ch\u01b0\u01a1ng v\u00e0 t\u00f4n tr\u1ecdng, g\u00ecn gi\u1eef, s\u00e1ng t\u1ea1o Ti\u1ebfng Vi\u1ec7t. M\u1ed9t th\u1ebf h\u1ec7 \u0111\u1ed9c gi\u1ea3 tr\u1ebb, \u0111am m\u00ea kh\u00e1m ph\u00e1 ng\u00f4n ng\u1eef v\u00e0 say m\u00ea \u0111\u1ebfn v\u1edbi th\u1ebf gi\u1edbi c\u1ee7a nh\u1eefng quy\u1ec3n s\u00e1ch. M\u1ed9t th\u1ebf h\u1ec7 ng\u01b0\u1eddi l\u00e0m s\u00e1ch tr\u1ebb, \u0111am m\u00ea mang nh\u1eefng gi\u00e1 tr\u1ecb tinh th\u1ea7n l\u1ea1i g\u1ea7n ng\u01b0\u1eddi \u0111\u1ecdc.<br \/>Trong b\u1ed9 nh\u1eadn d\u1ea1ng th\u01b0\u01a1ng hi\u1ec7u:<br \/>Skybooks v\u1edbi ch\u1eef Sky m\u00e0u xanh da tr\u1eddi c\u00f3 \u00fd ngh\u0129a l\u00e0 c\u00f4ng ty B\u1ea7u Tr\u1eddi - n\u01a1i t\u1ea5t c\u1ea3 \u01b0\u1edbc m\u01a1 \u0111\u01b0\u1ee3c t\u1ef1 do tung c\u00e1nh.<br \/>V\u1edbi logo h\u00ecnh hoa b\u1ed3 c\u00f4ng anh \u0111ang bay t\u01b0\u1ee3ng tr\u01b0ng cho s\u1ef1 lan to\u1ea3 c\u1ea3m x\u00fac v\u00e0 kh\u00e1t v\u1ecdng bay cao.<br \/>K\u1ebb v\u1ea1ch logo c\u00f3 n\u1ec1n m\u00e0u ghi x\u00e1m xu\u1ea5t hi\u1ec7n tr\u00ean b\u00eca m\u1ecdi \u1ea5n ph\u1ea9m th\u1ec3 hi\u1ec7n con \u0111\u01b0\u1eddng b\u01b0\u1edbc v\u00e0o th\u1ecb tr\u01b0\u1eddng s\u00e1ch v\u00e0 chinh ph\u1ee5c \u0111\u1ed9c gi\u1ea3 l\u00e0 m\u1ed9t h\u00e0nh tr\u00ecnh d\u00e0i, \u0111\u1ea7y gian kh\u00f3, c\u00f3 nhi\u1ec1u b\u00e3o t\u1ed1, nh\u01b0ng ch\u1ec9 c\u1ea7n n\u1ed7 l\u1ef1c c\u1ed1 g\u1eafng nh\u1ea5t \u0111\u1ecbnh s\u1ebd ngo\u1ea1n m\u1ee5c v\u01b0\u1ee3t qua. \u0110\u1ec3 kh\u1eb3ng \u0111\u1ecbnh v\u00e0 ch\u1ee9ng minh ch\u00ednh m\u00ecnh!<\/p>\n\n[\/col]\n[col span=\"5\" span__sm=\"12\"]\n\n[ux_image id=\"1825\" image_size=\"medium\"]\n\n\n[\/col]\n\n[\/row]\n\n<!-- \/wp:flatsome\/uxbuilder -->","post_title":"Skybooks","post_excerpt":"","post_status":"publish","comment_status":"closed","ping_status":"closed","post_password":"","post_name":"skybooks","to_ping":"","pinged":"","post_modified":"2021-02-17 01:57:31","post_modified_gmt":"2021-02-16 23:57:31","post_content_filtered":"","post_parent":0,"guid":"https:\/\/sachviet.eu\/nha-phat-hanh\/skybooks\/","menu_order":0,"post_type":"publisher","post_mime_type":"","comment_count":"0","filter":"raw"}},"_links":{"self":[{"href":"https:\/\/sachviet.eu\/en\/wp-json\/wp\/v2\/product\/15293","targetHints":{"allow":["GET"]}}],"collection":[{"href":"https:\/\/sachviet.eu\/en\/wp-json\/wp\/v2\/product"}],"about":[{"href":"https:\/\/sachviet.eu\/en\/wp-json\/wp\/v2\/types\/product"}],"wp:featuredmedia":[{"embeddable":true,"href":"https:\/\/sachviet.eu\/en\/wp-json\/wp\/v2\/media\/15292"}],"wp:attachment":[{"href":"https:\/\/sachviet.eu\/en\/wp-json\/wp\/v2\/media?parent=15293"}],"wp:term":[{"taxonomy":"product_brand","embeddable":true,"href":"https:\/\/sachviet.eu\/en\/wp-json\/wp\/v2\/product_brand?post=15293"},{"taxonomy":"product_cat","embeddable":true,"href":"https:\/\/sachviet.eu\/en\/wp-json\/wp\/v2\/product_cat?post=15293"},{"taxonomy":"product_tag","embeddable":true,"href":"https:\/\/sachviet.eu\/en\/wp-json\/wp\/v2\/product_tag?post=15293"}],"curies":[{"name":"wp","href":"https:\/\/api.w.org\/{rel}","templated":true}]}}