{"id":15291,"date":"2021-08-04T15:02:55","date_gmt":"2021-08-04T12:02:55","guid":{"rendered":"https:\/\/sachviet.eu\/shop\/bang-mon-ta-dao\/"},"modified":"2021-08-04T17:03:10","modified_gmt":"2021-08-04T14:03:10","slug":"bang-mon-ta-dao","status":"publish","type":"product","link":"https:\/\/sachviet.eu\/en\/shop\/bang-mon-ta-dao\/","title":{"rendered":"B\u00e0ng M\u00f4n T\u1ea3 \u0110\u1ea1o"},"content":{"rendered":"<p>Tr\u1eddi \u0111\u1ea5t bao la, th\u1ebf s\u1ef1 kh\u00f3 l\u01b0\u1eddng, n\u1ebfu m\u1ed9t l\u1ea7n g\u1eb7p \u0111\u01b0\u1ee3c ng\u01b0\u1eddi t\u00ecnh nguy\u1ec7n v\u00ec m\u00ecnh t\u1ea1o d\u1ef1ng m\u1ed9t m\u00e1i nh\u00e0, mu\u1ed1n s\u1ed1ng c\u00f9ng m\u00ecnh c\u1ea3 m\u1ed9t \u0111\u1eddi, th\u00ec h\u1ecfi ch\u0103ng tr\u00e1i tim \u0111\u00e2u ph\u1ea3i s\u1eaft \u0111\u00e1 m\u00e0 c\u00f3 th\u1ec3 kh\u00f4ng th\u1ed5n th\u1ee9c xao \u0111\u1ed9ng cho \u0111\u01b0\u1ee3c.<\/p>\n<p>L\u01b0u Ng\u1ecdc l\u00e0 m\u1ed9t y\u00eau mi\u00eau \u0111i theo con \u0111\u01b0\u1eddng b\u00e0ng m\u00f4n t\u00e0 \u0111\u1ea1o, s\u1edbm \u0111\u00e3 quen v\u1edbi vi\u1ec7c c\u00f4 \u0111\u1ed9c m\u1ed9t m\u00ecnh su\u1ed1t m\u1ea5y tr\u0103m n\u0103m nay. T\u1eeb nh\u1ecf t\u1edbi gi\u1edd ch\u01b0a t\u1eebng c\u00f3 ng\u01b0\u1eddi th\u00edch y, y c\u0169ng ch\u01b0a t\u1eebng \u0111\u1ed9ng t\u00e2m v\u1edbi b\u1ea5t k\u00ec k\u1ebb n\u00e0o. \u0110\u1ed1i v\u1edbi y, t\u00ecnh c\u1ea3m ch\u1ec9 l\u00e0 h\u01b0 kh\u00f4ng, \u0111\u00e2u \u0111\u00e2u c\u0169ng c\u00f3 th\u1ec3 tr\u1edf th\u00e0nh ch\u1ed1n dung th\u00e2n, ch\u1ec9 l\u00e0 kh\u00f4ng c\u00f3 m\u1ed9t c\u00e1i \u201cnh\u00e0\u201d cho ri\u00eang m\u00ecnh.<\/p>\n<p>V\u00e0 r\u1ed3i ng\u01b0\u1eddi \u1ea5y xu\u1ea5t hi\u1ec7n. Ng\u01b0\u1eddi \u1ea5y n\u00f3i th\u00edch y. Ng\u01b0\u1eddi \u1ea5y n\u00f3i mu\u1ed1n b\u1ea3o v\u1ec7 y. Ng\u01b0\u1eddi \u1ea5y n\u00f3i mu\u1ed1n s\u1ed1ng c\u00f9ng y m\u1ed9t \u0111\u1eddi m\u1ed9t ki\u1ebfp trong ng\u00f4i nh\u00e0 c\u1ee7a ri\u00eang h\u1ecd. Ng\u01b0\u1eddi \u1ea5y d\u1eabu cho khu\u00f4n m\u1eb7t l\u00fac n\u00e0o c\u0169ng d\u1eedng d\u01b0ng v\u00f4 c\u1ea3m, nh\u01b0ng \u0111\u1ed1i v\u1edbi y l\u1ea1i d\u1ecbu d\u00e0ng \u1ea5m \u00e1p v\u00f4 c\u00f9ng, t\u1ef1a nh\u01b0 \u00e1nh m\u1eb7t tr\u1eddi \u0111\u1eb9p \u0111\u1ebd m\u00e0 r\u1ef1c r\u1ee1. Ng\u01b0\u1eddi \u1ea5y\u2026<\/p>\n<p>Nh\u01b0ng bu\u1ed3n thay, t\u1ea5t c\u1ea3 ch\u1ec9 l\u00e0 gi\u1ea3. H\u1ebft th\u1ea3y ch\u1ec9 l\u00e0 \u00e2m m\u01b0u d\u1ed1i tr\u00e1 do y th\u00eau d\u1ec7t n\u00ean m\u00e0 th\u00f4i.<\/p>\n<p>\u0110\u1ebfn cu\u1ed1i c\u00f9ng, ai m\u1edbi l\u00e0 ng\u01b0\u1eddi \u0111em tr\u1ecdn tr\u00e1i tim c\u1ee7a m\u00ecnh ra d\u00e2ng hi\u1ebfn, ai m\u1edbi l\u00e0 ng\u01b0\u1eddi kh\u00f4ng n\u1ee1 bu\u00f4ng tay trong m\u1ed1i duy\u00ean h\u1ed3ng n\u00e0y? Khi l\u1eddi n\u00f3i d\u1ed1i b\u1ecb v\u1ea1ch tr\u1ea7n, h\u1ed1i h\u1eadn, day d\u1ee9t, h\u1ea1nh ph\u00fac, m\u00e3n nguy\u1ec7n,\u2026 k\u1ebft c\u1ee5c n\u00e0o s\u1ebd \u0111\u1ebfn v\u1edbi m\u1ed1i t\u00ecnh ngang tr\u00e1i c\u1ee7a h\u1ecd? Li\u1ec7u t\u00ecnh y\u00eau c\u00f3 th\u1ec3 l\u1ea7n n\u1eefa ch\u1edbm n\u1edf sau nh\u1eefng toan t\u00ednh gi\u1ea3 d\u1ed1i?<\/p>\n<p>\u201cB\u00e0ng m\u00f4n t\u00e0 \u0111\u1ea1o\u201d \u2013 m\u1ed9t c\u00e2u chuy\u1ec7n t\u00ecnh y\u00eau nhi\u1ec1u ti\u1ebfng c\u01b0\u1eddi nh\u01b0ng c\u0169ng l\u1eafm \u0111au th\u01b0\u01a1ng, ti\u1ebfp n\u1ed1i trong series huy\u1ec1n huy\u1ec5n c\u1ee7a Kh\u1ed1n \u1ef6 Nguy L\u00e2u. H\u00f3a ra, th\u00edch m\u1ed9t ng\u01b0\u1eddi c\u00f3 th\u1ec3 c\u1ed1 ch\u1ea5p \u0111\u1ebfn v\u1eady, \u201cTa th\u00edch huynh \u0111\u1ebfn th\u1ebf, d\u1eabu c\u00f3 ch\u1ebft \u0111i c\u0169ng ph\u1ea3i b\u00e1m l\u1ea5y huynh c\u1ea3 \u0111\u1eddi.\u201d<\/p>\n","protected":false},"excerpt":{"rendered":"<p>Tr\u1eddi \u0111\u1ea5t bao la, th\u1ebf s\u1ef1 kh\u00f3 l\u01b0\u1eddng, n\u1ebfu m\u1ed9t l\u1ea7n g\u1eb7p \u0111\u01b0\u1ee3c ng\u01b0\u1eddi t\u00ecnh nguy\u1ec7n v\u00ec m\u00ecnh t\u1ea1o d\u1ef1ng m\u1ed9t m\u00e1i nh\u00e0, mu\u1ed1n s\u1ed1ng c\u00f9ng m\u00ecnh c\u1ea3 m\u1ed9t \u0111\u1eddi, th\u00ec h\u1ecfi ch\u0103ng tr\u00e1i tim \u0111\u00e2u ph\u1ea3i s\u1eaft \u0111\u00e1 m\u00e0 c\u00f3 th\u1ec3 kh\u00f4ng th\u1ed5n th\u1ee9c xao \u0111\u1ed9ng cho \u0111\u01b0\u1ee3c.<\/p>\n<p>L\u01b0u Ng\u1ecdc l\u00e0 m\u1ed9t y\u00eau mi\u00eau \u0111i theo con \u0111\u01b0\u1eddng b\u00e0ng m\u00f4n t\u00e0 \u0111\u1ea1o, s\u1edbm \u0111\u00e3 quen v\u1edbi vi\u1ec7c c\u00f4 \u0111\u1ed9c m\u1ed9t m\u00ecnh su\u1ed1t m\u1ea5y tr\u0103m n\u0103m nay. T\u1eeb nh\u1ecf t\u1edbi gi\u1edd ch\u01b0a t\u1eebng c\u00f3 ng\u01b0\u1eddi th\u00edch y, y c\u0169ng ch\u01b0a t\u1eebng \u0111\u1ed9ng t\u00e2m v\u1edbi b\u1ea5t k\u00ec k\u1ebb n\u00e0o. \u0110\u1ed1i v\u1edbi y, t\u00ecnh c\u1ea3m ch\u1ec9 l\u00e0 h\u01b0 kh\u00f4ng, \u0111\u00e2u \u0111\u00e2u c\u0169ng c\u00f3 th\u1ec3 tr\u1edf th\u00e0nh ch\u1ed1n dung th\u00e2n, ch\u1ec9 l\u00e0 kh\u00f4ng c\u00f3 m\u1ed9t c\u00e1i \u201cnh\u00e0\u201d cho ri\u00eang m\u00ecnh.<\/p>\n<p>V\u00e0 r\u1ed3i ng\u01b0\u1eddi \u1ea5y xu\u1ea5t hi\u1ec7n. Ng\u01b0\u1eddi \u1ea5y n\u00f3i th\u00edch y. Ng\u01b0\u1eddi \u1ea5y n\u00f3i mu\u1ed1n b\u1ea3o v\u1ec7 y. Ng\u01b0\u1eddi \u1ea5y n\u00f3i mu\u1ed1n s\u1ed1ng c\u00f9ng y m\u1ed9t \u0111\u1eddi m\u1ed9t ki\u1ebfp trong ng\u00f4i nh\u00e0 c\u1ee7a ri\u00eang h\u1ecd. Ng\u01b0\u1eddi \u1ea5y d\u1eabu cho khu\u00f4n m\u1eb7t l\u00fac n\u00e0o c\u0169ng d\u1eedng d\u01b0ng v\u00f4 c\u1ea3m, nh\u01b0ng \u0111\u1ed1i v\u1edbi y l\u1ea1i d\u1ecbu d\u00e0ng \u1ea5m \u00e1p v\u00f4 c\u00f9ng, t\u1ef1a nh\u01b0 \u00e1nh m\u1eb7t tr\u1eddi \u0111\u1eb9p \u0111\u1ebd m\u00e0 r\u1ef1c r\u1ee1. Ng\u01b0\u1eddi \u1ea5y\u2026<\/p>\n<p>Nh\u01b0ng bu\u1ed3n thay, t\u1ea5t c\u1ea3 ch\u1ec9 l\u00e0 gi\u1ea3. H\u1ebft th\u1ea3y ch\u1ec9 l\u00e0 \u00e2m m\u01b0u d\u1ed1i tr\u00e1 do y th\u00eau d\u1ec7t n\u00ean m\u00e0 th\u00f4i.<\/p>\n<p>\u0110\u1ebfn cu\u1ed1i c\u00f9ng, ai m\u1edbi l\u00e0 ng\u01b0\u1eddi \u0111em tr\u1ecdn tr\u00e1i tim c\u1ee7a m\u00ecnh ra d\u00e2ng hi\u1ebfn, ai m\u1edbi l\u00e0 ng\u01b0\u1eddi kh\u00f4ng n\u1ee1 bu\u00f4ng tay trong m\u1ed1i duy\u00ean h\u1ed3ng n\u00e0y? Khi l\u1eddi n\u00f3i d\u1ed1i b\u1ecb v\u1ea1ch tr\u1ea7n, h\u1ed1i h\u1eadn, day d\u1ee9t, h\u1ea1nh ph\u00fac, m\u00e3n nguy\u1ec7n,\u2026 k\u1ebft c\u1ee5c n\u00e0o s\u1ebd \u0111\u1ebfn v\u1edbi m\u1ed1i t\u00ecnh ngang tr\u00e1i c\u1ee7a h\u1ecd? Li\u1ec7u t\u00ecnh y\u00eau c\u00f3 th\u1ec3 l\u1ea7n n\u1eefa ch\u1edbm n\u1edf sau nh\u1eefng toan t\u00ednh gi\u1ea3 d\u1ed1i?<\/p>\n<p>\u201cB\u00e0ng m\u00f4n t\u00e0 \u0111\u1ea1o\u201d \u2013 m\u1ed9t c\u00e2u chuy\u1ec7n t\u00ecnh y\u00eau nhi\u1ec1u ti\u1ebfng c\u01b0\u1eddi nh\u01b0ng c\u0169ng l\u1eafm \u0111au th\u01b0\u01a1ng, ti\u1ebfp n\u1ed1i trong series huy\u1ec1n huy\u1ec5n c\u1ee7a Kh\u1ed1n \u1ef6 Nguy L\u00e2u. H\u00f3a ra, th\u00edch m\u1ed9t ng\u01b0\u1eddi c\u00f3 th\u1ec3 c\u1ed1 ch\u1ea5p \u0111\u1ebfn v\u1eady, \u201cTa th\u00edch huynh \u0111\u1ebfn th\u1ebf, d\u1eabu c\u00f3 ch\u1ebft \u0111i c\u0169ng ph\u1ea3i b\u00e1m l\u1ea5y huynh c\u1ea3 \u0111\u1eddi.\u201d<\/p>\n","protected":false},"featured_media":15288,"template":"","meta":{"_acf_changed":false},"product_brand":[],"product_cat":[73,15],"product_tag":[],"class_list":{"0":"post-15291","1":"product","2":"type-product","3":"status-publish","4":"has-post-thumbnail","6":"product_cat-dam-my-ngon-tinh","7":"product_cat-sach-danh-cho-nguoi-lon","9":"first","10":"outofstock","11":"taxable","12":"shipping-taxable","13":"purchasable","14":"product-type-simple"},"supplier_id":null,"supplier_sku":"","barcode":null,"atum_controlled":true,"out_stock_date":"2021-08-04 14:03:10","out_stock_threshold":null,"inheritable":false,"inbound_stock":0,"stock_on_hold":0,"sold_today":0,"sales_last_days":0,"reserved_stock":0,"customer_returns":0,"warehouse_damage":0,"lost_in_post":0,"other_logs":0,"out_stock_days":1638,"lost_sales":0,"has_location":false,"update_date":"2026-01-28T23:10:57","atum_locations":[],"atum_stock_status":"outofstock","restock_status":false,"low_stock_amount":"","sales_update_date":"2026-01-28T23:10:56","calc_backorders":null,"acf":{"publisher":{"ID":1785,"post_author":"1","post_date":"2021-02-17 01:54:46","post_date_gmt":"2021-02-16 23:54:46","post_content":"<!-- wp:flatsome\/uxbuilder -->\n<h1 style=\"text-align: center;\"><strong>AZ VIETNAM<\/strong><\/h1>\n[row]\n\n[col span=\"8\" span__sm=\"12\"]\n\n<p>Th\u00e0nh l\u1eadp n\u0103m: 2015<br \/>V\u1ed1n \u0111\u1ea7u t\u01b0: 4,000,000,000 \u0111\u1ed3ng<br \/><strong>L\u0129nh v\u1ef1c:<\/strong><br \/>- Xu\u1ea5t b\u1ea3n v\u00e0 ph\u00e1t h\u00e0nh v\u0103n h\u00f3a ph\u1ea9m<br \/>- Cung c\u1ea5p v\u0103n h\u00f3a ph\u1ea9m, c\u00e1c s\u1ea3n ph\u1ea9m cho in \u1ea5n, trang thi\u1ebft b\u1ecb cho c\u00e1c th\u01b0 vi\u1ec7n v\u00e0 trung t\u00e2m s\u00e1ch tr\u00ean c\u1ea3 n\u01b0\u1edbc.<br \/>- Th\u1eddi trang v\u00e0 c\u00e1c s\u1ea3n ph\u1ea9m li\u00ean quan \u0111\u1ebfn l\u0129nh v\u1ef1c th\u1eddi trang<br \/>- Xu\u1ea5t nh\u1eadp kh\u1ea9u c\u00e1c s\u1ea3n ph\u1ea9m v\u0103n h\u00f3a<\/p>\n<p><strong>Quy m\u00f4:<\/strong> 60 nh\u00e2n vi\u00ean<br \/>Kh\u1edfi ngu\u1ed3n c\u1ee7a AZ Vi\u1ec7t Nam ng\u00e0y nay l\u00e0 C\u00f4ng ty TNHH Trung t\u00e2m S\u00e1ch v\u00e0 Thi\u1ebft b\u1ecb Th\u01b0 vi\u1ec7n, v\u1edbi ho\u1ea1t \u0111\u1ed9ng \u0111\u1ea7u ti\u00ean l\u00e0 cung c\u1ea5p s\u00e1ch, trang thi\u1ebft b\u1ecb, v\u0103n h\u00f3a ph\u1ea9m cho c\u00e1c th\u01b0 vi\u1ec7n v\u00e0 trung t\u00e2m s\u00e1ch tr\u00ean c\u1ea3 n\u01b0\u1edbc. T\u1eeb cu\u1ed1i n\u0103m 2010 \u0111\u1ebfn nay, ch\u00fang t\u00f4i \u0111\u00e3 kh\u00f4ng ng\u1eebng n\u1ed7 l\u1ef1c khai ph\u00e1 v\u00e0 ph\u00e1t tri\u1ec3n c\u00e1c d\u00f2ng s\u1ea3n ph\u1ea9m m\u1edbi v\u1edbi 8 th\u01b0\u01a1ng hi\u1ec7u uy t\u00edn. \u0110\u1ec3 \u0111\u00e1p \u1ee9ng nhu c\u1ea7u ph\u00e1t tri\u1ec3n ng\u00e0y m\u1ed9t l\u1edbn m\u1ea1nh v\u00e0 t\u1eadp h\u1ee3p c\u00e1c th\u01b0\u01a1ng hi\u1ec7u \u0111\u00e3 \u0111\u01b0\u1ee3c ch\u00fang t\u00f4i x\u00e2y d\u1ef1ng, 2015 C\u00f4ng ty TNHH AZ Vi\u1ec7t Nam \u0111\u00e3 ra \u0111\u1eddi v\u1edbi s\u1ee9 m\u1ec7nh mang \u0111\u1ebfn nhi\u1ec1u h\u01a1n n\u1eefa nh\u1eefng gi\u00e1 tr\u1ecb tinh th\u1ea7n, tri th\u1ee9c ti\u00ean ti\u1ebfn cho ng\u01b0\u1eddi ti\u00eau d\u00f9ng b\u1eb1ng vi\u1ec7c cung c\u1ea5p nh\u1eefng s\u1ea3n ph\u1ea9m c\u00f3 ch\u1ea5t l\u01b0\u1ee3ng.<\/p>\n\n[\/col]\n[col span=\"4\" span__sm=\"12\"]\n\n[ux_image id=\"1836\" image_size=\"medium\"]\n\n\n[\/col]\n\n[\/row]\n\n<!-- \/wp:flatsome\/uxbuilder -->","post_title":"AZ Vi\u1ec7t Nam","post_excerpt":"","post_status":"publish","comment_status":"closed","ping_status":"closed","post_password":"","post_name":"az-viet-nam","to_ping":"","pinged":"","post_modified":"2021-02-17 22:07:10","post_modified_gmt":"2021-02-17 20:07:10","post_content_filtered":"","post_parent":0,"guid":"https:\/\/sachviet.eu\/nha-phat-hanh\/az-viet-nam\/","menu_order":0,"post_type":"publisher","post_mime_type":"","comment_count":"0","filter":"raw"}},"_links":{"self":[{"href":"https:\/\/sachviet.eu\/en\/wp-json\/wp\/v2\/product\/15291","targetHints":{"allow":["GET"]}}],"collection":[{"href":"https:\/\/sachviet.eu\/en\/wp-json\/wp\/v2\/product"}],"about":[{"href":"https:\/\/sachviet.eu\/en\/wp-json\/wp\/v2\/types\/product"}],"wp:featuredmedia":[{"embeddable":true,"href":"https:\/\/sachviet.eu\/en\/wp-json\/wp\/v2\/media\/15288"}],"wp:attachment":[{"href":"https:\/\/sachviet.eu\/en\/wp-json\/wp\/v2\/media?parent=15291"}],"wp:term":[{"taxonomy":"product_brand","embeddable":true,"href":"https:\/\/sachviet.eu\/en\/wp-json\/wp\/v2\/product_brand?post=15291"},{"taxonomy":"product_cat","embeddable":true,"href":"https:\/\/sachviet.eu\/en\/wp-json\/wp\/v2\/product_cat?post=15291"},{"taxonomy":"product_tag","embeddable":true,"href":"https:\/\/sachviet.eu\/en\/wp-json\/wp\/v2\/product_tag?post=15291"}],"curies":[{"name":"wp","href":"https:\/\/api.w.org\/{rel}","templated":true}]}}