{"id":15284,"date":"2021-08-04T15:02:30","date_gmt":"2021-08-04T12:02:30","guid":{"rendered":"https:\/\/sachviet.eu\/shop\/bo-sach-mot-dem-giong-bao-bo-3-quyen\/"},"modified":"2022-12-08T13:18:18","modified_gmt":"2022-12-08T11:18:18","slug":"bo-sach-mot-dem-giong-bao-bo-3-quyen","status":"publish","type":"product","link":"https:\/\/sachviet.eu\/en\/shop\/bo-sach-mot-dem-giong-bao-bo-3-quyen\/","title":{"rendered":"B\u1ed9 s\u00e1ch M\u1ed9t \u0111\u00eam gi\u00f4ng b\u00e3o (B\u1ed9 3 Quy\u1ec3n)"},"content":{"rendered":"<p>C\u00e2u chuy\u1ec7n tuy\u1ec7t \u0111\u1eb9p v\u1ec1 t\u00ecnh b\u1ea1n l\u1ea1 l\u00f9ng gi\u1eefa m\u1ed9t con s\u00f3i v\u00e0 m\u1ed9t con d\u00ea. Hai k\u1ebb th\u00f9 truy\u1ec1n ki\u1ebfp b\u1ed7ng g\u1eb7p nhau trong \u0111\u00eam t\u00f4i gi\u00f4ng gi\u00f3, v\u00e0 ch\u00fang ph\u1ea3i tr\u1ea3i qua bi\u1ebft bao kh\u00f3 kh\u0103n \u0111\u1ec3 gi\u1eef t\u00ecnh b\u1ea1n \u1ea5y\u2026<\/p>\n<p>Mei c\u00f9ng v\u1edbi Gabu \u0111\u00e3 \u0111\u1ecbnh c\u00f9ng nhau t\u00ecm t\u1edbi khu r\u1eebng m\u1edbi. Th\u1ebf nh\u01b0ng ch\u1ec9 c\u00f3 m\u00ecnh Mei \u0111\u1ebfn \u0111\u01b0\u1ee3c \u0111\u1ea5y. L\u1ea7n cu\u1ed1i c\u00f9ng Mei v\u00e0 Gabu \u1edf b\u00ean nhau l\u00e0 l\u00fac hai con \u1ea9n trong hang tuy\u1ebft khi \u0111ang tr\u00ean \u0111\u01b0\u1eddng v\u01b0\u1ee3t qua \u0111\u1ec9nh n\u00fai. Hai con ph\u1ea3i n\u1eb1m b\u1eb9p trong c\u00e1i hang tuy\u1ebft \u1ea5y kh\u00f4ng bi\u1ebft bao nhi\u00eau ng\u00e0y do tr\u1eadn b\u00e3o tuy\u1ebft h\u00e3i h\u00f9ng. V\u00e0 trong c\u01a1n tuy\u1ec7t v\u1ecdng, Mei \u0111\u00e3 n\u00f3i v\u1edbi Gabu, \u201cC\u1eadu h\u00e3y \u0103n t\u1edb \u0111i \u0111\u1ec3 l\u1ea5y s\u1ee9c ti\u1ebfp t\u1ee5c m\u00e0 s\u1ed1ng!\u201d.<br \/>\nV\u00e0 Gabu s\u1ebd ch\u00e9n Mei \u01b0?<\/p>\n","protected":false},"excerpt":{"rendered":"<p>C\u00e2u chuy\u1ec7n tuy\u1ec7t \u0111\u1eb9p v\u1ec1 t\u00ecnh b\u1ea1n l\u1ea1 l\u00f9ng gi\u1eefa m\u1ed9t con s\u00f3i v\u00e0 m\u1ed9t con d\u00ea. Hai k\u1ebb th\u00f9 truy\u1ec1n ki\u1ebfp b\u1ed7ng g\u1eb7p nhau trong \u0111\u00eam t\u00f4i gi\u00f4ng gi\u00f3, v\u00e0 ch\u00fang ph\u1ea3i tr\u1ea3i qua bi\u1ebft bao kh\u00f3 kh\u0103n \u0111\u1ec3 gi\u1eef t\u00ecnh b\u1ea1n \u1ea5y\u2026<\/p>\n<p>Mei c\u00f9ng v\u1edbi Gabu \u0111\u00e3 \u0111\u1ecbnh c\u00f9ng nhau t\u00ecm t\u1edbi khu r\u1eebng m\u1edbi. Th\u1ebf nh\u01b0ng ch\u1ec9 c\u00f3 m\u00ecnh Mei \u0111\u1ebfn \u0111\u01b0\u1ee3c \u0111\u1ea5y. L\u1ea7n cu\u1ed1i c\u00f9ng Mei v\u00e0 Gabu \u1edf b\u00ean nhau l\u00e0 l\u00fac hai con \u1ea9n trong hang tuy\u1ebft khi \u0111ang tr\u00ean \u0111\u01b0\u1eddng v\u01b0\u1ee3t qua \u0111\u1ec9nh n\u00fai. Hai con ph\u1ea3i n\u1eb1m b\u1eb9p trong c\u00e1i hang tuy\u1ebft \u1ea5y kh\u00f4ng bi\u1ebft bao nhi\u00eau ng\u00e0y do tr\u1eadn b\u00e3o tuy\u1ebft h\u00e3i h\u00f9ng. V\u00e0 trong c\u01a1n tuy\u1ec7t v\u1ecdng, Mei \u0111\u00e3 n\u00f3i v\u1edbi Gabu, \u201cC\u1eadu h\u00e3y \u0103n t\u1edb \u0111i \u0111\u1ec3 l\u1ea5y s\u1ee9c ti\u1ebfp t\u1ee5c m\u00e0 s\u1ed1ng!\u201d.<br \/>\nV\u00e0 Gabu s\u1ebd ch\u00e9n Mei \u01b0?<\/p>\n","protected":false},"featured_media":15280,"template":"","meta":{"_acf_changed":false},"product_brand":[],"product_cat":[25,17,26],"product_tag":[],"class_list":{"0":"post-15284","1":"product","2":"type-product","3":"status-publish","4":"has-post-thumbnail","6":"product_cat-nhi-dong-6-tuoi-12-tuoi","7":"product_cat-sach-danh-cho-cac-be","8":"product_cat-thieu-nien-11-tuoi-18-tuoi","10":"first","11":"outofstock","12":"taxable","13":"shipping-taxable","14":"purchasable","15":"product-type-simple"},"supplier_id":null,"supplier_sku":"","barcode":null,"atum_controlled":true,"out_stock_date":"2022-12-08 11:18:18","out_stock_threshold":null,"inheritable":false,"inbound_stock":0,"stock_on_hold":0,"sold_today":0,"sales_last_days":0,"reserved_stock":0,"customer_returns":0,"warehouse_damage":0,"lost_in_post":0,"other_logs":0,"out_stock_days":1147,"lost_sales":0,"has_location":false,"update_date":"2026-01-28T23:10:56","atum_locations":[],"atum_stock_status":"outofstock","restock_status":false,"low_stock_amount":"","sales_update_date":"2026-01-28T23:10:56","calc_backorders":null,"acf":{"publisher":{"ID":1454,"post_author":"1","post_date":"2021-02-17 01:11:34","post_date_gmt":"2021-02-16 23:11:34","post_content":"<!-- wp:flatsome\/uxbuilder -->\n<h1 style=\"text-align: center;\"><strong>Kim \u0110\u1ed3ng<\/strong><\/h1>\n[row]\n\n[col span=\"3\" span__sm=\"12\"]\n\n[ux_image id=\"1534\" image_size=\"medium\"]\n\n\n[\/col]\n[col span=\"9\" span__sm=\"12\"]\n\n<p>Nh\u00e0 xu\u1ea5t b\u1ea3n Kim \u0110\u1ed3ng tr\u1ef1c thu\u1ed9c Trung \u01b0\u01a1ng \u0110o\u00e0n TNCS H\u1ed3 Ch\u00ed Minh l\u00e0 Nh\u00e0 xu\u1ea5t b\u1ea3n t\u1ed5ng h\u1ee3p c\u00f3 ch\u1ee9c n\u0103ng xu\u1ea5t b\u1ea3n s\u00e1ch v\u00e0 v\u0103n h\u00f3a ph\u1ea9m ph\u1ee5c v\u1ee5 thi\u1ebfu nhi v\u00e0 c\u00e1c b\u1eadc ph\u1ee5 huynh trong c\u1ea3 n\u01b0\u1edbc, qu\u1ea3ng b\u00e1 v\u00e0 gi\u1edbi thi\u1ec7u v\u0103n h\u00f3a Vi\u1ec7t Nam ra th\u1ebf gi\u1edbi.<br \/>Nh\u00e0 xu\u1ea5t b\u1ea3n c\u00f3 nhi\u1ec7m v\u1ee5 t\u1ed5 ch\u1ee9c b\u1ea3n th\u1ea3o, bi\u00ean so\u1ea1n, bi\u00ean d\u1ecbch, xu\u1ea5t b\u1ea3n v\u00e0 ph\u00e1t h\u00e0nh c\u00e1c xu\u1ea5t b\u1ea3n ph\u1ea9m c\u00f3 n\u1ed9i dung: gi\u00e1o d\u1ee5c truy\u1ec1n th\u1ed1ng d\u00e2n t\u1ed9c, gi\u00e1o d\u1ee5c v\u1ec1 tri th\u1ee9c, ki\u1ebfn th\u1ee9c\u2026 tr\u00ean c\u00e1c l\u0129nh v\u1ef1c v\u0103n h\u1ecdc, ngh\u1ec7 thu\u1eadt, khoa h\u1ecdc k\u1ef9 thu\u1eadt nh\u1eb1m cung c\u1ea5p cho c\u00e1c em thi\u1ebfu nhi c\u0169ng nh\u01b0 c\u00e1c b\u1eadc ph\u1ee5 huynh c\u00e1c ki\u1ebfn th\u1ee9c c\u1ea7n thi\u1ebft trong cu\u1ed9c s\u1ed1ng, nh\u1eefng tinh hoa c\u1ee7a tri th\u1ee9c nh\u00e2n lo\u1ea1i nh\u1eb1m g\u00f3p ph\u1ea7n gi\u00e1o d\u1ee5c v\u00e0 h\u00ecnh th\u00e0nh nh\u00e2n c\u00e1ch th\u1ebf h\u1ec7 tr\u1ebb.<br \/>\u0110\u1ed1i t\u01b0\u1ee3ng ph\u1ee5c v\u1ee5 c\u1ee7a Nh\u00e0 xu\u1ea5t b\u1ea3n l\u00e0 c\u00e1c em t\u1eeb tu\u1ed5i nh\u00e0 tr\u1ebb m\u1eabu gi\u00e1o (1 \u0111\u1ebfn 5 tu\u1ed5i), nhi \u0111\u1ed3ng (6 \u0111\u1ebfn 9 tu\u1ed5i), thi\u1ebfu ni\u00ean (10 \u0111\u1ebfn 15 tu\u1ed5i) \u0111\u1ebfn c\u00e1c em tu\u1ed5i m\u1edbi l\u1edbn (16 \u0111\u1ebfn 18 tu\u1ed5i) v\u00e0 c\u00e1c b\u1eadc ph\u1ee5 huynh.<\/p>\n\n[\/col]\n\n[\/row]\n\n<!-- \/wp:flatsome\/uxbuilder -->","post_title":"Kim \u0110\u1ed3ng","post_excerpt":"","post_status":"publish","comment_status":"closed","ping_status":"closed","post_password":"","post_name":"kim-dong","to_ping":"","pinged":"","post_modified":"2021-02-17 01:31:56","post_modified_gmt":"2021-02-16 23:31:56","post_content_filtered":"","post_parent":0,"guid":"https:\/\/sachviet.eu\/nha-phat-hanh\/kim-dong\/","menu_order":0,"post_type":"publisher","post_mime_type":"","comment_count":"0","filter":"raw"}},"_links":{"self":[{"href":"https:\/\/sachviet.eu\/en\/wp-json\/wp\/v2\/product\/15284","targetHints":{"allow":["GET"]}}],"collection":[{"href":"https:\/\/sachviet.eu\/en\/wp-json\/wp\/v2\/product"}],"about":[{"href":"https:\/\/sachviet.eu\/en\/wp-json\/wp\/v2\/types\/product"}],"wp:featuredmedia":[{"embeddable":true,"href":"https:\/\/sachviet.eu\/en\/wp-json\/wp\/v2\/media\/15280"}],"wp:attachment":[{"href":"https:\/\/sachviet.eu\/en\/wp-json\/wp\/v2\/media?parent=15284"}],"wp:term":[{"taxonomy":"product_brand","embeddable":true,"href":"https:\/\/sachviet.eu\/en\/wp-json\/wp\/v2\/product_brand?post=15284"},{"taxonomy":"product_cat","embeddable":true,"href":"https:\/\/sachviet.eu\/en\/wp-json\/wp\/v2\/product_cat?post=15284"},{"taxonomy":"product_tag","embeddable":true,"href":"https:\/\/sachviet.eu\/en\/wp-json\/wp\/v2\/product_tag?post=15284"}],"curies":[{"name":"wp","href":"https:\/\/api.w.org\/{rel}","templated":true}]}}