{"id":15279,"date":"2021-08-04T15:02:20","date_gmt":"2021-08-04T12:02:20","guid":{"rendered":"https:\/\/sachviet.eu\/shop\/uoc-mo-heo\/"},"modified":"2022-05-25T00:18:27","modified_gmt":"2022-05-24T21:18:27","slug":"uoc-mo-heo","status":"publish","type":"product","link":"https:\/\/sachviet.eu\/en\/shop\/uoc-mo-heo\/","title":{"rendered":"\u01af\u1edbc m\u01a1 heo"},"content":{"rendered":"<p>\u01af\u1edbc m\u01a1 heo th\u00fa v\u1ecb ngay t\u1eeb ti\u00eau \u0111\u1ec1. Tuy nhi\u00ean, n\u1ebfu ch\u1ec9 d\u1eebng l\u1ea1i \u1edf ti\u00eau \u0111\u1ec1 m\u00e0 kh\u00f4ng \u0111\u1ecdc s\u00e1ch th\u00ec kh\u00f3 m\u00e0 c\u1ea3m nh\u1eadn \u0111\u01b0\u1ee3c h\u1ebft s\u1ef1 th\u00fa v\u1ecb n\u00e0y.<br \/>\nC\u1eadu b\u00e9 nh\u00e2n v\u1eadt ch\u00ednh c\u1ee7a truy\u1ec7n, h\u00f4m nay c\u0169ng nh\u01b0 bao ng\u00e0y, l\u1ea1i c\u00f9ng b\u1ed1 r\u1eddi nh\u00e0 t\u1eeb s\u1edbm. B\u1ed1 m\u1ec7t m\u1ecfi ng\u00e1p ng\u1eafn ng\u00e1p d\u00e0i c\u00f2n c\u1eadu b\u00e9 th\u00ec v\u1eeba th\u1edf d\u00e0i th\u01b0\u1eddn th\u01b0\u1ee3t v\u1eeba \u1ea5m \u1ee9c ngh\u0129:<br \/>\n\u201cT\u1ea1i sao m\u00ecnh ph\u1ea3i \u0111i h\u1ecdc c\u01a1 ch\u1ee9?\u201d<\/p>\n<p>Trang ti\u1ebfp sau l\u00e0 m\u01b0\u1eddi hai khung tranh tuy kh\u00f4ng l\u1eddi nh\u01b0ng \u0111\u00e3 t\u00e1i hi\u1ec7n nh\u1eefng n\u1ed7i kh\u1ed5 c\u1ee7a c\u1eadu b\u00e9: b\u1ecb th\u1ea7y gi\u00e1o m\u1eafng v\u00ec ng\u1ee7 g\u1eadt trong gi\u1edd, b\u1ecb \u0111\u00e0n anh \u0111\u1ea7u g\u1ea5u b\u1eaft n\u1ea1t, b\u1ecb b\u00f3ng v\u0103ng tr\u00fang m\u1eb7t, x\u1ea5u h\u1ed5 v\u00ec kh\u00f4ng tr\u1ea3 l\u1eddi \u0111\u01b0\u1ee3c c\u00e2u h\u1ecfi c\u1ee7a th\u1ea7y, x\u00edch m\u00edch v\u00e0 \u0111\u00e1nh l\u1ed9n v\u1edbi c\u00e1c b\u1ea1n, nu\u1ed1t kh\u00f4ng tr\u00f4i c\u01a1m c\u0103ng tin d\u1edf t\u1ec7,\u2026 C\u1eadu b\u00e9 ch\u1eb3ng th\u1ec3 n\u00e0o t\u00ecm ra n\u1ed5i m\u1ed9t l\u00fd do \u0111\u1ec3 vui v\u1ebb t\u1edbi tr\u01b0\u1eddng.<\/p>\n<p>Th\u1eadm ch\u00ed t\u1edbi khi tan h\u1ecdc \u1edf tr\u01b0\u1eddng, c\u1eadu b\u00e9 c\u00f2n b\u1eadn r\u1ed9n g\u1ea5p b\u1ed9i. B\u1ed1n khung tranh ti\u1ebfp theo l\u1ea1i gi\u00fap c\u1eadu b\u00e9 tr\u1ea3i l\u00f2ng: h\u1ebft h\u1ecdc th\u00eam l\u1ea1i \u0111\u1ebfn t\u1eadp v\u00f5, r\u1ed3i h\u1ecdc \u0111\u00e0n, r\u1ed3i v\u1ebd tranh. C\u1eadu b\u1ecb quay nh\u01b0 chong ch\u00f3ng kh\u00f4ng \u0111\u01b0\u1ee3c ngh\u1ec9 m\u1ed9t ph\u00fat.<\/p>\n<p>Th\u1ebf n\u00ean, c\u1eadu b\u00e9 c\u00f3 m\u1ed9t m\u01a1 \u01b0\u1edbc\u2026 K\u1ef3 l\u1ea1 l\u00e0, d\u00f9 \u0111\u00e3 \u0111\u1ecdc ti\u00eau \u0111\u1ec1 cu\u1ed1n s\u00e1ch, ta v\u1eabn t\u00f2 m\u00f2 kh\u00f4ng bi\u1ebft c\u1eadu \u01b0\u1edbc \u0111i\u1ec1u g\u00ec. Nh\u1ea5n m\u1ea1nh th\u00eam cho s\u1ef1 hi\u1ebfu k\u1ef3 n\u00e0y l\u00e0 hai trang s\u00e1ch v\u1ebd k\u00edn nh\u1eefng nh\u00e2n v\u1eadt n\u1ed5i ti\u1ebfng nh\u01b0 Einstein, vua Se Jong, Gandhi\u2026 ai n\u1ea5y \u0111\u1ec1u tr\u01b0ng ra v\u1ebb m\u1eb7t nghi\u00eam c\u1ea9n \u0111\u1ee3i ch\u1edd.<\/p>\n<p>Cu\u1ed1i c\u00f9ng, \u01b0\u1edbc m\u01a1 c\u1ee7a c\u1eadu b\u00e9 c\u0169ng \u0111\u01b0\u1ee3c ti\u1ebft l\u1ed9. \u0110\u00fang nh\u01b0 t\u1ef1a s\u00e1ch, c\u1eadu \u01b0\u1edbc \u0111\u01b0\u1ee3c l\u00e0m m\u1ed9t ch\u00fa heo! Ng\u01b0\u1eddi H\u00e0n Qu\u1ed1c t\u1eeb l\u00e2u v\u1ed1n g\u1ecdi \u201cgi\u1ea5c m\u01a1 heo\u201d, t\u1ee9c c\u00f3 heo xu\u1ea5t hi\u1ec7n trong gi\u1ea5c m\u01a1 khi ta ng\u1ee7, l\u00e0 gi\u1ea5c m\u01a1 \u0111em l\u1ea1i v\u1eadn may l\u1edbn. Nh\u01b0ng \u1edf \u0111\u00e2y kh\u00f4ng ph\u1ea3i \u201cgi\u1ea5c m\u01a1 heo\u201d m\u00e0 l\u00e0 \u201c\u01b0\u1edbc m\u01a1 heo\u201d. C\u1eadu b\u00e9 trong truy\u1ec7n th\u1ef1c s\u1ef1 mu\u1ed1n tr\u1edf th\u00e0nh m\u1ed9t ch\u00fa heo ch\u1ee9 kh\u00f4ng ch\u1ec9 l\u00e0 m\u01a1 th\u1ea5y heo! \u0110\u00f3 c\u0169ng ch\u00ednh l\u00e0 \u0111i\u1ec3m th\u00fa v\u1ecb c\u1ee7a t\u1ef1a \u0111\u1ec1 v\u00e0 n\u1ed9i dung cu\u1ed1n s\u00e1ch.<\/p>\n<p>T\u00e1c gi\u1ea3 Kim Seong Mi r\u1ea5t bi\u1ebft c\u00e1ch d\u1eabn d\u1eaft c\u00e2u chuy\u1ec7n c\u0169ng nh\u01b0 \u0111\u1ed1i tho\u1ea1i v\u1edbi \u0111\u1ed9c gi\u1ea3 qua tranh v\u1ebd v\u00e0 c\u00e2u ch\u1eef c\u1ee7a m\u00ecnh, khi\u1ebfn \u0111\u1ed9c gi\u1ea3 l\u00fac xem tranh th\u00ec t\u00f2 m\u00f2 di\u1ec5n bi\u1ebfn truy\u1ec7n m\u00e0 khi \u0111\u1ecdc ch\u1eef l\u1ea1i n\u00f3ng l\u00f2ng l\u1eadt trang \u0111\u1ec3 theo d\u00f5i tranh. C\u1ea5u t\u1ee9 \u0111\u01a1n gi\u1ea3n m\u00e0 ch\u1eb7t ch\u1ebd d\u1eabn t\u1edbi c\u00e1i k\u1ebft b\u1ea5t ng\u1edd c\u0169ng b\u1ed9c l\u1ed9 s\u1ef1 duy\u00ean d\u00e1ng v\u00e0 d\u00ed d\u1ecfm c\u1ee7a m\u1ed9t ng\u00f2i b\u00fat \u0111\u1ea7y ti\u1ec1m n\u0103ng.<\/p>\n<p>Nh\u01b0ng \u0111i\u1ec1u khi\u1ebfn t\u00f4i b\u1ea5t ng\u1edd h\u01a1n c\u1ea3 l\u00e0 c\u00e1i c\u00e1ch m\u00e0 hi\u1ec7n th\u1ef1c \u1ea3m \u0111\u1ea1m c\u1ee7a ch\u00fang ta \u0111\u01b0\u1ee3c \u0111\u01b0a l\u00ean trang s\u00e1ch m\u1ed9t c\u00e1ch d\u1ec5 th\u01b0\u01a1ng v\u00e0 h\u00e0i h\u01b0\u1edbc. C\u00e1c b\u1ea1n \u0111\u1ed9c gi\u1ea3 h\u1eb3n kh\u00f4ng th\u1ec3 kh\u00f4ng kh\u00fac kh\u00edch c\u01b0\u1eddi khi \u0111\u1ecdc cu\u1ed1n s\u00e1ch n\u00e0y. Tuy c\u00f3 l\u1ebd ti\u1ebfng c\u01b0\u1eddi \u1ea5y s\u1ebd kh\u00f4ng k\u00e9o d\u00e0i hay th\u1ecfa s\u1ee9c th\u1ed1ng kho\u00e1i. B\u1edfi \u0111\u1ebfn cu\u1ed1i c\u00f9ng, c\u00e1c b\u1ea1n bu\u1ed9c ph\u1ea3i \u0111\u1ed1i di\u1ec7n v\u1edbi c\u00e2u h\u1ecfi:<br \/>\n\u201cCh\u00fang ta c\u00f3 \u0111ang h\u1ea1nh ph\u00fac kh\u00f4ng?\u201d<\/p>\n<p>\u01af\u1edbc m\u01a1 heo c\u1ee7a Kim Seong Mi ch\u00ednh l\u00e0 cu\u1ed1n s\u00e1ch ng\u1ed9 ngh\u0129nh \u0111\u1eb7t ra cho \u0111\u1ed9c gi\u1ea3 m\u1ed9t c\u00e2u h\u1ecfi nghi\u00eam t\u00fac v\u1ec1 h\u1ea1nh ph\u00fac nh\u01b0 v\u1eady.<br \/>\n&#8211; Lee Rury, t\u00e1c gi\u1ea3 hai cu\u1ed1n s\u00e1ch L\u00e0n h\u01a1i \u1ea5m &#8211; C\u00e1i m\u0169i \u0111en<\/p>\n","protected":false},"excerpt":{"rendered":"<p>\u01af\u1edbc m\u01a1 heo th\u00fa v\u1ecb ngay t\u1eeb ti\u00eau \u0111\u1ec1. Tuy nhi\u00ean, n\u1ebfu ch\u1ec9 d\u1eebng l\u1ea1i \u1edf ti\u00eau \u0111\u1ec1 m\u00e0 kh\u00f4ng \u0111\u1ecdc s\u00e1ch th\u00ec kh\u00f3 m\u00e0 c\u1ea3m nh\u1eadn \u0111\u01b0\u1ee3c h\u1ebft s\u1ef1 th\u00fa v\u1ecb n\u00e0y.<br \/>\nC\u1eadu b\u00e9 nh\u00e2n v\u1eadt ch\u00ednh c\u1ee7a truy\u1ec7n, h\u00f4m nay c\u0169ng nh\u01b0 bao ng\u00e0y, l\u1ea1i c\u00f9ng b\u1ed1 r\u1eddi nh\u00e0 t\u1eeb s\u1edbm. B\u1ed1 m\u1ec7t m\u1ecfi ng\u00e1p ng\u1eafn ng\u00e1p d\u00e0i c\u00f2n c\u1eadu b\u00e9 th\u00ec v\u1eeba th\u1edf d\u00e0i th\u01b0\u1eddn th\u01b0\u1ee3t v\u1eeba \u1ea5m \u1ee9c ngh\u0129:<br \/>\n\u201cT\u1ea1i sao m\u00ecnh ph\u1ea3i \u0111i h\u1ecdc c\u01a1 ch\u1ee9?\u201d<\/p>\n<p>Trang ti\u1ebfp sau l\u00e0 m\u01b0\u1eddi hai khung tranh tuy kh\u00f4ng l\u1eddi nh\u01b0ng \u0111\u00e3 t\u00e1i hi\u1ec7n nh\u1eefng n\u1ed7i kh\u1ed5 c\u1ee7a c\u1eadu b\u00e9: b\u1ecb th\u1ea7y gi\u00e1o m\u1eafng v\u00ec ng\u1ee7 g\u1eadt trong gi\u1edd, b\u1ecb \u0111\u00e0n anh \u0111\u1ea7u g\u1ea5u b\u1eaft n\u1ea1t, b\u1ecb b\u00f3ng v\u0103ng tr\u00fang m\u1eb7t, x\u1ea5u h\u1ed5 v\u00ec kh\u00f4ng tr\u1ea3 l\u1eddi \u0111\u01b0\u1ee3c c\u00e2u h\u1ecfi c\u1ee7a th\u1ea7y, x\u00edch m\u00edch v\u00e0 \u0111\u00e1nh l\u1ed9n v\u1edbi c\u00e1c b\u1ea1n, nu\u1ed1t kh\u00f4ng tr\u00f4i c\u01a1m c\u0103ng tin d\u1edf t\u1ec7,\u2026 C\u1eadu b\u00e9 ch\u1eb3ng th\u1ec3 n\u00e0o t\u00ecm ra n\u1ed5i m\u1ed9t l\u00fd do \u0111\u1ec3 vui v\u1ebb t\u1edbi tr\u01b0\u1eddng.<\/p>\n<p>Th\u1eadm ch\u00ed t\u1edbi khi tan h\u1ecdc \u1edf tr\u01b0\u1eddng, c\u1eadu b\u00e9 c\u00f2n b\u1eadn r\u1ed9n g\u1ea5p b\u1ed9i. B\u1ed1n khung tranh ti\u1ebfp theo l\u1ea1i gi\u00fap c\u1eadu b\u00e9 tr\u1ea3i l\u00f2ng: h\u1ebft h\u1ecdc th\u00eam l\u1ea1i \u0111\u1ebfn t\u1eadp v\u00f5, r\u1ed3i h\u1ecdc \u0111\u00e0n, r\u1ed3i v\u1ebd tranh. C\u1eadu b\u1ecb quay nh\u01b0 chong ch\u00f3ng kh\u00f4ng \u0111\u01b0\u1ee3c ngh\u1ec9 m\u1ed9t ph\u00fat.<\/p>\n<p>Th\u1ebf n\u00ean, c\u1eadu b\u00e9 c\u00f3 m\u1ed9t m\u01a1 \u01b0\u1edbc\u2026 K\u1ef3 l\u1ea1 l\u00e0, d\u00f9 \u0111\u00e3 \u0111\u1ecdc ti\u00eau \u0111\u1ec1 cu\u1ed1n s\u00e1ch, ta v\u1eabn t\u00f2 m\u00f2 kh\u00f4ng bi\u1ebft c\u1eadu \u01b0\u1edbc \u0111i\u1ec1u g\u00ec. Nh\u1ea5n m\u1ea1nh th\u00eam cho s\u1ef1 hi\u1ebfu k\u1ef3 n\u00e0y l\u00e0 hai trang s\u00e1ch v\u1ebd k\u00edn nh\u1eefng nh\u00e2n v\u1eadt n\u1ed5i ti\u1ebfng nh\u01b0 Einstein, vua Se Jong, Gandhi\u2026 ai n\u1ea5y \u0111\u1ec1u tr\u01b0ng ra v\u1ebb m\u1eb7t nghi\u00eam c\u1ea9n \u0111\u1ee3i ch\u1edd.<\/p>\n<p>Cu\u1ed1i c\u00f9ng, \u01b0\u1edbc m\u01a1 c\u1ee7a c\u1eadu b\u00e9 c\u0169ng \u0111\u01b0\u1ee3c ti\u1ebft l\u1ed9. \u0110\u00fang nh\u01b0 t\u1ef1a s\u00e1ch, c\u1eadu \u01b0\u1edbc \u0111\u01b0\u1ee3c l\u00e0m m\u1ed9t ch\u00fa heo! Ng\u01b0\u1eddi H\u00e0n Qu\u1ed1c t\u1eeb l\u00e2u v\u1ed1n g\u1ecdi \u201cgi\u1ea5c m\u01a1 heo\u201d, t\u1ee9c c\u00f3 heo xu\u1ea5t hi\u1ec7n trong gi\u1ea5c m\u01a1 khi ta ng\u1ee7, l\u00e0 gi\u1ea5c m\u01a1 \u0111em l\u1ea1i v\u1eadn may l\u1edbn. Nh\u01b0ng \u1edf \u0111\u00e2y kh\u00f4ng ph\u1ea3i \u201cgi\u1ea5c m\u01a1 heo\u201d m\u00e0 l\u00e0 \u201c\u01b0\u1edbc m\u01a1 heo\u201d. C\u1eadu b\u00e9 trong truy\u1ec7n th\u1ef1c s\u1ef1 mu\u1ed1n tr\u1edf th\u00e0nh m\u1ed9t ch\u00fa heo ch\u1ee9 kh\u00f4ng ch\u1ec9 l\u00e0 m\u01a1 th\u1ea5y heo! \u0110\u00f3 c\u0169ng ch\u00ednh l\u00e0 \u0111i\u1ec3m th\u00fa v\u1ecb c\u1ee7a t\u1ef1a \u0111\u1ec1 v\u00e0 n\u1ed9i dung cu\u1ed1n s\u00e1ch.<\/p>\n<p>T\u00e1c gi\u1ea3 Kim Seong Mi r\u1ea5t bi\u1ebft c\u00e1ch d\u1eabn d\u1eaft c\u00e2u chuy\u1ec7n c\u0169ng nh\u01b0 \u0111\u1ed1i tho\u1ea1i v\u1edbi \u0111\u1ed9c gi\u1ea3 qua tranh v\u1ebd v\u00e0 c\u00e2u ch\u1eef c\u1ee7a m\u00ecnh, khi\u1ebfn \u0111\u1ed9c gi\u1ea3 l\u00fac xem tranh th\u00ec t\u00f2 m\u00f2 di\u1ec5n bi\u1ebfn truy\u1ec7n m\u00e0 khi \u0111\u1ecdc ch\u1eef l\u1ea1i n\u00f3ng l\u00f2ng l\u1eadt trang \u0111\u1ec3 theo d\u00f5i tranh. C\u1ea5u t\u1ee9 \u0111\u01a1n gi\u1ea3n m\u00e0 ch\u1eb7t ch\u1ebd d\u1eabn t\u1edbi c\u00e1i k\u1ebft b\u1ea5t ng\u1edd c\u0169ng b\u1ed9c l\u1ed9 s\u1ef1 duy\u00ean d\u00e1ng v\u00e0 d\u00ed d\u1ecfm c\u1ee7a m\u1ed9t ng\u00f2i b\u00fat \u0111\u1ea7y ti\u1ec1m n\u0103ng.<\/p>\n<p>Nh\u01b0ng \u0111i\u1ec1u khi\u1ebfn t\u00f4i b\u1ea5t ng\u1edd h\u01a1n c\u1ea3 l\u00e0 c\u00e1i c\u00e1ch m\u00e0 hi\u1ec7n th\u1ef1c \u1ea3m \u0111\u1ea1m c\u1ee7a ch\u00fang ta \u0111\u01b0\u1ee3c \u0111\u01b0a l\u00ean trang s\u00e1ch m\u1ed9t c\u00e1ch d\u1ec5 th\u01b0\u01a1ng v\u00e0 h\u00e0i h\u01b0\u1edbc. C\u00e1c b\u1ea1n \u0111\u1ed9c gi\u1ea3 h\u1eb3n kh\u00f4ng th\u1ec3 kh\u00f4ng kh\u00fac kh\u00edch c\u01b0\u1eddi khi \u0111\u1ecdc cu\u1ed1n s\u00e1ch n\u00e0y. Tuy c\u00f3 l\u1ebd ti\u1ebfng c\u01b0\u1eddi \u1ea5y s\u1ebd kh\u00f4ng k\u00e9o d\u00e0i hay th\u1ecfa s\u1ee9c th\u1ed1ng kho\u00e1i. B\u1edfi \u0111\u1ebfn cu\u1ed1i c\u00f9ng, c\u00e1c b\u1ea1n bu\u1ed9c ph\u1ea3i \u0111\u1ed1i di\u1ec7n v\u1edbi c\u00e2u h\u1ecfi:<br \/>\n\u201cCh\u00fang ta c\u00f3 \u0111ang h\u1ea1nh ph\u00fac kh\u00f4ng?\u201d<\/p>\n<p>\u01af\u1edbc m\u01a1 heo c\u1ee7a Kim Seong Mi ch\u00ednh l\u00e0 cu\u1ed1n s\u00e1ch ng\u1ed9 ngh\u0129nh \u0111\u1eb7t ra cho \u0111\u1ed9c gi\u1ea3 m\u1ed9t c\u00e2u h\u1ecfi nghi\u00eam t\u00fac v\u1ec1 h\u1ea1nh ph\u00fac nh\u01b0 v\u1eady.<br \/>\n&#8211; Lee Rury, t\u00e1c gi\u1ea3 hai cu\u1ed1n s\u00e1ch L\u00e0n h\u01a1i \u1ea5m &#8211; C\u00e1i m\u0169i \u0111en<\/p>\n","protected":false},"featured_media":15278,"template":"","meta":{"_acf_changed":false},"product_brand":[],"product_cat":[25,17,26],"product_tag":[],"class_list":{"0":"post-15279","1":"product","2":"type-product","3":"status-publish","4":"has-post-thumbnail","6":"product_cat-nhi-dong-6-tuoi-12-tuoi","7":"product_cat-sach-danh-cho-cac-be","8":"product_cat-thieu-nien-11-tuoi-18-tuoi","10":"first","11":"instock","12":"taxable","13":"shipping-taxable","14":"purchasable","15":"product-type-simple"},"supplier_id":null,"supplier_sku":"","barcode":null,"atum_controlled":true,"out_stock_date":null,"out_stock_threshold":null,"inheritable":false,"inbound_stock":0,"stock_on_hold":0,"sold_today":0,"sales_last_days":0,"reserved_stock":0,"customer_returns":0,"warehouse_damage":0,"lost_in_post":0,"other_logs":0,"out_stock_days":0,"lost_sales":0,"has_location":false,"update_date":"2026-01-28T23:10:56","atum_locations":[],"atum_stock_status":"instock","restock_status":false,"low_stock_amount":"","sales_update_date":"2026-01-28T23:10:56","calc_backorders":null,"acf":{"publisher":{"ID":1424,"post_author":"1","post_date":"2021-02-17 00:02:29","post_date_gmt":"2021-02-16 22:02:29","post_content":"<!-- wp:flatsome\/uxbuilder -->\n<h1 style=\"text-align: center\"><strong>Nh\u00e3 Nam<\/strong><\/h1>\n[row]\n\n[col span=\"6\" span__sm=\"12\"]\n\n[ux_image id=\"1438\" image_size=\"medium\"]\n\n\n[\/col]\n[col span=\"6\" span__sm=\"12\"]\n\n<p><strong>C\u00f4ng ty c\u1ed5 ph\u1ea7n V\u0103n h\u00f3a v\u00e0 Truy\u1ec1n th\u00f4ng Nh\u00e3 Nam<\/strong><\/p>\n<p>Th\u00e1ng 2 n\u0103m 2005, Nh\u00e3 Nam, t\u00ean \u0111\u1ea7y \u0111\u1ee7 l\u00e0 C\u00f4ng ty C\u1ed5 ph\u1ea7n V\u0103n h\u00f3a v\u00e0 Truy\u1ec1n th\u00f4ng Nh\u00e3 Nam \u0111\u00e3 gia nh\u1eadp th\u1ecb tr\u01b0\u1eddng s\u00e1ch. T\u00e1c ph\u1ea9m \"Balzac v\u00e0 c\u00f4 b\u00e9 th\u1ee3 may Trung hoa\" c\u1ee7a \u0110\u1edbi T\u01b0 Ki\u1ec7t l\u00e0 cu\u1ed1n s\u00e1ch \u0111\u1ea7u ti\u00ean \u0111\u01b0\u1ee3c nh\u1eefng ng\u01b0\u1eddi s\u00e1ng l\u1eadp Nh\u00e3 Nam xu\u1ea5t b\u1ea3n c\u1ea3 tr\u01b0\u1edbc khi c\u00f4ng ty ra \u0111\u1eddi. Ngay l\u1eadp t\u1ee9c t\u1eeb cu\u1ed1n s\u00e1ch \u0111\u1ea7u ti\u00ean, \u0111\u1ed9c gi\u1ea3 \u0111\u00e3 d\u00e0nh s\u1ef1 quan t\u00e2m v\u00e0 y\u00eau m\u1ebfn cho m\u1ed9t th\u01b0\u01a1ng hi\u1ec7u s\u00e1ch m\u1edbi m\u1ebb mang trong m\u00ecnh kh\u00e1t v\u1ecdng g\u00f3p ph\u1ea7n t\u1ea1o l\u1eadp di\u1ec7n m\u1ea1o m\u1edbi cho xu\u1ea5t b\u1ea3n v\u0103n h\u1ecdc t\u1ea1i Vi\u1ec7t Nam.<\/p>\n<p>L\u00f2ng say m\u00ea c\u1ee7a \u0111\u1ed9i ng\u0169 l\u00e0 vi\u00ean \u0111\u00e1 \u0111\u1ea7u ti\u00ean. Tr\u1ea3i qua m\u1ea5y n\u0103m ph\u00e1t tri\u1ec3n, Nh\u00e3 Nam \u0111\u00e3 \u0111\u01b0\u1ee3c x\u00e2y d\u1ef1ng d\u1ea7n l\u00ean trong di\u1ec7n m\u1ea1o m\u1ed9t nh\u00e0 xu\u1ea5t b\u1ea3n v\u1eefng ch\u00e3i v\u00e0 chuy\u00ean nghi\u1ec7p. S\u00e1u th\u00e1ng sau khi th\u00e0nh l\u1eadp c\u00f4ng ty, Nh\u1eadt k\u00fd \u0110\u1eb7ng Th\u00f9y Tr\u00e2m ra \u0111\u1eddi, t\u1ea1o n\u00ean m\u1ed9t c\u01a1n s\u1ed1t trong x\u00e3 h\u1ed9i, v\u1edbi g\u1ea7n 500,000 b\u1ea3n s\u00e1ch \u0111\u01b0\u1ee3c ph\u00e1t h\u00e0nh, ph\u00e1 m\u1ecdi k\u1ef7 l\u1ee5c v\u1ec1 xu\u1ea5t b\u1ea3n tr\u01b0\u1edbc \u0111\u00f3, k\u00e9o theo m\u1ed9t lo\u1ea1t nh\u1eefng hi\u1ec7u \u1ee9ng x\u00e3 h\u1ed9i v\u00e0 d\u01b0 lu\u1eadn c\u00f3 \u00fd ngh\u0129a. T\u1eeb \u0111\u00f3 tr\u1edf \u0111i, th\u00f4ng qua Nh\u00e3 Nam, c\u00e1c cu\u1ed1n s\u00e1ch v\u0103n h\u1ecdc n\u01b0\u1edbc ngo\u00e0i c\u00f3 gi\u00e1 tr\u1ecb \u0111\u01b0\u1ee3c li\u00ean t\u1ee5c mua b\u1ea3n quy\u1ec1n v\u00e0 xu\u1ea5t b\u1ea3n t\u1ea1i Vi\u1ec7t Nam, thu h\u00fat nhi\u1ec1u t\u1ea7ng l\u1edbp \u0111\u1ed9c gi\u1ea3. S\u00e1ch c\u1ee7a Nh\u00e3 Nam n\u1ed5i b\u1eadt b\u1edfi n\u1ed9i dung v\u0103n h\u1ecdc tinh t\u1ebf, b\u1edfi v\u1ebb \u0111\u1eb9p c\u1ee7a thi\u1ebft k\u1ebf hi\u1ec7n \u0111\u1ea1i \u1edf h\u00ecnh th\u1ee9c, b\u1edfi s\u1ef1 ch\u0103m ch\u00fat k\u1ef9 l\u01b0\u1ee1ng cho m\u1ed7i cu\u1ed1n s\u00e1ch nh\u01b0 m\u1ed9t con thuy\u1ec1n mang t\u1edbi ni\u1ec1m vui, tri th\u1ee9c, ng\u1ea1c nhi\u00ean, v\u00e0 \u0111\u1ed3ng c\u1ea3m.<\/p>\n\n[\/col]\n\n[\/row]\n<p style=\"text-align: left\">Hi\u1ec3u th\u1eddi \u0111\u1ea1i \u0111ang s\u1ed1ng th\u00f4ng qua s\u00e1ch, song h\u00e0nh v\u1edbi nh\u1eefng bi\u1ebfn chuy\u1ec3n s\u00e2u s\u1eafc trong l\u00f2ng x\u00e3 h\u1ed9i b\u1eb1ng nh\u1eefng ho\u1ea1t \u0111\u1ed9ng xu\u1ea5t b\u1ea3n mi\u1ec7t m\u00e0i v\u00e0 qu\u1ea3 c\u1ea3m, con \u0111\u01b0\u1eddng Nh\u00e3 Nam \u0111\u00e3 ch\u1ecdn \u0111\u1ec3 \u0111i s\u1ebd c\u00f2n d\u00e0i. Nhi\u1ec1u kh\u00f3 kh\u0103n, th\u1eed th\u00e1ch \u0111ang \u1edf ph\u00eda tr\u01b0\u1edbc. B\u01b0\u1edbc qua th\u1eddi k\u1ef3 s\u01a1 khai v\u1edbi nh\u1eefng b\u00e0i h\u1ecdc v\u00e0 nh\u1eefng kinh nghi\u1ec7m \u0111\u1ea7u ti\u00ean, Nh\u00e3 Nam gi\u1edd \u0111\u00e3 s\u1eb5n s\u00e0ng cho m\u1ed9t ch\u1eb7ng \u0111\u01b0\u1eddng ph\u00e1t tri\u1ec3n m\u1edbi. V\u00e0 ch\u00fang t\u00f4i mu\u1ed1n ho\u00e0n thi\u1ec7n m\u00ecnh trong s\u1ef1 c\u1ea7u th\u1ecb v\u00e0 c\u1ea9n tr\u1ecdng. T\u1ea5t c\u1ea3 v\u00ec m\u1ed9t gia s\u1ea3n s\u00e1ch to l\u1edbn, c\u00f3 s\u1ee9c s\u1ed1ng d\u00e0i l\u00e2u, c\u00f3 \u00fd ngh\u0129a v\u1edbi nhi\u1ec1u th\u1ebf h\u1ec7 b\u1ea1n \u0111\u1ecdc.<br \/>B\u1edfi v\u00ec s\u00e1ch l\u00e0 th\u1ebf gi\u1edbi.<\/p>\n<p><strong>\u0110\u00e2y l\u00e0 m\u1ed9t nh\u00e0 ph\u00e1t h\u00e0nh s\u00e1ch m\u00e0 SACHVIET.EU r\u1ea5t y\u00eau th\u00edch v\u00e0 tin t\u01b0\u1edfng. Nh\u00ecn \u0111\u01b0\u1ee3c t\u1ea7m \u1ea3nh h\u01b0\u1edfng c\u1ee7a Nh\u00e3 Nam qua t\u1eebng cu\u1ed1n s\u00e1ch, SACHVIET.EU li\u00ean h\u1ec7 h\u1ee3p t\u00e1c ngay v\u1edbi Nh\u00e3 Nam \u0111\u1ec3 \u0111em to\u00e0n b\u1ed9 nh\u1eefng t\u00e1c ph\u1ea9m m\u1edbi, hay nh\u1ea5t m\u00e0 Nh\u00e3 Nam c\u00f3 sang Ch\u00e2u \u00c2u, \u0111\u01b0a \u0111\u1ebfn cho \u0111\u1ed9c gi\u1ea3 c\u00f3 nhi\u1ec1u s\u1ef1 l\u1ef1a ch\u1ecdn phong ph\u00fa h\u01a1n c\u1ea3 s\u00e1ch cho tr\u1ebb em l\u1eabn ng\u01b0\u1eddi l\u1edbn.\u00a0<\/strong><\/p>\n\n<!-- \/wp:flatsome\/uxbuilder -->","post_title":"Nh\u00e3 Nam","post_excerpt":"","post_status":"publish","comment_status":"closed","ping_status":"closed","post_password":"","post_name":"nha-nam","to_ping":"","pinged":"","post_modified":"2022-12-19 23:15:33","post_modified_gmt":"2022-12-19 21:15:33","post_content_filtered":"","post_parent":0,"guid":"https:\/\/sachviet.eu\/?post_type=publisher&#038;p=1424","menu_order":0,"post_type":"publisher","post_mime_type":"","comment_count":"0","filter":"raw"}},"_links":{"self":[{"href":"https:\/\/sachviet.eu\/en\/wp-json\/wp\/v2\/product\/15279","targetHints":{"allow":["GET"]}}],"collection":[{"href":"https:\/\/sachviet.eu\/en\/wp-json\/wp\/v2\/product"}],"about":[{"href":"https:\/\/sachviet.eu\/en\/wp-json\/wp\/v2\/types\/product"}],"wp:featuredmedia":[{"embeddable":true,"href":"https:\/\/sachviet.eu\/en\/wp-json\/wp\/v2\/media\/15278"}],"wp:attachment":[{"href":"https:\/\/sachviet.eu\/en\/wp-json\/wp\/v2\/media?parent=15279"}],"wp:term":[{"taxonomy":"product_brand","embeddable":true,"href":"https:\/\/sachviet.eu\/en\/wp-json\/wp\/v2\/product_brand?post=15279"},{"taxonomy":"product_cat","embeddable":true,"href":"https:\/\/sachviet.eu\/en\/wp-json\/wp\/v2\/product_cat?post=15279"},{"taxonomy":"product_tag","embeddable":true,"href":"https:\/\/sachviet.eu\/en\/wp-json\/wp\/v2\/product_tag?post=15279"}],"curies":[{"name":"wp","href":"https:\/\/api.w.org\/{rel}","templated":true}]}}