{"id":15277,"date":"2021-08-04T15:02:15","date_gmt":"2021-08-04T12:02:15","guid":{"rendered":"https:\/\/sachviet.eu\/shop\/combo-3-quyen-tho-con-thuong-me-nhat-con-yeu-bo-vo-cung-con-nho-ong-ba-lam\/"},"modified":"2022-01-17T22:05:40","modified_gmt":"2022-01-17T20:05:40","slug":"combo-3-quyen-tho-con-thuong-me-nhat-con-yeu-bo-vo-cung-con-nho-ong-ba-lam","status":"publish","type":"product","link":"https:\/\/sachviet.eu\/en\/shop\/combo-3-quyen-tho-con-thuong-me-nhat-con-yeu-bo-vo-cung-con-nho-ong-ba-lam\/","title":{"rendered":"Combo 3 Quy\u1ec3n &#8211; Th\u01a1 con th\u01b0\u01a1ng m\u1eb9 nh\u1ea5t, con y\u00eau b\u1ed1 v\u00f4 c\u00f9ng, con nh\u1edb \u00f4ng b\u00e0 l\u1eafm"},"content":{"rendered":"<p>B\u1ed9 s\u00e1ch \u201cGia \u0111\u00ecnh B\u00e9 B\u1ecfng\u201d l\u00e0 s\u1ea3n ph\u1ea9m thu\u1ed9c d\u00f2ng s\u00e1ch \u201cC\u1ea3 nh\u00e0 c\u00f9ng \u0111\u1ecdc to\u201d d\u00e0nh ri\u00eang cho tr\u1ebb em t\u1eeb 1 &#8211; 6 tu\u1ed5i c\u1ee7a Lionbooks \u0111\u01b0\u1ee3c xu\u1ea5t hi\u1ec7n l\u1ea7n \u0111\u1ea7u ti\u00ean tr\u00ean th\u1ecb tr\u01b0\u1eddng.<\/p>\n<p>Nh\u1eefng cu\u1ed1n s\u00e1ch \u201cc\u1ea3 nh\u00e0 c\u00f9ng \u0111\u1ecdc to\u201d m\u00e0 Lionbooks th\u1ef1c hi\u1ec7n d\u1ef1a tr\u00ean tri\u1ebft l\u00fd: v\u1edbi tr\u1ebb em, m\u1ed9t cu\u1ed1n s\u00e1ch hay l\u00e0 cu\u1ed1n s\u00e1ch \u0111\u01b0\u1ee3c \u0111\u1ecdc c\u00f9ng nh\u1eefng ng\u01b0\u1eddi th\u01b0\u01a1ng y\u00eau nh\u1ea5t. \u0110\u00e2y c\u0169ng l\u00e0 c\u01a1 s\u1edf cho vi\u1ec7c h\u00ecnh th\u00e0nh m\u1ed1i li\u00ean k\u1ebft b\u1ec1n ch\u1eb7t gi\u1eefa t\u1ea5t c\u1ea3 m\u1ecdi ng\u01b0\u1eddi trong gia \u0111\u00ecnh v\u1edbi con tr\u1ebb: c\u1ea3 nh\u00e0 c\u00f9ng \u0111\u1ecdc, c\u00f9ng ch\u01a1i, c\u00f9ng \u0111\u1ed3ng h\u00e0nh trong h\u00e0nh tr\u00ecnh l\u1edbn l\u00ean c\u1ee7a b\u00e9.<\/p>\n<p>Nh\u1eefng cu\u1ed1n s\u00e1ch \u201cc\u1ea3 nh\u00e0 c\u00f9ng \u0111\u1ecdc to\u201d \u0111\u01b0\u1ee3c ra \u0111\u1eddi v\u1edbi \u0111\u1ecbnh h\u01b0\u1edbng c\u1ed1t l\u00f5i \u0111\u00f3, n\u1ed9i dung \u0111\u01a1n gi\u1ea3n, h\u00ecnh th\u1ee9c g\u1ea7n g\u0169i, d\u1ec5 ti\u1ebfp c\u1eadn, t\u1eeb \u0111\u00f3 x\u00e2y d\u1ef1ng nh\u1eefng k\u00fd \u1ee9c qu\u00fd gi\u00e1 \u0111\u1ec3 ph\u00e1t tri\u1ec3n tr\u00ed tu\u1ec7 c\u1ea3m x\u00fac v\u00e0 tr\u00ed t\u01b0\u1edfng t\u01b0\u1ee3ng mu\u00f4n m\u00e0u \u1edf m\u1ed7i em b\u00e9, \u0111\u1ed3ng h\u00e0nh c\u00f9ng ba m\u1eb9 trong h\u00e0nh tr\u00ecnh nu\u00f4i d\u01b0\u1ee1ng n\u00ean nh\u1eefng em b\u00e9 h\u1ea1nh ph\u00fac.<\/p>\n","protected":false},"excerpt":{"rendered":"<p>B\u1ed9 s\u00e1ch \u201cGia \u0111\u00ecnh B\u00e9 B\u1ecfng\u201d l\u00e0 s\u1ea3n ph\u1ea9m thu\u1ed9c d\u00f2ng s\u00e1ch \u201cC\u1ea3 nh\u00e0 c\u00f9ng \u0111\u1ecdc to\u201d d\u00e0nh ri\u00eang cho tr\u1ebb em t\u1eeb 1 &#8211; 6 tu\u1ed5i c\u1ee7a Lionbooks \u0111\u01b0\u1ee3c xu\u1ea5t hi\u1ec7n l\u1ea7n \u0111\u1ea7u ti\u00ean tr\u00ean th\u1ecb tr\u01b0\u1eddng.<\/p>\n<p>Nh\u1eefng cu\u1ed1n s\u00e1ch \u201cc\u1ea3 nh\u00e0 c\u00f9ng \u0111\u1ecdc to\u201d m\u00e0 Lionbooks th\u1ef1c hi\u1ec7n d\u1ef1a tr\u00ean tri\u1ebft l\u00fd: v\u1edbi tr\u1ebb em, m\u1ed9t cu\u1ed1n s\u00e1ch hay l\u00e0 cu\u1ed1n s\u00e1ch \u0111\u01b0\u1ee3c \u0111\u1ecdc c\u00f9ng nh\u1eefng ng\u01b0\u1eddi th\u01b0\u01a1ng y\u00eau nh\u1ea5t. \u0110\u00e2y c\u0169ng l\u00e0 c\u01a1 s\u1edf cho vi\u1ec7c h\u00ecnh th\u00e0nh m\u1ed1i li\u00ean k\u1ebft b\u1ec1n ch\u1eb7t gi\u1eefa t\u1ea5t c\u1ea3 m\u1ecdi ng\u01b0\u1eddi trong gia \u0111\u00ecnh v\u1edbi con tr\u1ebb: c\u1ea3 nh\u00e0 c\u00f9ng \u0111\u1ecdc, c\u00f9ng ch\u01a1i, c\u00f9ng \u0111\u1ed3ng h\u00e0nh trong h\u00e0nh tr\u00ecnh l\u1edbn l\u00ean c\u1ee7a b\u00e9.<\/p>\n<p>Nh\u1eefng cu\u1ed1n s\u00e1ch \u201cc\u1ea3 nh\u00e0 c\u00f9ng \u0111\u1ecdc to\u201d \u0111\u01b0\u1ee3c ra \u0111\u1eddi v\u1edbi \u0111\u1ecbnh h\u01b0\u1edbng c\u1ed1t l\u00f5i \u0111\u00f3, n\u1ed9i dung \u0111\u01a1n gi\u1ea3n, h\u00ecnh th\u1ee9c g\u1ea7n g\u0169i, d\u1ec5 ti\u1ebfp c\u1eadn, t\u1eeb \u0111\u00f3 x\u00e2y d\u1ef1ng nh\u1eefng k\u00fd \u1ee9c qu\u00fd gi\u00e1 \u0111\u1ec3 ph\u00e1t tri\u1ec3n tr\u00ed tu\u1ec7 c\u1ea3m x\u00fac v\u00e0 tr\u00ed t\u01b0\u1edfng t\u01b0\u1ee3ng mu\u00f4n m\u00e0u \u1edf m\u1ed7i em b\u00e9, \u0111\u1ed3ng h\u00e0nh c\u00f9ng ba m\u1eb9 trong h\u00e0nh tr\u00ecnh nu\u00f4i d\u01b0\u1ee1ng n\u00ean nh\u1eefng em b\u00e9 h\u1ea1nh ph\u00fac.<\/p>\n","protected":false},"featured_media":15271,"template":"","meta":{"_acf_changed":false},"product_brand":[],"product_cat":[24,25,17],"product_tag":[],"class_list":{"0":"post-15277","1":"product","2":"type-product","3":"status-publish","4":"has-post-thumbnail","6":"product_cat-nha-tre-mau-giao-0-tuoi-6-tuoi","7":"product_cat-nhi-dong-6-tuoi-12-tuoi","8":"product_cat-sach-danh-cho-cac-be","10":"first","11":"outofstock","12":"taxable","13":"shipping-taxable","14":"purchasable","15":"product-type-simple"},"supplier_id":null,"supplier_sku":"","barcode":null,"atum_controlled":true,"out_stock_date":"2022-01-17 20:05:40","out_stock_threshold":null,"inheritable":false,"inbound_stock":0,"stock_on_hold":0,"sold_today":0,"sales_last_days":0,"reserved_stock":0,"customer_returns":0,"warehouse_damage":0,"lost_in_post":0,"other_logs":0,"out_stock_days":1472,"lost_sales":0,"has_location":false,"update_date":"2026-01-28T23:10:56","atum_locations":[],"atum_stock_status":"outofstock","restock_status":false,"low_stock_amount":"","sales_update_date":"2026-01-28T23:10:56","calc_backorders":null,"acf":{"publisher":{"ID":15270,"post_author":"1","post_date":"2021-08-04 15:01:56","post_date_gmt":"2021-08-04 12:01:56","post_content":"","post_title":"Lionbooks","post_excerpt":"","post_status":"publish","comment_status":"closed","ping_status":"closed","post_password":"","post_name":"lionbooks","to_ping":"","pinged":"","post_modified":"2021-08-04 15:01:56","post_modified_gmt":"2021-08-04 12:01:56","post_content_filtered":"","post_parent":0,"guid":"https:\/\/sachviet.eu\/nha-phat-hanh\/lionbooks\/","menu_order":0,"post_type":"publisher","post_mime_type":"","comment_count":"0","filter":"raw"}},"_links":{"self":[{"href":"https:\/\/sachviet.eu\/en\/wp-json\/wp\/v2\/product\/15277","targetHints":{"allow":["GET"]}}],"collection":[{"href":"https:\/\/sachviet.eu\/en\/wp-json\/wp\/v2\/product"}],"about":[{"href":"https:\/\/sachviet.eu\/en\/wp-json\/wp\/v2\/types\/product"}],"wp:featuredmedia":[{"embeddable":true,"href":"https:\/\/sachviet.eu\/en\/wp-json\/wp\/v2\/media\/15271"}],"wp:attachment":[{"href":"https:\/\/sachviet.eu\/en\/wp-json\/wp\/v2\/media?parent=15277"}],"wp:term":[{"taxonomy":"product_brand","embeddable":true,"href":"https:\/\/sachviet.eu\/en\/wp-json\/wp\/v2\/product_brand?post=15277"},{"taxonomy":"product_cat","embeddable":true,"href":"https:\/\/sachviet.eu\/en\/wp-json\/wp\/v2\/product_cat?post=15277"},{"taxonomy":"product_tag","embeddable":true,"href":"https:\/\/sachviet.eu\/en\/wp-json\/wp\/v2\/product_tag?post=15277"}],"curies":[{"name":"wp","href":"https:\/\/api.w.org\/{rel}","templated":true}]}}