{"id":15264,"date":"2021-08-04T15:01:18","date_gmt":"2021-08-04T12:01:18","guid":{"rendered":"https:\/\/sachviet.eu\/shop\/bo-sach-tranh-truyen-bac-au\/"},"modified":"2024-04-18T14:29:39","modified_gmt":"2024-04-18T11:29:39","slug":"bo-sach-tranh-truyen-bac-au","status":"publish","type":"product","link":"https:\/\/sachviet.eu\/en\/shop\/bo-sach-tranh-truyen-bac-au\/","title":{"rendered":"B\u1ed9 s\u00e1ch Tranh Truy\u1ec7n B\u1eafc \u00c2u"},"content":{"rendered":"<p>1\/ Tranh Truy\u1ec7n B\u1eafc \u00c2u: \u00c1o Len C\u1ee7a Otto<\/p>\n<p>V\u01b0\u1ee3n c\u00e1o Otto \u0111\u00e3 \u0111\u1ea1p xe r\u00f5 xa \u0111\u1ec3 t\u1edbi th\u0103m Lisa v\u00e0 Nils &#8211; nh\u1eefng ng\u01b0\u1eddi b\u1ea1n sinh s\u1ed1ng \u1edf ph\u01b0\u01a1ng B\u1eafc l\u1ea1nh gi\u00e1. Otto d\u1ef1 t\u00ednh s\u1ebd v\u1ebd m\u1ed9t b\u1ee9c tranh B\u1eafc c\u1ef1c quang tuy\u1ec7t \u0111\u1eb9p, th\u1ebf nh\u01b0ng b\u1ed9 l\u00f4ng c\u1ee7a c\u1eadu ch\u1eb3ng \u0111\u1ee7 \u0111\u1ec3 gi\u1eef \u1ea5m gi\u1eefa tr\u1eddi \u0111\u00eam r\u00e9t bu\u1ed1t. Li\u1ec7u v\u01b0\u1ee3n c\u00e1o Otto c\u00f3 ho\u00e0n th\u00e0nh \u0111\u01b0\u1ee3c b\u1ee9c tranh m\u00e0 c\u1eadu \u1ea5p \u1ee7 kh\u00f4ng nh\u1ec9?<\/p>\n<p>M\u1ed9t c\u00e2u chuy\u1ec7n th\u00fa v\u1ecb v\u00e0 \u00fd ngh\u0129a v\u1edbi ph\u1ea7n minh ho\u1ea1 tuy\u1ec7t \u0111\u1eb9p d\u00e0nh cho c\u00e1c b\u1ea1n \u0111\u1ecdc nh\u1ecf tu\u1ed5i.<\/p>\n<p>2\/ Tranh Truy\u1ec7n B\u1eafc \u00c2u: B\u1ea1n Nh\u00edm Ba Ph\u1ea3i<\/p>\n<p>B\u1ea1n Nh\u00edm t\u00ecm th\u1ea5y m\u1ed9t qu\u1ea3 d\u00e2u v\u1eeba to v\u1eeba \u0111\u1eb9p nh\u1ea5t tr\u1ea7n \u0111\u1eddi. Nh\u01b0ng tr\u01b0\u1edbc khi \u0111\u01b0\u1ee3c \u201c\u0111\u00e1nh ch\u00e9n\u201d th\u1eadt ngon l\u00e0nh th\u00ec bi\u1ebft bao chuy\u1ec7n \u0111\u00e3 x\u1ea3y ra! Li\u1ec7u Nh\u00edm c\u00f3 th\u1ec3 \u0103n qu\u1ea3 d\u00e2u m\u1ed9t c\u00e1ch y\u00ean \u1ed5n kh\u00f4ng \u0111\u00e2y?<\/p>\n<p>M\u1ed9t c\u00e2u chuy\u1ec7n th\u00fa v\u1ecb v\u00e0 \u00fd ngh\u0129a v\u1edbi ph\u1ea7n minh ho\u1ea1 tuy\u1ec7t \u0111\u1eb9p d\u00e0nh cho c\u00e1c b\u1ea1n \u0111\u1ecdc nh\u1ecf tu\u1ed5i.<\/p>\n<p>3\/ Tranh Truy\u1ec7n B\u1eafc \u00c2u: Nh\u1eefng Ng\u01b0\u1eddi B\u1ea1n H\u00e0ng X\u00f3m<\/p>\n<p>\u0110\u00e1m m\u00e8o hoang v\u1eeba xu\u1ea5t hi\u1ec7n trong khu v\u01b0\u1eddn c\u1ee7a Th\u1ecf. Tr\u00f4ng ch\u00fang m\u1edbi d\u1eef t\u1ee3n l\u00e0m sao! Th\u1ecf v\u1eeba b\u1ef1c b\u1ed9i, v\u1eeba s\u1ee3 h\u00e3i khi th\u1ea5y \u0111\u00e1m m\u00e8o c\u00e0o c\u00e2y, \u0103n hoa c\u1ee7a n\u00f3. Th\u1ecf b\u00f3 tay, ch\u1eb3ng bi\u1ebft ph\u1ea3i l\u00e0m sao n\u1eefa. May thay, Th\u1ecf m\u1eb9 \u0111\u00e3 b\u00e0y cho Th\u1ecf m\u1ed9t g\u1ee3i \u00fd tuy\u1ec7t v\u1eddi. G\u1ee3i \u00fd \u0111\u00f3 l\u00e0 g\u00ec nh\u1ec9?<\/p>\n<p>M\u1ed9t c\u00e2u chuy\u1ec7n th\u00fa v\u1ecb v\u00e0 \u00fd ngh\u0129a v\u1edbi ph\u1ea7n minh ho\u1ea1 tuy\u1ec7t \u0111\u1eb9p d\u00e0nh cho c\u00e1c b\u1ea1n \u0111\u1ecdc nh\u1ecf tu\u1ed5i.<\/p>\n","protected":false},"excerpt":{"rendered":"<p>1\/ Tranh Truy\u1ec7n B\u1eafc \u00c2u: \u00c1o Len C\u1ee7a Otto<\/p>\n<p>V\u01b0\u1ee3n c\u00e1o Otto \u0111\u00e3 \u0111\u1ea1p xe r\u00f5 xa \u0111\u1ec3 t\u1edbi th\u0103m Lisa v\u00e0 Nils &#8211; nh\u1eefng ng\u01b0\u1eddi b\u1ea1n sinh s\u1ed1ng \u1edf ph\u01b0\u01a1ng B\u1eafc l\u1ea1nh gi\u00e1. Otto d\u1ef1 t\u00ednh s\u1ebd v\u1ebd m\u1ed9t b\u1ee9c tranh B\u1eafc c\u1ef1c quang tuy\u1ec7t \u0111\u1eb9p, th\u1ebf nh\u01b0ng b\u1ed9 l\u00f4ng c\u1ee7a c\u1eadu ch\u1eb3ng \u0111\u1ee7 \u0111\u1ec3 gi\u1eef \u1ea5m gi\u1eefa tr\u1eddi \u0111\u00eam r\u00e9t bu\u1ed1t. Li\u1ec7u v\u01b0\u1ee3n c\u00e1o Otto c\u00f3 ho\u00e0n th\u00e0nh \u0111\u01b0\u1ee3c b\u1ee9c tranh m\u00e0 c\u1eadu \u1ea5p \u1ee7 kh\u00f4ng nh\u1ec9?<\/p>\n<p>M\u1ed9t c\u00e2u chuy\u1ec7n th\u00fa v\u1ecb v\u00e0 \u00fd ngh\u0129a v\u1edbi ph\u1ea7n minh ho\u1ea1 tuy\u1ec7t \u0111\u1eb9p d\u00e0nh cho c\u00e1c b\u1ea1n \u0111\u1ecdc nh\u1ecf tu\u1ed5i.<\/p>\n<p>2\/ Tranh Truy\u1ec7n B\u1eafc \u00c2u: B\u1ea1n Nh\u00edm Ba Ph\u1ea3i<\/p>\n<p>B\u1ea1n Nh\u00edm t\u00ecm th\u1ea5y m\u1ed9t qu\u1ea3 d\u00e2u v\u1eeba to v\u1eeba \u0111\u1eb9p nh\u1ea5t tr\u1ea7n \u0111\u1eddi. Nh\u01b0ng tr\u01b0\u1edbc khi \u0111\u01b0\u1ee3c \u201c\u0111\u00e1nh ch\u00e9n\u201d th\u1eadt ngon l\u00e0nh th\u00ec bi\u1ebft bao chuy\u1ec7n \u0111\u00e3 x\u1ea3y ra! Li\u1ec7u Nh\u00edm c\u00f3 th\u1ec3 \u0103n qu\u1ea3 d\u00e2u m\u1ed9t c\u00e1ch y\u00ean \u1ed5n kh\u00f4ng \u0111\u00e2y?<\/p>\n<p>M\u1ed9t c\u00e2u chuy\u1ec7n th\u00fa v\u1ecb v\u00e0 \u00fd ngh\u0129a v\u1edbi ph\u1ea7n minh ho\u1ea1 tuy\u1ec7t \u0111\u1eb9p d\u00e0nh cho c\u00e1c b\u1ea1n \u0111\u1ecdc nh\u1ecf tu\u1ed5i.<\/p>\n<p>3\/ Tranh Truy\u1ec7n B\u1eafc \u00c2u: Nh\u1eefng Ng\u01b0\u1eddi B\u1ea1n H\u00e0ng X\u00f3m<\/p>\n<p>\u0110\u00e1m m\u00e8o hoang v\u1eeba xu\u1ea5t hi\u1ec7n trong khu v\u01b0\u1eddn c\u1ee7a Th\u1ecf. Tr\u00f4ng ch\u00fang m\u1edbi d\u1eef t\u1ee3n l\u00e0m sao! Th\u1ecf v\u1eeba b\u1ef1c b\u1ed9i, v\u1eeba s\u1ee3 h\u00e3i khi th\u1ea5y \u0111\u00e1m m\u00e8o c\u00e0o c\u00e2y, \u0103n hoa c\u1ee7a n\u00f3. Th\u1ecf b\u00f3 tay, ch\u1eb3ng bi\u1ebft ph\u1ea3i l\u00e0m sao n\u1eefa. May thay, Th\u1ecf m\u1eb9 \u0111\u00e3 b\u00e0y cho Th\u1ecf m\u1ed9t g\u1ee3i \u00fd tuy\u1ec7t v\u1eddi. G\u1ee3i \u00fd \u0111\u00f3 l\u00e0 g\u00ec nh\u1ec9?<\/p>\n<p>M\u1ed9t c\u00e2u chuy\u1ec7n th\u00fa v\u1ecb v\u00e0 \u00fd ngh\u0129a v\u1edbi ph\u1ea7n minh ho\u1ea1 tuy\u1ec7t \u0111\u1eb9p d\u00e0nh cho c\u00e1c b\u1ea1n \u0111\u1ecdc nh\u1ecf tu\u1ed5i.<\/p>\n","protected":false},"featured_media":15260,"template":"","meta":{"_acf_changed":false},"product_brand":[],"product_cat":[25,17,26],"product_tag":[],"class_list":{"0":"post-15264","1":"product","2":"type-product","3":"status-publish","4":"has-post-thumbnail","6":"product_cat-nhi-dong-6-tuoi-12-tuoi","7":"product_cat-sach-danh-cho-cac-be","8":"product_cat-thieu-nien-11-tuoi-18-tuoi","10":"first","11":"outofstock","12":"taxable","13":"shipping-taxable","14":"purchasable","15":"product-type-simple"},"supplier_id":null,"supplier_sku":"","barcode":null,"atum_controlled":true,"out_stock_date":"2024-04-18 11:29:40","out_stock_threshold":null,"inheritable":false,"inbound_stock":0,"stock_on_hold":0,"sold_today":0,"sales_last_days":0,"reserved_stock":0,"customer_returns":0,"warehouse_damage":0,"lost_in_post":0,"other_logs":0,"out_stock_days":650,"lost_sales":0,"has_location":false,"update_date":"2026-01-28T23:10:56","atum_locations":[],"atum_stock_status":"outofstock","restock_status":false,"low_stock_amount":"","sales_update_date":"2026-01-28T23:10:56","calc_backorders":null,"acf":{"publisher":{"ID":1454,"post_author":"1","post_date":"2021-02-17 01:11:34","post_date_gmt":"2021-02-16 23:11:34","post_content":"<!-- wp:flatsome\/uxbuilder -->\n<h1 style=\"text-align: center;\"><strong>Kim \u0110\u1ed3ng<\/strong><\/h1>\n[row]\n\n[col span=\"3\" span__sm=\"12\"]\n\n[ux_image id=\"1534\" image_size=\"medium\"]\n\n\n[\/col]\n[col span=\"9\" span__sm=\"12\"]\n\n<p>Nh\u00e0 xu\u1ea5t b\u1ea3n Kim \u0110\u1ed3ng tr\u1ef1c thu\u1ed9c Trung \u01b0\u01a1ng \u0110o\u00e0n TNCS H\u1ed3 Ch\u00ed Minh l\u00e0 Nh\u00e0 xu\u1ea5t b\u1ea3n t\u1ed5ng h\u1ee3p c\u00f3 ch\u1ee9c n\u0103ng xu\u1ea5t b\u1ea3n s\u00e1ch v\u00e0 v\u0103n h\u00f3a ph\u1ea9m ph\u1ee5c v\u1ee5 thi\u1ebfu nhi v\u00e0 c\u00e1c b\u1eadc ph\u1ee5 huynh trong c\u1ea3 n\u01b0\u1edbc, qu\u1ea3ng b\u00e1 v\u00e0 gi\u1edbi thi\u1ec7u v\u0103n h\u00f3a Vi\u1ec7t Nam ra th\u1ebf gi\u1edbi.<br \/>Nh\u00e0 xu\u1ea5t b\u1ea3n c\u00f3 nhi\u1ec7m v\u1ee5 t\u1ed5 ch\u1ee9c b\u1ea3n th\u1ea3o, bi\u00ean so\u1ea1n, bi\u00ean d\u1ecbch, xu\u1ea5t b\u1ea3n v\u00e0 ph\u00e1t h\u00e0nh c\u00e1c xu\u1ea5t b\u1ea3n ph\u1ea9m c\u00f3 n\u1ed9i dung: gi\u00e1o d\u1ee5c truy\u1ec1n th\u1ed1ng d\u00e2n t\u1ed9c, gi\u00e1o d\u1ee5c v\u1ec1 tri th\u1ee9c, ki\u1ebfn th\u1ee9c\u2026 tr\u00ean c\u00e1c l\u0129nh v\u1ef1c v\u0103n h\u1ecdc, ngh\u1ec7 thu\u1eadt, khoa h\u1ecdc k\u1ef9 thu\u1eadt nh\u1eb1m cung c\u1ea5p cho c\u00e1c em thi\u1ebfu nhi c\u0169ng nh\u01b0 c\u00e1c b\u1eadc ph\u1ee5 huynh c\u00e1c ki\u1ebfn th\u1ee9c c\u1ea7n thi\u1ebft trong cu\u1ed9c s\u1ed1ng, nh\u1eefng tinh hoa c\u1ee7a tri th\u1ee9c nh\u00e2n lo\u1ea1i nh\u1eb1m g\u00f3p ph\u1ea7n gi\u00e1o d\u1ee5c v\u00e0 h\u00ecnh th\u00e0nh nh\u00e2n c\u00e1ch th\u1ebf h\u1ec7 tr\u1ebb.<br \/>\u0110\u1ed1i t\u01b0\u1ee3ng ph\u1ee5c v\u1ee5 c\u1ee7a Nh\u00e0 xu\u1ea5t b\u1ea3n l\u00e0 c\u00e1c em t\u1eeb tu\u1ed5i nh\u00e0 tr\u1ebb m\u1eabu gi\u00e1o (1 \u0111\u1ebfn 5 tu\u1ed5i), nhi \u0111\u1ed3ng (6 \u0111\u1ebfn 9 tu\u1ed5i), thi\u1ebfu ni\u00ean (10 \u0111\u1ebfn 15 tu\u1ed5i) \u0111\u1ebfn c\u00e1c em tu\u1ed5i m\u1edbi l\u1edbn (16 \u0111\u1ebfn 18 tu\u1ed5i) v\u00e0 c\u00e1c b\u1eadc ph\u1ee5 huynh.<\/p>\n\n[\/col]\n\n[\/row]\n\n<!-- \/wp:flatsome\/uxbuilder -->","post_title":"Kim \u0110\u1ed3ng","post_excerpt":"","post_status":"publish","comment_status":"closed","ping_status":"closed","post_password":"","post_name":"kim-dong","to_ping":"","pinged":"","post_modified":"2021-02-17 01:31:56","post_modified_gmt":"2021-02-16 23:31:56","post_content_filtered":"","post_parent":0,"guid":"https:\/\/sachviet.eu\/nha-phat-hanh\/kim-dong\/","menu_order":0,"post_type":"publisher","post_mime_type":"","comment_count":"0","filter":"raw"}},"_links":{"self":[{"href":"https:\/\/sachviet.eu\/en\/wp-json\/wp\/v2\/product\/15264","targetHints":{"allow":["GET"]}}],"collection":[{"href":"https:\/\/sachviet.eu\/en\/wp-json\/wp\/v2\/product"}],"about":[{"href":"https:\/\/sachviet.eu\/en\/wp-json\/wp\/v2\/types\/product"}],"wp:featuredmedia":[{"embeddable":true,"href":"https:\/\/sachviet.eu\/en\/wp-json\/wp\/v2\/media\/15260"}],"wp:attachment":[{"href":"https:\/\/sachviet.eu\/en\/wp-json\/wp\/v2\/media?parent=15264"}],"wp:term":[{"taxonomy":"product_brand","embeddable":true,"href":"https:\/\/sachviet.eu\/en\/wp-json\/wp\/v2\/product_brand?post=15264"},{"taxonomy":"product_cat","embeddable":true,"href":"https:\/\/sachviet.eu\/en\/wp-json\/wp\/v2\/product_cat?post=15264"},{"taxonomy":"product_tag","embeddable":true,"href":"https:\/\/sachviet.eu\/en\/wp-json\/wp\/v2\/product_tag?post=15264"}],"curies":[{"name":"wp","href":"https:\/\/api.w.org\/{rel}","templated":true}]}}