{"id":15259,"date":"2021-08-04T15:00:45","date_gmt":"2021-08-04T12:00:45","guid":{"rendered":"https:\/\/sachviet.eu\/shop\/nguoi-chet-de-da\/"},"modified":"2021-08-04T20:59:25","modified_gmt":"2021-08-04T17:59:25","slug":"nguoi-chet-de-da","status":"publish","type":"product","link":"https:\/\/sachviet.eu\/en\/shop\/nguoi-chet-de-da\/","title":{"rendered":"Ng\u01b0\u1eddi Ch\u1ebft \u0110\u1ec3 Da"},"content":{"rendered":"<p>Ng\u01b0\u1eddi Ch\u1ebft \u0110\u1ec3 Da<\/p>\n<p>C\u00f3 m\u1ed9t \u0111i\u1ec1u c\u1ea5m k\u1ecb trong gi\u1edbi x\u0103m m\u00ecnh Nh\u1eadt B\u1ea3n, \u0111\u00f3 l\u00e0 kh\u00f4ng x\u0103m c\u00f9ng l\u00fac ba h\u00ecnh: r\u1eafn-\u1ebfch-s\u00ean. B\u1edfi theo t\u00edn ng\u01b0\u1ee1ng d\u00e2n gian th\u00ec r\u1eafn nu\u1ed1t \u1ebfch, \u1ebfch \u0103n s\u00ean, s\u00ean l\u00e0m tan ch\u1ea3y r\u1eafn. X\u0103m ba h\u00ecnh n\u00e0y l\u00ean c\u00f9ng m\u1ed9t ng\u01b0\u1eddi th\u00ec ch\u00fang s\u1ebd \u0111\u1ea5u \u0111\u00e1 gay g\u1eaft li\u00ean mi\u00ean khi\u1ebfn ch\u1ee7 nh\u00e2n t\u1eed vong. C\u00f2n chia ba h\u00ecnh x\u0103m l\u00ean ba ng\u01b0\u1eddi c\u00f3 li\u00ean quan th\u00ec b\u1ea3n th\u00e2n h\u1ecd s\u1ebd tri\u1ec7t ti\u00eau l\u1eabn nhau cho \u0111\u1ebfn khi c\u00f9ng ch\u1ebft c\u1ea3.<\/p>\n<p>B\u1edfi c\u1ea5m k\u1ecb \u0111\u00f3 m\u00e0 c\u00f3 nh\u1edd v\u1ea3 th\u1ebf n\u00e0o th\u1ee3 x\u0103m c\u0169ng kh\u00f4ng d\u00e1m th\u1ef1c hi\u1ec7n b\u1ed9 h\u00ecnh r\u1eafn-\u1ebfch-s\u00ean. Tuy nhi\u00ean, c\u00e1ch \u0111\u00e2y c\u0169ng l\u00e2u r\u1ed3i, c\u00f3 m\u1ed9t th\u1ee3 x\u0103m l\u1eebng danh v\u1eabn t\u00e1o gan x\u0103m b\u1ed9 ba n\u00e0y l\u00ean th\u00e2n th\u1ec3 ba ng\u01b0\u1eddi con c\u1ee7a \u00f4ng. V\u00e0 ch\u01b0a \u0111\u1ebfn m\u01b0\u1eddi n\u0103m, h\u00e0nh vi ph\u00e1 c\u1ea5m \u0111\u00f3 \u0111\u00e3 ph\u1ea3i tr\u1ea3 gi\u00e1, c\u00e1c con \u00f4ng l\u1ea7n l\u01b0\u1ee3t bi\u1ebfn th\u00e0nh n\u1ea1n nh\u00e2n c\u1ee7a lo\u1ea1t \u00e1n m\u1ea1ng x\u1ebb th\u1ecbt l\u1ed9t da phi nh\u00e2n t\u00ednh.<\/p>\n","protected":false},"excerpt":{"rendered":"<p>Ng\u01b0\u1eddi Ch\u1ebft \u0110\u1ec3 Da<\/p>\n<p>C\u00f3 m\u1ed9t \u0111i\u1ec1u c\u1ea5m k\u1ecb trong gi\u1edbi x\u0103m m\u00ecnh Nh\u1eadt B\u1ea3n, \u0111\u00f3 l\u00e0 kh\u00f4ng x\u0103m c\u00f9ng l\u00fac ba h\u00ecnh: r\u1eafn-\u1ebfch-s\u00ean. B\u1edfi theo t\u00edn ng\u01b0\u1ee1ng d\u00e2n gian th\u00ec r\u1eafn nu\u1ed1t \u1ebfch, \u1ebfch \u0103n s\u00ean, s\u00ean l\u00e0m tan ch\u1ea3y r\u1eafn. X\u0103m ba h\u00ecnh n\u00e0y l\u00ean c\u00f9ng m\u1ed9t ng\u01b0\u1eddi th\u00ec ch\u00fang s\u1ebd \u0111\u1ea5u \u0111\u00e1 gay g\u1eaft li\u00ean mi\u00ean khi\u1ebfn ch\u1ee7 nh\u00e2n t\u1eed vong. C\u00f2n chia ba h\u00ecnh x\u0103m l\u00ean ba ng\u01b0\u1eddi c\u00f3 li\u00ean quan th\u00ec b\u1ea3n th\u00e2n h\u1ecd s\u1ebd tri\u1ec7t ti\u00eau l\u1eabn nhau cho \u0111\u1ebfn khi c\u00f9ng ch\u1ebft c\u1ea3.<\/p>\n<p>B\u1edfi c\u1ea5m k\u1ecb \u0111\u00f3 m\u00e0 c\u00f3 nh\u1edd v\u1ea3 th\u1ebf n\u00e0o th\u1ee3 x\u0103m c\u0169ng kh\u00f4ng d\u00e1m th\u1ef1c hi\u1ec7n b\u1ed9 h\u00ecnh r\u1eafn-\u1ebfch-s\u00ean. Tuy nhi\u00ean, c\u00e1ch \u0111\u00e2y c\u0169ng l\u00e2u r\u1ed3i, c\u00f3 m\u1ed9t th\u1ee3 x\u0103m l\u1eebng danh v\u1eabn t\u00e1o gan x\u0103m b\u1ed9 ba n\u00e0y l\u00ean th\u00e2n th\u1ec3 ba ng\u01b0\u1eddi con c\u1ee7a \u00f4ng. V\u00e0 ch\u01b0a \u0111\u1ebfn m\u01b0\u1eddi n\u0103m, h\u00e0nh vi ph\u00e1 c\u1ea5m \u0111\u00f3 \u0111\u00e3 ph\u1ea3i tr\u1ea3 gi\u00e1, c\u00e1c con \u00f4ng l\u1ea7n l\u01b0\u1ee3t bi\u1ebfn th\u00e0nh n\u1ea1n nh\u00e2n c\u1ee7a lo\u1ea1t \u00e1n m\u1ea1ng x\u1ebb th\u1ecbt l\u1ed9t da phi nh\u00e2n t\u00ednh.<\/p>\n","protected":false},"featured_media":15257,"template":"","meta":{"_acf_changed":false},"product_brand":[],"product_cat":[15,72],"product_tag":[],"class_list":{"0":"post-15259","1":"product","2":"type-product","3":"status-publish","4":"has-post-thumbnail","6":"product_cat-sach-danh-cho-nguoi-lon","7":"product_cat-trinh-tham-kinh-di","9":"first","10":"outofstock","11":"taxable","12":"shipping-taxable","13":"purchasable","14":"product-type-simple"},"supplier_id":null,"supplier_sku":"","barcode":null,"atum_controlled":true,"out_stock_date":"2021-08-04 17:59:25","out_stock_threshold":null,"inheritable":false,"inbound_stock":0,"stock_on_hold":0,"sold_today":0,"sales_last_days":0,"reserved_stock":0,"customer_returns":0,"warehouse_damage":0,"lost_in_post":0,"other_logs":0,"out_stock_days":1638,"lost_sales":0,"has_location":false,"update_date":"2026-01-28T23:10:56","atum_locations":[],"atum_stock_status":"outofstock","restock_status":false,"low_stock_amount":"","sales_update_date":"2026-01-28T23:10:56","calc_backorders":null,"acf":{"publisher":{"ID":8612,"post_author":"1","post_date":"2021-04-28 14:27:30","post_date_gmt":"2021-04-28 11:27:30","post_content":"","post_title":"IPM","post_excerpt":"","post_status":"publish","comment_status":"closed","ping_status":"closed","post_password":"","post_name":"ipm","to_ping":"","pinged":"","post_modified":"2021-04-28 14:27:30","post_modified_gmt":"2021-04-28 11:27:30","post_content_filtered":"","post_parent":0,"guid":"https:\/\/sachviet.eu\/nha-phat-hanh\/ipm\/","menu_order":0,"post_type":"publisher","post_mime_type":"","comment_count":"0","filter":"raw"}},"_links":{"self":[{"href":"https:\/\/sachviet.eu\/en\/wp-json\/wp\/v2\/product\/15259","targetHints":{"allow":["GET"]}}],"collection":[{"href":"https:\/\/sachviet.eu\/en\/wp-json\/wp\/v2\/product"}],"about":[{"href":"https:\/\/sachviet.eu\/en\/wp-json\/wp\/v2\/types\/product"}],"wp:featuredmedia":[{"embeddable":true,"href":"https:\/\/sachviet.eu\/en\/wp-json\/wp\/v2\/media\/15257"}],"wp:attachment":[{"href":"https:\/\/sachviet.eu\/en\/wp-json\/wp\/v2\/media?parent=15259"}],"wp:term":[{"taxonomy":"product_brand","embeddable":true,"href":"https:\/\/sachviet.eu\/en\/wp-json\/wp\/v2\/product_brand?post=15259"},{"taxonomy":"product_cat","embeddable":true,"href":"https:\/\/sachviet.eu\/en\/wp-json\/wp\/v2\/product_cat?post=15259"},{"taxonomy":"product_tag","embeddable":true,"href":"https:\/\/sachviet.eu\/en\/wp-json\/wp\/v2\/product_tag?post=15259"}],"curies":[{"name":"wp","href":"https:\/\/api.w.org\/{rel}","templated":true}]}}