{"id":15256,"date":"2021-08-04T15:00:35","date_gmt":"2021-08-04T12:00:35","guid":{"rendered":"https:\/\/sachviet.eu\/shop\/boxset-sherlock-bo-3-tap-phien-ban-manga\/"},"modified":"2024-08-12T09:35:42","modified_gmt":"2024-08-12T06:35:42","slug":"boxset-sherlock-bo-3-tap-phien-ban-manga","status":"publish","type":"product","link":"https:\/\/sachviet.eu\/en\/shop\/boxset-sherlock-bo-3-tap-phien-ban-manga\/","title":{"rendered":"Boxset SHERLOCK (B\u1ed9 3 T\u1eadp) &#8211; Phi\u00ean B\u1ea3n Manga"},"content":{"rendered":"<p>Boxset SHERLOCK (B\u1ed9 3 T\u1eadp)<\/p>\n<p>Sau khi tr\u1edf v\u1ec1 t\u1eeb chi\u1ebfn tr\u01b0\u1eddng Afghanistan, John Watson \u0111\u01b0\u1ee3c ng\u01b0\u1eddi quen gi\u1edbi thi\u1ec7u ng\u01b0\u1eddi \u1edf gh\u00e9p &#8211; Sherlock Holmes. Ch\u1ec9 v\u1edbi m\u1ed9t c\u00e1i li\u1ebfc m\u1eaft, \u201cb\u1ea1n c\u00f9ng nh\u00e0\u201d \u0111\u00e3 bi\u1ebft anh l\u00e0 b\u00e1c s\u0129 qu\u00e2n y v\u1eeba t\u1eeb Trung \u0110\u00f4ng v\u1ec1, \u0111ang \u0111i\u1ec1u tr\u1ecb ch\u1ea5n th\u01b0\u01a1ng t\u00e2m l\u00fd v\u00e0 c\u00f3 ng\u01b0\u1eddi th\u00e2n nghi\u1ec7n r\u01b0\u1ee3u.<\/p>\n<p>Sherlock Holmes\u2026 R\u1ed1t cu\u1ed9c anh ta l\u00e0 ai!?<\/p>\n<p>SHERLOCK l\u00e0 series phim truy\u1ec1n h\u00ecnh \u0103n kh\u00e1ch th\u1ebf gi\u1edbi do BBC s\u1ea3n xu\u1ea5t, t\u00e1i hi\u1ec7n nh\u1eefng cu\u1ed9c phi\u00eau l\u01b0u c\u1ee7a Holmes gi\u1eefa l\u00f2ng London th\u1eddi hi\u1ec7n \u0111\u1ea1i, s\u1eed d\u1ee5ng th\u00e0nh th\u1ea1o \u0111i\u1ec7n tho\u1ea1i th\u00f4ng minh v\u00e0 \u00e1p d\u1ee5ng khoa h\u1ecdc ti\u00ean ti\u1ebfn \u0111\u1ec3 truy t\u00ecm t\u1ed9i ph\u1ea1m. Nay \u0111\u01b0\u1ee3c ra m\u1eaft d\u01b0\u1edbi h\u00ecnh th\u1ee9c boxset truy\u1ec7n tranh!<\/p>\n","protected":false},"excerpt":{"rendered":"<p>Boxset SHERLOCK (B\u1ed9 3 T\u1eadp)<\/p>\n<p>Sau khi tr\u1edf v\u1ec1 t\u1eeb chi\u1ebfn tr\u01b0\u1eddng Afghanistan, John Watson \u0111\u01b0\u1ee3c ng\u01b0\u1eddi quen gi\u1edbi thi\u1ec7u ng\u01b0\u1eddi \u1edf gh\u00e9p &#8211; Sherlock Holmes. Ch\u1ec9 v\u1edbi m\u1ed9t c\u00e1i li\u1ebfc m\u1eaft, \u201cb\u1ea1n c\u00f9ng nh\u00e0\u201d \u0111\u00e3 bi\u1ebft anh l\u00e0 b\u00e1c s\u0129 qu\u00e2n y v\u1eeba t\u1eeb Trung \u0110\u00f4ng v\u1ec1, \u0111ang \u0111i\u1ec1u tr\u1ecb ch\u1ea5n th\u01b0\u01a1ng t\u00e2m l\u00fd v\u00e0 c\u00f3 ng\u01b0\u1eddi th\u00e2n nghi\u1ec7n r\u01b0\u1ee3u.<\/p>\n<p>Sherlock Holmes\u2026 R\u1ed1t cu\u1ed9c anh ta l\u00e0 ai!?<\/p>\n<p>SHERLOCK l\u00e0 series phim truy\u1ec1n h\u00ecnh \u0103n kh\u00e1ch th\u1ebf gi\u1edbi do BBC s\u1ea3n xu\u1ea5t, t\u00e1i hi\u1ec7n nh\u1eefng cu\u1ed9c phi\u00eau l\u01b0u c\u1ee7a Holmes gi\u1eefa l\u00f2ng London th\u1eddi hi\u1ec7n \u0111\u1ea1i, s\u1eed d\u1ee5ng th\u00e0nh th\u1ea1o \u0111i\u1ec7n tho\u1ea1i th\u00f4ng minh v\u00e0 \u00e1p d\u1ee5ng khoa h\u1ecdc ti\u00ean ti\u1ebfn \u0111\u1ec3 truy t\u00ecm t\u1ed9i ph\u1ea1m. Nay \u0111\u01b0\u1ee3c ra m\u1eaft d\u01b0\u1edbi h\u00ecnh th\u1ee9c boxset truy\u1ec7n tranh!<\/p>\n","protected":false},"featured_media":15251,"template":"","meta":{"_acf_changed":false},"product_brand":[],"product_cat":[29],"product_tag":[85],"class_list":{"0":"post-15256","1":"product","2":"type-product","3":"status-publish","4":"has-post-thumbnail","6":"product_cat-manga-comics","7":"product_tag-special-editions","9":"first","10":"outofstock","11":"taxable","12":"shipping-taxable","13":"purchasable","14":"product-type-simple"},"supplier_id":null,"supplier_sku":"","barcode":null,"atum_controlled":true,"out_stock_date":"2024-08-12 06:35:42","out_stock_threshold":null,"inheritable":false,"inbound_stock":0,"stock_on_hold":0,"sold_today":0,"sales_last_days":0,"reserved_stock":0,"customer_returns":0,"warehouse_damage":0,"lost_in_post":0,"other_logs":0,"out_stock_days":534,"lost_sales":0,"has_location":false,"update_date":"2026-01-28T23:11:20","atum_locations":[],"atum_stock_status":"outofstock","restock_status":false,"low_stock_amount":"","sales_update_date":"2026-01-28T23:11:20","calc_backorders":null,"acf":{"publisher":{"ID":8612,"post_author":"1","post_date":"2021-04-28 14:27:30","post_date_gmt":"2021-04-28 11:27:30","post_content":"","post_title":"IPM","post_excerpt":"","post_status":"publish","comment_status":"closed","ping_status":"closed","post_password":"","post_name":"ipm","to_ping":"","pinged":"","post_modified":"2021-04-28 14:27:30","post_modified_gmt":"2021-04-28 11:27:30","post_content_filtered":"","post_parent":0,"guid":"https:\/\/sachviet.eu\/nha-phat-hanh\/ipm\/","menu_order":0,"post_type":"publisher","post_mime_type":"","comment_count":"0","filter":"raw"}},"_links":{"self":[{"href":"https:\/\/sachviet.eu\/en\/wp-json\/wp\/v2\/product\/15256","targetHints":{"allow":["GET"]}}],"collection":[{"href":"https:\/\/sachviet.eu\/en\/wp-json\/wp\/v2\/product"}],"about":[{"href":"https:\/\/sachviet.eu\/en\/wp-json\/wp\/v2\/types\/product"}],"wp:featuredmedia":[{"embeddable":true,"href":"https:\/\/sachviet.eu\/en\/wp-json\/wp\/v2\/media\/15251"}],"wp:attachment":[{"href":"https:\/\/sachviet.eu\/en\/wp-json\/wp\/v2\/media?parent=15256"}],"wp:term":[{"taxonomy":"product_brand","embeddable":true,"href":"https:\/\/sachviet.eu\/en\/wp-json\/wp\/v2\/product_brand?post=15256"},{"taxonomy":"product_cat","embeddable":true,"href":"https:\/\/sachviet.eu\/en\/wp-json\/wp\/v2\/product_cat?post=15256"},{"taxonomy":"product_tag","embeddable":true,"href":"https:\/\/sachviet.eu\/en\/wp-json\/wp\/v2\/product_tag?post=15256"}],"curies":[{"name":"wp","href":"https:\/\/api.w.org\/{rel}","templated":true}]}}