{"id":15247,"date":"2021-08-04T15:00:09","date_gmt":"2021-08-04T12:00:09","guid":{"rendered":"https:\/\/sachviet.eu\/shop\/bo-sach-thieu-nhi-giai-oan-cho-ban-soi-hoang-bo-3-quyen\/"},"modified":"2022-06-23T17:24:15","modified_gmt":"2022-06-23T14:24:15","slug":"bo-sach-thieu-nhi-giai-oan-cho-ban-soi-hoang-bo-3-quyen","status":"publish","type":"product","link":"https:\/\/sachviet.eu\/en\/shop\/bo-sach-thieu-nhi-giai-oan-cho-ban-soi-hoang-bo-3-quyen\/","title":{"rendered":"B\u1ed9 S\u00e1ch Thi\u1ebfu Nhi &#8211; Gi\u1ea3i Oan Cho B\u1ea1n S\u00f3i Hoang (B\u1ed9 3 Quy\u1ec3n)"},"content":{"rendered":"<p>T\u1eeb phim \u1ea3nh \u0111\u1ebfn nh\u1eefng c\u00e2u chuy\u1ec7n b\u1ed1 m\u1eb9 k\u1ec3 m\u1ed7i t\u1ed1i, s\u00f3i lu\u00f4n v\u00e0o vai m\u1ed9t con v\u1eadt hung \u00e1c, chuy\u00ean \u0111i s\u0103n nh\u1eefng con m\u1ed3i y\u1ebfu \u1edbt v\u00e0 \u0111\u00e1ng th\u01b0\u01a1ng. Ai ai khi v\u00e0o r\u1eebng \u0111\u1ec1u ph\u1ea3i d\u00e8 ch\u1eebng lo\u00e0i s\u00f3i b\u1edfi ch\u00fang hung \u00e1c, di chuy\u1ec3n nhanh v\u00e0 v\u00f4 c\u00f9ng gian x\u1ea3o.<\/p>\n<p>Nh\u01b0ng \u1edf di\u1ec5n bi\u1ebfn kh\u00e1c, trong t\u1eadp truy\u1ec7n Gi\u1ea3i Oan Cho B\u1ea1n S\u00f3i Hoang do First News th\u1ef1c hi\u1ec7n, s\u00f3i th\u1eadt ra l\u00e0 lo\u00e0i v\u1eadt \u0111\u00e1ng th\u01b0\u01a1ng. V\u00ec mu\u1ed1n s\u1ed1ng y\u00ean \u1ed5n trong r\u1eebng v\u00e0 kh\u00f4ng b\u1ecb lo\u00e0i ng\u01b0\u1eddi b\u1eaft \u0111\u01b0\u1ee3c n\u00ean m\u1ee5 ph\u00f9 th\u1ee7y \u0111\u00e3 \u0111\u1eb7t l\u1eddi nguy\u1ec1n l\u00ean lo\u00e0i s\u00f3i, khi\u1ebfn kh\u00f4ng ai d\u00e1m \u0111i v\u00e0o r\u1eebng v\u00e0 ch\u1ec9 c\u1ea7n nghe \u0111\u1ebfn \u201cs\u00f3i\u201d th\u00f4i \u0111\u00e3 run r\u1ea9y. <\/p>\n<p>Ch\u1ec9 c\u00f3 \u0111i\u1ec1u, ng\u00e0y nay con ng\u01b0\u1eddi kh\u00f4ng c\u00f2n s\u1ee3 s\u1ec7t khi v\u00e0o r\u1eebng, h\u1ecd c\u00f2n x\u00e2y d\u1ef1ng nhi\u1ec1u con \u0111\u01b0\u1eddng v\u00e0 nh\u1eefng th\u1ee9 kh\u00e1c, v\u00e0 t\u1eeb l\u00e2u r\u1ed3i, c\u00e1c m\u1ee5 ph\u00f9 th\u1ee7y \u0111\u00e3 chuy\u1ec3n v\u00e0o s\u1ed1ng trong th\u00e0nh ph\u1ed1, duy ch\u1ec9 c\u00f3 l\u1eddi nguy\u1ec1n l\u00ean lo\u00e0i s\u00f3i v\u1eabn c\u00f2n &#8211; s\u00f3i v\u1eabn m\u00e3i g\u1eafn v\u1edbi s\u1ef1 hung hi\u1ec3m v\u00e0 gian x\u1ea3o.<\/p>\n<p>Gi\u1ea3i Oan Cho B\u1ea1n S\u00f3i Hoang g\u1ed3m ba t\u1eadp: Khi k\u1ec3 v\u1ec1 lo\u00e0i s\u00f3i\u2026, Con s\u00f3i r\u01a1i ra t\u1eeb trang s\u00e1ch v\u00e0 Tr\u1ed1n t\u00ecm c\u00f9ng s\u00f3i, mang \u0111\u1ebfn th\u00f4ng \u0111i\u1ec7p \u00fd ngh\u0129a: v\u1ebb ngo\u00e0i kh\u00f4ng n\u00f3i l\u00ean \u0111i\u1ec1u g\u00ec, ch\u00ednh c\u00e1ch h\u00e0nh x\u1eed \u0111\u1ecbnh ngh\u0129a con ng\u01b0\u1eddi ch\u00fang ta. <\/p>\n","protected":false},"excerpt":{"rendered":"<p>T\u1eeb phim \u1ea3nh \u0111\u1ebfn nh\u1eefng c\u00e2u chuy\u1ec7n b\u1ed1 m\u1eb9 k\u1ec3 m\u1ed7i t\u1ed1i, s\u00f3i lu\u00f4n v\u00e0o vai m\u1ed9t con v\u1eadt hung \u00e1c, chuy\u00ean \u0111i s\u0103n nh\u1eefng con m\u1ed3i y\u1ebfu \u1edbt v\u00e0 \u0111\u00e1ng th\u01b0\u01a1ng. Ai ai khi v\u00e0o r\u1eebng \u0111\u1ec1u ph\u1ea3i d\u00e8 ch\u1eebng lo\u00e0i s\u00f3i b\u1edfi ch\u00fang hung \u00e1c, di chuy\u1ec3n nhanh v\u00e0 v\u00f4 c\u00f9ng gian x\u1ea3o.<\/p>\n<p>Nh\u01b0ng \u1edf di\u1ec5n bi\u1ebfn kh\u00e1c, trong t\u1eadp truy\u1ec7n Gi\u1ea3i Oan Cho B\u1ea1n S\u00f3i Hoang do First News th\u1ef1c hi\u1ec7n, s\u00f3i th\u1eadt ra l\u00e0 lo\u00e0i v\u1eadt \u0111\u00e1ng th\u01b0\u01a1ng. V\u00ec mu\u1ed1n s\u1ed1ng y\u00ean \u1ed5n trong r\u1eebng v\u00e0 kh\u00f4ng b\u1ecb lo\u00e0i ng\u01b0\u1eddi b\u1eaft \u0111\u01b0\u1ee3c n\u00ean m\u1ee5 ph\u00f9 th\u1ee7y \u0111\u00e3 \u0111\u1eb7t l\u1eddi nguy\u1ec1n l\u00ean lo\u00e0i s\u00f3i, khi\u1ebfn kh\u00f4ng ai d\u00e1m \u0111i v\u00e0o r\u1eebng v\u00e0 ch\u1ec9 c\u1ea7n nghe \u0111\u1ebfn \u201cs\u00f3i\u201d th\u00f4i \u0111\u00e3 run r\u1ea9y. <\/p>\n<p>Ch\u1ec9 c\u00f3 \u0111i\u1ec1u, ng\u00e0y nay con ng\u01b0\u1eddi kh\u00f4ng c\u00f2n s\u1ee3 s\u1ec7t khi v\u00e0o r\u1eebng, h\u1ecd c\u00f2n x\u00e2y d\u1ef1ng nhi\u1ec1u con \u0111\u01b0\u1eddng v\u00e0 nh\u1eefng th\u1ee9 kh\u00e1c, v\u00e0 t\u1eeb l\u00e2u r\u1ed3i, c\u00e1c m\u1ee5 ph\u00f9 th\u1ee7y \u0111\u00e3 chuy\u1ec3n v\u00e0o s\u1ed1ng trong th\u00e0nh ph\u1ed1, duy ch\u1ec9 c\u00f3 l\u1eddi nguy\u1ec1n l\u00ean lo\u00e0i s\u00f3i v\u1eabn c\u00f2n &#8211; s\u00f3i v\u1eabn m\u00e3i g\u1eafn v\u1edbi s\u1ef1 hung hi\u1ec3m v\u00e0 gian x\u1ea3o.<\/p>\n<p>Gi\u1ea3i Oan Cho B\u1ea1n S\u00f3i Hoang g\u1ed3m ba t\u1eadp: Khi k\u1ec3 v\u1ec1 lo\u00e0i s\u00f3i\u2026, Con s\u00f3i r\u01a1i ra t\u1eeb trang s\u00e1ch v\u00e0 Tr\u1ed1n t\u00ecm c\u00f9ng s\u00f3i, mang \u0111\u1ebfn th\u00f4ng \u0111i\u1ec7p \u00fd ngh\u0129a: v\u1ebb ngo\u00e0i kh\u00f4ng n\u00f3i l\u00ean \u0111i\u1ec1u g\u00ec, ch\u00ednh c\u00e1ch h\u00e0nh x\u1eed \u0111\u1ecbnh ngh\u0129a con ng\u01b0\u1eddi ch\u00fang ta.<\/p>\n","protected":false},"featured_media":15237,"template":"","meta":{"_acf_changed":false},"product_brand":[],"product_cat":[25,17,26],"product_tag":[],"class_list":{"0":"post-15247","1":"product","2":"type-product","3":"status-publish","4":"has-post-thumbnail","6":"product_cat-nhi-dong-6-tuoi-12-tuoi","7":"product_cat-sach-danh-cho-cac-be","8":"product_cat-thieu-nien-11-tuoi-18-tuoi","10":"first","11":"outofstock","12":"taxable","13":"shipping-taxable","14":"purchasable","15":"product-type-simple"},"supplier_id":null,"supplier_sku":"","barcode":null,"atum_controlled":true,"out_stock_date":"2022-06-23 11:24:15","out_stock_threshold":null,"inheritable":false,"inbound_stock":0,"stock_on_hold":0,"sold_today":0,"sales_last_days":0,"reserved_stock":0,"customer_returns":0,"warehouse_damage":0,"lost_in_post":0,"other_logs":0,"out_stock_days":1315,"lost_sales":0,"has_location":false,"update_date":"2026-01-28T23:10:56","atum_locations":[],"atum_stock_status":"outofstock","restock_status":false,"low_stock_amount":"","sales_update_date":"2026-01-28T23:10:56","calc_backorders":null,"acf":{"publisher":{"ID":6196,"post_author":"1","post_date":"2021-03-15 01:26:01","post_date_gmt":"2021-03-14 23:26:01","post_content":"","post_title":"FIRST NEWS","post_excerpt":"","post_status":"publish","comment_status":"closed","ping_status":"closed","post_password":"","post_name":"first-news","to_ping":"","pinged":"","post_modified":"2021-03-15 01:26:01","post_modified_gmt":"2021-03-14 23:26:01","post_content_filtered":"","post_parent":0,"guid":"https:\/\/sachviet.eu\/blog\/nha-phat-hanh\/first-news\/","menu_order":0,"post_type":"publisher","post_mime_type":"","comment_count":"0","filter":"raw"}},"_links":{"self":[{"href":"https:\/\/sachviet.eu\/en\/wp-json\/wp\/v2\/product\/15247","targetHints":{"allow":["GET"]}}],"collection":[{"href":"https:\/\/sachviet.eu\/en\/wp-json\/wp\/v2\/product"}],"about":[{"href":"https:\/\/sachviet.eu\/en\/wp-json\/wp\/v2\/types\/product"}],"wp:featuredmedia":[{"embeddable":true,"href":"https:\/\/sachviet.eu\/en\/wp-json\/wp\/v2\/media\/15237"}],"wp:attachment":[{"href":"https:\/\/sachviet.eu\/en\/wp-json\/wp\/v2\/media?parent=15247"}],"wp:term":[{"taxonomy":"product_brand","embeddable":true,"href":"https:\/\/sachviet.eu\/en\/wp-json\/wp\/v2\/product_brand?post=15247"},{"taxonomy":"product_cat","embeddable":true,"href":"https:\/\/sachviet.eu\/en\/wp-json\/wp\/v2\/product_cat?post=15247"},{"taxonomy":"product_tag","embeddable":true,"href":"https:\/\/sachviet.eu\/en\/wp-json\/wp\/v2\/product_tag?post=15247"}],"curies":[{"name":"wp","href":"https:\/\/api.w.org\/{rel}","templated":true}]}}