{"id":15236,"date":"2021-08-04T14:59:28","date_gmt":"2021-08-04T11:59:28","guid":{"rendered":"https:\/\/sachviet.eu\/shop\/combo-cau-chuyen-dem-giang-sinh-bo-3-quyen\/"},"modified":"2021-09-16T22:10:59","modified_gmt":"2021-09-16T19:10:59","slug":"combo-cau-chuyen-dem-giang-sinh-bo-3-quyen","status":"publish","type":"product","link":"https:\/\/sachviet.eu\/en\/shop\/combo-cau-chuyen-dem-giang-sinh-bo-3-quyen\/","title":{"rendered":"Combo C\u00e2u Chuy\u1ec7n \u0110\u00eam Gi\u00e1ng Sinh (B\u1ed9 3 Quy\u1ec3n)"},"content":{"rendered":"<p>L\u1ec5 Gi\u00e1ng sinh c\u00f3 l\u1ebd \u0111\u00e3 tr\u1edf n\u00ean r\u1ea5t quen thu\u1ed9c v\u1edbi c\u00e1c b\u1ea1n nh\u1ecf Vi\u1ec7t Nam t\u1eeb nh\u1eefng h\u00ecnh \u1ea3nh nh\u01b0 c\u00e2y th\u00f4ng, \u00f4ng gi\u00e0 Noel, ng\u01b0\u1eddi tuy\u1ebft, ng\u00f4i sao, chu\u1ed1ng th\u00e1nh \u0111\u01b0\u1eddng\u2026  V\u00e0 m\u1ecdi \u0111\u1ee9a tr\u1ebb lu\u00f4n ngh\u0129 r\u1eb1ng m\u1ecdi \u01b0\u1edbc nguy\u1ec7n trong \u0111\u00eam Gi\u00e1ng sinh s\u1ebd tr\u1edf th\u00e0nh s\u1ef1 th\u1eadt.<\/p>\n<p>V\u1eady Gi\u00e1ng sinh c\u00f3 k\u00ec di\u1ec7u nh\u01b0 v\u1eady kh\u00f4ng? B\u1ed1 m\u1eb9 v\u00e0 c\u00e1c b\u1ea1n nh\u1ecf c\u00f9ng \u0111\u1ecdc b\u1ed9 s\u00e1ch song ng\u1eef Chuy\u1ec7n k\u1ec3 \u0111\u00eam Gi\u00e1ng sinh g\u1ed3m 3 cu\u1ed1n d\u01b0\u1edbi \u0111\u00e2y nh\u00e9.<\/p>\n","protected":false},"excerpt":{"rendered":"<p>L\u1ec5 Gi\u00e1ng sinh c\u00f3 l\u1ebd \u0111\u00e3 tr\u1edf n\u00ean r\u1ea5t quen thu\u1ed9c v\u1edbi c\u00e1c b\u1ea1n nh\u1ecf Vi\u1ec7t Nam t\u1eeb nh\u1eefng h\u00ecnh \u1ea3nh nh\u01b0 c\u00e2y th\u00f4ng, \u00f4ng gi\u00e0 Noel, ng\u01b0\u1eddi tuy\u1ebft, ng\u00f4i sao, chu\u1ed1ng th\u00e1nh \u0111\u01b0\u1eddng\u2026  V\u00e0 m\u1ecdi \u0111\u1ee9a tr\u1ebb lu\u00f4n ngh\u0129 r\u1eb1ng m\u1ecdi \u01b0\u1edbc nguy\u1ec7n trong \u0111\u00eam Gi\u00e1ng sinh s\u1ebd tr\u1edf th\u00e0nh s\u1ef1 th\u1eadt.<\/p>\n<p>V\u1eady Gi\u00e1ng sinh c\u00f3 k\u00ec di\u1ec7u nh\u01b0 v\u1eady kh\u00f4ng? B\u1ed1 m\u1eb9 v\u00e0 c\u00e1c b\u1ea1n nh\u1ecf c\u00f9ng \u0111\u1ecdc b\u1ed9 s\u00e1ch song ng\u1eef Chuy\u1ec7n k\u1ec3 \u0111\u00eam Gi\u00e1ng sinh g\u1ed3m 3 cu\u1ed1n d\u01b0\u1edbi \u0111\u00e2y nh\u00e9.<\/p>\n","protected":false},"featured_media":15232,"template":"","meta":{"_acf_changed":false},"product_brand":[],"product_cat":[24,25,17,26],"product_tag":[],"class_list":{"0":"post-15236","1":"product","2":"type-product","3":"status-publish","4":"has-post-thumbnail","6":"product_cat-nha-tre-mau-giao-0-tuoi-6-tuoi","7":"product_cat-nhi-dong-6-tuoi-12-tuoi","8":"product_cat-sach-danh-cho-cac-be","9":"product_cat-thieu-nien-11-tuoi-18-tuoi","11":"first","12":"outofstock","13":"taxable","14":"shipping-taxable","15":"purchasable","16":"product-type-simple"},"supplier_id":null,"supplier_sku":"","barcode":null,"atum_controlled":true,"out_stock_date":"2021-09-16 19:10:59","out_stock_threshold":null,"inheritable":false,"inbound_stock":0,"stock_on_hold":0,"sold_today":0,"sales_last_days":0,"reserved_stock":0,"customer_returns":0,"warehouse_damage":0,"lost_in_post":0,"other_logs":0,"out_stock_days":1595,"lost_sales":0,"has_location":false,"update_date":"2026-01-28T23:10:56","atum_locations":[],"atum_stock_status":"outofstock","restock_status":false,"low_stock_amount":"","sales_update_date":"2026-01-28T23:10:56","calc_backorders":null,"acf":{"publisher":{"ID":1474,"post_author":"1","post_date":"2021-02-17 01:12:51","post_date_gmt":"2021-02-16 23:12:51","post_content":"","post_title":"Th\u00e1i H\u00e0","post_excerpt":"","post_status":"publish","comment_status":"closed","ping_status":"closed","post_password":"","post_name":"thai-ha","to_ping":"","pinged":"","post_modified":"2021-02-17 01:12:51","post_modified_gmt":"2021-02-16 23:12:51","post_content_filtered":"","post_parent":0,"guid":"https:\/\/sachviet.eu\/nha-phat-hanh\/thai-ha\/","menu_order":0,"post_type":"publisher","post_mime_type":"","comment_count":"0","filter":"raw"}},"_links":{"self":[{"href":"https:\/\/sachviet.eu\/en\/wp-json\/wp\/v2\/product\/15236","targetHints":{"allow":["GET"]}}],"collection":[{"href":"https:\/\/sachviet.eu\/en\/wp-json\/wp\/v2\/product"}],"about":[{"href":"https:\/\/sachviet.eu\/en\/wp-json\/wp\/v2\/types\/product"}],"wp:featuredmedia":[{"embeddable":true,"href":"https:\/\/sachviet.eu\/en\/wp-json\/wp\/v2\/media\/15232"}],"wp:attachment":[{"href":"https:\/\/sachviet.eu\/en\/wp-json\/wp\/v2\/media?parent=15236"}],"wp:term":[{"taxonomy":"product_brand","embeddable":true,"href":"https:\/\/sachviet.eu\/en\/wp-json\/wp\/v2\/product_brand?post=15236"},{"taxonomy":"product_cat","embeddable":true,"href":"https:\/\/sachviet.eu\/en\/wp-json\/wp\/v2\/product_cat?post=15236"},{"taxonomy":"product_tag","embeddable":true,"href":"https:\/\/sachviet.eu\/en\/wp-json\/wp\/v2\/product_tag?post=15236"}],"curies":[{"name":"wp","href":"https:\/\/api.w.org\/{rel}","templated":true}]}}