{"id":15231,"date":"2021-08-04T14:59:14","date_gmt":"2021-08-04T11:59:14","guid":{"rendered":"https:\/\/sachviet.eu\/shop\/don-phuong\/"},"modified":"2021-08-07T13:48:13","modified_gmt":"2021-08-07T10:48:13","slug":"don-phuong","status":"publish","type":"product","link":"https:\/\/sachviet.eu\/en\/shop\/don-phuong\/","title":{"rendered":"\u0110\u01a1n Ph\u01b0\u01a1ng"},"content":{"rendered":"<p>&#8211; M\u1ed9t tuy\u1ec7t t\u00e1c trinh th\u00e1m vi\u1ebft v\u1ec1 nh\u1eefng ng\u01b0\u1eddi b\u1ea1n th\u00e2n \u0111\u00e3 c\u00f9ng tr\u1ea3i qua m\u1ed9t th\u1eddi thanh xu\u00e2n kh\u00f4ng bao gi\u1edd ph\u1ea3n b\u1ed9i nhau.<\/p>\n<p>&#8211; B\u1ee9c tranh kh\u1eafc h\u1ecda hi\u1ec7n th\u1ef1c x\u00e3 h\u1ed9i, ca ng\u1ee3i t\u00ecnh b\u1ea1n, \u0111\u1ed3ng th\u1eddi l\u00e0 m\u1ed9t l\u1eddi d\u1ef1 \u0111o\u00e1n cho t\u01b0\u01a1ng lai.<\/p>\n<p>Th\u00e2n th\u1ec3 l\u00e0 con g\u00e1i, nh\u01b0ng t\u00e2m h\u1ed3n l\u00e0 con trai. \u0110au kh\u1ed5 ch\u1ecbu \u0111\u1ef1ng su\u1ed1t g\u1ea7n ba m\u01b0\u01a1i n\u0103m, \u0111\u1ebfn khi c\u00f3 c\u01a1 h\u1ed9i s\u1ed1ng \u0111\u00fang v\u1edbi b\u1ea3n ch\u1ea5t c\u1ee7a m\u00ecnh th\u00ec Mitsuki l\u1ea1i v\u00f4 t\u00ecnh d\u00ednh v\u00e0o m\u1ed9t v\u1ee5 gi\u1ebft ng\u01b0\u1eddi ngang tr\u00e1i. \u0110\u1ea7u th\u00fa hay b\u1ecf tr\u1ed1n? Tr\u01b0\u1edbc khi \u0111\u01b0a ra quy\u1ebft \u0111\u1ecbnh cu\u1ed1i c\u00f9ng, Mitsuki mu\u1ed1n g\u1eb7p l\u1ea1i nh\u1eefng ng\u01b0\u1eddi b\u1ea1n \u0111\u1ea1i h\u1ecdc \u0111\u00e3 c\u00f9ng c\u00f4 chia s\u1ebb tu\u1ed5i thanh xu\u00e2n n\u1ed3ng nhi\u1ec7t. Tetsuro c\u00f9ng v\u1ee3 m\u00ecnh, \u0111\u1ed3ng th\u1eddi l\u00e0 b\u1ea1n th\u00e2n c\u1ee7a Mitsuki, quy\u1ebft \u0111\u1ecbnh gi\u00fap \u0111\u1ee1 c\u00f4, nh\u01b0ng\u2026 Ph\u1ea3i ch\u0103ng kho\u1ea3ng th\u1eddi gian m\u01b0\u1eddi n\u0103m \u0111\u00e3 khi\u1ebfn t\u00ecnh b\u1ea1n c\u1ee7a h\u1ecd, th\u1eadm ch\u00ed c\u1ea3 b\u1ea3n th\u00e2n h\u1ecd, thay \u0111\u1ed5i?<\/p>\n<p>C\u00f2n h\u01a1n c\u1ea3 m\u1ed9t ti\u1ec3u thuy\u1ebft trinh th\u00e1m, &#8220;\u0110\u01a1n ph\u01b0\u01a1ng&#8221; l\u00e0 b\u1ee9c tranh kh\u1eafc h\u1ecda hi\u1ec7n th\u1ef1c x\u00e3 h\u1ed9i, ca ng\u1ee3i t\u00ecnh b\u1ea1n, \u0111\u1ed3ng th\u1eddi l\u00e0 m\u1ed9t l\u1eddi d\u1ef1 \u0111o\u00e1n cho t\u01b0\u01a1ng lai. M\u1ed9t l\u1ea7n n\u1eefa, t\u00e0i hoa b\u1eadc th\u1ea7y c\u1ee7a Keigo Higashino \u0111\u00e3 \u0111\u01b0a m\u1ed9t t\u00e1c ph\u1ea9m hay l\u00ean t\u1ea7m tuy\u1ec7t t\u00e1c.<\/p>\n","protected":false},"excerpt":{"rendered":"<p>&#8211; M\u1ed9t tuy\u1ec7t t\u00e1c trinh th\u00e1m vi\u1ebft v\u1ec1 nh\u1eefng ng\u01b0\u1eddi b\u1ea1n th\u00e2n \u0111\u00e3 c\u00f9ng tr\u1ea3i qua m\u1ed9t th\u1eddi thanh xu\u00e2n kh\u00f4ng bao gi\u1edd ph\u1ea3n b\u1ed9i nhau.<\/p>\n<p>&#8211; B\u1ee9c tranh kh\u1eafc h\u1ecda hi\u1ec7n th\u1ef1c x\u00e3 h\u1ed9i, ca ng\u1ee3i t\u00ecnh b\u1ea1n, \u0111\u1ed3ng th\u1eddi l\u00e0 m\u1ed9t l\u1eddi d\u1ef1 \u0111o\u00e1n cho t\u01b0\u01a1ng lai.<\/p>\n<p>Th\u00e2n th\u1ec3 l\u00e0 con g\u00e1i, nh\u01b0ng t\u00e2m h\u1ed3n l\u00e0 con trai. \u0110au kh\u1ed5 ch\u1ecbu \u0111\u1ef1ng su\u1ed1t g\u1ea7n ba m\u01b0\u01a1i n\u0103m, \u0111\u1ebfn khi c\u00f3 c\u01a1 h\u1ed9i s\u1ed1ng \u0111\u00fang v\u1edbi b\u1ea3n ch\u1ea5t c\u1ee7a m\u00ecnh th\u00ec Mitsuki l\u1ea1i v\u00f4 t\u00ecnh d\u00ednh v\u00e0o m\u1ed9t v\u1ee5 gi\u1ebft ng\u01b0\u1eddi ngang tr\u00e1i. \u0110\u1ea7u th\u00fa hay b\u1ecf tr\u1ed1n? Tr\u01b0\u1edbc khi \u0111\u01b0a ra quy\u1ebft \u0111\u1ecbnh cu\u1ed1i c\u00f9ng, Mitsuki mu\u1ed1n g\u1eb7p l\u1ea1i nh\u1eefng ng\u01b0\u1eddi b\u1ea1n \u0111\u1ea1i h\u1ecdc \u0111\u00e3 c\u00f9ng c\u00f4 chia s\u1ebb tu\u1ed5i thanh xu\u00e2n n\u1ed3ng nhi\u1ec7t. Tetsuro c\u00f9ng v\u1ee3 m\u00ecnh, \u0111\u1ed3ng th\u1eddi l\u00e0 b\u1ea1n th\u00e2n c\u1ee7a Mitsuki, quy\u1ebft \u0111\u1ecbnh gi\u00fap \u0111\u1ee1 c\u00f4, nh\u01b0ng\u2026 Ph\u1ea3i ch\u0103ng kho\u1ea3ng th\u1eddi gian m\u01b0\u1eddi n\u0103m \u0111\u00e3 khi\u1ebfn t\u00ecnh b\u1ea1n c\u1ee7a h\u1ecd, th\u1eadm ch\u00ed c\u1ea3 b\u1ea3n th\u00e2n h\u1ecd, thay \u0111\u1ed5i?<\/p>\n<p>C\u00f2n h\u01a1n c\u1ea3 m\u1ed9t ti\u1ec3u thuy\u1ebft trinh th\u00e1m, &#8220;\u0110\u01a1n ph\u01b0\u01a1ng&#8221; l\u00e0 b\u1ee9c tranh kh\u1eafc h\u1ecda hi\u1ec7n th\u1ef1c x\u00e3 h\u1ed9i, ca ng\u1ee3i t\u00ecnh b\u1ea1n, \u0111\u1ed3ng th\u1eddi l\u00e0 m\u1ed9t l\u1eddi d\u1ef1 \u0111o\u00e1n cho t\u01b0\u01a1ng lai. M\u1ed9t l\u1ea7n n\u1eefa, t\u00e0i hoa b\u1eadc th\u1ea7y c\u1ee7a Keigo Higashino \u0111\u00e3 \u0111\u01b0a m\u1ed9t t\u00e1c ph\u1ea9m hay l\u00ean t\u1ea7m tuy\u1ec7t t\u00e1c.<\/p>\n","protected":false},"featured_media":15228,"template":"","meta":{"_acf_changed":false},"product_brand":[],"product_cat":[15,72],"product_tag":[],"class_list":{"0":"post-15231","1":"product","2":"type-product","3":"status-publish","4":"has-post-thumbnail","6":"product_cat-sach-danh-cho-nguoi-lon","7":"product_cat-trinh-tham-kinh-di","9":"first","10":"outofstock","11":"taxable","12":"shipping-taxable","13":"purchasable","14":"product-type-simple"},"supplier_id":null,"supplier_sku":"","barcode":null,"atum_controlled":true,"out_stock_date":"2021-08-07 10:48:13","out_stock_threshold":null,"inheritable":false,"inbound_stock":0,"stock_on_hold":0,"sold_today":0,"sales_last_days":0,"reserved_stock":0,"customer_returns":0,"warehouse_damage":0,"lost_in_post":0,"other_logs":0,"out_stock_days":1635,"lost_sales":0,"has_location":false,"update_date":"2026-01-28T23:10:56","atum_locations":[],"atum_stock_status":"outofstock","restock_status":false,"low_stock_amount":"","sales_update_date":"2026-01-28T23:10:56","calc_backorders":null,"acf":{"publisher":{"ID":1470,"post_author":"2","post_date":"2021-02-17 01:12:47","post_date_gmt":"2021-02-16 23:12:47","post_content":"<!-- wp:flatsome\/uxbuilder -->\n<h1 style=\"text-align: center\"><strong>\u0110inh T\u1ecb<\/strong><\/h1>\n[row]\n\n[col span=\"4\" span__sm=\"12\"]\n\n[ux_image id=\"1831\" image_size=\"medium\"]\n\n\n[\/col]\n[col span=\"8\" span__sm=\"12\"]\n\n<p><strong>\u0110inh T\u1ecb Books - Ti\u00ean phong s\u00e1ng t\u1ea1o<\/strong><\/p>\n<p>Th\u00e0nh l\u1eadp n\u0103m 2006, t\u1edbi nay \u0110inh T\u1ecb Books \u0111\u01b0\u1ee3c \u0111\u00e1nh gi\u1ea3 l\u00e0 \u0111\u01a1n v\u1ecb xu\u1ea5t b\u1ea3n uy t\u00edn c\u00f3 t\u1ed1c \u0111\u1ed9 ph\u00e1t tri\u1ec3n nhanh nh\u1ea5t g\u1eafn v\u1edbi th\u00e0nh c\u00f4ng c\u1ee7a hai t\u1ee7 s\u00e1ch l\u1edbn: T\u1ee7 s\u00e1ch Thi\u1ebfu nhi - T\u1ee7 s\u00e1ch V\u0103n h\u1ecdc. Trong \u0111\u00f3 ph\u1ea3i k\u1ec3 t\u1edbi b\u01b0\u1edbc chuy\u1ec3n m\u00ecnh \u0111\u1ea7y \u1ea5n t\u01b0\u1ee3ng, tr\u1edf th\u00e0nh \u0111\u01a1n v\u1ecb ti\u00ean phong s\u00e1ng t\u1ea1o d\u00f2ng S\u00c1CH T\u01af\u01a0NG T\u00c1C thi\u1ebfu nhi. V\u1edbi h\u01a1n 300 t\u1ef1a s\u00e1ch t\u01b0\u01a1ng t\u00e1c \u0111ang l\u01b0u h\u00e0nh, \u0110inh T\u1ecb Books \u0111\u00e3 mang \u0111\u1ebfn nh\u1eefng gi\u00e1 tr\u1ecb tr\u1ea3i nghi\u1ec7m tuy\u1ec7t v\u1eddi, \u0111\u01b0a vi\u1ec7c h\u1ecdc v\u00e0 ch\u01a1i c\u00f9ng s\u00e1ch tr\u1edf n\u00ean hi\u1ec7u qu\u1ea3 h\u01a1n, gi\u00fap tr\u1ebb th\u00f4ng minh, t\u0103ng tr\u01b0\u1edfng c\u00e1c ch\u1ec9 s\u1ed1 IQ, EQ.<\/p>\n<p><strong>Th\u1ebf m\u1ea1nh c\u1ee7a \u0110inh T\u1ecb Books<\/strong><\/p>\n<p>V\u1edbi kinh nghi\u1ec7m nhi\u1ec1u n\u0103m trong ng\u00e0nh xu\u1ea5t b\u1ea3n, \u0110inh T\u1ecb Books tin r\u1eb1ng c\u00e1c b\u1eadc cha m\u1eb9 lu\u00f4n d\u00e0nh nh\u1eefng \u0111i\u1ec1u t\u1ed1t \u0111\u1eb9p nh\u1ea5t cho c\u00e1c con c\u1ee7a m\u00ecnh. \u0110\u1ecdc s\u00e1ch c\u00f9ng con lu\u00f4n l\u00e0 l\u1ef1a ch\u1ecdn h\u00e0ng \u0111\u1ea7u gi\u00fap g\u1eafn k\u1ebft t\u00ecnh y\u00eau th\u01b0\u01a1ng \u0111\u1ed3ng th\u1eddi gi\u00fap con nu\u00f4i d\u01b0\u1ee1ng ni\u1ec1m \u0111am m\u00ea v\u1edbi s\u00e1ch.<\/p>\n\n[\/col]\n\n[\/row]\n<p><strong>T\u00ecnh y\u00eau l\u1edbn d\u00e0nh cho nh\u1eefng cu\u1ed1n s\u00e1ch.<\/strong><\/p>\n<p>Xu\u1ea5t ph\u00e1t t\u1eeb t\u00ecnh y\u00eau v\u1edbi nh\u1eefng cu\u1ed1n s\u00e1ch, l\u00f2ng t\u1eadn t\u00e2m mu\u1ed1n g\u00ecn gi\u1eef nh\u1eefng gi\u00e1 tr\u1ecb v\u0103n h\u00f3a truy\u1ec1n th\u1ed1ng c\u1ee7a Vi\u1ec7t Nam, mong mu\u1ed1n \u0111\u01b0a nh\u1eefng gi\u00e1 tr\u1ecb \u0111\u1eadm ch\u1ea5t Vi\u1ec7t Nam \u0111\u1ebfn v\u1edbi tr\u1ebb em Vi\u1ec7t, c\u00e1c th\u00e0nh vi\u00ean s\u00e1ng t\u1ea1o c\u1ee7a \u0110inh T\u1ecb Books \u0111\u00e3 kh\u00f4ng ng\u1eebng n\u1ed7 l\u1ef1c, t\u00ecm t\u00f2i v\u00e0 h\u1ecdc h\u1ecfi, \u0111\u1ec3 \u0111\u01b0a nh\u1eefng cu\u1ed1n s\u00e1ch \u201c100% made in Vietnam\u201d \u0111\u1ebfn v\u1edbi tr\u1ebb em Vi\u1ec7t. C\u00e1c ki\u1ebfn th\u1ee9c b\u1ed5 \u00edch \u0111\u01b0\u1ee3c truy\u1ec1n t\u1ea3i th\u00f4ng qua nh\u1eefng t\u01b0\u01a1ng t\u00e1c th\u00fa v\u1ecb gi\u00fap tr\u1ebb nh\u1edb l\u00e2u h\u01a1n, h\u1ecdc t\u1ed1t h\u01a1n.<\/p>\n<p>Nh\u1eadn ra \u0111\u01b0\u1ee3c s\u1ee9 m\u1ec7nh v\u00e0 t\u1ea7m nh\u00ecn c\u1ee7a \u0110inh T\u1ecb, <strong>SACHVIET.EU<\/strong> \u0111\u00e3 li\u00ean l\u1ea1c v\u1edbi \u0110inh T\u1ecb \u0111\u1ec3 \u0111\u01b0\u1ee3c h\u1ed7 tr\u1ee3 \u0111\u01b0a nh\u1eefng cu\u1ed1n s\u00e1ch mang gi\u00e1 tr\u1ecb \u0111\u1eadm ch\u1ea5t Vi\u1ec7t Nam \u0111\u1ebfn v\u1edbi tr\u1ebb em Vi\u1ec7t v\u00e0 c\u1ed9ng \u0111\u1ed3ng Vi\u1ec7t s\u1ed1ng t\u1ea1i Ch\u00e2u \u00c2u. SACHVIET.EU \u0111\u1eb7t l\u00f2ng tin \u1edf \u0110inh T\u1ecb s\u1ebd lu\u00f4n \u0111em \u0111\u1ebfn nh\u1eefng gi\u00e1 tr\u1ecb cao qua t\u1eebng trang s\u00e1ch v\u00e0 hy v\u1ecdng \u0111\u1ed9c gi\u1ea3 s\u1ebd lu\u00f4n h\u00e0i l\u00f2ng v\u1edbi ch\u1ea5t l\u01b0\u1ee3ng m\u00e0 \u0110inh T\u1ecb theo \u0111u\u1ed5i bao n\u0103m qua.<\/p>\n\n<!-- \/wp:flatsome\/uxbuilder -->","post_title":"\u0110inh T\u1ecb","post_excerpt":"","post_status":"publish","comment_status":"closed","ping_status":"closed","post_password":"","post_name":"dinh-ti","to_ping":"","pinged":"","post_modified":"2022-12-19 23:15:43","post_modified_gmt":"2022-12-19 21:15:43","post_content_filtered":"","post_parent":0,"guid":"https:\/\/sachviet.eu\/nha-phat-hanh\/dinh-ti\/","menu_order":0,"post_type":"publisher","post_mime_type":"","comment_count":"0","filter":"raw"}},"_links":{"self":[{"href":"https:\/\/sachviet.eu\/en\/wp-json\/wp\/v2\/product\/15231","targetHints":{"allow":["GET"]}}],"collection":[{"href":"https:\/\/sachviet.eu\/en\/wp-json\/wp\/v2\/product"}],"about":[{"href":"https:\/\/sachviet.eu\/en\/wp-json\/wp\/v2\/types\/product"}],"wp:featuredmedia":[{"embeddable":true,"href":"https:\/\/sachviet.eu\/en\/wp-json\/wp\/v2\/media\/15228"}],"wp:attachment":[{"href":"https:\/\/sachviet.eu\/en\/wp-json\/wp\/v2\/media?parent=15231"}],"wp:term":[{"taxonomy":"product_brand","embeddable":true,"href":"https:\/\/sachviet.eu\/en\/wp-json\/wp\/v2\/product_brand?post=15231"},{"taxonomy":"product_cat","embeddable":true,"href":"https:\/\/sachviet.eu\/en\/wp-json\/wp\/v2\/product_cat?post=15231"},{"taxonomy":"product_tag","embeddable":true,"href":"https:\/\/sachviet.eu\/en\/wp-json\/wp\/v2\/product_tag?post=15231"}],"curies":[{"name":"wp","href":"https:\/\/api.w.org\/{rel}","templated":true}]}}