{"id":15227,"date":"2021-08-04T14:59:02","date_gmt":"2021-08-04T11:59:02","guid":{"rendered":"https:\/\/sachviet.eu\/shop\/combo-truyen-nha-okashiki-bo-4-quyen\/"},"modified":"2023-04-26T13:42:42","modified_gmt":"2023-04-26T10:42:42","slug":"combo-truyen-nha-okashiki-bo-4-quyen","status":"publish","type":"product","link":"https:\/\/sachviet.eu\/en\/shop\/combo-truyen-nha-okashiki-bo-4-quyen\/","title":{"rendered":"Combo Truy\u1ec7n Nh\u00e0 Okashiki (B\u1ed9 4 Quy\u1ec3n)"},"content":{"rendered":"<p>\u1ede Nh\u1eadt B\u1ea3n, truy\u1ec7n Ehon \u0111\u01b0\u1ee3c coi l\u00e0 \u201cth\u1ef1c ph\u1ea9m c\u1ee7a t\u00e2m h\u1ed3n\u201d. Truy\u1ec7n d\u00e0nh cho tr\u1ebb em s\u1eed d\u1ee5ng nh\u1eefng ng\u00f4n t\u1eeb phong ph\u00fa nh\u01b0ng d\u1ec5 hi\u1ec3u v\u00ec c\u00f3 k\u00e8m theo tranh v\u1ebd \u0111\u1ec3 di\u1ec5n \u0111\u1ea1t nh\u1eefng n\u1ed9i dung v\u1ec1 \u0111\u1ea1o \u0111\u1ee9c, tri th\u1ee9c, n\u0103ng l\u1ef1c t\u01b0\u1edfng t\u01b0\u1ee3ng. Nh\u1eefng cu\u1ed1n truy\u1ec7n Ehon ch\u00ednh l\u00e0 ng\u01b0\u1eddi b\u1ea1n \u0111\u1ea7u ti\u00ean g\u1eafn b\u00f3 v\u1edbi tr\u1ebb t\u1eeb l\u00fac m\u1edbi sinh ra, l\u00e0 s\u00e1ch gi\u00e1o khoa \u0111\u1ea7u ti\u00ean nu\u00f4i d\u01b0\u1ee1ng t\u00e2m h\u1ed3n, nh\u00e2n c\u00e1ch v\u00e0 tr\u00ed tu\u1ec7 cho tr\u1ebb.<\/p>\n<p>\u0110\u1ecdc truy\u1ec7n Ehon kh\u00f4ng ch\u1ec9 gi\u00fap b\u1ed9 n\u00e3o c\u1ee7a tr\u1ebb \u0111\u01b0\u1ee3c ti\u1ebfp nh\u1eadn nhi\u1ec1u k\u00edch th\u00edch phong ph\u00fa d\u1eabn \u0111\u1ebfn ph\u00e1t tri\u1ec3n kh\u1ea3 n\u0103ng bi\u1ec3u c\u1ea3m c\u1ea3m x\u00fac, v\u00e0 ng\u00f4n ng\u1eef, m\u00e0 th\u00f4ng qua \u0111\u00f3 c\u00f2n truy\u1ec1n t\u1ea3i t\u00ecnh y\u00eau th\u01b0\u01a1ng, g\u1eafn k\u1ebft m\u1ed1i quan h\u1ec7 gi\u1eefa cha m\u1eb9 v\u00e0 tr\u1ebb. C\u00f2n g\u00ec \u00fd ngh\u0129a h\u01a1n vi\u1ec7c cha m\u1eb9 d\u00e0nh m\u1ed9t kho\u1ea3ng th\u1eddi gian trong ng\u00e0y \u0111\u1ecdc truy\u1ec7n cho tr\u1ebb nghe, v\u00e0 h\u1ecfi con v\u1ec1 nh\u1eefng b\u00e0i h\u1ecdc sau m\u1ed7i c\u00e2u chuy\u1ec7n gi\u1ea3n d\u1ecb \u1ea5y. B\u1ed9 s\u00e1ch Chuy\u1ec7n Nh\u00e0 Okashiki ch\u1eafc ch\u1eafn s\u1ebd l\u00e0 m\u00f3n qu\u00e0 tuy\u1ec7t v\u1eddi d\u00e0nh t\u1eb7ng cho c\u1ea3 cha m\u1eb9 v\u00e0 c\u00e1c b\u00e9 trong d\u1ecbp h\u00e8 t\u1edbi n\u00e0y.<\/p>\n<p>Nh\u1eefng c\u00e2u chuy\u1ec7n trong b\u1ed9 s\u00e1ch Chuy\u1ec7n Nh\u00e0 Okashiki r\u1ea5t \u00fd ngh\u0129a, sinh \u0111\u1ed9ng, ph\u00f9 h\u1ee3p v\u1edbi t\u00e2m l\u00fd tr\u1ebb th\u01a1 theo t\u1eebng l\u1ee9a tu\u1ed5i trong \u0111\u1ed9 t\u1eeb 0 \u2013 8 tu\u1ed5i. \u0110\u1eb7c bi\u1ec7t b\u1ed9 s\u00e1ch c\u00f3 h\u00ecnh v\u1ebd r\u1ea5t trong tr\u1ebbo, \u0111\u00e1ng y\u00eau nh\u01b0 t\u00e2m h\u1ed3n tr\u1ebb th\u01a1.<\/p>\n","protected":false},"excerpt":{"rendered":"<p>\u1ede Nh\u1eadt B\u1ea3n, truy\u1ec7n Ehon \u0111\u01b0\u1ee3c coi l\u00e0 \u201cth\u1ef1c ph\u1ea9m c\u1ee7a t\u00e2m h\u1ed3n\u201d. Truy\u1ec7n d\u00e0nh cho tr\u1ebb em s\u1eed d\u1ee5ng nh\u1eefng ng\u00f4n t\u1eeb phong ph\u00fa nh\u01b0ng d\u1ec5 hi\u1ec3u v\u00ec c\u00f3 k\u00e8m theo tranh v\u1ebd \u0111\u1ec3 di\u1ec5n \u0111\u1ea1t nh\u1eefng n\u1ed9i dung v\u1ec1 \u0111\u1ea1o \u0111\u1ee9c, tri th\u1ee9c, n\u0103ng l\u1ef1c t\u01b0\u1edfng t\u01b0\u1ee3ng. Nh\u1eefng cu\u1ed1n truy\u1ec7n Ehon ch\u00ednh l\u00e0 ng\u01b0\u1eddi b\u1ea1n \u0111\u1ea7u ti\u00ean g\u1eafn b\u00f3 v\u1edbi tr\u1ebb t\u1eeb l\u00fac m\u1edbi sinh ra, l\u00e0 s\u00e1ch gi\u00e1o khoa \u0111\u1ea7u ti\u00ean nu\u00f4i d\u01b0\u1ee1ng t\u00e2m h\u1ed3n, nh\u00e2n c\u00e1ch v\u00e0 tr\u00ed tu\u1ec7 cho tr\u1ebb.<\/p>\n<p>\u0110\u1ecdc truy\u1ec7n Ehon kh\u00f4ng ch\u1ec9 gi\u00fap b\u1ed9 n\u00e3o c\u1ee7a tr\u1ebb \u0111\u01b0\u1ee3c ti\u1ebfp nh\u1eadn nhi\u1ec1u k\u00edch th\u00edch phong ph\u00fa d\u1eabn \u0111\u1ebfn ph\u00e1t tri\u1ec3n kh\u1ea3 n\u0103ng bi\u1ec3u c\u1ea3m c\u1ea3m x\u00fac, v\u00e0 ng\u00f4n ng\u1eef, m\u00e0 th\u00f4ng qua \u0111\u00f3 c\u00f2n truy\u1ec1n t\u1ea3i t\u00ecnh y\u00eau th\u01b0\u01a1ng, g\u1eafn k\u1ebft m\u1ed1i quan h\u1ec7 gi\u1eefa cha m\u1eb9 v\u00e0 tr\u1ebb. C\u00f2n g\u00ec \u00fd ngh\u0129a h\u01a1n vi\u1ec7c cha m\u1eb9 d\u00e0nh m\u1ed9t kho\u1ea3ng th\u1eddi gian trong ng\u00e0y \u0111\u1ecdc truy\u1ec7n cho tr\u1ebb nghe, v\u00e0 h\u1ecfi con v\u1ec1 nh\u1eefng b\u00e0i h\u1ecdc sau m\u1ed7i c\u00e2u chuy\u1ec7n gi\u1ea3n d\u1ecb \u1ea5y. B\u1ed9 s\u00e1ch Chuy\u1ec7n Nh\u00e0 Okashiki ch\u1eafc ch\u1eafn s\u1ebd l\u00e0 m\u00f3n qu\u00e0 tuy\u1ec7t v\u1eddi d\u00e0nh t\u1eb7ng cho c\u1ea3 cha m\u1eb9 v\u00e0 c\u00e1c b\u00e9 trong d\u1ecbp h\u00e8 t\u1edbi n\u00e0y.<\/p>\n<p>Nh\u1eefng c\u00e2u chuy\u1ec7n trong b\u1ed9 s\u00e1ch Chuy\u1ec7n Nh\u00e0 Okashiki r\u1ea5t \u00fd ngh\u0129a, sinh \u0111\u1ed9ng, ph\u00f9 h\u1ee3p v\u1edbi t\u00e2m l\u00fd tr\u1ebb th\u01a1 theo t\u1eebng l\u1ee9a tu\u1ed5i trong \u0111\u1ed9 t\u1eeb 0 \u2013 8 tu\u1ed5i. \u0110\u1eb7c bi\u1ec7t b\u1ed9 s\u00e1ch c\u00f3 h\u00ecnh v\u1ebd r\u1ea5t trong tr\u1ebbo, \u0111\u00e1ng y\u00eau nh\u01b0 t\u00e2m h\u1ed3n tr\u1ebb th\u01a1.<\/p>\n","protected":false},"featured_media":15222,"template":"","meta":{"_acf_changed":false},"product_brand":[],"product_cat":[25,17,26],"product_tag":[],"class_list":{"0":"post-15227","1":"product","2":"type-product","3":"status-publish","4":"has-post-thumbnail","6":"product_cat-nhi-dong-6-tuoi-12-tuoi","7":"product_cat-sach-danh-cho-cac-be","8":"product_cat-thieu-nien-11-tuoi-18-tuoi","10":"first","11":"outofstock","12":"taxable","13":"shipping-taxable","14":"purchasable","15":"product-type-simple"},"supplier_id":null,"supplier_sku":"","barcode":null,"atum_controlled":true,"out_stock_date":"2023-04-26 10:42:42","out_stock_threshold":null,"inheritable":false,"inbound_stock":0,"stock_on_hold":0,"sold_today":0,"sales_last_days":0,"reserved_stock":0,"customer_returns":0,"warehouse_damage":0,"lost_in_post":0,"other_logs":0,"out_stock_days":1008,"lost_sales":0,"has_location":false,"update_date":"2026-01-28T23:10:56","atum_locations":[],"atum_stock_status":"outofstock","restock_status":false,"low_stock_amount":"","sales_update_date":"2026-01-28T23:10:56","calc_backorders":null,"acf":{"publisher":{"ID":6196,"post_author":"1","post_date":"2021-03-15 01:26:01","post_date_gmt":"2021-03-14 23:26:01","post_content":"","post_title":"FIRST NEWS","post_excerpt":"","post_status":"publish","comment_status":"closed","ping_status":"closed","post_password":"","post_name":"first-news","to_ping":"","pinged":"","post_modified":"2021-03-15 01:26:01","post_modified_gmt":"2021-03-14 23:26:01","post_content_filtered":"","post_parent":0,"guid":"https:\/\/sachviet.eu\/blog\/nha-phat-hanh\/first-news\/","menu_order":0,"post_type":"publisher","post_mime_type":"","comment_count":"0","filter":"raw"}},"_links":{"self":[{"href":"https:\/\/sachviet.eu\/en\/wp-json\/wp\/v2\/product\/15227","targetHints":{"allow":["GET"]}}],"collection":[{"href":"https:\/\/sachviet.eu\/en\/wp-json\/wp\/v2\/product"}],"about":[{"href":"https:\/\/sachviet.eu\/en\/wp-json\/wp\/v2\/types\/product"}],"wp:featuredmedia":[{"embeddable":true,"href":"https:\/\/sachviet.eu\/en\/wp-json\/wp\/v2\/media\/15222"}],"wp:attachment":[{"href":"https:\/\/sachviet.eu\/en\/wp-json\/wp\/v2\/media?parent=15227"}],"wp:term":[{"taxonomy":"product_brand","embeddable":true,"href":"https:\/\/sachviet.eu\/en\/wp-json\/wp\/v2\/product_brand?post=15227"},{"taxonomy":"product_cat","embeddable":true,"href":"https:\/\/sachviet.eu\/en\/wp-json\/wp\/v2\/product_cat?post=15227"},{"taxonomy":"product_tag","embeddable":true,"href":"https:\/\/sachviet.eu\/en\/wp-json\/wp\/v2\/product_tag?post=15227"}],"curies":[{"name":"wp","href":"https:\/\/api.w.org\/{rel}","templated":true}]}}