{"id":15221,"date":"2021-08-04T14:58:45","date_gmt":"2021-08-04T11:58:45","guid":{"rendered":"https:\/\/sachviet.eu\/shop\/nghe-thuat-toi-gian-co-it-di-song-nhieu-hon-tai-ban\/"},"modified":"2022-01-27T21:30:04","modified_gmt":"2022-01-27T19:30:04","slug":"nghe-thuat-toi-gian-co-it-di-song-nhieu-hon-tai-ban","status":"publish","type":"product","link":"https:\/\/sachviet.eu\/en\/shop\/nghe-thuat-toi-gian-co-it-di-song-nhieu-hon-tai-ban\/","title":{"rendered":"Ngh\u1ec7 Thu\u1eadt T\u1ed1i Gi\u1ea3n: C\u00f3 \u00cdt \u0110i, S\u1ed1ng Nhi\u1ec1u H\u01a1n (T\u00e1i b\u1ea3n)"},"content":{"rendered":"<p>Ch\u00fang ta m\u1edbi ch\u1ec9 m\u1edbi b\u1eaft \u0111\u1ea7u nh\u1eadn th\u1ee9c v\u1ec1 nguy c\u01a1 c\u1ee7a s\u1ef1 th\u1eeba th\u00e3i v\u00e0 d\u01b0 d\u1ea3 v\u1eadt ch\u1ea5t. Ng\u00e0y c\u00e0ng c\u00f3 nhi\u1ec1u ng\u01b0\u1eddi ki\u1ebfm t\u00ecm ni\u1ec1m vui v\u00e0 l\u1ee3i \u00edch c\u1ee7a c\u00e1ch s\u1ed1ng \u0111\u01a1n gi\u1ea3n h\u01a1n, g\u1ea7n g\u0169i v\u1edbi thi\u00ean nhi\u00ean h\u01a1n v\u00e0 v\u01b0\u1ee3t l\u00ean tr\u00ean s\u1ef1 c\u00e1m d\u1ed7 \u0111\u1ec3 s\u00e1ng t\u1ea1o ra nh\u1eefng phong c\u00e1ch s\u1ed1ng m\u1edbi hi\u1ec7n \u0111\u1ea1i, nhi\u1ec1u \u00fd ngh\u0129a.<\/p>\n<p>Cu\u1ed1n s\u00e1ch Ngh\u1ec7 thu\u1eadt t\u1ed1i gi\u1ea3n: C\u00f3 \u00edt \u0111i, s\u1ed1ng nhi\u1ec1u h\u01a1n n\u00e0y t\u1eadp h\u1ee3p nh\u1eefng ghi ch\u00e9p, l\u01b0u gi\u1eef v\u00e0 t\u1ed5ng h\u1ee3p nh\u1eefng \u0111i\u1ec1u b\u1ea5t ng\u1edd, nh\u1eefng tr\u1ea3i nghi\u1ec7m c\u1ee7a t\u00e1c gi\u1ea3 Dominique Loreau. Cu\u1ed1n s\u00e1ch ch\u1ee9a \u0111\u1ef1ng nh\u1eefng l\u1eddi khuy\u00ean v\u00e0 b\u00e0i t\u1eadp th\u1ef1c h\u00e0nh m\u1ed7i khi c\u1ea7n thi\u1ebft \u0111\u1ec3 th\u1ea5m nhu\u1ea7n, th\u00edch nghi v\u1edbi nh\u1eefng th\u00e1ch th\u1ee9c m\u1edbi, v\u1edbi s\u1ef1 thay \u0111\u1ed5i v\u1ec1 nhu c\u1ea7u, kh\u1ea3 n\u0103ng v\u00e0 t\u00ecnh hu\u1ed1ng, gi\u00fap ch\u00fang ta hi\u1ec3u bi\u1ebft \u0111\u00fang \u0111\u1eafn v\u1ec1 ngh\u1ec7 thu\u1eadt s\u1ed1ng t\u1ed1i gi\u1ea3n.<\/p>\n<p>D\u00e0nh cho b\u1ea5t c\u1ee9 ai \u0111ang ki\u1ebfm t\u00ecm m\u1ed9t cu\u1ed9c s\u1ed1ng \u0111\u01a1n gi\u1ea3n h\u01a1n, t\u1ed1t \u0111\u1eb9p h\u01a1n, trong t\u00e2m tr\u00ed, v\u00e0 trong c\u01a1 th\u1ec3. Cu\u1ed1n s\u00e1ch n\u00e0y l\u00e0 s\u1ef1 h\u1ed7 tr\u1ee3 \u0111\u1ec3 kh\u00e1m ph\u00e1 ti\u1ec1m n\u0103ng to l\u1edbn \u0111\u01b0\u1ee3c t\u1ef1 nhi\u00ean trao t\u1eb7ng cho t\u1ea5t c\u1ea3 ch\u00fang ta.<\/p>\n","protected":false},"excerpt":{"rendered":"<p>Ch\u00fang ta m\u1edbi ch\u1ec9 m\u1edbi b\u1eaft \u0111\u1ea7u nh\u1eadn th\u1ee9c v\u1ec1 nguy c\u01a1 c\u1ee7a s\u1ef1 th\u1eeba th\u00e3i v\u00e0 d\u01b0 d\u1ea3 v\u1eadt ch\u1ea5t. Ng\u00e0y c\u00e0ng c\u00f3 nhi\u1ec1u ng\u01b0\u1eddi ki\u1ebfm t\u00ecm ni\u1ec1m vui v\u00e0 l\u1ee3i \u00edch c\u1ee7a c\u00e1ch s\u1ed1ng \u0111\u01a1n gi\u1ea3n h\u01a1n, g\u1ea7n g\u0169i v\u1edbi thi\u00ean nhi\u00ean h\u01a1n v\u00e0 v\u01b0\u1ee3t l\u00ean tr\u00ean s\u1ef1 c\u00e1m d\u1ed7 \u0111\u1ec3 s\u00e1ng t\u1ea1o ra nh\u1eefng phong c\u00e1ch s\u1ed1ng m\u1edbi hi\u1ec7n \u0111\u1ea1i, nhi\u1ec1u \u00fd ngh\u0129a.<\/p>\n<p>Cu\u1ed1n s\u00e1ch Ngh\u1ec7 thu\u1eadt t\u1ed1i gi\u1ea3n: C\u00f3 \u00edt \u0111i, s\u1ed1ng nhi\u1ec1u h\u01a1n n\u00e0y t\u1eadp h\u1ee3p nh\u1eefng ghi ch\u00e9p, l\u01b0u gi\u1eef v\u00e0 t\u1ed5ng h\u1ee3p nh\u1eefng \u0111i\u1ec1u b\u1ea5t ng\u1edd, nh\u1eefng tr\u1ea3i nghi\u1ec7m c\u1ee7a t\u00e1c gi\u1ea3 Dominique Loreau. Cu\u1ed1n s\u00e1ch ch\u1ee9a \u0111\u1ef1ng nh\u1eefng l\u1eddi khuy\u00ean v\u00e0 b\u00e0i t\u1eadp th\u1ef1c h\u00e0nh m\u1ed7i khi c\u1ea7n thi\u1ebft \u0111\u1ec3 th\u1ea5m nhu\u1ea7n, th\u00edch nghi v\u1edbi nh\u1eefng th\u00e1ch th\u1ee9c m\u1edbi, v\u1edbi s\u1ef1 thay \u0111\u1ed5i v\u1ec1 nhu c\u1ea7u, kh\u1ea3 n\u0103ng v\u00e0 t\u00ecnh hu\u1ed1ng, gi\u00fap ch\u00fang ta hi\u1ec3u bi\u1ebft \u0111\u00fang \u0111\u1eafn v\u1ec1 ngh\u1ec7 thu\u1eadt s\u1ed1ng t\u1ed1i gi\u1ea3n.<\/p>\n<p>D\u00e0nh cho b\u1ea5t c\u1ee9 ai \u0111ang ki\u1ebfm t\u00ecm m\u1ed9t cu\u1ed9c s\u1ed1ng \u0111\u01a1n gi\u1ea3n h\u01a1n, t\u1ed1t \u0111\u1eb9p h\u01a1n, trong t\u00e2m tr\u00ed, v\u00e0 trong c\u01a1 th\u1ec3. Cu\u1ed1n s\u00e1ch n\u00e0y l\u00e0 s\u1ef1 h\u1ed7 tr\u1ee3 \u0111\u1ec3 kh\u00e1m ph\u00e1 ti\u1ec1m n\u0103ng to l\u1edbn \u0111\u01b0\u1ee3c t\u1ef1 nhi\u00ean trao t\u1eb7ng cho t\u1ea5t c\u1ea3 ch\u00fang ta.<\/p>\n","protected":false},"featured_media":15218,"template":"","meta":{"_acf_changed":false},"product_brand":[],"product_cat":[15,46],"product_tag":[],"class_list":{"0":"post-15221","1":"product","2":"type-product","3":"status-publish","4":"has-post-thumbnail","6":"product_cat-sach-danh-cho-nguoi-lon","7":"product_cat-ky-nang-song","9":"first","10":"outofstock","11":"taxable","12":"shipping-taxable","13":"purchasable","14":"product-type-simple"},"supplier_id":null,"supplier_sku":"","barcode":null,"atum_controlled":true,"out_stock_date":"2022-01-27 19:30:04","out_stock_threshold":null,"inheritable":false,"inbound_stock":0,"stock_on_hold":0,"sold_today":0,"sales_last_days":0,"reserved_stock":0,"customer_returns":0,"warehouse_damage":0,"lost_in_post":0,"other_logs":0,"out_stock_days":1462,"lost_sales":0,"has_location":false,"update_date":"2026-01-28T23:10:56","atum_locations":[],"atum_stock_status":"outofstock","restock_status":false,"low_stock_amount":"","sales_update_date":"2026-01-28T23:10:56","calc_backorders":null,"acf":{"publisher":{"ID":9871,"post_author":"1","post_date":"2021-06-02 17:52:59","post_date_gmt":"2021-06-02 14:52:59","post_content":"","post_title":"Saigon Books","post_excerpt":"","post_status":"publish","comment_status":"closed","ping_status":"closed","post_password":"","post_name":"saigon-books","to_ping":"","pinged":"","post_modified":"2021-06-02 17:52:59","post_modified_gmt":"2021-06-02 14:52:59","post_content_filtered":"","post_parent":0,"guid":"https:\/\/sachviet.eu\/nha-phat-hanh\/saigon-books\/","menu_order":0,"post_type":"publisher","post_mime_type":"","comment_count":"0","filter":"raw"}},"_links":{"self":[{"href":"https:\/\/sachviet.eu\/en\/wp-json\/wp\/v2\/product\/15221","targetHints":{"allow":["GET"]}}],"collection":[{"href":"https:\/\/sachviet.eu\/en\/wp-json\/wp\/v2\/product"}],"about":[{"href":"https:\/\/sachviet.eu\/en\/wp-json\/wp\/v2\/types\/product"}],"wp:featuredmedia":[{"embeddable":true,"href":"https:\/\/sachviet.eu\/en\/wp-json\/wp\/v2\/media\/15218"}],"wp:attachment":[{"href":"https:\/\/sachviet.eu\/en\/wp-json\/wp\/v2\/media?parent=15221"}],"wp:term":[{"taxonomy":"product_brand","embeddable":true,"href":"https:\/\/sachviet.eu\/en\/wp-json\/wp\/v2\/product_brand?post=15221"},{"taxonomy":"product_cat","embeddable":true,"href":"https:\/\/sachviet.eu\/en\/wp-json\/wp\/v2\/product_cat?post=15221"},{"taxonomy":"product_tag","embeddable":true,"href":"https:\/\/sachviet.eu\/en\/wp-json\/wp\/v2\/product_tag?post=15221"}],"curies":[{"name":"wp","href":"https:\/\/api.w.org\/{rel}","templated":true}]}}